{"id":13825,"date":"2021-01-22T09:43:37","date_gmt":"2021-01-22T09:43:37","guid":{"rendered":"http:\/\/www.icip.cat\/?page_id=13825"},"modified":"2024-03-19T11:17:38","modified_gmt":"2024-03-19T11:17:38","slug":"mapa-web","status":"publish","type":"page","link":"https:\/\/www.icip.cat\/ca\/mapa-web\/","title":{"rendered":"Mapa web"},"content":{"rendered":"\t\t<div data-elementor-type=\"wp-page\" data-elementor-id=\"13825\" class=\"elementor elementor-13825\" data-elementor-post-type=\"page\">\n\t\t\t\t\t\t<section class=\"elementor-section elementor-top-section elementor-element elementor-element-862ecf1 elementor-section-boxed elementor-section-height-default elementor-section-height-default\" data-id=\"862ecf1\" data-element_type=\"section\">\n\t\t\t\t\t\t<div class=\"elementor-container elementor-column-gap-default\">\n\t\t\t\t\t<div class=\"elementor-column elementor-col-100 elementor-top-column elementor-element elementor-element-6a69371\" data-id=\"6a69371\" data-element_type=\"column\">\n\t\t\t<div class=\"elementor-widget-wrap elementor-element-populated\">\n\t\t\t\t\t\t<div class=\"elementor-element elementor-element-dd2933a elementor-widget elementor-widget-spacer\" data-id=\"dd2933a\" data-element_type=\"widget\" data-widget_type=\"spacer.default\">\n\t\t\t\t<div class=\"elementor-widget-container\">\n\t\t\t\t\t\t\t<div class=\"elementor-spacer\">\n\t\t\t<div class=\"elementor-spacer-inner\"><\/div>\n\t\t<\/div>\n\t\t\t\t\t\t<\/div>\n\t\t\t\t<\/div>\n\t\t\t\t<div class=\"elementor-element elementor-element-6799971 elementor-widget elementor-widget-heading\" data-id=\"6799971\" data-element_type=\"widget\" data-widget_type=\"heading.default\">\n\t\t\t\t<div class=\"elementor-widget-container\">\n\t\t\t\t\t<h1 class=\"elementor-heading-title elementor-size-default\">Mapa web<\/h1>\t\t\t\t<\/div>\n\t\t\t\t<\/div>\n\t\t\t\t\t<\/div>\n\t\t<\/div>\n\t\t\t\t\t<\/div>\n\t\t<\/section>\n\t\t\t\t<section class=\"elementor-section elementor-top-section elementor-element elementor-element-7b5a258 elementor-section-boxed elementor-section-height-default elementor-section-height-default\" data-id=\"7b5a258\" data-element_type=\"section\">\n\t\t\t\t\t\t<div class=\"elementor-container elementor-column-gap-default\">\n\t\t\t\t\t<div class=\"elementor-column elementor-col-100 elementor-top-column elementor-element elementor-element-54ec49e\" data-id=\"54ec49e\" data-element_type=\"column\">\n\t\t\t<div class=\"elementor-widget-wrap\">\n\t\t\t\t\t\t\t<\/div>\n\t\t<\/div>\n\t\t\t\t\t<\/div>\n\t\t<\/section>\n\t\t\t\t<section class=\"elementor-section elementor-top-section elementor-element elementor-element-6d1d073 elementor-section-boxed elementor-section-height-default elementor-section-height-default\" data-id=\"6d1d073\" data-element_type=\"section\">\n\t\t\t\t\t\t<div class=\"elementor-container elementor-column-gap-default\">\n\t\t\t\t\t<div class=\"elementor-column elementor-col-100 elementor-top-column elementor-element elementor-element-114b18f\" data-id=\"114b18f\" data-element_type=\"column\">\n\t\t\t<div class=\"elementor-widget-wrap elementor-element-populated\">\n\t\t\t\t\t\t<div class=\"elementor-element elementor-element-8b3b33e elementor-widget elementor-widget-text-editor\" data-id=\"8b3b33e\" data-element_type=\"widget\" data-widget_type=\"text-editor.default\">\n\t\t\t\t<div class=\"elementor-widget-container\">\n\t\t\t\t\t\t\t\t\t<p><a href=\"http:\/\/www.icip.cat\/ca\/\">ICIP<\/a><\/p><p><a href=\"http:\/\/www.icip.cat\/ca\/qui-som\/\">Qui som<\/a><\/p><ul><li><a href=\"http:\/\/www.icip.cat\/ca\/equip\">L&#8217;equip<\/a><\/li><li><a href=\"http:\/\/www.icip.cat\/ca\/la-junta-de-govern\/\">Junta de Govern<\/a><\/li><li><a href=\"http:\/\/www.icip.cat\/ca\/organigrama\/\">Organigrama<\/a><\/li><li><a href=\"http:\/\/www.icip.cat\/ca\/perfil-del-contractant\/\">Perfil del contractant<\/a><\/li><li><a href=\"http:\/\/www.icip.cat\/ca\/treballa-amb-nosaltres\/\">Treballa amb nosaltres<\/a><\/li><li><a href=\"http:\/\/www.icip.cat\/ca\/transparencia\">Transpar\u00e8ncia<\/a><ul><li>Organitzaci\u00f3 institucional i administrativa<ul><li><a href=\"http:\/\/www.icip.cat\/ca\/estructura-organitzativa-i-de-funcionament\/\">Estructura organitzativa i de funcionament<\/a><\/li><li><a href=\"http:\/\/www.icip.cat\/ca\/alts-carrecs-i-directius\/\">Alts c\u00e0rrecs i directius<\/a><\/li><li><a href=\"http:\/\/www.icip.cat\/ca\/empleats-publics\/\">Empleats p\u00fablics<\/a><\/li><li><a href=\"http:\/\/www.icip.cat\/ca\/convocatories-acces-i-resolucio\/\">Convocat\u00f2ries: acc\u00e9s i resoluci\u00f3<\/a><\/li><li><a href=\"http:\/\/www.icip.cat\/ca\/representacio-sindical\/\">Representaci\u00f3 sindical<\/a><\/li><\/ul><\/li><li>Economia i finances<ul><li><a href=\"http:\/\/www.icip.cat\/ca\/pressupostos-aprovats-executats-i-liquidats-de-licip\/\">Pressupostos aprovats, liquidats i executats<\/a><\/li><li><a href=\"http:\/\/www.icip.cat\/ca\/informes-dauditoria-de-comptes-i-fiscalitzacio\/\">Informes d&#8217;auditoria de comptes i fiscalitzaci\u00f3<\/a><\/li><li><a href=\"http:\/\/www.icip.cat\/ca\/patrimoni-de-la-generalitat-de-catalunya\/\">Patrimoni de la Generalitat de Catalunya<\/a><\/li><li><a href=\"http:\/\/www.icip.cat\/ca\/subvencions-i-ajuts-publics\/\">Subvencions i ajuts p\u00fablics<\/a><\/li><\/ul><\/li><li><a href=\"http:\/\/www.icip.cat\/ca\/contractacio\/\">Contractaci\u00f3<\/a><\/li><li><a href=\"http:\/\/www.icip.cat\/ca\/territori\/\">Territori<\/a><\/li><li><a href=\"http:\/\/www.icip.cat\/ca\/linies-dactuacio\/\">L\u00ednies d&#8217;actuaci\u00f3<\/a><\/li><li><a href=\"http:\/\/www.icip.cat\/ca\/procediments-juridics\/\">Procediments jur\u00eddics<\/a><\/li><\/ul><\/li><\/ul><p><a href=\"http:\/\/www.icip.cat\/ca\/arees-de-treball\/\">\u00c0rees de treball<\/a><\/p><ul><li><a href=\"http:\/\/www.icip.cat\/ca\/memoria-convivencia-i-reconciliacio\/\">Mem\u00f2ria, conviv\u00e8ncia i reconciliaci\u00f3<\/a><\/li><li><a href=\"http:\/\/www.icip.cat\/ca\/violencia-fora-dels-contextos-bel%c2%b7lics\/\">Viol\u00e8ncia fora dels contextos b\u00e8l\u00b7lics<\/a><\/li><li><a href=\"http:\/\/www.icip.cat\/ca\/dialeg-social-i-politic\/\">Di\u00e0leg social i pol\u00edtic<\/a><\/li><li><a href=\"http:\/\/www.icip.cat\/ca\/alternatives-de-seguretat\/\">Alternatives de seguretat<\/a><\/li><\/ul><p><a href=\"http:\/\/www.icip.cat\/ca\/que-fem\/\">Qu\u00e8 fem<\/a><\/p><ul><li><a href=\"http:\/\/www.icip.cat\/ca\/que-fem\/seminaris-i-jornades\/\">Seminaris i jornades<\/a><\/li><li><a href=\"http:\/\/www.icip.cat\/ca\/que-fem\/#subvencions\">Subvencions<\/a><ul><li><a href=\"http:\/\/www.icip.cat\/ca\/subvencions-per-a-projectes-dentitats-sense-afany-de-lucre-destinats-al-foment-de-la-pau\">Subvencions per a projectes d\u2019entitats sense afany de lucre destinats al foment de la pau<\/a><\/li><li><a href=\"http:\/\/www.icip.cat\/ca\/subvencions-a-treballs-de-recerca-en-lambit-de-la-pau\/\">Subvencions per a treballs de recerca en l\u2019\u00e0mbit de la pau (R-ICIP)<\/a><\/li><\/ul><\/li><li><a href=\"http:\/\/www.icip.cat\/ca\/que-fem\/#premis\">Premis<\/a><ul><li><a href=\"https:\/\/www.icip.cat\/ca\/premi-icip-construccio-de-pau\/\">Premi ICIP Construcci\u00f3 de la Pau<\/a><\/li><li><a href=\"http:\/\/www.icip.cat\/ca\/premi-icip-alfons-banda\">Premi ICIP Alfons Banda<\/a><\/li><li><a href=\"http:\/\/www.icip.cat\/ca\/premi-icip-hip-hop-per-la-pau\/\">Concurs de Hip-hop per la Pau<\/a><\/li><\/ul><\/li><li><a href=\"http:\/\/www.icip.cat\/ca\/que-fem\/#sensibilitzacio\">Divulgaci\u00f3<\/a><ul><li><a href=\"http:\/\/www.icip.cat\/ca\/que-fem\/#sensibilitzacio\">Exposicions<\/a><\/li><li><a href=\"https:\/\/www.icip.cat\/ca\/capsules-de-pau\/\">C\u00e0psules per la Pau<\/a><\/li><\/ul><\/li><\/ul><p><a href=\"http:\/\/www.icip.cat\/ca\/publicacions\/\">Publicacions<\/a><\/p><ul><li><a href=\"https:\/\/www.icip.cat\/perlapau\/\">Revista per la Pau<\/a><\/li><li><a href=\"http:\/\/www.icip.cat\/ca\/publicacions\/#llibres\">Col\u00b7leccions de llibres<\/a><\/li><li><a href=\"http:\/\/www.icip.cat\/ca\/publicacions\/#recerca\">Publicacions de recerca<\/a><ul><li><a href=\"http:\/\/www.icip.cat\/ca\/policy-papers\">ICIP Policy Papers<\/a><\/li><li><a href=\"http:\/\/www.icip.cat\/ca\/informes-icip\/\">Informes ICIP<\/a><\/li><li><a href=\"http:\/\/www.icip.cat\/ca\/documents-icip\">Documents ICIP<\/a><\/li><li><a href=\"http:\/\/www.icip.cat\/ca\/working-papers\">Working Papers<\/a><\/li><li><a href=\"http:\/\/www.icip.cat\/ca\/altres-documents-icip\/\">Resultats de recerca i altres publicacions<\/a><\/li><\/ul><\/li><\/ul><p>Actualitat<\/p><ul><li><a href=\"http:\/\/www.icip.cat\/ca\/actualitat\/agenda\/\">Agenda d&#8217;activitats<\/a><\/li><li><a href=\"http:\/\/www.icip.cat\/ca\/actualitat\/noticies\/\">Not\u00edcies<\/a><\/li><li><a href=\"https:\/\/butlletins.gencat.cat\/pres_push\/AppJava\/inici.do?nextActiontodo=loginAlta&amp;butlleti=4350891\">Butlletins<\/a><\/li><\/ul><p><a href=\"http:\/\/www.icip.cat\/ca\/biblioteca\/\">Biblioteca<\/a><\/p><ul><li><a href=\"http:\/\/www.icip.cat\/ca\/serveis-de-biblioteca\/\">Serveis<\/a><\/li><li><a href=\"http:\/\/www.icip.cat\/ca\/novetats-mensuals\/\">Novetats mensuals<\/a><\/li><li><a href=\"http:\/\/www.icip.cat\/ca\/revistes-del-moviment-per-la-pau\/\">Revistes del moviment per la Pau<\/a><\/li><\/ul><p><a href=\"http:\/\/www.icip.cat\/ca\/contacte\/\">Contacte<\/a><\/p>\t\t\t\t\t\t\t\t<\/div>\n\t\t\t\t<\/div>\n\t\t\t\t<div class=\"elementor-element elementor-element-8a6b773 elementor-widget elementor-widget-spacer\" data-id=\"8a6b773\" data-element_type=\"widget\" data-widget_type=\"spacer.default\">\n\t\t\t\t<div class=\"elementor-widget-container\">\n\t\t\t\t\t\t\t<div class=\"elementor-spacer\">\n\t\t\t<div class=\"elementor-spacer-inner\"><\/div>\n\t\t<\/div>\n\t\t\t\t\t\t<\/div>\n\t\t\t\t<\/div>\n\t\t\t\t\t<\/div>\n\t\t<\/div>\n\t\t\t\t\t<\/div>\n\t\t<\/section>\n\t\t\t\t<\/div>\n\t\t","protected":false},"excerpt":{"rendered":"<p>Mapa web ICIP Qui som L&#8217;equip Junta de Govern Organigrama Perfil del contractant Treballa amb nosaltres Transpar\u00e8ncia Organitzaci\u00f3 institucional i administrativa Estructura organitzativa i de funcionament Alts c\u00e0rrecs i directius Empleats p\u00fablics Convocat\u00f2ries: acc\u00e9s i resoluci\u00f3 Representaci\u00f3 sindical Economia i finances Pressupostos aprovats, liquidats i executats Informes d&#8217;auditoria de comptes i fiscalitzaci\u00f3 Patrimoni de la [&hellip;]<\/p>\n","protected":false},"author":1,"featured_media":0,"parent":0,"menu_order":0,"comment_status":"closed","ping_status":"closed","template":"","meta":{"_acf_changed":false,"footnotes":""},"class_list":["post-13825","page","type-page","status-publish","hentry"],"acf":[],"yoast_head":"<!-- This site is optimized with the Yoast SEO plugin v25.6 - https:\/\/yoast.com\/wordpress\/plugins\/seo\/ -->\n<title>Mapa web - ICIP<\/title>\n<meta name=\"robots\" content=\"index, follow, max-snippet:-1, max-image-preview:large, max-video-preview:-1\" \/>\n<link rel=\"canonical\" href=\"https:\/\/www.icip.cat\/ca\/mapa-web\/\" \/>\n<meta property=\"og:locale\" content=\"ca_ES\" \/>\n<meta property=\"og:type\" content=\"article\" \/>\n<meta property=\"og:title\" content=\"Mapa web - ICIP\" \/>\n<meta property=\"og:description\" content=\"Mapa web ICIP Qui som L&#8217;equip Junta de Govern Organigrama Perfil del contractant Treballa amb nosaltres Transpar\u00e8ncia Organitzaci\u00f3 institucional i administrativa Estructura organitzativa i de funcionament Alts c\u00e0rrecs i directius Empleats p\u00fablics Convocat\u00f2ries: acc\u00e9s i resoluci\u00f3 Representaci\u00f3 sindical Economia i finances Pressupostos aprovats, liquidats i executats Informes d&#8217;auditoria de comptes i fiscalitzaci\u00f3 Patrimoni de la [&hellip;]\" \/>\n<meta property=\"og:url\" content=\"https:\/\/www.icip.cat\/ca\/mapa-web\/\" \/>\n<meta property=\"og:site_name\" content=\"ICIP\" \/>\n<meta property=\"article:modified_time\" content=\"2024-03-19T11:17:38+00:00\" \/>\n<meta name=\"twitter:card\" content=\"summary_large_image\" \/>\n<meta name=\"twitter:label1\" content=\"Temps estimat de lectura\" \/>\n\t<meta name=\"twitter:data1\" content=\"2 minuts\" \/>\n<script type=\"application\/ld+json\" class=\"yoast-schema-graph\">{\"@context\":\"https:\/\/schema.org\",\"@graph\":[{\"@type\":\"WebPage\",\"@id\":\"https:\/\/www.icip.cat\/ca\/mapa-web\/\",\"url\":\"https:\/\/www.icip.cat\/ca\/mapa-web\/\",\"name\":\"Mapa web - ICIP\",\"isPartOf\":{\"@id\":\"https:\/\/www.icip.cat\/ca\/#website\"},\"datePublished\":\"2021-01-22T09:43:37+00:00\",\"dateModified\":\"2024-03-19T11:17:38+00:00\",\"inLanguage\":\"ca\",\"potentialAction\":[{\"@type\":\"ReadAction\",\"target\":[\"https:\/\/www.icip.cat\/ca\/mapa-web\/\"]}]},{\"@type\":\"WebSite\",\"@id\":\"https:\/\/www.icip.cat\/ca\/#website\",\"url\":\"https:\/\/www.icip.cat\/ca\/\",\"name\":\"ICIP\",\"description\":\"\",\"publisher\":{\"@id\":\"https:\/\/www.icip.cat\/ca\/#organization\"},\"potentialAction\":[{\"@type\":\"SearchAction\",\"target\":{\"@type\":\"EntryPoint\",\"urlTemplate\":\"https:\/\/www.icip.cat\/ca\/?s={search_term_string}\"},\"query-input\":{\"@type\":\"PropertyValueSpecification\",\"valueRequired\":true,\"valueName\":\"search_term_string\"}}],\"inLanguage\":\"ca\"},{\"@type\":\"Organization\",\"@id\":\"https:\/\/www.icip.cat\/ca\/#organization\",\"name\":\"ICIP\",\"url\":\"https:\/\/www.icip.cat\/ca\/\",\"logo\":{\"@type\":\"ImageObject\",\"inLanguage\":\"ca\",\"@id\":\"https:\/\/www.icip.cat\/ca\/#\/schema\/logo\/image\/\",\"url\":\"https:\/\/www.icip.cat\/wp-content\/uploads\/2021\/02\/logo-2.png\",\"contentUrl\":\"https:\/\/www.icip.cat\/wp-content\/uploads\/2021\/02\/logo-2.png\",\"width\":562,\"height\":391,\"caption\":\"ICIP\"},\"image\":{\"@id\":\"https:\/\/www.icip.cat\/ca\/#\/schema\/logo\/image\/\"}}]}<\/script>\n<!-- \/ Yoast SEO plugin. -->","yoast_head_json":{"title":"Mapa web - ICIP","robots":{"index":"index","follow":"follow","max-snippet":"max-snippet:-1","max-image-preview":"max-image-preview:large","max-video-preview":"max-video-preview:-1"},"canonical":"https:\/\/www.icip.cat\/ca\/mapa-web\/","og_locale":"ca_ES","og_type":"article","og_title":"Mapa web - ICIP","og_description":"Mapa web ICIP Qui som L&#8217;equip Junta de Govern Organigrama Perfil del contractant Treballa amb nosaltres Transpar\u00e8ncia Organitzaci\u00f3 institucional i administrativa Estructura organitzativa i de funcionament Alts c\u00e0rrecs i directius Empleats p\u00fablics Convocat\u00f2ries: acc\u00e9s i resoluci\u00f3 Representaci\u00f3 sindical Economia i finances Pressupostos aprovats, liquidats i executats Informes d&#8217;auditoria de comptes i fiscalitzaci\u00f3 Patrimoni de la [&hellip;]","og_url":"https:\/\/www.icip.cat\/ca\/mapa-web\/","og_site_name":"ICIP","article_modified_time":"2024-03-19T11:17:38+00:00","twitter_card":"summary_large_image","twitter_misc":{"Temps estimat de lectura":"2 minuts"},"schema":{"@context":"https:\/\/schema.org","@graph":[{"@type":"WebPage","@id":"https:\/\/www.icip.cat\/ca\/mapa-web\/","url":"https:\/\/www.icip.cat\/ca\/mapa-web\/","name":"Mapa web - ICIP","isPartOf":{"@id":"https:\/\/www.icip.cat\/ca\/#website"},"datePublished":"2021-01-22T09:43:37+00:00","dateModified":"2024-03-19T11:17:38+00:00","inLanguage":"ca","potentialAction":[{"@type":"ReadAction","target":["https:\/\/www.icip.cat\/ca\/mapa-web\/"]}]},{"@type":"WebSite","@id":"https:\/\/www.icip.cat\/ca\/#website","url":"https:\/\/www.icip.cat\/ca\/","name":"ICIP","description":"","publisher":{"@id":"https:\/\/www.icip.cat\/ca\/#organization"},"potentialAction":[{"@type":"SearchAction","target":{"@type":"EntryPoint","urlTemplate":"https:\/\/www.icip.cat\/ca\/?s={search_term_string}"},"query-input":{"@type":"PropertyValueSpecification","valueRequired":true,"valueName":"search_term_string"}}],"inLanguage":"ca"},{"@type":"Organization","@id":"https:\/\/www.icip.cat\/ca\/#organization","name":"ICIP","url":"https:\/\/www.icip.cat\/ca\/","logo":{"@type":"ImageObject","inLanguage":"ca","@id":"https:\/\/www.icip.cat\/ca\/#\/schema\/logo\/image\/","url":"https:\/\/www.icip.cat\/wp-content\/uploads\/2021\/02\/logo-2.png","contentUrl":"https:\/\/www.icip.cat\/wp-content\/uploads\/2021\/02\/logo-2.png","width":562,"height":391,"caption":"ICIP"},"image":{"@id":"https:\/\/www.icip.cat\/ca\/#\/schema\/logo\/image\/"}}]}},"_links":{"self":[{"href":"https:\/\/www.icip.cat\/ca\/wp-json\/wp\/v2\/pages\/13825","targetHints":{"allow":["GET"]}}],"collection":[{"href":"https:\/\/www.icip.cat\/ca\/wp-json\/wp\/v2\/pages"}],"about":[{"href":"https:\/\/www.icip.cat\/ca\/wp-json\/wp\/v2\/types\/page"}],"author":[{"embeddable":true,"href":"https:\/\/www.icip.cat\/ca\/wp-json\/wp\/v2\/users\/1"}],"replies":[{"embeddable":true,"href":"https:\/\/www.icip.cat\/ca\/wp-json\/wp\/v2\/comments?post=13825"}],"version-history":[{"count":16,"href":"https:\/\/www.icip.cat\/ca\/wp-json\/wp\/v2\/pages\/13825\/revisions"}],"predecessor-version":[{"id":44522,"href":"https:\/\/www.icip.cat\/ca\/wp-json\/wp\/v2\/pages\/13825\/revisions\/44522"}],"wp:attachment":[{"href":"https:\/\/www.icip.cat\/ca\/wp-json\/wp\/v2\/media?parent=13825"}],"curies":[{"name":"wp","href":"https:\/\/api.w.org\/{rel}","templated":true}]}}