{"id":19781,"date":"2021-06-22T08:04:07","date_gmt":"2021-06-22T08:04:07","guid":{"rendered":"http:\/\/www.icip.cat\/?page_id=19781"},"modified":"2021-07-23T08:24:55","modified_gmt":"2021-07-23T08:24:55","slug":"autoritat-catalana-de-proteccio-de-dades","status":"publish","type":"page","link":"https:\/\/www.icip.cat\/ca\/autoritat-catalana-de-proteccio-de-dades\/","title":{"rendered":"Autoritat Catalana de Protecci\u00f3 de Dades"},"content":{"rendered":"\t\t<div data-elementor-type=\"wp-page\" data-elementor-id=\"19781\" class=\"elementor elementor-19781\" data-elementor-post-type=\"page\">\n\t\t\t\t\t\t<section class=\"elementor-section elementor-top-section elementor-element elementor-element-45f9845 elementor-section-boxed elementor-section-height-default elementor-section-height-default\" data-id=\"45f9845\" data-element_type=\"section\">\n\t\t\t\t\t\t<div class=\"elementor-container elementor-column-gap-default\">\n\t\t\t\t\t<div class=\"elementor-column elementor-col-100 elementor-top-column elementor-element elementor-element-5b78413\" data-id=\"5b78413\" data-element_type=\"column\">\n\t\t\t<div class=\"elementor-widget-wrap elementor-element-populated\">\n\t\t\t\t\t\t<div class=\"elementor-element elementor-element-ef5bc7e elementor-widget elementor-widget-heading\" data-id=\"ef5bc7e\" data-element_type=\"widget\" data-widget_type=\"heading.default\">\n\t\t\t\t<div class=\"elementor-widget-container\">\n\t\t\t\t\t<h1 class=\"elementor-heading-title elementor-size-default\">Autoritat Catalana de Protecci\u00f3 de Dades<\/h1>\t\t\t\t<\/div>\n\t\t\t\t<\/div>\n\t\t\t\t\t<\/div>\n\t\t<\/div>\n\t\t\t\t\t<\/div>\n\t\t<\/section>\n\t\t\t\t<section class=\"elementor-section elementor-top-section elementor-element elementor-element-17a730a elementor-section-boxed elementor-section-height-default elementor-section-height-default\" data-id=\"17a730a\" data-element_type=\"section\">\n\t\t\t\t\t\t<div class=\"elementor-container elementor-column-gap-default\">\n\t\t\t\t\t<div class=\"elementor-column elementor-col-100 elementor-top-column elementor-element elementor-element-c99d6ce\" data-id=\"c99d6ce\" data-element_type=\"column\">\n\t\t\t<div class=\"elementor-widget-wrap elementor-element-populated\">\n\t\t\t\t\t\t<div class=\"elementor-element elementor-element-5599911 elementor-widget elementor-widget-text-editor\" data-id=\"5599911\" data-element_type=\"widget\" data-widget_type=\"text-editor.default\">\n\t\t\t\t<div class=\"elementor-widget-container\">\n\t\t\t\t\t\t\t\t\t<p data-pm-slice=\"1 1 []\">L&#8217;Autoritat Catalana de Protecci\u00f3 de Dades (APDCAT) \u00e9s un organisme independent que vetlla per garantir, en l&#8217;\u00e0mbit de les compet\u00e8ncies de la Generalitat, els drets a la protecci\u00f3 de dades personals i d&#8217;acc\u00e9s a la informaci\u00f3 que hi est\u00e0 vinculada. Des d&#8217;aquest organisme, s&#8217;informa sobre quins s\u00f3n els drets en aquesta mat\u00e8ria, com s&#8217;exerceixen i qu\u00e8 s&#8217;ha de fer si no es respecten. L\u2019APDCAT tamb\u00e9 informa i assessora sobre les obligacions que preveu la legislaci\u00f3 i controla que les entitats les compleixin.<\/p>\t\t\t\t\t\t\t\t<\/div>\n\t\t\t\t<\/div>\n\t\t\t\t\t<\/div>\n\t\t<\/div>\n\t\t\t\t\t<\/div>\n\t\t<\/section>\n\t\t\t\t<section class=\"elementor-section elementor-top-section elementor-element elementor-element-11fc0d1 elementor-section-boxed elementor-section-height-default elementor-section-height-default\" data-id=\"11fc0d1\" data-element_type=\"section\">\n\t\t\t\t\t\t<div class=\"elementor-container elementor-column-gap-default\">\n\t\t\t\t\t<div class=\"elementor-column elementor-col-100 elementor-top-column elementor-element elementor-element-8e726d9\" data-id=\"8e726d9\" data-element_type=\"column\">\n\t\t\t<div class=\"elementor-widget-wrap elementor-element-populated\">\n\t\t\t\t\t\t<div class=\"elementor-element elementor-element-3079555 elementor-widget elementor-widget-spacer\" data-id=\"3079555\" data-element_type=\"widget\" data-widget_type=\"spacer.default\">\n\t\t\t\t<div class=\"elementor-widget-container\">\n\t\t\t\t\t\t\t<div class=\"elementor-spacer\">\n\t\t\t<div class=\"elementor-spacer-inner\"><\/div>\n\t\t<\/div>\n\t\t\t\t\t\t<\/div>\n\t\t\t\t<\/div>\n\t\t\t\t\t<\/div>\n\t\t<\/div>\n\t\t\t\t\t<\/div>\n\t\t<\/section>\n\t\t\t\t<\/div>\n\t\t","protected":false},"excerpt":{"rendered":"<p>Autoritat Catalana de Protecci\u00f3 de Dades L&#8217;Autoritat Catalana de Protecci\u00f3 de Dades (APDCAT) \u00e9s un organisme independent que vetlla per garantir, en l&#8217;\u00e0mbit de les compet\u00e8ncies de la Generalitat, els drets a la protecci\u00f3 de dades personals i d&#8217;acc\u00e9s a la informaci\u00f3 que hi est\u00e0 vinculada. Des d&#8217;aquest organisme, s&#8217;informa sobre quins s\u00f3n els drets [&hellip;]<\/p>\n","protected":false},"author":1,"featured_media":0,"parent":0,"menu_order":0,"comment_status":"closed","ping_status":"closed","template":"","meta":{"_acf_changed":false,"footnotes":""},"class_list":["post-19781","page","type-page","status-publish","hentry"],"acf":[],"yoast_head":"<!-- This site is optimized with the Yoast SEO plugin v25.6 - https:\/\/yoast.com\/wordpress\/plugins\/seo\/ -->\n<title>Autoritat Catalana de Protecci\u00f3 de Dades - ICIP<\/title>\n<meta name=\"robots\" content=\"index, follow, max-snippet:-1, max-image-preview:large, max-video-preview:-1\" \/>\n<link rel=\"canonical\" href=\"https:\/\/www.icip.cat\/ca\/autoritat-catalana-de-proteccio-de-dades\/\" \/>\n<meta property=\"og:locale\" content=\"ca_ES\" \/>\n<meta property=\"og:type\" content=\"article\" \/>\n<meta property=\"og:title\" content=\"Autoritat Catalana de Protecci\u00f3 de Dades - ICIP\" \/>\n<meta property=\"og:description\" content=\"Autoritat Catalana de Protecci\u00f3 de Dades L&#8217;Autoritat Catalana de Protecci\u00f3 de Dades (APDCAT) \u00e9s un organisme independent que vetlla per garantir, en l&#8217;\u00e0mbit de les compet\u00e8ncies de la Generalitat, els drets a la protecci\u00f3 de dades personals i d&#8217;acc\u00e9s a la informaci\u00f3 que hi est\u00e0 vinculada. Des d&#8217;aquest organisme, s&#8217;informa sobre quins s\u00f3n els drets [&hellip;]\" \/>\n<meta property=\"og:url\" content=\"https:\/\/www.icip.cat\/ca\/autoritat-catalana-de-proteccio-de-dades\/\" \/>\n<meta property=\"og:site_name\" content=\"ICIP\" \/>\n<meta property=\"article:modified_time\" content=\"2021-07-23T08:24:55+00:00\" \/>\n<meta name=\"twitter:card\" content=\"summary_large_image\" \/>\n<meta name=\"twitter:label1\" content=\"Temps estimat de lectura\" \/>\n\t<meta name=\"twitter:data1\" content=\"1 minut\" \/>\n<script type=\"application\/ld+json\" class=\"yoast-schema-graph\">{\"@context\":\"https:\/\/schema.org\",\"@graph\":[{\"@type\":\"WebPage\",\"@id\":\"https:\/\/www.icip.cat\/ca\/autoritat-catalana-de-proteccio-de-dades\/\",\"url\":\"https:\/\/www.icip.cat\/ca\/autoritat-catalana-de-proteccio-de-dades\/\",\"name\":\"Autoritat Catalana de Protecci\u00f3 de Dades - ICIP\",\"isPartOf\":{\"@id\":\"https:\/\/www.icip.cat\/ca\/#website\"},\"datePublished\":\"2021-06-22T08:04:07+00:00\",\"dateModified\":\"2021-07-23T08:24:55+00:00\",\"inLanguage\":\"ca\",\"potentialAction\":[{\"@type\":\"ReadAction\",\"target\":[\"https:\/\/www.icip.cat\/ca\/autoritat-catalana-de-proteccio-de-dades\/\"]}]},{\"@type\":\"WebSite\",\"@id\":\"https:\/\/www.icip.cat\/ca\/#website\",\"url\":\"https:\/\/www.icip.cat\/ca\/\",\"name\":\"ICIP\",\"description\":\"\",\"publisher\":{\"@id\":\"https:\/\/www.icip.cat\/ca\/#organization\"},\"potentialAction\":[{\"@type\":\"SearchAction\",\"target\":{\"@type\":\"EntryPoint\",\"urlTemplate\":\"https:\/\/www.icip.cat\/ca\/?s={search_term_string}\"},\"query-input\":{\"@type\":\"PropertyValueSpecification\",\"valueRequired\":true,\"valueName\":\"search_term_string\"}}],\"inLanguage\":\"ca\"},{\"@type\":\"Organization\",\"@id\":\"https:\/\/www.icip.cat\/ca\/#organization\",\"name\":\"ICIP\",\"url\":\"https:\/\/www.icip.cat\/ca\/\",\"logo\":{\"@type\":\"ImageObject\",\"inLanguage\":\"ca\",\"@id\":\"https:\/\/www.icip.cat\/ca\/#\/schema\/logo\/image\/\",\"url\":\"https:\/\/www.icip.cat\/wp-content\/uploads\/2021\/02\/logo-2.png\",\"contentUrl\":\"https:\/\/www.icip.cat\/wp-content\/uploads\/2021\/02\/logo-2.png\",\"width\":562,\"height\":391,\"caption\":\"ICIP\"},\"image\":{\"@id\":\"https:\/\/www.icip.cat\/ca\/#\/schema\/logo\/image\/\"}}]}<\/script>\n<!-- \/ Yoast SEO plugin. -->","yoast_head_json":{"title":"Autoritat Catalana de Protecci\u00f3 de Dades - ICIP","robots":{"index":"index","follow":"follow","max-snippet":"max-snippet:-1","max-image-preview":"max-image-preview:large","max-video-preview":"max-video-preview:-1"},"canonical":"https:\/\/www.icip.cat\/ca\/autoritat-catalana-de-proteccio-de-dades\/","og_locale":"ca_ES","og_type":"article","og_title":"Autoritat Catalana de Protecci\u00f3 de Dades - ICIP","og_description":"Autoritat Catalana de Protecci\u00f3 de Dades L&#8217;Autoritat Catalana de Protecci\u00f3 de Dades (APDCAT) \u00e9s un organisme independent que vetlla per garantir, en l&#8217;\u00e0mbit de les compet\u00e8ncies de la Generalitat, els drets a la protecci\u00f3 de dades personals i d&#8217;acc\u00e9s a la informaci\u00f3 que hi est\u00e0 vinculada. Des d&#8217;aquest organisme, s&#8217;informa sobre quins s\u00f3n els drets [&hellip;]","og_url":"https:\/\/www.icip.cat\/ca\/autoritat-catalana-de-proteccio-de-dades\/","og_site_name":"ICIP","article_modified_time":"2021-07-23T08:24:55+00:00","twitter_card":"summary_large_image","twitter_misc":{"Temps estimat de lectura":"1 minut"},"schema":{"@context":"https:\/\/schema.org","@graph":[{"@type":"WebPage","@id":"https:\/\/www.icip.cat\/ca\/autoritat-catalana-de-proteccio-de-dades\/","url":"https:\/\/www.icip.cat\/ca\/autoritat-catalana-de-proteccio-de-dades\/","name":"Autoritat Catalana de Protecci\u00f3 de Dades - ICIP","isPartOf":{"@id":"https:\/\/www.icip.cat\/ca\/#website"},"datePublished":"2021-06-22T08:04:07+00:00","dateModified":"2021-07-23T08:24:55+00:00","inLanguage":"ca","potentialAction":[{"@type":"ReadAction","target":["https:\/\/www.icip.cat\/ca\/autoritat-catalana-de-proteccio-de-dades\/"]}]},{"@type":"WebSite","@id":"https:\/\/www.icip.cat\/ca\/#website","url":"https:\/\/www.icip.cat\/ca\/","name":"ICIP","description":"","publisher":{"@id":"https:\/\/www.icip.cat\/ca\/#organization"},"potentialAction":[{"@type":"SearchAction","target":{"@type":"EntryPoint","urlTemplate":"https:\/\/www.icip.cat\/ca\/?s={search_term_string}"},"query-input":{"@type":"PropertyValueSpecification","valueRequired":true,"valueName":"search_term_string"}}],"inLanguage":"ca"},{"@type":"Organization","@id":"https:\/\/www.icip.cat\/ca\/#organization","name":"ICIP","url":"https:\/\/www.icip.cat\/ca\/","logo":{"@type":"ImageObject","inLanguage":"ca","@id":"https:\/\/www.icip.cat\/ca\/#\/schema\/logo\/image\/","url":"https:\/\/www.icip.cat\/wp-content\/uploads\/2021\/02\/logo-2.png","contentUrl":"https:\/\/www.icip.cat\/wp-content\/uploads\/2021\/02\/logo-2.png","width":562,"height":391,"caption":"ICIP"},"image":{"@id":"https:\/\/www.icip.cat\/ca\/#\/schema\/logo\/image\/"}}]}},"_links":{"self":[{"href":"https:\/\/www.icip.cat\/ca\/wp-json\/wp\/v2\/pages\/19781","targetHints":{"allow":["GET"]}}],"collection":[{"href":"https:\/\/www.icip.cat\/ca\/wp-json\/wp\/v2\/pages"}],"about":[{"href":"https:\/\/www.icip.cat\/ca\/wp-json\/wp\/v2\/types\/page"}],"author":[{"embeddable":true,"href":"https:\/\/www.icip.cat\/ca\/wp-json\/wp\/v2\/users\/1"}],"replies":[{"embeddable":true,"href":"https:\/\/www.icip.cat\/ca\/wp-json\/wp\/v2\/comments?post=19781"}],"version-history":[{"count":22,"href":"https:\/\/www.icip.cat\/ca\/wp-json\/wp\/v2\/pages\/19781\/revisions"}],"predecessor-version":[{"id":20850,"href":"https:\/\/www.icip.cat\/ca\/wp-json\/wp\/v2\/pages\/19781\/revisions\/20850"}],"wp:attachment":[{"href":"https:\/\/www.icip.cat\/ca\/wp-json\/wp\/v2\/media?parent=19781"}],"curies":[{"name":"wp","href":"https:\/\/api.w.org\/{rel}","templated":true}]}}