{"id":20147,"date":"2021-06-28T14:34:12","date_gmt":"2021-06-28T14:34:12","guid":{"rendered":"http:\/\/www.icip.cat\/?page_id=20147"},"modified":"2025-07-17T14:19:37","modified_gmt":"2025-07-17T14:19:37","slug":"delegada-de-proteccio-de-dades","status":"publish","type":"page","link":"https:\/\/www.icip.cat\/ca\/delegada-de-proteccio-de-dades\/","title":{"rendered":"Delegat\/da de protecci\u00f3 de dades"},"content":{"rendered":"\t\t<div data-elementor-type=\"wp-page\" data-elementor-id=\"20147\" class=\"elementor elementor-20147\" data-elementor-post-type=\"page\">\n\t\t\t\t\t\t<section class=\"elementor-section elementor-top-section elementor-element elementor-element-f52bb97 elementor-section-boxed elementor-section-height-default elementor-section-height-default\" data-id=\"f52bb97\" data-element_type=\"section\">\n\t\t\t\t\t\t<div class=\"elementor-container elementor-column-gap-default\">\n\t\t\t\t\t<div class=\"elementor-column elementor-col-100 elementor-top-column elementor-element elementor-element-b4f82c3\" data-id=\"b4f82c3\" data-element_type=\"column\">\n\t\t\t<div class=\"elementor-widget-wrap elementor-element-populated\">\n\t\t\t\t\t\t<div class=\"elementor-element elementor-element-e7bfc54 elementor-widget elementor-widget-heading\" data-id=\"e7bfc54\" data-element_type=\"widget\" data-widget_type=\"heading.default\">\n\t\t\t\t<div class=\"elementor-widget-container\">\n\t\t\t\t\t<h1 class=\"elementor-heading-title elementor-size-default\">Delegat\/da de Protecci\u00f3 de Dades<\/h1>\t\t\t\t<\/div>\n\t\t\t\t<\/div>\n\t\t\t\t\t<\/div>\n\t\t<\/div>\n\t\t\t\t\t<\/div>\n\t\t<\/section>\n\t\t\t\t<section class=\"elementor-section elementor-top-section elementor-element elementor-element-605f705 elementor-section-boxed elementor-section-height-default elementor-section-height-default\" data-id=\"605f705\" data-element_type=\"section\">\n\t\t\t\t\t\t<div class=\"elementor-container elementor-column-gap-default\">\n\t\t\t\t\t<div class=\"elementor-column elementor-col-100 elementor-top-column elementor-element elementor-element-7e2a0b6\" data-id=\"7e2a0b6\" data-element_type=\"column\">\n\t\t\t<div class=\"elementor-widget-wrap elementor-element-populated\">\n\t\t\t\t\t\t<div class=\"elementor-element elementor-element-90517d1 elementor-widget elementor-widget-text-editor\" data-id=\"90517d1\" data-element_type=\"widget\" data-widget_type=\"text-editor.default\">\n\t\t\t\t<div class=\"elementor-widget-container\">\n\t\t\t\t\t\t\t\t\t<p style=\"font-weight: 400;\">El\/la Delegat\/da de Protecci\u00f3 de Dades \u00e9s la persona encarregada de vetllar pel dret fonamental a la protecci\u00f3 de dades personals a l\u2019ICIP i de supervisar el compliment de la normativa reguladora.<\/p><p style=\"font-weight: 400;\">La seva adre\u00e7a de contacte \u00e9s:<strong>\u00a0<a href=\"mailto:protecciodades.exteriors@gencat.cat\">protecciodades@icip.cat<\/a><\/strong><\/p>\t\t\t\t\t\t\t\t<\/div>\n\t\t\t\t<\/div>\n\t\t\t\t\t<\/div>\n\t\t<\/div>\n\t\t\t\t\t<\/div>\n\t\t<\/section>\n\t\t\t\t<section class=\"elementor-section elementor-top-section elementor-element elementor-element-51c9517 elementor-section-boxed elementor-section-height-default elementor-section-height-default\" data-id=\"51c9517\" data-element_type=\"section\">\n\t\t\t\t\t\t<div class=\"elementor-container elementor-column-gap-default\">\n\t\t\t\t\t<div class=\"elementor-column elementor-col-100 elementor-top-column elementor-element elementor-element-6b7fd15\" data-id=\"6b7fd15\" data-element_type=\"column\">\n\t\t\t<div class=\"elementor-widget-wrap elementor-element-populated\">\n\t\t\t\t\t\t<div class=\"elementor-element elementor-element-00e4b07 elementor-widget elementor-widget-spacer\" data-id=\"00e4b07\" data-element_type=\"widget\" data-widget_type=\"spacer.default\">\n\t\t\t\t<div class=\"elementor-widget-container\">\n\t\t\t\t\t\t\t<div class=\"elementor-spacer\">\n\t\t\t<div class=\"elementor-spacer-inner\"><\/div>\n\t\t<\/div>\n\t\t\t\t\t\t<\/div>\n\t\t\t\t<\/div>\n\t\t\t\t\t<\/div>\n\t\t<\/div>\n\t\t\t\t\t<\/div>\n\t\t<\/section>\n\t\t\t\t<\/div>\n\t\t","protected":false},"excerpt":{"rendered":"<p>Delegat\/da de Protecci\u00f3 de Dades El\/la Delegat\/da de Protecci\u00f3 de Dades \u00e9s la persona encarregada de vetllar pel dret fonamental a la protecci\u00f3 de dades personals a l\u2019ICIP i de supervisar el compliment de la normativa reguladora. La seva adre\u00e7a de contacte \u00e9s:\u00a0protecciodades@icip.cat<\/p>\n","protected":false},"author":1,"featured_media":0,"parent":0,"menu_order":0,"comment_status":"closed","ping_status":"closed","template":"","meta":{"_acf_changed":false,"footnotes":""},"class_list":["post-20147","page","type-page","status-publish","hentry"],"acf":[],"yoast_head":"<!-- This site is optimized with the Yoast SEO plugin v25.6 - https:\/\/yoast.com\/wordpress\/plugins\/seo\/ -->\n<title>Delegat\/da de protecci\u00f3 de dades - ICIP<\/title>\n<meta name=\"robots\" content=\"index, follow, max-snippet:-1, max-image-preview:large, max-video-preview:-1\" \/>\n<link rel=\"canonical\" href=\"https:\/\/www.icip.cat\/ca\/delegada-de-proteccio-de-dades\/\" \/>\n<meta property=\"og:locale\" content=\"ca_ES\" \/>\n<meta property=\"og:type\" content=\"article\" \/>\n<meta property=\"og:title\" content=\"Delegat\/da de protecci\u00f3 de dades - ICIP\" \/>\n<meta property=\"og:description\" content=\"Delegat\/da de Protecci\u00f3 de Dades El\/la Delegat\/da de Protecci\u00f3 de Dades \u00e9s la persona encarregada de vetllar pel dret fonamental a la protecci\u00f3 de dades personals a l\u2019ICIP i de supervisar el compliment de la normativa reguladora. La seva adre\u00e7a de contacte \u00e9s:\u00a0protecciodades@icip.cat\" \/>\n<meta property=\"og:url\" content=\"https:\/\/www.icip.cat\/ca\/delegada-de-proteccio-de-dades\/\" \/>\n<meta property=\"og:site_name\" content=\"ICIP\" \/>\n<meta property=\"article:modified_time\" content=\"2025-07-17T14:19:37+00:00\" \/>\n<meta name=\"twitter:card\" content=\"summary_large_image\" \/>\n<meta name=\"twitter:label1\" content=\"Temps estimat de lectura\" \/>\n\t<meta name=\"twitter:data1\" content=\"1 minut\" \/>\n<script type=\"application\/ld+json\" class=\"yoast-schema-graph\">{\"@context\":\"https:\/\/schema.org\",\"@graph\":[{\"@type\":\"WebPage\",\"@id\":\"https:\/\/www.icip.cat\/ca\/delegada-de-proteccio-de-dades\/\",\"url\":\"https:\/\/www.icip.cat\/ca\/delegada-de-proteccio-de-dades\/\",\"name\":\"Delegat\/da de protecci\u00f3 de dades - ICIP\",\"isPartOf\":{\"@id\":\"https:\/\/www.icip.cat\/ca\/#website\"},\"datePublished\":\"2021-06-28T14:34:12+00:00\",\"dateModified\":\"2025-07-17T14:19:37+00:00\",\"inLanguage\":\"ca\",\"potentialAction\":[{\"@type\":\"ReadAction\",\"target\":[\"https:\/\/www.icip.cat\/ca\/delegada-de-proteccio-de-dades\/\"]}]},{\"@type\":\"WebSite\",\"@id\":\"https:\/\/www.icip.cat\/ca\/#website\",\"url\":\"https:\/\/www.icip.cat\/ca\/\",\"name\":\"ICIP\",\"description\":\"\",\"publisher\":{\"@id\":\"https:\/\/www.icip.cat\/ca\/#organization\"},\"potentialAction\":[{\"@type\":\"SearchAction\",\"target\":{\"@type\":\"EntryPoint\",\"urlTemplate\":\"https:\/\/www.icip.cat\/ca\/?s={search_term_string}\"},\"query-input\":{\"@type\":\"PropertyValueSpecification\",\"valueRequired\":true,\"valueName\":\"search_term_string\"}}],\"inLanguage\":\"ca\"},{\"@type\":\"Organization\",\"@id\":\"https:\/\/www.icip.cat\/ca\/#organization\",\"name\":\"ICIP\",\"url\":\"https:\/\/www.icip.cat\/ca\/\",\"logo\":{\"@type\":\"ImageObject\",\"inLanguage\":\"ca\",\"@id\":\"https:\/\/www.icip.cat\/ca\/#\/schema\/logo\/image\/\",\"url\":\"https:\/\/www.icip.cat\/wp-content\/uploads\/2021\/02\/logo-2.png\",\"contentUrl\":\"https:\/\/www.icip.cat\/wp-content\/uploads\/2021\/02\/logo-2.png\",\"width\":562,\"height\":391,\"caption\":\"ICIP\"},\"image\":{\"@id\":\"https:\/\/www.icip.cat\/ca\/#\/schema\/logo\/image\/\"}}]}<\/script>\n<!-- \/ Yoast SEO plugin. -->","yoast_head_json":{"title":"Delegat\/da de protecci\u00f3 de dades - ICIP","robots":{"index":"index","follow":"follow","max-snippet":"max-snippet:-1","max-image-preview":"max-image-preview:large","max-video-preview":"max-video-preview:-1"},"canonical":"https:\/\/www.icip.cat\/ca\/delegada-de-proteccio-de-dades\/","og_locale":"ca_ES","og_type":"article","og_title":"Delegat\/da de protecci\u00f3 de dades - ICIP","og_description":"Delegat\/da de Protecci\u00f3 de Dades El\/la Delegat\/da de Protecci\u00f3 de Dades \u00e9s la persona encarregada de vetllar pel dret fonamental a la protecci\u00f3 de dades personals a l\u2019ICIP i de supervisar el compliment de la normativa reguladora. La seva adre\u00e7a de contacte \u00e9s:\u00a0protecciodades@icip.cat","og_url":"https:\/\/www.icip.cat\/ca\/delegada-de-proteccio-de-dades\/","og_site_name":"ICIP","article_modified_time":"2025-07-17T14:19:37+00:00","twitter_card":"summary_large_image","twitter_misc":{"Temps estimat de lectura":"1 minut"},"schema":{"@context":"https:\/\/schema.org","@graph":[{"@type":"WebPage","@id":"https:\/\/www.icip.cat\/ca\/delegada-de-proteccio-de-dades\/","url":"https:\/\/www.icip.cat\/ca\/delegada-de-proteccio-de-dades\/","name":"Delegat\/da de protecci\u00f3 de dades - ICIP","isPartOf":{"@id":"https:\/\/www.icip.cat\/ca\/#website"},"datePublished":"2021-06-28T14:34:12+00:00","dateModified":"2025-07-17T14:19:37+00:00","inLanguage":"ca","potentialAction":[{"@type":"ReadAction","target":["https:\/\/www.icip.cat\/ca\/delegada-de-proteccio-de-dades\/"]}]},{"@type":"WebSite","@id":"https:\/\/www.icip.cat\/ca\/#website","url":"https:\/\/www.icip.cat\/ca\/","name":"ICIP","description":"","publisher":{"@id":"https:\/\/www.icip.cat\/ca\/#organization"},"potentialAction":[{"@type":"SearchAction","target":{"@type":"EntryPoint","urlTemplate":"https:\/\/www.icip.cat\/ca\/?s={search_term_string}"},"query-input":{"@type":"PropertyValueSpecification","valueRequired":true,"valueName":"search_term_string"}}],"inLanguage":"ca"},{"@type":"Organization","@id":"https:\/\/www.icip.cat\/ca\/#organization","name":"ICIP","url":"https:\/\/www.icip.cat\/ca\/","logo":{"@type":"ImageObject","inLanguage":"ca","@id":"https:\/\/www.icip.cat\/ca\/#\/schema\/logo\/image\/","url":"https:\/\/www.icip.cat\/wp-content\/uploads\/2021\/02\/logo-2.png","contentUrl":"https:\/\/www.icip.cat\/wp-content\/uploads\/2021\/02\/logo-2.png","width":562,"height":391,"caption":"ICIP"},"image":{"@id":"https:\/\/www.icip.cat\/ca\/#\/schema\/logo\/image\/"}}]}},"_links":{"self":[{"href":"https:\/\/www.icip.cat\/ca\/wp-json\/wp\/v2\/pages\/20147","targetHints":{"allow":["GET"]}}],"collection":[{"href":"https:\/\/www.icip.cat\/ca\/wp-json\/wp\/v2\/pages"}],"about":[{"href":"https:\/\/www.icip.cat\/ca\/wp-json\/wp\/v2\/types\/page"}],"author":[{"embeddable":true,"href":"https:\/\/www.icip.cat\/ca\/wp-json\/wp\/v2\/users\/1"}],"replies":[{"embeddable":true,"href":"https:\/\/www.icip.cat\/ca\/wp-json\/wp\/v2\/comments?post=20147"}],"version-history":[{"count":11,"href":"https:\/\/www.icip.cat\/ca\/wp-json\/wp\/v2\/pages\/20147\/revisions"}],"predecessor-version":[{"id":55396,"href":"https:\/\/www.icip.cat\/ca\/wp-json\/wp\/v2\/pages\/20147\/revisions\/55396"}],"wp:attachment":[{"href":"https:\/\/www.icip.cat\/ca\/wp-json\/wp\/v2\/media?parent=20147"}],"curies":[{"name":"wp","href":"https:\/\/api.w.org\/{rel}","templated":true}]}}