{"id":2324,"date":"2020-11-20T12:19:27","date_gmt":"2020-11-20T12:19:27","guid":{"rendered":"http:\/\/www.icip.cat\/?page_id=2324"},"modified":"2025-04-22T07:44:29","modified_gmt":"2025-04-22T07:44:29","slug":"revistes-del-moviment-per-la-pau","status":"publish","type":"page","link":"https:\/\/www.icip.cat\/ca\/revistes-del-moviment-per-la-pau\/","title":{"rendered":"Revistes del moviment per la pau"},"content":{"rendered":"\t\t<div data-elementor-type=\"wp-page\" data-elementor-id=\"2324\" class=\"elementor elementor-2324\" data-elementor-post-type=\"page\">\n\t\t\t\t\t\t<section class=\"elementor-section elementor-top-section elementor-element elementor-element-0b95fb8 elementor-section-boxed elementor-section-height-default elementor-section-height-default\" data-id=\"0b95fb8\" data-element_type=\"section\" data-settings=\"{&quot;background_background&quot;:&quot;classic&quot;}\">\n\t\t\t\t\t\t\t<div class=\"elementor-background-overlay\"><\/div>\n\t\t\t\t\t\t\t<div class=\"elementor-container elementor-column-gap-default\">\n\t\t\t\t\t<div class=\"elementor-column elementor-col-100 elementor-top-column elementor-element elementor-element-dd7f0af\" data-id=\"dd7f0af\" data-element_type=\"column\">\n\t\t\t<div class=\"elementor-widget-wrap elementor-element-populated\">\n\t\t\t\t\t\t<div class=\"elementor-element elementor-element-400b8f2 elementor-widget elementor-widget-heading\" data-id=\"400b8f2\" data-element_type=\"widget\" data-widget_type=\"heading.default\">\n\t\t\t\t<div class=\"elementor-widget-container\">\n\t\t\t\t\t<h2 class=\"elementor-heading-title elementor-size-default\">Revistes del Moviment de la Pau<\/h2>\t\t\t\t<\/div>\n\t\t\t\t<\/div>\n\t\t\t\t\t<\/div>\n\t\t<\/div>\n\t\t\t\t\t<\/div>\n\t\t<\/section>\n\t\t\t\t<section class=\"elementor-section elementor-top-section elementor-element elementor-element-8401a23 elementor-section-boxed elementor-section-height-default elementor-section-height-default\" data-id=\"8401a23\" data-element_type=\"section\" data-settings=\"{&quot;background_background&quot;:&quot;classic&quot;}\">\n\t\t\t\t\t\t<div class=\"elementor-container elementor-column-gap-default\">\n\t\t\t\t\t<div class=\"elementor-column elementor-col-100 elementor-top-column elementor-element elementor-element-324ec9e\" data-id=\"324ec9e\" data-element_type=\"column\">\n\t\t\t<div class=\"elementor-widget-wrap elementor-element-populated\">\n\t\t\t\t\t\t<div class=\"elementor-element elementor-element-2c53832 elementor-widget elementor-widget-spacer\" data-id=\"2c53832\" data-element_type=\"widget\" data-widget_type=\"spacer.default\">\n\t\t\t\t<div class=\"elementor-widget-container\">\n\t\t\t\t\t\t\t<div class=\"elementor-spacer\">\n\t\t\t<div class=\"elementor-spacer-inner\"><\/div>\n\t\t<\/div>\n\t\t\t\t\t\t<\/div>\n\t\t\t\t<\/div>\n\t\t\t\t<div class=\"elementor-element elementor-element-30d7bb0 elementor-widget elementor-widget-text-editor\" data-id=\"30d7bb0\" data-element_type=\"widget\" data-widget_type=\"text-editor.default\">\n\t\t\t\t<div class=\"elementor-widget-container\">\n\t\t\t\t\t\t\t\t\t<p>La recerca de la mem\u00f2ria hist\u00f2ria i del pensament i l\u2019acci\u00f3 pacifista a Catalunya constitueix un objectiu de l\u2019ICIP. En aquest sentit, s\u2019ha procedit a la digitalitzaci\u00f3 de revistes editades per entitats i associacions vinculades a aquest moviment. La digitalitzaci\u00f3 permetr\u00e0 la difusi\u00f3 d\u2019aquests fons poc coneguts i bastant dif\u00edcils de localitzar at\u00e8s el seu car\u00e0cter especial, sovint allunyat de les cadenes editorials habituals, i la seva dispersi\u00f3 en el territori catal\u00e0.<\/p><p>En una primera fase, s\u2019ha seleccionat un llistat de les revistes m\u00e9s significatives de l\u2019\u00e8poca per tal de localitzar-ne les col\u00b7leccions complertes, digitalitzar-les i fer-les de consulta p\u00fablica.<\/p><p>El projecte ha estat possible gr\u00e0cies a la col\u00b7laboraci\u00f3 amb la Biblioteca de Catalunya, que impulsa el projecte de digitalitzaci\u00f3 del patrimoni hemerogr\u00e0fic catal\u00e0, que rep el nom d\u2019Arxiu de Revistes Catalanes Antigues (ARCA): un portal \u00fanic d\u2019acc\u00e9s obert a col\u00b7leccions preferentment completes de publicacions peri\u00f2diques ja tancades que han estat representatives dins de la cultura i la societat catalana siguin d\u2019\u00e0mbit local, nacional o internacional.<\/p>\t\t\t\t\t\t\t\t<\/div>\n\t\t\t\t<\/div>\n\t\t\t\t<div class=\"elementor-element elementor-element-c27763e elementor-widget elementor-widget-spacer\" data-id=\"c27763e\" data-element_type=\"widget\" data-widget_type=\"spacer.default\">\n\t\t\t\t<div class=\"elementor-widget-container\">\n\t\t\t\t\t\t\t<div class=\"elementor-spacer\">\n\t\t\t<div class=\"elementor-spacer-inner\"><\/div>\n\t\t<\/div>\n\t\t\t\t\t\t<\/div>\n\t\t\t\t<\/div>\n\t\t\t\t\t<\/div>\n\t\t<\/div>\n\t\t\t\t\t<\/div>\n\t\t<\/section>\n\t\t\t\t<section class=\"elementor-section elementor-top-section elementor-element elementor-element-ecb55b7 elementor-section-boxed elementor-section-height-default elementor-section-height-default\" data-id=\"ecb55b7\" data-element_type=\"section\">\n\t\t\t\t\t\t<div class=\"elementor-container elementor-column-gap-default\">\n\t\t\t\t\t<div class=\"elementor-column elementor-col-100 elementor-top-column elementor-element elementor-element-ea1e2c5\" data-id=\"ea1e2c5\" data-element_type=\"column\">\n\t\t\t<div class=\"elementor-widget-wrap elementor-element-populated\">\n\t\t\t\t\t\t<div class=\"elementor-element elementor-element-2cdb052 elementor-widget elementor-widget-spacer\" data-id=\"2cdb052\" data-element_type=\"widget\" data-widget_type=\"spacer.default\">\n\t\t\t\t<div class=\"elementor-widget-container\">\n\t\t\t\t\t\t\t<div class=\"elementor-spacer\">\n\t\t\t<div class=\"elementor-spacer-inner\"><\/div>\n\t\t<\/div>\n\t\t\t\t\t\t<\/div>\n\t\t\t\t<\/div>\n\t\t\t\t<div class=\"elementor-element elementor-element-e60c2fc elementor-widget elementor-widget-icip-publicationlisting\" data-id=\"e60c2fc\" data-element_type=\"widget\" data-widget_type=\"icip-publicationlisting.default\">\n\t\t\t\t<div class=\"elementor-widget-container\">\n\t\t\t\t\t<div class=\"block-publication-listing\"  data-view-type=\"cover\"><div class=\"list\"><article class=\"entry\"><a href=\"http:\/\/mdc2.cbuc.cat\/cdm\/search\/collection\/diaripau\" class=\"link\" title=\"Diari de la pau (Barcelona, 2003-2005)\"><div class=\"image\"><img fetchpriority=\"high\" decoding=\"async\" width=\"400\" height=\"570\" src=\"https:\/\/www.icip.cat\/wp-content\/uploads\/2020\/11\/diari_de_la_pau.jpg_100916789-400x570.jpg\" class=\"attachment-publicationlisting-thumbnail size-publicationlisting-thumbnail wp-post-image\" alt=\"\" \/><\/div><div class=\"details\"><h2 class=\"title\">Diari de la pau (Barcelona, 2003-2005)<\/h2><div class=\"description\"><p>Revista sobre pacifisme publicada a Barcelona entre gener del 2003 i febrer del 2005 per l&#8217;Associaci\u00f3 Fora de Quadre. \u00c9s de periodicitat setmanal. Els n\u00fam. 13-15 s\u00f3n edicions especials<\/p>\n<\/div><\/div><\/a><\/article><article class=\"entry\"><a href=\"http:\/\/mdc2.cbuc.cat\/cdm\/search\/collection\/piedepaz\" class=\"link\" title=\"En pie de paz (Barcelona, 1986-2001)\"><div class=\"image\"><img decoding=\"async\" width=\"400\" height=\"570\" src=\"https:\/\/www.icip.cat\/wp-content\/uploads\/2020\/11\/en_pie_de_paz.jpg_232770071-400x570.jpg\" class=\"attachment-publicationlisting-thumbnail size-publicationlisting-thumbnail wp-post-image\" alt=\"\" \/><\/div><div class=\"details\"><h2 class=\"title\">En pie de paz (Barcelona, 1986-2001)<\/h2><div class=\"description\"><p>Revista sobre pacifisme publicada a Barcelona. De periodicitat primer bimestral, despr\u00e9s trimestral i a partir de 1999, semestral. \u00c9s continuaci\u00f3 d&#8217;<em>En peu de pau.<\/em><\/p>\n<\/div><\/div><\/a><\/article><article class=\"entry\"><a href=\"http:\/\/mdc2.cbuc.cat\/cdm\/search\/collection\/paudiari\" class=\"link\" title=\"La pau: diari de la pau (Barcelona, 1991-1992)\"><div class=\"image\"><img decoding=\"async\" width=\"400\" height=\"570\" src=\"https:\/\/www.icip.cat\/wp-content\/uploads\/2020\/11\/pau_diari.jpg_881640975-400x570.jpg\" class=\"attachment-publicationlisting-thumbnail size-publicationlisting-thumbnail wp-post-image\" alt=\"\" \/><\/div><div class=\"details\"><h2 class=\"title\">La pau: diari de la pau (Barcelona, 1991-1992)<\/h2><div class=\"description\"><div class=\"FW_sArticleFoto\">\n<div class=\"FW_sEditPro\">\n<div class=\"FW_sEditPro\">\n<p>Diari sobre pacifisme publicat a Barcelona entre gener de 1991 i gener de 1992, de periodicitat setmanal, amb irregularitats.<\/p>\n<p>L&#8217;editorial del n\u00famero 1 signat per &#8220;Periodistes per la Pau&#8221; recull com a finalitat &#8220;No ens deixem manipular Ja som al carrer. I tenim molt clar perqu\u00e8. Perqu\u00e8 conv\u00e9 que alg\u00fa representi aquesta suposada minoria que vol la pau i s&#8217;oposa a la guerra. A totes les guerres. I hem de demostrar que som molts, encara que no tinguem els poders pol\u00edtics i econ\u00f2mics de la nostra part&#8221;.<\/p>\n<\/div>\n<\/div>\n<\/div>\n<\/div><\/div><\/a><\/article><article class=\"entry\"><a href=\"http:\/\/mdc2.cbuc.cat\/cdm\/search\/collection\/peudepau\" class=\"link\" title=\"En peu de pau (Barcelona, 1984)\"><div class=\"image\"><img loading=\"lazy\" decoding=\"async\" width=\"400\" height=\"570\" src=\"https:\/\/www.icip.cat\/wp-content\/uploads\/2020\/11\/en_peu_de_pau.jpg_1726510763-400x570.jpg\" class=\"attachment-publicationlisting-thumbnail size-publicationlisting-thumbnail wp-post-image\" alt=\"\" \/><\/div><div class=\"details\"><h2 class=\"title\">En peu de pau (Barcelona, 1984)<\/h2><div class=\"description\"><p>Revista publicada a Barcelona amb el subt\u00edtol\u00a0<em>Butllet\u00ed sobre pau, desarmament i desenvolupament<\/em>. De periodicitat bimestral, cont\u00e9 textos en catal\u00e0 i castell\u00e0. Nom\u00e9s es publicaren 4 n\u00fameros (del 0 al 3).<\/p>\n<p>Segons l&#8217;editorial del n\u00fam. 0 &#8220;La revista ha estat concebuda com una publicaci\u00f3 b\u00e0sicament informativa, com una eina de treball per a grups, escoles, institucions, etc.; &#8230;&#8221;<\/p>\n<p>Continuada per\u00a0<em>En Pie de Paz.<\/em><\/p>\n<\/div><\/div><\/a><\/article><article class=\"entry\"><a href=\"http:\/\/mdc2.cbuc.cat\/cdm\/search\/collection\/mocador\" class=\"link\" title=\"Mocador (Barcelona, 1987-1996)\"><div class=\"image\"><img loading=\"lazy\" decoding=\"async\" width=\"400\" height=\"570\" src=\"https:\/\/www.icip.cat\/wp-content\/uploads\/2020\/11\/mocador.jpg_72287638-400x570.jpg\" class=\"attachment-publicationlisting-thumbnail size-publicationlisting-thumbnail wp-post-image\" alt=\"\" \/><\/div><div class=\"details\"><h2 class=\"title\">Mocador (Barcelona, 1987-1996)<\/h2><div class=\"description\"><p>Revista sobre pacifisme publicada a Barcelona com a butllet\u00ed pel MOC (Moviment d&#8217;Objectors de Consci\u00e8ncia) amb el subt\u00edtol:\u00a0<em>All\u00e0 on ens apleguem tots els MOCS.<\/em><\/p>\n<\/div><\/div><\/a><\/article><article class=\"entry\"><a href=\"http:\/\/mdc2.cbuc.cat\/cdm\/search\/collection\/BuPaxChristi\" class=\"link\" title=\"Pax (Barcelona, 1974-1978)\"><div class=\"image\"><img loading=\"lazy\" decoding=\"async\" width=\"400\" height=\"570\" src=\"https:\/\/www.icip.cat\/wp-content\/uploads\/2020\/11\/pax.jpg_1812904216-400x570.jpg\" class=\"attachment-publicationlisting-thumbnail size-publicationlisting-thumbnail wp-post-image\" alt=\"\" \/><\/div><div class=\"details\"><h2 class=\"title\">Pax (Barcelona, 1974-1978)<\/h2><div class=\"description\"><div class=\"FW_sArticleFoto\">\n<div class=\"FW_sEditPro\">\n<div class=\"FW_sEditPro\">\n<p>Butllet\u00ed de l&#8217;associaci\u00f3 religiosa Pax Christi, publicat a Barcelona, inicialment amb periodicitat irregular, entre gener de 1974 i febrer del 1978.<\/p>\n<\/div>\n<\/div>\n<\/div>\n<\/div><\/div><\/a><\/article><article class=\"entry\"><a href=\"http:\/\/mdc2.cbuc.cat\/cdm\/search\/collection\/pucageneral\" class=\"link\" title=\"La pu\u00e7a i el general (Barcelona, 1979-1990)\"><div class=\"image\"><img loading=\"lazy\" decoding=\"async\" width=\"400\" height=\"570\" src=\"https:\/\/www.icip.cat\/wp-content\/uploads\/2020\/11\/puca_i_el_general.jpg_70440596-400x570.jpg\" class=\"attachment-publicationlisting-thumbnail size-publicationlisting-thumbnail wp-post-image\" alt=\"\" \/><\/div><div class=\"details\"><h2 class=\"title\">La pu\u00e7a i el general (Barcelona, 1979-1990)<\/h2><div class=\"description\"><p>Revista pacifista del Grup d&#8217;Acci\u00f3 Directa no Violenta Anti-OTAN publicada a Barcelona, inicialment amb periodicitat mensual i despr\u00e9s irregular, entre novembre de 1979 i mar\u00e7 del 1990.<\/p>\n<p>&nbsp;<\/p>\n<\/div><\/div><\/a><\/article><\/div><\/div>\t\t\t\t<\/div>\n\t\t\t\t<\/div>\n\t\t\t\t\t<\/div>\n\t\t<\/div>\n\t\t\t\t\t<\/div>\n\t\t<\/section>\n\t\t\t\t<section class=\"elementor-section elementor-top-section elementor-element elementor-element-d82a526 elementor-section-boxed elementor-section-height-default elementor-section-height-default\" data-id=\"d82a526\" data-element_type=\"section\">\n\t\t\t\t\t\t<div class=\"elementor-container elementor-column-gap-default\">\n\t\t\t\t\t<div class=\"elementor-column elementor-col-100 elementor-top-column elementor-element elementor-element-7a3438c\" data-id=\"7a3438c\" data-element_type=\"column\">\n\t\t\t<div class=\"elementor-widget-wrap elementor-element-populated\">\n\t\t\t\t\t\t<div class=\"elementor-element elementor-element-b308522 elementor-widget elementor-widget-spacer\" data-id=\"b308522\" data-element_type=\"widget\" data-widget_type=\"spacer.default\">\n\t\t\t\t<div class=\"elementor-widget-container\">\n\t\t\t\t\t\t\t<div class=\"elementor-spacer\">\n\t\t\t<div class=\"elementor-spacer-inner\"><\/div>\n\t\t<\/div>\n\t\t\t\t\t\t<\/div>\n\t\t\t\t<\/div>\n\t\t\t\t\t<\/div>\n\t\t<\/div>\n\t\t\t\t\t<\/div>\n\t\t<\/section>\n\t\t\t\t<\/div>\n\t\t","protected":false},"excerpt":{"rendered":"<p>Revistes del Moviment de la Pau La recerca de la mem\u00f2ria hist\u00f2ria i del pensament i l\u2019acci\u00f3 pacifista a Catalunya constitueix un objectiu de l\u2019ICIP. En aquest sentit, s\u2019ha procedit a la digitalitzaci\u00f3 de revistes editades per entitats i associacions vinculades a aquest moviment. La digitalitzaci\u00f3 permetr\u00e0 la difusi\u00f3 d\u2019aquests fons poc coneguts i bastant [&hellip;]<\/p>\n","protected":false},"author":1,"featured_media":0,"parent":0,"menu_order":0,"comment_status":"closed","ping_status":"closed","template":"","meta":{"_acf_changed":false,"footnotes":""},"class_list":["post-2324","page","type-page","status-publish","hentry"],"acf":[],"yoast_head":"<!-- This site is optimized with the Yoast SEO plugin v25.6 - https:\/\/yoast.com\/wordpress\/plugins\/seo\/ -->\n<title>Revistes del moviment per la pau - ICIP<\/title>\n<meta name=\"robots\" content=\"index, follow, max-snippet:-1, max-image-preview:large, max-video-preview:-1\" \/>\n<link rel=\"canonical\" href=\"https:\/\/www.icip.cat\/ca\/revistes-del-moviment-per-la-pau\/\" \/>\n<meta property=\"og:locale\" content=\"ca_ES\" \/>\n<meta property=\"og:type\" content=\"article\" \/>\n<meta property=\"og:title\" content=\"Revistes del moviment per la pau - ICIP\" \/>\n<meta property=\"og:description\" content=\"Revistes del Moviment de la Pau La recerca de la mem\u00f2ria hist\u00f2ria i del pensament i l\u2019acci\u00f3 pacifista a Catalunya constitueix un objectiu de l\u2019ICIP. En aquest sentit, s\u2019ha procedit a la digitalitzaci\u00f3 de revistes editades per entitats i associacions vinculades a aquest moviment. La digitalitzaci\u00f3 permetr\u00e0 la difusi\u00f3 d\u2019aquests fons poc coneguts i bastant [&hellip;]\" \/>\n<meta property=\"og:url\" content=\"https:\/\/www.icip.cat\/ca\/revistes-del-moviment-per-la-pau\/\" \/>\n<meta property=\"og:site_name\" content=\"ICIP\" \/>\n<meta property=\"article:modified_time\" content=\"2025-04-22T07:44:29+00:00\" \/>\n<meta property=\"og:image\" content=\"https:\/\/www.icip.cat\/wp-content\/uploads\/2020\/11\/diari_de_la_pau.jpg_100916789-400x570.jpg\" \/>\n<meta name=\"twitter:card\" content=\"summary_large_image\" \/>\n<meta name=\"twitter:label1\" content=\"Temps estimat de lectura\" \/>\n\t<meta name=\"twitter:data1\" content=\"5 minuts\" \/>\n<script type=\"application\/ld+json\" class=\"yoast-schema-graph\">{\"@context\":\"https:\/\/schema.org\",\"@graph\":[{\"@type\":\"WebPage\",\"@id\":\"https:\/\/www.icip.cat\/ca\/revistes-del-moviment-per-la-pau\/\",\"url\":\"https:\/\/www.icip.cat\/ca\/revistes-del-moviment-per-la-pau\/\",\"name\":\"Revistes del moviment per la pau - ICIP\",\"isPartOf\":{\"@id\":\"https:\/\/www.icip.cat\/ca\/#website\"},\"primaryImageOfPage\":{\"@id\":\"https:\/\/www.icip.cat\/ca\/revistes-del-moviment-per-la-pau\/#primaryimage\"},\"image\":{\"@id\":\"https:\/\/www.icip.cat\/ca\/revistes-del-moviment-per-la-pau\/#primaryimage\"},\"thumbnailUrl\":\"https:\/\/www.icip.cat\/wp-content\/uploads\/2020\/11\/diari_de_la_pau.jpg_100916789-400x570.jpg\",\"datePublished\":\"2020-11-20T12:19:27+00:00\",\"dateModified\":\"2025-04-22T07:44:29+00:00\",\"inLanguage\":\"ca\",\"potentialAction\":[{\"@type\":\"ReadAction\",\"target\":[\"https:\/\/www.icip.cat\/ca\/revistes-del-moviment-per-la-pau\/\"]}]},{\"@type\":\"ImageObject\",\"inLanguage\":\"ca\",\"@id\":\"https:\/\/www.icip.cat\/ca\/revistes-del-moviment-per-la-pau\/#primaryimage\",\"url\":\"https:\/\/www.icip.cat\/wp-content\/uploads\/2020\/11\/diari_de_la_pau.jpg_100916789-400x570.jpg\",\"contentUrl\":\"https:\/\/www.icip.cat\/wp-content\/uploads\/2020\/11\/diari_de_la_pau.jpg_100916789-400x570.jpg\"},{\"@type\":\"WebSite\",\"@id\":\"https:\/\/www.icip.cat\/ca\/#website\",\"url\":\"https:\/\/www.icip.cat\/ca\/\",\"name\":\"ICIP\",\"description\":\"\",\"publisher\":{\"@id\":\"https:\/\/www.icip.cat\/ca\/#organization\"},\"potentialAction\":[{\"@type\":\"SearchAction\",\"target\":{\"@type\":\"EntryPoint\",\"urlTemplate\":\"https:\/\/www.icip.cat\/ca\/?s={search_term_string}\"},\"query-input\":{\"@type\":\"PropertyValueSpecification\",\"valueRequired\":true,\"valueName\":\"search_term_string\"}}],\"inLanguage\":\"ca\"},{\"@type\":\"Organization\",\"@id\":\"https:\/\/www.icip.cat\/ca\/#organization\",\"name\":\"ICIP\",\"url\":\"https:\/\/www.icip.cat\/ca\/\",\"logo\":{\"@type\":\"ImageObject\",\"inLanguage\":\"ca\",\"@id\":\"https:\/\/www.icip.cat\/ca\/#\/schema\/logo\/image\/\",\"url\":\"https:\/\/www.icip.cat\/wp-content\/uploads\/2021\/02\/logo-2.png\",\"contentUrl\":\"https:\/\/www.icip.cat\/wp-content\/uploads\/2021\/02\/logo-2.png\",\"width\":562,\"height\":391,\"caption\":\"ICIP\"},\"image\":{\"@id\":\"https:\/\/www.icip.cat\/ca\/#\/schema\/logo\/image\/\"}}]}<\/script>\n<!-- \/ Yoast SEO plugin. -->","yoast_head_json":{"title":"Revistes del moviment per la pau - ICIP","robots":{"index":"index","follow":"follow","max-snippet":"max-snippet:-1","max-image-preview":"max-image-preview:large","max-video-preview":"max-video-preview:-1"},"canonical":"https:\/\/www.icip.cat\/ca\/revistes-del-moviment-per-la-pau\/","og_locale":"ca_ES","og_type":"article","og_title":"Revistes del moviment per la pau - ICIP","og_description":"Revistes del Moviment de la Pau La recerca de la mem\u00f2ria hist\u00f2ria i del pensament i l\u2019acci\u00f3 pacifista a Catalunya constitueix un objectiu de l\u2019ICIP. En aquest sentit, s\u2019ha procedit a la digitalitzaci\u00f3 de revistes editades per entitats i associacions vinculades a aquest moviment. La digitalitzaci\u00f3 permetr\u00e0 la difusi\u00f3 d\u2019aquests fons poc coneguts i bastant [&hellip;]","og_url":"https:\/\/www.icip.cat\/ca\/revistes-del-moviment-per-la-pau\/","og_site_name":"ICIP","article_modified_time":"2025-04-22T07:44:29+00:00","og_image":[{"url":"https:\/\/www.icip.cat\/wp-content\/uploads\/2020\/11\/diari_de_la_pau.jpg_100916789-400x570.jpg","type":"","width":"","height":""}],"twitter_card":"summary_large_image","twitter_misc":{"Temps estimat de lectura":"5 minuts"},"schema":{"@context":"https:\/\/schema.org","@graph":[{"@type":"WebPage","@id":"https:\/\/www.icip.cat\/ca\/revistes-del-moviment-per-la-pau\/","url":"https:\/\/www.icip.cat\/ca\/revistes-del-moviment-per-la-pau\/","name":"Revistes del moviment per la pau - ICIP","isPartOf":{"@id":"https:\/\/www.icip.cat\/ca\/#website"},"primaryImageOfPage":{"@id":"https:\/\/www.icip.cat\/ca\/revistes-del-moviment-per-la-pau\/#primaryimage"},"image":{"@id":"https:\/\/www.icip.cat\/ca\/revistes-del-moviment-per-la-pau\/#primaryimage"},"thumbnailUrl":"https:\/\/www.icip.cat\/wp-content\/uploads\/2020\/11\/diari_de_la_pau.jpg_100916789-400x570.jpg","datePublished":"2020-11-20T12:19:27+00:00","dateModified":"2025-04-22T07:44:29+00:00","inLanguage":"ca","potentialAction":[{"@type":"ReadAction","target":["https:\/\/www.icip.cat\/ca\/revistes-del-moviment-per-la-pau\/"]}]},{"@type":"ImageObject","inLanguage":"ca","@id":"https:\/\/www.icip.cat\/ca\/revistes-del-moviment-per-la-pau\/#primaryimage","url":"https:\/\/www.icip.cat\/wp-content\/uploads\/2020\/11\/diari_de_la_pau.jpg_100916789-400x570.jpg","contentUrl":"https:\/\/www.icip.cat\/wp-content\/uploads\/2020\/11\/diari_de_la_pau.jpg_100916789-400x570.jpg"},{"@type":"WebSite","@id":"https:\/\/www.icip.cat\/ca\/#website","url":"https:\/\/www.icip.cat\/ca\/","name":"ICIP","description":"","publisher":{"@id":"https:\/\/www.icip.cat\/ca\/#organization"},"potentialAction":[{"@type":"SearchAction","target":{"@type":"EntryPoint","urlTemplate":"https:\/\/www.icip.cat\/ca\/?s={search_term_string}"},"query-input":{"@type":"PropertyValueSpecification","valueRequired":true,"valueName":"search_term_string"}}],"inLanguage":"ca"},{"@type":"Organization","@id":"https:\/\/www.icip.cat\/ca\/#organization","name":"ICIP","url":"https:\/\/www.icip.cat\/ca\/","logo":{"@type":"ImageObject","inLanguage":"ca","@id":"https:\/\/www.icip.cat\/ca\/#\/schema\/logo\/image\/","url":"https:\/\/www.icip.cat\/wp-content\/uploads\/2021\/02\/logo-2.png","contentUrl":"https:\/\/www.icip.cat\/wp-content\/uploads\/2021\/02\/logo-2.png","width":562,"height":391,"caption":"ICIP"},"image":{"@id":"https:\/\/www.icip.cat\/ca\/#\/schema\/logo\/image\/"}}]}},"_links":{"self":[{"href":"https:\/\/www.icip.cat\/ca\/wp-json\/wp\/v2\/pages\/2324","targetHints":{"allow":["GET"]}}],"collection":[{"href":"https:\/\/www.icip.cat\/ca\/wp-json\/wp\/v2\/pages"}],"about":[{"href":"https:\/\/www.icip.cat\/ca\/wp-json\/wp\/v2\/types\/page"}],"author":[{"embeddable":true,"href":"https:\/\/www.icip.cat\/ca\/wp-json\/wp\/v2\/users\/1"}],"replies":[{"embeddable":true,"href":"https:\/\/www.icip.cat\/ca\/wp-json\/wp\/v2\/comments?post=2324"}],"version-history":[{"count":38,"href":"https:\/\/www.icip.cat\/ca\/wp-json\/wp\/v2\/pages\/2324\/revisions"}],"predecessor-version":[{"id":53715,"href":"https:\/\/www.icip.cat\/ca\/wp-json\/wp\/v2\/pages\/2324\/revisions\/53715"}],"wp:attachment":[{"href":"https:\/\/www.icip.cat\/ca\/wp-json\/wp\/v2\/media?parent=2324"}],"curies":[{"name":"wp","href":"https:\/\/api.w.org\/{rel}","templated":true}]}}