{"id":2968,"date":"2020-11-30T08:51:43","date_gmt":"2020-11-30T08:51:43","guid":{"rendered":"http:\/\/www.icip.cat\/?page_id=2968"},"modified":"2025-04-22T09:41:03","modified_gmt":"2025-04-22T09:41:03","slug":"memoria-convivencia-i-reconciliacio","status":"publish","type":"page","link":"https:\/\/www.icip.cat\/ca\/memoria-convivencia-i-reconciliacio\/","title":{"rendered":"Mem\u00f2ria, conviv\u00e8ncia i reconciliaci\u00f3"},"content":{"rendered":"\t\t<div data-elementor-type=\"wp-page\" data-elementor-id=\"2968\" class=\"elementor elementor-2968\" data-elementor-post-type=\"page\">\n\t\t\t\t\t\t<section class=\"elementor-section elementor-top-section elementor-element elementor-element-098a35f elementor-section-boxed elementor-section-height-default elementor-section-height-default\" data-id=\"098a35f\" data-element_type=\"section\" data-settings=\"{&quot;background_background&quot;:&quot;classic&quot;}\">\n\t\t\t\t\t\t\t<div class=\"elementor-background-overlay\"><\/div>\n\t\t\t\t\t\t\t<div class=\"elementor-container elementor-column-gap-default\">\n\t\t\t\t\t<div class=\"elementor-column elementor-col-100 elementor-top-column elementor-element elementor-element-d4566a4\" data-id=\"d4566a4\" data-element_type=\"column\">\n\t\t\t<div class=\"elementor-widget-wrap elementor-element-populated\">\n\t\t\t\t\t\t<div class=\"elementor-element elementor-element-ea96a86 elementor-widget elementor-widget-heading\" data-id=\"ea96a86\" data-element_type=\"widget\" data-widget_type=\"heading.default\">\n\t\t\t\t<div class=\"elementor-widget-container\">\n\t\t\t\t\t<h1 class=\"elementor-heading-title elementor-size-xl\">Mem\u00f2ria, conviv\u00e8ncia i reconciliaci\u00f3<\/h1>\t\t\t\t<\/div>\n\t\t\t\t<\/div>\n\t\t\t\t\t<\/div>\n\t\t<\/div>\n\t\t\t\t\t<\/div>\n\t\t<\/section>\n\t\t\t\t<section class=\"elementor-section elementor-top-section elementor-element elementor-element-56adc83 elementor-section-boxed elementor-section-height-default elementor-section-height-default\" data-id=\"56adc83\" data-element_type=\"section\">\n\t\t\t\t\t\t<div class=\"elementor-container elementor-column-gap-default\">\n\t\t\t\t\t<div class=\"elementor-column elementor-col-100 elementor-top-column elementor-element elementor-element-98f50b6\" data-id=\"98f50b6\" data-element_type=\"column\">\n\t\t\t<div class=\"elementor-widget-wrap elementor-element-populated\">\n\t\t\t\t\t\t<div class=\"elementor-element elementor-element-d0cdc5a elementor-widget elementor-widget-spacer\" data-id=\"d0cdc5a\" data-element_type=\"widget\" data-widget_type=\"spacer.default\">\n\t\t\t\t<div class=\"elementor-widget-container\">\n\t\t\t\t\t\t\t<div class=\"elementor-spacer\">\n\t\t\t<div class=\"elementor-spacer-inner\"><\/div>\n\t\t<\/div>\n\t\t\t\t\t\t<\/div>\n\t\t\t\t<\/div>\n\t\t\t\t<section class=\"elementor-section elementor-inner-section elementor-element elementor-element-8c402a6 elementor-section-boxed elementor-section-height-default elementor-section-height-default\" data-id=\"8c402a6\" data-element_type=\"section\">\n\t\t\t\t\t\t<div class=\"elementor-container elementor-column-gap-default\">\n\t\t\t\t\t<div class=\"elementor-column elementor-col-100 elementor-inner-column elementor-element elementor-element-e778450\" data-id=\"e778450\" data-element_type=\"column\">\n\t\t\t<div class=\"elementor-widget-wrap elementor-element-populated\">\n\t\t\t\t\t\t<div class=\"elementor-element elementor-element-15b0fb5 elementor-widget elementor-widget-text-editor\" data-id=\"15b0fb5\" data-element_type=\"widget\" data-widget_type=\"text-editor.default\">\n\t\t\t\t<div class=\"elementor-widget-container\">\n\t\t\t\t\t\t\t\t\t<p>Les guerres i les dictadures generen profunds impactes socials, pol\u00edtics i psicol\u00f2gics a les societats i a les persones que han viscut experi\u00e8ncies traum\u00e0tiques. Aquests efectes no desapareixen autom\u00e0ticament amb la signatura d&#8217;acords de pau o la celebraci\u00f3 d&#8217;eleccions democr\u00e0tiques. \u00c9s imprescindible promoure processos que permetin <strong>reconstruir el teixit social<\/strong> i <strong>fomentar la reconciliaci\u00f3<\/strong> tant a les institucions com a la pr\u00f2pia societat. La recuperaci\u00f3 passa tamb\u00e9 per abordar la mem\u00f2ria dels fets traum\u00e0tics de manera col\u00b7lectiva, creant espais per a la sanaci\u00f3 psicosocial i establint les bases necess\u00e0ries per trencar els cicles de viol\u00e8ncia.<\/p><p>En aquesta l\u00ednia, l&#8217;ICIP es compromet a donar visibilitat i suport a les iniciatives de la societat civil en contextos de transici\u00f3 pol\u00edtica. Fomentem l&#8217;<strong>intercanvi d&#8217;experi\u00e8ncies innovadores<\/strong> que promoguin la conviv\u00e8ncia sovint a trav\u00e9s d&#8217;expressions art\u00edstiques i creatives. Aix\u00ed mateix, destaquem el paper clau que tenen les <strong>di\u00e0spores en els processos de pau i mem\u00f2ria<\/strong>, amb un \u00e8mfasi especial en les contribucions de les dones i les v\u00edctimes.<\/p>\t\t\t\t\t\t\t\t<\/div>\n\t\t\t\t<\/div>\n\t\t\t\t\t<\/div>\n\t\t<\/div>\n\t\t\t\t\t<\/div>\n\t\t<\/section>\n\t\t\t\t\t<\/div>\n\t\t<\/div>\n\t\t\t\t\t<\/div>\n\t\t<\/section>\n\t\t\t\t<section class=\"elementor-section elementor-top-section elementor-element elementor-element-b020503 elementor-section-boxed elementor-section-height-default elementor-section-height-default\" data-id=\"b020503\" data-element_type=\"section\">\n\t\t\t\t\t\t<div class=\"elementor-container elementor-column-gap-default\">\n\t\t\t\t\t<div class=\"elementor-column elementor-col-100 elementor-top-column elementor-element elementor-element-b6f34bc\" data-id=\"b6f34bc\" data-element_type=\"column\">\n\t\t\t<div class=\"elementor-widget-wrap elementor-element-populated\">\n\t\t\t\t\t\t<section class=\"elementor-section elementor-inner-section elementor-element elementor-element-b9d4ef7 elementor-section-full_width elementor-section-height-min-height elementor-section-height-default\" data-id=\"b9d4ef7\" data-element_type=\"section\">\n\t\t\t\t\t\t<div class=\"elementor-container elementor-column-gap-narrow\">\n\t\t\t\t\t<div class=\"elementor-column elementor-col-33 elementor-inner-column elementor-element elementor-element-56057cb\" data-id=\"56057cb\" data-element_type=\"column\" data-settings=\"{&quot;background_background&quot;:&quot;slideshow&quot;,&quot;background_slideshow_gallery&quot;:[],&quot;background_slideshow_loop&quot;:&quot;yes&quot;,&quot;background_slideshow_slide_duration&quot;:5000,&quot;background_slideshow_slide_transition&quot;:&quot;fade&quot;,&quot;background_slideshow_transition_duration&quot;:500}\">\n\t\t\t<div class=\"elementor-widget-wrap elementor-element-populated\">\n\t\t\t\t\t\t<div class=\"elementor-element elementor-element-2122af9 elementor-widget elementor-widget-image\" data-id=\"2122af9\" data-element_type=\"widget\" data-widget_type=\"image.default\">\n\t\t\t\t<div class=\"elementor-widget-container\">\n\t\t\t\t\t\t\t\t\t\t\t\t\t\t\t\t<a href=\"https:\/\/www.icip.cat\/ca\/treball-amb-diaspores\/\">\n\t\t\t\t\t\t\t<img fetchpriority=\"high\" decoding=\"async\" width=\"640\" height=\"480\" src=\"https:\/\/www.icip.cat\/wp-content\/uploads\/2025\/02\/Flickr-William-Hamon-Paris-Protest-2-1024x768.jpg\" class=\"attachment-large size-large wp-image-51878\" alt=\"\" srcset=\"https:\/\/www.icip.cat\/wp-content\/uploads\/2025\/02\/Flickr-William-Hamon-Paris-Protest-2-1024x768.jpg 1024w, https:\/\/www.icip.cat\/wp-content\/uploads\/2025\/02\/Flickr-William-Hamon-Paris-Protest-2-300x225.jpg 300w, https:\/\/www.icip.cat\/wp-content\/uploads\/2025\/02\/Flickr-William-Hamon-Paris-Protest-2-768x576.jpg 768w, https:\/\/www.icip.cat\/wp-content\/uploads\/2025\/02\/Flickr-William-Hamon-Paris-Protest-2.jpg 1440w\" sizes=\"(max-width: 640px) 100vw, 640px\" \/>\t\t\t\t\t\t\t\t<\/a>\n\t\t\t\t\t\t\t\t\t\t\t\t\t\t\t<\/div>\n\t\t\t\t<\/div>\n\t\t\t\t<div class=\"elementor-element elementor-element-5d9c845 elementor-absolute elementor-widget elementor-widget-heading\" data-id=\"5d9c845\" data-element_type=\"widget\" data-settings=\"{&quot;_position&quot;:&quot;absolute&quot;}\" data-widget_type=\"heading.default\">\n\t\t\t\t<div class=\"elementor-widget-container\">\n\t\t\t\t\t<h2 class=\"elementor-heading-title elementor-size-default\"><a href=\"https:\/\/www.icip.cat\/ca\/treball-amb-diaspores\/\">Di\u00e0spores constructores de pau<\/a><\/h2>\t\t\t\t<\/div>\n\t\t\t\t<\/div>\n\t\t\t\t\t<\/div>\n\t\t<\/div>\n\t\t\t\t<div class=\"elementor-column elementor-col-33 elementor-inner-column elementor-element elementor-element-40f9027\" data-id=\"40f9027\" data-element_type=\"column\" data-settings=\"{&quot;background_background&quot;:&quot;slideshow&quot;,&quot;background_slideshow_gallery&quot;:[],&quot;background_slideshow_loop&quot;:&quot;yes&quot;,&quot;background_slideshow_slide_duration&quot;:5000,&quot;background_slideshow_slide_transition&quot;:&quot;fade&quot;,&quot;background_slideshow_transition_duration&quot;:500}\">\n\t\t\t<div class=\"elementor-widget-wrap elementor-element-populated\">\n\t\t\t\t\t\t<div class=\"elementor-element elementor-element-11bf701 elementor-widget elementor-widget-image\" data-id=\"11bf701\" data-element_type=\"widget\" data-widget_type=\"image.default\">\n\t\t\t\t<div class=\"elementor-widget-container\">\n\t\t\t\t\t\t\t\t\t\t\t\t\t\t\t\t<a href=\"https:\/\/www.icip.cat\/ca\/construccio-de-pau-a-colombia\">\n\t\t\t\t\t\t\t<img decoding=\"async\" width=\"500\" height=\"340\" src=\"https:\/\/www.icip.cat\/wp-content\/uploads\/2025\/02\/colombia.jpg\" class=\"attachment-large size-large wp-image-51881\" alt=\"\" srcset=\"https:\/\/www.icip.cat\/wp-content\/uploads\/2025\/02\/colombia.jpg 500w, https:\/\/www.icip.cat\/wp-content\/uploads\/2025\/02\/colombia-300x204.jpg 300w\" sizes=\"(max-width: 500px) 100vw, 500px\" \/>\t\t\t\t\t\t\t\t<\/a>\n\t\t\t\t\t\t\t\t\t\t\t\t\t\t\t<\/div>\n\t\t\t\t<\/div>\n\t\t\t\t<div class=\"elementor-element elementor-element-4bafea3 elementor-absolute elementor-widget elementor-widget-heading\" data-id=\"4bafea3\" data-element_type=\"widget\" data-settings=\"{&quot;_position&quot;:&quot;absolute&quot;}\" data-widget_type=\"heading.default\">\n\t\t\t\t<div class=\"elementor-widget-container\">\n\t\t\t\t\t<h2 class=\"elementor-heading-title elementor-size-default\"><a href=\"https:\/\/www.icip.cat\/ca\/construccio-de-pau-a-colombia\">Construcci\u00f3 de pau a Col\u00f2mbia<\/a><\/h2>\t\t\t\t<\/div>\n\t\t\t\t<\/div>\n\t\t\t\t\t<\/div>\n\t\t<\/div>\n\t\t\t\t<div class=\"elementor-column elementor-col-33 elementor-inner-column elementor-element elementor-element-8a764fa\" data-id=\"8a764fa\" data-element_type=\"column\" data-settings=\"{&quot;background_background&quot;:&quot;slideshow&quot;,&quot;background_slideshow_gallery&quot;:[],&quot;background_slideshow_loop&quot;:&quot;yes&quot;,&quot;background_slideshow_slide_duration&quot;:5000,&quot;background_slideshow_slide_transition&quot;:&quot;fade&quot;,&quot;background_slideshow_transition_duration&quot;:500}\">\n\t\t\t<div class=\"elementor-widget-wrap elementor-element-populated\">\n\t\t\t\t\t\t<div class=\"elementor-element elementor-element-c888921 elementor-widget elementor-widget-image\" data-id=\"c888921\" data-element_type=\"widget\" data-widget_type=\"image.default\">\n\t\t\t\t<div class=\"elementor-widget-container\">\n\t\t\t\t\t\t\t\t\t\t\t\t\t\t\t\t<a href=\"https:\/\/www.icip.cat\/ca\/memoria-convivencia-i-reconciliacio\/experiencies-de-reconciliacio\/\">\n\t\t\t\t\t\t\t<img decoding=\"async\" width=\"640\" height=\"427\" src=\"https:\/\/www.icip.cat\/wp-content\/uploads\/2025\/02\/pexels-photo-3228726-1-scaled-1-1024x683.jpeg\" class=\"attachment-large size-large wp-image-51884\" alt=\"\" srcset=\"https:\/\/www.icip.cat\/wp-content\/uploads\/2025\/02\/pexels-photo-3228726-1-scaled-1-1024x683.jpeg 1024w, https:\/\/www.icip.cat\/wp-content\/uploads\/2025\/02\/pexels-photo-3228726-1-scaled-1-300x200.jpeg 300w, https:\/\/www.icip.cat\/wp-content\/uploads\/2025\/02\/pexels-photo-3228726-1-scaled-1-768x512.jpeg 768w, https:\/\/www.icip.cat\/wp-content\/uploads\/2025\/02\/pexels-photo-3228726-1-scaled-1-1536x1024.jpeg 1536w, https:\/\/www.icip.cat\/wp-content\/uploads\/2025\/02\/pexels-photo-3228726-1-scaled-1-2048x1366.jpeg 2048w\" sizes=\"(max-width: 640px) 100vw, 640px\" \/>\t\t\t\t\t\t\t\t<\/a>\n\t\t\t\t\t\t\t\t\t\t\t\t\t\t\t<\/div>\n\t\t\t\t<\/div>\n\t\t\t\t<div class=\"elementor-element elementor-element-15c1fea elementor-absolute elementor-widget elementor-widget-heading\" data-id=\"15c1fea\" data-element_type=\"widget\" data-settings=\"{&quot;_position&quot;:&quot;absolute&quot;}\" data-widget_type=\"heading.default\">\n\t\t\t\t<div class=\"elementor-widget-container\">\n\t\t\t\t\t<h2 class=\"elementor-heading-title elementor-size-default\"><a href=\"https:\/\/www.icip.cat\/ca\/memoria-convivencia-i-reconciliacio\/experiencies-de-reconciliacio\/\">Experi\u00e8ncies de reconciliaci\u00f3<\/a><\/h2>\t\t\t\t<\/div>\n\t\t\t\t<\/div>\n\t\t\t\t\t<\/div>\n\t\t<\/div>\n\t\t\t\t\t<\/div>\n\t\t<\/section>\n\t\t\t\t\t<\/div>\n\t\t<\/div>\n\t\t\t\t\t<\/div>\n\t\t<\/section>\n\t\t\t\t<\/div>\n\t\t","protected":false},"excerpt":{"rendered":"<p>Mem\u00f2ria, conviv\u00e8ncia i reconciliaci\u00f3 Les guerres i les dictadures generen profunds impactes socials, pol\u00edtics i psicol\u00f2gics a les societats i a les persones que han viscut experi\u00e8ncies traum\u00e0tiques. Aquests efectes no desapareixen autom\u00e0ticament amb la signatura d&#8217;acords de pau o la celebraci\u00f3 d&#8217;eleccions democr\u00e0tiques. \u00c9s imprescindible promoure processos que permetin reconstruir el teixit social i [&hellip;]<\/p>\n","protected":false},"author":1,"featured_media":0,"parent":0,"menu_order":0,"comment_status":"closed","ping_status":"closed","template":"","meta":{"_acf_changed":false,"footnotes":""},"class_list":["post-2968","page","type-page","status-publish","hentry"],"acf":[],"yoast_head":"<!-- This site is optimized with the Yoast SEO plugin v25.6 - https:\/\/yoast.com\/wordpress\/plugins\/seo\/ -->\n<title>Mem\u00f2ria, conviv\u00e8ncia i reconciliaci\u00f3 - ICIP<\/title>\n<meta name=\"robots\" content=\"index, follow, max-snippet:-1, max-image-preview:large, max-video-preview:-1\" \/>\n<link rel=\"canonical\" href=\"https:\/\/www.icip.cat\/ca\/memoria-convivencia-i-reconciliacio\/\" \/>\n<meta property=\"og:locale\" content=\"ca_ES\" \/>\n<meta property=\"og:type\" content=\"article\" \/>\n<meta property=\"og:title\" content=\"Mem\u00f2ria, conviv\u00e8ncia i reconciliaci\u00f3 - ICIP\" \/>\n<meta property=\"og:description\" content=\"Mem\u00f2ria, conviv\u00e8ncia i reconciliaci\u00f3 Les guerres i les dictadures generen profunds impactes socials, pol\u00edtics i psicol\u00f2gics a les societats i a les persones que han viscut experi\u00e8ncies traum\u00e0tiques. Aquests efectes no desapareixen autom\u00e0ticament amb la signatura d&#8217;acords de pau o la celebraci\u00f3 d&#8217;eleccions democr\u00e0tiques. \u00c9s imprescindible promoure processos que permetin reconstruir el teixit social i [&hellip;]\" \/>\n<meta property=\"og:url\" content=\"https:\/\/www.icip.cat\/ca\/memoria-convivencia-i-reconciliacio\/\" \/>\n<meta property=\"og:site_name\" content=\"ICIP\" \/>\n<meta property=\"article:modified_time\" content=\"2025-04-22T09:41:03+00:00\" \/>\n<meta property=\"og:image\" content=\"https:\/\/www.icip.cat\/wp-content\/uploads\/2025\/02\/Flickr-William-Hamon-Paris-Protest-2.jpg\" \/>\n\t<meta property=\"og:image:width\" content=\"1440\" \/>\n\t<meta property=\"og:image:height\" content=\"1080\" \/>\n\t<meta property=\"og:image:type\" content=\"image\/jpeg\" \/>\n<meta name=\"twitter:card\" content=\"summary_large_image\" \/>\n<meta name=\"twitter:label1\" content=\"Temps estimat de lectura\" \/>\n\t<meta name=\"twitter:data1\" content=\"2 minuts\" \/>\n<script type=\"application\/ld+json\" class=\"yoast-schema-graph\">{\"@context\":\"https:\/\/schema.org\",\"@graph\":[{\"@type\":\"WebPage\",\"@id\":\"https:\/\/www.icip.cat\/ca\/memoria-convivencia-i-reconciliacio\/\",\"url\":\"https:\/\/www.icip.cat\/ca\/memoria-convivencia-i-reconciliacio\/\",\"name\":\"Mem\u00f2ria, conviv\u00e8ncia i reconciliaci\u00f3 - ICIP\",\"isPartOf\":{\"@id\":\"https:\/\/www.icip.cat\/ca\/#website\"},\"primaryImageOfPage\":{\"@id\":\"https:\/\/www.icip.cat\/ca\/memoria-convivencia-i-reconciliacio\/#primaryimage\"},\"image\":{\"@id\":\"https:\/\/www.icip.cat\/ca\/memoria-convivencia-i-reconciliacio\/#primaryimage\"},\"thumbnailUrl\":\"https:\/\/www.icip.cat\/wp-content\/uploads\/2025\/02\/Flickr-William-Hamon-Paris-Protest-2-1024x768.jpg\",\"datePublished\":\"2020-11-30T08:51:43+00:00\",\"dateModified\":\"2025-04-22T09:41:03+00:00\",\"inLanguage\":\"ca\",\"potentialAction\":[{\"@type\":\"ReadAction\",\"target\":[\"https:\/\/www.icip.cat\/ca\/memoria-convivencia-i-reconciliacio\/\"]}]},{\"@type\":\"ImageObject\",\"inLanguage\":\"ca\",\"@id\":\"https:\/\/www.icip.cat\/ca\/memoria-convivencia-i-reconciliacio\/#primaryimage\",\"url\":\"https:\/\/www.icip.cat\/wp-content\/uploads\/2025\/02\/Flickr-William-Hamon-Paris-Protest-2-1024x768.jpg\",\"contentUrl\":\"https:\/\/www.icip.cat\/wp-content\/uploads\/2025\/02\/Flickr-William-Hamon-Paris-Protest-2-1024x768.jpg\"},{\"@type\":\"WebSite\",\"@id\":\"https:\/\/www.icip.cat\/ca\/#website\",\"url\":\"https:\/\/www.icip.cat\/ca\/\",\"name\":\"ICIP\",\"description\":\"\",\"publisher\":{\"@id\":\"https:\/\/www.icip.cat\/ca\/#organization\"},\"potentialAction\":[{\"@type\":\"SearchAction\",\"target\":{\"@type\":\"EntryPoint\",\"urlTemplate\":\"https:\/\/www.icip.cat\/ca\/?s={search_term_string}\"},\"query-input\":{\"@type\":\"PropertyValueSpecification\",\"valueRequired\":true,\"valueName\":\"search_term_string\"}}],\"inLanguage\":\"ca\"},{\"@type\":\"Organization\",\"@id\":\"https:\/\/www.icip.cat\/ca\/#organization\",\"name\":\"ICIP\",\"url\":\"https:\/\/www.icip.cat\/ca\/\",\"logo\":{\"@type\":\"ImageObject\",\"inLanguage\":\"ca\",\"@id\":\"https:\/\/www.icip.cat\/ca\/#\/schema\/logo\/image\/\",\"url\":\"https:\/\/www.icip.cat\/wp-content\/uploads\/2021\/02\/logo-2.png\",\"contentUrl\":\"https:\/\/www.icip.cat\/wp-content\/uploads\/2021\/02\/logo-2.png\",\"width\":562,\"height\":391,\"caption\":\"ICIP\"},\"image\":{\"@id\":\"https:\/\/www.icip.cat\/ca\/#\/schema\/logo\/image\/\"}}]}<\/script>\n<!-- \/ Yoast SEO plugin. -->","yoast_head_json":{"title":"Mem\u00f2ria, conviv\u00e8ncia i reconciliaci\u00f3 - ICIP","robots":{"index":"index","follow":"follow","max-snippet":"max-snippet:-1","max-image-preview":"max-image-preview:large","max-video-preview":"max-video-preview:-1"},"canonical":"https:\/\/www.icip.cat\/ca\/memoria-convivencia-i-reconciliacio\/","og_locale":"ca_ES","og_type":"article","og_title":"Mem\u00f2ria, conviv\u00e8ncia i reconciliaci\u00f3 - ICIP","og_description":"Mem\u00f2ria, conviv\u00e8ncia i reconciliaci\u00f3 Les guerres i les dictadures generen profunds impactes socials, pol\u00edtics i psicol\u00f2gics a les societats i a les persones que han viscut experi\u00e8ncies traum\u00e0tiques. Aquests efectes no desapareixen autom\u00e0ticament amb la signatura d&#8217;acords de pau o la celebraci\u00f3 d&#8217;eleccions democr\u00e0tiques. \u00c9s imprescindible promoure processos que permetin reconstruir el teixit social i [&hellip;]","og_url":"https:\/\/www.icip.cat\/ca\/memoria-convivencia-i-reconciliacio\/","og_site_name":"ICIP","article_modified_time":"2025-04-22T09:41:03+00:00","og_image":[{"width":1440,"height":1080,"url":"https:\/\/www.icip.cat\/wp-content\/uploads\/2025\/02\/Flickr-William-Hamon-Paris-Protest-2.jpg","type":"image\/jpeg"}],"twitter_card":"summary_large_image","twitter_misc":{"Temps estimat de lectura":"2 minuts"},"schema":{"@context":"https:\/\/schema.org","@graph":[{"@type":"WebPage","@id":"https:\/\/www.icip.cat\/ca\/memoria-convivencia-i-reconciliacio\/","url":"https:\/\/www.icip.cat\/ca\/memoria-convivencia-i-reconciliacio\/","name":"Mem\u00f2ria, conviv\u00e8ncia i reconciliaci\u00f3 - ICIP","isPartOf":{"@id":"https:\/\/www.icip.cat\/ca\/#website"},"primaryImageOfPage":{"@id":"https:\/\/www.icip.cat\/ca\/memoria-convivencia-i-reconciliacio\/#primaryimage"},"image":{"@id":"https:\/\/www.icip.cat\/ca\/memoria-convivencia-i-reconciliacio\/#primaryimage"},"thumbnailUrl":"https:\/\/www.icip.cat\/wp-content\/uploads\/2025\/02\/Flickr-William-Hamon-Paris-Protest-2-1024x768.jpg","datePublished":"2020-11-30T08:51:43+00:00","dateModified":"2025-04-22T09:41:03+00:00","inLanguage":"ca","potentialAction":[{"@type":"ReadAction","target":["https:\/\/www.icip.cat\/ca\/memoria-convivencia-i-reconciliacio\/"]}]},{"@type":"ImageObject","inLanguage":"ca","@id":"https:\/\/www.icip.cat\/ca\/memoria-convivencia-i-reconciliacio\/#primaryimage","url":"https:\/\/www.icip.cat\/wp-content\/uploads\/2025\/02\/Flickr-William-Hamon-Paris-Protest-2-1024x768.jpg","contentUrl":"https:\/\/www.icip.cat\/wp-content\/uploads\/2025\/02\/Flickr-William-Hamon-Paris-Protest-2-1024x768.jpg"},{"@type":"WebSite","@id":"https:\/\/www.icip.cat\/ca\/#website","url":"https:\/\/www.icip.cat\/ca\/","name":"ICIP","description":"","publisher":{"@id":"https:\/\/www.icip.cat\/ca\/#organization"},"potentialAction":[{"@type":"SearchAction","target":{"@type":"EntryPoint","urlTemplate":"https:\/\/www.icip.cat\/ca\/?s={search_term_string}"},"query-input":{"@type":"PropertyValueSpecification","valueRequired":true,"valueName":"search_term_string"}}],"inLanguage":"ca"},{"@type":"Organization","@id":"https:\/\/www.icip.cat\/ca\/#organization","name":"ICIP","url":"https:\/\/www.icip.cat\/ca\/","logo":{"@type":"ImageObject","inLanguage":"ca","@id":"https:\/\/www.icip.cat\/ca\/#\/schema\/logo\/image\/","url":"https:\/\/www.icip.cat\/wp-content\/uploads\/2021\/02\/logo-2.png","contentUrl":"https:\/\/www.icip.cat\/wp-content\/uploads\/2021\/02\/logo-2.png","width":562,"height":391,"caption":"ICIP"},"image":{"@id":"https:\/\/www.icip.cat\/ca\/#\/schema\/logo\/image\/"}}]}},"_links":{"self":[{"href":"https:\/\/www.icip.cat\/ca\/wp-json\/wp\/v2\/pages\/2968","targetHints":{"allow":["GET"]}}],"collection":[{"href":"https:\/\/www.icip.cat\/ca\/wp-json\/wp\/v2\/pages"}],"about":[{"href":"https:\/\/www.icip.cat\/ca\/wp-json\/wp\/v2\/types\/page"}],"author":[{"embeddable":true,"href":"https:\/\/www.icip.cat\/ca\/wp-json\/wp\/v2\/users\/1"}],"replies":[{"embeddable":true,"href":"https:\/\/www.icip.cat\/ca\/wp-json\/wp\/v2\/comments?post=2968"}],"version-history":[{"count":392,"href":"https:\/\/www.icip.cat\/ca\/wp-json\/wp\/v2\/pages\/2968\/revisions"}],"predecessor-version":[{"id":53782,"href":"https:\/\/www.icip.cat\/ca\/wp-json\/wp\/v2\/pages\/2968\/revisions\/53782"}],"wp:attachment":[{"href":"https:\/\/www.icip.cat\/ca\/wp-json\/wp\/v2\/media?parent=2968"}],"curies":[{"name":"wp","href":"https:\/\/api.w.org\/{rel}","templated":true}]}}