{"id":40130,"date":"2023-10-18T10:01:36","date_gmt":"2023-10-18T10:01:36","guid":{"rendered":"https:\/\/www.icip.cat\/conflicte-al-proxim-orient\/"},"modified":"2025-09-09T13:32:41","modified_gmt":"2025-09-09T13:32:41","slug":"conflicte-al-proxim-orient","status":"publish","type":"page","link":"https:\/\/www.icip.cat\/ca\/conflicte-al-proxim-orient\/","title":{"rendered":"Conflicte al Pr\u00f2xim Orient"},"content":{"rendered":"\t\t<div data-elementor-type=\"wp-page\" data-elementor-id=\"40130\" class=\"elementor elementor-40130 elementor-40123\" data-elementor-post-type=\"page\">\n\t\t\t\t\t\t<section class=\"elementor-section elementor-top-section elementor-element elementor-element-85a4990 elementor-section-boxed elementor-section-height-default elementor-section-height-default\" data-id=\"85a4990\" data-element_type=\"section\" data-settings=\"{&quot;background_background&quot;:&quot;classic&quot;}\">\n\t\t\t\t\t\t\t<div class=\"elementor-background-overlay\"><\/div>\n\t\t\t\t\t\t\t<div class=\"elementor-container elementor-column-gap-default\">\n\t\t\t\t\t<div class=\"elementor-column elementor-col-100 elementor-top-column elementor-element elementor-element-431fc5d\" data-id=\"431fc5d\" data-element_type=\"column\">\n\t\t\t<div class=\"elementor-widget-wrap elementor-element-populated\">\n\t\t\t\t\t\t<div class=\"elementor-element elementor-element-befad2f elementor-widget elementor-widget-heading\" data-id=\"befad2f\" data-element_type=\"widget\" data-widget_type=\"heading.default\">\n\t\t\t\t<div class=\"elementor-widget-container\">\n\t\t\t\t\t<h1 class=\"elementor-heading-title elementor-size-xl\">Conflicte al Pr\u00f2xim Orient<\/h1>\t\t\t\t<\/div>\n\t\t\t\t<\/div>\n\t\t\t\t\t<\/div>\n\t\t<\/div>\n\t\t\t\t\t<\/div>\n\t\t<\/section>\n\t\t\t\t<section class=\"elementor-section elementor-top-section elementor-element elementor-element-3fe9a8a elementor-section-boxed elementor-section-height-default elementor-section-height-default\" data-id=\"3fe9a8a\" data-element_type=\"section\">\n\t\t\t\t\t\t<div class=\"elementor-container elementor-column-gap-default\">\n\t\t\t\t\t<div class=\"elementor-column elementor-col-100 elementor-top-column elementor-element elementor-element-c8f8ced\" data-id=\"c8f8ced\" data-element_type=\"column\">\n\t\t\t<div class=\"elementor-widget-wrap elementor-element-populated\">\n\t\t\t\t\t\t<div class=\"elementor-element elementor-element-9799253 elementor-widget elementor-widget-spacer\" data-id=\"9799253\" data-element_type=\"widget\" data-widget_type=\"spacer.default\">\n\t\t\t\t<div class=\"elementor-widget-container\">\n\t\t\t\t\t\t\t<div class=\"elementor-spacer\">\n\t\t\t<div class=\"elementor-spacer-inner\"><\/div>\n\t\t<\/div>\n\t\t\t\t\t\t<\/div>\n\t\t\t\t<\/div>\n\t\t\t\t\t<\/div>\n\t\t<\/div>\n\t\t\t\t\t<\/div>\n\t\t<\/section>\n\t\t\t\t<section class=\"elementor-section elementor-top-section elementor-element elementor-element-62dfd33 elementor-section-boxed elementor-section-height-default elementor-section-height-default\" data-id=\"62dfd33\" data-element_type=\"section\">\n\t\t\t\t\t\t<div class=\"elementor-container elementor-column-gap-default\">\n\t\t\t\t\t<div class=\"elementor-column elementor-col-100 elementor-top-column elementor-element elementor-element-4614b33\" data-id=\"4614b33\" data-element_type=\"column\">\n\t\t\t<div class=\"elementor-widget-wrap elementor-element-populated\">\n\t\t\t\t\t\t<div class=\"elementor-element elementor-element-9c33b05 elementor-widget elementor-widget-text-editor\" data-id=\"9c33b05\" data-element_type=\"widget\" data-widget_type=\"text-editor.default\">\n\t\t\t\t<div class=\"elementor-widget-container\">\n\t\t\t\t\t\t\t\t\t<p class=\"\" data-start=\"195\" data-end=\"520\">Despr\u00e9s d\u2019una breu treva, <strong data-start=\"221\" data-end=\"262\">Israel ha repr\u00e8s els atacs sobre Gaza<\/strong>, agreujant encara m\u00e9s la cat\u00e0strofe humanit\u00e0ria a la regi\u00f3. Des de l\u2019inici de la guerra l\u2019octubre de 2023, el nombre de morts ja supera les <strong>64.000 persones<\/strong>, la majoria civils, enmig d\u2019un bloqueig que impedeix l\u2019arribada de suficient ajuda humanit\u00e0ria.<\/p><p class=\"\" data-start=\"522\" data-end=\"884\">Mentre la guerra es prolonga sense una soluci\u00f3 pol\u00edtica a l\u2019horitz\u00f3, la poblaci\u00f3 civil continua patint les conseq\u00fc\u00e8ncies devastadores del conflicte. Els atacs israelians han arrasat infraestructures essencials i han deixat centenars de milers de persones sense acc\u00e9s a aliments, aigua i atenci\u00f3 m\u00e8dica.\u00a0<\/p><p class=\"\" data-start=\"886\" data-end=\"1115\">Aix\u00ed mateix, la credibilitat de la <strong data-start=\"921\" data-end=\"998\">Uni\u00f3 Europea com a defensora dels drets humans queda greument q\u00fcestionada<\/strong> per la seva manca de resposta als crims de guerra comesos per Israel i per la inacci\u00f3 davant la crisi humanit\u00e0ria.<\/p>\t\t\t\t\t\t\t\t<\/div>\n\t\t\t\t<\/div>\n\t\t\t\t<div class=\"elementor-element elementor-element-9a43f3e elementor-align-center elementor-widget elementor-widget-button\" data-id=\"9a43f3e\" data-element_type=\"widget\" data-widget_type=\"button.default\">\n\t\t\t\t<div class=\"elementor-widget-container\">\n\t\t\t\t\t\t\t\t\t<div class=\"elementor-button-wrapper\">\n\t\t\t\t\t<a class=\"elementor-button elementor-button-link elementor-size-md\" href=\"https:\/\/www.icip.cat\/wp-content\/uploads\/2025\/01\/Comunicat-ICIP-acord-Israel-Hamas.pdf\">\n\t\t\t\t\t\t<span class=\"elementor-button-content-wrapper\">\n\t\t\t\t\t\t\t\t\t<span class=\"elementor-button-text\">Comunicat de l'ICIP sobre l'alto el foc a Gaza<\/span>\n\t\t\t\t\t<\/span>\n\t\t\t\t\t<\/a>\n\t\t\t\t<\/div>\n\t\t\t\t\t\t\t\t<\/div>\n\t\t\t\t<\/div>\n\t\t\t\t\t<\/div>\n\t\t<\/div>\n\t\t\t\t\t<\/div>\n\t\t<\/section>\n\t\t\t\t<section class=\"elementor-section elementor-top-section elementor-element elementor-element-328b356 elementor-section-boxed elementor-section-height-default elementor-section-height-default\" data-id=\"328b356\" data-element_type=\"section\">\n\t\t\t\t\t\t<div class=\"elementor-container elementor-column-gap-default\">\n\t\t\t\t\t<div class=\"elementor-column elementor-col-100 elementor-top-column elementor-element elementor-element-d83cf87\" data-id=\"d83cf87\" data-element_type=\"column\">\n\t\t\t<div class=\"elementor-widget-wrap elementor-element-populated\">\n\t\t\t\t\t\t<div class=\"elementor-element elementor-element-aec13bb elementor-widget elementor-widget-text-editor\" data-id=\"aec13bb\" data-element_type=\"widget\" data-widget_type=\"text-editor.default\">\n\t\t\t\t<div class=\"elementor-widget-container\">\n\t\t\t\t\t\t\t\t\t<p>Amb l&#8217;objectiu de fomentar la reflexi\u00f3, en aquest espai\u00a0 l&#8217;ICIP ofereix un recull d&#8217;articles que analitzen el conflicte des d&#8217;una perspectiva de pau.<\/p>\t\t\t\t\t\t\t\t<\/div>\n\t\t\t\t<\/div>\n\t\t\t\t<div class=\"elementor-element elementor-element-0eb0752 elementor-widget elementor-widget-text-editor\" data-id=\"0eb0752\" data-element_type=\"widget\" data-settings=\"{&quot;_animation&quot;:&quot;none&quot;}\" data-widget_type=\"text-editor.default\">\n\t\t\t\t<div class=\"elementor-widget-container\">\n\t\t\t\t\t\t\t\t\t<p><a href=\"https:\/\/www.icip.cat\/ca\/articles-proxim-orient\/\">Articles d&#8217;opini\u00f3<\/a><\/p>\t\t\t\t\t\t\t\t<\/div>\n\t\t\t\t<\/div>\n\t\t\t\t\t<\/div>\n\t\t<\/div>\n\t\t\t\t\t<\/div>\n\t\t<\/section>\n\t\t\t\t<section class=\"elementor-section elementor-top-section elementor-element elementor-element-db22859 elementor-section-boxed elementor-section-height-default elementor-section-height-default\" data-id=\"db22859\" data-element_type=\"section\">\n\t\t\t\t\t\t<div class=\"elementor-container elementor-column-gap-default\">\n\t\t\t\t\t<div class=\"elementor-column elementor-col-100 elementor-top-column elementor-element elementor-element-7fc3033\" data-id=\"7fc3033\" data-element_type=\"column\">\n\t\t\t<div class=\"elementor-widget-wrap elementor-element-populated\">\n\t\t\t\t\t\t<div class=\"elementor-element elementor-element-ff92fd5 elementor-widget elementor-widget-heading\" data-id=\"ff92fd5\" data-element_type=\"widget\" data-widget_type=\"heading.default\">\n\t\t\t\t<div class=\"elementor-widget-container\">\n\t\t\t\t\t<h2 class=\"elementor-heading-title elementor-size-default\">Iniciatives de pau<\/h2>\t\t\t\t<\/div>\n\t\t\t\t<\/div>\n\t\t\t\t<div class=\"elementor-element elementor-element-64c9978 elementor-widget-divider--view-line elementor-widget elementor-widget-divider\" data-id=\"64c9978\" data-element_type=\"widget\" data-widget_type=\"divider.default\">\n\t\t\t\t<div class=\"elementor-widget-container\">\n\t\t\t\t\t\t\t<div class=\"elementor-divider\">\n\t\t\t<span class=\"elementor-divider-separator\">\n\t\t\t\t\t\t<\/span>\n\t\t<\/div>\n\t\t\t\t\t\t<\/div>\n\t\t\t\t<\/div>\n\t\t\t\t<div class=\"elementor-element elementor-element-eb34e85 elementor-widget elementor-widget-text-editor\" data-id=\"eb34e85\" data-element_type=\"widget\" data-widget_type=\"text-editor.default\">\n\t\t\t\t<div class=\"elementor-widget-container\">\n\t\t\t\t\t\t\t\t\t<p>Amb les elevades xifres de v\u00edctimes, les <strong>iniciatives a favor de la pau i el di\u00e0leg<\/strong> queden sovint enterrades sota el soroll eixordador de les bombes.<\/p><p>Per\u00f2 s\u00f3n diverses les entitats que insisteixen que un altre forma de resoldre el conflicte \u00e9s possible. Aqu\u00ed trobareu informaci\u00f3 d&#8217;algunes d&#8217;aquestes iniciatives:<\/p><p class=\"x1lliihq x1plvlek xryxfnj x1n2onr6 x193iq5w xeuugli x1fj9vlw x13faqbe x1vvkbs x1s928wv xhkezso x1gmr53x x1cpjm7i x1fgarty x1943h6x x1i0vuye x1ms8i2q xo1l8bm x5n08af x10wh9bi x1wdrske x8viiok x18hxmgj\" dir=\"auto\"><strong><a href=\"https:\/\/www.standing-together.org\/2023war\">Standing Together Movement<\/a><\/strong><\/p><p dir=\"auto\"><strong><a href=\"https:\/\/www.alandforall.org\/english\/?d=ltr\">A Land for All: Two States One Homeland<\/a><\/strong><\/p><p dir=\"auto\"><strong><a href=\"https:\/\/patrir.ro\/wp-content\/uploads\/2019\/03\/Kai-Frithjof-Brand-Jacobsen-Palestine-Israel-Improving-Civil-Society-Peacebuilding-Strategies-Design-and-Impact-English.pdf\">Palestine and Israel: Improving Civil Society Peacebuilding Strategies, Design and Impact<\/a><\/strong><\/p>\t\t\t\t\t\t\t\t<\/div>\n\t\t\t\t<\/div>\n\t\t\t\t<div class=\"elementor-element elementor-element-6ab823d elementor-widget-divider--view-line elementor-widget elementor-widget-divider\" data-id=\"6ab823d\" data-element_type=\"widget\" data-widget_type=\"divider.default\">\n\t\t\t\t<div class=\"elementor-widget-container\">\n\t\t\t\t\t\t\t<div class=\"elementor-divider\">\n\t\t\t<span class=\"elementor-divider-separator\">\n\t\t\t\t\t\t<\/span>\n\t\t<\/div>\n\t\t\t\t\t\t<\/div>\n\t\t\t\t<\/div>\n\t\t\t\t<div class=\"elementor-element elementor-element-453d041 elementor-widget elementor-widget-heading\" data-id=\"453d041\" data-element_type=\"widget\" data-widget_type=\"heading.default\">\n\t\t\t\t<div class=\"elementor-widget-container\">\n\t\t\t\t\t<h2 class=\"elementor-heading-title elementor-size-default\">C\u00e0psules de Pau<\/h2>\t\t\t\t<\/div>\n\t\t\t\t<\/div>\n\t\t\t\t<div class=\"elementor-element elementor-element-2ee1d80 elementor-widget elementor-widget-text-editor\" data-id=\"2ee1d80\" data-element_type=\"widget\" data-widget_type=\"text-editor.default\">\n\t\t\t\t<div class=\"elementor-widget-container\">\n\t\t\t\t\t\t\t\t\t<p>En el projecte &#8220;<a href=\"https:\/\/www.icip.cat\/ca\/capsules-de-pau\/\">C\u00e0psules de Pau<\/a>&#8221; recollim les visions de pau del\u00a0coordinador del Lebanese Palestinian Dialogue Forum, <strong>Jaber Suleiman<\/strong>, l&#8217;activista israeliana membre de Combatants for Peace <strong>Iris Gur<\/strong>, i el metge i fundador del partit Iniciativa Nacional Palestina <strong>Mustafa Barghouti<\/strong>.<\/p>\t\t\t\t\t\t\t\t<\/div>\n\t\t\t\t<\/div>\n\t\t\t\t<section class=\"elementor-section elementor-inner-section elementor-element elementor-element-751716b elementor-section-boxed elementor-section-height-default elementor-section-height-default\" data-id=\"751716b\" data-element_type=\"section\">\n\t\t\t\t\t\t<div class=\"elementor-container elementor-column-gap-default\">\n\t\t\t\t\t<div class=\"elementor-column elementor-col-50 elementor-inner-column elementor-element elementor-element-dd86ec4\" data-id=\"dd86ec4\" data-element_type=\"column\">\n\t\t\t<div class=\"elementor-widget-wrap elementor-element-populated\">\n\t\t\t\t\t\t<div class=\"elementor-element elementor-element-648a3d9 elementor-widget elementor-widget-video\" data-id=\"648a3d9\" data-element_type=\"widget\" data-settings=\"{&quot;youtube_url&quot;:&quot;https:\\\/\\\/youtu.be\\\/8jLa6oHdJtI?si=1D9nG9lJRxd1QpRU&quot;,&quot;video_type&quot;:&quot;youtube&quot;,&quot;controls&quot;:&quot;yes&quot;}\" data-widget_type=\"video.default\">\n\t\t\t\t<div class=\"elementor-widget-container\">\n\t\t\t\t\t\t\t<div class=\"elementor-wrapper elementor-open-inline\">\n\t\t\t<div class=\"elementor-video\"><\/div>\t\t<\/div>\n\t\t\t\t\t\t<\/div>\n\t\t\t\t<\/div>\n\t\t\t\t\t<\/div>\n\t\t<\/div>\n\t\t\t\t<div class=\"elementor-column elementor-col-50 elementor-inner-column elementor-element elementor-element-07c1677\" data-id=\"07c1677\" data-element_type=\"column\">\n\t\t\t<div class=\"elementor-widget-wrap elementor-element-populated\">\n\t\t\t\t\t\t<div class=\"elementor-element elementor-element-1c0e2ef elementor-widget elementor-widget-video\" data-id=\"1c0e2ef\" data-element_type=\"widget\" data-settings=\"{&quot;youtube_url&quot;:&quot;https:\\\/\\\/www.youtube.com\\\/watch?v=Gf1jfsF_tmo&quot;,&quot;video_type&quot;:&quot;youtube&quot;,&quot;controls&quot;:&quot;yes&quot;}\" data-widget_type=\"video.default\">\n\t\t\t\t<div class=\"elementor-widget-container\">\n\t\t\t\t\t\t\t<div class=\"elementor-wrapper elementor-open-inline\">\n\t\t\t<div class=\"elementor-video\"><\/div>\t\t<\/div>\n\t\t\t\t\t\t<\/div>\n\t\t\t\t<\/div>\n\t\t\t\t<div class=\"elementor-element elementor-element-2777dd1 elementor-widget elementor-widget-video\" data-id=\"2777dd1\" data-element_type=\"widget\" data-settings=\"{&quot;youtube_url&quot;:&quot;https:\\\/\\\/www.youtube.com\\\/watch?v=_saLCcwVORI&quot;,&quot;video_type&quot;:&quot;youtube&quot;,&quot;controls&quot;:&quot;yes&quot;}\" data-widget_type=\"video.default\">\n\t\t\t\t<div class=\"elementor-widget-container\">\n\t\t\t\t\t\t\t<div class=\"elementor-wrapper elementor-open-inline\">\n\t\t\t<div class=\"elementor-video\"><\/div>\t\t<\/div>\n\t\t\t\t\t\t<\/div>\n\t\t\t\t<\/div>\n\t\t\t\t\t<\/div>\n\t\t<\/div>\n\t\t\t\t\t<\/div>\n\t\t<\/section>\n\t\t\t\t<div class=\"elementor-element elementor-element-9cd6b07 elementor-widget-divider--view-line elementor-widget elementor-widget-divider\" data-id=\"9cd6b07\" data-element_type=\"widget\" data-widget_type=\"divider.default\">\n\t\t\t\t<div class=\"elementor-widget-container\">\n\t\t\t\t\t\t\t<div class=\"elementor-divider\">\n\t\t\t<span class=\"elementor-divider-separator\">\n\t\t\t\t\t\t<\/span>\n\t\t<\/div>\n\t\t\t\t\t\t<\/div>\n\t\t\t\t<\/div>\n\t\t\t\t<div class=\"elementor-element elementor-element-6d5adf6 elementor-widget elementor-widget-text-editor\" data-id=\"6d5adf6\" data-element_type=\"widget\" data-widget_type=\"text-editor.default\">\n\t\t\t\t<div class=\"elementor-widget-container\">\n\t\t\t\t\t\t\t\t\t<p>En aquest apartat podeu llegir els comunicats fets p\u00fablics per entitats i institucions de condemna de la viol\u00e8ncia.<\/p>\t\t\t\t\t\t\t\t<\/div>\n\t\t\t\t<\/div>\n\t\t\t\t<div class=\"elementor-element elementor-element-75058c6 elementor-widget elementor-widget-text-editor\" data-id=\"75058c6\" data-element_type=\"widget\" data-settings=\"{&quot;_animation&quot;:&quot;none&quot;}\" data-widget_type=\"text-editor.default\">\n\t\t\t\t<div class=\"elementor-widget-container\">\n\t\t\t\t\t\t\t\t\t<p><a href=\"https:\/\/www.icip.cat\/ca\/comunicats-proxim-orient\/\">COMUNICATS D&#8217;ENTITATS I INSTITUCIONS<\/a><\/p>\t\t\t\t\t\t\t\t<\/div>\n\t\t\t\t<\/div>\n\t\t\t\t\t<\/div>\n\t\t<\/div>\n\t\t\t\t\t<\/div>\n\t\t<\/section>\n\t\t\t\t<\/div>\n\t\t","protected":false},"excerpt":{"rendered":"<p>Conflicte al Pr\u00f2xim Orient Despr\u00e9s d\u2019una breu treva, Israel ha repr\u00e8s els atacs sobre Gaza, agreujant encara m\u00e9s la cat\u00e0strofe humanit\u00e0ria a la regi\u00f3. Des de l\u2019inici de la guerra l\u2019octubre de 2023, el nombre de morts ja supera les 64.000 persones, la majoria civils, enmig d\u2019un bloqueig que impedeix l\u2019arribada de suficient ajuda humanit\u00e0ria. [&hellip;]<\/p>\n","protected":false},"author":4,"featured_media":0,"parent":0,"menu_order":0,"comment_status":"closed","ping_status":"closed","template":"","meta":{"_acf_changed":false,"footnotes":""},"class_list":["post-40130","page","type-page","status-publish","hentry"],"acf":[],"yoast_head":"<!-- This site is optimized with the Yoast SEO plugin v25.6 - https:\/\/yoast.com\/wordpress\/plugins\/seo\/ -->\n<title>Conflicte al Pr\u00f2xim Orient - ICIP<\/title>\n<meta name=\"description\" content=\"P\u00e0gina especial de l&#039;Institut Catal\u00e0 Internacional per la Pau amb lectures i recursos sobre amb perspectiva de pau.\" \/>\n<meta name=\"robots\" content=\"index, follow, max-snippet:-1, max-image-preview:large, max-video-preview:-1\" \/>\n<link rel=\"canonical\" href=\"https:\/\/www.icip.cat\/es\/conflicto-en-oriente-proximo\/\" \/>\n<meta property=\"og:locale\" content=\"ca_ES\" \/>\n<meta property=\"og:type\" content=\"article\" \/>\n<meta property=\"og:title\" content=\"Conflicte al Pr\u00f2xim Orient - ICIP\" \/>\n<meta property=\"og:description\" content=\"P\u00e0gina especial de l&#039;Institut Catal\u00e0 Internacional per la Pau amb lectures i recursos sobre amb perspectiva de pau.\" \/>\n<meta property=\"og:url\" content=\"https:\/\/www.icip.cat\/es\/conflicto-en-oriente-proximo\/\" \/>\n<meta property=\"og:site_name\" content=\"ICIP\" \/>\n<meta property=\"article:modified_time\" content=\"2025-09-09T13:32:41+00:00\" \/>\n<meta name=\"twitter:card\" content=\"summary_large_image\" \/>\n<meta name=\"twitter:label1\" content=\"Temps estimat de lectura\" \/>\n\t<meta name=\"twitter:data1\" content=\"2 minuts\" \/>\n<script type=\"application\/ld+json\" class=\"yoast-schema-graph\">{\"@context\":\"https:\/\/schema.org\",\"@graph\":[{\"@type\":\"WebPage\",\"@id\":\"https:\/\/www.icip.cat\/es\/conflicto-en-oriente-proximo\/\",\"url\":\"https:\/\/www.icip.cat\/es\/conflicto-en-oriente-proximo\/\",\"name\":\"Conflicte al Pr\u00f2xim Orient - ICIP\",\"isPartOf\":{\"@id\":\"https:\/\/www.icip.cat\/ca\/#website\"},\"datePublished\":\"2023-10-18T10:01:36+00:00\",\"dateModified\":\"2025-09-09T13:32:41+00:00\",\"description\":\"P\u00e0gina especial de l'Institut Catal\u00e0 Internacional per la Pau amb lectures i recursos sobre amb perspectiva de pau.\",\"inLanguage\":\"ca\",\"potentialAction\":[{\"@type\":\"ReadAction\",\"target\":[\"https:\/\/www.icip.cat\/es\/conflicto-en-oriente-proximo\/\"]}]},{\"@type\":\"WebSite\",\"@id\":\"https:\/\/www.icip.cat\/ca\/#website\",\"url\":\"https:\/\/www.icip.cat\/ca\/\",\"name\":\"ICIP\",\"description\":\"\",\"publisher\":{\"@id\":\"https:\/\/www.icip.cat\/ca\/#organization\"},\"potentialAction\":[{\"@type\":\"SearchAction\",\"target\":{\"@type\":\"EntryPoint\",\"urlTemplate\":\"https:\/\/www.icip.cat\/ca\/?s={search_term_string}\"},\"query-input\":{\"@type\":\"PropertyValueSpecification\",\"valueRequired\":true,\"valueName\":\"search_term_string\"}}],\"inLanguage\":\"ca\"},{\"@type\":\"Organization\",\"@id\":\"https:\/\/www.icip.cat\/ca\/#organization\",\"name\":\"ICIP\",\"url\":\"https:\/\/www.icip.cat\/ca\/\",\"logo\":{\"@type\":\"ImageObject\",\"inLanguage\":\"ca\",\"@id\":\"https:\/\/www.icip.cat\/ca\/#\/schema\/logo\/image\/\",\"url\":\"https:\/\/www.icip.cat\/wp-content\/uploads\/2021\/02\/logo-2.png\",\"contentUrl\":\"https:\/\/www.icip.cat\/wp-content\/uploads\/2021\/02\/logo-2.png\",\"width\":562,\"height\":391,\"caption\":\"ICIP\"},\"image\":{\"@id\":\"https:\/\/www.icip.cat\/ca\/#\/schema\/logo\/image\/\"}}]}<\/script>\n<!-- \/ Yoast SEO plugin. -->","yoast_head_json":{"title":"Conflicte al Pr\u00f2xim Orient - ICIP","description":"P\u00e0gina especial de l'Institut Catal\u00e0 Internacional per la Pau amb lectures i recursos sobre amb perspectiva de pau.","robots":{"index":"index","follow":"follow","max-snippet":"max-snippet:-1","max-image-preview":"max-image-preview:large","max-video-preview":"max-video-preview:-1"},"canonical":"https:\/\/www.icip.cat\/es\/conflicto-en-oriente-proximo\/","og_locale":"ca_ES","og_type":"article","og_title":"Conflicte al Pr\u00f2xim Orient - ICIP","og_description":"P\u00e0gina especial de l'Institut Catal\u00e0 Internacional per la Pau amb lectures i recursos sobre amb perspectiva de pau.","og_url":"https:\/\/www.icip.cat\/es\/conflicto-en-oriente-proximo\/","og_site_name":"ICIP","article_modified_time":"2025-09-09T13:32:41+00:00","twitter_card":"summary_large_image","twitter_misc":{"Temps estimat de lectura":"2 minuts"},"schema":{"@context":"https:\/\/schema.org","@graph":[{"@type":"WebPage","@id":"https:\/\/www.icip.cat\/es\/conflicto-en-oriente-proximo\/","url":"https:\/\/www.icip.cat\/es\/conflicto-en-oriente-proximo\/","name":"Conflicte al Pr\u00f2xim Orient - ICIP","isPartOf":{"@id":"https:\/\/www.icip.cat\/ca\/#website"},"datePublished":"2023-10-18T10:01:36+00:00","dateModified":"2025-09-09T13:32:41+00:00","description":"P\u00e0gina especial de l'Institut Catal\u00e0 Internacional per la Pau amb lectures i recursos sobre amb perspectiva de pau.","inLanguage":"ca","potentialAction":[{"@type":"ReadAction","target":["https:\/\/www.icip.cat\/es\/conflicto-en-oriente-proximo\/"]}]},{"@type":"WebSite","@id":"https:\/\/www.icip.cat\/ca\/#website","url":"https:\/\/www.icip.cat\/ca\/","name":"ICIP","description":"","publisher":{"@id":"https:\/\/www.icip.cat\/ca\/#organization"},"potentialAction":[{"@type":"SearchAction","target":{"@type":"EntryPoint","urlTemplate":"https:\/\/www.icip.cat\/ca\/?s={search_term_string}"},"query-input":{"@type":"PropertyValueSpecification","valueRequired":true,"valueName":"search_term_string"}}],"inLanguage":"ca"},{"@type":"Organization","@id":"https:\/\/www.icip.cat\/ca\/#organization","name":"ICIP","url":"https:\/\/www.icip.cat\/ca\/","logo":{"@type":"ImageObject","inLanguage":"ca","@id":"https:\/\/www.icip.cat\/ca\/#\/schema\/logo\/image\/","url":"https:\/\/www.icip.cat\/wp-content\/uploads\/2021\/02\/logo-2.png","contentUrl":"https:\/\/www.icip.cat\/wp-content\/uploads\/2021\/02\/logo-2.png","width":562,"height":391,"caption":"ICIP"},"image":{"@id":"https:\/\/www.icip.cat\/ca\/#\/schema\/logo\/image\/"}}]}},"_links":{"self":[{"href":"https:\/\/www.icip.cat\/ca\/wp-json\/wp\/v2\/pages\/40130","targetHints":{"allow":["GET"]}}],"collection":[{"href":"https:\/\/www.icip.cat\/ca\/wp-json\/wp\/v2\/pages"}],"about":[{"href":"https:\/\/www.icip.cat\/ca\/wp-json\/wp\/v2\/types\/page"}],"author":[{"embeddable":true,"href":"https:\/\/www.icip.cat\/ca\/wp-json\/wp\/v2\/users\/4"}],"replies":[{"embeddable":true,"href":"https:\/\/www.icip.cat\/ca\/wp-json\/wp\/v2\/comments?post=40130"}],"version-history":[{"count":342,"href":"https:\/\/www.icip.cat\/ca\/wp-json\/wp\/v2\/pages\/40130\/revisions"}],"predecessor-version":[{"id":56709,"href":"https:\/\/www.icip.cat\/ca\/wp-json\/wp\/v2\/pages\/40130\/revisions\/56709"}],"wp:attachment":[{"href":"https:\/\/www.icip.cat\/ca\/wp-json\/wp\/v2\/media?parent=40130"}],"curies":[{"name":"wp","href":"https:\/\/api.w.org\/{rel}","templated":true}]}}