{"id":41055,"date":"2023-11-14T11:26:54","date_gmt":"2023-11-14T11:26:54","guid":{"rendered":"https:\/\/www.icip.cat\/?page_id=41055"},"modified":"2023-11-14T12:37:49","modified_gmt":"2023-11-14T12:37:49","slug":"comunicats-proxim-orient","status":"publish","type":"page","link":"https:\/\/www.icip.cat\/ca\/comunicats-proxim-orient\/","title":{"rendered":"Comunicats Pr\u00f2xim Orient"},"content":{"rendered":"\t\t<div data-elementor-type=\"wp-page\" data-elementor-id=\"41055\" class=\"elementor elementor-41055\" data-elementor-post-type=\"page\">\n\t\t\t\t\t\t<section class=\"elementor-section elementor-top-section elementor-element elementor-element-2bd5e3c elementor-section-boxed elementor-section-height-default elementor-section-height-default\" data-id=\"2bd5e3c\" data-element_type=\"section\" data-settings=\"{&quot;background_background&quot;:&quot;classic&quot;}\">\n\t\t\t\t\t\t\t<div class=\"elementor-background-overlay\"><\/div>\n\t\t\t\t\t\t\t<div class=\"elementor-container elementor-column-gap-default\">\n\t\t\t\t\t<div class=\"elementor-column elementor-col-100 elementor-top-column elementor-element elementor-element-22e4fc8\" data-id=\"22e4fc8\" data-element_type=\"column\">\n\t\t\t<div class=\"elementor-widget-wrap elementor-element-populated\">\n\t\t\t\t\t\t<div class=\"elementor-element elementor-element-757996f elementor-widget elementor-widget-heading\" data-id=\"757996f\" data-element_type=\"widget\" data-widget_type=\"heading.default\">\n\t\t\t\t<div class=\"elementor-widget-container\">\n\t\t\t\t\t<h1 class=\"elementor-heading-title elementor-size-xl\">Conflicte al Pr\u00f2xim Orient<\/h1>\t\t\t\t<\/div>\n\t\t\t\t<\/div>\n\t\t\t\t\t<\/div>\n\t\t<\/div>\n\t\t\t\t\t<\/div>\n\t\t<\/section>\n\t\t\t\t<section class=\"elementor-section elementor-top-section elementor-element elementor-element-1794e48 elementor-section-boxed elementor-section-height-default elementor-section-height-default\" data-id=\"1794e48\" data-element_type=\"section\">\n\t\t\t\t\t\t<div class=\"elementor-container elementor-column-gap-default\">\n\t\t\t\t\t<div class=\"elementor-column elementor-col-100 elementor-top-column elementor-element elementor-element-d0da356\" data-id=\"d0da356\" data-element_type=\"column\">\n\t\t\t<div class=\"elementor-widget-wrap elementor-element-populated\">\n\t\t\t\t\t\t<div class=\"elementor-element elementor-element-e2d66fb elementor-widget elementor-widget-heading\" data-id=\"e2d66fb\" data-element_type=\"widget\" data-widget_type=\"heading.default\">\n\t\t\t\t<div class=\"elementor-widget-container\">\n\t\t\t\t\t<h2 class=\"elementor-heading-title elementor-size-default\">Comunicats<\/h2>\t\t\t\t<\/div>\n\t\t\t\t<\/div>\n\t\t\t\t\t<\/div>\n\t\t<\/div>\n\t\t\t\t\t<\/div>\n\t\t<\/section>\n\t\t\t\t<section class=\"elementor-section elementor-top-section elementor-element elementor-element-b63f197 elementor-section-boxed elementor-section-height-default elementor-section-height-default\" data-id=\"b63f197\" data-element_type=\"section\">\n\t\t\t\t\t\t<div class=\"elementor-container elementor-column-gap-default\">\n\t\t\t\t\t<div class=\"elementor-column elementor-col-100 elementor-top-column elementor-element elementor-element-9a1d6f9\" data-id=\"9a1d6f9\" data-element_type=\"column\">\n\t\t\t<div class=\"elementor-widget-wrap elementor-element-populated\">\n\t\t\t\t\t\t<div class=\"elementor-element elementor-element-fe311cf elementor-widget-divider--view-line elementor-widget elementor-widget-divider\" data-id=\"fe311cf\" data-element_type=\"widget\" data-widget_type=\"divider.default\">\n\t\t\t\t<div class=\"elementor-widget-container\">\n\t\t\t\t\t\t\t<div class=\"elementor-divider\">\n\t\t\t<span class=\"elementor-divider-separator\">\n\t\t\t\t\t\t<\/span>\n\t\t<\/div>\n\t\t\t\t\t\t<\/div>\n\t\t\t\t<\/div>\n\t\t\t\t<div class=\"elementor-element elementor-element-f911659 elementor-widget elementor-widget-text-editor\" data-id=\"f911659\" data-element_type=\"widget\" data-widget_type=\"text-editor.default\">\n\t\t\t\t<div class=\"elementor-widget-container\">\n\t\t\t\t\t\t\t\t\t<p><a href=\"https:\/\/www.acup.cat\/ca\/noticia\/comunicat-de-lassociacio-duniversitats-publiques-catalanes-arran-de-lescalada-bellica\"><strong>Comunicat de l&#8217;Associaci\u00f3 d&#8217;Universitats P\u00fabliques Catalanes arran de l&#8217;escalada b\u00e8l\u00b7lica a Orient Mitj\u00e0<\/strong><\/a> (11\/10\/2023)<\/p><p><a style=\"background-color: #ffffff;\" href=\"https:\/\/x.com\/btselem\/status\/1712734338628866225?s=20\"><strong>Comunicat de B\u2019tselem<\/strong><\/a>, The Israel Information Center for Human Rights in the Occupied Territories (13\/10\/2023)<\/p><p><strong><a href=\"https:\/\/www.icrc.org\/es\/document\/israel-y-los-territorios-ocupados-la-orden-de-evacuacion-de-gaza-tiene-consecuencias-catastroficas-plano-humanitario?utm_source=twitter&amp;utm_medium=social&amp;linkId=100000222150246\">Comunicat del Comit\u00e8 Internacional de la Creu Roja<\/a><\/strong> (13\/10\/2023)<\/p><p><a href=\"https:\/\/x.com\/WomenWagePeace\/status\/1713486263653687410?s=20\"><strong>Comunicat de Women Wage Peace<\/strong><\/a>, moviment de dones pacifistes israelianes (15\/10\/2023)<\/p><p><a href=\"https:\/\/twailr.com\/wp-content\/uploads\/2023\/10\/Gaza-public-statement-and-signatories.pdf\"><strong>Comunicat d&#8217;acad\u00e8mics de dret internacional i estudi de conflictes i genocidis<\/strong><\/a> (15\/10\/2023)<\/p><p><a href=\"https:\/\/wilpf.es\/llamamiento-urgente-de-la-secretaria-general-de-wilpf-para-la-prevencion-del-genocidio\/\"><strong>Comunicat de WILPF Espa\u00f1a<\/strong><\/a><\/p><p><strong><a href=\"https:\/\/www.arab-reform.net\/publication\/palestinian-lives-matter-and-other-key-principles\/\">Comunicat d&#8217;Arab Reform Initiative<\/a><\/strong> (17\/10\/2023)<\/p><p class=\"heading--2 hero-1__title\" role=\"heading\" aria-level=\"1\"><strong><a href=\"https:\/\/www.ohchr.org\/en\/press-releases\/2023\/10\/gaza-un-experts-decry-bombing-hospitals-and-schools-crimes-against-humanity\">UN experts decry bombing of hospitals and schools as crimes against humanity, call for prevention of genocide<\/a><\/strong> (19\/10\/2023)<\/p><p><a href=\"https:\/\/www.wilpf.org\/advocacy_documents\/letter-to-permanent-missions-to-the-united-nations-in-new-york-and-geneva\/\"><strong>Carta de WILPF a les Nacions Unides a favor d&#8217;un alto el foc<\/strong><\/a> (25\/10\/2023)<\/p><p><a href=\"https:\/\/www.icip.cat\/wp-content\/uploads\/2023\/11\/20231026_DeclaracioCCFP_Israel-Palestina.pdf\"><strong>Declaraci\u00f3 del Consell Catal\u00e0 de Foment de la Pau<\/strong><\/a>\u00a0(26\/10\/2023)<\/p><p><a href=\"https:\/\/www.amnistiacatalunya.org\/en-que-treballem\/noticies-dactualitat\/noticies-dactualitat\/articulo\/israel-tpo-crida-urgent-dalto-el-foc-immediat-respectat-per-totes-les-parts-i-que-posi-fi-al-patiment-de-la-poblacio-civil\/\"><strong>Comunicat d&#8217;Amnistia Internacional<\/strong><\/a> (26\/10\/2023)<\/p><p><a href=\"https:\/\/www.btselem.org\/press_releases\/20231029_joint_emergency_call_to_the_international_community_stop_the_forcible_transfer_in_the_west_bank\"><strong>Comunicat de 30 ONG israelianes de Drets Humans sobre Cisjord\u00e0nia <\/strong><\/a>(29\/10\/2023)<\/p><p><a href=\"https:\/\/coordinadoraongd.org\/2023\/10\/israel-y-gaza-mas-de-650-de-organizaciones-espanolas-piden-un-alto-el-fuego-inmediato\/\"><strong>Comunicat de la<\/strong> <strong>Coordinadora de Organizaciones para el Desarrollo <\/strong><\/a>(30\/10\/2023)<\/p><p><a href=\"https:\/\/icanpeacework.org\/2023\/11\/wasl-statement-end-the-killings-and-violence-in-palestine-and-israel\/\"><strong>Comunicat de WASL (Women\u2019s Alliance for Security Leadership): 7 punts per acabar amb els assassinats i la viol\u00e8ncia a Palestina i Israel<\/strong><\/a> (1\/11\/2023)<\/p><p><a href=\"https:\/\/www.aepdiri.org\/index.php\/actividades-aepdiri\/declaracion-gaza\"><strong>Declaraci\u00f3 de professorat de Dret Internacional i Relacions Internacionals (AEPDIRI) sobre la situaci\u00f3 a Gaza<\/strong><\/a> (2\/11\/2023)<\/p><p><a href=\"https:\/\/interagencystandingcommittee.org\/inter-agency-standing-committee\/we-need-immediate-humanitarian-ceasefire-statement-principals-inter-agency-standing-committee\"><strong>Comunicat dels directors del Comit\u00e8 Permanent Interinstitucional<\/strong><\/a> (IASC) (5\/11\/2023)<\/p><p><a href=\"https:\/\/enpiedepaz.org\/llamamiento-a-quienes-apoyan-la-paz\/\"><strong>Declaraci\u00f3 conjunta judeo-\u00e0rab per la pau<\/strong> <\/a>(7\/11\/2023)<\/p>\t\t\t\t\t\t\t\t<\/div>\n\t\t\t\t<\/div>\n\t\t\t\t\t<\/div>\n\t\t<\/div>\n\t\t\t\t\t<\/div>\n\t\t<\/section>\n\t\t\t\t<section class=\"elementor-section elementor-top-section elementor-element elementor-element-dd35399 elementor-section-boxed elementor-section-height-default elementor-section-height-default\" data-id=\"dd35399\" data-element_type=\"section\">\n\t\t\t\t\t\t<div class=\"elementor-container elementor-column-gap-default\">\n\t\t\t\t\t<div class=\"elementor-column elementor-col-100 elementor-top-column elementor-element elementor-element-a13d975\" data-id=\"a13d975\" data-element_type=\"column\">\n\t\t\t<div class=\"elementor-widget-wrap elementor-element-populated\">\n\t\t\t\t\t\t<div class=\"elementor-element elementor-element-6a8c922 elementor-widget elementor-widget-image\" data-id=\"6a8c922\" data-element_type=\"widget\" data-widget_type=\"image.default\">\n\t\t\t\t<div class=\"elementor-widget-container\">\n\t\t\t\t\t\t\t\t\t\t\t\t\t\t\t<img fetchpriority=\"high\" decoding=\"async\" width=\"640\" height=\"360\" src=\"https:\/\/www.icip.cat\/wp-content\/uploads\/2023\/11\/131649188_f002eb9e89430341b2b8d0793f48e7e243b804ab.jpg\" class=\"attachment-large size-large wp-image-41049\" alt=\"\" srcset=\"https:\/\/www.icip.cat\/wp-content\/uploads\/2023\/11\/131649188_f002eb9e89430341b2b8d0793f48e7e243b804ab.jpg 976w, https:\/\/www.icip.cat\/wp-content\/uploads\/2023\/11\/131649188_f002eb9e89430341b2b8d0793f48e7e243b804ab-300x169.jpg 300w, https:\/\/www.icip.cat\/wp-content\/uploads\/2023\/11\/131649188_f002eb9e89430341b2b8d0793f48e7e243b804ab-768x432.jpg 768w\" sizes=\"(max-width: 640px) 100vw, 640px\" \/>\t\t\t\t\t\t\t\t\t\t\t\t\t\t\t<\/div>\n\t\t\t\t<\/div>\n\t\t\t\t\t<\/div>\n\t\t<\/div>\n\t\t\t\t\t<\/div>\n\t\t<\/section>\n\t\t\t\t<section class=\"elementor-section elementor-top-section elementor-element elementor-element-8b2d70b elementor-section-boxed elementor-section-height-default elementor-section-height-default\" data-id=\"8b2d70b\" data-element_type=\"section\">\n\t\t\t\t\t\t<div class=\"elementor-container elementor-column-gap-default\">\n\t\t\t\t\t<div class=\"elementor-column elementor-col-100 elementor-top-column elementor-element elementor-element-6e19c32\" data-id=\"6e19c32\" data-element_type=\"column\">\n\t\t\t<div class=\"elementor-widget-wrap\">\n\t\t\t\t\t\t\t<\/div>\n\t\t<\/div>\n\t\t\t\t\t<\/div>\n\t\t<\/section>\n\t\t\t\t<\/div>\n\t\t","protected":false},"excerpt":{"rendered":"<p>Conflicte al Pr\u00f2xim Orient Comunicats Comunicat de l&#8217;Associaci\u00f3 d&#8217;Universitats P\u00fabliques Catalanes arran de l&#8217;escalada b\u00e8l\u00b7lica a Orient Mitj\u00e0 (11\/10\/2023) Comunicat de B\u2019tselem, The Israel Information Center for Human Rights in the Occupied Territories (13\/10\/2023) Comunicat del Comit\u00e8 Internacional de la Creu Roja (13\/10\/2023) Comunicat de Women Wage Peace, moviment de dones pacifistes israelianes (15\/10\/2023) Comunicat [&hellip;]<\/p>\n","protected":false},"author":4,"featured_media":0,"parent":0,"menu_order":0,"comment_status":"closed","ping_status":"closed","template":"","meta":{"_acf_changed":false,"footnotes":""},"class_list":["post-41055","page","type-page","status-publish","hentry"],"acf":[],"yoast_head":"<!-- This site is optimized with the Yoast SEO plugin v25.6 - https:\/\/yoast.com\/wordpress\/plugins\/seo\/ -->\n<title>Comunicats Pr\u00f2xim Orient - ICIP<\/title>\n<meta name=\"description\" content=\"L&#039;ICIP ofereix en aquest espai una s\u00e8rie d&#039;articles i posicionaments que analitzen la situaci\u00f3 des d&#039;una perspectiva de pau.\" \/>\n<meta name=\"robots\" content=\"index, follow, max-snippet:-1, max-image-preview:large, max-video-preview:-1\" \/>\n<link rel=\"canonical\" href=\"https:\/\/www.icip.cat\/ca\/comunicats-proxim-orient\/\" \/>\n<meta property=\"og:locale\" content=\"ca_ES\" \/>\n<meta property=\"og:type\" content=\"article\" \/>\n<meta property=\"og:title\" content=\"Comunicats Pr\u00f2xim Orient - ICIP\" \/>\n<meta property=\"og:description\" content=\"L&#039;ICIP ofereix en aquest espai una s\u00e8rie d&#039;articles i posicionaments que analitzen la situaci\u00f3 des d&#039;una perspectiva de pau.\" \/>\n<meta property=\"og:url\" content=\"https:\/\/www.icip.cat\/ca\/comunicats-proxim-orient\/\" \/>\n<meta property=\"og:site_name\" content=\"ICIP\" \/>\n<meta property=\"article:modified_time\" content=\"2023-11-14T12:37:49+00:00\" \/>\n<meta property=\"og:image\" content=\"http:\/\/www.icip.cat\/wp-content\/uploads\/2023\/11\/131649188_f002eb9e89430341b2b8d0793f48e7e243b804ab.jpg\" \/>\n<meta name=\"twitter:card\" content=\"summary_large_image\" \/>\n<meta name=\"twitter:label1\" content=\"Temps estimat de lectura\" \/>\n\t<meta name=\"twitter:data1\" content=\"2 minuts\" \/>\n<script type=\"application\/ld+json\" class=\"yoast-schema-graph\">{\"@context\":\"https:\/\/schema.org\",\"@graph\":[{\"@type\":\"WebPage\",\"@id\":\"https:\/\/www.icip.cat\/ca\/comunicats-proxim-orient\/\",\"url\":\"https:\/\/www.icip.cat\/ca\/comunicats-proxim-orient\/\",\"name\":\"Comunicats Pr\u00f2xim Orient - ICIP\",\"isPartOf\":{\"@id\":\"https:\/\/www.icip.cat\/ca\/#website\"},\"primaryImageOfPage\":{\"@id\":\"https:\/\/www.icip.cat\/ca\/comunicats-proxim-orient\/#primaryimage\"},\"image\":{\"@id\":\"https:\/\/www.icip.cat\/ca\/comunicats-proxim-orient\/#primaryimage\"},\"thumbnailUrl\":\"http:\/\/www.icip.cat\/wp-content\/uploads\/2023\/11\/131649188_f002eb9e89430341b2b8d0793f48e7e243b804ab.jpg\",\"datePublished\":\"2023-11-14T11:26:54+00:00\",\"dateModified\":\"2023-11-14T12:37:49+00:00\",\"description\":\"L'ICIP ofereix en aquest espai una s\u00e8rie d'articles i posicionaments que analitzen la situaci\u00f3 des d'una perspectiva de pau.\",\"inLanguage\":\"ca\",\"potentialAction\":[{\"@type\":\"ReadAction\",\"target\":[\"https:\/\/www.icip.cat\/ca\/comunicats-proxim-orient\/\"]}]},{\"@type\":\"ImageObject\",\"inLanguage\":\"ca\",\"@id\":\"https:\/\/www.icip.cat\/ca\/comunicats-proxim-orient\/#primaryimage\",\"url\":\"http:\/\/www.icip.cat\/wp-content\/uploads\/2023\/11\/131649188_f002eb9e89430341b2b8d0793f48e7e243b804ab.jpg\",\"contentUrl\":\"http:\/\/www.icip.cat\/wp-content\/uploads\/2023\/11\/131649188_f002eb9e89430341b2b8d0793f48e7e243b804ab.jpg\"},{\"@type\":\"WebSite\",\"@id\":\"https:\/\/www.icip.cat\/ca\/#website\",\"url\":\"https:\/\/www.icip.cat\/ca\/\",\"name\":\"ICIP\",\"description\":\"\",\"publisher\":{\"@id\":\"https:\/\/www.icip.cat\/ca\/#organization\"},\"potentialAction\":[{\"@type\":\"SearchAction\",\"target\":{\"@type\":\"EntryPoint\",\"urlTemplate\":\"https:\/\/www.icip.cat\/ca\/?s={search_term_string}\"},\"query-input\":{\"@type\":\"PropertyValueSpecification\",\"valueRequired\":true,\"valueName\":\"search_term_string\"}}],\"inLanguage\":\"ca\"},{\"@type\":\"Organization\",\"@id\":\"https:\/\/www.icip.cat\/ca\/#organization\",\"name\":\"ICIP\",\"url\":\"https:\/\/www.icip.cat\/ca\/\",\"logo\":{\"@type\":\"ImageObject\",\"inLanguage\":\"ca\",\"@id\":\"https:\/\/www.icip.cat\/ca\/#\/schema\/logo\/image\/\",\"url\":\"https:\/\/www.icip.cat\/wp-content\/uploads\/2021\/02\/logo-2.png\",\"contentUrl\":\"https:\/\/www.icip.cat\/wp-content\/uploads\/2021\/02\/logo-2.png\",\"width\":562,\"height\":391,\"caption\":\"ICIP\"},\"image\":{\"@id\":\"https:\/\/www.icip.cat\/ca\/#\/schema\/logo\/image\/\"}}]}<\/script>\n<!-- \/ Yoast SEO plugin. -->","yoast_head_json":{"title":"Comunicats Pr\u00f2xim Orient - ICIP","description":"L'ICIP ofereix en aquest espai una s\u00e8rie d'articles i posicionaments que analitzen la situaci\u00f3 des d'una perspectiva de pau.","robots":{"index":"index","follow":"follow","max-snippet":"max-snippet:-1","max-image-preview":"max-image-preview:large","max-video-preview":"max-video-preview:-1"},"canonical":"https:\/\/www.icip.cat\/ca\/comunicats-proxim-orient\/","og_locale":"ca_ES","og_type":"article","og_title":"Comunicats Pr\u00f2xim Orient - ICIP","og_description":"L'ICIP ofereix en aquest espai una s\u00e8rie d'articles i posicionaments que analitzen la situaci\u00f3 des d'una perspectiva de pau.","og_url":"https:\/\/www.icip.cat\/ca\/comunicats-proxim-orient\/","og_site_name":"ICIP","article_modified_time":"2023-11-14T12:37:49+00:00","og_image":[{"url":"http:\/\/www.icip.cat\/wp-content\/uploads\/2023\/11\/131649188_f002eb9e89430341b2b8d0793f48e7e243b804ab.jpg","type":"","width":"","height":""}],"twitter_card":"summary_large_image","twitter_misc":{"Temps estimat de lectura":"2 minuts"},"schema":{"@context":"https:\/\/schema.org","@graph":[{"@type":"WebPage","@id":"https:\/\/www.icip.cat\/ca\/comunicats-proxim-orient\/","url":"https:\/\/www.icip.cat\/ca\/comunicats-proxim-orient\/","name":"Comunicats Pr\u00f2xim Orient - ICIP","isPartOf":{"@id":"https:\/\/www.icip.cat\/ca\/#website"},"primaryImageOfPage":{"@id":"https:\/\/www.icip.cat\/ca\/comunicats-proxim-orient\/#primaryimage"},"image":{"@id":"https:\/\/www.icip.cat\/ca\/comunicats-proxim-orient\/#primaryimage"},"thumbnailUrl":"http:\/\/www.icip.cat\/wp-content\/uploads\/2023\/11\/131649188_f002eb9e89430341b2b8d0793f48e7e243b804ab.jpg","datePublished":"2023-11-14T11:26:54+00:00","dateModified":"2023-11-14T12:37:49+00:00","description":"L'ICIP ofereix en aquest espai una s\u00e8rie d'articles i posicionaments que analitzen la situaci\u00f3 des d'una perspectiva de pau.","inLanguage":"ca","potentialAction":[{"@type":"ReadAction","target":["https:\/\/www.icip.cat\/ca\/comunicats-proxim-orient\/"]}]},{"@type":"ImageObject","inLanguage":"ca","@id":"https:\/\/www.icip.cat\/ca\/comunicats-proxim-orient\/#primaryimage","url":"http:\/\/www.icip.cat\/wp-content\/uploads\/2023\/11\/131649188_f002eb9e89430341b2b8d0793f48e7e243b804ab.jpg","contentUrl":"http:\/\/www.icip.cat\/wp-content\/uploads\/2023\/11\/131649188_f002eb9e89430341b2b8d0793f48e7e243b804ab.jpg"},{"@type":"WebSite","@id":"https:\/\/www.icip.cat\/ca\/#website","url":"https:\/\/www.icip.cat\/ca\/","name":"ICIP","description":"","publisher":{"@id":"https:\/\/www.icip.cat\/ca\/#organization"},"potentialAction":[{"@type":"SearchAction","target":{"@type":"EntryPoint","urlTemplate":"https:\/\/www.icip.cat\/ca\/?s={search_term_string}"},"query-input":{"@type":"PropertyValueSpecification","valueRequired":true,"valueName":"search_term_string"}}],"inLanguage":"ca"},{"@type":"Organization","@id":"https:\/\/www.icip.cat\/ca\/#organization","name":"ICIP","url":"https:\/\/www.icip.cat\/ca\/","logo":{"@type":"ImageObject","inLanguage":"ca","@id":"https:\/\/www.icip.cat\/ca\/#\/schema\/logo\/image\/","url":"https:\/\/www.icip.cat\/wp-content\/uploads\/2021\/02\/logo-2.png","contentUrl":"https:\/\/www.icip.cat\/wp-content\/uploads\/2021\/02\/logo-2.png","width":562,"height":391,"caption":"ICIP"},"image":{"@id":"https:\/\/www.icip.cat\/ca\/#\/schema\/logo\/image\/"}}]}},"_links":{"self":[{"href":"https:\/\/www.icip.cat\/ca\/wp-json\/wp\/v2\/pages\/41055","targetHints":{"allow":["GET"]}}],"collection":[{"href":"https:\/\/www.icip.cat\/ca\/wp-json\/wp\/v2\/pages"}],"about":[{"href":"https:\/\/www.icip.cat\/ca\/wp-json\/wp\/v2\/types\/page"}],"author":[{"embeddable":true,"href":"https:\/\/www.icip.cat\/ca\/wp-json\/wp\/v2\/users\/4"}],"replies":[{"embeddable":true,"href":"https:\/\/www.icip.cat\/ca\/wp-json\/wp\/v2\/comments?post=41055"}],"version-history":[{"count":12,"href":"https:\/\/www.icip.cat\/ca\/wp-json\/wp\/v2\/pages\/41055\/revisions"}],"predecessor-version":[{"id":41134,"href":"https:\/\/www.icip.cat\/ca\/wp-json\/wp\/v2\/pages\/41055\/revisions\/41134"}],"wp:attachment":[{"href":"https:\/\/www.icip.cat\/ca\/wp-json\/wp\/v2\/media?parent=41055"}],"curies":[{"name":"wp","href":"https:\/\/api.w.org\/{rel}","templated":true}]}}