{"id":41063,"date":"2023-11-14T11:33:58","date_gmt":"2023-11-14T11:33:58","guid":{"rendered":"https:\/\/www.icip.cat\/?page_id=41063"},"modified":"2025-02-11T15:36:23","modified_gmt":"2025-02-11T15:36:23","slug":"articles-proxim-orient","status":"publish","type":"page","link":"https:\/\/www.icip.cat\/ca\/articles-proxim-orient\/","title":{"rendered":"Articles Pr\u00f2xim Orient"},"content":{"rendered":"\t\t<div data-elementor-type=\"wp-page\" data-elementor-id=\"41063\" class=\"elementor elementor-41063\" data-elementor-post-type=\"page\">\n\t\t\t\t\t\t<section class=\"elementor-section elementor-top-section elementor-element elementor-element-b53b052 elementor-section-boxed elementor-section-height-default elementor-section-height-default\" data-id=\"b53b052\" data-element_type=\"section\" data-settings=\"{&quot;background_background&quot;:&quot;classic&quot;}\">\n\t\t\t\t\t\t\t<div class=\"elementor-background-overlay\"><\/div>\n\t\t\t\t\t\t\t<div class=\"elementor-container elementor-column-gap-default\">\n\t\t\t\t\t<div class=\"elementor-column elementor-col-100 elementor-top-column elementor-element elementor-element-0fc6660\" data-id=\"0fc6660\" data-element_type=\"column\">\n\t\t\t<div class=\"elementor-widget-wrap elementor-element-populated\">\n\t\t\t\t\t\t<div class=\"elementor-element elementor-element-0df12b6 elementor-widget elementor-widget-heading\" data-id=\"0df12b6\" data-element_type=\"widget\" data-widget_type=\"heading.default\">\n\t\t\t\t<div class=\"elementor-widget-container\">\n\t\t\t\t\t<h1 class=\"elementor-heading-title elementor-size-xl\">Conflicte al Pr\u00f2xim Orient<\/h1>\t\t\t\t<\/div>\n\t\t\t\t<\/div>\n\t\t\t\t\t<\/div>\n\t\t<\/div>\n\t\t\t\t\t<\/div>\n\t\t<\/section>\n\t\t\t\t<section class=\"elementor-section elementor-top-section elementor-element elementor-element-652d6ac elementor-section-boxed elementor-section-height-default elementor-section-height-default\" data-id=\"652d6ac\" data-element_type=\"section\">\n\t\t\t\t\t\t<div class=\"elementor-container elementor-column-gap-default\">\n\t\t\t\t\t<div class=\"elementor-column elementor-col-100 elementor-top-column elementor-element elementor-element-064d1ed\" data-id=\"064d1ed\" data-element_type=\"column\">\n\t\t\t<div class=\"elementor-widget-wrap elementor-element-populated\">\n\t\t\t\t\t\t<div class=\"elementor-element elementor-element-26998fe elementor-widget elementor-widget-heading\" data-id=\"26998fe\" data-element_type=\"widget\" data-widget_type=\"heading.default\">\n\t\t\t\t<div class=\"elementor-widget-container\">\n\t\t\t\t\t<h2 class=\"elementor-heading-title elementor-size-default\">Articles d'opini\u00f3 <\/h2>\t\t\t\t<\/div>\n\t\t\t\t<\/div>\n\t\t\t\t\t<\/div>\n\t\t<\/div>\n\t\t\t\t\t<\/div>\n\t\t<\/section>\n\t\t\t\t<section class=\"elementor-section elementor-top-section elementor-element elementor-element-0d707ff elementor-section-boxed elementor-section-height-default elementor-section-height-default\" data-id=\"0d707ff\" data-element_type=\"section\">\n\t\t\t\t\t\t<div class=\"elementor-container elementor-column-gap-default\">\n\t\t\t\t\t<div class=\"elementor-column elementor-col-100 elementor-top-column elementor-element elementor-element-a7c2a31\" data-id=\"a7c2a31\" data-element_type=\"column\">\n\t\t\t<div class=\"elementor-widget-wrap elementor-element-populated\">\n\t\t\t\t\t\t<div class=\"elementor-element elementor-element-e7d08b2 elementor-widget-divider--view-line elementor-widget elementor-widget-divider\" data-id=\"e7d08b2\" data-element_type=\"widget\" data-widget_type=\"divider.default\">\n\t\t\t\t<div class=\"elementor-widget-container\">\n\t\t\t\t\t\t\t<div class=\"elementor-divider\">\n\t\t\t<span class=\"elementor-divider-separator\">\n\t\t\t\t\t\t<\/span>\n\t\t<\/div>\n\t\t\t\t\t\t<\/div>\n\t\t\t\t<\/div>\n\t\t\t\t\t<\/div>\n\t\t<\/div>\n\t\t\t\t\t<\/div>\n\t\t<\/section>\n\t\t\t\t<section class=\"elementor-section elementor-top-section elementor-element elementor-element-05daba6 elementor-section-boxed elementor-section-height-default elementor-section-height-default\" data-id=\"05daba6\" data-element_type=\"section\">\n\t\t\t\t\t\t<div class=\"elementor-container elementor-column-gap-default\">\n\t\t\t\t\t<div class=\"elementor-column elementor-col-100 elementor-top-column elementor-element elementor-element-d05cbe6\" data-id=\"d05cbe6\" data-element_type=\"column\">\n\t\t\t<div class=\"elementor-widget-wrap elementor-element-populated\">\n\t\t\t\t\t\t<div class=\"elementor-element elementor-element-49081e0 elementor-widget elementor-widget-text-editor\" data-id=\"49081e0\" data-element_type=\"widget\" data-widget_type=\"text-editor.default\">\n\t\t\t\t<div class=\"elementor-widget-container\">\n\t\t\t\t\t\t\t\t\t<p><a href=\"https:\/\/exterior.cat\/opinio\/quinze-mesos-de-guerra\/\"><strong>Quinze mesos de guerra<\/strong><\/a>, per Kristian Herbolzheimer (22\/01\/25)<\/p><p><strong><a href=\"https:\/\/www.elcritic.cat\/opinio\/kristian-herbolzheimer\/victoria-militar-derrota-moral-216058\">Vict\u00f2ria militar, derrota moral<\/a><\/strong>, per Kristian Herbolzheimer (07\/10\/24)<\/p><p><strong><a href=\"https:\/\/nadiaharhash.com\/en\/2024\/09\/28\/weaving-hope-and-whispering-peace\/\">Weaving Hope and Whispering Peace<\/a><\/strong>, per Nadia Harhash (28\/09\/2024).\u00a0<\/p><p class=\"headline\"><strong><a href=\"https:\/\/www.972mag.com\/israeli-palestinian-reconciliation-post-gaza\/\">Can Palestinians imagine a future with Israelis after this war?<\/a><\/strong>, per Mahmoud Mushtaha a +972 Magazine (27\/05\/2024)<\/p><p class=\"wp-block-post-title article-title__title\"><strong><a href=\"https:\/\/www.thenation.com\/article\/world\/qanda-a-land-for-all\/\">Can We Build a Shared Homeland for Israelis And Palestinians?<\/a><\/strong>, per Jon Wiener a The Nation (29\/04\/2024)<\/p><p><a href=\"https:\/\/www.icip.cat\/ca\/opinion\/un-sistema-de-segregacio-que-anulla-la-teva-existencia-a-jerusalem\/\"><strong>Un sistema de segregaci\u00f3 que t\u2019anul\u00b7la l\u2019exist\u00e8ncia a Jerusalem (amb un somriure cordial)<\/strong><\/a>, per Nadia Harhash al Bloc de l&#8217;ICIP (10\/04\/2024)<\/p><p><strong><a href=\"https:\/\/www.cidob.org\/publicaciones\/serie_de_publicacion\/opinion_cidob\/2024\/israel_s_historical_roots_and_the_moral_decline_of_the_west\">Israel\u2019s historical roots and the moral decline of the West<\/a><\/strong>, per Francis Ghil\u00e8s a CIDOB Opinion (31\/01\/2024)<\/p><p><strong><a href=\"https:\/\/gulfnews.com\/opinion\/op-eds\/icj-ruling-a-stepping-stone-to-enduring-peace-and-justice-in-gaza-1.100710218\">ICJ Ruling: A stepping stone to enduring peace and justice in Gaza<\/a><\/strong>, per Ashok Swain a Gulf News (30\/01\/2024)<\/p><p><a href=\"https:\/\/www.catalunyacristiana.cat\/palestina-al-cor\/\"><strong>Palestina al cor<\/strong><\/a>, per Xavier Masllorens a Catalunya Cristiana (18\/01\/24)<\/p><p><a href=\"https:\/\/howtobuildup.medium.com\/on-gaza-and-a-decade-of-digital-peacebuilding-9fc31c121dd2\"><strong>On Gaza and a decade of digital peacebuilding,<\/strong><\/a> per Helena Puig Larrauri (23\/11\/23)<\/p><p><strong><a href=\"https:\/\/www.elcritic.cat\/opinio\/xavier-masllorens\/israel-i-palestina-la-convivencia-possible-183106\">Israel i Palestina, la conviv\u00e8ncia possible<\/a>,<\/strong> per Xavier Masllorens a Cr\u00edtic (21\/11\/2023)<\/p><p class=\"blog-entry__title--full\"><strong><a href=\"https:\/\/www.psychologytoday.com\/us\/blog\/significance\/202311\/the-palestinian-quest-for-significance-and-hamas-violence\">The Palestinian Quest for Significance and Hamas Violence,<\/a><\/strong> per Arie W. Kruglanski a Psychology Today (15\/11\/2023)<\/p><p><strong><a href=\"https:\/\/www.972mag.com\/october-war-israelis-palestinians-historic\/\">How October 7 has changed us all \u2014 and what it signals for our struggle &#8211;<\/a><\/strong> per Haggai Matar a +972 Magazine (8\/11\/2023)<\/p><p><a href=\"https:\/\/twitdoc.com\/upload\/marinasardina_\/palestina-israel.pdf\"><strong>Llista de periodistes, analistes, especialistes, polit\u00f2logues &#8211; dones, principalment de parla hispana- que informen sobre la guerra<\/strong><\/a>, per Marina Sardi\u00f1a (31\/10\/2023)<\/p><p><a href=\"https:\/\/www.ara.cat\/opinio\/despres-invasio-carme-colomina_129_4843355.html\"><strong>Despr\u00e9s de la invasi\u00f3<\/strong><\/a>, per Carme Colomina al diari ARA (30\/10\/2023)<\/p><p><a href=\"https:\/\/www.eldiario.es\/internacional\/theguardian\/no-utilicen-dolor-causar-muertes-ruego-israel-familias-pacifistas-victimas-hamas_1_10623162.html?utm_source=adelanto&amp;utm_medium=email&amp;utm_content=Lead&amp;utm_campaign=23\/10\/2023-adelanto&amp;utm_source=elDiario.es&amp;utm_campaign=7d366c0a15-EMAIL_CAMPAIGN_2023_10_23_09_01&amp;utm_medium=email&amp;utm_term=0_10e11ebad6-7d366c0a15-%5BLIST_EMAIL_ID%5D&amp;goal=0_10e11ebad6-7d366c0a15-60188865&amp;mc_cid=7d366c0a15&amp;mc_eid=db91d6ec4d\"><strong>\u201cNo utilicen nuestro dolor para causar m\u00e1s muertes\u201d: el ruego a Israel de las familias de los pacifistas v\u00edctimas de Ham\u00e1s<\/strong><\/a>, per Emma Graham-Harrison\/ Quique Kierszenbaum a Eldiario.es \/ The Guardian (23\/10\/2023)<\/p><p><a href=\"https:\/\/www.haaretz.com\/israel-news\/2023-10-22\/ty-article\/.premium\/women-prove-they-wouldve-handled-israel-hamas-war-better\/0000018b-5738-d8e2-a1eb-f73ead300000\"><strong>Let Women Handle the Israel-Hamas War<\/strong><\/a>, per Nirit Anderman a Haaretz (22\/10\/2023)<\/p><p><strong><a href=\"https:\/\/morningstaronline.co.uk\/article\/f\/human-catastrophe-unfolding-real-time-middle-east\">A human catastrophe is unfolding in real time in the Middle Eas<\/a>t<\/strong>, per Jeremy Corbyn a Morning Star (21\/10\/2023)<\/p><p><a href=\"https:\/\/www.ara.cat\/internacional\/proxim-orient\/palestina-colonialisme-sud-global_129_4830879.html\"><b>Palestina, colonialisme i el Sud Global<\/b><\/a>, per Lurdes Vidal al diari ARA (20\/10\/2023)<\/p><p><a href=\"https:\/\/blogs.publico.es\/dominiopublico\/55992\/salvar-a-israel\/#md=modulo-portada-fila-de-modulos:4x15-t2;mm=mobile-medium\"><strong>Salvar a Israel<\/strong><\/a>, per Santiago Alba a P\u00fablico (19\/10\/2023)<\/p><p><a href=\"https:\/\/www.ft.com\/content\/9f1b190d-c955-4381-a6f5-ab4a2bf1c32c\"><strong>The laws of war must guide Israel\u2019s response to Hamas atrocity<\/strong><\/a>, article dels advocats Lord Neuberger, Philippe Sands, Sandra Fredman, Richard Hermer, Danny Friedman, Anthony Metzer, Jon Turner, Adam Wagner al Financial Times (18\/10\/2023)<\/p><p><strong><a href=\"https:\/\/www.nationalia.cat\/opinio\/11563\/gaza-i-la-ficcio-de-proces-de-pau\">Gaza i la ficci\u00f3 del proc\u00e9s de pau<\/a><\/strong>, per Pamela Urrutia a Nationalia (17\/10\/2023)<\/p><p><a href=\"https:\/\/directa.cat\/hamas-una-consequencia-de-locupacio\/\"><strong>Hamas, una conseq\u00fc\u00e8ncia de l\u2019ocupaci\u00f3<\/strong><\/a>, per Oriol Andr\u00e9s a La Directa (16\/10\/2023)<\/p><p><a href=\"https:\/\/www.noticiasdegipuzkoa.eus\/tribuna-abierta\/2023\/10\/16\/derecho-o-barbarie-7388005.html\"><strong>Derecho o barbarie<\/strong><\/a>, per Andr\u00e9s Krakenberger a Noticias de Guip\u00fazcoa (16\/10\/2023)<\/p><p><a href=\"https:\/\/www.newyorker.com\/news\/q-and-a\/the-humanitarian-catastrophe-in-gaza\"><strong>Entrevista a la directora de programes de Human Eight Watch, Sari Bashi<\/strong><\/a>, per Isaac Chotiner a The New Yorker (15\/10\/2023)<\/p><p><a href=\"https:\/\/www.ara.cat\/opinio\/judith-butler-israel-hamas-condemnar-violencia_129_4827317.html\"><strong>Condemnar la viol\u00e8ncia<\/strong><\/a>, per Judith Butler al diari ARA (14\/10\/2023)<\/p><p><strong><a href=\"https:\/\/www.ara.cat\/internacional\/proxim-orient\/terrorisme-crims-guerra-legalitat-internacional_1_4826943.html?giveAway=CO7zfFULYbP3Giky\">Terrorisme, crims de guerra i legalitat internacional<\/a><\/strong>, per Lourdes Vidal al diari ARA (14\/10\/2023)<\/p><p><a href=\"https:\/\/ctxt.es\/es\/20231001\/Firmas\/44373\/guerra-ucrania-gaza-palestina-israel-belicismo-zugasti.htm\"><strong>De Donb\u00e1s a Gaza: lo que hicimos mal<\/strong><\/a>, per Irene Zugasti a Contexto y Acci\u00f3n (14\/10\/2023)<\/p><p><a href=\"https:\/\/blogs.publico.es\/otrasmiradas\/77060\/politica-de-la-rabia-en-gaza\/#md=modulo-portada-bloque:2col-t4;mm=mobile-medium\"><strong>Pol\u00edtica de la rabia en Gaza<\/strong><\/a>, per Jordi Calvo a P\u00fablico (14\/10\/2023)<\/p><p><a href=\"https:\/\/x.com\/danielsilas\/status\/1712601486935421077?s=20\"><strong>Recull de veus de les v\u00edctimes<\/strong><\/a>, per Daniel Adamson, investigador de la BBC (13\/10\/2023)<\/p><p><a href=\"https:\/\/jewishcurrents.org\/a-textbook-case-of-genocide\"><strong>A Textbook Case of Genocide<\/strong><\/a>, per Raz Segal a JewishCurrents (13\/10\/2023)<\/p><p><strong><a href=\"https:\/\/www.bbc.com\/news\/world-middle-east-67083432?fbclid=PAAabCZtn3ZzO_I7ZN4L4VTWhC_OuU-DSmEMwzVbdIC15dbTJAMcCk2rKWrCg_aem_AYf1g1y0_C-Cha7ySZHOJYqftVVwgjoMWnMn9B3cjssKLrniubs-DwZPGKUGhR8j-Ds\">Why BBC doesn&#8217;t call Hamas militants &#8216;terrorists&#8217;<\/a><\/strong>, per John Simpson a la BBC (12\/10\/2023)<\/p><p><a href=\"https:\/\/www.theguardian.com\/commentisfree\/2023\/oct\/11\/why-are-some-of-the-left-celebrating-the-killings-of-israeli-jews\"><strong>In Gaza and Israel, side with the child over the gun<\/strong><\/a>, per Naomi Klein a The Guardian (11\/10\/2023)<\/p><p><a href=\"https:\/\/www.la-meridienne.info\/spip.php?article22\"><strong>Sortir de l\u2019enfer<\/strong><\/a>, per Mona Chollet a La m\u00e9ridienne (11\/10\/2023)<\/p><p><a href=\"https:\/\/blogs.publico.es\/dominiopublico\/55730\/y-despues-de-condenar-que\/\"><strong>Y despu\u00e9s de condenar, \u00bfqu\u00e9?<\/strong>,<\/a> per Santiago Alba a P\u00fablico (10\/10\/2023)<\/p><p><strong><a href=\"https:\/\/catalunyaplural.cat\/ca\/israel-i-palestina-quan-tothom-hi-perd\/\">Israel i Palestina: quan tothom hi perd<\/a><\/strong>, per Kristian Herbolzheimer a Catalunya Plural (8\/10\/2023)<\/p><p class=\" \">\u00a0<\/p>\t\t\t\t\t\t\t\t<\/div>\n\t\t\t\t<\/div>\n\t\t\t\t\t<\/div>\n\t\t<\/div>\n\t\t\t\t\t<\/div>\n\t\t<\/section>\n\t\t\t\t<section class=\"elementor-section elementor-top-section elementor-element elementor-element-7ac953e elementor-section-boxed elementor-section-height-default elementor-section-height-default\" data-id=\"7ac953e\" data-element_type=\"section\">\n\t\t\t\t\t\t<div class=\"elementor-container elementor-column-gap-default\">\n\t\t\t\t\t<div class=\"elementor-column elementor-col-100 elementor-top-column elementor-element elementor-element-31d3ccf\" data-id=\"31d3ccf\" data-element_type=\"column\">\n\t\t\t<div class=\"elementor-widget-wrap elementor-element-populated\">\n\t\t\t\t\t\t<div class=\"elementor-element elementor-element-91b857b elementor-widget elementor-widget-image\" data-id=\"91b857b\" data-element_type=\"widget\" data-widget_type=\"image.default\">\n\t\t\t\t<div class=\"elementor-widget-container\">\n\t\t\t\t\t\t\t\t\t\t\t\t\t\t\t<img fetchpriority=\"high\" decoding=\"async\" width=\"640\" height=\"360\" src=\"https:\/\/www.icip.cat\/wp-content\/uploads\/2023\/11\/gaza-civilians-fleeing.jpg\" class=\"attachment-large size-large wp-image-41052\" alt=\"\" srcset=\"https:\/\/www.icip.cat\/wp-content\/uploads\/2023\/11\/gaza-civilians-fleeing.jpg 980w, https:\/\/www.icip.cat\/wp-content\/uploads\/2023\/11\/gaza-civilians-fleeing-300x169.jpg 300w, https:\/\/www.icip.cat\/wp-content\/uploads\/2023\/11\/gaza-civilians-fleeing-768x432.jpg 768w\" sizes=\"(max-width: 640px) 100vw, 640px\" \/>\t\t\t\t\t\t\t\t\t\t\t\t\t\t\t<\/div>\n\t\t\t\t<\/div>\n\t\t\t\t\t<\/div>\n\t\t<\/div>\n\t\t\t\t\t<\/div>\n\t\t<\/section>\n\t\t\t\t<\/div>\n\t\t","protected":false},"excerpt":{"rendered":"<p>Conflicte al Pr\u00f2xim Orient Articles d&#8217;opini\u00f3 Quinze mesos de guerra, per Kristian Herbolzheimer (22\/01\/25) Vict\u00f2ria militar, derrota moral, per Kristian Herbolzheimer (07\/10\/24) Weaving Hope and Whispering Peace, per Nadia Harhash (28\/09\/2024).\u00a0 Can Palestinians imagine a future with Israelis after this war?, per Mahmoud Mushtaha a +972 Magazine (27\/05\/2024) Can We Build a Shared Homeland for [&hellip;]<\/p>\n","protected":false},"author":4,"featured_media":0,"parent":0,"menu_order":0,"comment_status":"closed","ping_status":"closed","template":"","meta":{"_acf_changed":false,"footnotes":""},"class_list":["post-41063","page","type-page","status-publish","hentry"],"acf":[],"yoast_head":"<!-- This site is optimized with the Yoast SEO plugin v25.6 - https:\/\/yoast.com\/wordpress\/plugins\/seo\/ -->\n<title>Articles Pr\u00f2xim Orient - ICIP<\/title>\n<meta name=\"robots\" content=\"index, follow, max-snippet:-1, max-image-preview:large, max-video-preview:-1\" \/>\n<link rel=\"canonical\" href=\"https:\/\/www.icip.cat\/es\/articulos-oriente-medio\/\" \/>\n<meta property=\"og:locale\" content=\"ca_ES\" \/>\n<meta property=\"og:type\" content=\"article\" \/>\n<meta property=\"og:title\" content=\"Articles Pr\u00f2xim Orient - ICIP\" \/>\n<meta property=\"og:description\" content=\"Conflicte al Pr\u00f2xim Orient Articles d&#8217;opini\u00f3 Quinze mesos de guerra, per Kristian Herbolzheimer (22\/01\/25) Vict\u00f2ria militar, derrota moral, per Kristian Herbolzheimer (07\/10\/24) Weaving Hope and Whispering Peace, per Nadia Harhash (28\/09\/2024).\u00a0 Can Palestinians imagine a future with Israelis after this war?, per Mahmoud Mushtaha a +972 Magazine (27\/05\/2024) Can We Build a Shared Homeland for [&hellip;]\" \/>\n<meta property=\"og:url\" content=\"https:\/\/www.icip.cat\/es\/articulos-oriente-medio\/\" \/>\n<meta property=\"og:site_name\" content=\"ICIP\" \/>\n<meta property=\"article:modified_time\" content=\"2025-02-11T15:36:23+00:00\" \/>\n<meta property=\"og:image\" content=\"https:\/\/www.icip.cat\/wp-content\/uploads\/2023\/11\/gaza-civilians-fleeing.jpg\" \/>\n\t<meta property=\"og:image:width\" content=\"980\" \/>\n\t<meta property=\"og:image:height\" content=\"551\" \/>\n\t<meta property=\"og:image:type\" content=\"image\/jpeg\" \/>\n<meta name=\"twitter:card\" content=\"summary_large_image\" \/>\n<meta name=\"twitter:label1\" content=\"Temps estimat de lectura\" \/>\n\t<meta name=\"twitter:data1\" content=\"4 minuts\" \/>\n<script type=\"application\/ld+json\" class=\"yoast-schema-graph\">{\"@context\":\"https:\/\/schema.org\",\"@graph\":[{\"@type\":\"WebPage\",\"@id\":\"https:\/\/www.icip.cat\/es\/articulos-oriente-medio\/\",\"url\":\"https:\/\/www.icip.cat\/es\/articulos-oriente-medio\/\",\"name\":\"Articles Pr\u00f2xim Orient - ICIP\",\"isPartOf\":{\"@id\":\"https:\/\/www.icip.cat\/ca\/#website\"},\"primaryImageOfPage\":{\"@id\":\"https:\/\/www.icip.cat\/es\/articulos-oriente-medio\/#primaryimage\"},\"image\":{\"@id\":\"https:\/\/www.icip.cat\/es\/articulos-oriente-medio\/#primaryimage\"},\"thumbnailUrl\":\"https:\/\/www.icip.cat\/wp-content\/uploads\/2023\/11\/gaza-civilians-fleeing.jpg\",\"datePublished\":\"2023-11-14T11:33:58+00:00\",\"dateModified\":\"2025-02-11T15:36:23+00:00\",\"inLanguage\":\"ca\",\"potentialAction\":[{\"@type\":\"ReadAction\",\"target\":[\"https:\/\/www.icip.cat\/es\/articulos-oriente-medio\/\"]}]},{\"@type\":\"ImageObject\",\"inLanguage\":\"ca\",\"@id\":\"https:\/\/www.icip.cat\/es\/articulos-oriente-medio\/#primaryimage\",\"url\":\"https:\/\/www.icip.cat\/wp-content\/uploads\/2023\/11\/gaza-civilians-fleeing.jpg\",\"contentUrl\":\"https:\/\/www.icip.cat\/wp-content\/uploads\/2023\/11\/gaza-civilians-fleeing.jpg\"},{\"@type\":\"WebSite\",\"@id\":\"https:\/\/www.icip.cat\/ca\/#website\",\"url\":\"https:\/\/www.icip.cat\/ca\/\",\"name\":\"ICIP\",\"description\":\"\",\"publisher\":{\"@id\":\"https:\/\/www.icip.cat\/ca\/#organization\"},\"potentialAction\":[{\"@type\":\"SearchAction\",\"target\":{\"@type\":\"EntryPoint\",\"urlTemplate\":\"https:\/\/www.icip.cat\/ca\/?s={search_term_string}\"},\"query-input\":{\"@type\":\"PropertyValueSpecification\",\"valueRequired\":true,\"valueName\":\"search_term_string\"}}],\"inLanguage\":\"ca\"},{\"@type\":\"Organization\",\"@id\":\"https:\/\/www.icip.cat\/ca\/#organization\",\"name\":\"ICIP\",\"url\":\"https:\/\/www.icip.cat\/ca\/\",\"logo\":{\"@type\":\"ImageObject\",\"inLanguage\":\"ca\",\"@id\":\"https:\/\/www.icip.cat\/ca\/#\/schema\/logo\/image\/\",\"url\":\"https:\/\/www.icip.cat\/wp-content\/uploads\/2021\/02\/logo-2.png\",\"contentUrl\":\"https:\/\/www.icip.cat\/wp-content\/uploads\/2021\/02\/logo-2.png\",\"width\":562,\"height\":391,\"caption\":\"ICIP\"},\"image\":{\"@id\":\"https:\/\/www.icip.cat\/ca\/#\/schema\/logo\/image\/\"}}]}<\/script>\n<!-- \/ Yoast SEO plugin. -->","yoast_head_json":{"title":"Articles Pr\u00f2xim Orient - ICIP","robots":{"index":"index","follow":"follow","max-snippet":"max-snippet:-1","max-image-preview":"max-image-preview:large","max-video-preview":"max-video-preview:-1"},"canonical":"https:\/\/www.icip.cat\/es\/articulos-oriente-medio\/","og_locale":"ca_ES","og_type":"article","og_title":"Articles Pr\u00f2xim Orient - ICIP","og_description":"Conflicte al Pr\u00f2xim Orient Articles d&#8217;opini\u00f3 Quinze mesos de guerra, per Kristian Herbolzheimer (22\/01\/25) Vict\u00f2ria militar, derrota moral, per Kristian Herbolzheimer (07\/10\/24) Weaving Hope and Whispering Peace, per Nadia Harhash (28\/09\/2024).\u00a0 Can Palestinians imagine a future with Israelis after this war?, per Mahmoud Mushtaha a +972 Magazine (27\/05\/2024) Can We Build a Shared Homeland for [&hellip;]","og_url":"https:\/\/www.icip.cat\/es\/articulos-oriente-medio\/","og_site_name":"ICIP","article_modified_time":"2025-02-11T15:36:23+00:00","og_image":[{"width":980,"height":551,"url":"https:\/\/www.icip.cat\/wp-content\/uploads\/2023\/11\/gaza-civilians-fleeing.jpg","type":"image\/jpeg"}],"twitter_card":"summary_large_image","twitter_misc":{"Temps estimat de lectura":"4 minuts"},"schema":{"@context":"https:\/\/schema.org","@graph":[{"@type":"WebPage","@id":"https:\/\/www.icip.cat\/es\/articulos-oriente-medio\/","url":"https:\/\/www.icip.cat\/es\/articulos-oriente-medio\/","name":"Articles Pr\u00f2xim Orient - ICIP","isPartOf":{"@id":"https:\/\/www.icip.cat\/ca\/#website"},"primaryImageOfPage":{"@id":"https:\/\/www.icip.cat\/es\/articulos-oriente-medio\/#primaryimage"},"image":{"@id":"https:\/\/www.icip.cat\/es\/articulos-oriente-medio\/#primaryimage"},"thumbnailUrl":"https:\/\/www.icip.cat\/wp-content\/uploads\/2023\/11\/gaza-civilians-fleeing.jpg","datePublished":"2023-11-14T11:33:58+00:00","dateModified":"2025-02-11T15:36:23+00:00","inLanguage":"ca","potentialAction":[{"@type":"ReadAction","target":["https:\/\/www.icip.cat\/es\/articulos-oriente-medio\/"]}]},{"@type":"ImageObject","inLanguage":"ca","@id":"https:\/\/www.icip.cat\/es\/articulos-oriente-medio\/#primaryimage","url":"https:\/\/www.icip.cat\/wp-content\/uploads\/2023\/11\/gaza-civilians-fleeing.jpg","contentUrl":"https:\/\/www.icip.cat\/wp-content\/uploads\/2023\/11\/gaza-civilians-fleeing.jpg"},{"@type":"WebSite","@id":"https:\/\/www.icip.cat\/ca\/#website","url":"https:\/\/www.icip.cat\/ca\/","name":"ICIP","description":"","publisher":{"@id":"https:\/\/www.icip.cat\/ca\/#organization"},"potentialAction":[{"@type":"SearchAction","target":{"@type":"EntryPoint","urlTemplate":"https:\/\/www.icip.cat\/ca\/?s={search_term_string}"},"query-input":{"@type":"PropertyValueSpecification","valueRequired":true,"valueName":"search_term_string"}}],"inLanguage":"ca"},{"@type":"Organization","@id":"https:\/\/www.icip.cat\/ca\/#organization","name":"ICIP","url":"https:\/\/www.icip.cat\/ca\/","logo":{"@type":"ImageObject","inLanguage":"ca","@id":"https:\/\/www.icip.cat\/ca\/#\/schema\/logo\/image\/","url":"https:\/\/www.icip.cat\/wp-content\/uploads\/2021\/02\/logo-2.png","contentUrl":"https:\/\/www.icip.cat\/wp-content\/uploads\/2021\/02\/logo-2.png","width":562,"height":391,"caption":"ICIP"},"image":{"@id":"https:\/\/www.icip.cat\/ca\/#\/schema\/logo\/image\/"}}]}},"_links":{"self":[{"href":"https:\/\/www.icip.cat\/ca\/wp-json\/wp\/v2\/pages\/41063","targetHints":{"allow":["GET"]}}],"collection":[{"href":"https:\/\/www.icip.cat\/ca\/wp-json\/wp\/v2\/pages"}],"about":[{"href":"https:\/\/www.icip.cat\/ca\/wp-json\/wp\/v2\/types\/page"}],"author":[{"embeddable":true,"href":"https:\/\/www.icip.cat\/ca\/wp-json\/wp\/v2\/users\/4"}],"replies":[{"embeddable":true,"href":"https:\/\/www.icip.cat\/ca\/wp-json\/wp\/v2\/comments?post=41063"}],"version-history":[{"count":55,"href":"https:\/\/www.icip.cat\/ca\/wp-json\/wp\/v2\/pages\/41063\/revisions"}],"predecessor-version":[{"id":52111,"href":"https:\/\/www.icip.cat\/ca\/wp-json\/wp\/v2\/pages\/41063\/revisions\/52111"}],"wp:attachment":[{"href":"https:\/\/www.icip.cat\/ca\/wp-json\/wp\/v2\/media?parent=41063"}],"curies":[{"name":"wp","href":"https:\/\/api.w.org\/{rel}","templated":true}]}}