{"id":41437,"date":"2023-11-30T14:59:19","date_gmt":"2023-11-30T14:59:19","guid":{"rendered":"https:\/\/www.icip.cat\/?page_id=41437"},"modified":"2025-08-25T07:45:07","modified_gmt":"2025-08-25T07:45:07","slug":"capsules-de-pau","status":"publish","type":"page","link":"https:\/\/www.icip.cat\/ca\/capsules-de-pau\/","title":{"rendered":"C\u00e0psules de pau"},"content":{"rendered":"\t\t<div data-elementor-type=\"wp-page\" data-elementor-id=\"41437\" class=\"elementor elementor-41437\" data-elementor-post-type=\"page\">\n\t\t\t\t\t\t<section class=\"elementor-section elementor-top-section elementor-element elementor-element-26efe7b5 elementor-section-boxed elementor-section-height-default elementor-section-height-default\" data-id=\"26efe7b5\" data-element_type=\"section\">\n\t\t\t\t\t\t<div class=\"elementor-container elementor-column-gap-default\">\n\t\t\t\t\t<div class=\"elementor-column elementor-col-100 elementor-top-column elementor-element elementor-element-d4ac8fa\" data-id=\"d4ac8fa\" data-element_type=\"column\">\n\t\t\t<div class=\"elementor-widget-wrap elementor-element-populated\">\n\t\t\t\t\t\t<div class=\"elementor-element elementor-element-691ca0e5 elementor-widget elementor-widget-text-editor\" data-id=\"691ca0e5\" data-element_type=\"widget\" data-widget_type=\"text-editor.default\">\n\t\t\t\t<div class=\"elementor-widget-container\">\n\t\t\t\t\t\t\t\t\t<h2>QU\u00c8 \u00c9S PER A TU LA PAU?<\/h2>\nPersones d\u2019arreu del m\u00f3n responen aquesta pregunta a partir de la seva experi\u00e8ncia en contextos de conflicte i del seu comprom\u00eds amb la construcci\u00f3 de pau i la lluita contra les viol\u00e8ncies.<u><\/u><u><\/u>\n\nLa pau pot tenir significats molt diferents segons el moment hist\u00f2ric, el context sociopol\u00edtic, la cultura, la religi\u00f3 o les viv\u00e8ncies personals. Amb el projecte\u00a0<strong>C\u00e0psules de Pau<\/strong>, coprodu\u00eft per l\u2019ICIP i Contrast, volem mostrar aquesta diversitat de visions i expectatives entorn de la paraula\u00a0<em>pau<\/em>.<u><\/u><u><\/u>\n\nEl projecte reuneix m\u00e9s d\u2019un centenar de v\u00eddeos enregistrats entre 2013 i 2024, amb veus d\u2019activistes, investigadors, artistes, periodistes i persones que han viscut conflictes arreu del m\u00f3n.<u><\/u><u><\/u>\n<h3><strong><a href=\"https:\/\/www.icip.cat\/ca\/capsules-de-pau\/les-14-tematiques-de-la-pau\/\" style=\"color: #FFF; text-decoration: underline\">Un mosaic de visions<\/a><u><\/u><u><\/u><\/strong><\/h3>\nEl treball d\u2019an\u00e0lisi de totes les respostes ha perm\u00e8s identificar\u00a0<strong>14 grans tem\u00e0tiques<\/strong>\u00a0que, combinades, mostren la dimensi\u00f3 poli\u00e8drica de la pau. Aquest mosaic en recull totes les cares: des de la llibertat, la mem\u00f2ria i els drets humans fins a la natura, la conviv\u00e8ncia o la pau interior.<u><\/u><u><\/u>\n\nDescobreix-les a la p\u00e0gina\u00a0<strong>Les 14 tem\u00e0tiques de la pau<\/strong>\u00a0o explora directament els v\u00eddeos de les\u00a0<em>C\u00e0psules de Pau<\/em>.\t\t\t\t\t\t\t\t<\/div>\n\t\t\t\t<\/div>\n\t\t\t\t\t<\/div>\n\t\t<\/div>\n\t\t\t\t\t<\/div>\n\t\t<\/section>\n\t\t\t\t<\/div>\n\t\t","protected":false},"excerpt":{"rendered":"<p>QU\u00c8 \u00c9S PER A TU LA PAU? Persones d\u2019arreu del m\u00f3n responen aquesta pregunta a partir de la seva experi\u00e8ncia en contextos de conflicte i del seu comprom\u00eds amb la construcci\u00f3 de pau i la lluita contra les viol\u00e8ncies. La pau pot tenir significats molt diferents segons el moment hist\u00f2ric, el context sociopol\u00edtic, la cultura, [&hellip;]<\/p>\n","protected":false},"author":1,"featured_media":0,"parent":0,"menu_order":0,"comment_status":"closed","ping_status":"closed","template":"\/home\/icip\/src\/icip\/www\/wp-content\/plugins\/icip-capsules\/templates\/icip-capsules-front-page.php","meta":{"_acf_changed":false,"footnotes":""},"class_list":["post-41437","page","type-page","status-publish","hentry"],"acf":[],"yoast_head":"<!-- This site is optimized with the Yoast SEO plugin v25.6 - https:\/\/yoast.com\/wordpress\/plugins\/seo\/ -->\n<title>C\u00e0psules de pau - ICIP<\/title>\n<meta name=\"robots\" content=\"index, follow, max-snippet:-1, max-image-preview:large, max-video-preview:-1\" \/>\n<link rel=\"canonical\" href=\"https:\/\/www.icip.cat\/ca\/capsules-de-pau\/\" \/>\n<meta property=\"og:locale\" content=\"ca_ES\" \/>\n<meta property=\"og:type\" content=\"article\" \/>\n<meta property=\"og:title\" content=\"C\u00e0psules de pau - ICIP\" \/>\n<meta property=\"og:description\" content=\"QU\u00c8 \u00c9S PER A TU LA PAU? Persones d\u2019arreu del m\u00f3n responen aquesta pregunta a partir de la seva experi\u00e8ncia en contextos de conflicte i del seu comprom\u00eds amb la construcci\u00f3 de pau i la lluita contra les viol\u00e8ncies. La pau pot tenir significats molt diferents segons el moment hist\u00f2ric, el context sociopol\u00edtic, la cultura, [&hellip;]\" \/>\n<meta property=\"og:url\" content=\"https:\/\/www.icip.cat\/ca\/capsules-de-pau\/\" \/>\n<meta property=\"og:site_name\" content=\"ICIP\" \/>\n<meta property=\"article:modified_time\" content=\"2025-08-25T07:45:07+00:00\" \/>\n<meta name=\"twitter:card\" content=\"summary_large_image\" \/>\n<meta name=\"twitter:label1\" content=\"Temps estimat de lectura\" \/>\n\t<meta name=\"twitter:data1\" content=\"2 minuts\" \/>\n<script type=\"application\/ld+json\" class=\"yoast-schema-graph\">{\"@context\":\"https:\/\/schema.org\",\"@graph\":[{\"@type\":\"WebPage\",\"@id\":\"https:\/\/www.icip.cat\/ca\/capsules-de-pau\/\",\"url\":\"https:\/\/www.icip.cat\/ca\/capsules-de-pau\/\",\"name\":\"C\u00e0psules de pau - ICIP\",\"isPartOf\":{\"@id\":\"https:\/\/www.icip.cat\/ca\/#website\"},\"datePublished\":\"2023-11-30T14:59:19+00:00\",\"dateModified\":\"2025-08-25T07:45:07+00:00\",\"inLanguage\":\"ca\",\"potentialAction\":[{\"@type\":\"ReadAction\",\"target\":[\"https:\/\/www.icip.cat\/ca\/capsules-de-pau\/\"]}]},{\"@type\":\"WebSite\",\"@id\":\"https:\/\/www.icip.cat\/ca\/#website\",\"url\":\"https:\/\/www.icip.cat\/ca\/\",\"name\":\"ICIP\",\"description\":\"\",\"publisher\":{\"@id\":\"https:\/\/www.icip.cat\/ca\/#organization\"},\"potentialAction\":[{\"@type\":\"SearchAction\",\"target\":{\"@type\":\"EntryPoint\",\"urlTemplate\":\"https:\/\/www.icip.cat\/ca\/?s={search_term_string}\"},\"query-input\":{\"@type\":\"PropertyValueSpecification\",\"valueRequired\":true,\"valueName\":\"search_term_string\"}}],\"inLanguage\":\"ca\"},{\"@type\":\"Organization\",\"@id\":\"https:\/\/www.icip.cat\/ca\/#organization\",\"name\":\"ICIP\",\"url\":\"https:\/\/www.icip.cat\/ca\/\",\"logo\":{\"@type\":\"ImageObject\",\"inLanguage\":\"ca\",\"@id\":\"https:\/\/www.icip.cat\/ca\/#\/schema\/logo\/image\/\",\"url\":\"https:\/\/www.icip.cat\/wp-content\/uploads\/2021\/02\/logo-2.png\",\"contentUrl\":\"https:\/\/www.icip.cat\/wp-content\/uploads\/2021\/02\/logo-2.png\",\"width\":562,\"height\":391,\"caption\":\"ICIP\"},\"image\":{\"@id\":\"https:\/\/www.icip.cat\/ca\/#\/schema\/logo\/image\/\"}}]}<\/script>\n<!-- \/ Yoast SEO plugin. -->","yoast_head_json":{"title":"C\u00e0psules de pau - ICIP","robots":{"index":"index","follow":"follow","max-snippet":"max-snippet:-1","max-image-preview":"max-image-preview:large","max-video-preview":"max-video-preview:-1"},"canonical":"https:\/\/www.icip.cat\/ca\/capsules-de-pau\/","og_locale":"ca_ES","og_type":"article","og_title":"C\u00e0psules de pau - ICIP","og_description":"QU\u00c8 \u00c9S PER A TU LA PAU? Persones d\u2019arreu del m\u00f3n responen aquesta pregunta a partir de la seva experi\u00e8ncia en contextos de conflicte i del seu comprom\u00eds amb la construcci\u00f3 de pau i la lluita contra les viol\u00e8ncies. La pau pot tenir significats molt diferents segons el moment hist\u00f2ric, el context sociopol\u00edtic, la cultura, [&hellip;]","og_url":"https:\/\/www.icip.cat\/ca\/capsules-de-pau\/","og_site_name":"ICIP","article_modified_time":"2025-08-25T07:45:07+00:00","twitter_card":"summary_large_image","twitter_misc":{"Temps estimat de lectura":"2 minuts"},"schema":{"@context":"https:\/\/schema.org","@graph":[{"@type":"WebPage","@id":"https:\/\/www.icip.cat\/ca\/capsules-de-pau\/","url":"https:\/\/www.icip.cat\/ca\/capsules-de-pau\/","name":"C\u00e0psules de pau - ICIP","isPartOf":{"@id":"https:\/\/www.icip.cat\/ca\/#website"},"datePublished":"2023-11-30T14:59:19+00:00","dateModified":"2025-08-25T07:45:07+00:00","inLanguage":"ca","potentialAction":[{"@type":"ReadAction","target":["https:\/\/www.icip.cat\/ca\/capsules-de-pau\/"]}]},{"@type":"WebSite","@id":"https:\/\/www.icip.cat\/ca\/#website","url":"https:\/\/www.icip.cat\/ca\/","name":"ICIP","description":"","publisher":{"@id":"https:\/\/www.icip.cat\/ca\/#organization"},"potentialAction":[{"@type":"SearchAction","target":{"@type":"EntryPoint","urlTemplate":"https:\/\/www.icip.cat\/ca\/?s={search_term_string}"},"query-input":{"@type":"PropertyValueSpecification","valueRequired":true,"valueName":"search_term_string"}}],"inLanguage":"ca"},{"@type":"Organization","@id":"https:\/\/www.icip.cat\/ca\/#organization","name":"ICIP","url":"https:\/\/www.icip.cat\/ca\/","logo":{"@type":"ImageObject","inLanguage":"ca","@id":"https:\/\/www.icip.cat\/ca\/#\/schema\/logo\/image\/","url":"https:\/\/www.icip.cat\/wp-content\/uploads\/2021\/02\/logo-2.png","contentUrl":"https:\/\/www.icip.cat\/wp-content\/uploads\/2021\/02\/logo-2.png","width":562,"height":391,"caption":"ICIP"},"image":{"@id":"https:\/\/www.icip.cat\/ca\/#\/schema\/logo\/image\/"}}]}},"_links":{"self":[{"href":"https:\/\/www.icip.cat\/ca\/wp-json\/wp\/v2\/pages\/41437","targetHints":{"allow":["GET"]}}],"collection":[{"href":"https:\/\/www.icip.cat\/ca\/wp-json\/wp\/v2\/pages"}],"about":[{"href":"https:\/\/www.icip.cat\/ca\/wp-json\/wp\/v2\/types\/page"}],"author":[{"embeddable":true,"href":"https:\/\/www.icip.cat\/ca\/wp-json\/wp\/v2\/users\/1"}],"replies":[{"embeddable":true,"href":"https:\/\/www.icip.cat\/ca\/wp-json\/wp\/v2\/comments?post=41437"}],"version-history":[{"count":9,"href":"https:\/\/www.icip.cat\/ca\/wp-json\/wp\/v2\/pages\/41437\/revisions"}],"predecessor-version":[{"id":56439,"href":"https:\/\/www.icip.cat\/ca\/wp-json\/wp\/v2\/pages\/41437\/revisions\/56439"}],"wp:attachment":[{"href":"https:\/\/www.icip.cat\/ca\/wp-json\/wp\/v2\/media?parent=41437"}],"curies":[{"name":"wp","href":"https:\/\/api.w.org\/{rel}","templated":true}]}}