{"id":45041,"date":"2024-05-13T08:31:31","date_gmt":"2024-05-13T08:31:31","guid":{"rendered":"https:\/\/www.icip.cat\/?page_id=45041"},"modified":"2025-04-22T07:18:58","modified_gmt":"2025-04-22T07:18:58","slug":"arees-de-treball","status":"publish","type":"page","link":"https:\/\/www.icip.cat\/ca\/arees-de-treball\/","title":{"rendered":"\u00c0rees de treball"},"content":{"rendered":"\t\t<div data-elementor-type=\"wp-page\" data-elementor-id=\"45041\" class=\"elementor elementor-45041\" data-elementor-post-type=\"page\">\n\t\t\t\t\t\t<section class=\"elementor-section elementor-top-section elementor-element elementor-element-7d45988 elementor-section-height-min-height elementor-section-boxed elementor-section-height-default elementor-section-items-middle\" data-id=\"7d45988\" data-element_type=\"section\">\n\t\t\t\t\t\t\t<div class=\"elementor-background-overlay\"><\/div>\n\t\t\t\t\t\t\t<div class=\"elementor-container elementor-column-gap-default\">\n\t\t\t\t\t<div class=\"elementor-column elementor-col-100 elementor-top-column elementor-element elementor-element-f09f314\" data-id=\"f09f314\" data-element_type=\"column\">\n\t\t\t<div class=\"elementor-widget-wrap elementor-element-populated\">\n\t\t\t\t\t\t\t<\/div>\n\t\t<\/div>\n\t\t\t\t\t<\/div>\n\t\t<\/section>\n\t\t\t\t<section class=\"elementor-section elementor-top-section elementor-element elementor-element-c1a5f1c elementor-section-boxed elementor-section-height-default elementor-section-height-default\" data-id=\"c1a5f1c\" data-element_type=\"section\">\n\t\t\t\t\t\t<div class=\"elementor-container elementor-column-gap-default\">\n\t\t\t\t\t<div class=\"elementor-column elementor-col-100 elementor-top-column elementor-element elementor-element-4468c02\" data-id=\"4468c02\" data-element_type=\"column\">\n\t\t\t<div class=\"elementor-widget-wrap elementor-element-populated\">\n\t\t\t\t\t\t<div class=\"elementor-element elementor-element-3b0a67f elementor-widget elementor-widget-text-editor\" data-id=\"3b0a67f\" data-element_type=\"widget\" data-widget_type=\"text-editor.default\">\n\t\t\t\t<div class=\"elementor-widget-container\">\n\t\t\t\t\t\t\t\t\t<p style=\"text-align: center;\">L&#8217;actuaci\u00f3 de l&#8217;ICIP s&#8217;estructura en quatre \u00e0rees de treball, centrades en tem\u00e0tiques en qu\u00e8 la instituci\u00f3 vol aportar un valor afegit i contribuir a la innovaci\u00f3 te\u00f2rica i pr\u00e0ctica en la construcci\u00f3 de pau. Les \u00e0rees tenen components d&#8217;an\u00e0lisi i de recerca, de sensibilitzaci\u00f3 i dinamitzaci\u00f3, i d&#8217;aliances amb actors socials, acad\u00e8mics i institucionals.<\/p>\t\t\t\t\t\t\t\t<\/div>\n\t\t\t\t<\/div>\n\t\t\t\t\t<\/div>\n\t\t<\/div>\n\t\t\t\t\t<\/div>\n\t\t<\/section>\n\t\t\t\t<section class=\"elementor-section elementor-top-section elementor-element elementor-element-190ea43 elementor-section-boxed elementor-section-height-default elementor-section-height-default\" data-id=\"190ea43\" data-element_type=\"section\">\n\t\t\t\t\t\t<div class=\"elementor-container elementor-column-gap-default\">\n\t\t\t\t\t<div class=\"elementor-column elementor-col-100 elementor-top-column elementor-element elementor-element-277bb28\" data-id=\"277bb28\" data-element_type=\"column\">\n\t\t\t<div class=\"elementor-widget-wrap elementor-element-populated\">\n\t\t\t\t\t\t<section class=\"elementor-section elementor-inner-section elementor-element elementor-element-5d0343f elementor-section-full_width elementor-section-height-min-height elementor-section-height-default\" data-id=\"5d0343f\" data-element_type=\"section\">\n\t\t\t\t\t\t<div class=\"elementor-container elementor-column-gap-narrow\">\n\t\t\t\t\t<div class=\"elementor-column elementor-col-50 elementor-inner-column elementor-element elementor-element-ea2cc06\" data-id=\"ea2cc06\" data-element_type=\"column\" data-settings=\"{&quot;background_background&quot;:&quot;slideshow&quot;,&quot;background_slideshow_gallery&quot;:[],&quot;background_slideshow_loop&quot;:&quot;yes&quot;,&quot;background_slideshow_slide_duration&quot;:5000,&quot;background_slideshow_slide_transition&quot;:&quot;fade&quot;,&quot;background_slideshow_transition_duration&quot;:500}\">\n\t\t\t<div class=\"elementor-widget-wrap elementor-element-populated\">\n\t\t\t\t\t\t<div class=\"elementor-element elementor-element-5cfc70b elementor-widget elementor-widget-image\" data-id=\"5cfc70b\" data-element_type=\"widget\" data-widget_type=\"image.default\">\n\t\t\t\t<div class=\"elementor-widget-container\">\n\t\t\t\t\t\t\t\t\t\t\t\t\t\t\t\t<a href=\"https:\/\/www.icip.cat\/ca\/violencia-fora-de-contextos-bellics\/\">\n\t\t\t\t\t\t\t<img fetchpriority=\"high\" decoding=\"async\" width=\"640\" height=\"426\" src=\"https:\/\/www.icip.cat\/wp-content\/uploads\/2024\/04\/Violencies-fora-dels-contextos-bellics.jpg\" class=\"attachment-large size-large wp-image-44770\" alt=\"\" srcset=\"https:\/\/www.icip.cat\/wp-content\/uploads\/2024\/04\/Violencies-fora-dels-contextos-bellics.jpg 1024w, https:\/\/www.icip.cat\/wp-content\/uploads\/2024\/04\/Violencies-fora-dels-contextos-bellics-300x200.jpg 300w, https:\/\/www.icip.cat\/wp-content\/uploads\/2024\/04\/Violencies-fora-dels-contextos-bellics-768x511.jpg 768w\" sizes=\"(max-width: 640px) 100vw, 640px\" \/>\t\t\t\t\t\t\t\t<\/a>\n\t\t\t\t\t\t\t\t\t\t\t\t\t\t\t<\/div>\n\t\t\t\t<\/div>\n\t\t\t\t<div class=\"elementor-element elementor-element-fba0d76 elementor-absolute elementor-widget elementor-widget-heading\" data-id=\"fba0d76\" data-element_type=\"widget\" data-settings=\"{&quot;_position&quot;:&quot;absolute&quot;}\" data-widget_type=\"heading.default\">\n\t\t\t\t<div class=\"elementor-widget-container\">\n\t\t\t\t\t<h2 class=\"elementor-heading-title elementor-size-default\">Viol\u00e8ncies fora de contextos b\u00e8l\u00b7lics<\/h2>\t\t\t\t<\/div>\n\t\t\t\t<\/div>\n\t\t\t\t\t<\/div>\n\t\t<\/div>\n\t\t\t\t<div class=\"elementor-column elementor-col-50 elementor-inner-column elementor-element elementor-element-fd2dcf4\" data-id=\"fd2dcf4\" data-element_type=\"column\" data-settings=\"{&quot;background_background&quot;:&quot;slideshow&quot;,&quot;background_slideshow_gallery&quot;:[],&quot;background_slideshow_loop&quot;:&quot;yes&quot;,&quot;background_slideshow_slide_duration&quot;:5000,&quot;background_slideshow_slide_transition&quot;:&quot;fade&quot;,&quot;background_slideshow_transition_duration&quot;:500}\">\n\t\t\t<div class=\"elementor-widget-wrap elementor-element-populated\">\n\t\t\t\t\t\t<div class=\"elementor-element elementor-element-e7b1b4c elementor-widget elementor-widget-image\" data-id=\"e7b1b4c\" data-element_type=\"widget\" data-widget_type=\"image.default\">\n\t\t\t\t<div class=\"elementor-widget-container\">\n\t\t\t\t\t\t\t\t\t\t\t\t\t\t\t\t<a href=\"https:\/\/www.icip.cat\/ca\/dialeg-social-i-politic\/\">\n\t\t\t\t\t\t\t<img decoding=\"async\" width=\"640\" height=\"427\" src=\"https:\/\/www.icip.cat\/wp-content\/uploads\/2024\/04\/Dialeg-2-1-1024x683.jpg\" class=\"attachment-large size-large wp-image-44776\" alt=\"\" srcset=\"https:\/\/www.icip.cat\/wp-content\/uploads\/2024\/04\/Dialeg-2-1-1024x683.jpg 1024w, https:\/\/www.icip.cat\/wp-content\/uploads\/2024\/04\/Dialeg-2-1-300x200.jpg 300w, https:\/\/www.icip.cat\/wp-content\/uploads\/2024\/04\/Dialeg-2-1-768x513.jpg 768w, https:\/\/www.icip.cat\/wp-content\/uploads\/2024\/04\/Dialeg-2-1-1536x1025.jpg 1536w, https:\/\/www.icip.cat\/wp-content\/uploads\/2024\/04\/Dialeg-2-1-2048x1367.jpg 2048w\" sizes=\"(max-width: 640px) 100vw, 640px\" \/>\t\t\t\t\t\t\t\t<\/a>\n\t\t\t\t\t\t\t\t\t\t\t\t\t\t\t<\/div>\n\t\t\t\t<\/div>\n\t\t\t\t<div class=\"elementor-element elementor-element-e9747c9 elementor-absolute elementor-widget elementor-widget-heading\" data-id=\"e9747c9\" data-element_type=\"widget\" data-settings=\"{&quot;_position&quot;:&quot;absolute&quot;}\" data-widget_type=\"heading.default\">\n\t\t\t\t<div class=\"elementor-widget-container\">\n\t\t\t\t\t<h2 class=\"elementor-heading-title elementor-size-default\">Di\u00e0leg social i pol\u00edtic<\/h2>\t\t\t\t<\/div>\n\t\t\t\t<\/div>\n\t\t\t\t\t<\/div>\n\t\t<\/div>\n\t\t\t\t\t<\/div>\n\t\t<\/section>\n\t\t\t\t<section class=\"elementor-section elementor-inner-section elementor-element elementor-element-1d73e84 elementor-section-full_width elementor-section-height-min-height elementor-section-height-default\" data-id=\"1d73e84\" data-element_type=\"section\">\n\t\t\t\t\t\t<div class=\"elementor-container elementor-column-gap-narrow\">\n\t\t\t\t\t<div class=\"elementor-column elementor-col-50 elementor-inner-column elementor-element elementor-element-8bda0f0\" data-id=\"8bda0f0\" data-element_type=\"column\" data-settings=\"{&quot;background_background&quot;:&quot;slideshow&quot;,&quot;background_slideshow_gallery&quot;:[],&quot;background_slideshow_loop&quot;:&quot;yes&quot;,&quot;background_slideshow_slide_duration&quot;:5000,&quot;background_slideshow_slide_transition&quot;:&quot;fade&quot;,&quot;background_slideshow_transition_duration&quot;:500}\">\n\t\t\t<div class=\"elementor-widget-wrap elementor-element-populated\">\n\t\t\t\t\t\t<div class=\"elementor-element elementor-element-755b712 elementor-widget elementor-widget-image\" data-id=\"755b712\" data-element_type=\"widget\" data-widget_type=\"image.default\">\n\t\t\t\t<div class=\"elementor-widget-container\">\n\t\t\t\t\t\t\t\t\t\t\t\t\t\t\t\t<a href=\"https:\/\/www.icip.cat\/ca\/alternatives-de-seguretat\/\">\n\t\t\t\t\t\t\t<img decoding=\"async\" width=\"640\" height=\"426\" src=\"https:\/\/www.icip.cat\/wp-content\/uploads\/2023\/05\/Article-7-1024x681.jpg\" class=\"attachment-large size-large wp-image-37384\" alt=\"\" srcset=\"https:\/\/www.icip.cat\/wp-content\/uploads\/2023\/05\/Article-7-1024x681.jpg 1024w, https:\/\/www.icip.cat\/wp-content\/uploads\/2023\/05\/Article-7-300x200.jpg 300w, https:\/\/www.icip.cat\/wp-content\/uploads\/2023\/05\/Article-7-768x511.jpg 768w, https:\/\/www.icip.cat\/wp-content\/uploads\/2023\/05\/Article-7-1536x1022.jpg 1536w, https:\/\/www.icip.cat\/wp-content\/uploads\/2023\/05\/Article-7-2048x1363.jpg 2048w\" sizes=\"(max-width: 640px) 100vw, 640px\" \/>\t\t\t\t\t\t\t\t<\/a>\n\t\t\t\t\t\t\t\t\t\t\t\t\t\t\t<\/div>\n\t\t\t\t<\/div>\n\t\t\t\t<div class=\"elementor-element elementor-element-822318c elementor-absolute elementor-widget elementor-widget-heading\" data-id=\"822318c\" data-element_type=\"widget\" data-settings=\"{&quot;_position&quot;:&quot;absolute&quot;}\" data-widget_type=\"heading.default\">\n\t\t\t\t<div class=\"elementor-widget-container\">\n\t\t\t\t\t<h2 class=\"elementor-heading-title elementor-size-default\">Alternatives de seguretat<\/h2>\t\t\t\t<\/div>\n\t\t\t\t<\/div>\n\t\t\t\t\t<\/div>\n\t\t<\/div>\n\t\t\t\t<div class=\"elementor-column elementor-col-50 elementor-inner-column elementor-element elementor-element-65ac8b1\" data-id=\"65ac8b1\" data-element_type=\"column\" data-settings=\"{&quot;background_background&quot;:&quot;slideshow&quot;,&quot;background_slideshow_gallery&quot;:[],&quot;background_slideshow_loop&quot;:&quot;yes&quot;,&quot;background_slideshow_slide_duration&quot;:5000,&quot;background_slideshow_slide_transition&quot;:&quot;fade&quot;,&quot;background_slideshow_transition_duration&quot;:500}\">\n\t\t\t<div class=\"elementor-widget-wrap elementor-element-populated\">\n\t\t\t\t\t\t<div class=\"elementor-element elementor-element-a57f822 elementor-widget elementor-widget-image\" data-id=\"a57f822\" data-element_type=\"widget\" data-widget_type=\"image.default\">\n\t\t\t\t<div class=\"elementor-widget-container\">\n\t\t\t\t\t\t\t\t\t\t\t\t\t\t\t\t<a href=\"https:\/\/www.icip.cat\/ca\/memoria-convivencia-i-reconciliacio\/\">\n\t\t\t\t\t\t\t<img loading=\"lazy\" decoding=\"async\" width=\"640\" height=\"960\" src=\"https:\/\/www.icip.cat\/wp-content\/uploads\/2024\/04\/augustine-wong-Bt1nqZWt4BM-unsplash.jpg\" class=\"attachment-large size-large wp-image-44767\" alt=\"\" srcset=\"https:\/\/www.icip.cat\/wp-content\/uploads\/2024\/04\/augustine-wong-Bt1nqZWt4BM-unsplash.jpg 640w, https:\/\/www.icip.cat\/wp-content\/uploads\/2024\/04\/augustine-wong-Bt1nqZWt4BM-unsplash-200x300.jpg 200w\" sizes=\"(max-width: 640px) 100vw, 640px\" \/>\t\t\t\t\t\t\t\t<\/a>\n\t\t\t\t\t\t\t\t\t\t\t\t\t\t\t<\/div>\n\t\t\t\t<\/div>\n\t\t\t\t<div class=\"elementor-element elementor-element-3a0f345 elementor-absolute elementor-widget elementor-widget-heading\" data-id=\"3a0f345\" data-element_type=\"widget\" data-settings=\"{&quot;_position&quot;:&quot;absolute&quot;}\" data-widget_type=\"heading.default\">\n\t\t\t\t<div class=\"elementor-widget-container\">\n\t\t\t\t\t<h2 class=\"elementor-heading-title elementor-size-default\">Mem\u00f2ria, conviv\u00e8ncia i reconciliaci\u00f3<\/h2>\t\t\t\t<\/div>\n\t\t\t\t<\/div>\n\t\t\t\t\t<\/div>\n\t\t<\/div>\n\t\t\t\t\t<\/div>\n\t\t<\/section>\n\t\t\t\t\t<\/div>\n\t\t<\/div>\n\t\t\t\t\t<\/div>\n\t\t<\/section>\n\t\t\t\t<\/div>\n\t\t","protected":false},"excerpt":{"rendered":"<p>L&#8217;actuaci\u00f3 de l&#8217;ICIP s&#8217;estructura en quatre \u00e0rees de treball, centrades en tem\u00e0tiques en qu\u00e8 la instituci\u00f3 vol aportar un valor afegit i contribuir a la innovaci\u00f3 te\u00f2rica i pr\u00e0ctica en la construcci\u00f3 de pau. Les \u00e0rees tenen components d&#8217;an\u00e0lisi i de recerca, de sensibilitzaci\u00f3 i dinamitzaci\u00f3, i d&#8217;aliances amb actors socials, acad\u00e8mics i institucionals. Viol\u00e8ncies [&hellip;]<\/p>\n","protected":false},"author":1,"featured_media":0,"parent":0,"menu_order":0,"comment_status":"closed","ping_status":"closed","template":"","meta":{"_acf_changed":false,"footnotes":""},"class_list":["post-45041","page","type-page","status-publish","hentry"],"acf":[],"yoast_head":"<!-- This site is optimized with the Yoast SEO plugin v25.6 - https:\/\/yoast.com\/wordpress\/plugins\/seo\/ -->\n<title>\u00c0rees de treball - ICIP<\/title>\n<meta name=\"robots\" content=\"index, follow, max-snippet:-1, max-image-preview:large, max-video-preview:-1\" \/>\n<link rel=\"canonical\" href=\"https:\/\/www.icip.cat\/ca\/arees-de-treball\/\" \/>\n<meta property=\"og:locale\" content=\"ca_ES\" \/>\n<meta property=\"og:type\" content=\"article\" \/>\n<meta property=\"og:title\" content=\"\u00c0rees de treball - ICIP\" \/>\n<meta property=\"og:description\" content=\"L&#8217;actuaci\u00f3 de l&#8217;ICIP s&#8217;estructura en quatre \u00e0rees de treball, centrades en tem\u00e0tiques en qu\u00e8 la instituci\u00f3 vol aportar un valor afegit i contribuir a la innovaci\u00f3 te\u00f2rica i pr\u00e0ctica en la construcci\u00f3 de pau. Les \u00e0rees tenen components d&#8217;an\u00e0lisi i de recerca, de sensibilitzaci\u00f3 i dinamitzaci\u00f3, i d&#8217;aliances amb actors socials, acad\u00e8mics i institucionals. Viol\u00e8ncies [&hellip;]\" \/>\n<meta property=\"og:url\" content=\"https:\/\/www.icip.cat\/ca\/arees-de-treball\/\" \/>\n<meta property=\"og:site_name\" content=\"ICIP\" \/>\n<meta property=\"article:modified_time\" content=\"2025-04-22T07:18:58+00:00\" \/>\n<meta property=\"og:image\" content=\"https:\/\/www.icip.cat\/wp-content\/uploads\/2024\/04\/Violencies-fora-dels-contextos-bellics.jpg\" \/>\n\t<meta property=\"og:image:width\" content=\"1024\" \/>\n\t<meta property=\"og:image:height\" content=\"681\" \/>\n\t<meta property=\"og:image:type\" content=\"image\/jpeg\" \/>\n<meta name=\"twitter:card\" content=\"summary_large_image\" \/>\n<meta name=\"twitter:label1\" content=\"Temps estimat de lectura\" \/>\n\t<meta name=\"twitter:data1\" content=\"2 minuts\" \/>\n<script type=\"application\/ld+json\" class=\"yoast-schema-graph\">{\"@context\":\"https:\/\/schema.org\",\"@graph\":[{\"@type\":\"WebPage\",\"@id\":\"https:\/\/www.icip.cat\/ca\/arees-de-treball\/\",\"url\":\"https:\/\/www.icip.cat\/ca\/arees-de-treball\/\",\"name\":\"\u00c0rees de treball - ICIP\",\"isPartOf\":{\"@id\":\"https:\/\/www.icip.cat\/ca\/#website\"},\"primaryImageOfPage\":{\"@id\":\"https:\/\/www.icip.cat\/ca\/arees-de-treball\/#primaryimage\"},\"image\":{\"@id\":\"https:\/\/www.icip.cat\/ca\/arees-de-treball\/#primaryimage\"},\"thumbnailUrl\":\"https:\/\/www.icip.cat\/wp-content\/uploads\/2024\/04\/Violencies-fora-dels-contextos-bellics.jpg\",\"datePublished\":\"2024-05-13T08:31:31+00:00\",\"dateModified\":\"2025-04-22T07:18:58+00:00\",\"inLanguage\":\"ca\",\"potentialAction\":[{\"@type\":\"ReadAction\",\"target\":[\"https:\/\/www.icip.cat\/ca\/arees-de-treball\/\"]}]},{\"@type\":\"ImageObject\",\"inLanguage\":\"ca\",\"@id\":\"https:\/\/www.icip.cat\/ca\/arees-de-treball\/#primaryimage\",\"url\":\"https:\/\/www.icip.cat\/wp-content\/uploads\/2024\/04\/Violencies-fora-dels-contextos-bellics.jpg\",\"contentUrl\":\"https:\/\/www.icip.cat\/wp-content\/uploads\/2024\/04\/Violencies-fora-dels-contextos-bellics.jpg\"},{\"@type\":\"WebSite\",\"@id\":\"https:\/\/www.icip.cat\/ca\/#website\",\"url\":\"https:\/\/www.icip.cat\/ca\/\",\"name\":\"ICIP\",\"description\":\"\",\"publisher\":{\"@id\":\"https:\/\/www.icip.cat\/ca\/#organization\"},\"potentialAction\":[{\"@type\":\"SearchAction\",\"target\":{\"@type\":\"EntryPoint\",\"urlTemplate\":\"https:\/\/www.icip.cat\/ca\/?s={search_term_string}\"},\"query-input\":{\"@type\":\"PropertyValueSpecification\",\"valueRequired\":true,\"valueName\":\"search_term_string\"}}],\"inLanguage\":\"ca\"},{\"@type\":\"Organization\",\"@id\":\"https:\/\/www.icip.cat\/ca\/#organization\",\"name\":\"ICIP\",\"url\":\"https:\/\/www.icip.cat\/ca\/\",\"logo\":{\"@type\":\"ImageObject\",\"inLanguage\":\"ca\",\"@id\":\"https:\/\/www.icip.cat\/ca\/#\/schema\/logo\/image\/\",\"url\":\"https:\/\/www.icip.cat\/wp-content\/uploads\/2021\/02\/logo-2.png\",\"contentUrl\":\"https:\/\/www.icip.cat\/wp-content\/uploads\/2021\/02\/logo-2.png\",\"width\":562,\"height\":391,\"caption\":\"ICIP\"},\"image\":{\"@id\":\"https:\/\/www.icip.cat\/ca\/#\/schema\/logo\/image\/\"}}]}<\/script>\n<!-- \/ Yoast SEO plugin. -->","yoast_head_json":{"title":"\u00c0rees de treball - ICIP","robots":{"index":"index","follow":"follow","max-snippet":"max-snippet:-1","max-image-preview":"max-image-preview:large","max-video-preview":"max-video-preview:-1"},"canonical":"https:\/\/www.icip.cat\/ca\/arees-de-treball\/","og_locale":"ca_ES","og_type":"article","og_title":"\u00c0rees de treball - ICIP","og_description":"L&#8217;actuaci\u00f3 de l&#8217;ICIP s&#8217;estructura en quatre \u00e0rees de treball, centrades en tem\u00e0tiques en qu\u00e8 la instituci\u00f3 vol aportar un valor afegit i contribuir a la innovaci\u00f3 te\u00f2rica i pr\u00e0ctica en la construcci\u00f3 de pau. Les \u00e0rees tenen components d&#8217;an\u00e0lisi i de recerca, de sensibilitzaci\u00f3 i dinamitzaci\u00f3, i d&#8217;aliances amb actors socials, acad\u00e8mics i institucionals. Viol\u00e8ncies [&hellip;]","og_url":"https:\/\/www.icip.cat\/ca\/arees-de-treball\/","og_site_name":"ICIP","article_modified_time":"2025-04-22T07:18:58+00:00","og_image":[{"width":1024,"height":681,"url":"https:\/\/www.icip.cat\/wp-content\/uploads\/2024\/04\/Violencies-fora-dels-contextos-bellics.jpg","type":"image\/jpeg"}],"twitter_card":"summary_large_image","twitter_misc":{"Temps estimat de lectura":"2 minuts"},"schema":{"@context":"https:\/\/schema.org","@graph":[{"@type":"WebPage","@id":"https:\/\/www.icip.cat\/ca\/arees-de-treball\/","url":"https:\/\/www.icip.cat\/ca\/arees-de-treball\/","name":"\u00c0rees de treball - ICIP","isPartOf":{"@id":"https:\/\/www.icip.cat\/ca\/#website"},"primaryImageOfPage":{"@id":"https:\/\/www.icip.cat\/ca\/arees-de-treball\/#primaryimage"},"image":{"@id":"https:\/\/www.icip.cat\/ca\/arees-de-treball\/#primaryimage"},"thumbnailUrl":"https:\/\/www.icip.cat\/wp-content\/uploads\/2024\/04\/Violencies-fora-dels-contextos-bellics.jpg","datePublished":"2024-05-13T08:31:31+00:00","dateModified":"2025-04-22T07:18:58+00:00","inLanguage":"ca","potentialAction":[{"@type":"ReadAction","target":["https:\/\/www.icip.cat\/ca\/arees-de-treball\/"]}]},{"@type":"ImageObject","inLanguage":"ca","@id":"https:\/\/www.icip.cat\/ca\/arees-de-treball\/#primaryimage","url":"https:\/\/www.icip.cat\/wp-content\/uploads\/2024\/04\/Violencies-fora-dels-contextos-bellics.jpg","contentUrl":"https:\/\/www.icip.cat\/wp-content\/uploads\/2024\/04\/Violencies-fora-dels-contextos-bellics.jpg"},{"@type":"WebSite","@id":"https:\/\/www.icip.cat\/ca\/#website","url":"https:\/\/www.icip.cat\/ca\/","name":"ICIP","description":"","publisher":{"@id":"https:\/\/www.icip.cat\/ca\/#organization"},"potentialAction":[{"@type":"SearchAction","target":{"@type":"EntryPoint","urlTemplate":"https:\/\/www.icip.cat\/ca\/?s={search_term_string}"},"query-input":{"@type":"PropertyValueSpecification","valueRequired":true,"valueName":"search_term_string"}}],"inLanguage":"ca"},{"@type":"Organization","@id":"https:\/\/www.icip.cat\/ca\/#organization","name":"ICIP","url":"https:\/\/www.icip.cat\/ca\/","logo":{"@type":"ImageObject","inLanguage":"ca","@id":"https:\/\/www.icip.cat\/ca\/#\/schema\/logo\/image\/","url":"https:\/\/www.icip.cat\/wp-content\/uploads\/2021\/02\/logo-2.png","contentUrl":"https:\/\/www.icip.cat\/wp-content\/uploads\/2021\/02\/logo-2.png","width":562,"height":391,"caption":"ICIP"},"image":{"@id":"https:\/\/www.icip.cat\/ca\/#\/schema\/logo\/image\/"}}]}},"_links":{"self":[{"href":"https:\/\/www.icip.cat\/ca\/wp-json\/wp\/v2\/pages\/45041","targetHints":{"allow":["GET"]}}],"collection":[{"href":"https:\/\/www.icip.cat\/ca\/wp-json\/wp\/v2\/pages"}],"about":[{"href":"https:\/\/www.icip.cat\/ca\/wp-json\/wp\/v2\/types\/page"}],"author":[{"embeddable":true,"href":"https:\/\/www.icip.cat\/ca\/wp-json\/wp\/v2\/users\/1"}],"replies":[{"embeddable":true,"href":"https:\/\/www.icip.cat\/ca\/wp-json\/wp\/v2\/comments?post=45041"}],"version-history":[{"count":71,"href":"https:\/\/www.icip.cat\/ca\/wp-json\/wp\/v2\/pages\/45041\/revisions"}],"predecessor-version":[{"id":53671,"href":"https:\/\/www.icip.cat\/ca\/wp-json\/wp\/v2\/pages\/45041\/revisions\/53671"}],"wp:attachment":[{"href":"https:\/\/www.icip.cat\/ca\/wp-json\/wp\/v2\/media?parent=45041"}],"curies":[{"name":"wp","href":"https:\/\/api.w.org\/{rel}","templated":true}]}}