{"id":46008,"date":"2024-05-24T07:47:51","date_gmt":"2024-05-24T07:47:51","guid":{"rendered":"https:\/\/www.icip.cat\/?page_id=46008"},"modified":"2024-06-28T12:57:53","modified_gmt":"2024-06-28T12:57:53","slug":"jornades-drets-humans-i-pau-a-america-central","status":"publish","type":"page","link":"https:\/\/www.icip.cat\/ca\/jornades-drets-humans-i-pau-a-america-central\/","title":{"rendered":"Jornades \u201cDrets humans i pau a l&#8217;Am\u00e8rica Central: reptes i oportunitats\u201d"},"content":{"rendered":"\t\t<div data-elementor-type=\"wp-page\" data-elementor-id=\"46008\" class=\"elementor elementor-46008\" data-elementor-post-type=\"page\">\n\t\t\t\t\t\t<section class=\"elementor-section elementor-top-section elementor-element elementor-element-b3df40a elementor-section-height-min-height elementor-section-boxed elementor-section-height-default elementor-section-items-middle\" data-id=\"b3df40a\" data-element_type=\"section\">\n\t\t\t\t\t\t\t<div class=\"elementor-background-overlay\"><\/div>\n\t\t\t\t\t\t\t<div class=\"elementor-container elementor-column-gap-default\">\n\t\t\t\t\t<div class=\"elementor-column elementor-col-100 elementor-top-column elementor-element elementor-element-1ff1b31\" data-id=\"1ff1b31\" data-element_type=\"column\">\n\t\t\t<div class=\"elementor-widget-wrap elementor-element-populated\">\n\t\t\t\t\t\t<div class=\"elementor-element elementor-element-4dba97e elementor-widget elementor-widget-heading\" data-id=\"4dba97e\" data-element_type=\"widget\" data-widget_type=\"heading.default\">\n\t\t\t\t<div class=\"elementor-widget-container\">\n\t\t\t\t\t<h4 class=\"elementor-heading-title elementor-size-small\">Jornades<br>\"Drets humans i pau a l'Am\u00e8rica Central: <br>reptes i oportunitats\"<\/h4>\t\t\t\t<\/div>\n\t\t\t\t<\/div>\n\t\t\t\t\t<\/div>\n\t\t<\/div>\n\t\t\t\t\t<\/div>\n\t\t<\/section>\n\t\t\t\t<section class=\"elementor-section elementor-top-section elementor-element elementor-element-11bc2a3 elementor-section-boxed elementor-section-height-default elementor-section-height-default\" data-id=\"11bc2a3\" data-element_type=\"section\">\n\t\t\t\t\t\t<div class=\"elementor-container elementor-column-gap-default\">\n\t\t\t\t\t<div class=\"elementor-column elementor-col-100 elementor-top-column elementor-element elementor-element-11c52e3\" data-id=\"11c52e3\" data-element_type=\"column\">\n\t\t\t<div class=\"elementor-widget-wrap elementor-element-populated\">\n\t\t\t\t\t\t<div class=\"elementor-element elementor-element-27a64a4 elementor-widget elementor-widget-text-editor\" data-id=\"27a64a4\" data-element_type=\"widget\" data-widget_type=\"text-editor.default\">\n\t\t\t\t<div class=\"elementor-widget-container\">\n\t\t\t\t\t\t\t\t\t<h3><b>Barcelona, 18 i 19 juny de 2024<\/b><\/h3><h3><span style=\"font-weight: 400;\">Museu d\u2019Hist\u00f2ria de Barcelona (Sala Mart\u00ed L&#8217;Hum\u00e0)<\/span><\/h3><h3>\u00a0<\/h3>\t\t\t\t\t\t\t\t<\/div>\n\t\t\t\t<\/div>\n\t\t\t\t\t<\/div>\n\t\t<\/div>\n\t\t\t\t\t<\/div>\n\t\t<\/section>\n\t\t\t\t<section class=\"elementor-section elementor-top-section elementor-element elementor-element-c4ce14b elementor-section-boxed elementor-section-height-default elementor-section-height-default\" data-id=\"c4ce14b\" data-element_type=\"section\">\n\t\t\t\t\t\t<div class=\"elementor-container elementor-column-gap-custom\">\n\t\t\t\t\t<div class=\"elementor-column elementor-col-33 elementor-top-column elementor-element elementor-element-4b9c155\" data-id=\"4b9c155\" data-element_type=\"column\">\n\t\t\t<div class=\"elementor-widget-wrap elementor-element-populated\">\n\t\t\t\t\t\t<div class=\"elementor-element elementor-element-bcbcc75 elementor-widget elementor-widget-heading\" data-id=\"bcbcc75\" data-element_type=\"widget\" data-widget_type=\"heading.default\">\n\t\t\t\t<div class=\"elementor-widget-container\">\n\t\t\t\t\t<h2 class=\"elementor-heading-title elementor-size-default\">Presentaci\u00f3<\/h2>\t\t\t\t<\/div>\n\t\t\t\t<\/div>\n\t\t\t\t\t<\/div>\n\t\t<\/div>\n\t\t\t\t<div class=\"elementor-column elementor-col-66 elementor-top-column elementor-element elementor-element-748b35f\" data-id=\"748b35f\" data-element_type=\"column\">\n\t\t\t<div class=\"elementor-widget-wrap elementor-element-populated\">\n\t\t\t\t\t\t<div class=\"elementor-element elementor-element-37bab40 elementor-widget elementor-widget-text-editor\" data-id=\"37bab40\" data-element_type=\"widget\" data-widget_type=\"text-editor.default\">\n\t\t\t\t<div class=\"elementor-widget-container\">\n\t\t\t\t\t\t\t\t\t<p>Des de Catalunya se segueix amb preocupaci\u00f3 els alts nivells de viol\u00e8ncia que viu l\u2019Am\u00e8rica Central, especialment pa\u00efsos com El Salvador, Guatemala, Hondures i Nicaragua, amb els quals existeixen lla\u00e7os de cooperaci\u00f3 i solidaritat hist\u00f2rics. Entre els motius de preocupaci\u00f3 destaquen la criminalitzaci\u00f3 de la protesta, la deriva autorit\u00e0ria i antifeminista, aix\u00ed com l&#8217;expansi\u00f3 dels grups criminals a la regi\u00f3.<\/p><p>La cooptaci\u00f3 de l&#8217;estat per part de xarxes criminals, la licitaci\u00f3 sense mesura dels territoris, la remilitaritzaci\u00f3 social, la polaritzaci\u00f3 i els discursos d&#8217;odi (LGTBIQ+f\u00f2bics, masclistes i racistes), s\u00f3n part de la vulneraci\u00f3 de drets que viu la poblaci\u00f3, abocada a despla\u00e7aments en condicions inhumanes, conseq\u00fc\u00e8ncia tamb\u00e9 de les pol\u00edtiques migrat\u00f2ries del nord global.<\/p><p>Malgrat que <strong>Guatemala, Nicaragua, El Salvador i Hondures<\/strong> van posar fi als seus conflictes b\u00e8l\u00b7lics, els acords de pau no s&#8217;han tradu\u00eft en la capacitat necess\u00e0ria per impulsar pol\u00edtiques p\u00fabliques i una legislaci\u00f3 que puguin transformar la societat i garantir un clima de pau i just\u00edcia social. Els reptes s\u00f3n enormes i els factors causants no estan deslligats d&#8217;un context global en creixent tensi\u00f3.<\/p><p>Tanmateix, l&#8217;Am\u00e8rica Central \u00e9s una regi\u00f3 hist\u00f2ricament activa, amb iniciatives de transformaci\u00f3 social ideades des de l&#8217;articulaci\u00f3 social. Persones i col\u00b7lectius de la societat civil, de l&#8217;\u00e0mbit acad\u00e8mic, art\u00edstic i pol\u00edtic, posen sobre la taula propostes per afrontar les diferents crisis des d&#8217;una mirada basada en la dignitat i en els drets inherents a tots els \u00e9ssers humans i de la naturalesa.<\/p><p>\u00c9s per aix\u00f2 que cal continuar teixint xarxes de suport i incid\u00e8ncia per poder sumar-se, des de Catalunya, a les persones i col\u00b7lectius que promouen aquests espais i propostes, els quals es veuen subjectes a campanyes de desprestigi, assetjament, criminalitzaci\u00f3, atacs i, fins i tot, desaparici\u00f3 for\u00e7ada o execuci\u00f3. El context de repressi\u00f3, persecuci\u00f3 i viol\u00e8ncia que viu la regi\u00f3 convoca a dirigir l&#8217;atenci\u00f3 internacional cap a la regi\u00f3 i refor\u00e7ar els molts lla\u00e7os de solidaritat ja existents.<\/p><p>\u00c9s amb aquest prop\u00f2sit que la nova Taula Catalana pels Drets Humans i la Pau a l\u2019Am\u00e8rica Central) i l&#8217;ICIP organitzen aquestes primeres jornades de reflexi\u00f3 i di\u00e0leg entorn dels importants reptes que t\u00e9 Centream\u00e8rica, i per donar visibilitat a les den\u00fancies, idees, iniciatives i alternatives que es presenten des de la societat civil i que pretenen tornar a posar al centre dels debats el valor de la vida.\u00a0\u00a0<\/p>\t\t\t\t\t\t\t\t<\/div>\n\t\t\t\t<\/div>\n\t\t\t\t\t<\/div>\n\t\t<\/div>\n\t\t\t\t\t<\/div>\n\t\t<\/section>\n\t\t\t\t<section class=\"elementor-section elementor-top-section elementor-element elementor-element-137c53e elementor-section-boxed elementor-section-height-default elementor-section-height-default\" data-id=\"137c53e\" data-element_type=\"section\">\n\t\t\t\t\t\t<div class=\"elementor-container elementor-column-gap-custom\">\n\t\t\t\t\t<div class=\"elementor-column elementor-col-33 elementor-top-column elementor-element elementor-element-7f4d35a\" data-id=\"7f4d35a\" data-element_type=\"column\">\n\t\t\t<div class=\"elementor-widget-wrap elementor-element-populated\">\n\t\t\t\t\t\t<div class=\"elementor-element elementor-element-53ec267 elementor-widget elementor-widget-heading\" data-id=\"53ec267\" data-element_type=\"widget\" data-widget_type=\"heading.default\">\n\t\t\t\t<div class=\"elementor-widget-container\">\n\t\t\t\t\t<h2 class=\"elementor-heading-title elementor-size-default\">Programa<\/h2>\t\t\t\t<\/div>\n\t\t\t\t<\/div>\n\t\t\t\t\t<\/div>\n\t\t<\/div>\n\t\t\t\t<div class=\"elementor-column elementor-col-66 elementor-top-column elementor-element elementor-element-8115a95\" data-id=\"8115a95\" data-element_type=\"column\">\n\t\t\t<div class=\"elementor-widget-wrap elementor-element-populated\">\n\t\t\t\t\t\t<div class=\"elementor-element elementor-element-082d57b elementor-widget elementor-widget-text-editor\" data-id=\"082d57b\" data-element_type=\"widget\" data-widget_type=\"text-editor.default\">\n\t\t\t\t<div class=\"elementor-widget-container\">\n\t\t\t\t\t\t\t\t\t<h3>Dimarts 18 de juny<\/h3><p>16.30h &#8211; 17h: Benvinguda i presentaci\u00f3 de la Taula Catalana pels Drets Humans i la Pau a l\u2019Am\u00e8rica Central.\u00a0<\/p><ul><li><strong>Xavier Masllorens<\/strong>, ICIP<\/li><li><strong>Alicia Rodr\u00edguez<\/strong> i <strong>L\u00eddia Serra, <\/strong>Taula Catalana pels Drets Humans i la Pau a l\u2019Am\u00e8rica Central Taula<\/li><\/ul><p>17h &#8211; 17.30h: Confer\u00e8ncia inaugural<\/p><h3><strong>Claus per entendre el context regional des d&#8217;una perspectiva de drets humans i pau<\/strong><\/h3><ul><li><strong>Claudia Paz y Paz<\/strong>, Centro por la Justicia y el Derecho Internacional (CEJIL)\u00a0<\/li><\/ul><p>Presenta: <strong>Tono Albareda<\/strong>, Taula Catalana pels Drets Humans i la Pau a l\u2019Am\u00e8rica Central.\u00a0<\/p><p>17.30h &#8211; 19h: Taula 1<\/p><h3><strong>Enfortir el teixit social davant dels autoritarismes<\/strong><\/h3><p>Les democr\u00e0cies de la regi\u00f3 viuen un moment especialment\u00a0 fr\u00e0gil, tant en la dimensi\u00f3 institucional com social. No nom\u00e9s l&#8217;estat de dret i la separaci\u00f3 de poders estan en risc, tamb\u00e9 ens trobem davant de societats altament polaritzades. Analitzem les causes d&#8217;aquesta situaci\u00f3 i com enfortir el teixit social davant els autoritarismes.<\/p><ul><li><strong>Ang\u00e9lica C\u00e1rcamo<\/strong>, periodista salvadorenca<\/li><li><strong>Sandra Marybel S\u00e1nchez<\/strong>, periodista hondurenya<\/li><\/ul><p>Presenta: <strong>Bea Huber<\/strong>, Taula Catalana pels Drets Humans i la Pau a l\u2019Am\u00e8rica Central.<\/p><h3>Dimecres 19 de juny<\/h3><p>9:30h &#8211; 11h: Taula 2<br \/><i><\/i><\/p><h3><strong>Reivindicar la vig\u00e8ncia dels drets humans<\/strong><\/h3><p>75 anys despr\u00e9s de la Declaraci\u00f3 Universal dels Drets Humans, pol\u00edtics i veus influents de la regi\u00f3 centreamericana han q\u00fcestionat la seva validesa i deslegitimen qualsevol actor \u2013 local, nacional o internacional \u2013 que pretengui anteposar aquests valors universals, tant en la seva dimensi\u00f3 individual com col\u00b7lectiva. Reflexionem sobre les retallades de llibertats i la necessitat de reivindicar la vig\u00e8ncia dels drets humans.<\/p><ul><li><strong>Rolanda Garc\u00eda<\/strong>, periodista comunit\u00e0ria guatemalenca<\/li><li><strong>Joaqu\u00edn Mej\u00eda<\/strong>, Equipo de Reflexi\u00f3n, Investigaci\u00f3n y Comunicaci\u00f3n, Hondures<\/li><li><strong>Ana Margarita Vijil<\/strong>, advocada nicarag\u00fcenca i activista pels drets humans<\/li><\/ul><p>Presenta: <strong>Jordi Corominas<\/strong>, Taula Catalana pels Drets Humans i la Pau a l\u2019Am\u00e8rica Central<\/p><p>11h -11.30h: Descans<\/p><p>11.30h &#8211; 13h: Taula 3<br \/><i><\/i><\/p><h3><strong>Fer front a les crisis des de les mirades i pr\u00e0ctiques feministes i decolonials<\/strong><\/h3><p>En una regi\u00f3 amb unes alarmants taxes de viol\u00e8ncia contra nenes i dones i contra tota identitat de g\u00e8nere dissident, creix tamb\u00e9 el discurs antifeminista i es redueixen els espais de protecci\u00f3 davant les viol\u00e8ncies masclistes. Tanmateix, o potser per aix\u00f2, els col\u00b7lectius feministes s\u00f3n dels pocs que encara es mobilitzen obertament davant la retallada de drets i el retroc\u00e9s democr\u00e0tic. Reflexionem entorn de les aportacions del feminisme davant les viol\u00e8ncies i els discursos de l&#8217;odi.<\/p><ul><li><strong>Morena Herrera<\/strong>, activista feminista salvadorenca<\/li><li><strong>Sara \u00c1lvarez<\/strong>, terapeuta social Maya K&#8217;iche<\/li><li><strong>Tamara Moraz\u00e1n<\/strong>, Asociaci\u00f3n Madres de Abril, Nicaragua<\/li><\/ul><p>Presenta: <strong>Lola Badenes<\/strong>, Taula Catalana pels Drets Humans i la Pau a l\u2019Am\u00e8rica Central<\/p><p>13h-15h: Descans<\/p><p>15h-16.30h: Taula 4<br \/><i><\/i><\/p><h3><strong>Defensar la just\u00edcia social, defensar el territori davant de l&#8217;espoliaci\u00f3<\/strong><\/h3><p>L\u2019Am\u00e8rica Central t\u00e9 una s\u00f2lida traject\u00f2ria de lluita social contra les injust\u00edcies i les desigualtats estructurals. Tot i aix\u00ed, persisteixen la discriminaci\u00f3 racial, les exclusions socials i les viol\u00e8ncies vinculades a l&#8217;espoliaci\u00f3 de b\u00e9ns naturals i amplis sectors de la poblaci\u00f3 veuen molt limitades les seves perspectives de futur. Analitzem com s&#8217;articulen les experi\u00e8ncies de resist\u00e8ncia i els seus \u00e8xits.<\/p><ul><li><strong>Vidalina Morales<\/strong>, Asociaci\u00f3n de Desarrollo Econ\u00f3mico Social (ADES) de Santa Marta, El Salvador<\/li><li><strong>Y\u00e9ssica Trinidad<\/strong>, Organizaci\u00f3n Fraternal Negra Hondure\u00f1a i Red Nacional de Defensoras de Derechos Humanos<\/li><li><strong>Amaru Ruiz<\/strong>, Fundaci\u00f3n del R\u00edo, Nicaragua<\/li><\/ul><p>Presenta: <strong>Alex Guillam\u00f3n<\/strong>, Taula Catalana pels Drets Humans i la Pau a l\u2019Am\u00e8rica Central.<\/p><p>16.30h &#8211; 17h: Descans<\/p><p>17h &#8211; 18.30h: Taula 5<\/p><h3><strong>Apostar per la pau davant d&#8217;un model securititzador i punitivista<\/strong><\/h3><p>Les pol\u00edtiques de seguretat de la regi\u00f3 s&#8217;han caracteritzat en les \u00faltimes d\u00e8cades per pr\u00e0ctiques de \u201cm\u00e0 dura\u201d i han culminat a El Salvador amb un estat d&#8217;excepci\u00f3 i l&#8217;empresonament massiu i sense garanties processals de persones sospitoses de tenir vinculaci\u00f3 amb actors criminals. Davant de la cronificaci\u00f3 de les viol\u00e8ncies, abordem com apostar per la pau i quines estrat\u00e8gies es poden plantejar fora del marc punitivista.<\/p><ul><li><strong>Silvia Ju\u00e1rez<\/strong>, Organizaci\u00f3n de Mujeres Salvadore\u00f1as por la Paz (ORMUSA), El Salvador<\/li><li><strong>Ram\u00f3n Cadena<\/strong>, advocat de drets humans guatemaltenc<\/li><li><strong>Elvira Cuadra<\/strong>, Centro de Estudios Transdisciplinarios de Centroam\u00e9rica, Costa Rica<\/li><\/ul><p>Presenta: <strong>Kristian Herbolzheimer<\/strong>,\u00a0 director de l&#8217;ICIP.<\/p><p>18.45h &#8211; 19.45h: Di\u00e0leg<\/p><h3><strong>Centream\u00e8rica en un m\u00f3n convuls<\/strong><\/h3><p>Les m\u00faltiples crisis que viu Centream\u00e8rica no s\u00f3n alienes a fen\u00f2mens transnacionals. Molts dels reptes que afronta la regi\u00f3 en mat\u00e8ria de pau i drets humans es donen tamb\u00e9 en altres parts del m\u00f3n. Aquest espai pret\u00e9n ser un di\u00e0leg entre respostes locals i globals a aquests reptes.<\/p><ul><li><strong>Amaru Ruiz<\/strong>, Fundaci\u00f3n del R\u00edo, Nicaragua<\/li><li><strong>Morena Herrera<\/strong>, activista feminista salvadorenca<\/li><li><strong>Sara \u00c1lvarez<\/strong>, terapeuta social Maya K&#8217;iche<\/li><li><strong>Y\u00e9ssica Trinidad<\/strong>, Organizaci\u00f3n Fraternal Negra Hondure\u00f1a i Red Nacional de Defensoras de Derechos Humanos\u00a0 \u00a0<\/li><\/ul><p>Presenta: <strong>Montse Santolino<\/strong>, Lafede.cat<\/p><p>19.45h: Clausura de les jornades<\/p>\t\t\t\t\t\t\t\t<\/div>\n\t\t\t\t<\/div>\n\t\t\t\t\t<\/div>\n\t\t<\/div>\n\t\t\t\t\t<\/div>\n\t\t<\/section>\n\t\t\t\t<section class=\"elementor-section elementor-top-section elementor-element elementor-element-a660aca elementor-section-boxed elementor-section-height-default elementor-section-height-default\" data-id=\"a660aca\" data-element_type=\"section\">\n\t\t\t\t\t\t<div class=\"elementor-container elementor-column-gap-default\">\n\t\t\t\t\t<div class=\"elementor-column elementor-col-100 elementor-top-column elementor-element elementor-element-9e89528\" data-id=\"9e89528\" data-element_type=\"column\">\n\t\t\t<div class=\"elementor-widget-wrap elementor-element-populated\">\n\t\t\t\t\t\t<div class=\"elementor-element elementor-element-c5761bd elementor-align-center elementor-widget elementor-widget-button\" data-id=\"c5761bd\" data-element_type=\"widget\" data-widget_type=\"button.default\">\n\t\t\t\t<div class=\"elementor-widget-container\">\n\t\t\t\t\t\t\t\t\t<div class=\"elementor-button-wrapper\">\n\t\t\t\t\t<a class=\"elementor-button elementor-button-link elementor-size-xl\" href=\"https:\/\/www.icip.cat\/wp-content\/uploads\/2024\/06\/web-programa-JornadesCA-CAT.pdf\">\n\t\t\t\t\t\t<span class=\"elementor-button-content-wrapper\">\n\t\t\t\t\t\t\t\t\t<span class=\"elementor-button-text\">Programa en PDF<\/span>\n\t\t\t\t\t<\/span>\n\t\t\t\t\t<\/a>\n\t\t\t\t<\/div>\n\t\t\t\t\t\t\t\t<\/div>\n\t\t\t\t<\/div>\n\t\t\t\t<div class=\"elementor-element elementor-element-8cebc96 elementor-widget elementor-widget-image\" data-id=\"8cebc96\" data-element_type=\"widget\" data-widget_type=\"image.default\">\n\t\t\t\t<div class=\"elementor-widget-container\">\n\t\t\t\t\t\t\t\t\t\t\t\t\t\t\t<img fetchpriority=\"high\" decoding=\"async\" width=\"640\" height=\"360\" src=\"https:\/\/www.icip.cat\/wp-content\/uploads\/2024\/06\/Sin-ti\u0301tulo-Post-de-Twitter-1024x576.png\" class=\"attachment-large size-large wp-image-46420\" alt=\"\" srcset=\"https:\/\/www.icip.cat\/wp-content\/uploads\/2024\/06\/Sin-ti\u0301tulo-Post-de-Twitter-1024x576.png 1024w, https:\/\/www.icip.cat\/wp-content\/uploads\/2024\/06\/Sin-ti\u0301tulo-Post-de-Twitter-300x169.png 300w, https:\/\/www.icip.cat\/wp-content\/uploads\/2024\/06\/Sin-ti\u0301tulo-Post-de-Twitter-768x432.png 768w, https:\/\/www.icip.cat\/wp-content\/uploads\/2024\/06\/Sin-ti\u0301tulo-Post-de-Twitter-1536x864.png 1536w, https:\/\/www.icip.cat\/wp-content\/uploads\/2024\/06\/Sin-ti\u0301tulo-Post-de-Twitter.png 1600w\" sizes=\"(max-width: 640px) 100vw, 640px\" \/>\t\t\t\t\t\t\t\t\t\t\t\t\t\t\t<\/div>\n\t\t\t\t<\/div>\n\t\t\t\t\t<\/div>\n\t\t<\/div>\n\t\t\t\t\t<\/div>\n\t\t<\/section>\n\t\t\t\t<\/div>\n\t\t","protected":false},"excerpt":{"rendered":"<p>Jornades&#8220;Drets humans i pau a l&#8217;Am\u00e8rica Central: reptes i oportunitats&#8221; Barcelona, 18 i 19 juny de 2024 Museu d\u2019Hist\u00f2ria de Barcelona (Sala Mart\u00ed L&#8217;Hum\u00e0) \u00a0 Presentaci\u00f3 Des de Catalunya se segueix amb preocupaci\u00f3 els alts nivells de viol\u00e8ncia que viu l\u2019Am\u00e8rica Central, especialment pa\u00efsos com El Salvador, Guatemala, Hondures i Nicaragua, amb els quals existeixen [&hellip;]<\/p>\n","protected":false},"author":4,"featured_media":0,"parent":0,"menu_order":0,"comment_status":"closed","ping_status":"closed","template":"","meta":{"_acf_changed":false,"footnotes":""},"class_list":["post-46008","page","type-page","status-publish","hentry"],"acf":[],"yoast_head":"<!-- This site is optimized with the Yoast SEO plugin v25.6 - https:\/\/yoast.com\/wordpress\/plugins\/seo\/ -->\n<title>Jornades \u201cDrets humans i pau a l&#039;Am\u00e8rica Central: reptes i oportunitats\u201d - ICIP<\/title>\n<meta name=\"robots\" content=\"index, follow, max-snippet:-1, max-image-preview:large, max-video-preview:-1\" \/>\n<link rel=\"canonical\" href=\"https:\/\/www.icip.cat\/ca\/jornades-drets-humans-i-pau-a-america-central\/\" \/>\n<meta property=\"og:locale\" content=\"ca_ES\" \/>\n<meta property=\"og:type\" content=\"article\" \/>\n<meta property=\"og:title\" content=\"Jornades \u201cDrets humans i pau a l&#039;Am\u00e8rica Central: reptes i oportunitats\u201d - ICIP\" \/>\n<meta property=\"og:description\" content=\"Jornades&#8220;Drets humans i pau a l&#8217;Am\u00e8rica Central: reptes i oportunitats&#8221; Barcelona, 18 i 19 juny de 2024 Museu d\u2019Hist\u00f2ria de Barcelona (Sala Mart\u00ed L&#8217;Hum\u00e0) \u00a0 Presentaci\u00f3 Des de Catalunya se segueix amb preocupaci\u00f3 els alts nivells de viol\u00e8ncia que viu l\u2019Am\u00e8rica Central, especialment pa\u00efsos com El Salvador, Guatemala, Hondures i Nicaragua, amb els quals existeixen [&hellip;]\" \/>\n<meta property=\"og:url\" content=\"https:\/\/www.icip.cat\/ca\/jornades-drets-humans-i-pau-a-america-central\/\" \/>\n<meta property=\"og:site_name\" content=\"ICIP\" \/>\n<meta property=\"article:modified_time\" content=\"2024-06-28T12:57:53+00:00\" \/>\n<meta property=\"og:image\" content=\"https:\/\/www.icip.cat\/wp-content\/uploads\/2024\/06\/Sin-ti\u0301tulo-Post-de-Twitter-1024x576.png\" \/>\n<meta name=\"twitter:card\" content=\"summary_large_image\" \/>\n<meta name=\"twitter:label1\" content=\"Temps estimat de lectura\" \/>\n\t<meta name=\"twitter:data1\" content=\"7 minuts\" \/>\n<script type=\"application\/ld+json\" class=\"yoast-schema-graph\">{\"@context\":\"https:\/\/schema.org\",\"@graph\":[{\"@type\":\"WebPage\",\"@id\":\"https:\/\/www.icip.cat\/ca\/jornades-drets-humans-i-pau-a-america-central\/\",\"url\":\"https:\/\/www.icip.cat\/ca\/jornades-drets-humans-i-pau-a-america-central\/\",\"name\":\"Jornades \u201cDrets humans i pau a l'Am\u00e8rica Central: reptes i oportunitats\u201d - ICIP\",\"isPartOf\":{\"@id\":\"https:\/\/www.icip.cat\/ca\/#website\"},\"datePublished\":\"2024-05-24T07:47:51+00:00\",\"dateModified\":\"2024-06-28T12:57:53+00:00\",\"inLanguage\":\"ca\",\"potentialAction\":[{\"@type\":\"ReadAction\",\"target\":[\"https:\/\/www.icip.cat\/ca\/jornades-drets-humans-i-pau-a-america-central\/\"]}]},{\"@type\":\"WebSite\",\"@id\":\"https:\/\/www.icip.cat\/ca\/#website\",\"url\":\"https:\/\/www.icip.cat\/ca\/\",\"name\":\"ICIP\",\"description\":\"\",\"publisher\":{\"@id\":\"https:\/\/www.icip.cat\/ca\/#organization\"},\"potentialAction\":[{\"@type\":\"SearchAction\",\"target\":{\"@type\":\"EntryPoint\",\"urlTemplate\":\"https:\/\/www.icip.cat\/ca\/?s={search_term_string}\"},\"query-input\":{\"@type\":\"PropertyValueSpecification\",\"valueRequired\":true,\"valueName\":\"search_term_string\"}}],\"inLanguage\":\"ca\"},{\"@type\":\"Organization\",\"@id\":\"https:\/\/www.icip.cat\/ca\/#organization\",\"name\":\"ICIP\",\"url\":\"https:\/\/www.icip.cat\/ca\/\",\"logo\":{\"@type\":\"ImageObject\",\"inLanguage\":\"ca\",\"@id\":\"https:\/\/www.icip.cat\/ca\/#\/schema\/logo\/image\/\",\"url\":\"https:\/\/www.icip.cat\/wp-content\/uploads\/2021\/02\/logo-2.png\",\"contentUrl\":\"https:\/\/www.icip.cat\/wp-content\/uploads\/2021\/02\/logo-2.png\",\"width\":562,\"height\":391,\"caption\":\"ICIP\"},\"image\":{\"@id\":\"https:\/\/www.icip.cat\/ca\/#\/schema\/logo\/image\/\"}}]}<\/script>\n<!-- \/ Yoast SEO plugin. -->","yoast_head_json":{"title":"Jornades \u201cDrets humans i pau a l'Am\u00e8rica Central: reptes i oportunitats\u201d - ICIP","robots":{"index":"index","follow":"follow","max-snippet":"max-snippet:-1","max-image-preview":"max-image-preview:large","max-video-preview":"max-video-preview:-1"},"canonical":"https:\/\/www.icip.cat\/ca\/jornades-drets-humans-i-pau-a-america-central\/","og_locale":"ca_ES","og_type":"article","og_title":"Jornades \u201cDrets humans i pau a l'Am\u00e8rica Central: reptes i oportunitats\u201d - ICIP","og_description":"Jornades&#8220;Drets humans i pau a l&#8217;Am\u00e8rica Central: reptes i oportunitats&#8221; Barcelona, 18 i 19 juny de 2024 Museu d\u2019Hist\u00f2ria de Barcelona (Sala Mart\u00ed L&#8217;Hum\u00e0) \u00a0 Presentaci\u00f3 Des de Catalunya se segueix amb preocupaci\u00f3 els alts nivells de viol\u00e8ncia que viu l\u2019Am\u00e8rica Central, especialment pa\u00efsos com El Salvador, Guatemala, Hondures i Nicaragua, amb els quals existeixen [&hellip;]","og_url":"https:\/\/www.icip.cat\/ca\/jornades-drets-humans-i-pau-a-america-central\/","og_site_name":"ICIP","article_modified_time":"2024-06-28T12:57:53+00:00","og_image":[{"url":"https:\/\/www.icip.cat\/wp-content\/uploads\/2024\/06\/Sin-ti\u0301tulo-Post-de-Twitter-1024x576.png","type":"","width":"","height":""}],"twitter_card":"summary_large_image","twitter_misc":{"Temps estimat de lectura":"7 minuts"},"schema":{"@context":"https:\/\/schema.org","@graph":[{"@type":"WebPage","@id":"https:\/\/www.icip.cat\/ca\/jornades-drets-humans-i-pau-a-america-central\/","url":"https:\/\/www.icip.cat\/ca\/jornades-drets-humans-i-pau-a-america-central\/","name":"Jornades \u201cDrets humans i pau a l'Am\u00e8rica Central: reptes i oportunitats\u201d - ICIP","isPartOf":{"@id":"https:\/\/www.icip.cat\/ca\/#website"},"datePublished":"2024-05-24T07:47:51+00:00","dateModified":"2024-06-28T12:57:53+00:00","inLanguage":"ca","potentialAction":[{"@type":"ReadAction","target":["https:\/\/www.icip.cat\/ca\/jornades-drets-humans-i-pau-a-america-central\/"]}]},{"@type":"WebSite","@id":"https:\/\/www.icip.cat\/ca\/#website","url":"https:\/\/www.icip.cat\/ca\/","name":"ICIP","description":"","publisher":{"@id":"https:\/\/www.icip.cat\/ca\/#organization"},"potentialAction":[{"@type":"SearchAction","target":{"@type":"EntryPoint","urlTemplate":"https:\/\/www.icip.cat\/ca\/?s={search_term_string}"},"query-input":{"@type":"PropertyValueSpecification","valueRequired":true,"valueName":"search_term_string"}}],"inLanguage":"ca"},{"@type":"Organization","@id":"https:\/\/www.icip.cat\/ca\/#organization","name":"ICIP","url":"https:\/\/www.icip.cat\/ca\/","logo":{"@type":"ImageObject","inLanguage":"ca","@id":"https:\/\/www.icip.cat\/ca\/#\/schema\/logo\/image\/","url":"https:\/\/www.icip.cat\/wp-content\/uploads\/2021\/02\/logo-2.png","contentUrl":"https:\/\/www.icip.cat\/wp-content\/uploads\/2021\/02\/logo-2.png","width":562,"height":391,"caption":"ICIP"},"image":{"@id":"https:\/\/www.icip.cat\/ca\/#\/schema\/logo\/image\/"}}]}},"_links":{"self":[{"href":"https:\/\/www.icip.cat\/ca\/wp-json\/wp\/v2\/pages\/46008","targetHints":{"allow":["GET"]}}],"collection":[{"href":"https:\/\/www.icip.cat\/ca\/wp-json\/wp\/v2\/pages"}],"about":[{"href":"https:\/\/www.icip.cat\/ca\/wp-json\/wp\/v2\/types\/page"}],"author":[{"embeddable":true,"href":"https:\/\/www.icip.cat\/ca\/wp-json\/wp\/v2\/users\/4"}],"replies":[{"embeddable":true,"href":"https:\/\/www.icip.cat\/ca\/wp-json\/wp\/v2\/comments?post=46008"}],"version-history":[{"count":95,"href":"https:\/\/www.icip.cat\/ca\/wp-json\/wp\/v2\/pages\/46008\/revisions"}],"predecessor-version":[{"id":47245,"href":"https:\/\/www.icip.cat\/ca\/wp-json\/wp\/v2\/pages\/46008\/revisions\/47245"}],"wp:attachment":[{"href":"https:\/\/www.icip.cat\/ca\/wp-json\/wp\/v2\/media?parent=46008"}],"curies":[{"name":"wp","href":"https:\/\/api.w.org\/{rel}","templated":true}]}}