{"id":47224,"date":"2024-07-09T13:02:56","date_gmt":"2024-07-09T13:02:56","guid":{"rendered":"https:\/\/www.icip.cat\/?page_id=47224"},"modified":"2025-04-22T07:35:04","modified_gmt":"2025-04-22T07:35:04","slug":"violencia-fora-de-contextos-bellics","status":"publish","type":"page","link":"https:\/\/www.icip.cat\/ca\/violencia-fora-de-contextos-bellics\/","title":{"rendered":"Viol\u00e8ncies fora de contextos b\u00e8l\u00b7lics"},"content":{"rendered":"\t\t<div data-elementor-type=\"wp-page\" data-elementor-id=\"47224\" class=\"elementor elementor-47224\" data-elementor-post-type=\"page\">\n\t\t\t\t\t\t<section class=\"elementor-section elementor-top-section elementor-element elementor-element-86ec597 elementor-section-boxed elementor-section-height-default elementor-section-height-default\" data-id=\"86ec597\" data-element_type=\"section\" data-settings=\"{&quot;background_background&quot;:&quot;classic&quot;}\">\n\t\t\t\t\t\t\t<div class=\"elementor-background-overlay\"><\/div>\n\t\t\t\t\t\t\t<div class=\"elementor-container elementor-column-gap-default\">\n\t\t\t\t\t<div class=\"elementor-column elementor-col-100 elementor-top-column elementor-element elementor-element-d60d7ad\" data-id=\"d60d7ad\" data-element_type=\"column\">\n\t\t\t<div class=\"elementor-widget-wrap elementor-element-populated\">\n\t\t\t\t\t\t<div class=\"elementor-element elementor-element-30452ac elementor-widget elementor-widget-heading\" data-id=\"30452ac\" data-element_type=\"widget\" data-widget_type=\"heading.default\">\n\t\t\t\t<div class=\"elementor-widget-container\">\n\t\t\t\t\t<h1 class=\"elementor-heading-title elementor-size-default\">Viol\u00e8ncies fora de contextos b\u00e8l\u00b7lics<\/h1>\t\t\t\t<\/div>\n\t\t\t\t<\/div>\n\t\t\t\t\t<\/div>\n\t\t<\/div>\n\t\t\t\t\t<\/div>\n\t\t<\/section>\n\t\t\t\t<section class=\"elementor-section elementor-top-section elementor-element elementor-element-c1a5f1c elementor-section-boxed elementor-section-height-default elementor-section-height-default\" data-id=\"c1a5f1c\" data-element_type=\"section\">\n\t\t\t\t\t\t<div class=\"elementor-container elementor-column-gap-default\">\n\t\t\t\t\t<div class=\"elementor-column elementor-col-100 elementor-top-column elementor-element elementor-element-4468c02\" data-id=\"4468c02\" data-element_type=\"column\">\n\t\t\t<div class=\"elementor-widget-wrap elementor-element-populated\">\n\t\t\t\t\t\t<div class=\"elementor-element elementor-element-3b0a67f elementor-widget elementor-widget-text-editor\" data-id=\"3b0a67f\" data-element_type=\"widget\" data-widget_type=\"text-editor.default\">\n\t\t\t\t<div class=\"elementor-widget-container\">\n\t\t\t\t\t\t\t\t\t<p>Des de fa uns anys, i malgrat l\u2019esclat de noves guerres, el nombre de morts violentes en situacions \u201cfora de contextos b\u00e8l\u00b7lics\u201d supera el nombre de morts en conflictes armats. Es tracta tanmateix de situacions que reben relativament poca atenci\u00f3 internacional. Els homicidis s\u00f3n sense dubte l\u2019expressi\u00f3 m\u00e9s visible d\u2019un <strong>ampli ventall de\u202fviol\u00e8ncies directes<\/strong> que inclou tamb\u00e9 desaparicions i despla\u00e7aments for\u00e7ats, extorsions, amenaces i atacs contra persones defensores dels drets humans i del medi ambient, etc. S\u00f3n viol\u00e8ncies cr\u00f2niques \u2013 amb un extraordinari impacte de g\u00e8nere \u2013 que estan \u00edntimament vinculades a <strong>viol\u00e8ncies estructurals i culturals<\/strong>.\u00a0<\/p><p>Des de l\u2019ICIP entenem la necessitat d\u2019abordar-les <strong>des d\u2019una perspectiva de construcci\u00f3 de pau<\/strong>, lluny de la l\u00f2gica repressiva i de militaritzaci\u00f3 de la seguretat p\u00fablica, fet que requereix <strong>repensar i adaptar les\u202feines<\/strong> metodol\u00f2giques\u202fi conceptuals. Alhora, volem identificar les iniciatives de l\u2019\u00e0mbit local que advoquen per a una transformaci\u00f3 social i pol\u00edtica, per promoure la cultura de pau i la defensa dels drets humans i per construir comunitat; aprendre de les seves experi\u00e8ncies i facilitar la circulaci\u00f3 de coneixements entre actors socials, acad\u00e8mics i institucionals.<\/p><p>Tot i tenir una visi\u00f3 global, en aquests moments, l&#8217;\u00e0rea se centra en dos contextos geogr\u00e0fics espec\u00edfics: <strong>M\u00e8xic<\/strong> i l\u2019<strong>Am\u00e8rica Central.\u00a0<\/strong>Alhora, es treballa per aprofundir en el paper de col\u00b7lectius com agents de construcci\u00f3 de pau, entre ells fam\u00edlies de <strong>persones desaparegudes<\/strong> que busquen veritat, just\u00edcia i reparaci\u00f3 i garanties de no repetici\u00f3.\u00a0<\/p>\t\t\t\t\t\t\t\t<\/div>\n\t\t\t\t<\/div>\n\t\t\t\t\t<\/div>\n\t\t<\/div>\n\t\t\t\t\t<\/div>\n\t\t<\/section>\n\t\t\t\t<section class=\"elementor-section elementor-top-section elementor-element elementor-element-190ea43 elementor-section-boxed elementor-section-height-default elementor-section-height-default\" data-id=\"190ea43\" data-element_type=\"section\">\n\t\t\t\t\t\t<div class=\"elementor-container elementor-column-gap-default\">\n\t\t\t\t\t<div class=\"elementor-column elementor-col-50 elementor-top-column elementor-element elementor-element-277bb28\" data-id=\"277bb28\" data-element_type=\"column\">\n\t\t\t<div class=\"elementor-widget-wrap elementor-element-populated\">\n\t\t\t\t\t\t<section class=\"elementor-section elementor-inner-section elementor-element elementor-element-5d0343f elementor-section-height-min-height elementor-section-boxed elementor-section-height-default\" data-id=\"5d0343f\" data-element_type=\"section\">\n\t\t\t\t\t\t<div class=\"elementor-container elementor-column-gap-narrow\">\n\t\t\t\t\t<div class=\"elementor-column elementor-col-50 elementor-inner-column elementor-element elementor-element-ea2cc06\" data-id=\"ea2cc06\" data-element_type=\"column\" data-settings=\"{&quot;background_background&quot;:&quot;slideshow&quot;,&quot;background_slideshow_gallery&quot;:[],&quot;background_slideshow_loop&quot;:&quot;yes&quot;,&quot;background_slideshow_slide_duration&quot;:5000,&quot;background_slideshow_slide_transition&quot;:&quot;fade&quot;,&quot;background_slideshow_transition_duration&quot;:500}\">\n\t\t\t<div class=\"elementor-widget-wrap elementor-element-populated\">\n\t\t\t\t\t\t<div class=\"elementor-element elementor-element-a57f822 elementor-widget elementor-widget-image\" data-id=\"a57f822\" data-element_type=\"widget\" data-widget_type=\"image.default\">\n\t\t\t\t<div class=\"elementor-widget-container\">\n\t\t\t\t\t\t\t\t\t\t\t\t\t\t\t\t<a href=\"https:\/\/www.icip.cat\/ca\/violencia-fora-dels-contextos-bellics\/entendre-les-violencies\/\">\n\t\t\t\t\t\t\t<img fetchpriority=\"high\" decoding=\"async\" width=\"640\" height=\"426\" src=\"https:\/\/www.icip.cat\/wp-content\/uploads\/2024\/07\/10_pandilles-interior-1024x682.jpg\" class=\"attachment-large size-large wp-image-47857\" alt=\"\" srcset=\"https:\/\/www.icip.cat\/wp-content\/uploads\/2024\/07\/10_pandilles-interior-1024x682.jpg 1024w, https:\/\/www.icip.cat\/wp-content\/uploads\/2024\/07\/10_pandilles-interior-300x200.jpg 300w, https:\/\/www.icip.cat\/wp-content\/uploads\/2024\/07\/10_pandilles-interior-768x512.jpg 768w, https:\/\/www.icip.cat\/wp-content\/uploads\/2024\/07\/10_pandilles-interior-1536x1024.jpg 1536w, https:\/\/www.icip.cat\/wp-content\/uploads\/2024\/07\/10_pandilles-interior.jpg 2000w\" sizes=\"(max-width: 640px) 100vw, 640px\" \/>\t\t\t\t\t\t\t\t<\/a>\n\t\t\t\t\t\t\t\t\t\t\t\t\t\t\t<\/div>\n\t\t\t\t<\/div>\n\t\t\t\t<div class=\"elementor-element elementor-element-fba0d76 elementor-absolute elementor-widget elementor-widget-heading\" data-id=\"fba0d76\" data-element_type=\"widget\" data-settings=\"{&quot;_position&quot;:&quot;absolute&quot;}\" data-widget_type=\"heading.default\">\n\t\t\t\t<div class=\"elementor-widget-container\">\n\t\t\t\t\t<h2 class=\"elementor-heading-title elementor-size-default\"><a href=\"https:\/\/www.icip.cat\/ca\/violencia-fora-de-contextos-bellics\/entendre-les-violencies\/\">Entendre les viol\u00e8ncies<\/a><\/h2>\t\t\t\t<\/div>\n\t\t\t\t<\/div>\n\t\t\t\t\t<\/div>\n\t\t<\/div>\n\t\t\t\t<div class=\"elementor-column elementor-col-50 elementor-inner-column elementor-element elementor-element-fd2dcf4\" data-id=\"fd2dcf4\" data-element_type=\"column\" data-settings=\"{&quot;background_background&quot;:&quot;slideshow&quot;,&quot;background_slideshow_gallery&quot;:[],&quot;background_slideshow_loop&quot;:&quot;yes&quot;,&quot;background_slideshow_slide_duration&quot;:5000,&quot;background_slideshow_slide_transition&quot;:&quot;fade&quot;,&quot;background_slideshow_transition_duration&quot;:500}\">\n\t\t\t<div class=\"elementor-widget-wrap elementor-element-populated\">\n\t\t\t\t\t\t<div class=\"elementor-element elementor-element-5cfc70b elementor-widget elementor-widget-image\" data-id=\"5cfc70b\" data-element_type=\"widget\" data-widget_type=\"image.default\">\n\t\t\t\t<div class=\"elementor-widget-container\">\n\t\t\t\t\t\t\t\t\t\t\t\t\t\t\t\t<a href=\"https:\/\/www.icip.cat\/ca\/violencia-fora-de-contextos-bellics\/construccio-de-pau-a-mexic\/\">\n\t\t\t\t\t\t\t<img decoding=\"async\" width=\"640\" height=\"871\" src=\"https:\/\/www.icip.cat\/wp-content\/uploads\/2024\/07\/IMG_5511-scaled-e1728472801783-752x1024.jpg\" class=\"attachment-large size-large wp-image-47267\" alt=\"\" srcset=\"https:\/\/www.icip.cat\/wp-content\/uploads\/2024\/07\/IMG_5511-scaled-e1728472801783-752x1024.jpg 752w, https:\/\/www.icip.cat\/wp-content\/uploads\/2024\/07\/IMG_5511-scaled-e1728472801783-220x300.jpg 220w, https:\/\/www.icip.cat\/wp-content\/uploads\/2024\/07\/IMG_5511-scaled-e1728472801783-768x1046.jpg 768w, https:\/\/www.icip.cat\/wp-content\/uploads\/2024\/07\/IMG_5511-scaled-e1728472801783-1128x1536.jpg 1128w, https:\/\/www.icip.cat\/wp-content\/uploads\/2024\/07\/IMG_5511-scaled-e1728472801783.jpg 1203w\" sizes=\"(max-width: 640px) 100vw, 640px\" \/>\t\t\t\t\t\t\t\t<\/a>\n\t\t\t\t\t\t\t\t\t\t\t\t\t\t\t<\/div>\n\t\t\t\t<\/div>\n\t\t\t\t<div class=\"elementor-element elementor-element-e9747c9 elementor-absolute elementor-widget elementor-widget-heading\" data-id=\"e9747c9\" data-element_type=\"widget\" data-settings=\"{&quot;_position&quot;:&quot;absolute&quot;}\" data-widget_type=\"heading.default\">\n\t\t\t\t<div class=\"elementor-widget-container\">\n\t\t\t\t\t<h2 class=\"elementor-heading-title elementor-size-default\"><a href=\"https:\/\/www.icip.cat\/ca\/violencia-fora-dels-contextos-bellics\/construccio-de-pau-a-mexic\/\">Construcci\u00f3 de pau a M\u00e8xic<\/a><\/h2>\t\t\t\t<\/div>\n\t\t\t\t<\/div>\n\t\t\t\t\t<\/div>\n\t\t<\/div>\n\t\t\t\t\t<\/div>\n\t\t<\/section>\n\t\t\t\t\t<\/div>\n\t\t<\/div>\n\t\t\t\t<div class=\"elementor-column elementor-col-50 elementor-top-column elementor-element elementor-element-cfe03bc\" data-id=\"cfe03bc\" data-element_type=\"column\">\n\t\t\t<div class=\"elementor-widget-wrap elementor-element-populated\">\n\t\t\t\t\t\t<section class=\"elementor-section elementor-inner-section elementor-element elementor-element-1d73e84 elementor-section-height-min-height elementor-section-boxed elementor-section-height-default\" data-id=\"1d73e84\" data-element_type=\"section\">\n\t\t\t\t\t\t<div class=\"elementor-container elementor-column-gap-narrow\">\n\t\t\t\t\t<div class=\"elementor-column elementor-col-50 elementor-inner-column elementor-element elementor-element-8bda0f0\" data-id=\"8bda0f0\" data-element_type=\"column\" data-settings=\"{&quot;background_background&quot;:&quot;slideshow&quot;,&quot;background_slideshow_gallery&quot;:[],&quot;background_slideshow_loop&quot;:&quot;yes&quot;,&quot;background_slideshow_slide_duration&quot;:5000,&quot;background_slideshow_slide_transition&quot;:&quot;fade&quot;,&quot;background_slideshow_transition_duration&quot;:500}\">\n\t\t\t<div class=\"elementor-widget-wrap elementor-element-populated\">\n\t\t\t\t\t\t<div class=\"elementor-element elementor-element-6e8948e elementor-widget elementor-widget-image\" data-id=\"6e8948e\" data-element_type=\"widget\" data-widget_type=\"image.default\">\n\t\t\t\t<div class=\"elementor-widget-container\">\n\t\t\t\t\t\t\t\t\t\t\t\t\t\t\t\t<a href=\"https:\/\/www.icip.cat\/ca\/violencia-fora-dels-contextos-bellics\/construccio-de-pau-a-lamerica-central\/\">\n\t\t\t\t\t\t\t<img decoding=\"async\" width=\"640\" height=\"427\" src=\"https:\/\/www.icip.cat\/wp-content\/uploads\/2024\/06\/IMG_8107-1-1024x683.jpg\" class=\"attachment-large size-large wp-image-46681\" alt=\"\" srcset=\"https:\/\/www.icip.cat\/wp-content\/uploads\/2024\/06\/IMG_8107-1-1024x683.jpg 1024w, https:\/\/www.icip.cat\/wp-content\/uploads\/2024\/06\/IMG_8107-1-300x200.jpg 300w, https:\/\/www.icip.cat\/wp-content\/uploads\/2024\/06\/IMG_8107-1-768x512.jpg 768w, https:\/\/www.icip.cat\/wp-content\/uploads\/2024\/06\/IMG_8107-1-1536x1024.jpg 1536w, https:\/\/www.icip.cat\/wp-content\/uploads\/2024\/06\/IMG_8107-1-2048x1365.jpg 2048w\" sizes=\"(max-width: 640px) 100vw, 640px\" \/>\t\t\t\t\t\t\t\t<\/a>\n\t\t\t\t\t\t\t\t\t\t\t\t\t\t\t<\/div>\n\t\t\t\t<\/div>\n\t\t\t\t<div class=\"elementor-element elementor-element-822318c elementor-absolute elementor-widget elementor-widget-heading\" data-id=\"822318c\" data-element_type=\"widget\" data-settings=\"{&quot;_position&quot;:&quot;absolute&quot;}\" data-widget_type=\"heading.default\">\n\t\t\t\t<div class=\"elementor-widget-container\">\n\t\t\t\t\t<h2 class=\"elementor-heading-title elementor-size-default\"><a href=\"https:\/\/www.icip.cat\/ca\/violencia-fora-dels-contextos-bellics\/construccio-de-pau-a-lamerica-central\/\">Construcci\u00f3 de pau a l'Am\u00e8rica Central <\/a><\/h2>\t\t\t\t<\/div>\n\t\t\t\t<\/div>\n\t\t\t\t\t<\/div>\n\t\t<\/div>\n\t\t\t\t<div class=\"elementor-column elementor-col-50 elementor-inner-column elementor-element elementor-element-65ac8b1\" data-id=\"65ac8b1\" data-element_type=\"column\" data-settings=\"{&quot;background_background&quot;:&quot;slideshow&quot;,&quot;background_slideshow_gallery&quot;:[],&quot;background_slideshow_loop&quot;:&quot;yes&quot;,&quot;background_slideshow_slide_duration&quot;:5000,&quot;background_slideshow_slide_transition&quot;:&quot;fade&quot;,&quot;background_slideshow_transition_duration&quot;:500}\">\n\t\t\t<div class=\"elementor-widget-wrap elementor-element-populated\">\n\t\t\t\t\t\t<div class=\"elementor-element elementor-element-755b712 elementor-widget elementor-widget-image\" data-id=\"755b712\" data-element_type=\"widget\" data-widget_type=\"image.default\">\n\t\t\t\t<div class=\"elementor-widget-container\">\n\t\t\t\t\t\t\t\t\t\t\t\t\t\t\t\t<a href=\"https:\/\/www.icip.cat\/ca\/violencia-fora-dels-contextos-bellics\/desaparicions-forcades\/\">\n\t\t\t\t\t\t\t<img loading=\"lazy\" decoding=\"async\" width=\"640\" height=\"427\" src=\"https:\/\/www.icip.cat\/wp-content\/uploads\/2024\/07\/01_dones-exterior-1024x683.jpg\" class=\"attachment-large size-large wp-image-47249\" alt=\"\" srcset=\"https:\/\/www.icip.cat\/wp-content\/uploads\/2024\/07\/01_dones-exterior-1024x683.jpg 1024w, https:\/\/www.icip.cat\/wp-content\/uploads\/2024\/07\/01_dones-exterior-300x200.jpg 300w, https:\/\/www.icip.cat\/wp-content\/uploads\/2024\/07\/01_dones-exterior-768x512.jpg 768w, https:\/\/www.icip.cat\/wp-content\/uploads\/2024\/07\/01_dones-exterior-1536x1024.jpg 1536w, https:\/\/www.icip.cat\/wp-content\/uploads\/2024\/07\/01_dones-exterior-2048x1366.jpg 2048w\" sizes=\"(max-width: 640px) 100vw, 640px\" \/>\t\t\t\t\t\t\t\t<\/a>\n\t\t\t\t\t\t\t\t\t\t\t\t\t\t\t<\/div>\n\t\t\t\t<\/div>\n\t\t\t\t<div class=\"elementor-element elementor-element-3a0f345 elementor-absolute elementor-widget elementor-widget-heading\" data-id=\"3a0f345\" data-element_type=\"widget\" data-settings=\"{&quot;_position&quot;:&quot;absolute&quot;}\" data-widget_type=\"heading.default\">\n\t\t\t\t<div class=\"elementor-widget-container\">\n\t\t\t\t\t<h2 class=\"elementor-heading-title elementor-size-default\"><a href=\"https:\/\/www.icip.cat\/ca\/violencia-fora-dels-contextos-bellics\/desaparicions-forcades\/\">Desaparicions for\u00e7ades<\/a><\/h2>\t\t\t\t<\/div>\n\t\t\t\t<\/div>\n\t\t\t\t\t<\/div>\n\t\t<\/div>\n\t\t\t\t\t<\/div>\n\t\t<\/section>\n\t\t\t\t\t<\/div>\n\t\t<\/div>\n\t\t\t\t\t<\/div>\n\t\t<\/section>\n\t\t\t\t<\/div>\n\t\t","protected":false},"excerpt":{"rendered":"<p>Viol\u00e8ncies fora de contextos b\u00e8l\u00b7lics Des de fa uns anys, i malgrat l\u2019esclat de noves guerres, el nombre de morts violentes en situacions \u201cfora de contextos b\u00e8l\u00b7lics\u201d supera el nombre de morts en conflictes armats. Es tracta tanmateix de situacions que reben relativament poca atenci\u00f3 internacional. Els homicidis s\u00f3n sense dubte l\u2019expressi\u00f3 m\u00e9s visible d\u2019un [&hellip;]<\/p>\n","protected":false},"author":4,"featured_media":0,"parent":0,"menu_order":0,"comment_status":"closed","ping_status":"closed","template":"","meta":{"_acf_changed":false,"footnotes":""},"class_list":["post-47224","page","type-page","status-publish","hentry"],"acf":[],"yoast_head":"<!-- This site is optimized with the Yoast SEO plugin v25.6 - https:\/\/yoast.com\/wordpress\/plugins\/seo\/ -->\n<title>Viol\u00e8ncies fora de contextos b\u00e8l\u00b7lics - ICIP<\/title>\n<meta name=\"robots\" content=\"index, follow, max-snippet:-1, max-image-preview:large, max-video-preview:-1\" \/>\n<link rel=\"canonical\" href=\"https:\/\/www.icip.cat\/ca\/violencia-fora-de-contextos-bellics\/\" \/>\n<meta property=\"og:locale\" content=\"ca_ES\" \/>\n<meta property=\"og:type\" content=\"article\" \/>\n<meta property=\"og:title\" content=\"Viol\u00e8ncies fora de contextos b\u00e8l\u00b7lics - ICIP\" \/>\n<meta property=\"og:description\" content=\"Viol\u00e8ncies fora de contextos b\u00e8l\u00b7lics Des de fa uns anys, i malgrat l\u2019esclat de noves guerres, el nombre de morts violentes en situacions \u201cfora de contextos b\u00e8l\u00b7lics\u201d supera el nombre de morts en conflictes armats. Es tracta tanmateix de situacions que reben relativament poca atenci\u00f3 internacional. Els homicidis s\u00f3n sense dubte l\u2019expressi\u00f3 m\u00e9s visible d\u2019un [&hellip;]\" \/>\n<meta property=\"og:url\" content=\"https:\/\/www.icip.cat\/ca\/violencia-fora-de-contextos-bellics\/\" \/>\n<meta property=\"og:site_name\" content=\"ICIP\" \/>\n<meta property=\"article:modified_time\" content=\"2025-04-22T07:35:04+00:00\" \/>\n<meta property=\"og:image\" content=\"https:\/\/www.icip.cat\/wp-content\/uploads\/2024\/07\/10_pandilles-interior.jpg\" \/>\n\t<meta property=\"og:image:width\" content=\"2000\" \/>\n\t<meta property=\"og:image:height\" content=\"1333\" \/>\n\t<meta property=\"og:image:type\" content=\"image\/jpeg\" \/>\n<meta name=\"twitter:card\" content=\"summary_large_image\" \/>\n<meta name=\"twitter:label1\" content=\"Temps estimat de lectura\" \/>\n\t<meta name=\"twitter:data1\" content=\"3 minuts\" \/>\n<script type=\"application\/ld+json\" class=\"yoast-schema-graph\">{\"@context\":\"https:\/\/schema.org\",\"@graph\":[{\"@type\":\"WebPage\",\"@id\":\"https:\/\/www.icip.cat\/ca\/violencia-fora-de-contextos-bellics\/\",\"url\":\"https:\/\/www.icip.cat\/ca\/violencia-fora-de-contextos-bellics\/\",\"name\":\"Viol\u00e8ncies fora de contextos b\u00e8l\u00b7lics - ICIP\",\"isPartOf\":{\"@id\":\"https:\/\/www.icip.cat\/ca\/#website\"},\"primaryImageOfPage\":{\"@id\":\"https:\/\/www.icip.cat\/ca\/violencia-fora-de-contextos-bellics\/#primaryimage\"},\"image\":{\"@id\":\"https:\/\/www.icip.cat\/ca\/violencia-fora-de-contextos-bellics\/#primaryimage\"},\"thumbnailUrl\":\"https:\/\/www.icip.cat\/wp-content\/uploads\/2024\/07\/10_pandilles-interior-1024x682.jpg\",\"datePublished\":\"2024-07-09T13:02:56+00:00\",\"dateModified\":\"2025-04-22T07:35:04+00:00\",\"inLanguage\":\"ca\",\"potentialAction\":[{\"@type\":\"ReadAction\",\"target\":[\"https:\/\/www.icip.cat\/ca\/violencia-fora-de-contextos-bellics\/\"]}]},{\"@type\":\"ImageObject\",\"inLanguage\":\"ca\",\"@id\":\"https:\/\/www.icip.cat\/ca\/violencia-fora-de-contextos-bellics\/#primaryimage\",\"url\":\"https:\/\/www.icip.cat\/wp-content\/uploads\/2024\/07\/10_pandilles-interior-1024x682.jpg\",\"contentUrl\":\"https:\/\/www.icip.cat\/wp-content\/uploads\/2024\/07\/10_pandilles-interior-1024x682.jpg\"},{\"@type\":\"WebSite\",\"@id\":\"https:\/\/www.icip.cat\/ca\/#website\",\"url\":\"https:\/\/www.icip.cat\/ca\/\",\"name\":\"ICIP\",\"description\":\"\",\"publisher\":{\"@id\":\"https:\/\/www.icip.cat\/ca\/#organization\"},\"potentialAction\":[{\"@type\":\"SearchAction\",\"target\":{\"@type\":\"EntryPoint\",\"urlTemplate\":\"https:\/\/www.icip.cat\/ca\/?s={search_term_string}\"},\"query-input\":{\"@type\":\"PropertyValueSpecification\",\"valueRequired\":true,\"valueName\":\"search_term_string\"}}],\"inLanguage\":\"ca\"},{\"@type\":\"Organization\",\"@id\":\"https:\/\/www.icip.cat\/ca\/#organization\",\"name\":\"ICIP\",\"url\":\"https:\/\/www.icip.cat\/ca\/\",\"logo\":{\"@type\":\"ImageObject\",\"inLanguage\":\"ca\",\"@id\":\"https:\/\/www.icip.cat\/ca\/#\/schema\/logo\/image\/\",\"url\":\"https:\/\/www.icip.cat\/wp-content\/uploads\/2021\/02\/logo-2.png\",\"contentUrl\":\"https:\/\/www.icip.cat\/wp-content\/uploads\/2021\/02\/logo-2.png\",\"width\":562,\"height\":391,\"caption\":\"ICIP\"},\"image\":{\"@id\":\"https:\/\/www.icip.cat\/ca\/#\/schema\/logo\/image\/\"}}]}<\/script>\n<!-- \/ Yoast SEO plugin. -->","yoast_head_json":{"title":"Viol\u00e8ncies fora de contextos b\u00e8l\u00b7lics - ICIP","robots":{"index":"index","follow":"follow","max-snippet":"max-snippet:-1","max-image-preview":"max-image-preview:large","max-video-preview":"max-video-preview:-1"},"canonical":"https:\/\/www.icip.cat\/ca\/violencia-fora-de-contextos-bellics\/","og_locale":"ca_ES","og_type":"article","og_title":"Viol\u00e8ncies fora de contextos b\u00e8l\u00b7lics - ICIP","og_description":"Viol\u00e8ncies fora de contextos b\u00e8l\u00b7lics Des de fa uns anys, i malgrat l\u2019esclat de noves guerres, el nombre de morts violentes en situacions \u201cfora de contextos b\u00e8l\u00b7lics\u201d supera el nombre de morts en conflictes armats. Es tracta tanmateix de situacions que reben relativament poca atenci\u00f3 internacional. Els homicidis s\u00f3n sense dubte l\u2019expressi\u00f3 m\u00e9s visible d\u2019un [&hellip;]","og_url":"https:\/\/www.icip.cat\/ca\/violencia-fora-de-contextos-bellics\/","og_site_name":"ICIP","article_modified_time":"2025-04-22T07:35:04+00:00","og_image":[{"width":2000,"height":1333,"url":"https:\/\/www.icip.cat\/wp-content\/uploads\/2024\/07\/10_pandilles-interior.jpg","type":"image\/jpeg"}],"twitter_card":"summary_large_image","twitter_misc":{"Temps estimat de lectura":"3 minuts"},"schema":{"@context":"https:\/\/schema.org","@graph":[{"@type":"WebPage","@id":"https:\/\/www.icip.cat\/ca\/violencia-fora-de-contextos-bellics\/","url":"https:\/\/www.icip.cat\/ca\/violencia-fora-de-contextos-bellics\/","name":"Viol\u00e8ncies fora de contextos b\u00e8l\u00b7lics - ICIP","isPartOf":{"@id":"https:\/\/www.icip.cat\/ca\/#website"},"primaryImageOfPage":{"@id":"https:\/\/www.icip.cat\/ca\/violencia-fora-de-contextos-bellics\/#primaryimage"},"image":{"@id":"https:\/\/www.icip.cat\/ca\/violencia-fora-de-contextos-bellics\/#primaryimage"},"thumbnailUrl":"https:\/\/www.icip.cat\/wp-content\/uploads\/2024\/07\/10_pandilles-interior-1024x682.jpg","datePublished":"2024-07-09T13:02:56+00:00","dateModified":"2025-04-22T07:35:04+00:00","inLanguage":"ca","potentialAction":[{"@type":"ReadAction","target":["https:\/\/www.icip.cat\/ca\/violencia-fora-de-contextos-bellics\/"]}]},{"@type":"ImageObject","inLanguage":"ca","@id":"https:\/\/www.icip.cat\/ca\/violencia-fora-de-contextos-bellics\/#primaryimage","url":"https:\/\/www.icip.cat\/wp-content\/uploads\/2024\/07\/10_pandilles-interior-1024x682.jpg","contentUrl":"https:\/\/www.icip.cat\/wp-content\/uploads\/2024\/07\/10_pandilles-interior-1024x682.jpg"},{"@type":"WebSite","@id":"https:\/\/www.icip.cat\/ca\/#website","url":"https:\/\/www.icip.cat\/ca\/","name":"ICIP","description":"","publisher":{"@id":"https:\/\/www.icip.cat\/ca\/#organization"},"potentialAction":[{"@type":"SearchAction","target":{"@type":"EntryPoint","urlTemplate":"https:\/\/www.icip.cat\/ca\/?s={search_term_string}"},"query-input":{"@type":"PropertyValueSpecification","valueRequired":true,"valueName":"search_term_string"}}],"inLanguage":"ca"},{"@type":"Organization","@id":"https:\/\/www.icip.cat\/ca\/#organization","name":"ICIP","url":"https:\/\/www.icip.cat\/ca\/","logo":{"@type":"ImageObject","inLanguage":"ca","@id":"https:\/\/www.icip.cat\/ca\/#\/schema\/logo\/image\/","url":"https:\/\/www.icip.cat\/wp-content\/uploads\/2021\/02\/logo-2.png","contentUrl":"https:\/\/www.icip.cat\/wp-content\/uploads\/2021\/02\/logo-2.png","width":562,"height":391,"caption":"ICIP"},"image":{"@id":"https:\/\/www.icip.cat\/ca\/#\/schema\/logo\/image\/"}}]}},"_links":{"self":[{"href":"https:\/\/www.icip.cat\/ca\/wp-json\/wp\/v2\/pages\/47224","targetHints":{"allow":["GET"]}}],"collection":[{"href":"https:\/\/www.icip.cat\/ca\/wp-json\/wp\/v2\/pages"}],"about":[{"href":"https:\/\/www.icip.cat\/ca\/wp-json\/wp\/v2\/types\/page"}],"author":[{"embeddable":true,"href":"https:\/\/www.icip.cat\/ca\/wp-json\/wp\/v2\/users\/4"}],"replies":[{"embeddable":true,"href":"https:\/\/www.icip.cat\/ca\/wp-json\/wp\/v2\/comments?post=47224"}],"version-history":[{"count":101,"href":"https:\/\/www.icip.cat\/ca\/wp-json\/wp\/v2\/pages\/47224\/revisions"}],"predecessor-version":[{"id":53694,"href":"https:\/\/www.icip.cat\/ca\/wp-json\/wp\/v2\/pages\/47224\/revisions\/53694"}],"wp:attachment":[{"href":"https:\/\/www.icip.cat\/ca\/wp-json\/wp\/v2\/media?parent=47224"}],"curies":[{"name":"wp","href":"https:\/\/api.w.org\/{rel}","templated":true}]}}