{"id":48318,"date":"2024-08-01T10:16:23","date_gmt":"2024-08-01T10:16:23","guid":{"rendered":"https:\/\/www.icip.cat\/?page_id=48318"},"modified":"2026-01-22T12:13:58","modified_gmt":"2026-01-22T12:13:58","slug":"dialeg-social-i-politic","status":"publish","type":"page","link":"https:\/\/www.icip.cat\/ca\/dialeg-social-i-politic\/","title":{"rendered":"Di\u00e0leg social i pol\u00edtic"},"content":{"rendered":"\t\t<div data-elementor-type=\"wp-page\" data-elementor-id=\"48318\" class=\"elementor elementor-48318\" data-elementor-post-type=\"page\">\n\t\t\t\t\t\t<section class=\"elementor-section elementor-top-section elementor-element elementor-element-079456f elementor-section-boxed elementor-section-height-default elementor-section-height-default\" data-id=\"079456f\" data-element_type=\"section\" data-settings=\"{&quot;background_background&quot;:&quot;classic&quot;}\">\n\t\t\t\t\t\t\t<div class=\"elementor-background-overlay\"><\/div>\n\t\t\t\t\t\t\t<div class=\"elementor-container elementor-column-gap-default\">\n\t\t\t\t\t<div class=\"elementor-column elementor-col-100 elementor-top-column elementor-element elementor-element-fd93011\" data-id=\"fd93011\" data-element_type=\"column\">\n\t\t\t<div class=\"elementor-widget-wrap elementor-element-populated\">\n\t\t\t\t\t\t<div class=\"elementor-element elementor-element-dafe8a4 elementor-widget elementor-widget-heading\" data-id=\"dafe8a4\" data-element_type=\"widget\" data-widget_type=\"heading.default\">\n\t\t\t\t<div class=\"elementor-widget-container\">\n\t\t\t\t\t<h1 class=\"elementor-heading-title elementor-size-xl\">Di\u00e0leg social i pol\u00edtic<\/h1>\t\t\t\t<\/div>\n\t\t\t\t<\/div>\n\t\t\t\t\t<\/div>\n\t\t<\/div>\n\t\t\t\t\t<\/div>\n\t\t<\/section>\n\t\t\t\t<section class=\"elementor-section elementor-top-section elementor-element elementor-element-c1a5f1c elementor-section-boxed elementor-section-height-default elementor-section-height-default\" data-id=\"c1a5f1c\" data-element_type=\"section\">\n\t\t\t\t\t\t<div class=\"elementor-container elementor-column-gap-default\">\n\t\t\t\t\t<div class=\"elementor-column elementor-col-100 elementor-top-column elementor-element elementor-element-4468c02\" data-id=\"4468c02\" data-element_type=\"column\">\n\t\t\t<div class=\"elementor-widget-wrap elementor-element-populated\">\n\t\t\t\t\t\t<div class=\"elementor-element elementor-element-3b0a67f elementor-widget elementor-widget-text-editor\" data-id=\"3b0a67f\" data-element_type=\"widget\" data-widget_type=\"text-editor.default\">\n\t\t\t\t<div class=\"elementor-widget-container\">\n\t\t\t\t\t\t\t\t\t<p>Els conflictes formen part de la naturalesa humana. Quan es gestionen de forma constructiva contribueixen al progr\u00e9s social. Si no s\u00f3n reconeguts i tractats a temps poden afectar la conviv\u00e8ncia social i, en casos extrems, escalar cap a un escenari de viol\u00e8ncia.\u00a0Quan un sector de la poblaci\u00f3 nega la legitimitat i propugna l\u2019eliminaci\u00f3 del pensament democr\u00e0tic divergent, la polaritzaci\u00f3 es torna t\u00f2xica: una din\u00e0mica destructiva que afecta tamb\u00e9 a les democr\u00e0cies consolidades.<\/p><p>Aquesta l\u00ednia de treball ofereix\u00a0<strong>eines d\u2019an\u00e0lisi, gesti\u00f3 i transformaci\u00f3 de conflictes<\/strong>, amb un \u00e8mfasi especial en el cas de Catalunya. La principal eina per prevenir o reconduir conflictes \u00e9s el di\u00e0leg. El\u00a0<strong>di\u00e0leg pol\u00edtic<\/strong>\u00a0a nivell institucional, i tamb\u00e9 el\u00a0<strong>di\u00e0leg social<\/strong>, en totes les esferes de la societat.<\/p><p>No sempre hi ha les condicions necess\u00e0ries per a un di\u00e0leg, per\u00f2 sempre podem contribuir a propiciar-les. Apostar pel di\u00e0leg requereix all\u00f2 que hem anomenat \u201c<strong>elements per a la CURA<\/strong>\u201d:<\/p><ul><li><strong>Curiositat\u00a0<\/strong>per entendre les raons de qui pensa de manera diferent.<\/li><li><strong>Respecte <\/strong>per\u00a0totes les persones, independentment de les seves posicions.<\/li><li><strong>Autocr\u00edtica<\/strong>,\u00a0perqu\u00e8 ning\u00fa no t\u00e9 la veritat absoluta.<\/li><\/ul>\t\t\t\t\t\t\t\t<\/div>\n\t\t\t\t<\/div>\n\t\t\t\t\t<\/div>\n\t\t<\/div>\n\t\t\t\t\t<\/div>\n\t\t<\/section>\n\t\t\t\t<section class=\"elementor-section elementor-top-section elementor-element elementor-element-2f59af0 elementor-section-boxed elementor-section-height-default elementor-section-height-default\" data-id=\"2f59af0\" data-element_type=\"section\">\n\t\t\t\t\t\t<div class=\"elementor-container elementor-column-gap-default\">\n\t\t\t\t\t<div class=\"elementor-column elementor-col-100 elementor-top-column elementor-element elementor-element-96c7cf4\" data-id=\"96c7cf4\" data-element_type=\"column\">\n\t\t\t<div class=\"elementor-widget-wrap elementor-element-populated\">\n\t\t\t\t\t\t<section class=\"elementor-section elementor-inner-section elementor-element elementor-element-67d76bf elementor-section-full_width elementor-section-height-min-height elementor-section-height-default\" data-id=\"67d76bf\" data-element_type=\"section\">\n\t\t\t\t\t\t<div class=\"elementor-container elementor-column-gap-narrow\">\n\t\t\t\t\t<div class=\"elementor-column elementor-col-33 elementor-inner-column elementor-element elementor-element-957ab1f\" data-id=\"957ab1f\" data-element_type=\"column\" data-settings=\"{&quot;background_background&quot;:&quot;slideshow&quot;,&quot;background_slideshow_gallery&quot;:[],&quot;background_slideshow_loop&quot;:&quot;yes&quot;,&quot;background_slideshow_slide_duration&quot;:5000,&quot;background_slideshow_slide_transition&quot;:&quot;fade&quot;,&quot;background_slideshow_transition_duration&quot;:500}\">\n\t\t\t<div class=\"elementor-widget-wrap elementor-element-populated\">\n\t\t\t\t\t\t<div class=\"elementor-element elementor-element-df9f6e5 elementor-widget elementor-widget-image\" data-id=\"df9f6e5\" data-element_type=\"widget\" data-widget_type=\"image.default\">\n\t\t\t\t<div class=\"elementor-widget-container\">\n\t\t\t\t\t\t\t\t\t\t\t\t\t\t\t\t<a href=\"https:\/\/www.icip.cat\/ca\/dialeg-social-i-politic\/foment-del-dialeg\/\">\n\t\t\t\t\t\t\t<img fetchpriority=\"high\" decoding=\"async\" width=\"640\" height=\"427\" src=\"https:\/\/www.icip.cat\/wp-content\/uploads\/2022\/10\/Agora-Fund-Cat-Europa-002-1024x683.jpg\" class=\"attachment-large size-large wp-image-32471\" alt=\"\" srcset=\"https:\/\/www.icip.cat\/wp-content\/uploads\/2022\/10\/Agora-Fund-Cat-Europa-002-1024x683.jpg 1024w, https:\/\/www.icip.cat\/wp-content\/uploads\/2022\/10\/Agora-Fund-Cat-Europa-002-300x200.jpg 300w, https:\/\/www.icip.cat\/wp-content\/uploads\/2022\/10\/Agora-Fund-Cat-Europa-002-768x512.jpg 768w, https:\/\/www.icip.cat\/wp-content\/uploads\/2022\/10\/Agora-Fund-Cat-Europa-002-1536x1024.jpg 1536w, https:\/\/www.icip.cat\/wp-content\/uploads\/2022\/10\/Agora-Fund-Cat-Europa-002-2048x1365.jpg 2048w\" sizes=\"(max-width: 640px) 100vw, 640px\" \/>\t\t\t\t\t\t\t\t<\/a>\n\t\t\t\t\t\t\t\t\t\t\t\t\t\t\t<\/div>\n\t\t\t\t<\/div>\n\t\t\t\t<div class=\"elementor-element elementor-element-428a961 elementor-absolute elementor-widget elementor-widget-heading\" data-id=\"428a961\" data-element_type=\"widget\" data-settings=\"{&quot;_position&quot;:&quot;absolute&quot;}\" data-widget_type=\"heading.default\">\n\t\t\t\t<div class=\"elementor-widget-container\">\n\t\t\t\t\t<h2 class=\"elementor-heading-title elementor-size-default\"><a href=\"https:\/\/www.icip.cat\/ca\/dialeg-social-i-politic\/foment-del-dialeg\/\">Foment de di\u00e0leg<\/a><\/h2>\t\t\t\t<\/div>\n\t\t\t\t<\/div>\n\t\t\t\t\t<\/div>\n\t\t<\/div>\n\t\t\t\t<div class=\"elementor-column elementor-col-33 elementor-inner-column elementor-element elementor-element-66bff1f\" data-id=\"66bff1f\" data-element_type=\"column\" data-settings=\"{&quot;background_background&quot;:&quot;slideshow&quot;,&quot;background_slideshow_gallery&quot;:[],&quot;background_slideshow_loop&quot;:&quot;yes&quot;,&quot;background_slideshow_slide_duration&quot;:5000,&quot;background_slideshow_slide_transition&quot;:&quot;fade&quot;,&quot;background_slideshow_transition_duration&quot;:500}\">\n\t\t\t<div class=\"elementor-widget-wrap elementor-element-populated\">\n\t\t\t\t\t\t<div class=\"elementor-element elementor-element-b4f0d92 elementor-widget elementor-widget-image\" data-id=\"b4f0d92\" data-element_type=\"widget\" data-widget_type=\"image.default\">\n\t\t\t\t<div class=\"elementor-widget-container\">\n\t\t\t\t\t\t\t\t\t\t\t\t\t\t\t\t<a href=\"https:\/\/www.icip.cat\/ca\/dialeg-social-i-politic\/analisi-de-la-polaritzacio\/\">\n\t\t\t\t\t\t\t<img decoding=\"async\" width=\"560\" height=\"416\" src=\"https:\/\/www.icip.cat\/wp-content\/uploads\/2023\/03\/polaritzacio.png\" class=\"attachment-large size-large wp-image-36024\" alt=\"\" srcset=\"https:\/\/www.icip.cat\/wp-content\/uploads\/2023\/03\/polaritzacio.png 560w, https:\/\/www.icip.cat\/wp-content\/uploads\/2023\/03\/polaritzacio-300x223.png 300w\" sizes=\"(max-width: 560px) 100vw, 560px\" \/>\t\t\t\t\t\t\t\t<\/a>\n\t\t\t\t\t\t\t\t\t\t\t\t\t\t\t<\/div>\n\t\t\t\t<\/div>\n\t\t\t\t<div class=\"elementor-element elementor-element-d756860 elementor-absolute elementor-widget elementor-widget-heading\" data-id=\"d756860\" data-element_type=\"widget\" data-settings=\"{&quot;_position&quot;:&quot;absolute&quot;}\" data-widget_type=\"heading.default\">\n\t\t\t\t<div class=\"elementor-widget-container\">\n\t\t\t\t\t<h2 class=\"elementor-heading-title elementor-size-default\"><a href=\"https:\/\/www.icip.cat\/ca\/dialeg-social-i-politic\/analisi-de-la-polaritzacio\/\">An\u00e0lisi de la polaritzaci\u00f3<\/a><\/h2>\t\t\t\t<\/div>\n\t\t\t\t<\/div>\n\t\t\t\t\t<\/div>\n\t\t<\/div>\n\t\t\t\t<div class=\"elementor-column elementor-col-33 elementor-inner-column elementor-element elementor-element-4758264\" data-id=\"4758264\" data-element_type=\"column\" data-settings=\"{&quot;background_background&quot;:&quot;slideshow&quot;,&quot;background_slideshow_gallery&quot;:[],&quot;background_slideshow_loop&quot;:&quot;yes&quot;,&quot;background_slideshow_slide_duration&quot;:5000,&quot;background_slideshow_slide_transition&quot;:&quot;fade&quot;,&quot;background_slideshow_transition_duration&quot;:500}\">\n\t\t\t<div class=\"elementor-widget-wrap elementor-element-populated\">\n\t\t\t\t\t\t<div class=\"elementor-element elementor-element-daeb369 elementor-widget elementor-widget-image\" data-id=\"daeb369\" data-element_type=\"widget\" data-widget_type=\"image.default\">\n\t\t\t\t<div class=\"elementor-widget-container\">\n\t\t\t\t\t\t\t\t\t\t\t\t\t\t\t\t<a href=\"https:\/\/www.icip.cat\/ca\/dialeg-social-i-politic__trashed\/enquestes-icip\/\">\n\t\t\t\t\t\t\t<img decoding=\"async\" width=\"640\" height=\"424\" src=\"https:\/\/www.icip.cat\/wp-content\/uploads\/2025\/09\/pexels-goumbik-590022-1024x678.jpg\" class=\"attachment-large size-large wp-image-56932\" alt=\"\" srcset=\"https:\/\/www.icip.cat\/wp-content\/uploads\/2025\/09\/pexels-goumbik-590022-1024x678.jpg 1024w, https:\/\/www.icip.cat\/wp-content\/uploads\/2025\/09\/pexels-goumbik-590022-300x199.jpg 300w, https:\/\/www.icip.cat\/wp-content\/uploads\/2025\/09\/pexels-goumbik-590022-768x509.jpg 768w, https:\/\/www.icip.cat\/wp-content\/uploads\/2025\/09\/pexels-goumbik-590022-1536x1017.jpg 1536w, https:\/\/www.icip.cat\/wp-content\/uploads\/2025\/09\/pexels-goumbik-590022-2048x1356.jpg 2048w\" sizes=\"(max-width: 640px) 100vw, 640px\" \/>\t\t\t\t\t\t\t\t<\/a>\n\t\t\t\t\t\t\t\t\t\t\t\t\t\t\t<\/div>\n\t\t\t\t<\/div>\n\t\t\t\t<div class=\"elementor-element elementor-element-ab21a26 elementor-absolute elementor-widget elementor-widget-heading\" data-id=\"ab21a26\" data-element_type=\"widget\" data-settings=\"{&quot;_position&quot;:&quot;absolute&quot;}\" data-widget_type=\"heading.default\">\n\t\t\t\t<div class=\"elementor-widget-container\">\n\t\t\t\t\t<h2 class=\"elementor-heading-title elementor-size-default\"><a href=\"https:\/\/www.icip.cat\/ca\/dialeg-social-i-politic__trashed\/enquestes-icip\/\">Enquestes<\/a><\/h2>\t\t\t\t<\/div>\n\t\t\t\t<\/div>\n\t\t\t\t\t<\/div>\n\t\t<\/div>\n\t\t\t\t\t<\/div>\n\t\t<\/section>\n\t\t\t\t\t<\/div>\n\t\t<\/div>\n\t\t\t\t\t<\/div>\n\t\t<\/section>\n\t\t\t\t<\/div>\n\t\t","protected":false},"excerpt":{"rendered":"<p>Di\u00e0leg social i pol\u00edtic Els conflictes formen part de la naturalesa humana. Quan es gestionen de forma constructiva contribueixen al progr\u00e9s social. Si no s\u00f3n reconeguts i tractats a temps poden afectar la conviv\u00e8ncia social i, en casos extrems, escalar cap a un escenari de viol\u00e8ncia.\u00a0Quan un sector de la poblaci\u00f3 nega la legitimitat i [&hellip;]<\/p>\n","protected":false},"author":4,"featured_media":0,"parent":0,"menu_order":0,"comment_status":"closed","ping_status":"closed","template":"","meta":{"_acf_changed":false,"footnotes":""},"class_list":["post-48318","page","type-page","status-publish","hentry"],"acf":[],"yoast_head":"<!-- This site is optimized with the Yoast SEO plugin v25.6 - https:\/\/yoast.com\/wordpress\/plugins\/seo\/ -->\n<title>Di\u00e0leg social i pol\u00edtic - ICIP<\/title>\n<meta name=\"robots\" content=\"index, follow, max-snippet:-1, max-image-preview:large, max-video-preview:-1\" \/>\n<link rel=\"canonical\" href=\"https:\/\/www.icip.cat\/ca\/dialeg-social-i-politic\/\" \/>\n<meta property=\"og:locale\" content=\"ca_ES\" \/>\n<meta property=\"og:type\" content=\"article\" \/>\n<meta property=\"og:title\" content=\"Di\u00e0leg social i pol\u00edtic - ICIP\" \/>\n<meta property=\"og:description\" content=\"Di\u00e0leg social i pol\u00edtic Els conflictes formen part de la naturalesa humana. Quan es gestionen de forma constructiva contribueixen al progr\u00e9s social. Si no s\u00f3n reconeguts i tractats a temps poden afectar la conviv\u00e8ncia social i, en casos extrems, escalar cap a un escenari de viol\u00e8ncia.\u00a0Quan un sector de la poblaci\u00f3 nega la legitimitat i [&hellip;]\" \/>\n<meta property=\"og:url\" content=\"https:\/\/www.icip.cat\/ca\/dialeg-social-i-politic\/\" \/>\n<meta property=\"og:site_name\" content=\"ICIP\" \/>\n<meta property=\"article:modified_time\" content=\"2026-01-22T12:13:58+00:00\" \/>\n<meta property=\"og:image\" content=\"https:\/\/www.icip.cat\/wp-content\/uploads\/2022\/10\/Agora-Fund-Cat-Europa-002-scaled.jpg\" \/>\n\t<meta property=\"og:image:width\" content=\"2560\" \/>\n\t<meta property=\"og:image:height\" content=\"1706\" \/>\n\t<meta property=\"og:image:type\" content=\"image\/jpeg\" \/>\n<meta name=\"twitter:card\" content=\"summary_large_image\" \/>\n<meta name=\"twitter:label1\" content=\"Temps estimat de lectura\" \/>\n\t<meta name=\"twitter:data1\" content=\"2 minuts\" \/>\n<script type=\"application\/ld+json\" class=\"yoast-schema-graph\">{\"@context\":\"https:\/\/schema.org\",\"@graph\":[{\"@type\":\"WebPage\",\"@id\":\"https:\/\/www.icip.cat\/ca\/dialeg-social-i-politic\/\",\"url\":\"https:\/\/www.icip.cat\/ca\/dialeg-social-i-politic\/\",\"name\":\"Di\u00e0leg social i pol\u00edtic - ICIP\",\"isPartOf\":{\"@id\":\"https:\/\/www.icip.cat\/ca\/#website\"},\"primaryImageOfPage\":{\"@id\":\"https:\/\/www.icip.cat\/ca\/dialeg-social-i-politic\/#primaryimage\"},\"image\":{\"@id\":\"https:\/\/www.icip.cat\/ca\/dialeg-social-i-politic\/#primaryimage\"},\"thumbnailUrl\":\"https:\/\/www.icip.cat\/wp-content\/uploads\/2022\/10\/Agora-Fund-Cat-Europa-002-1024x683.jpg\",\"datePublished\":\"2024-08-01T10:16:23+00:00\",\"dateModified\":\"2026-01-22T12:13:58+00:00\",\"inLanguage\":\"ca\",\"potentialAction\":[{\"@type\":\"ReadAction\",\"target\":[\"https:\/\/www.icip.cat\/ca\/dialeg-social-i-politic\/\"]}]},{\"@type\":\"ImageObject\",\"inLanguage\":\"ca\",\"@id\":\"https:\/\/www.icip.cat\/ca\/dialeg-social-i-politic\/#primaryimage\",\"url\":\"https:\/\/www.icip.cat\/wp-content\/uploads\/2022\/10\/Agora-Fund-Cat-Europa-002-1024x683.jpg\",\"contentUrl\":\"https:\/\/www.icip.cat\/wp-content\/uploads\/2022\/10\/Agora-Fund-Cat-Europa-002-1024x683.jpg\"},{\"@type\":\"WebSite\",\"@id\":\"https:\/\/www.icip.cat\/ca\/#website\",\"url\":\"https:\/\/www.icip.cat\/ca\/\",\"name\":\"ICIP\",\"description\":\"\",\"publisher\":{\"@id\":\"https:\/\/www.icip.cat\/ca\/#organization\"},\"potentialAction\":[{\"@type\":\"SearchAction\",\"target\":{\"@type\":\"EntryPoint\",\"urlTemplate\":\"https:\/\/www.icip.cat\/ca\/?s={search_term_string}\"},\"query-input\":{\"@type\":\"PropertyValueSpecification\",\"valueRequired\":true,\"valueName\":\"search_term_string\"}}],\"inLanguage\":\"ca\"},{\"@type\":\"Organization\",\"@id\":\"https:\/\/www.icip.cat\/ca\/#organization\",\"name\":\"ICIP\",\"url\":\"https:\/\/www.icip.cat\/ca\/\",\"logo\":{\"@type\":\"ImageObject\",\"inLanguage\":\"ca\",\"@id\":\"https:\/\/www.icip.cat\/ca\/#\/schema\/logo\/image\/\",\"url\":\"https:\/\/www.icip.cat\/wp-content\/uploads\/2021\/02\/logo-2.png\",\"contentUrl\":\"https:\/\/www.icip.cat\/wp-content\/uploads\/2021\/02\/logo-2.png\",\"width\":562,\"height\":391,\"caption\":\"ICIP\"},\"image\":{\"@id\":\"https:\/\/www.icip.cat\/ca\/#\/schema\/logo\/image\/\"}}]}<\/script>\n<!-- \/ Yoast SEO plugin. -->","yoast_head_json":{"title":"Di\u00e0leg social i pol\u00edtic - ICIP","robots":{"index":"index","follow":"follow","max-snippet":"max-snippet:-1","max-image-preview":"max-image-preview:large","max-video-preview":"max-video-preview:-1"},"canonical":"https:\/\/www.icip.cat\/ca\/dialeg-social-i-politic\/","og_locale":"ca_ES","og_type":"article","og_title":"Di\u00e0leg social i pol\u00edtic - ICIP","og_description":"Di\u00e0leg social i pol\u00edtic Els conflictes formen part de la naturalesa humana. Quan es gestionen de forma constructiva contribueixen al progr\u00e9s social. Si no s\u00f3n reconeguts i tractats a temps poden afectar la conviv\u00e8ncia social i, en casos extrems, escalar cap a un escenari de viol\u00e8ncia.\u00a0Quan un sector de la poblaci\u00f3 nega la legitimitat i [&hellip;]","og_url":"https:\/\/www.icip.cat\/ca\/dialeg-social-i-politic\/","og_site_name":"ICIP","article_modified_time":"2026-01-22T12:13:58+00:00","og_image":[{"width":2560,"height":1706,"url":"https:\/\/www.icip.cat\/wp-content\/uploads\/2022\/10\/Agora-Fund-Cat-Europa-002-scaled.jpg","type":"image\/jpeg"}],"twitter_card":"summary_large_image","twitter_misc":{"Temps estimat de lectura":"2 minuts"},"schema":{"@context":"https:\/\/schema.org","@graph":[{"@type":"WebPage","@id":"https:\/\/www.icip.cat\/ca\/dialeg-social-i-politic\/","url":"https:\/\/www.icip.cat\/ca\/dialeg-social-i-politic\/","name":"Di\u00e0leg social i pol\u00edtic - ICIP","isPartOf":{"@id":"https:\/\/www.icip.cat\/ca\/#website"},"primaryImageOfPage":{"@id":"https:\/\/www.icip.cat\/ca\/dialeg-social-i-politic\/#primaryimage"},"image":{"@id":"https:\/\/www.icip.cat\/ca\/dialeg-social-i-politic\/#primaryimage"},"thumbnailUrl":"https:\/\/www.icip.cat\/wp-content\/uploads\/2022\/10\/Agora-Fund-Cat-Europa-002-1024x683.jpg","datePublished":"2024-08-01T10:16:23+00:00","dateModified":"2026-01-22T12:13:58+00:00","inLanguage":"ca","potentialAction":[{"@type":"ReadAction","target":["https:\/\/www.icip.cat\/ca\/dialeg-social-i-politic\/"]}]},{"@type":"ImageObject","inLanguage":"ca","@id":"https:\/\/www.icip.cat\/ca\/dialeg-social-i-politic\/#primaryimage","url":"https:\/\/www.icip.cat\/wp-content\/uploads\/2022\/10\/Agora-Fund-Cat-Europa-002-1024x683.jpg","contentUrl":"https:\/\/www.icip.cat\/wp-content\/uploads\/2022\/10\/Agora-Fund-Cat-Europa-002-1024x683.jpg"},{"@type":"WebSite","@id":"https:\/\/www.icip.cat\/ca\/#website","url":"https:\/\/www.icip.cat\/ca\/","name":"ICIP","description":"","publisher":{"@id":"https:\/\/www.icip.cat\/ca\/#organization"},"potentialAction":[{"@type":"SearchAction","target":{"@type":"EntryPoint","urlTemplate":"https:\/\/www.icip.cat\/ca\/?s={search_term_string}"},"query-input":{"@type":"PropertyValueSpecification","valueRequired":true,"valueName":"search_term_string"}}],"inLanguage":"ca"},{"@type":"Organization","@id":"https:\/\/www.icip.cat\/ca\/#organization","name":"ICIP","url":"https:\/\/www.icip.cat\/ca\/","logo":{"@type":"ImageObject","inLanguage":"ca","@id":"https:\/\/www.icip.cat\/ca\/#\/schema\/logo\/image\/","url":"https:\/\/www.icip.cat\/wp-content\/uploads\/2021\/02\/logo-2.png","contentUrl":"https:\/\/www.icip.cat\/wp-content\/uploads\/2021\/02\/logo-2.png","width":562,"height":391,"caption":"ICIP"},"image":{"@id":"https:\/\/www.icip.cat\/ca\/#\/schema\/logo\/image\/"}}]}},"_links":{"self":[{"href":"https:\/\/www.icip.cat\/ca\/wp-json\/wp\/v2\/pages\/48318","targetHints":{"allow":["GET"]}}],"collection":[{"href":"https:\/\/www.icip.cat\/ca\/wp-json\/wp\/v2\/pages"}],"about":[{"href":"https:\/\/www.icip.cat\/ca\/wp-json\/wp\/v2\/types\/page"}],"author":[{"embeddable":true,"href":"https:\/\/www.icip.cat\/ca\/wp-json\/wp\/v2\/users\/4"}],"replies":[{"embeddable":true,"href":"https:\/\/www.icip.cat\/ca\/wp-json\/wp\/v2\/comments?post=48318"}],"version-history":[{"count":58,"href":"https:\/\/www.icip.cat\/ca\/wp-json\/wp\/v2\/pages\/48318\/revisions"}],"predecessor-version":[{"id":60605,"href":"https:\/\/www.icip.cat\/ca\/wp-json\/wp\/v2\/pages\/48318\/revisions\/60605"}],"wp:attachment":[{"href":"https:\/\/www.icip.cat\/ca\/wp-json\/wp\/v2\/media?parent=48318"}],"curies":[{"name":"wp","href":"https:\/\/api.w.org\/{rel}","templated":true}]}}