{"id":486,"date":"2020-10-28T15:01:04","date_gmt":"2020-10-28T15:01:04","guid":{"rendered":"http:\/\/www.icip.cat\/?page_id=486"},"modified":"2024-09-02T07:43:34","modified_gmt":"2024-09-02T07:43:34","slug":"actualitat","status":"publish","type":"page","link":"https:\/\/www.icip.cat\/ca\/actualitat\/","title":{"rendered":"Actualitat"},"content":{"rendered":"\t\t<div data-elementor-type=\"wp-page\" data-elementor-id=\"486\" class=\"elementor elementor-486\" data-elementor-post-type=\"page\">\n\t\t\t\t\t\t<section class=\"elementor-section elementor-top-section elementor-element elementor-element-b517683 elementor-section-boxed elementor-section-height-default elementor-section-height-default\" data-id=\"b517683\" data-element_type=\"section\" data-settings=\"{&quot;background_background&quot;:&quot;classic&quot;}\">\n\t\t\t\t\t\t<div class=\"elementor-container elementor-column-gap-default\">\n\t\t\t\t\t<div class=\"elementor-column elementor-col-100 elementor-top-column elementor-element elementor-element-8521d60\" data-id=\"8521d60\" data-element_type=\"column\">\n\t\t\t<div class=\"elementor-widget-wrap elementor-element-populated\">\n\t\t\t\t\t\t<div class=\"elementor-element elementor-element-588a16d elementor-widget elementor-widget-heading\" data-id=\"588a16d\" data-element_type=\"widget\" data-widget_type=\"heading.default\">\n\t\t\t\t<div class=\"elementor-widget-container\">\n\t\t\t\t\t<h1 class=\"elementor-heading-title elementor-size-xl\">Actualitat<\/h1>\t\t\t\t<\/div>\n\t\t\t\t<\/div>\n\t\t\t\t\t<\/div>\n\t\t<\/div>\n\t\t\t\t\t<\/div>\n\t\t<\/section>\n\t\t\t\t<section class=\"elementor-section elementor-top-section elementor-element elementor-element-10dc144 elementor-section-boxed elementor-section-height-default elementor-section-height-default\" data-id=\"10dc144\" data-element_type=\"section\" data-settings=\"{&quot;background_background&quot;:&quot;classic&quot;}\">\n\t\t\t\t\t\t<div class=\"elementor-container elementor-column-gap-default\">\n\t\t\t\t\t<div class=\"elementor-column elementor-col-100 elementor-top-column elementor-element elementor-element-ced8276\" data-id=\"ced8276\" data-element_type=\"column\">\n\t\t\t<div class=\"elementor-widget-wrap elementor-element-populated\">\n\t\t\t\t\t\t<div class=\"elementor-element elementor-element-b921eec elementor-widget elementor-widget-icip-latestpostlisting\" data-id=\"b921eec\" data-element_type=\"widget\" data-widget_type=\"icip-latestpostlisting.default\">\n\t\t\t\t<div class=\"elementor-widget-container\">\n\t\t\t\t\t<div class='block-post-listing'><div class='list'><article class='entry'><a class='link' href='https:\/\/www.icip.cat\/ca\/tens-un-projecte-o-una-recerca-sobre-cultura-de-pau-descobreix-les-subvencions-icip-2026\/' title='S'obre la convocat\u00f2ria de les subvencions ICIP 2026'><div class='image'><img fetchpriority=\"high\" decoding=\"async\" width=\"500\" height=\"340\" src=\"https:\/\/www.icip.cat\/wp-content\/uploads\/2024\/04\/Subvencions-500x340.jpg\" class=\"attachment-latestpostlisting-thumbnail size-latestpostlisting-thumbnail wp-post-image\" alt=\"\" \/><\/div><div class='details'><p class='date'>01.04.2026<\/p><h2 class='title'>S'obre la convocat\u00f2ria de les subvencions ICIP 2026<\/h2><\/div><\/a><\/article><article class='entry'><a class='link' href='https:\/\/www.icip.cat\/ca\/comenca-la-xvi-gira-de-primavera-de-ciutats-defensores-amb-activistes-de-cinc-paisos\/' title='Comen\u00e7a la XVI Gira de Primavera de Ciutats Defensores'><div class='image'><img decoding=\"async\" width=\"730\" height=\"550\" src=\"https:\/\/www.icip.cat\/wp-content\/uploads\/2023\/09\/ciutats-1-e1727681791466-730x550.png\" class=\"attachment-latestpostlisting-thumbnail size-latestpostlisting-thumbnail wp-post-image\" alt=\"\" \/><\/div><div class='details'><p class='date'>30.03.2026<\/p><h2 class='title'>Comen\u00e7a la XVI Gira de Primavera de Ciutats Defensores<\/h2><\/div><\/a><\/article><article class='entry'><a class='link' href='https:\/\/www.icip.cat\/ca\/licip-coorganitza-a-sarajevo-la-conferencia-closing-the-gaps\/' title='L\u2019ICIP coorganitza a Sarajevo la confer\u00e8ncia \u201cClosing the Gaps\u201d '><div class='image'><img decoding=\"async\" width=\"730\" height=\"550\" src=\"https:\/\/www.icip.cat\/wp-content\/uploads\/2026\/03\/IMG_8645-730x550.jpg\" class=\"attachment-latestpostlisting-thumbnail size-latestpostlisting-thumbnail wp-post-image\" alt=\"\" \/><\/div><div class='details'><p class='date'>26.03.2026<\/p><h2 class='title'>L\u2019ICIP coorganitza a Sarajevo la confer\u00e8ncia \u201cClosing the Gaps\u201d <\/h2><\/div><\/a><\/article><\/div><\/div>\t\t\t\t<\/div>\n\t\t\t\t<\/div>\n\t\t\t\t<div class=\"elementor-element elementor-element-f4a31d0 elementor-align-center elementor-widget elementor-widget-button\" data-id=\"f4a31d0\" data-element_type=\"widget\" data-widget_type=\"button.default\">\n\t\t\t\t<div class=\"elementor-widget-container\">\n\t\t\t\t\t\t\t\t\t<div class=\"elementor-button-wrapper\">\n\t\t\t\t\t<a class=\"elementor-button elementor-button-link elementor-size-lg elementor-animation-shrink\" href=\"http:\/\/www.icip.cat\/ca\/actualitat\/noticies\">\n\t\t\t\t\t\t<span class=\"elementor-button-content-wrapper\">\n\t\t\t\t\t\t\t\t\t<span class=\"elementor-button-text\">MES NOT\u00cdCIES<\/span>\n\t\t\t\t\t<\/span>\n\t\t\t\t\t<\/a>\n\t\t\t\t<\/div>\n\t\t\t\t\t\t\t\t<\/div>\n\t\t\t\t<\/div>\n\t\t\t\t\t<\/div>\n\t\t<\/div>\n\t\t\t\t\t<\/div>\n\t\t<\/section>\n\t\t\t\t<section class=\"elementor-section elementor-top-section elementor-element elementor-element-c9da904 elementor-section-boxed elementor-section-height-default elementor-section-height-default\" data-id=\"c9da904\" data-element_type=\"section\" data-settings=\"{&quot;background_background&quot;:&quot;classic&quot;}\">\n\t\t\t\t\t\t<div class=\"elementor-container elementor-column-gap-default\">\n\t\t\t\t\t<div class=\"elementor-column elementor-col-100 elementor-top-column elementor-element elementor-element-fbc1019\" data-id=\"fbc1019\" data-element_type=\"column\">\n\t\t\t<div class=\"elementor-widget-wrap elementor-element-populated\">\n\t\t\t\t\t\t<div class=\"elementor-element elementor-element-0532320 elementor-widget elementor-widget-heading\" data-id=\"0532320\" data-element_type=\"widget\" data-widget_type=\"heading.default\">\n\t\t\t\t<div class=\"elementor-widget-container\">\n\t\t\t\t\t<h2 class=\"elementor-heading-title elementor-size-xl\">Agenda d'activitats<\/h2>\t\t\t\t<\/div>\n\t\t\t\t<\/div>\n\t\t\t\t<div class=\"elementor-element elementor-element-1de0686 elementor-widget elementor-widget-icip-eventlisting\" data-id=\"1de0686\" data-element_type=\"widget\" data-widget_type=\"icip-eventlisting.default\">\n\t\t\t\t<div class=\"elementor-widget-container\">\n\t\t\t\t\t<div class=\"block-event-listing\"><div class=\"list\"><article class='entry'><a class='link' href='https:\/\/www.icip.cat\/ca\/event\/exposicio-polsxtrems-el-teu-gimnas-per-entrenar-el-pensament-critic\/' title='Exposici\u00f3 \u201cPolsXtrems. El teu gimn\u00e0s per entrenar el pensament cr\u00edtic\u201d'><div class='image'><img loading=\"lazy\" decoding=\"async\" width=\"730\" height=\"550\" src=\"https:\/\/www.icip.cat\/wp-content\/uploads\/2026\/02\/PolsXtrems2-730x550.jpeg\" class=\"attachment-latestpostlisting-thumbnail size-latestpostlisting-thumbnail wp-post-image\" alt=\"\" \/><\/div><div class='details'><h2 class='title'>Exposici\u00f3 \u201cPolsXtrems. El teu gimn\u00e0s per entrenar el pensament cr\u00edtic\u201d<\/h2><div class=\"dates\"><span class=\"date\">20\/02\/2026<\/span><span class=\"date\">17\/05\/2026<\/span><\/div><\/div><\/a><\/article><article class='entry'><a class='link' href='https:\/\/www.icip.cat\/ca\/event\/cicle-de-dialegs-qui-entrena-la-teva-ment\/' title='Cicle de di\u00e0legs: Qui entrena la teva ment?'><div class='image'><img loading=\"lazy\" decoding=\"async\" width=\"730\" height=\"550\" src=\"https:\/\/www.icip.cat\/wp-content\/uploads\/2026\/02\/POLSXTREMS_Instagram_1080x1350-sensetitol_V3-730x550.png\" class=\"attachment-latestpostlisting-thumbnail size-latestpostlisting-thumbnail wp-post-image\" alt=\"\" \/><\/div><div class='details'><h2 class='title'>Cicle de di\u00e0legs: Qui entrena la teva ment?<\/h2><div class=\"dates\"><span class=\"date\">25\/03\/2026<\/span><span class=\"date\">22\/04\/2026<\/span><\/div><\/div><\/a><\/article><article class='entry'><a class='link' href='https:\/\/www.icip.cat\/ca\/event\/xvi-gira-de-primavera-de-ciutats-defensores-dels-drets-humans\/' title='XVI Gira de Primavera de Ciutats Defensores dels Drets Humans'><div class='image'><img decoding=\"async\" width=\"730\" height=\"550\" src=\"https:\/\/www.icip.cat\/wp-content\/uploads\/2023\/09\/ciutats-1-e1727681791466-730x550.png\" class=\"attachment-latestpostlisting-thumbnail size-latestpostlisting-thumbnail wp-post-image\" alt=\"\" \/><\/div><div class='details'><h2 class='title'>XVI Gira de Primavera de Ciutats Defensores dels Drets Humans<\/h2><div class=\"dates\"><span class=\"date\">13\/04\/2026<\/span><span class=\"date\">22\/04\/2026<\/span><\/div><\/div><\/a><\/article><\/div><\/div>\t\t\t\t<\/div>\n\t\t\t\t<\/div>\n\t\t\t\t<div class=\"elementor-element elementor-element-e02521d elementor-align-center elementor-widget elementor-widget-button\" data-id=\"e02521d\" data-element_type=\"widget\" data-widget_type=\"button.default\">\n\t\t\t\t<div class=\"elementor-widget-container\">\n\t\t\t\t\t\t\t\t\t<div class=\"elementor-button-wrapper\">\n\t\t\t\t\t<a class=\"elementor-button elementor-button-link elementor-size-lg elementor-animation-shrink\" href=\"http:\/\/www.icip.cat\/ca\/actualitat\/agenda\/\">\n\t\t\t\t\t\t<span class=\"elementor-button-content-wrapper\">\n\t\t\t\t\t\t\t\t\t<span class=\"elementor-button-text\">VEURE-LES TOTES<\/span>\n\t\t\t\t\t<\/span>\n\t\t\t\t\t<\/a>\n\t\t\t\t<\/div>\n\t\t\t\t\t\t\t\t<\/div>\n\t\t\t\t<\/div>\n\t\t\t\t\t<\/div>\n\t\t<\/div>\n\t\t\t\t\t<\/div>\n\t\t<\/section>\n\t\t\t\t<section class=\"elementor-section elementor-top-section elementor-element elementor-element-9d30298 elementor-hidden-desktop elementor-hidden-tablet elementor-hidden-phone elementor-section-boxed elementor-section-height-default elementor-section-height-default\" data-id=\"9d30298\" data-element_type=\"section\" data-settings=\"{&quot;background_background&quot;:&quot;classic&quot;}\">\n\t\t\t\t\t\t\t<div class=\"elementor-background-overlay\"><\/div>\n\t\t\t\t\t\t\t<div class=\"elementor-container elementor-column-gap-default\">\n\t\t\t\t\t<div class=\"elementor-column elementor-col-100 elementor-top-column elementor-element elementor-element-bf532a5\" data-id=\"bf532a5\" data-element_type=\"column\">\n\t\t\t<div class=\"elementor-widget-wrap elementor-element-populated\">\n\t\t\t\t\t\t<div class=\"elementor-element elementor-element-d28b7de elementor-widget elementor-widget-heading\" data-id=\"d28b7de\" data-element_type=\"widget\" data-widget_type=\"heading.default\">\n\t\t\t\t<div class=\"elementor-widget-container\">\n\t\t\t\t\t<h2 class=\"elementor-heading-title elementor-size-xl\">L'ICIP als mitjans<\/h2>\t\t\t\t<\/div>\n\t\t\t\t<\/div>\n\t\t\t\t<div class=\"elementor-element elementor-element-285b6a1 elementor-widget elementor-widget-text-editor\" data-id=\"285b6a1\" data-element_type=\"widget\" data-widget_type=\"text-editor.default\">\n\t\t\t\t<div class=\"elementor-widget-container\">\n\t\t\t\t\t\t\t\t\t<p>Lorem ipsum dolor sit amet, consectetur adipiscing elit. Ut elit tellus, luctus nec ullamcorper mattis, pulvinar dapibus leo.<\/p>\t\t\t\t\t\t\t\t<\/div>\n\t\t\t\t<\/div>\n\t\t\t\t<div class=\"elementor-element elementor-element-e38208e elementor-view-default elementor-widget elementor-widget-icon\" data-id=\"e38208e\" data-element_type=\"widget\" data-widget_type=\"icon.default\">\n\t\t\t\t<div class=\"elementor-widget-container\">\n\t\t\t\t\t\t\t<div class=\"elementor-icon-wrapper\">\n\t\t\t<div class=\"elementor-icon elementor-animation-pulse\">\n\t\t\t<i aria-hidden=\"true\" class=\"fas fa-arrow-right\"><\/i>\t\t\t<\/div>\n\t\t<\/div>\n\t\t\t\t\t\t<\/div>\n\t\t\t\t<\/div>\n\t\t\t\t\t<\/div>\n\t\t<\/div>\n\t\t\t\t\t<\/div>\n\t\t<\/section>\n\t\t\t\t<section class=\"elementor-section elementor-top-section elementor-element elementor-element-50c594f elementor-section-boxed elementor-section-height-default elementor-section-height-default\" data-id=\"50c594f\" data-element_type=\"section\" data-settings=\"{&quot;background_background&quot;:&quot;classic&quot;}\">\n\t\t\t\t\t\t<div class=\"elementor-container elementor-column-gap-default\">\n\t\t\t\t\t<div class=\"elementor-column elementor-col-100 elementor-top-column elementor-element elementor-element-933711e\" data-id=\"933711e\" data-element_type=\"column\">\n\t\t\t<div class=\"elementor-widget-wrap elementor-element-populated\">\n\t\t\t\t\t\t<div class=\"elementor-element elementor-element-aa120d3 elementor-widget elementor-widget-heading\" data-id=\"aa120d3\" data-element_type=\"widget\" data-widget_type=\"heading.default\">\n\t\t\t\t<div class=\"elementor-widget-container\">\n\t\t\t\t\t<h2 class=\"elementor-heading-title elementor-size-default\">El blog de l'ICIP\n\n\n<\/h2>\t\t\t\t<\/div>\n\t\t\t\t<\/div>\n\t\t\t\t<div class=\"elementor-element elementor-element-98b358b elementor-widget elementor-widget-icip-latestpostlisting\" data-id=\"98b358b\" data-element_type=\"widget\" data-widget_type=\"icip-latestpostlisting.default\">\n\t\t\t\t<div class=\"elementor-widget-container\">\n\t\t\t\t\t<div class='block-post-listing'><div class='list'><article class='entry'><a class='link' href='https:\/\/www.icip.cat\/ca\/tens-un-projecte-o-una-recerca-sobre-cultura-de-pau-descobreix-les-subvencions-icip-2026\/' title='S'obre la convocat\u00f2ria de les subvencions ICIP 2026'><div class='image'><img fetchpriority=\"high\" decoding=\"async\" width=\"500\" height=\"340\" src=\"https:\/\/www.icip.cat\/wp-content\/uploads\/2024\/04\/Subvencions-500x340.jpg\" class=\"attachment-latestpostlisting-thumbnail size-latestpostlisting-thumbnail wp-post-image\" alt=\"\" \/><\/div><div class='details'><p class='date'>01.04.2026<\/p><h2 class='title'>S'obre la convocat\u00f2ria de les subvencions ICIP 2026<\/h2><\/div><\/a><\/article><article class='entry'><a class='link' href='https:\/\/www.icip.cat\/ca\/comenca-la-xvi-gira-de-primavera-de-ciutats-defensores-amb-activistes-de-cinc-paisos\/' title='Comen\u00e7a la XVI Gira de Primavera de Ciutats Defensores'><div class='image'><img decoding=\"async\" width=\"730\" height=\"550\" src=\"https:\/\/www.icip.cat\/wp-content\/uploads\/2023\/09\/ciutats-1-e1727681791466-730x550.png\" class=\"attachment-latestpostlisting-thumbnail size-latestpostlisting-thumbnail wp-post-image\" alt=\"\" \/><\/div><div class='details'><p class='date'>30.03.2026<\/p><h2 class='title'>Comen\u00e7a la XVI Gira de Primavera de Ciutats Defensores<\/h2><\/div><\/a><\/article><article class='entry'><a class='link' href='https:\/\/www.icip.cat\/ca\/licip-coorganitza-a-sarajevo-la-conferencia-closing-the-gaps\/' title='L\u2019ICIP coorganitza a Sarajevo la confer\u00e8ncia \u201cClosing the Gaps\u201d '><div class='image'><img decoding=\"async\" width=\"730\" height=\"550\" src=\"https:\/\/www.icip.cat\/wp-content\/uploads\/2026\/03\/IMG_8645-730x550.jpg\" class=\"attachment-latestpostlisting-thumbnail size-latestpostlisting-thumbnail wp-post-image\" alt=\"\" \/><\/div><div class='details'><p class='date'>26.03.2026<\/p><h2 class='title'>L\u2019ICIP coorganitza a Sarajevo la confer\u00e8ncia \u201cClosing the Gaps\u201d <\/h2><\/div><\/a><\/article><\/div><\/div>\t\t\t\t<\/div>\n\t\t\t\t<\/div>\n\t\t\t\t<div class=\"elementor-element elementor-element-650a3cd elementor-align-center elementor-widget elementor-widget-button\" data-id=\"650a3cd\" data-element_type=\"widget\" data-widget_type=\"button.default\">\n\t\t\t\t<div class=\"elementor-widget-container\">\n\t\t\t\t\t\t\t\t\t<div class=\"elementor-button-wrapper\">\n\t\t\t\t\t<a class=\"elementor-button elementor-button-link elementor-size-lg elementor-animation-shrink\" href=\"http:\/\/www.icip.cat\/ca\/actualitat\/noticies\">\n\t\t\t\t\t\t<span class=\"elementor-button-content-wrapper\">\n\t\t\t\t\t\t\t\t\t<span class=\"elementor-button-text\">MES ARTICLES<\/span>\n\t\t\t\t\t<\/span>\n\t\t\t\t\t<\/a>\n\t\t\t\t<\/div>\n\t\t\t\t\t\t\t\t<\/div>\n\t\t\t\t<\/div>\n\t\t\t\t\t<\/div>\n\t\t<\/div>\n\t\t\t\t\t<\/div>\n\t\t<\/section>\n\t\t\t\t<\/div>\n\t\t","protected":false},"excerpt":{"rendered":"<p>Actualitat 16.07.2024 Curs en l\u00ednia sobre periodisme de pau 02.07.2024 Resoluci\u00f3 provisional de les subvencions 2024 25.06.2024 Nou llibre de la col\u00b7lecci\u00f3 \u201cEines de pau, seguretat i just\u00edcia\u201d MES NOT\u00cdCIES Agenda d&#8217;activitats Mediterr\u00e0nia, teixint resili\u00e8ncies. El valor de la pau 16\/09\/202420\/09\/2024 Lliurament del Premi ICIP Construcci\u00f3 de Pau 2024 19\/09\/2024 VEURE-LES TOTES L&#8217;ICIP als mitjans [&hellip;]<\/p>\n","protected":false},"author":1,"featured_media":0,"parent":0,"menu_order":0,"comment_status":"closed","ping_status":"closed","template":"","meta":{"_acf_changed":false,"footnotes":""},"class_list":["post-486","page","type-page","status-publish","hentry"],"acf":[],"yoast_head":"<!-- This site is optimized with the Yoast SEO plugin v25.6 - https:\/\/yoast.com\/wordpress\/plugins\/seo\/ -->\n<title>Actualitat - ICIP<\/title>\n<meta name=\"robots\" content=\"index, follow, max-snippet:-1, max-image-preview:large, max-video-preview:-1\" \/>\n<link rel=\"canonical\" href=\"https:\/\/www.icip.cat\/ca\/actualitat\/\" \/>\n<meta property=\"og:locale\" content=\"ca_ES\" \/>\n<meta property=\"og:type\" content=\"article\" \/>\n<meta property=\"og:title\" content=\"Actualitat - ICIP\" \/>\n<meta property=\"og:description\" content=\"Actualitat 16.07.2024 Curs en l\u00ednia sobre periodisme de pau 02.07.2024 Resoluci\u00f3 provisional de les subvencions 2024 25.06.2024 Nou llibre de la col\u00b7lecci\u00f3 \u201cEines de pau, seguretat i just\u00edcia\u201d MES NOT\u00cdCIES Agenda d&#8217;activitats Mediterr\u00e0nia, teixint resili\u00e8ncies. El valor de la pau 16\/09\/202420\/09\/2024 Lliurament del Premi ICIP Construcci\u00f3 de Pau 2024 19\/09\/2024 VEURE-LES TOTES L&#8217;ICIP als mitjans [&hellip;]\" \/>\n<meta property=\"og:url\" content=\"https:\/\/www.icip.cat\/ca\/actualitat\/\" \/>\n<meta property=\"og:site_name\" content=\"ICIP\" \/>\n<meta property=\"article:modified_time\" content=\"2024-09-02T07:43:34+00:00\" \/>\n<meta property=\"og:image\" content=\"https:\/\/www.icip.cat\/wp-content\/uploads\/2024\/07\/periodista_98-730x550.webp\" \/>\n<meta name=\"twitter:card\" content=\"summary_large_image\" \/>\n<meta name=\"twitter:label1\" content=\"Temps estimat de lectura\" \/>\n\t<meta name=\"twitter:data1\" content=\"3 minuts\" \/>\n<script type=\"application\/ld+json\" class=\"yoast-schema-graph\">{\"@context\":\"https:\/\/schema.org\",\"@graph\":[{\"@type\":\"WebPage\",\"@id\":\"https:\/\/www.icip.cat\/ca\/actualitat\/\",\"url\":\"https:\/\/www.icip.cat\/ca\/actualitat\/\",\"name\":\"Actualitat - ICIP\",\"isPartOf\":{\"@id\":\"https:\/\/www.icip.cat\/ca\/#website\"},\"primaryImageOfPage\":{\"@id\":\"https:\/\/www.icip.cat\/ca\/actualitat\/#primaryimage\"},\"image\":{\"@id\":\"https:\/\/www.icip.cat\/ca\/actualitat\/#primaryimage\"},\"thumbnailUrl\":\"https:\/\/www.icip.cat\/wp-content\/uploads\/2024\/07\/periodista_98-730x550.webp\",\"datePublished\":\"2020-10-28T15:01:04+00:00\",\"dateModified\":\"2024-09-02T07:43:34+00:00\",\"inLanguage\":\"ca\",\"potentialAction\":[{\"@type\":\"ReadAction\",\"target\":[\"https:\/\/www.icip.cat\/ca\/actualitat\/\"]}]},{\"@type\":\"ImageObject\",\"inLanguage\":\"ca\",\"@id\":\"https:\/\/www.icip.cat\/ca\/actualitat\/#primaryimage\",\"url\":\"https:\/\/www.icip.cat\/wp-content\/uploads\/2024\/07\/periodista_98-730x550.webp\",\"contentUrl\":\"https:\/\/www.icip.cat\/wp-content\/uploads\/2024\/07\/periodista_98-730x550.webp\"},{\"@type\":\"WebSite\",\"@id\":\"https:\/\/www.icip.cat\/ca\/#website\",\"url\":\"https:\/\/www.icip.cat\/ca\/\",\"name\":\"ICIP\",\"description\":\"\",\"publisher\":{\"@id\":\"https:\/\/www.icip.cat\/ca\/#organization\"},\"potentialAction\":[{\"@type\":\"SearchAction\",\"target\":{\"@type\":\"EntryPoint\",\"urlTemplate\":\"https:\/\/www.icip.cat\/ca\/?s={search_term_string}\"},\"query-input\":{\"@type\":\"PropertyValueSpecification\",\"valueRequired\":true,\"valueName\":\"search_term_string\"}}],\"inLanguage\":\"ca\"},{\"@type\":\"Organization\",\"@id\":\"https:\/\/www.icip.cat\/ca\/#organization\",\"name\":\"ICIP\",\"url\":\"https:\/\/www.icip.cat\/ca\/\",\"logo\":{\"@type\":\"ImageObject\",\"inLanguage\":\"ca\",\"@id\":\"https:\/\/www.icip.cat\/ca\/#\/schema\/logo\/image\/\",\"url\":\"https:\/\/www.icip.cat\/wp-content\/uploads\/2021\/02\/logo-2.png\",\"contentUrl\":\"https:\/\/www.icip.cat\/wp-content\/uploads\/2021\/02\/logo-2.png\",\"width\":562,\"height\":391,\"caption\":\"ICIP\"},\"image\":{\"@id\":\"https:\/\/www.icip.cat\/ca\/#\/schema\/logo\/image\/\"}}]}<\/script>\n<!-- \/ Yoast SEO plugin. -->","yoast_head_json":{"title":"Actualitat - ICIP","robots":{"index":"index","follow":"follow","max-snippet":"max-snippet:-1","max-image-preview":"max-image-preview:large","max-video-preview":"max-video-preview:-1"},"canonical":"https:\/\/www.icip.cat\/ca\/actualitat\/","og_locale":"ca_ES","og_type":"article","og_title":"Actualitat - ICIP","og_description":"Actualitat 16.07.2024 Curs en l\u00ednia sobre periodisme de pau 02.07.2024 Resoluci\u00f3 provisional de les subvencions 2024 25.06.2024 Nou llibre de la col\u00b7lecci\u00f3 \u201cEines de pau, seguretat i just\u00edcia\u201d MES NOT\u00cdCIES Agenda d&#8217;activitats Mediterr\u00e0nia, teixint resili\u00e8ncies. El valor de la pau 16\/09\/202420\/09\/2024 Lliurament del Premi ICIP Construcci\u00f3 de Pau 2024 19\/09\/2024 VEURE-LES TOTES L&#8217;ICIP als mitjans [&hellip;]","og_url":"https:\/\/www.icip.cat\/ca\/actualitat\/","og_site_name":"ICIP","article_modified_time":"2024-09-02T07:43:34+00:00","og_image":[{"url":"https:\/\/www.icip.cat\/wp-content\/uploads\/2024\/07\/periodista_98-730x550.webp","type":"","width":"","height":""}],"twitter_card":"summary_large_image","twitter_misc":{"Temps estimat de lectura":"3 minuts"},"schema":{"@context":"https:\/\/schema.org","@graph":[{"@type":"WebPage","@id":"https:\/\/www.icip.cat\/ca\/actualitat\/","url":"https:\/\/www.icip.cat\/ca\/actualitat\/","name":"Actualitat - ICIP","isPartOf":{"@id":"https:\/\/www.icip.cat\/ca\/#website"},"primaryImageOfPage":{"@id":"https:\/\/www.icip.cat\/ca\/actualitat\/#primaryimage"},"image":{"@id":"https:\/\/www.icip.cat\/ca\/actualitat\/#primaryimage"},"thumbnailUrl":"https:\/\/www.icip.cat\/wp-content\/uploads\/2024\/07\/periodista_98-730x550.webp","datePublished":"2020-10-28T15:01:04+00:00","dateModified":"2024-09-02T07:43:34+00:00","inLanguage":"ca","potentialAction":[{"@type":"ReadAction","target":["https:\/\/www.icip.cat\/ca\/actualitat\/"]}]},{"@type":"ImageObject","inLanguage":"ca","@id":"https:\/\/www.icip.cat\/ca\/actualitat\/#primaryimage","url":"https:\/\/www.icip.cat\/wp-content\/uploads\/2024\/07\/periodista_98-730x550.webp","contentUrl":"https:\/\/www.icip.cat\/wp-content\/uploads\/2024\/07\/periodista_98-730x550.webp"},{"@type":"WebSite","@id":"https:\/\/www.icip.cat\/ca\/#website","url":"https:\/\/www.icip.cat\/ca\/","name":"ICIP","description":"","publisher":{"@id":"https:\/\/www.icip.cat\/ca\/#organization"},"potentialAction":[{"@type":"SearchAction","target":{"@type":"EntryPoint","urlTemplate":"https:\/\/www.icip.cat\/ca\/?s={search_term_string}"},"query-input":{"@type":"PropertyValueSpecification","valueRequired":true,"valueName":"search_term_string"}}],"inLanguage":"ca"},{"@type":"Organization","@id":"https:\/\/www.icip.cat\/ca\/#organization","name":"ICIP","url":"https:\/\/www.icip.cat\/ca\/","logo":{"@type":"ImageObject","inLanguage":"ca","@id":"https:\/\/www.icip.cat\/ca\/#\/schema\/logo\/image\/","url":"https:\/\/www.icip.cat\/wp-content\/uploads\/2021\/02\/logo-2.png","contentUrl":"https:\/\/www.icip.cat\/wp-content\/uploads\/2021\/02\/logo-2.png","width":562,"height":391,"caption":"ICIP"},"image":{"@id":"https:\/\/www.icip.cat\/ca\/#\/schema\/logo\/image\/"}}]}},"_links":{"self":[{"href":"https:\/\/www.icip.cat\/ca\/wp-json\/wp\/v2\/pages\/486","targetHints":{"allow":["GET"]}}],"collection":[{"href":"https:\/\/www.icip.cat\/ca\/wp-json\/wp\/v2\/pages"}],"about":[{"href":"https:\/\/www.icip.cat\/ca\/wp-json\/wp\/v2\/types\/page"}],"author":[{"embeddable":true,"href":"https:\/\/www.icip.cat\/ca\/wp-json\/wp\/v2\/users\/1"}],"replies":[{"embeddable":true,"href":"https:\/\/www.icip.cat\/ca\/wp-json\/wp\/v2\/comments?post=486"}],"version-history":[{"count":49,"href":"https:\/\/www.icip.cat\/ca\/wp-json\/wp\/v2\/pages\/486\/revisions"}],"predecessor-version":[{"id":49048,"href":"https:\/\/www.icip.cat\/ca\/wp-json\/wp\/v2\/pages\/486\/revisions\/49048"}],"wp:attachment":[{"href":"https:\/\/www.icip.cat\/ca\/wp-json\/wp\/v2\/media?parent=486"}],"curies":[{"name":"wp","href":"https:\/\/api.w.org\/{rel}","templated":true}]}}