{"id":48600,"date":"2024-08-06T07:27:22","date_gmt":"2024-08-06T07:27:22","guid":{"rendered":"https:\/\/www.icip.cat\/?page_id=48600"},"modified":"2025-04-22T07:51:42","modified_gmt":"2025-04-22T07:51:42","slug":"alternatives-de-seguretat","status":"publish","type":"page","link":"https:\/\/www.icip.cat\/ca\/alternatives-de-seguretat\/","title":{"rendered":"Alternatives de seguretat"},"content":{"rendered":"\t\t<div data-elementor-type=\"wp-page\" data-elementor-id=\"48600\" class=\"elementor elementor-48600\" data-elementor-post-type=\"page\">\n\t\t\t\t\t\t<section class=\"elementor-section elementor-top-section elementor-element elementor-element-9b3d845 elementor-section-boxed elementor-section-height-default elementor-section-height-default\" data-id=\"9b3d845\" data-element_type=\"section\" data-settings=\"{&quot;background_background&quot;:&quot;classic&quot;}\">\n\t\t\t\t\t\t\t<div class=\"elementor-background-overlay\"><\/div>\n\t\t\t\t\t\t\t<div class=\"elementor-container elementor-column-gap-default\">\n\t\t\t\t\t<div class=\"elementor-column elementor-col-100 elementor-top-column elementor-element elementor-element-08586b5\" data-id=\"08586b5\" data-element_type=\"column\">\n\t\t\t<div class=\"elementor-widget-wrap elementor-element-populated\">\n\t\t\t\t\t\t<div class=\"elementor-element elementor-element-15f6ef0 elementor-widget elementor-widget-heading\" data-id=\"15f6ef0\" data-element_type=\"widget\" data-widget_type=\"heading.default\">\n\t\t\t\t<div class=\"elementor-widget-container\">\n\t\t\t\t\t<h1 class=\"elementor-heading-title elementor-size-xl\">Alternatives de seguretat<\/h1>\t\t\t\t<\/div>\n\t\t\t\t<\/div>\n\t\t\t\t\t<\/div>\n\t\t<\/div>\n\t\t\t\t\t<\/div>\n\t\t<\/section>\n\t\t\t\t<section class=\"elementor-section elementor-top-section elementor-element elementor-element-c1a5f1c elementor-section-boxed elementor-section-height-default elementor-section-height-default\" data-id=\"c1a5f1c\" data-element_type=\"section\">\n\t\t\t\t\t\t<div class=\"elementor-container elementor-column-gap-default\">\n\t\t\t\t\t<div class=\"elementor-column elementor-col-100 elementor-top-column elementor-element elementor-element-4468c02\" data-id=\"4468c02\" data-element_type=\"column\">\n\t\t\t<div class=\"elementor-widget-wrap elementor-element-populated\">\n\t\t\t\t\t\t<div class=\"elementor-element elementor-element-3b0a67f elementor-widget elementor-widget-text-editor\" data-id=\"3b0a67f\" data-element_type=\"widget\" data-widget_type=\"text-editor.default\">\n\t\t\t\t<div class=\"elementor-widget-container\">\n\t\t\t\t\t\t\t\t\t<p>El model de seguretat predominant s\u2019ha demostrat limitat per a garantir una societat en pau i per oferir una resposta integral a les viol\u00e8ncies perqu\u00e8 el seu desplegament \u00e9s fonamentalment estatal i bel\u00b7ligerant i no se centra en atendre les necessitats de les persones.<\/p><p>En conseq\u00fc\u00e8ncia, en les darreres d\u00e8cades s\u2019han generat coneixement i projectes alternatius que obren <strong>noves perspectives sobre com entendre la seguretat<\/strong>, i sobre quins han de ser els mitjans necessaris per proveir-la. S\u00f3n propostes que destaquen la <strong>urg\u00e8ncia de transformar totes les viol\u00e8ncies<\/strong> m\u00e9s enll\u00e0 de les expressions m\u00e9s immediates i visibles, i la import\u00e0ncia de fer-ho des de la garantia igualit\u00e0ria de drets i llibertats i la gesti\u00f3 de totes les discriminacions.<\/p><p>Des de l\u2019ICIP partim de la hip\u00f2tesi que qualsevol model de seguretat que encari els conflictes sense basar-se en la construcci\u00f3 de pau est\u00e0 destinat al frac\u00e0s. \u00c9s per aquest motiu que des de l\u2019\u00e0rea de treball \u201cAlternatives de seguretat\u201d hem anat consolidant com a finalitat principal l\u2019an\u00e0lisi dels \u00e8xits, oportunitats i febleses de les accions i pol\u00edtiques de seguretat actuals. Per a fer-ho, <strong>posem en valor les aportacions del pacifisme i el feminisme<\/strong>, apostem per l\u2019articulaci\u00f3 entre teoria i pr\u00e0ctica i promovem espais de co-construcci\u00f3 i di\u00e0leg entre actors diversos.<\/p>\t\t\t\t\t\t\t\t<\/div>\n\t\t\t\t<\/div>\n\t\t\t\t\t<\/div>\n\t\t<\/div>\n\t\t\t\t\t<\/div>\n\t\t<\/section>\n\t\t\t\t<section class=\"elementor-section elementor-top-section elementor-element elementor-element-190ea43 elementor-section-boxed elementor-section-height-default elementor-section-height-default\" data-id=\"190ea43\" data-element_type=\"section\">\n\t\t\t\t\t\t<div class=\"elementor-container elementor-column-gap-default\">\n\t\t\t\t\t<div class=\"elementor-column elementor-col-50 elementor-top-column elementor-element elementor-element-277bb28\" data-id=\"277bb28\" data-element_type=\"column\">\n\t\t\t<div class=\"elementor-widget-wrap elementor-element-populated\">\n\t\t\t\t\t\t<section class=\"elementor-section elementor-inner-section elementor-element elementor-element-5d0343f elementor-section-height-min-height elementor-section-boxed elementor-section-height-default\" data-id=\"5d0343f\" data-element_type=\"section\">\n\t\t\t\t\t\t<div class=\"elementor-container elementor-column-gap-narrow\">\n\t\t\t\t\t<div class=\"elementor-column elementor-col-50 elementor-inner-column elementor-element elementor-element-ea2cc06\" data-id=\"ea2cc06\" data-element_type=\"column\" data-settings=\"{&quot;background_background&quot;:&quot;slideshow&quot;,&quot;background_slideshow_gallery&quot;:[],&quot;background_slideshow_loop&quot;:&quot;yes&quot;,&quot;background_slideshow_slide_duration&quot;:5000,&quot;background_slideshow_slide_transition&quot;:&quot;fade&quot;,&quot;background_slideshow_transition_duration&quot;:500}\">\n\t\t\t<div class=\"elementor-widget-wrap elementor-element-populated\">\n\t\t\t\t\t\t<div class=\"elementor-element elementor-element-a57f822 elementor-widget elementor-widget-image\" data-id=\"a57f822\" data-element_type=\"widget\" data-widget_type=\"image.default\">\n\t\t\t\t<div class=\"elementor-widget-container\">\n\t\t\t\t\t\t\t\t\t\t\t\t\t\t\t\t<a href=\"https:\/\/www.icip.cat\/ca\/alternatives-de-seguretat\/redefinir-la-seguretat\/\">\n\t\t\t\t\t\t\t<img fetchpriority=\"high\" decoding=\"async\" width=\"640\" height=\"853\" src=\"https:\/\/www.icip.cat\/wp-content\/uploads\/2024\/08\/Imatge-introduccio-768x1024.jpg\" class=\"attachment-large size-large wp-image-48637\" alt=\"\" srcset=\"https:\/\/www.icip.cat\/wp-content\/uploads\/2024\/08\/Imatge-introduccio-768x1024.jpg 768w, https:\/\/www.icip.cat\/wp-content\/uploads\/2024\/08\/Imatge-introduccio-225x300.jpg 225w, https:\/\/www.icip.cat\/wp-content\/uploads\/2024\/08\/Imatge-introduccio-1152x1536.jpg 1152w, https:\/\/www.icip.cat\/wp-content\/uploads\/2024\/08\/Imatge-introduccio-1536x2048.jpg 1536w, https:\/\/www.icip.cat\/wp-content\/uploads\/2024\/08\/Imatge-introduccio-scaled.jpg 1920w\" sizes=\"(max-width: 640px) 100vw, 640px\" \/>\t\t\t\t\t\t\t\t<\/a>\n\t\t\t\t\t\t\t\t\t\t\t\t\t\t\t<\/div>\n\t\t\t\t<\/div>\n\t\t\t\t<div class=\"elementor-element elementor-element-fba0d76 elementor-absolute elementor-widget elementor-widget-heading\" data-id=\"fba0d76\" data-element_type=\"widget\" data-settings=\"{&quot;_position&quot;:&quot;absolute&quot;}\" data-widget_type=\"heading.default\">\n\t\t\t\t<div class=\"elementor-widget-container\">\n\t\t\t\t\t<h2 class=\"elementor-heading-title elementor-size-default\"><a href=\"https:\/\/www.icip.cat\/ca\/alternatives-de-seguretat\/redefinir-la-seguretat\/\">Redefinir la seguretat<\/a><\/h2>\t\t\t\t<\/div>\n\t\t\t\t<\/div>\n\t\t\t\t\t<\/div>\n\t\t<\/div>\n\t\t\t\t<div class=\"elementor-column elementor-col-50 elementor-inner-column elementor-element elementor-element-fd2dcf4\" data-id=\"fd2dcf4\" data-element_type=\"column\" data-settings=\"{&quot;background_background&quot;:&quot;slideshow&quot;,&quot;background_slideshow_gallery&quot;:[],&quot;background_slideshow_loop&quot;:&quot;yes&quot;,&quot;background_slideshow_slide_duration&quot;:5000,&quot;background_slideshow_slide_transition&quot;:&quot;fade&quot;,&quot;background_slideshow_transition_duration&quot;:500}\">\n\t\t\t<div class=\"elementor-widget-wrap elementor-element-populated\">\n\t\t\t\t\t\t<div class=\"elementor-element elementor-element-5cfc70b elementor-widget elementor-widget-image\" data-id=\"5cfc70b\" data-element_type=\"widget\" data-widget_type=\"image.default\">\n\t\t\t\t<div class=\"elementor-widget-container\">\n\t\t\t\t\t\t\t\t\t\t\t\t\t\t\t\t<a href=\"https:\/\/www.icip.cat\/ca\/alternatives-de-seguretat\/analitzar-el-punitivisme\/\">\n\t\t\t\t\t\t\t<img decoding=\"async\" width=\"640\" height=\"427\" src=\"https:\/\/www.icip.cat\/wp-content\/uploads\/2024\/08\/Article1-1024x683.jpg\" class=\"attachment-large size-large wp-image-48607\" alt=\"\" srcset=\"https:\/\/www.icip.cat\/wp-content\/uploads\/2024\/08\/Article1-1024x683.jpg 1024w, https:\/\/www.icip.cat\/wp-content\/uploads\/2024\/08\/Article1-300x200.jpg 300w, https:\/\/www.icip.cat\/wp-content\/uploads\/2024\/08\/Article1-768x512.jpg 768w, https:\/\/www.icip.cat\/wp-content\/uploads\/2024\/08\/Article1-1536x1024.jpg 1536w, https:\/\/www.icip.cat\/wp-content\/uploads\/2024\/08\/Article1-2048x1365.jpg 2048w\" sizes=\"(max-width: 640px) 100vw, 640px\" \/>\t\t\t\t\t\t\t\t<\/a>\n\t\t\t\t\t\t\t\t\t\t\t\t\t\t\t<\/div>\n\t\t\t\t<\/div>\n\t\t\t\t<div class=\"elementor-element elementor-element-e9747c9 elementor-absolute elementor-widget elementor-widget-heading\" data-id=\"e9747c9\" data-element_type=\"widget\" data-settings=\"{&quot;_position&quot;:&quot;absolute&quot;}\" data-widget_type=\"heading.default\">\n\t\t\t\t<div class=\"elementor-widget-container\">\n\t\t\t\t\t<h2 class=\"elementor-heading-title elementor-size-default\"><a href=\"https:\/\/www.icip.cat\/ca\/alternatives-de-seguretat\/analitzar-el-punitivisme\/\">Analitzar el punitivisme<\/a><\/h2>\t\t\t\t<\/div>\n\t\t\t\t<\/div>\n\t\t\t\t\t<\/div>\n\t\t<\/div>\n\t\t\t\t\t<\/div>\n\t\t<\/section>\n\t\t\t\t\t<\/div>\n\t\t<\/div>\n\t\t\t\t<div class=\"elementor-column elementor-col-50 elementor-top-column elementor-element elementor-element-cfe03bc\" data-id=\"cfe03bc\" data-element_type=\"column\">\n\t\t\t<div class=\"elementor-widget-wrap elementor-element-populated\">\n\t\t\t\t\t\t<section class=\"elementor-section elementor-inner-section elementor-element elementor-element-1d73e84 elementor-section-height-min-height elementor-section-boxed elementor-section-height-default\" data-id=\"1d73e84\" data-element_type=\"section\">\n\t\t\t\t\t\t<div class=\"elementor-container elementor-column-gap-narrow\">\n\t\t\t\t\t<div class=\"elementor-column elementor-col-50 elementor-inner-column elementor-element elementor-element-8bda0f0\" data-id=\"8bda0f0\" data-element_type=\"column\" data-settings=\"{&quot;background_background&quot;:&quot;slideshow&quot;,&quot;background_slideshow_gallery&quot;:[],&quot;background_slideshow_loop&quot;:&quot;yes&quot;,&quot;background_slideshow_slide_duration&quot;:5000,&quot;background_slideshow_slide_transition&quot;:&quot;fade&quot;,&quot;background_slideshow_transition_duration&quot;:500}\">\n\t\t\t<div class=\"elementor-widget-wrap elementor-element-populated\">\n\t\t\t\t\t\t<div class=\"elementor-element elementor-element-6e8948e elementor-widget elementor-widget-image\" data-id=\"6e8948e\" data-element_type=\"widget\" data-widget_type=\"image.default\">\n\t\t\t\t<div class=\"elementor-widget-container\">\n\t\t\t\t\t\t\t\t\t\t\t\t\t\t\t\t<a href=\"https:\/\/www.icip.cat\/ca\/alternatives-de-seguretat\/reorientar-les-politiques-publiques\/\">\n\t\t\t\t\t\t\t<img decoding=\"async\" width=\"640\" height=\"274\" src=\"https:\/\/www.icip.cat\/wp-content\/uploads\/2024\/08\/Article-5-1024x438.jpg\" class=\"attachment-large size-large wp-image-48616\" alt=\"\" srcset=\"https:\/\/www.icip.cat\/wp-content\/uploads\/2024\/08\/Article-5-1024x438.jpg 1024w, https:\/\/www.icip.cat\/wp-content\/uploads\/2024\/08\/Article-5-300x128.jpg 300w, https:\/\/www.icip.cat\/wp-content\/uploads\/2024\/08\/Article-5-768x328.jpg 768w, https:\/\/www.icip.cat\/wp-content\/uploads\/2024\/08\/Article-5-1536x656.jpg 1536w, https:\/\/www.icip.cat\/wp-content\/uploads\/2024\/08\/Article-5-2048x875.jpg 2048w\" sizes=\"(max-width: 640px) 100vw, 640px\" \/>\t\t\t\t\t\t\t\t<\/a>\n\t\t\t\t\t\t\t\t\t\t\t\t\t\t\t<\/div>\n\t\t\t\t<\/div>\n\t\t\t\t<div class=\"elementor-element elementor-element-822318c elementor-absolute elementor-widget elementor-widget-heading\" data-id=\"822318c\" data-element_type=\"widget\" data-settings=\"{&quot;_position&quot;:&quot;absolute&quot;}\" data-widget_type=\"heading.default\">\n\t\t\t\t<div class=\"elementor-widget-container\">\n\t\t\t\t\t<h2 class=\"elementor-heading-title elementor-size-default\"><a href=\"https:\/\/www.icip.cat\/ca\/alternatives-de-seguretat\/reorientar-les-politiques-publiques\/\">Reorientar les pol\u00edtiques p\u00fabliques<\/a><\/h2>\t\t\t\t<\/div>\n\t\t\t\t<\/div>\n\t\t\t\t\t<\/div>\n\t\t<\/div>\n\t\t\t\t<div class=\"elementor-column elementor-col-50 elementor-inner-column elementor-element elementor-element-65ac8b1\" data-id=\"65ac8b1\" data-element_type=\"column\" data-settings=\"{&quot;background_background&quot;:&quot;slideshow&quot;,&quot;background_slideshow_gallery&quot;:[],&quot;background_slideshow_loop&quot;:&quot;yes&quot;,&quot;background_slideshow_slide_duration&quot;:5000,&quot;background_slideshow_slide_transition&quot;:&quot;fade&quot;,&quot;background_slideshow_transition_duration&quot;:500}\">\n\t\t\t<div class=\"elementor-widget-wrap elementor-element-populated\">\n\t\t\t\t\t\t<div class=\"elementor-element elementor-element-755b712 elementor-widget elementor-widget-image\" data-id=\"755b712\" data-element_type=\"widget\" data-widget_type=\"image.default\">\n\t\t\t\t<div class=\"elementor-widget-container\">\n\t\t\t\t\t\t\t\t\t\t\t\t\t\t\t\t<a href=\"https:\/\/www.icip.cat\/ca\/alternatives-de-seguretat\/promoure-una-seguretat-feminista\/\">\n\t\t\t\t\t\t\t<img loading=\"lazy\" decoding=\"async\" width=\"640\" height=\"427\" src=\"https:\/\/www.icip.cat\/wp-content\/uploads\/2024\/08\/Imatges_Article-1_Miralles-1024x683.jpg\" class=\"attachment-large size-large wp-image-48631\" alt=\"\" srcset=\"https:\/\/www.icip.cat\/wp-content\/uploads\/2024\/08\/Imatges_Article-1_Miralles-1024x683.jpg 1024w, https:\/\/www.icip.cat\/wp-content\/uploads\/2024\/08\/Imatges_Article-1_Miralles-300x200.jpg 300w, https:\/\/www.icip.cat\/wp-content\/uploads\/2024\/08\/Imatges_Article-1_Miralles-768x512.jpg 768w, https:\/\/www.icip.cat\/wp-content\/uploads\/2024\/08\/Imatges_Article-1_Miralles-1536x1024.jpg 1536w, https:\/\/www.icip.cat\/wp-content\/uploads\/2024\/08\/Imatges_Article-1_Miralles-2048x1365.jpg 2048w\" sizes=\"(max-width: 640px) 100vw, 640px\" \/>\t\t\t\t\t\t\t\t<\/a>\n\t\t\t\t\t\t\t\t\t\t\t\t\t\t\t<\/div>\n\t\t\t\t<\/div>\n\t\t\t\t<div class=\"elementor-element elementor-element-3a0f345 elementor-absolute elementor-widget elementor-widget-heading\" data-id=\"3a0f345\" data-element_type=\"widget\" data-settings=\"{&quot;_position&quot;:&quot;absolute&quot;}\" data-widget_type=\"heading.default\">\n\t\t\t\t<div class=\"elementor-widget-container\">\n\t\t\t\t\t<h2 class=\"elementor-heading-title elementor-size-default\"><a href=\"https:\/\/www.icip.cat\/ca\/alternatives-de-seguretat\/promoure-una-seguretat-feminista\/\">Promoure una seguretat feminista<\/a><\/h2>\t\t\t\t<\/div>\n\t\t\t\t<\/div>\n\t\t\t\t\t<\/div>\n\t\t<\/div>\n\t\t\t\t\t<\/div>\n\t\t<\/section>\n\t\t\t\t\t<\/div>\n\t\t<\/div>\n\t\t\t\t\t<\/div>\n\t\t<\/section>\n\t\t\t\t<\/div>\n\t\t","protected":false},"excerpt":{"rendered":"<p>Alternatives de seguretat El model de seguretat predominant s\u2019ha demostrat limitat per a garantir una societat en pau i per oferir una resposta integral a les viol\u00e8ncies perqu\u00e8 el seu desplegament \u00e9s fonamentalment estatal i bel\u00b7ligerant i no se centra en atendre les necessitats de les persones. En conseq\u00fc\u00e8ncia, en les darreres d\u00e8cades s\u2019han generat [&hellip;]<\/p>\n","protected":false},"author":4,"featured_media":0,"parent":0,"menu_order":0,"comment_status":"closed","ping_status":"closed","template":"","meta":{"_acf_changed":false,"footnotes":""},"class_list":["post-48600","page","type-page","status-publish","hentry"],"acf":[],"yoast_head":"<!-- This site is optimized with the Yoast SEO plugin v25.6 - https:\/\/yoast.com\/wordpress\/plugins\/seo\/ -->\n<title>Alternatives de seguretat - ICIP<\/title>\n<meta name=\"robots\" content=\"index, follow, max-snippet:-1, max-image-preview:large, max-video-preview:-1\" \/>\n<link rel=\"canonical\" href=\"https:\/\/www.icip.cat\/ca\/alternatives-de-seguretat\/\" \/>\n<meta property=\"og:locale\" content=\"ca_ES\" \/>\n<meta property=\"og:type\" content=\"article\" \/>\n<meta property=\"og:title\" content=\"Alternatives de seguretat - ICIP\" \/>\n<meta property=\"og:description\" content=\"Alternatives de seguretat El model de seguretat predominant s\u2019ha demostrat limitat per a garantir una societat en pau i per oferir una resposta integral a les viol\u00e8ncies perqu\u00e8 el seu desplegament \u00e9s fonamentalment estatal i bel\u00b7ligerant i no se centra en atendre les necessitats de les persones. En conseq\u00fc\u00e8ncia, en les darreres d\u00e8cades s\u2019han generat [&hellip;]\" \/>\n<meta property=\"og:url\" content=\"https:\/\/www.icip.cat\/ca\/alternatives-de-seguretat\/\" \/>\n<meta property=\"og:site_name\" content=\"ICIP\" \/>\n<meta property=\"article:modified_time\" content=\"2025-04-22T07:51:42+00:00\" \/>\n<meta property=\"og:image\" content=\"https:\/\/www.icip.cat\/wp-content\/uploads\/2024\/08\/Imatge-introduccio-scaled.jpg\" \/>\n\t<meta property=\"og:image:width\" content=\"1920\" \/>\n\t<meta property=\"og:image:height\" content=\"2560\" \/>\n\t<meta property=\"og:image:type\" content=\"image\/jpeg\" \/>\n<meta name=\"twitter:card\" content=\"summary_large_image\" \/>\n<meta name=\"twitter:label1\" content=\"Temps estimat de lectura\" \/>\n\t<meta name=\"twitter:data1\" content=\"3 minuts\" \/>\n<script type=\"application\/ld+json\" class=\"yoast-schema-graph\">{\"@context\":\"https:\/\/schema.org\",\"@graph\":[{\"@type\":\"WebPage\",\"@id\":\"https:\/\/www.icip.cat\/ca\/alternatives-de-seguretat\/\",\"url\":\"https:\/\/www.icip.cat\/ca\/alternatives-de-seguretat\/\",\"name\":\"Alternatives de seguretat - ICIP\",\"isPartOf\":{\"@id\":\"https:\/\/www.icip.cat\/ca\/#website\"},\"primaryImageOfPage\":{\"@id\":\"https:\/\/www.icip.cat\/ca\/alternatives-de-seguretat\/#primaryimage\"},\"image\":{\"@id\":\"https:\/\/www.icip.cat\/ca\/alternatives-de-seguretat\/#primaryimage\"},\"thumbnailUrl\":\"https:\/\/www.icip.cat\/wp-content\/uploads\/2024\/08\/Imatge-introduccio-768x1024.jpg\",\"datePublished\":\"2024-08-06T07:27:22+00:00\",\"dateModified\":\"2025-04-22T07:51:42+00:00\",\"inLanguage\":\"ca\",\"potentialAction\":[{\"@type\":\"ReadAction\",\"target\":[\"https:\/\/www.icip.cat\/ca\/alternatives-de-seguretat\/\"]}]},{\"@type\":\"ImageObject\",\"inLanguage\":\"ca\",\"@id\":\"https:\/\/www.icip.cat\/ca\/alternatives-de-seguretat\/#primaryimage\",\"url\":\"https:\/\/www.icip.cat\/wp-content\/uploads\/2024\/08\/Imatge-introduccio-768x1024.jpg\",\"contentUrl\":\"https:\/\/www.icip.cat\/wp-content\/uploads\/2024\/08\/Imatge-introduccio-768x1024.jpg\"},{\"@type\":\"WebSite\",\"@id\":\"https:\/\/www.icip.cat\/ca\/#website\",\"url\":\"https:\/\/www.icip.cat\/ca\/\",\"name\":\"ICIP\",\"description\":\"\",\"publisher\":{\"@id\":\"https:\/\/www.icip.cat\/ca\/#organization\"},\"potentialAction\":[{\"@type\":\"SearchAction\",\"target\":{\"@type\":\"EntryPoint\",\"urlTemplate\":\"https:\/\/www.icip.cat\/ca\/?s={search_term_string}\"},\"query-input\":{\"@type\":\"PropertyValueSpecification\",\"valueRequired\":true,\"valueName\":\"search_term_string\"}}],\"inLanguage\":\"ca\"},{\"@type\":\"Organization\",\"@id\":\"https:\/\/www.icip.cat\/ca\/#organization\",\"name\":\"ICIP\",\"url\":\"https:\/\/www.icip.cat\/ca\/\",\"logo\":{\"@type\":\"ImageObject\",\"inLanguage\":\"ca\",\"@id\":\"https:\/\/www.icip.cat\/ca\/#\/schema\/logo\/image\/\",\"url\":\"https:\/\/www.icip.cat\/wp-content\/uploads\/2021\/02\/logo-2.png\",\"contentUrl\":\"https:\/\/www.icip.cat\/wp-content\/uploads\/2021\/02\/logo-2.png\",\"width\":562,\"height\":391,\"caption\":\"ICIP\"},\"image\":{\"@id\":\"https:\/\/www.icip.cat\/ca\/#\/schema\/logo\/image\/\"}}]}<\/script>\n<!-- \/ Yoast SEO plugin. -->","yoast_head_json":{"title":"Alternatives de seguretat - ICIP","robots":{"index":"index","follow":"follow","max-snippet":"max-snippet:-1","max-image-preview":"max-image-preview:large","max-video-preview":"max-video-preview:-1"},"canonical":"https:\/\/www.icip.cat\/ca\/alternatives-de-seguretat\/","og_locale":"ca_ES","og_type":"article","og_title":"Alternatives de seguretat - ICIP","og_description":"Alternatives de seguretat El model de seguretat predominant s\u2019ha demostrat limitat per a garantir una societat en pau i per oferir una resposta integral a les viol\u00e8ncies perqu\u00e8 el seu desplegament \u00e9s fonamentalment estatal i bel\u00b7ligerant i no se centra en atendre les necessitats de les persones. En conseq\u00fc\u00e8ncia, en les darreres d\u00e8cades s\u2019han generat [&hellip;]","og_url":"https:\/\/www.icip.cat\/ca\/alternatives-de-seguretat\/","og_site_name":"ICIP","article_modified_time":"2025-04-22T07:51:42+00:00","og_image":[{"width":1920,"height":2560,"url":"https:\/\/www.icip.cat\/wp-content\/uploads\/2024\/08\/Imatge-introduccio-scaled.jpg","type":"image\/jpeg"}],"twitter_card":"summary_large_image","twitter_misc":{"Temps estimat de lectura":"3 minuts"},"schema":{"@context":"https:\/\/schema.org","@graph":[{"@type":"WebPage","@id":"https:\/\/www.icip.cat\/ca\/alternatives-de-seguretat\/","url":"https:\/\/www.icip.cat\/ca\/alternatives-de-seguretat\/","name":"Alternatives de seguretat - ICIP","isPartOf":{"@id":"https:\/\/www.icip.cat\/ca\/#website"},"primaryImageOfPage":{"@id":"https:\/\/www.icip.cat\/ca\/alternatives-de-seguretat\/#primaryimage"},"image":{"@id":"https:\/\/www.icip.cat\/ca\/alternatives-de-seguretat\/#primaryimage"},"thumbnailUrl":"https:\/\/www.icip.cat\/wp-content\/uploads\/2024\/08\/Imatge-introduccio-768x1024.jpg","datePublished":"2024-08-06T07:27:22+00:00","dateModified":"2025-04-22T07:51:42+00:00","inLanguage":"ca","potentialAction":[{"@type":"ReadAction","target":["https:\/\/www.icip.cat\/ca\/alternatives-de-seguretat\/"]}]},{"@type":"ImageObject","inLanguage":"ca","@id":"https:\/\/www.icip.cat\/ca\/alternatives-de-seguretat\/#primaryimage","url":"https:\/\/www.icip.cat\/wp-content\/uploads\/2024\/08\/Imatge-introduccio-768x1024.jpg","contentUrl":"https:\/\/www.icip.cat\/wp-content\/uploads\/2024\/08\/Imatge-introduccio-768x1024.jpg"},{"@type":"WebSite","@id":"https:\/\/www.icip.cat\/ca\/#website","url":"https:\/\/www.icip.cat\/ca\/","name":"ICIP","description":"","publisher":{"@id":"https:\/\/www.icip.cat\/ca\/#organization"},"potentialAction":[{"@type":"SearchAction","target":{"@type":"EntryPoint","urlTemplate":"https:\/\/www.icip.cat\/ca\/?s={search_term_string}"},"query-input":{"@type":"PropertyValueSpecification","valueRequired":true,"valueName":"search_term_string"}}],"inLanguage":"ca"},{"@type":"Organization","@id":"https:\/\/www.icip.cat\/ca\/#organization","name":"ICIP","url":"https:\/\/www.icip.cat\/ca\/","logo":{"@type":"ImageObject","inLanguage":"ca","@id":"https:\/\/www.icip.cat\/ca\/#\/schema\/logo\/image\/","url":"https:\/\/www.icip.cat\/wp-content\/uploads\/2021\/02\/logo-2.png","contentUrl":"https:\/\/www.icip.cat\/wp-content\/uploads\/2021\/02\/logo-2.png","width":562,"height":391,"caption":"ICIP"},"image":{"@id":"https:\/\/www.icip.cat\/ca\/#\/schema\/logo\/image\/"}}]}},"_links":{"self":[{"href":"https:\/\/www.icip.cat\/ca\/wp-json\/wp\/v2\/pages\/48600","targetHints":{"allow":["GET"]}}],"collection":[{"href":"https:\/\/www.icip.cat\/ca\/wp-json\/wp\/v2\/pages"}],"about":[{"href":"https:\/\/www.icip.cat\/ca\/wp-json\/wp\/v2\/types\/page"}],"author":[{"embeddable":true,"href":"https:\/\/www.icip.cat\/ca\/wp-json\/wp\/v2\/users\/4"}],"replies":[{"embeddable":true,"href":"https:\/\/www.icip.cat\/ca\/wp-json\/wp\/v2\/comments?post=48600"}],"version-history":[{"count":36,"href":"https:\/\/www.icip.cat\/ca\/wp-json\/wp\/v2\/pages\/48600\/revisions"}],"predecessor-version":[{"id":53736,"href":"https:\/\/www.icip.cat\/ca\/wp-json\/wp\/v2\/pages\/48600\/revisions\/53736"}],"wp:attachment":[{"href":"https:\/\/www.icip.cat\/ca\/wp-json\/wp\/v2\/media?parent=48600"}],"curies":[{"name":"wp","href":"https:\/\/api.w.org\/{rel}","templated":true}]}}