{"id":48859,"date":"2024-08-07T06:21:52","date_gmt":"2024-08-07T06:21:52","guid":{"rendered":"https:\/\/www.icip.cat\/?page_id=48859"},"modified":"2024-08-07T06:32:14","modified_gmt":"2024-08-07T06:32:14","slug":"activitats-de-petit-format-seguretat","status":"publish","type":"page","link":"https:\/\/www.icip.cat\/ca\/alternatives-de-seguretat\/activitats-de-petit-format-seguretat\/","title":{"rendered":"Activitats de petit format &#8211; Seguretat"},"content":{"rendered":"\t\t<div data-elementor-type=\"wp-page\" data-elementor-id=\"48859\" class=\"elementor elementor-48859\" data-elementor-post-type=\"page\">\n\t\t\t\t\t\t<section class=\"elementor-section elementor-top-section elementor-element elementor-element-3cccda6 elementor-section-boxed elementor-section-height-default elementor-section-height-default\" data-id=\"3cccda6\" data-element_type=\"section\" data-settings=\"{&quot;background_background&quot;:&quot;classic&quot;}\">\n\t\t\t\t\t\t\t<div class=\"elementor-background-overlay\"><\/div>\n\t\t\t\t\t\t\t<div class=\"elementor-container elementor-column-gap-default\">\n\t\t\t\t\t<div class=\"elementor-column elementor-col-100 elementor-top-column elementor-element elementor-element-dc1b6e3\" data-id=\"dc1b6e3\" data-element_type=\"column\">\n\t\t\t<div class=\"elementor-widget-wrap elementor-element-populated\">\n\t\t\t\t\t\t<div class=\"elementor-element elementor-element-4018694 elementor-widget elementor-widget-heading\" data-id=\"4018694\" data-element_type=\"widget\" data-widget_type=\"heading.default\">\n\t\t\t\t<div class=\"elementor-widget-container\">\n\t\t\t\t\t<h1 class=\"elementor-heading-title elementor-size-xl\">Activitats de petit format<\/h1>\t\t\t\t<\/div>\n\t\t\t\t<\/div>\n\t\t\t\t\t<\/div>\n\t\t<\/div>\n\t\t\t\t\t<\/div>\n\t\t<\/section>\n\t\t\t\t<section class=\"elementor-section elementor-top-section elementor-element elementor-element-56adc83 elementor-section-boxed elementor-section-height-default elementor-section-height-default\" data-id=\"56adc83\" data-element_type=\"section\">\n\t\t\t\t\t\t<div class=\"elementor-container elementor-column-gap-default\">\n\t\t\t\t\t<div class=\"elementor-column elementor-col-100 elementor-top-column elementor-element elementor-element-98f50b6\" data-id=\"98f50b6\" data-element_type=\"column\">\n\t\t\t<div class=\"elementor-widget-wrap elementor-element-populated\">\n\t\t\t\t\t\t<div class=\"elementor-element elementor-element-d0cdc5a elementor-widget elementor-widget-spacer\" data-id=\"d0cdc5a\" data-element_type=\"widget\" data-widget_type=\"spacer.default\">\n\t\t\t\t<div class=\"elementor-widget-container\">\n\t\t\t\t\t\t\t<div class=\"elementor-spacer\">\n\t\t\t<div class=\"elementor-spacer-inner\"><\/div>\n\t\t<\/div>\n\t\t\t\t\t\t<\/div>\n\t\t\t\t<\/div>\n\t\t\t\t<section class=\"elementor-section elementor-inner-section elementor-element elementor-element-8c402a6 elementor-section-boxed elementor-section-height-default elementor-section-height-default\" data-id=\"8c402a6\" data-element_type=\"section\">\n\t\t\t\t\t\t<div class=\"elementor-container elementor-column-gap-default\">\n\t\t\t\t\t<div class=\"elementor-column elementor-col-100 elementor-inner-column elementor-element elementor-element-e778450\" data-id=\"e778450\" data-element_type=\"column\">\n\t\t\t<div class=\"elementor-widget-wrap elementor-element-populated\">\n\t\t\t\t\t\t<div class=\"elementor-element elementor-element-15b0fb5 elementor-widget elementor-widget-text-editor\" data-id=\"15b0fb5\" data-element_type=\"widget\" data-widget_type=\"text-editor.default\">\n\t\t\t\t<div class=\"elementor-widget-container\">\n\t\t\t\t\t\t\t\t\t<p>Al llarg de l\u2019any l\u2019ICIP organitza activitats de reflexi\u00f3, presencials i virtuals, com tert\u00falies i sessions d\u2019an\u00e0lisi, destinades principalment a un p\u00fablic especialitzat, les quals permeten aprofundir en les tem\u00e0tiques plantejades.<\/p>\t\t\t\t\t\t\t\t<\/div>\n\t\t\t\t<\/div>\n\t\t\t\t\t<\/div>\n\t\t<\/div>\n\t\t\t\t\t<\/div>\n\t\t<\/section>\n\t\t\t\t<div class=\"elementor-element elementor-element-4c79cc0 elementor-widget elementor-widget-heading\" data-id=\"4c79cc0\" data-element_type=\"widget\" id=\"colombia\" data-widget_type=\"heading.default\">\n\t\t\t\t<div class=\"elementor-widget-container\">\n\t\t\t\t\t<h2 class=\"elementor-heading-title elementor-size-default\">Pau, seguretat i feminismes: reptes actuals<\/h2>\t\t\t\t<\/div>\n\t\t\t\t<\/div>\n\t\t\t\t<div class=\"elementor-element elementor-element-fc51ce9 elementor-widget elementor-widget-text-editor\" data-id=\"fc51ce9\" data-element_type=\"widget\" data-widget_type=\"text-editor.default\">\n\t\t\t\t<div class=\"elementor-widget-container\">\n\t\t\t\t\t\t\t\t\t<p>En el marc de les jornades anuals del Centre Del\u00e0s d\u2019Estudis per la Pau dedicades a la seguretat feminista, l\u2019ICIP i l\u2019entitat pacifista van organitzar el 24 d\u2019octubre de 2023 una trobada amb la professora de pol\u00edtica i relacions internacionals a la Royal Holloway (Universitat de Londres), <strong>Laura Sjoberg<\/strong>.<\/p><p>La trobada va consistir en un intercanvi d\u2019experi\u00e8ncies i un taller per analitzar propostes concretes d\u2019acci\u00f3. S\u2019hi van tractar q\u00fcestions com ara quins aven\u00e7os hi ha hagut en la introducci\u00f3 de la perspectiva feminista en l\u2019\u00e0mbit de la pau i la seguretat i com fer front als reptes pendents. Tamb\u00e9 es va reflexionar sobre com s\u2019entrella\u00e7a la pol\u00edtica global de pau i de seguretat amb les din\u00e0miques locals i com avan\u00e7ar cap a la discussi\u00f3 de la interseccionalitat de les opressions.<\/p>\t\t\t\t\t\t\t\t<\/div>\n\t\t\t\t<\/div>\n\t\t\t\t<div class=\"elementor-element elementor-element-6b975c8 elementor-widget elementor-widget-gallery\" data-id=\"6b975c8\" data-element_type=\"widget\" data-settings=\"{&quot;columns&quot;:2,&quot;lazyload&quot;:&quot;yes&quot;,&quot;gallery_layout&quot;:&quot;grid&quot;,&quot;columns_tablet&quot;:2,&quot;columns_mobile&quot;:1,&quot;gap&quot;:{&quot;unit&quot;:&quot;px&quot;,&quot;size&quot;:10,&quot;sizes&quot;:[]},&quot;gap_tablet&quot;:{&quot;unit&quot;:&quot;px&quot;,&quot;size&quot;:10,&quot;sizes&quot;:[]},&quot;gap_mobile&quot;:{&quot;unit&quot;:&quot;px&quot;,&quot;size&quot;:10,&quot;sizes&quot;:[]},&quot;link_to&quot;:&quot;file&quot;,&quot;aspect_ratio&quot;:&quot;3:2&quot;,&quot;overlay_background&quot;:&quot;yes&quot;,&quot;content_hover_animation&quot;:&quot;fade-in&quot;}\" data-widget_type=\"gallery.default\">\n\t\t\t\t<div class=\"elementor-widget-container\">\n\t\t\t\t\t\t\t<div class=\"elementor-gallery__container\">\n\t\t\t\t\t\t\t<a class=\"e-gallery-item elementor-gallery-item elementor-animated-content\" href=\"https:\/\/www.icip.cat\/wp-content\/uploads\/2024\/08\/IMG_4709-scaled.jpg\" data-elementor-open-lightbox=\"yes\" data-elementor-lightbox-slideshow=\"6b975c8\" data-elementor-lightbox-title=\"IMG_4709\" data-e-action-hash=\"#elementor-action%3Aaction%3Dlightbox%26settings%3DeyJpZCI6NDg4NjMsInVybCI6Imh0dHBzOlwvXC93d3cuaWNpcC5jYXRcL3dwLWNvbnRlbnRcL3VwbG9hZHNcLzIwMjRcLzA4XC9JTUdfNDcwOS1zY2FsZWQuanBnIiwic2xpZGVzaG93IjoiNmI5NzVjOCJ9\">\n\t\t\t\t\t<div class=\"e-gallery-image elementor-gallery-item__image\" data-thumbnail=\"https:\/\/www.icip.cat\/wp-content\/uploads\/2024\/08\/IMG_4709-1024x678.jpg\" data-width=\"640\" data-height=\"424\" aria-label=\"\" role=\"img\" ><\/div>\n\t\t\t\t\t\t\t\t\t\t\t<div class=\"elementor-gallery-item__overlay\"><\/div>\n\t\t\t\t\t\t\t\t\t\t\t\t\t\t<\/a>\n\t\t\t\t\t\t\t<a class=\"e-gallery-item elementor-gallery-item elementor-animated-content\" href=\"https:\/\/www.icip.cat\/wp-content\/uploads\/2024\/08\/IMG_4689-scaled.jpg\" data-elementor-open-lightbox=\"yes\" data-elementor-lightbox-slideshow=\"6b975c8\" data-elementor-lightbox-title=\"IMG_4689\" data-e-action-hash=\"#elementor-action%3Aaction%3Dlightbox%26settings%3DeyJpZCI6NDg4NjYsInVybCI6Imh0dHBzOlwvXC93d3cuaWNpcC5jYXRcL3dwLWNvbnRlbnRcL3VwbG9hZHNcLzIwMjRcLzA4XC9JTUdfNDY4OS1zY2FsZWQuanBnIiwic2xpZGVzaG93IjoiNmI5NzVjOCJ9\">\n\t\t\t\t\t<div class=\"e-gallery-image elementor-gallery-item__image\" data-thumbnail=\"https:\/\/www.icip.cat\/wp-content\/uploads\/2024\/08\/IMG_4689-1024x683.jpg\" data-width=\"640\" data-height=\"427\" aria-label=\"\" role=\"img\" ><\/div>\n\t\t\t\t\t\t\t\t\t\t\t<div class=\"elementor-gallery-item__overlay\"><\/div>\n\t\t\t\t\t\t\t\t\t\t\t\t\t\t<\/a>\n\t\t\t\t\t<\/div>\n\t\t\t\t\t<\/div>\n\t\t\t\t<\/div>\n\t\t\t\t<div class=\"elementor-element elementor-element-48cb4f7 elementor-widget-divider--view-line elementor-widget elementor-widget-divider\" data-id=\"48cb4f7\" data-element_type=\"widget\" data-widget_type=\"divider.default\">\n\t\t\t\t<div class=\"elementor-widget-container\">\n\t\t\t\t\t\t\t<div class=\"elementor-divider\">\n\t\t\t<span class=\"elementor-divider-separator\">\n\t\t\t\t\t\t<\/span>\n\t\t<\/div>\n\t\t\t\t\t\t<\/div>\n\t\t\t\t<\/div>\n\t\t\t\t<div class=\"elementor-element elementor-element-17a606d elementor-widget elementor-widget-heading\" data-id=\"17a606d\" data-element_type=\"widget\" data-widget_type=\"heading.default\">\n\t\t\t\t<div class=\"elementor-widget-container\">\n\t\t\t\t\t<h2 class=\"elementor-heading-title elementor-size-default\">Dona. Vida. Llibertat<\/h2>\t\t\t\t<\/div>\n\t\t\t\t<\/div>\n\t\t\t\t<div class=\"elementor-element elementor-element-d087e05 elementor-widget elementor-widget-text-editor\" data-id=\"d087e05\" data-element_type=\"widget\" data-widget_type=\"text-editor.default\">\n\t\t\t\t<div class=\"elementor-widget-container\">\n\t\t\t\t\t\t\t\t\t<p>El 3 de novembre de 2022 l\u2019ICIP i el CIDOB van organitzar una sessi\u00f3 d\u2019an\u00e0lisi amb la participaci\u00f3 de la polit\u00f2loga iraniana\u00a0<strong>Anahita Nassir<\/strong>\u00a0i el catedr\u00e0tic d\u2019Hist\u00f2ria Contempor\u00e0nia de la UB\u00a0<strong>Antoni Segura<\/strong> per tal d\u2019analitzar el context irani\u00e0, arran de les protestes massives i la repressi\u00f3 desencadenada per la mort en cust\u00f2dia policial de la jove Mahsa Amini.<\/p>\t\t\t\t\t\t\t\t<\/div>\n\t\t\t\t<\/div>\n\t\t\t\t<div class=\"elementor-element elementor-element-5d7850b elementor-widget elementor-widget-image\" data-id=\"5d7850b\" data-element_type=\"widget\" data-widget_type=\"image.default\">\n\t\t\t\t<div class=\"elementor-widget-container\">\n\t\t\t\t\t\t\t\t\t\t\t\t\t\t\t<img fetchpriority=\"high\" decoding=\"async\" width=\"640\" height=\"416\" src=\"https:\/\/www.icip.cat\/wp-content\/uploads\/2024\/08\/IMG_5740-1024x665.jpg\" class=\"attachment-large size-large wp-image-48869\" alt=\"\" srcset=\"https:\/\/www.icip.cat\/wp-content\/uploads\/2024\/08\/IMG_5740-1024x665.jpg 1024w, https:\/\/www.icip.cat\/wp-content\/uploads\/2024\/08\/IMG_5740-300x195.jpg 300w, https:\/\/www.icip.cat\/wp-content\/uploads\/2024\/08\/IMG_5740-768x499.jpg 768w, https:\/\/www.icip.cat\/wp-content\/uploads\/2024\/08\/IMG_5740-1536x998.jpg 1536w, https:\/\/www.icip.cat\/wp-content\/uploads\/2024\/08\/IMG_5740-2048x1331.jpg 2048w\" sizes=\"(max-width: 640px) 100vw, 640px\" \/>\t\t\t\t\t\t\t\t\t\t\t\t\t\t\t<\/div>\n\t\t\t\t<\/div>\n\t\t\t\t<div class=\"elementor-element elementor-element-ed35c6e elementor-widget-divider--view-line elementor-widget elementor-widget-divider\" data-id=\"ed35c6e\" data-element_type=\"widget\" data-widget_type=\"divider.default\">\n\t\t\t\t<div class=\"elementor-widget-container\">\n\t\t\t\t\t\t\t<div class=\"elementor-divider\">\n\t\t\t<span class=\"elementor-divider-separator\">\n\t\t\t\t\t\t<\/span>\n\t\t<\/div>\n\t\t\t\t\t\t<\/div>\n\t\t\t\t<\/div>\n\t\t\t\t<div class=\"elementor-element elementor-element-ee9b627 elementor-widget elementor-widget-heading\" data-id=\"ee9b627\" data-element_type=\"widget\" data-widget_type=\"heading.default\">\n\t\t\t\t<div class=\"elementor-widget-container\">\n\t\t\t\t\t<h2 class=\"elementor-heading-title elementor-size-default\">Col\u00f2mbia. Feminismes, pau i seguretat: una agenda pendent?<\/h2>\t\t\t\t<\/div>\n\t\t\t\t<\/div>\n\t\t\t\t<div class=\"elementor-element elementor-element-01e4922 elementor-widget elementor-widget-text-editor\" data-id=\"01e4922\" data-element_type=\"widget\" data-widget_type=\"text-editor.default\">\n\t\t\t\t<div class=\"elementor-widget-container\">\n\t\t\t\t\t\t\t\t\t<p>La Biblioteca de l\u2019ICIP va acollir el 31 de gener de 2021 una tert\u00falia amb <strong>Luz Piedad Caicedo<\/strong>, antrop\u00f2loga i sotsdirectora de la Corporaci\u00f3n Humanas Colombia, per debatre sobre com s\u2019est\u00e0 implementant l\u2019enfocament feminista en els Acords de Pau de l\u2019Havana i com s\u2019est\u00e0 desenvolupant a Col\u00f2mbia la Resoluci\u00f3 1325 de l\u2019ONU sobre Dones, Pau i Seguretat, de la qual el 2020 es compleixen els 20 anys de la seva aprovaci\u00f3. L\u2019ICIP va organitzar la tert\u00falia conjuntament amb la Taula Catalana per la Pau i els Drets Humans a Col\u00f2mbia, PBI Col\u00f2mbia i el node Catalunya del projecte de treball de la Comissi\u00f3 de la Veritat de Col\u00f2mbia a l\u2019exili. L\u2019acte tamb\u00e9 va comptar amb la col\u00b7laboraci\u00f3 de l\u2019Ag\u00e8ncia Catalana de Cooperaci\u00f3 al Desenvolupament.<\/p>\t\t\t\t\t\t\t\t<\/div>\n\t\t\t\t<\/div>\n\t\t\t\t<div class=\"elementor-element elementor-element-e467428 elementor-widget elementor-widget-image\" data-id=\"e467428\" data-element_type=\"widget\" data-widget_type=\"image.default\">\n\t\t\t\t<div class=\"elementor-widget-container\">\n\t\t\t\t\t\t\t\t\t\t\t\t\t\t\t<img decoding=\"async\" width=\"640\" height=\"481\" src=\"https:\/\/www.icip.cat\/wp-content\/uploads\/2024\/08\/Imagen-1-1024x769.jpg\" class=\"attachment-large size-large wp-image-48872\" alt=\"\" srcset=\"https:\/\/www.icip.cat\/wp-content\/uploads\/2024\/08\/Imagen-1-1024x769.jpg 1024w, https:\/\/www.icip.cat\/wp-content\/uploads\/2024\/08\/Imagen-1-300x225.jpg 300w, https:\/\/www.icip.cat\/wp-content\/uploads\/2024\/08\/Imagen-1-768x577.jpg 768w, https:\/\/www.icip.cat\/wp-content\/uploads\/2024\/08\/Imagen-1-730x550.jpg 730w, https:\/\/www.icip.cat\/wp-content\/uploads\/2024\/08\/Imagen-1.jpg 1231w\" sizes=\"(max-width: 640px) 100vw, 640px\" \/>\t\t\t\t\t\t\t\t\t\t\t\t\t\t\t<\/div>\n\t\t\t\t<\/div>\n\t\t\t\t<div class=\"elementor-element elementor-element-b532b70 elementor-widget-divider--view-line elementor-widget elementor-widget-divider\" data-id=\"b532b70\" data-element_type=\"widget\" data-widget_type=\"divider.default\">\n\t\t\t\t<div class=\"elementor-widget-container\">\n\t\t\t\t\t\t\t<div class=\"elementor-divider\">\n\t\t\t<span class=\"elementor-divider-separator\">\n\t\t\t\t\t\t<\/span>\n\t\t<\/div>\n\t\t\t\t\t\t<\/div>\n\t\t\t\t<\/div>\n\t\t\t\t<div class=\"elementor-element elementor-element-701ca35 elementor-widget elementor-widget-heading\" data-id=\"701ca35\" data-element_type=\"widget\" data-widget_type=\"heading.default\">\n\t\t\t\t<div class=\"elementor-widget-container\">\n\t\t\t\t\t<h2 class=\"elementor-heading-title elementor-size-default\">Repensar la seguretat des de la quotidianitat<\/h2>\t\t\t\t<\/div>\n\t\t\t\t<\/div>\n\t\t\t\t<div class=\"elementor-element elementor-element-8c54537 elementor-widget elementor-widget-text-editor\" data-id=\"8c54537\" data-element_type=\"widget\" data-widget_type=\"text-editor.default\">\n\t\t\t\t<div class=\"elementor-widget-container\">\n\t\t\t\t\t\t\t\t\t<p>El 12 de mar\u00e7 de 2020 l\u2019ICIP va organitzar una tert\u00falia amb <strong>Rosa Emilia Salamanca<\/strong>, de l\u2019organitzaci\u00f3 Ciase a Col\u00f2mbia, i <strong>Nora Miralles<\/strong>, col\u00b7laboradora de l\u2019ICIP i investigadora del Centre Del\u00e0s d\u2019Estudis per la Pau i de l\u2019Observatori dels Drets Humans i Empreses de la Mediterr\u00e0nia. Les ponents van reflexionar sobre quines alternatives hi ha a la visi\u00f3 estatal de la seguretat i quines propostes fa el feminisme per contribuir a una nova forma de fer pol\u00edtica.<\/p>\t\t\t\t\t\t\t\t<\/div>\n\t\t\t\t<\/div>\n\t\t\t\t<div class=\"elementor-element elementor-element-242db2b elementor-widget elementor-widget-image\" data-id=\"242db2b\" data-element_type=\"widget\" data-widget_type=\"image.default\">\n\t\t\t\t<div class=\"elementor-widget-container\">\n\t\t\t\t\t\t\t\t\t\t\t\t\t\t\t<img decoding=\"async\" width=\"640\" height=\"481\" src=\"https:\/\/www.icip.cat\/wp-content\/uploads\/2024\/08\/Imagen-2-1024x769.jpg\" class=\"attachment-large size-large wp-image-48875\" alt=\"\" srcset=\"https:\/\/www.icip.cat\/wp-content\/uploads\/2024\/08\/Imagen-2-1024x769.jpg 1024w, https:\/\/www.icip.cat\/wp-content\/uploads\/2024\/08\/Imagen-2-300x225.jpg 300w, https:\/\/www.icip.cat\/wp-content\/uploads\/2024\/08\/Imagen-2-768x577.jpg 768w, https:\/\/www.icip.cat\/wp-content\/uploads\/2024\/08\/Imagen-2-730x550.jpg 730w, https:\/\/www.icip.cat\/wp-content\/uploads\/2024\/08\/Imagen-2.jpg 1231w\" sizes=\"(max-width: 640px) 100vw, 640px\" \/>\t\t\t\t\t\t\t\t\t\t\t\t\t\t\t<\/div>\n\t\t\t\t<\/div>\n\t\t\t\t\t<\/div>\n\t\t<\/div>\n\t\t\t\t\t<\/div>\n\t\t<\/section>\n\t\t\t\t<\/div>\n\t\t","protected":false},"excerpt":{"rendered":"<p>Activitats de petit format Al llarg de l\u2019any l\u2019ICIP organitza activitats de reflexi\u00f3, presencials i virtuals, com tert\u00falies i sessions d\u2019an\u00e0lisi, destinades principalment a un p\u00fablic especialitzat, les quals permeten aprofundir en les tem\u00e0tiques plantejades. Pau, seguretat i feminismes: reptes actuals En el marc de les jornades anuals del Centre Del\u00e0s d\u2019Estudis per la Pau [&hellip;]<\/p>\n","protected":false},"author":4,"featured_media":0,"parent":48600,"menu_order":0,"comment_status":"closed","ping_status":"closed","template":"","meta":{"_acf_changed":false,"footnotes":""},"class_list":["post-48859","page","type-page","status-publish","hentry"],"acf":[],"yoast_head":"<!-- This site is optimized with the Yoast SEO plugin v25.6 - https:\/\/yoast.com\/wordpress\/plugins\/seo\/ -->\n<title>Activitats de petit format - Seguretat - ICIP<\/title>\n<meta name=\"robots\" content=\"index, follow, max-snippet:-1, max-image-preview:large, max-video-preview:-1\" \/>\n<link rel=\"canonical\" href=\"https:\/\/www.icip.cat\/ca\/alternatives-de-seguretat\/activitats-de-petit-format-seguretat\/\" \/>\n<meta property=\"og:locale\" content=\"ca_ES\" \/>\n<meta property=\"og:type\" content=\"article\" \/>\n<meta property=\"og:title\" content=\"Activitats de petit format - Seguretat - ICIP\" \/>\n<meta property=\"og:description\" content=\"Activitats de petit format Al llarg de l\u2019any l\u2019ICIP organitza activitats de reflexi\u00f3, presencials i virtuals, com tert\u00falies i sessions d\u2019an\u00e0lisi, destinades principalment a un p\u00fablic especialitzat, les quals permeten aprofundir en les tem\u00e0tiques plantejades. Pau, seguretat i feminismes: reptes actuals En el marc de les jornades anuals del Centre Del\u00e0s d\u2019Estudis per la Pau [&hellip;]\" \/>\n<meta property=\"og:url\" content=\"https:\/\/www.icip.cat\/ca\/alternatives-de-seguretat\/activitats-de-petit-format-seguretat\/\" \/>\n<meta property=\"og:site_name\" content=\"ICIP\" \/>\n<meta property=\"article:modified_time\" content=\"2024-08-07T06:32:14+00:00\" \/>\n<meta property=\"og:image\" content=\"https:\/\/www.icip.cat\/wp-content\/uploads\/2024\/08\/IMG_5740-1024x665.jpg\" \/>\n<meta name=\"twitter:card\" content=\"summary_large_image\" \/>\n<meta name=\"twitter:label1\" content=\"Temps estimat de lectura\" \/>\n\t<meta name=\"twitter:data1\" content=\"4 minuts\" \/>\n<script type=\"application\/ld+json\" class=\"yoast-schema-graph\">{\"@context\":\"https:\/\/schema.org\",\"@graph\":[{\"@type\":\"WebPage\",\"@id\":\"https:\/\/www.icip.cat\/ca\/alternatives-de-seguretat\/activitats-de-petit-format-seguretat\/\",\"url\":\"https:\/\/www.icip.cat\/ca\/alternatives-de-seguretat\/activitats-de-petit-format-seguretat\/\",\"name\":\"Activitats de petit format - Seguretat - ICIP\",\"isPartOf\":{\"@id\":\"https:\/\/www.icip.cat\/ca\/#website\"},\"primaryImageOfPage\":{\"@id\":\"https:\/\/www.icip.cat\/ca\/alternatives-de-seguretat\/activitats-de-petit-format-seguretat\/#primaryimage\"},\"image\":{\"@id\":\"https:\/\/www.icip.cat\/ca\/alternatives-de-seguretat\/activitats-de-petit-format-seguretat\/#primaryimage\"},\"thumbnailUrl\":\"https:\/\/www.icip.cat\/wp-content\/uploads\/2024\/08\/IMG_5740-1024x665.jpg\",\"datePublished\":\"2024-08-07T06:21:52+00:00\",\"dateModified\":\"2024-08-07T06:32:14+00:00\",\"breadcrumb\":{\"@id\":\"https:\/\/www.icip.cat\/ca\/alternatives-de-seguretat\/activitats-de-petit-format-seguretat\/#breadcrumb\"},\"inLanguage\":\"ca\",\"potentialAction\":[{\"@type\":\"ReadAction\",\"target\":[\"https:\/\/www.icip.cat\/ca\/alternatives-de-seguretat\/activitats-de-petit-format-seguretat\/\"]}]},{\"@type\":\"ImageObject\",\"inLanguage\":\"ca\",\"@id\":\"https:\/\/www.icip.cat\/ca\/alternatives-de-seguretat\/activitats-de-petit-format-seguretat\/#primaryimage\",\"url\":\"https:\/\/www.icip.cat\/wp-content\/uploads\/2024\/08\/IMG_5740-1024x665.jpg\",\"contentUrl\":\"https:\/\/www.icip.cat\/wp-content\/uploads\/2024\/08\/IMG_5740-1024x665.jpg\"},{\"@type\":\"BreadcrumbList\",\"@id\":\"https:\/\/www.icip.cat\/ca\/alternatives-de-seguretat\/activitats-de-petit-format-seguretat\/#breadcrumb\",\"itemListElement\":[{\"@type\":\"ListItem\",\"position\":1,\"name\":\"Alternatives de seguretat\",\"item\":\"https:\/\/www.icip.cat\/ca\/alternatives-de-seguretat\/\"},{\"@type\":\"ListItem\",\"position\":2,\"name\":\"Activitats de petit format &#8211; Seguretat\"}]},{\"@type\":\"WebSite\",\"@id\":\"https:\/\/www.icip.cat\/ca\/#website\",\"url\":\"https:\/\/www.icip.cat\/ca\/\",\"name\":\"ICIP\",\"description\":\"\",\"publisher\":{\"@id\":\"https:\/\/www.icip.cat\/ca\/#organization\"},\"potentialAction\":[{\"@type\":\"SearchAction\",\"target\":{\"@type\":\"EntryPoint\",\"urlTemplate\":\"https:\/\/www.icip.cat\/ca\/?s={search_term_string}\"},\"query-input\":{\"@type\":\"PropertyValueSpecification\",\"valueRequired\":true,\"valueName\":\"search_term_string\"}}],\"inLanguage\":\"ca\"},{\"@type\":\"Organization\",\"@id\":\"https:\/\/www.icip.cat\/ca\/#organization\",\"name\":\"ICIP\",\"url\":\"https:\/\/www.icip.cat\/ca\/\",\"logo\":{\"@type\":\"ImageObject\",\"inLanguage\":\"ca\",\"@id\":\"https:\/\/www.icip.cat\/ca\/#\/schema\/logo\/image\/\",\"url\":\"https:\/\/www.icip.cat\/wp-content\/uploads\/2021\/02\/logo-2.png\",\"contentUrl\":\"https:\/\/www.icip.cat\/wp-content\/uploads\/2021\/02\/logo-2.png\",\"width\":562,\"height\":391,\"caption\":\"ICIP\"},\"image\":{\"@id\":\"https:\/\/www.icip.cat\/ca\/#\/schema\/logo\/image\/\"}}]}<\/script>\n<!-- \/ Yoast SEO plugin. -->","yoast_head_json":{"title":"Activitats de petit format - Seguretat - ICIP","robots":{"index":"index","follow":"follow","max-snippet":"max-snippet:-1","max-image-preview":"max-image-preview:large","max-video-preview":"max-video-preview:-1"},"canonical":"https:\/\/www.icip.cat\/ca\/alternatives-de-seguretat\/activitats-de-petit-format-seguretat\/","og_locale":"ca_ES","og_type":"article","og_title":"Activitats de petit format - Seguretat - ICIP","og_description":"Activitats de petit format Al llarg de l\u2019any l\u2019ICIP organitza activitats de reflexi\u00f3, presencials i virtuals, com tert\u00falies i sessions d\u2019an\u00e0lisi, destinades principalment a un p\u00fablic especialitzat, les quals permeten aprofundir en les tem\u00e0tiques plantejades. Pau, seguretat i feminismes: reptes actuals En el marc de les jornades anuals del Centre Del\u00e0s d\u2019Estudis per la Pau [&hellip;]","og_url":"https:\/\/www.icip.cat\/ca\/alternatives-de-seguretat\/activitats-de-petit-format-seguretat\/","og_site_name":"ICIP","article_modified_time":"2024-08-07T06:32:14+00:00","og_image":[{"url":"https:\/\/www.icip.cat\/wp-content\/uploads\/2024\/08\/IMG_5740-1024x665.jpg","type":"","width":"","height":""}],"twitter_card":"summary_large_image","twitter_misc":{"Temps estimat de lectura":"4 minuts"},"schema":{"@context":"https:\/\/schema.org","@graph":[{"@type":"WebPage","@id":"https:\/\/www.icip.cat\/ca\/alternatives-de-seguretat\/activitats-de-petit-format-seguretat\/","url":"https:\/\/www.icip.cat\/ca\/alternatives-de-seguretat\/activitats-de-petit-format-seguretat\/","name":"Activitats de petit format - Seguretat - ICIP","isPartOf":{"@id":"https:\/\/www.icip.cat\/ca\/#website"},"primaryImageOfPage":{"@id":"https:\/\/www.icip.cat\/ca\/alternatives-de-seguretat\/activitats-de-petit-format-seguretat\/#primaryimage"},"image":{"@id":"https:\/\/www.icip.cat\/ca\/alternatives-de-seguretat\/activitats-de-petit-format-seguretat\/#primaryimage"},"thumbnailUrl":"https:\/\/www.icip.cat\/wp-content\/uploads\/2024\/08\/IMG_5740-1024x665.jpg","datePublished":"2024-08-07T06:21:52+00:00","dateModified":"2024-08-07T06:32:14+00:00","breadcrumb":{"@id":"https:\/\/www.icip.cat\/ca\/alternatives-de-seguretat\/activitats-de-petit-format-seguretat\/#breadcrumb"},"inLanguage":"ca","potentialAction":[{"@type":"ReadAction","target":["https:\/\/www.icip.cat\/ca\/alternatives-de-seguretat\/activitats-de-petit-format-seguretat\/"]}]},{"@type":"ImageObject","inLanguage":"ca","@id":"https:\/\/www.icip.cat\/ca\/alternatives-de-seguretat\/activitats-de-petit-format-seguretat\/#primaryimage","url":"https:\/\/www.icip.cat\/wp-content\/uploads\/2024\/08\/IMG_5740-1024x665.jpg","contentUrl":"https:\/\/www.icip.cat\/wp-content\/uploads\/2024\/08\/IMG_5740-1024x665.jpg"},{"@type":"BreadcrumbList","@id":"https:\/\/www.icip.cat\/ca\/alternatives-de-seguretat\/activitats-de-petit-format-seguretat\/#breadcrumb","itemListElement":[{"@type":"ListItem","position":1,"name":"Alternatives de seguretat","item":"https:\/\/www.icip.cat\/ca\/alternatives-de-seguretat\/"},{"@type":"ListItem","position":2,"name":"Activitats de petit format &#8211; Seguretat"}]},{"@type":"WebSite","@id":"https:\/\/www.icip.cat\/ca\/#website","url":"https:\/\/www.icip.cat\/ca\/","name":"ICIP","description":"","publisher":{"@id":"https:\/\/www.icip.cat\/ca\/#organization"},"potentialAction":[{"@type":"SearchAction","target":{"@type":"EntryPoint","urlTemplate":"https:\/\/www.icip.cat\/ca\/?s={search_term_string}"},"query-input":{"@type":"PropertyValueSpecification","valueRequired":true,"valueName":"search_term_string"}}],"inLanguage":"ca"},{"@type":"Organization","@id":"https:\/\/www.icip.cat\/ca\/#organization","name":"ICIP","url":"https:\/\/www.icip.cat\/ca\/","logo":{"@type":"ImageObject","inLanguage":"ca","@id":"https:\/\/www.icip.cat\/ca\/#\/schema\/logo\/image\/","url":"https:\/\/www.icip.cat\/wp-content\/uploads\/2021\/02\/logo-2.png","contentUrl":"https:\/\/www.icip.cat\/wp-content\/uploads\/2021\/02\/logo-2.png","width":562,"height":391,"caption":"ICIP"},"image":{"@id":"https:\/\/www.icip.cat\/ca\/#\/schema\/logo\/image\/"}}]}},"_links":{"self":[{"href":"https:\/\/www.icip.cat\/ca\/wp-json\/wp\/v2\/pages\/48859","targetHints":{"allow":["GET"]}}],"collection":[{"href":"https:\/\/www.icip.cat\/ca\/wp-json\/wp\/v2\/pages"}],"about":[{"href":"https:\/\/www.icip.cat\/ca\/wp-json\/wp\/v2\/types\/page"}],"author":[{"embeddable":true,"href":"https:\/\/www.icip.cat\/ca\/wp-json\/wp\/v2\/users\/4"}],"replies":[{"embeddable":true,"href":"https:\/\/www.icip.cat\/ca\/wp-json\/wp\/v2\/comments?post=48859"}],"version-history":[{"count":6,"href":"https:\/\/www.icip.cat\/ca\/wp-json\/wp\/v2\/pages\/48859\/revisions"}],"predecessor-version":[{"id":48880,"href":"https:\/\/www.icip.cat\/ca\/wp-json\/wp\/v2\/pages\/48859\/revisions\/48880"}],"up":[{"embeddable":true,"href":"https:\/\/www.icip.cat\/ca\/wp-json\/wp\/v2\/pages\/48600"}],"wp:attachment":[{"href":"https:\/\/www.icip.cat\/ca\/wp-json\/wp\/v2\/media?parent=48859"}],"curies":[{"name":"wp","href":"https:\/\/api.w.org\/{rel}","templated":true}]}}