{"id":50056,"date":"2024-10-22T14:44:58","date_gmt":"2024-10-22T14:44:58","guid":{"rendered":"https:\/\/www.icip.cat\/?page_id=50056"},"modified":"2024-10-22T14:46:30","modified_gmt":"2024-10-22T14:46:30","slug":"politica-de-privacitat","status":"publish","type":"page","link":"https:\/\/www.icip.cat\/ca\/politica-de-privacitat\/","title":{"rendered":"Pol\u00edtica de privacitat"},"content":{"rendered":"\n<h1 class=\"wp-block-heading\">Pol\u00edtica de privacitat<\/h1>\n\n\n\n<p><strong>Privacitat: pol\u00edtica de protecci\u00f3 de dades de car\u00e0cter personal del web icip.cat<\/strong><\/p>\n\n\n\n<p>L\u2019ICIP garanteix el dret a la protecci\u00f3 de les dades personals que es faciliten a trav\u00e9s d\u2019aquesta aplicaci\u00f3 en el termes establerts per la&nbsp;<strong>Llei org\u00e0nica 3\/2018, de 5 de desembre, de Protecci\u00f3 de Dades Personals i garanties digitals i pel Reglament (UE) 2016\/679, del Parlament Europeu i del Consell relatiu a la protecci\u00f3 de les persones f\u00edsiques pel que fa al tractament de dades personals i a la lliure circulaci\u00f3 d\u2019aquestes dades<\/strong>, implementant les mesures de seguretat necess\u00e0ries i adequades al tipus de dades personals.<\/p>\n\n\n\n<p>Les dades que es requereixin seran les estrictament necess\u00e0ries, adequades i pertinents per a la finalitat per a la qual es recullin i seran sotmeses a un tractament automatitzat.<\/p>\n\n\n\n<p>A cada p\u00e0gina que contingui formularis que recullin dades de car\u00e0cter personal, s\u2019informar\u00e0, de manera expressa, de:<\/p>\n\n\n\n<ul class=\"wp-block-list\"><li>l\u2019exist\u00e8ncia d\u2019un tractament de dades de car\u00e0cter personal<\/li><li>la identitat i les dades de contacte del responsable del tractament<\/li><li>les dades de contacte del delegat de protecci\u00f3 de dades<\/li><li>les finalitats del tractament a qu\u00e8 es destinen les dades personals i la base jur\u00eddica del tractament<\/li><li>les categories de destinataris de les dades personals<\/li><li>el termini durant el qual es conservaran les dades personals<\/li><li>l\u2019exist\u00e8ncia del dret a sol\u00b7licitar al responsable del tractament l\u2019acc\u00e9s a les dades personals relatives a la persona interessada, i la seva rectificaci\u00f3, supressi\u00f3, oposici\u00f3 o la limitaci\u00f3 del seu tractament<\/li><li>el dret a presentar una reclamaci\u00f3 davant l\u2019autoritat de control, si la comunicaci\u00f3 de dades personals \u00e9s un requisit legal o contractual<\/li><li>l\u2019exist\u00e8ncia de decisions automatitzades inclosa l\u2019elaboraci\u00f3 de perfils.<\/li><\/ul>\n\n\n\n<p>En cas que en algun formulari que reculli dades de car\u00e0cter personal no s\u2019explicitin aquests drets o la manera d\u2019exercir-los, podeu comunicar-nos-ho a la nostra adre\u00e7a: carrer Arag\u00f3 244-248, 08007, Barcelona.<\/p>\n","protected":false},"excerpt":{"rendered":"<p>Pol\u00edtica de privacitat Privacitat: pol\u00edtica de protecci\u00f3 de dades de car\u00e0cter personal del web icip.cat L\u2019ICIP garanteix el dret a la protecci\u00f3 de les dades personals que es faciliten a trav\u00e9s d\u2019aquesta aplicaci\u00f3 en el termes establerts per la&nbsp;Llei org\u00e0nica 3\/2018, de 5 de desembre, de Protecci\u00f3 de Dades Personals i garanties digitals i pel [&hellip;]<\/p>\n","protected":false},"author":1,"featured_media":0,"parent":0,"menu_order":0,"comment_status":"closed","ping_status":"closed","template":"","meta":{"_acf_changed":false,"footnotes":""},"class_list":["post-50056","page","type-page","status-publish","hentry"],"acf":[],"yoast_head":"<!-- This site is optimized with the Yoast SEO plugin v25.6 - https:\/\/yoast.com\/wordpress\/plugins\/seo\/ -->\n<title>Pol\u00edtica de privacitat - ICIP<\/title>\n<meta name=\"robots\" content=\"index, follow, max-snippet:-1, max-image-preview:large, max-video-preview:-1\" \/>\n<link rel=\"canonical\" href=\"https:\/\/www.icip.cat\/ca\/politica-de-privacitat\/\" \/>\n<meta property=\"og:locale\" content=\"ca_ES\" \/>\n<meta property=\"og:type\" content=\"article\" \/>\n<meta property=\"og:title\" content=\"Pol\u00edtica de privacitat - ICIP\" \/>\n<meta property=\"og:description\" content=\"Pol\u00edtica de privacitat Privacitat: pol\u00edtica de protecci\u00f3 de dades de car\u00e0cter personal del web icip.cat L\u2019ICIP garanteix el dret a la protecci\u00f3 de les dades personals que es faciliten a trav\u00e9s d\u2019aquesta aplicaci\u00f3 en el termes establerts per la&nbsp;Llei org\u00e0nica 3\/2018, de 5 de desembre, de Protecci\u00f3 de Dades Personals i garanties digitals i pel [&hellip;]\" \/>\n<meta property=\"og:url\" content=\"https:\/\/www.icip.cat\/ca\/politica-de-privacitat\/\" \/>\n<meta property=\"og:site_name\" content=\"ICIP\" \/>\n<meta property=\"article:modified_time\" content=\"2024-10-22T14:46:30+00:00\" \/>\n<meta name=\"twitter:card\" content=\"summary_large_image\" \/>\n<meta name=\"twitter:label1\" content=\"Temps estimat de lectura\" \/>\n\t<meta name=\"twitter:data1\" content=\"2 minuts\" \/>\n<script type=\"application\/ld+json\" class=\"yoast-schema-graph\">{\"@context\":\"https:\/\/schema.org\",\"@graph\":[{\"@type\":\"WebPage\",\"@id\":\"https:\/\/www.icip.cat\/ca\/politica-de-privacitat\/\",\"url\":\"https:\/\/www.icip.cat\/ca\/politica-de-privacitat\/\",\"name\":\"Pol\u00edtica de privacitat - ICIP\",\"isPartOf\":{\"@id\":\"https:\/\/www.icip.cat\/ca\/#website\"},\"datePublished\":\"2024-10-22T14:44:58+00:00\",\"dateModified\":\"2024-10-22T14:46:30+00:00\",\"inLanguage\":\"ca\",\"potentialAction\":[{\"@type\":\"ReadAction\",\"target\":[\"https:\/\/www.icip.cat\/ca\/politica-de-privacitat\/\"]}]},{\"@type\":\"WebSite\",\"@id\":\"https:\/\/www.icip.cat\/ca\/#website\",\"url\":\"https:\/\/www.icip.cat\/ca\/\",\"name\":\"ICIP\",\"description\":\"\",\"publisher\":{\"@id\":\"https:\/\/www.icip.cat\/ca\/#organization\"},\"potentialAction\":[{\"@type\":\"SearchAction\",\"target\":{\"@type\":\"EntryPoint\",\"urlTemplate\":\"https:\/\/www.icip.cat\/ca\/?s={search_term_string}\"},\"query-input\":{\"@type\":\"PropertyValueSpecification\",\"valueRequired\":true,\"valueName\":\"search_term_string\"}}],\"inLanguage\":\"ca\"},{\"@type\":\"Organization\",\"@id\":\"https:\/\/www.icip.cat\/ca\/#organization\",\"name\":\"ICIP\",\"url\":\"https:\/\/www.icip.cat\/ca\/\",\"logo\":{\"@type\":\"ImageObject\",\"inLanguage\":\"ca\",\"@id\":\"https:\/\/www.icip.cat\/ca\/#\/schema\/logo\/image\/\",\"url\":\"https:\/\/www.icip.cat\/wp-content\/uploads\/2021\/02\/logo-2.png\",\"contentUrl\":\"https:\/\/www.icip.cat\/wp-content\/uploads\/2021\/02\/logo-2.png\",\"width\":562,\"height\":391,\"caption\":\"ICIP\"},\"image\":{\"@id\":\"https:\/\/www.icip.cat\/ca\/#\/schema\/logo\/image\/\"}}]}<\/script>\n<!-- \/ Yoast SEO plugin. -->","yoast_head_json":{"title":"Pol\u00edtica de privacitat - ICIP","robots":{"index":"index","follow":"follow","max-snippet":"max-snippet:-1","max-image-preview":"max-image-preview:large","max-video-preview":"max-video-preview:-1"},"canonical":"https:\/\/www.icip.cat\/ca\/politica-de-privacitat\/","og_locale":"ca_ES","og_type":"article","og_title":"Pol\u00edtica de privacitat - ICIP","og_description":"Pol\u00edtica de privacitat Privacitat: pol\u00edtica de protecci\u00f3 de dades de car\u00e0cter personal del web icip.cat L\u2019ICIP garanteix el dret a la protecci\u00f3 de les dades personals que es faciliten a trav\u00e9s d\u2019aquesta aplicaci\u00f3 en el termes establerts per la&nbsp;Llei org\u00e0nica 3\/2018, de 5 de desembre, de Protecci\u00f3 de Dades Personals i garanties digitals i pel [&hellip;]","og_url":"https:\/\/www.icip.cat\/ca\/politica-de-privacitat\/","og_site_name":"ICIP","article_modified_time":"2024-10-22T14:46:30+00:00","twitter_card":"summary_large_image","twitter_misc":{"Temps estimat de lectura":"2 minuts"},"schema":{"@context":"https:\/\/schema.org","@graph":[{"@type":"WebPage","@id":"https:\/\/www.icip.cat\/ca\/politica-de-privacitat\/","url":"https:\/\/www.icip.cat\/ca\/politica-de-privacitat\/","name":"Pol\u00edtica de privacitat - ICIP","isPartOf":{"@id":"https:\/\/www.icip.cat\/ca\/#website"},"datePublished":"2024-10-22T14:44:58+00:00","dateModified":"2024-10-22T14:46:30+00:00","inLanguage":"ca","potentialAction":[{"@type":"ReadAction","target":["https:\/\/www.icip.cat\/ca\/politica-de-privacitat\/"]}]},{"@type":"WebSite","@id":"https:\/\/www.icip.cat\/ca\/#website","url":"https:\/\/www.icip.cat\/ca\/","name":"ICIP","description":"","publisher":{"@id":"https:\/\/www.icip.cat\/ca\/#organization"},"potentialAction":[{"@type":"SearchAction","target":{"@type":"EntryPoint","urlTemplate":"https:\/\/www.icip.cat\/ca\/?s={search_term_string}"},"query-input":{"@type":"PropertyValueSpecification","valueRequired":true,"valueName":"search_term_string"}}],"inLanguage":"ca"},{"@type":"Organization","@id":"https:\/\/www.icip.cat\/ca\/#organization","name":"ICIP","url":"https:\/\/www.icip.cat\/ca\/","logo":{"@type":"ImageObject","inLanguage":"ca","@id":"https:\/\/www.icip.cat\/ca\/#\/schema\/logo\/image\/","url":"https:\/\/www.icip.cat\/wp-content\/uploads\/2021\/02\/logo-2.png","contentUrl":"https:\/\/www.icip.cat\/wp-content\/uploads\/2021\/02\/logo-2.png","width":562,"height":391,"caption":"ICIP"},"image":{"@id":"https:\/\/www.icip.cat\/ca\/#\/schema\/logo\/image\/"}}]}},"_links":{"self":[{"href":"https:\/\/www.icip.cat\/ca\/wp-json\/wp\/v2\/pages\/50056","targetHints":{"allow":["GET"]}}],"collection":[{"href":"https:\/\/www.icip.cat\/ca\/wp-json\/wp\/v2\/pages"}],"about":[{"href":"https:\/\/www.icip.cat\/ca\/wp-json\/wp\/v2\/types\/page"}],"author":[{"embeddable":true,"href":"https:\/\/www.icip.cat\/ca\/wp-json\/wp\/v2\/users\/1"}],"replies":[{"embeddable":true,"href":"https:\/\/www.icip.cat\/ca\/wp-json\/wp\/v2\/comments?post=50056"}],"version-history":[{"count":2,"href":"https:\/\/www.icip.cat\/ca\/wp-json\/wp\/v2\/pages\/50056\/revisions"}],"predecessor-version":[{"id":50058,"href":"https:\/\/www.icip.cat\/ca\/wp-json\/wp\/v2\/pages\/50056\/revisions\/50058"}],"wp:attachment":[{"href":"https:\/\/www.icip.cat\/ca\/wp-json\/wp\/v2\/media?parent=50056"}],"curies":[{"name":"wp","href":"https:\/\/api.w.org\/{rel}","templated":true}]}}