{"id":55734,"date":"2025-08-04T11:14:07","date_gmt":"2025-08-04T11:14:07","guid":{"rendered":"https:\/\/www.icip.cat\/?page_id=55734"},"modified":"2025-12-05T11:43:12","modified_gmt":"2025-12-05T11:43:12","slug":"aliances-estrategiques","status":"publish","type":"page","link":"https:\/\/www.icip.cat\/ca\/aliances-estrategiques\/","title":{"rendered":"Aliances estrat\u00e8giques"},"content":{"rendered":"\t\t<div data-elementor-type=\"wp-page\" data-elementor-id=\"55734\" class=\"elementor elementor-55734\" data-elementor-post-type=\"page\">\n\t\t\t\t\t\t<section class=\"elementor-section elementor-top-section elementor-element elementor-element-86ec597 elementor-section-boxed elementor-section-height-default elementor-section-height-default\" data-id=\"86ec597\" data-element_type=\"section\" data-settings=\"{&quot;background_background&quot;:&quot;classic&quot;}\">\n\t\t\t\t\t\t\t<div class=\"elementor-background-overlay\"><\/div>\n\t\t\t\t\t\t\t<div class=\"elementor-container elementor-column-gap-default\">\n\t\t\t\t\t<div class=\"elementor-column elementor-col-100 elementor-top-column elementor-element elementor-element-d60d7ad\" data-id=\"d60d7ad\" data-element_type=\"column\">\n\t\t\t<div class=\"elementor-widget-wrap elementor-element-populated\">\n\t\t\t\t\t\t<div class=\"elementor-element elementor-element-30452ac elementor-widget elementor-widget-heading\" data-id=\"30452ac\" data-element_type=\"widget\" data-widget_type=\"heading.default\">\n\t\t\t\t<div class=\"elementor-widget-container\">\n\t\t\t\t\t<h1 class=\"elementor-heading-title elementor-size-default\">Aliances estrat\u00e8giques<\/h1>\t\t\t\t<\/div>\n\t\t\t\t<\/div>\n\t\t\t\t\t<\/div>\n\t\t<\/div>\n\t\t\t\t\t<\/div>\n\t\t<\/section>\n\t\t\t\t<section class=\"elementor-section elementor-top-section elementor-element elementor-element-c1a5f1c elementor-section-boxed elementor-section-height-default elementor-section-height-default\" data-id=\"c1a5f1c\" data-element_type=\"section\">\n\t\t\t\t\t\t<div class=\"elementor-container elementor-column-gap-default\">\n\t\t\t\t\t<div class=\"elementor-column elementor-col-100 elementor-top-column elementor-element elementor-element-4468c02\" data-id=\"4468c02\" data-element_type=\"column\">\n\t\t\t<div class=\"elementor-widget-wrap elementor-element-populated\">\n\t\t\t\t\t\t<div class=\"elementor-element elementor-element-3b0a67f elementor-widget elementor-widget-text-editor\" data-id=\"3b0a67f\" data-element_type=\"widget\" data-widget_type=\"text-editor.default\">\n\t\t\t\t<div class=\"elementor-widget-container\">\n\t\t\t\t\t\t\t\t\t<p>La <strong>construcci\u00f3 de pau \u00e9s un esfor\u00e7 col\u00b7lectiu<\/strong> que engloba actors socials, culturals, acad\u00e8mics i institucionals. Des de l\u2019ICIP treballem en alian\u00e7a amb una diversitat d\u2019entitats i institucions, tant de Catalunya com a nivell internacional, del propi moviment per la pau per\u00f2 tamb\u00e9 externes a l\u2019espai tradicional del pacifisme. Aliar-nos amb actors plurals, i <strong>fomentar sinergies i participaci\u00f3<\/strong> entre ells, ens permet incidir en una major transformaci\u00f3 social, inclusiva i radical.<\/p><p>Amb aquesta voluntat, tenim pres\u00e8ncia en una gran varietat de plataformes i xarxes d\u2019acci\u00f3, i impulsem projectes locals i internacionals que contribueixen a fer de Catalunya un hub mundial de foment de la pau.<\/p><p>L\u2019impuls del <a href=\"https:\/\/forumcatalapau.cat\/\">F\u00f2rum Catal\u00e0 per la Pau<\/a>, la confer\u00e8ncia internacional <a href=\"https:\/\/howtobuildpeace.org\/\">Build Peace 2025<\/a> i les jornades anuals que celebrem al Parlament de Catalunya s\u00f3n exemples del comprom\u00eds que la pau es construeix dia a dia des de traject\u00f2ries i horitzons diversos.<\/p><p>Al llarg de l\u2019any, l\u2019ICIP tamb\u00e9 organitza <a href=\"https:\/\/www.icip.cat\/ca\/aliances-estrategiques\/activitats-de-petit-format\/\">activitats de reflexi\u00f3 de petit format<\/a>, com tert\u00falies i sessions d\u2019an\u00e0lisi adre\u00e7ades a p\u00fablics especialitzats, que permeten aprofundir en les tem\u00e0tiques plantejades i generar coneixement compartit.<\/p>\t\t\t\t\t\t\t\t<\/div>\n\t\t\t\t<\/div>\n\t\t\t\t\t<\/div>\n\t\t<\/div>\n\t\t\t\t\t<\/div>\n\t\t<\/section>\n\t\t\t\t<section class=\"elementor-section elementor-top-section elementor-element elementor-element-190ea43 elementor-section-boxed elementor-section-height-default elementor-section-height-default\" data-id=\"190ea43\" data-element_type=\"section\">\n\t\t\t\t\t\t<div class=\"elementor-container elementor-column-gap-custom\">\n\t\t\t\t\t<div class=\"elementor-column elementor-col-50 elementor-top-column elementor-element elementor-element-277bb28\" data-id=\"277bb28\" data-element_type=\"column\">\n\t\t\t<div class=\"elementor-widget-wrap elementor-element-populated\">\n\t\t\t\t\t\t<section class=\"elementor-section elementor-inner-section elementor-element elementor-element-5d0343f elementor-section-height-min-height elementor-section-boxed elementor-section-height-default\" data-id=\"5d0343f\" data-element_type=\"section\">\n\t\t\t\t\t\t<div class=\"elementor-container elementor-column-gap-narrow\">\n\t\t\t\t\t<div class=\"elementor-column elementor-col-50 elementor-inner-column elementor-element elementor-element-ea2cc06\" data-id=\"ea2cc06\" data-element_type=\"column\" data-settings=\"{&quot;background_background&quot;:&quot;slideshow&quot;,&quot;background_slideshow_gallery&quot;:[],&quot;background_slideshow_loop&quot;:&quot;yes&quot;,&quot;background_slideshow_slide_duration&quot;:5000,&quot;background_slideshow_slide_transition&quot;:&quot;fade&quot;,&quot;background_slideshow_transition_duration&quot;:500}\">\n\t\t\t<div class=\"elementor-widget-wrap elementor-element-populated\">\n\t\t\t\t\t\t<div class=\"elementor-element elementor-element-a57f822 elementor-widget elementor-widget-image\" data-id=\"a57f822\" data-element_type=\"widget\" data-widget_type=\"image.default\">\n\t\t\t\t<div class=\"elementor-widget-container\">\n\t\t\t\t\t\t\t\t\t\t\t\t\t\t\t\t<a href=\"https:\/\/www.icip.cat\/ca\/forum-catala-per-la-pau\/\">\n\t\t\t\t\t\t\t<img fetchpriority=\"high\" decoding=\"async\" width=\"640\" height=\"480\" src=\"https:\/\/www.icip.cat\/wp-content\/uploads\/2025\/08\/5949512548552395981-1024x768.jpg\" class=\"attachment-large size-large wp-image-55736\" alt=\"\" srcset=\"https:\/\/www.icip.cat\/wp-content\/uploads\/2025\/08\/5949512548552395981-1024x768.jpg 1024w, https:\/\/www.icip.cat\/wp-content\/uploads\/2025\/08\/5949512548552395981-300x225.jpg 300w, https:\/\/www.icip.cat\/wp-content\/uploads\/2025\/08\/5949512548552395981-768x576.jpg 768w, https:\/\/www.icip.cat\/wp-content\/uploads\/2025\/08\/5949512548552395981.jpg 1280w\" sizes=\"(max-width: 640px) 100vw, 640px\" \/>\t\t\t\t\t\t\t\t<\/a>\n\t\t\t\t\t\t\t\t\t\t\t\t\t\t\t<\/div>\n\t\t\t\t<\/div>\n\t\t\t\t<div class=\"elementor-element elementor-element-fba0d76 elementor-absolute elementor-widget elementor-widget-heading\" data-id=\"fba0d76\" data-element_type=\"widget\" data-settings=\"{&quot;_position&quot;:&quot;absolute&quot;}\" data-widget_type=\"heading.default\">\n\t\t\t\t<div class=\"elementor-widget-container\">\n\t\t\t\t\t<h2 class=\"elementor-heading-title elementor-size-default\"><a href=\"https:\/\/www.icip.cat\/ca\/forum-catala-per-la-pau\/\">F\u00f2rum Catal\u00e0 per la Pau<\/a><\/h2>\t\t\t\t<\/div>\n\t\t\t\t<\/div>\n\t\t\t\t\t<\/div>\n\t\t<\/div>\n\t\t\t\t<div class=\"elementor-column elementor-col-50 elementor-inner-column elementor-element elementor-element-fd2dcf4\" data-id=\"fd2dcf4\" data-element_type=\"column\" data-settings=\"{&quot;background_background&quot;:&quot;slideshow&quot;,&quot;background_slideshow_gallery&quot;:[],&quot;background_slideshow_loop&quot;:&quot;yes&quot;,&quot;background_slideshow_slide_duration&quot;:5000,&quot;background_slideshow_slide_transition&quot;:&quot;fade&quot;,&quot;background_slideshow_transition_duration&quot;:500}\">\n\t\t\t<div class=\"elementor-widget-wrap elementor-element-populated\">\n\t\t\t\t\t\t<div class=\"elementor-element elementor-element-9588761 elementor-widget elementor-widget-image\" data-id=\"9588761\" data-element_type=\"widget\" data-widget_type=\"image.default\">\n\t\t\t\t<div class=\"elementor-widget-container\">\n\t\t\t\t\t\t\t\t\t\t\t\t\t\t\t\t<a href=\"https:\/\/www.icip.cat\/ca\/build-peace-2025\/\">\n\t\t\t\t\t\t\t<img decoding=\"async\" width=\"640\" height=\"427\" src=\"https:\/\/www.icip.cat\/wp-content\/uploads\/2025\/12\/BuildPeace2025_22-1024x683.jpg\" class=\"attachment-large size-large wp-image-59801\" alt=\"\" srcset=\"https:\/\/www.icip.cat\/wp-content\/uploads\/2025\/12\/BuildPeace2025_22-1024x683.jpg 1024w, https:\/\/www.icip.cat\/wp-content\/uploads\/2025\/12\/BuildPeace2025_22-300x200.jpg 300w, https:\/\/www.icip.cat\/wp-content\/uploads\/2025\/12\/BuildPeace2025_22-768x512.jpg 768w, https:\/\/www.icip.cat\/wp-content\/uploads\/2025\/12\/BuildPeace2025_22-1536x1024.jpg 1536w, https:\/\/www.icip.cat\/wp-content\/uploads\/2025\/12\/BuildPeace2025_22-2048x1365.jpg 2048w\" sizes=\"(max-width: 640px) 100vw, 640px\" \/>\t\t\t\t\t\t\t\t<\/a>\n\t\t\t\t\t\t\t\t\t\t\t\t\t\t\t<\/div>\n\t\t\t\t<\/div>\n\t\t\t\t<div class=\"elementor-element elementor-element-e9747c9 elementor-absolute elementor-widget elementor-widget-heading\" data-id=\"e9747c9\" data-element_type=\"widget\" data-settings=\"{&quot;_position&quot;:&quot;absolute&quot;}\" data-widget_type=\"heading.default\">\n\t\t\t\t<div class=\"elementor-widget-container\">\n\t\t\t\t\t<h2 class=\"elementor-heading-title elementor-size-default\"><a href=\"https:\/\/www.icip.cat\/ca\/build-peace-2025\/\">Build Peace 2025<\/a><\/h2>\t\t\t\t<\/div>\n\t\t\t\t<\/div>\n\t\t\t\t\t<\/div>\n\t\t<\/div>\n\t\t\t\t\t<\/div>\n\t\t<\/section>\n\t\t\t\t\t<\/div>\n\t\t<\/div>\n\t\t\t\t<div class=\"elementor-column elementor-col-50 elementor-top-column elementor-element elementor-element-cfe03bc\" data-id=\"cfe03bc\" data-element_type=\"column\">\n\t\t\t<div class=\"elementor-widget-wrap elementor-element-populated\">\n\t\t\t\t\t\t<section class=\"elementor-section elementor-inner-section elementor-element elementor-element-c61cef3 elementor-section-height-min-height elementor-section-boxed elementor-section-height-default\" data-id=\"c61cef3\" data-element_type=\"section\">\n\t\t\t\t\t\t<div class=\"elementor-container elementor-column-gap-narrow\">\n\t\t\t\t\t<div class=\"elementor-column elementor-col-50 elementor-inner-column elementor-element elementor-element-16ab2f7\" data-id=\"16ab2f7\" data-element_type=\"column\" data-settings=\"{&quot;background_background&quot;:&quot;slideshow&quot;,&quot;background_slideshow_gallery&quot;:[],&quot;background_slideshow_loop&quot;:&quot;yes&quot;,&quot;background_slideshow_slide_duration&quot;:5000,&quot;background_slideshow_slide_transition&quot;:&quot;fade&quot;,&quot;background_slideshow_transition_duration&quot;:500}\">\n\t\t\t<div class=\"elementor-widget-wrap elementor-element-populated\">\n\t\t\t\t\t\t<div class=\"elementor-element elementor-element-e76c346 elementor-widget elementor-widget-image\" data-id=\"e76c346\" data-element_type=\"widget\" data-widget_type=\"image.default\">\n\t\t\t\t<div class=\"elementor-widget-container\">\n\t\t\t\t\t\t\t\t\t\t\t\t\t\t\t\t<a href=\"https:\/\/www.icip.cat\/ca\/aliances-estrategiques\/jornades-de-la-pau-del-parlament-de-catalunya\/\">\n\t\t\t\t\t\t\t<img decoding=\"async\" width=\"640\" height=\"426\" src=\"https:\/\/www.icip.cat\/wp-content\/uploads\/2023\/01\/Parlament-23-1024x682.jpg\" class=\"attachment-large size-large wp-image-34925\" alt=\"\" srcset=\"https:\/\/www.icip.cat\/wp-content\/uploads\/2023\/01\/Parlament-23-1024x682.jpg 1024w, https:\/\/www.icip.cat\/wp-content\/uploads\/2023\/01\/Parlament-23-300x200.jpg 300w, https:\/\/www.icip.cat\/wp-content\/uploads\/2023\/01\/Parlament-23-768x512.jpg 768w, https:\/\/www.icip.cat\/wp-content\/uploads\/2023\/01\/Parlament-23-1536x1024.jpg 1536w, https:\/\/www.icip.cat\/wp-content\/uploads\/2023\/01\/Parlament-23.jpg 2000w\" sizes=\"(max-width: 640px) 100vw, 640px\" \/>\t\t\t\t\t\t\t\t<\/a>\n\t\t\t\t\t\t\t\t\t\t\t\t\t\t\t<\/div>\n\t\t\t\t<\/div>\n\t\t\t\t<div class=\"elementor-element elementor-element-41d78d6 elementor-absolute elementor-widget elementor-widget-heading\" data-id=\"41d78d6\" data-element_type=\"widget\" data-settings=\"{&quot;_position&quot;:&quot;absolute&quot;}\" data-widget_type=\"heading.default\">\n\t\t\t\t<div class=\"elementor-widget-container\">\n\t\t\t\t\t<h2 class=\"elementor-heading-title elementor-size-default\"><a href=\"https:\/\/www.icip.cat\/ca\/aliances-estrategiques\/jornades-de-la-pau-del-parlament-de-catalunya\/\">Jornades de la Pau<\/a><\/h2>\t\t\t\t<\/div>\n\t\t\t\t<\/div>\n\t\t\t\t\t<\/div>\n\t\t<\/div>\n\t\t\t\t<div class=\"elementor-column elementor-col-50 elementor-inner-column elementor-element elementor-element-796179b\" data-id=\"796179b\" data-element_type=\"column\" data-settings=\"{&quot;background_background&quot;:&quot;slideshow&quot;,&quot;background_slideshow_gallery&quot;:[],&quot;background_slideshow_loop&quot;:&quot;yes&quot;,&quot;background_slideshow_slide_duration&quot;:5000,&quot;background_slideshow_slide_transition&quot;:&quot;fade&quot;,&quot;background_slideshow_transition_duration&quot;:500}\">\n\t\t\t<div class=\"elementor-widget-wrap elementor-element-populated\">\n\t\t\t\t\t\t<div class=\"elementor-element elementor-element-168f5c5 elementor-widget elementor-widget-image\" data-id=\"168f5c5\" data-element_type=\"widget\" data-widget_type=\"image.default\">\n\t\t\t\t<div class=\"elementor-widget-container\">\n\t\t\t\t\t\t\t\t\t\t\t\t\t\t\t\t<a href=\"https:\/\/www.icip.cat\/ca\/xarxes\/\">\n\t\t\t\t\t\t\t<img loading=\"lazy\" decoding=\"async\" width=\"640\" height=\"480\" src=\"https:\/\/www.icip.cat\/wp-content\/uploads\/2025\/08\/IMG_2258-1024x768.jpeg\" class=\"attachment-large size-large wp-image-55763\" alt=\"\" srcset=\"https:\/\/www.icip.cat\/wp-content\/uploads\/2025\/08\/IMG_2258-1024x768.jpeg 1024w, https:\/\/www.icip.cat\/wp-content\/uploads\/2025\/08\/IMG_2258-300x225.jpeg 300w, https:\/\/www.icip.cat\/wp-content\/uploads\/2025\/08\/IMG_2258-768x576.jpeg 768w, https:\/\/www.icip.cat\/wp-content\/uploads\/2025\/08\/IMG_2258-1536x1152.jpeg 1536w, https:\/\/www.icip.cat\/wp-content\/uploads\/2025\/08\/IMG_2258-2048x1536.jpeg 2048w\" sizes=\"(max-width: 640px) 100vw, 640px\" \/>\t\t\t\t\t\t\t\t<\/a>\n\t\t\t\t\t\t\t\t\t\t\t\t\t\t\t<\/div>\n\t\t\t\t<\/div>\n\t\t\t\t<div class=\"elementor-element elementor-element-12b91af elementor-absolute elementor-widget elementor-widget-heading\" data-id=\"12b91af\" data-element_type=\"widget\" data-settings=\"{&quot;_position&quot;:&quot;absolute&quot;}\" data-widget_type=\"heading.default\">\n\t\t\t\t<div class=\"elementor-widget-container\">\n\t\t\t\t\t<h2 class=\"elementor-heading-title elementor-size-default\"><a href=\"https:\/\/www.icip.cat\/ca\/xarxes\/\">Xarxes d'acci\u00f3 <\/a><\/h2>\t\t\t\t<\/div>\n\t\t\t\t<\/div>\n\t\t\t\t\t<\/div>\n\t\t<\/div>\n\t\t\t\t\t<\/div>\n\t\t<\/section>\n\t\t\t\t\t<\/div>\n\t\t<\/div>\n\t\t\t\t\t<\/div>\n\t\t<\/section>\n\t\t\t\t<\/div>\n\t\t","protected":false},"excerpt":{"rendered":"<p>Aliances estrat\u00e8giques La construcci\u00f3 de pau \u00e9s un esfor\u00e7 col\u00b7lectiu que engloba actors socials, culturals, acad\u00e8mics i institucionals. Des de l\u2019ICIP treballem en alian\u00e7a amb una diversitat d\u2019entitats i institucions, tant de Catalunya com a nivell internacional, del propi moviment per la pau per\u00f2 tamb\u00e9 externes a l\u2019espai tradicional del pacifisme. Aliar-nos amb actors plurals, [&hellip;]<\/p>\n","protected":false},"author":4,"featured_media":0,"parent":0,"menu_order":0,"comment_status":"closed","ping_status":"closed","template":"","meta":{"_acf_changed":false,"footnotes":""},"class_list":["post-55734","page","type-page","status-publish","hentry"],"acf":[],"yoast_head":"<!-- This site is optimized with the Yoast SEO plugin v25.6 - https:\/\/yoast.com\/wordpress\/plugins\/seo\/ -->\n<title>Aliances estrat\u00e8giques - ICIP<\/title>\n<meta name=\"robots\" content=\"index, follow, max-snippet:-1, max-image-preview:large, max-video-preview:-1\" \/>\n<link rel=\"canonical\" href=\"https:\/\/www.icip.cat\/es\/alianzas-estrategicas\/\" \/>\n<meta property=\"og:locale\" content=\"ca_ES\" \/>\n<meta property=\"og:type\" content=\"article\" \/>\n<meta property=\"og:title\" content=\"Aliances estrat\u00e8giques - ICIP\" \/>\n<meta property=\"og:description\" content=\"Aliances estrat\u00e8giques La construcci\u00f3 de pau \u00e9s un esfor\u00e7 col\u00b7lectiu que engloba actors socials, culturals, acad\u00e8mics i institucionals. Des de l\u2019ICIP treballem en alian\u00e7a amb una diversitat d\u2019entitats i institucions, tant de Catalunya com a nivell internacional, del propi moviment per la pau per\u00f2 tamb\u00e9 externes a l\u2019espai tradicional del pacifisme. Aliar-nos amb actors plurals, [&hellip;]\" \/>\n<meta property=\"og:url\" content=\"https:\/\/www.icip.cat\/es\/alianzas-estrategicas\/\" \/>\n<meta property=\"og:site_name\" content=\"ICIP\" \/>\n<meta property=\"article:modified_time\" content=\"2025-12-05T11:43:12+00:00\" \/>\n<meta property=\"og:image\" content=\"https:\/\/www.icip.cat\/wp-content\/uploads\/2025\/08\/5949512548552395981.jpg\" \/>\n\t<meta property=\"og:image:width\" content=\"1280\" \/>\n\t<meta property=\"og:image:height\" content=\"960\" \/>\n\t<meta property=\"og:image:type\" content=\"image\/jpeg\" \/>\n<meta name=\"twitter:card\" content=\"summary_large_image\" \/>\n<meta name=\"twitter:label1\" content=\"Temps estimat de lectura\" \/>\n\t<meta name=\"twitter:data1\" content=\"2 minuts\" \/>\n<script type=\"application\/ld+json\" class=\"yoast-schema-graph\">{\"@context\":\"https:\/\/schema.org\",\"@graph\":[{\"@type\":\"WebPage\",\"@id\":\"https:\/\/www.icip.cat\/es\/alianzas-estrategicas\/\",\"url\":\"https:\/\/www.icip.cat\/es\/alianzas-estrategicas\/\",\"name\":\"Aliances estrat\u00e8giques - ICIP\",\"isPartOf\":{\"@id\":\"https:\/\/www.icip.cat\/ca\/#website\"},\"primaryImageOfPage\":{\"@id\":\"https:\/\/www.icip.cat\/es\/alianzas-estrategicas\/#primaryimage\"},\"image\":{\"@id\":\"https:\/\/www.icip.cat\/es\/alianzas-estrategicas\/#primaryimage\"},\"thumbnailUrl\":\"https:\/\/www.icip.cat\/wp-content\/uploads\/2025\/08\/5949512548552395981-1024x768.jpg\",\"datePublished\":\"2025-08-04T11:14:07+00:00\",\"dateModified\":\"2025-12-05T11:43:12+00:00\",\"inLanguage\":\"ca\",\"potentialAction\":[{\"@type\":\"ReadAction\",\"target\":[\"https:\/\/www.icip.cat\/es\/alianzas-estrategicas\/\"]}]},{\"@type\":\"ImageObject\",\"inLanguage\":\"ca\",\"@id\":\"https:\/\/www.icip.cat\/es\/alianzas-estrategicas\/#primaryimage\",\"url\":\"https:\/\/www.icip.cat\/wp-content\/uploads\/2025\/08\/5949512548552395981-1024x768.jpg\",\"contentUrl\":\"https:\/\/www.icip.cat\/wp-content\/uploads\/2025\/08\/5949512548552395981-1024x768.jpg\"},{\"@type\":\"WebSite\",\"@id\":\"https:\/\/www.icip.cat\/ca\/#website\",\"url\":\"https:\/\/www.icip.cat\/ca\/\",\"name\":\"ICIP\",\"description\":\"\",\"publisher\":{\"@id\":\"https:\/\/www.icip.cat\/ca\/#organization\"},\"potentialAction\":[{\"@type\":\"SearchAction\",\"target\":{\"@type\":\"EntryPoint\",\"urlTemplate\":\"https:\/\/www.icip.cat\/ca\/?s={search_term_string}\"},\"query-input\":{\"@type\":\"PropertyValueSpecification\",\"valueRequired\":true,\"valueName\":\"search_term_string\"}}],\"inLanguage\":\"ca\"},{\"@type\":\"Organization\",\"@id\":\"https:\/\/www.icip.cat\/ca\/#organization\",\"name\":\"ICIP\",\"url\":\"https:\/\/www.icip.cat\/ca\/\",\"logo\":{\"@type\":\"ImageObject\",\"inLanguage\":\"ca\",\"@id\":\"https:\/\/www.icip.cat\/ca\/#\/schema\/logo\/image\/\",\"url\":\"https:\/\/www.icip.cat\/wp-content\/uploads\/2021\/02\/logo-2.png\",\"contentUrl\":\"https:\/\/www.icip.cat\/wp-content\/uploads\/2021\/02\/logo-2.png\",\"width\":562,\"height\":391,\"caption\":\"ICIP\"},\"image\":{\"@id\":\"https:\/\/www.icip.cat\/ca\/#\/schema\/logo\/image\/\"}}]}<\/script>\n<!-- \/ Yoast SEO plugin. -->","yoast_head_json":{"title":"Aliances estrat\u00e8giques - ICIP","robots":{"index":"index","follow":"follow","max-snippet":"max-snippet:-1","max-image-preview":"max-image-preview:large","max-video-preview":"max-video-preview:-1"},"canonical":"https:\/\/www.icip.cat\/es\/alianzas-estrategicas\/","og_locale":"ca_ES","og_type":"article","og_title":"Aliances estrat\u00e8giques - ICIP","og_description":"Aliances estrat\u00e8giques La construcci\u00f3 de pau \u00e9s un esfor\u00e7 col\u00b7lectiu que engloba actors socials, culturals, acad\u00e8mics i institucionals. Des de l\u2019ICIP treballem en alian\u00e7a amb una diversitat d\u2019entitats i institucions, tant de Catalunya com a nivell internacional, del propi moviment per la pau per\u00f2 tamb\u00e9 externes a l\u2019espai tradicional del pacifisme. Aliar-nos amb actors plurals, [&hellip;]","og_url":"https:\/\/www.icip.cat\/es\/alianzas-estrategicas\/","og_site_name":"ICIP","article_modified_time":"2025-12-05T11:43:12+00:00","og_image":[{"width":1280,"height":960,"url":"https:\/\/www.icip.cat\/wp-content\/uploads\/2025\/08\/5949512548552395981.jpg","type":"image\/jpeg"}],"twitter_card":"summary_large_image","twitter_misc":{"Temps estimat de lectura":"2 minuts"},"schema":{"@context":"https:\/\/schema.org","@graph":[{"@type":"WebPage","@id":"https:\/\/www.icip.cat\/es\/alianzas-estrategicas\/","url":"https:\/\/www.icip.cat\/es\/alianzas-estrategicas\/","name":"Aliances estrat\u00e8giques - ICIP","isPartOf":{"@id":"https:\/\/www.icip.cat\/ca\/#website"},"primaryImageOfPage":{"@id":"https:\/\/www.icip.cat\/es\/alianzas-estrategicas\/#primaryimage"},"image":{"@id":"https:\/\/www.icip.cat\/es\/alianzas-estrategicas\/#primaryimage"},"thumbnailUrl":"https:\/\/www.icip.cat\/wp-content\/uploads\/2025\/08\/5949512548552395981-1024x768.jpg","datePublished":"2025-08-04T11:14:07+00:00","dateModified":"2025-12-05T11:43:12+00:00","inLanguage":"ca","potentialAction":[{"@type":"ReadAction","target":["https:\/\/www.icip.cat\/es\/alianzas-estrategicas\/"]}]},{"@type":"ImageObject","inLanguage":"ca","@id":"https:\/\/www.icip.cat\/es\/alianzas-estrategicas\/#primaryimage","url":"https:\/\/www.icip.cat\/wp-content\/uploads\/2025\/08\/5949512548552395981-1024x768.jpg","contentUrl":"https:\/\/www.icip.cat\/wp-content\/uploads\/2025\/08\/5949512548552395981-1024x768.jpg"},{"@type":"WebSite","@id":"https:\/\/www.icip.cat\/ca\/#website","url":"https:\/\/www.icip.cat\/ca\/","name":"ICIP","description":"","publisher":{"@id":"https:\/\/www.icip.cat\/ca\/#organization"},"potentialAction":[{"@type":"SearchAction","target":{"@type":"EntryPoint","urlTemplate":"https:\/\/www.icip.cat\/ca\/?s={search_term_string}"},"query-input":{"@type":"PropertyValueSpecification","valueRequired":true,"valueName":"search_term_string"}}],"inLanguage":"ca"},{"@type":"Organization","@id":"https:\/\/www.icip.cat\/ca\/#organization","name":"ICIP","url":"https:\/\/www.icip.cat\/ca\/","logo":{"@type":"ImageObject","inLanguage":"ca","@id":"https:\/\/www.icip.cat\/ca\/#\/schema\/logo\/image\/","url":"https:\/\/www.icip.cat\/wp-content\/uploads\/2021\/02\/logo-2.png","contentUrl":"https:\/\/www.icip.cat\/wp-content\/uploads\/2021\/02\/logo-2.png","width":562,"height":391,"caption":"ICIP"},"image":{"@id":"https:\/\/www.icip.cat\/ca\/#\/schema\/logo\/image\/"}}]}},"_links":{"self":[{"href":"https:\/\/www.icip.cat\/ca\/wp-json\/wp\/v2\/pages\/55734","targetHints":{"allow":["GET"]}}],"collection":[{"href":"https:\/\/www.icip.cat\/ca\/wp-json\/wp\/v2\/pages"}],"about":[{"href":"https:\/\/www.icip.cat\/ca\/wp-json\/wp\/v2\/types\/page"}],"author":[{"embeddable":true,"href":"https:\/\/www.icip.cat\/ca\/wp-json\/wp\/v2\/users\/4"}],"replies":[{"embeddable":true,"href":"https:\/\/www.icip.cat\/ca\/wp-json\/wp\/v2\/comments?post=55734"}],"version-history":[{"count":49,"href":"https:\/\/www.icip.cat\/ca\/wp-json\/wp\/v2\/pages\/55734\/revisions"}],"predecessor-version":[{"id":60157,"href":"https:\/\/www.icip.cat\/ca\/wp-json\/wp\/v2\/pages\/55734\/revisions\/60157"}],"wp:attachment":[{"href":"https:\/\/www.icip.cat\/ca\/wp-json\/wp\/v2\/media?parent=55734"}],"curies":[{"name":"wp","href":"https:\/\/api.w.org\/{rel}","templated":true}]}}