{"id":55889,"date":"2025-08-05T07:25:46","date_gmt":"2025-08-05T07:25:46","guid":{"rendered":"https:\/\/www.icip.cat\/?page_id=55889"},"modified":"2026-02-24T08:47:27","modified_gmt":"2026-02-24T08:47:27","slug":"art-cultura-i-pau","status":"publish","type":"page","link":"https:\/\/www.icip.cat\/ca\/art-cultura-i-pau\/","title":{"rendered":"Art, cultura i pau"},"content":{"rendered":"\t\t<div data-elementor-type=\"wp-page\" data-elementor-id=\"55889\" class=\"elementor elementor-55889\" data-elementor-post-type=\"page\">\n\t\t\t\t\t\t<section class=\"elementor-section elementor-top-section elementor-element elementor-element-098a35f elementor-section-boxed elementor-section-height-default elementor-section-height-default\" data-id=\"098a35f\" data-element_type=\"section\" data-settings=\"{&quot;background_background&quot;:&quot;classic&quot;}\">\n\t\t\t\t\t\t\t<div class=\"elementor-background-overlay\"><\/div>\n\t\t\t\t\t\t\t<div class=\"elementor-container elementor-column-gap-default\">\n\t\t\t\t\t<div class=\"elementor-column elementor-col-100 elementor-top-column elementor-element elementor-element-d4566a4\" data-id=\"d4566a4\" data-element_type=\"column\">\n\t\t\t<div class=\"elementor-widget-wrap elementor-element-populated\">\n\t\t\t\t\t\t<div class=\"elementor-element elementor-element-ea96a86 elementor-widget elementor-widget-heading\" data-id=\"ea96a86\" data-element_type=\"widget\" data-widget_type=\"heading.default\">\n\t\t\t\t<div class=\"elementor-widget-container\">\n\t\t\t\t\t<h1 class=\"elementor-heading-title elementor-size-xl\">Art, cultura i pau<\/h1>\t\t\t\t<\/div>\n\t\t\t\t<\/div>\n\t\t\t\t\t<\/div>\n\t\t<\/div>\n\t\t\t\t\t<\/div>\n\t\t<\/section>\n\t\t\t\t<section class=\"elementor-section elementor-top-section elementor-element elementor-element-56adc83 elementor-section-boxed elementor-section-height-default elementor-section-height-default\" data-id=\"56adc83\" data-element_type=\"section\">\n\t\t\t\t\t\t<div class=\"elementor-container elementor-column-gap-default\">\n\t\t\t\t\t<div class=\"elementor-column elementor-col-100 elementor-top-column elementor-element elementor-element-98f50b6\" data-id=\"98f50b6\" data-element_type=\"column\">\n\t\t\t<div class=\"elementor-widget-wrap elementor-element-populated\">\n\t\t\t\t\t\t<div class=\"elementor-element elementor-element-d0cdc5a elementor-widget elementor-widget-spacer\" data-id=\"d0cdc5a\" data-element_type=\"widget\" data-widget_type=\"spacer.default\">\n\t\t\t\t<div class=\"elementor-widget-container\">\n\t\t\t\t\t\t\t<div class=\"elementor-spacer\">\n\t\t\t<div class=\"elementor-spacer-inner\"><\/div>\n\t\t<\/div>\n\t\t\t\t\t\t<\/div>\n\t\t\t\t<\/div>\n\t\t\t\t<section class=\"elementor-section elementor-inner-section elementor-element elementor-element-8c402a6 elementor-section-boxed elementor-section-height-default elementor-section-height-default\" data-id=\"8c402a6\" data-element_type=\"section\">\n\t\t\t\t\t\t<div class=\"elementor-container elementor-column-gap-default\">\n\t\t\t\t\t<div class=\"elementor-column elementor-col-100 elementor-inner-column elementor-element elementor-element-e778450\" data-id=\"e778450\" data-element_type=\"column\">\n\t\t\t<div class=\"elementor-widget-wrap elementor-element-populated\">\n\t\t\t\t\t\t<div class=\"elementor-element elementor-element-15b0fb5 elementor-widget elementor-widget-text-editor\" data-id=\"15b0fb5\" data-element_type=\"widget\" data-widget_type=\"text-editor.default\">\n\t\t\t\t<div class=\"elementor-widget-container\">\n\t\t\t\t\t\t\t\t\t<p>L\u2019art, la m\u00fasica i la cultura en general tenen un <strong>gran potencial transformador i sanador<\/strong>: les expressions art\u00edstiques permeten crear espais segurs per al di\u00e0leg i l\u2019escolta, per la gesti\u00f3 de les emocions i els traumes, i s\u00f3n una eina per mantenir viva la mem\u00f2ria i les experi\u00e8ncies del passat. A trav\u00e9s dels m\u00faltiples llenguatges de l\u2019art, de manera creativa i innovadora, podem transformar els conflictes i construir pau. La cultura del hip-hop, com a moviment transformador, n\u2019\u00e9s un bon exemple.<\/p><p>Conscients d\u2019aquest potencial, des de l\u2019ICIP col\u00b7laborem amb actors culturals diversos compromesos amb el foment de la pau. L\u2019alian\u00e7a amb teatres, museus, festivals i centres de pensament ens permet <strong>difondre la cultura de pau des de noves mirades i llenguatge<\/strong>s.<\/p><p>Fruit d\u2019aquest comprom\u00eds, destaquen les col\u00b7laboracions amb el TNC, la Fundaci\u00f3 Pau Casals, el CCCB, el Festival IMPACTE!, Ruido Photo o el PEN Catal\u00e0, d\u2019altres.<\/p>\t\t\t\t\t\t\t\t<\/div>\n\t\t\t\t<\/div>\n\t\t\t\t\t<\/div>\n\t\t<\/div>\n\t\t\t\t\t<\/div>\n\t\t<\/section>\n\t\t\t\t<section class=\"elementor-section elementor-inner-section elementor-element elementor-element-eac987b elementor-section-full_width elementor-section-height-min-height elementor-section-height-default\" data-id=\"eac987b\" data-element_type=\"section\">\n\t\t\t\t\t\t<div class=\"elementor-container elementor-column-gap-narrow\">\n\t\t\t\t\t<div class=\"elementor-column elementor-col-33 elementor-inner-column elementor-element elementor-element-a37fe47\" data-id=\"a37fe47\" data-element_type=\"column\" data-settings=\"{&quot;background_background&quot;:&quot;slideshow&quot;,&quot;background_slideshow_gallery&quot;:[],&quot;background_slideshow_loop&quot;:&quot;yes&quot;,&quot;background_slideshow_slide_duration&quot;:5000,&quot;background_slideshow_slide_transition&quot;:&quot;fade&quot;,&quot;background_slideshow_transition_duration&quot;:500}\">\n\t\t\t<div class=\"elementor-widget-wrap elementor-element-populated\">\n\t\t\t\t\t\t<div class=\"elementor-element elementor-element-d3eaed3 elementor-widget elementor-widget-image\" data-id=\"d3eaed3\" data-element_type=\"widget\" data-widget_type=\"image.default\">\n\t\t\t\t<div class=\"elementor-widget-container\">\n\t\t\t\t\t\t\t\t\t\t\t\t\t\t\t\t<a href=\"https:\/\/www.icip.cat\/ca\/art-cultura-i-pau\/jornades-i-activitats\/\">\n\t\t\t\t\t\t\t<img fetchpriority=\"high\" decoding=\"async\" width=\"640\" height=\"807\" src=\"https:\/\/www.icip.cat\/wp-content\/uploads\/2025\/08\/7F2A5937-812x1024.jpg\" class=\"attachment-large size-large wp-image-55891\" alt=\"\" srcset=\"https:\/\/www.icip.cat\/wp-content\/uploads\/2025\/08\/7F2A5937-812x1024.jpg 812w, https:\/\/www.icip.cat\/wp-content\/uploads\/2025\/08\/7F2A5937-238x300.jpg 238w, https:\/\/www.icip.cat\/wp-content\/uploads\/2025\/08\/7F2A5937-768x969.jpg 768w, https:\/\/www.icip.cat\/wp-content\/uploads\/2025\/08\/7F2A5937-1218x1536.jpg 1218w, https:\/\/www.icip.cat\/wp-content\/uploads\/2025\/08\/7F2A5937-1624x2048.jpg 1624w, https:\/\/www.icip.cat\/wp-content\/uploads\/2025\/08\/7F2A5937-scaled.jpg 2030w\" sizes=\"(max-width: 640px) 100vw, 640px\" \/>\t\t\t\t\t\t\t\t<\/a>\n\t\t\t\t\t\t\t\t\t\t\t\t\t\t\t<\/div>\n\t\t\t\t<\/div>\n\t\t\t\t<div class=\"elementor-element elementor-element-244baaa elementor-absolute elementor-widget elementor-widget-heading\" data-id=\"244baaa\" data-element_type=\"widget\" data-settings=\"{&quot;_position&quot;:&quot;absolute&quot;}\" data-widget_type=\"heading.default\">\n\t\t\t\t<div class=\"elementor-widget-container\">\n\t\t\t\t\t<h2 class=\"elementor-heading-title elementor-size-default\"><a href=\"https:\/\/www.icip.cat\/ca\/art-cultura-i-pau\/jornades-i-activitats\">Jornades i activitats<\/a><\/h2>\t\t\t\t<\/div>\n\t\t\t\t<\/div>\n\t\t\t\t<div class=\"elementor-element elementor-element-d0959be elementor-absolute elementor-widget elementor-widget-heading\" data-id=\"d0959be\" data-element_type=\"widget\" data-settings=\"{&quot;_position&quot;:&quot;absolute&quot;}\" data-widget_type=\"heading.default\">\n\t\t\t\t<div class=\"elementor-widget-container\">\n\t\t\t\t\t<h2 class=\"elementor-heading-title elementor-size-default\"><a href=\"https:\/\/www.icip.cat\/ca\/art-cultura-i-pau\/jornades-i-activitats\">Jornades i activitats<\/a><\/h2>\t\t\t\t<\/div>\n\t\t\t\t<\/div>\n\t\t\t\t\t<\/div>\n\t\t<\/div>\n\t\t\t\t<div class=\"elementor-column elementor-col-33 elementor-inner-column elementor-element elementor-element-258429a\" data-id=\"258429a\" data-element_type=\"column\" data-settings=\"{&quot;background_background&quot;:&quot;slideshow&quot;,&quot;background_slideshow_gallery&quot;:[],&quot;background_slideshow_loop&quot;:&quot;yes&quot;,&quot;background_slideshow_slide_duration&quot;:5000,&quot;background_slideshow_slide_transition&quot;:&quot;fade&quot;,&quot;background_slideshow_transition_duration&quot;:500}\">\n\t\t\t<div class=\"elementor-widget-wrap elementor-element-populated\">\n\t\t\t\t\t\t<div class=\"elementor-element elementor-element-39a3707 elementor-widget elementor-widget-image\" data-id=\"39a3707\" data-element_type=\"widget\" data-widget_type=\"image.default\">\n\t\t\t\t<div class=\"elementor-widget-container\">\n\t\t\t\t\t\t\t\t\t\t\t\t\t\t\t\t<a href=\"https:\/\/www.icip.cat\/ca\/art-cultura-i-pau\/hip-hop-pau\/\">\n\t\t\t\t\t\t\t<img decoding=\"async\" width=\"640\" height=\"427\" src=\"https:\/\/www.icip.cat\/wp-content\/uploads\/2025\/08\/IMG_7335-1024x683.jpg\" class=\"attachment-large size-large wp-image-55897\" alt=\"\" srcset=\"https:\/\/www.icip.cat\/wp-content\/uploads\/2025\/08\/IMG_7335-1024x683.jpg 1024w, https:\/\/www.icip.cat\/wp-content\/uploads\/2025\/08\/IMG_7335-300x200.jpg 300w, https:\/\/www.icip.cat\/wp-content\/uploads\/2025\/08\/IMG_7335-768x512.jpg 768w, https:\/\/www.icip.cat\/wp-content\/uploads\/2025\/08\/IMG_7335-1536x1024.jpg 1536w, https:\/\/www.icip.cat\/wp-content\/uploads\/2025\/08\/IMG_7335-2048x1365.jpg 2048w\" sizes=\"(max-width: 640px) 100vw, 640px\" \/>\t\t\t\t\t\t\t\t<\/a>\n\t\t\t\t\t\t\t\t\t\t\t\t\t\t\t<\/div>\n\t\t\t\t<\/div>\n\t\t\t\t<div class=\"elementor-element elementor-element-5833986 elementor-absolute elementor-widget elementor-widget-heading\" data-id=\"5833986\" data-element_type=\"widget\" data-settings=\"{&quot;_position&quot;:&quot;absolute&quot;}\" data-widget_type=\"heading.default\">\n\t\t\t\t<div class=\"elementor-widget-container\">\n\t\t\t\t\t<h2 class=\"elementor-heading-title elementor-size-default\"><a href=\"https:\/\/www.icip.cat\/ca\/art-cultura-i-pau\/hip-hop-pau\">#HipHopPau<\/a><\/h2>\t\t\t\t<\/div>\n\t\t\t\t<\/div>\n\t\t\t\t\t<\/div>\n\t\t<\/div>\n\t\t\t\t<div class=\"elementor-column elementor-col-33 elementor-inner-column elementor-element elementor-element-8f94aab\" data-id=\"8f94aab\" data-element_type=\"column\" data-settings=\"{&quot;background_background&quot;:&quot;slideshow&quot;,&quot;background_slideshow_gallery&quot;:[],&quot;background_slideshow_loop&quot;:&quot;yes&quot;,&quot;background_slideshow_slide_duration&quot;:5000,&quot;background_slideshow_slide_transition&quot;:&quot;fade&quot;,&quot;background_slideshow_transition_duration&quot;:500}\">\n\t\t\t<div class=\"elementor-widget-wrap elementor-element-populated\">\n\t\t\t\t\t\t<div class=\"elementor-element elementor-element-7255ec2 elementor-widget elementor-widget-image\" data-id=\"7255ec2\" data-element_type=\"widget\" data-widget_type=\"image.default\">\n\t\t\t\t<div class=\"elementor-widget-container\">\n\t\t\t\t\t\t\t\t\t\t\t\t\t\t\t\t<a href=\"https:\/\/www.icip.cat\/ca\/art-cultura-i-pau\/exposicions\/\">\n\t\t\t\t\t\t\t<img decoding=\"async\" width=\"640\" height=\"233\" src=\"https:\/\/www.icip.cat\/wp-content\/uploads\/2026\/02\/POLSXTREMS_BannerICIP_1920x700-1024x373.jpg\" class=\"attachment-large size-large wp-image-61321\" alt=\"\" srcset=\"https:\/\/www.icip.cat\/wp-content\/uploads\/2026\/02\/POLSXTREMS_BannerICIP_1920x700-1024x373.jpg 1024w, https:\/\/www.icip.cat\/wp-content\/uploads\/2026\/02\/POLSXTREMS_BannerICIP_1920x700-300x109.jpg 300w, https:\/\/www.icip.cat\/wp-content\/uploads\/2026\/02\/POLSXTREMS_BannerICIP_1920x700-768x280.jpg 768w, https:\/\/www.icip.cat\/wp-content\/uploads\/2026\/02\/POLSXTREMS_BannerICIP_1920x700-1536x560.jpg 1536w, https:\/\/www.icip.cat\/wp-content\/uploads\/2026\/02\/POLSXTREMS_BannerICIP_1920x700.jpg 1920w\" sizes=\"(max-width: 640px) 100vw, 640px\" \/>\t\t\t\t\t\t\t\t<\/a>\n\t\t\t\t\t\t\t\t\t\t\t\t\t\t\t<\/div>\n\t\t\t\t<\/div>\n\t\t\t\t<div class=\"elementor-element elementor-element-de96584 elementor-absolute elementor-widget elementor-widget-heading\" data-id=\"de96584\" data-element_type=\"widget\" data-settings=\"{&quot;_position&quot;:&quot;absolute&quot;}\" data-widget_type=\"heading.default\">\n\t\t\t\t<div class=\"elementor-widget-container\">\n\t\t\t\t\t<h2 class=\"elementor-heading-title elementor-size-default\"><a href=\"https:\/\/www.icip.cat\/ca\/art-cultura-i-pau\/exposicions\/\">Exposicions<\/a><\/h2>\t\t\t\t<\/div>\n\t\t\t\t<\/div>\n\t\t\t\t\t<\/div>\n\t\t<\/div>\n\t\t\t\t\t<\/div>\n\t\t<\/section>\n\t\t\t\t\t<\/div>\n\t\t<\/div>\n\t\t\t\t\t<\/div>\n\t\t<\/section>\n\t\t\t\t<section class=\"elementor-section elementor-top-section elementor-element elementor-element-6d05ad2 elementor-section-boxed elementor-section-height-default elementor-section-height-default\" data-id=\"6d05ad2\" data-element_type=\"section\">\n\t\t\t\t\t\t<div class=\"elementor-container elementor-column-gap-default\">\n\t\t\t\t\t<div class=\"elementor-column elementor-col-100 elementor-top-column elementor-element elementor-element-530eac8\" data-id=\"530eac8\" data-element_type=\"column\">\n\t\t\t<div class=\"elementor-widget-wrap\">\n\t\t\t\t\t\t\t<\/div>\n\t\t<\/div>\n\t\t\t\t\t<\/div>\n\t\t<\/section>\n\t\t\t\t<\/div>\n\t\t","protected":false},"excerpt":{"rendered":"<p>Art, cultura i pau L\u2019art, la m\u00fasica i la cultura en general tenen un gran potencial transformador i sanador: les expressions art\u00edstiques permeten crear espais segurs per al di\u00e0leg i l\u2019escolta, per la gesti\u00f3 de les emocions i els traumes, i s\u00f3n una eina per mantenir viva la mem\u00f2ria i les experi\u00e8ncies del passat. A [&hellip;]<\/p>\n","protected":false},"author":4,"featured_media":0,"parent":0,"menu_order":0,"comment_status":"closed","ping_status":"closed","template":"","meta":{"_acf_changed":false,"footnotes":""},"class_list":["post-55889","page","type-page","status-publish","hentry"],"acf":[],"yoast_head":"<!-- This site is optimized with the Yoast SEO plugin v25.6 - https:\/\/yoast.com\/wordpress\/plugins\/seo\/ -->\n<title>Art, cultura i pau - ICIP<\/title>\n<meta name=\"robots\" content=\"index, follow, max-snippet:-1, max-image-preview:large, max-video-preview:-1\" \/>\n<link rel=\"canonical\" href=\"https:\/\/www.icip.cat\/ca\/art-cultura-i-pau\/\" \/>\n<meta property=\"og:locale\" content=\"ca_ES\" \/>\n<meta property=\"og:type\" content=\"article\" \/>\n<meta property=\"og:title\" content=\"Art, cultura i pau - ICIP\" \/>\n<meta property=\"og:description\" content=\"Art, cultura i pau L\u2019art, la m\u00fasica i la cultura en general tenen un gran potencial transformador i sanador: les expressions art\u00edstiques permeten crear espais segurs per al di\u00e0leg i l\u2019escolta, per la gesti\u00f3 de les emocions i els traumes, i s\u00f3n una eina per mantenir viva la mem\u00f2ria i les experi\u00e8ncies del passat. A [&hellip;]\" \/>\n<meta property=\"og:url\" content=\"https:\/\/www.icip.cat\/ca\/art-cultura-i-pau\/\" \/>\n<meta property=\"og:site_name\" content=\"ICIP\" \/>\n<meta property=\"article:modified_time\" content=\"2026-02-24T08:47:27+00:00\" \/>\n<meta property=\"og:image\" content=\"https:\/\/www.icip.cat\/wp-content\/uploads\/2025\/08\/7F2A5937-scaled.jpg\" \/>\n\t<meta property=\"og:image:width\" content=\"2030\" \/>\n\t<meta property=\"og:image:height\" content=\"2560\" \/>\n\t<meta property=\"og:image:type\" content=\"image\/jpeg\" \/>\n<meta name=\"twitter:card\" content=\"summary_large_image\" \/>\n<meta name=\"twitter:label1\" content=\"Temps estimat de lectura\" \/>\n\t<meta name=\"twitter:data1\" content=\"2 minuts\" \/>\n<script type=\"application\/ld+json\" class=\"yoast-schema-graph\">{\"@context\":\"https:\/\/schema.org\",\"@graph\":[{\"@type\":\"WebPage\",\"@id\":\"https:\/\/www.icip.cat\/ca\/art-cultura-i-pau\/\",\"url\":\"https:\/\/www.icip.cat\/ca\/art-cultura-i-pau\/\",\"name\":\"Art, cultura i pau - ICIP\",\"isPartOf\":{\"@id\":\"https:\/\/www.icip.cat\/ca\/#website\"},\"primaryImageOfPage\":{\"@id\":\"https:\/\/www.icip.cat\/ca\/art-cultura-i-pau\/#primaryimage\"},\"image\":{\"@id\":\"https:\/\/www.icip.cat\/ca\/art-cultura-i-pau\/#primaryimage\"},\"thumbnailUrl\":\"https:\/\/www.icip.cat\/wp-content\/uploads\/2025\/08\/7F2A5937-812x1024.jpg\",\"datePublished\":\"2025-08-05T07:25:46+00:00\",\"dateModified\":\"2026-02-24T08:47:27+00:00\",\"inLanguage\":\"ca\",\"potentialAction\":[{\"@type\":\"ReadAction\",\"target\":[\"https:\/\/www.icip.cat\/ca\/art-cultura-i-pau\/\"]}]},{\"@type\":\"ImageObject\",\"inLanguage\":\"ca\",\"@id\":\"https:\/\/www.icip.cat\/ca\/art-cultura-i-pau\/#primaryimage\",\"url\":\"https:\/\/www.icip.cat\/wp-content\/uploads\/2025\/08\/7F2A5937-812x1024.jpg\",\"contentUrl\":\"https:\/\/www.icip.cat\/wp-content\/uploads\/2025\/08\/7F2A5937-812x1024.jpg\"},{\"@type\":\"WebSite\",\"@id\":\"https:\/\/www.icip.cat\/ca\/#website\",\"url\":\"https:\/\/www.icip.cat\/ca\/\",\"name\":\"ICIP\",\"description\":\"\",\"publisher\":{\"@id\":\"https:\/\/www.icip.cat\/ca\/#organization\"},\"potentialAction\":[{\"@type\":\"SearchAction\",\"target\":{\"@type\":\"EntryPoint\",\"urlTemplate\":\"https:\/\/www.icip.cat\/ca\/?s={search_term_string}\"},\"query-input\":{\"@type\":\"PropertyValueSpecification\",\"valueRequired\":true,\"valueName\":\"search_term_string\"}}],\"inLanguage\":\"ca\"},{\"@type\":\"Organization\",\"@id\":\"https:\/\/www.icip.cat\/ca\/#organization\",\"name\":\"ICIP\",\"url\":\"https:\/\/www.icip.cat\/ca\/\",\"logo\":{\"@type\":\"ImageObject\",\"inLanguage\":\"ca\",\"@id\":\"https:\/\/www.icip.cat\/ca\/#\/schema\/logo\/image\/\",\"url\":\"https:\/\/www.icip.cat\/wp-content\/uploads\/2021\/02\/logo-2.png\",\"contentUrl\":\"https:\/\/www.icip.cat\/wp-content\/uploads\/2021\/02\/logo-2.png\",\"width\":562,\"height\":391,\"caption\":\"ICIP\"},\"image\":{\"@id\":\"https:\/\/www.icip.cat\/ca\/#\/schema\/logo\/image\/\"}}]}<\/script>\n<!-- \/ Yoast SEO plugin. -->","yoast_head_json":{"title":"Art, cultura i pau - ICIP","robots":{"index":"index","follow":"follow","max-snippet":"max-snippet:-1","max-image-preview":"max-image-preview:large","max-video-preview":"max-video-preview:-1"},"canonical":"https:\/\/www.icip.cat\/ca\/art-cultura-i-pau\/","og_locale":"ca_ES","og_type":"article","og_title":"Art, cultura i pau - ICIP","og_description":"Art, cultura i pau L\u2019art, la m\u00fasica i la cultura en general tenen un gran potencial transformador i sanador: les expressions art\u00edstiques permeten crear espais segurs per al di\u00e0leg i l\u2019escolta, per la gesti\u00f3 de les emocions i els traumes, i s\u00f3n una eina per mantenir viva la mem\u00f2ria i les experi\u00e8ncies del passat. A [&hellip;]","og_url":"https:\/\/www.icip.cat\/ca\/art-cultura-i-pau\/","og_site_name":"ICIP","article_modified_time":"2026-02-24T08:47:27+00:00","og_image":[{"width":2030,"height":2560,"url":"https:\/\/www.icip.cat\/wp-content\/uploads\/2025\/08\/7F2A5937-scaled.jpg","type":"image\/jpeg"}],"twitter_card":"summary_large_image","twitter_misc":{"Temps estimat de lectura":"2 minuts"},"schema":{"@context":"https:\/\/schema.org","@graph":[{"@type":"WebPage","@id":"https:\/\/www.icip.cat\/ca\/art-cultura-i-pau\/","url":"https:\/\/www.icip.cat\/ca\/art-cultura-i-pau\/","name":"Art, cultura i pau - ICIP","isPartOf":{"@id":"https:\/\/www.icip.cat\/ca\/#website"},"primaryImageOfPage":{"@id":"https:\/\/www.icip.cat\/ca\/art-cultura-i-pau\/#primaryimage"},"image":{"@id":"https:\/\/www.icip.cat\/ca\/art-cultura-i-pau\/#primaryimage"},"thumbnailUrl":"https:\/\/www.icip.cat\/wp-content\/uploads\/2025\/08\/7F2A5937-812x1024.jpg","datePublished":"2025-08-05T07:25:46+00:00","dateModified":"2026-02-24T08:47:27+00:00","inLanguage":"ca","potentialAction":[{"@type":"ReadAction","target":["https:\/\/www.icip.cat\/ca\/art-cultura-i-pau\/"]}]},{"@type":"ImageObject","inLanguage":"ca","@id":"https:\/\/www.icip.cat\/ca\/art-cultura-i-pau\/#primaryimage","url":"https:\/\/www.icip.cat\/wp-content\/uploads\/2025\/08\/7F2A5937-812x1024.jpg","contentUrl":"https:\/\/www.icip.cat\/wp-content\/uploads\/2025\/08\/7F2A5937-812x1024.jpg"},{"@type":"WebSite","@id":"https:\/\/www.icip.cat\/ca\/#website","url":"https:\/\/www.icip.cat\/ca\/","name":"ICIP","description":"","publisher":{"@id":"https:\/\/www.icip.cat\/ca\/#organization"},"potentialAction":[{"@type":"SearchAction","target":{"@type":"EntryPoint","urlTemplate":"https:\/\/www.icip.cat\/ca\/?s={search_term_string}"},"query-input":{"@type":"PropertyValueSpecification","valueRequired":true,"valueName":"search_term_string"}}],"inLanguage":"ca"},{"@type":"Organization","@id":"https:\/\/www.icip.cat\/ca\/#organization","name":"ICIP","url":"https:\/\/www.icip.cat\/ca\/","logo":{"@type":"ImageObject","inLanguage":"ca","@id":"https:\/\/www.icip.cat\/ca\/#\/schema\/logo\/image\/","url":"https:\/\/www.icip.cat\/wp-content\/uploads\/2021\/02\/logo-2.png","contentUrl":"https:\/\/www.icip.cat\/wp-content\/uploads\/2021\/02\/logo-2.png","width":562,"height":391,"caption":"ICIP"},"image":{"@id":"https:\/\/www.icip.cat\/ca\/#\/schema\/logo\/image\/"}}]}},"_links":{"self":[{"href":"https:\/\/www.icip.cat\/ca\/wp-json\/wp\/v2\/pages\/55889","targetHints":{"allow":["GET"]}}],"collection":[{"href":"https:\/\/www.icip.cat\/ca\/wp-json\/wp\/v2\/pages"}],"about":[{"href":"https:\/\/www.icip.cat\/ca\/wp-json\/wp\/v2\/types\/page"}],"author":[{"embeddable":true,"href":"https:\/\/www.icip.cat\/ca\/wp-json\/wp\/v2\/users\/4"}],"replies":[{"embeddable":true,"href":"https:\/\/www.icip.cat\/ca\/wp-json\/wp\/v2\/comments?post=55889"}],"version-history":[{"count":28,"href":"https:\/\/www.icip.cat\/ca\/wp-json\/wp\/v2\/pages\/55889\/revisions"}],"predecessor-version":[{"id":61414,"href":"https:\/\/www.icip.cat\/ca\/wp-json\/wp\/v2\/pages\/55889\/revisions\/61414"}],"wp:attachment":[{"href":"https:\/\/www.icip.cat\/ca\/wp-json\/wp\/v2\/media?parent=55889"}],"curies":[{"name":"wp","href":"https:\/\/api.w.org\/{rel}","templated":true}]}}