{"id":55907,"date":"2025-08-05T07:32:49","date_gmt":"2025-08-05T07:32:49","guid":{"rendered":"https:\/\/www.icip.cat\/?page_id=55907"},"modified":"2025-08-08T09:48:44","modified_gmt":"2025-08-08T09:48:44","slug":"jornades-i-activitats","status":"publish","type":"page","link":"https:\/\/www.icip.cat\/ca\/art-cultura-i-pau\/jornades-i-activitats\/","title":{"rendered":"Jornades i activitats"},"content":{"rendered":"\t\t<div data-elementor-type=\"wp-page\" data-elementor-id=\"55907\" class=\"elementor elementor-55907\" data-elementor-post-type=\"page\">\n\t\t\t\t\t\t<section class=\"elementor-section elementor-top-section elementor-element elementor-element-3922a8d elementor-section-boxed elementor-section-height-default elementor-section-height-default\" data-id=\"3922a8d\" data-element_type=\"section\" data-settings=\"{&quot;background_background&quot;:&quot;classic&quot;}\">\n\t\t\t\t\t\t\t<div class=\"elementor-background-overlay\"><\/div>\n\t\t\t\t\t\t\t<div class=\"elementor-container elementor-column-gap-default\">\n\t\t\t\t\t<div class=\"elementor-column elementor-col-100 elementor-top-column elementor-element elementor-element-fb57e60\" data-id=\"fb57e60\" data-element_type=\"column\">\n\t\t\t<div class=\"elementor-widget-wrap elementor-element-populated\">\n\t\t\t\t\t\t<div class=\"elementor-element elementor-element-371b91e elementor-widget elementor-widget-heading\" data-id=\"371b91e\" data-element_type=\"widget\" data-widget_type=\"heading.default\">\n\t\t\t\t<div class=\"elementor-widget-container\">\n\t\t\t\t\t<h1 class=\"elementor-heading-title elementor-size-default\">Activitats<\/h1>\t\t\t\t<\/div>\n\t\t\t\t<\/div>\n\t\t\t\t\t<\/div>\n\t\t<\/div>\n\t\t\t\t\t<\/div>\n\t\t<\/section>\n\t\t\t\t<section class=\"elementor-section elementor-top-section elementor-element elementor-element-c29aa89 elementor-section-boxed elementor-section-height-default elementor-section-height-default\" data-id=\"c29aa89\" data-element_type=\"section\">\n\t\t\t\t\t\t<div class=\"elementor-container elementor-column-gap-default\">\n\t\t\t\t\t<div class=\"elementor-column elementor-col-100 elementor-top-column elementor-element elementor-element-a6ca735\" data-id=\"a6ca735\" data-element_type=\"column\">\n\t\t\t<div class=\"elementor-widget-wrap elementor-element-populated\">\n\t\t\t\t\t\t<div class=\"elementor-element elementor-element-9295e30 elementor-widget elementor-widget-text-editor\" data-id=\"9295e30\" data-element_type=\"widget\" data-widget_type=\"text-editor.default\">\n\t\t\t\t<div class=\"elementor-widget-container\">\n\t\t\t\t\t\t\t\t\t<p>L\u2019ICIP organitza peri\u00f2dicament activitats que posen en valor el potencial de l&#8217;art i la cultura per a la transformaci\u00f3 positiva dels conflictes.&nbsp;<\/p>\t\t\t\t\t\t\t\t<\/div>\n\t\t\t\t<\/div>\n\t\t\t\t\t<\/div>\n\t\t<\/div>\n\t\t\t\t\t<\/div>\n\t\t<\/section>\n\t\t\t\t<section class=\"elementor-section elementor-top-section elementor-element elementor-element-420b670 elementor-section-boxed elementor-section-height-default elementor-section-height-default\" data-id=\"420b670\" data-element_type=\"section\">\n\t\t\t\t\t\t<div class=\"elementor-container elementor-column-gap-default\">\n\t\t\t\t\t<div class=\"elementor-column elementor-col-100 elementor-top-column elementor-element elementor-element-dd77f10\" data-id=\"dd77f10\" data-element_type=\"column\">\n\t\t\t<div class=\"elementor-widget-wrap elementor-element-populated\">\n\t\t\t\t\t\t<div class=\"elementor-element elementor-element-4ab743d elementor-widget elementor-widget-icip-relatedlisting\" data-id=\"4ab743d\" data-element_type=\"widget\" data-widget_type=\"icip-relatedlisting.default\">\n\t\t\t\t<div class=\"elementor-widget-container\">\n\t\t\t\t\t<div class=\"block-related-listing\"  data-view-type=\"list\"><div class=\"list\"><article class=\"entry\"><a href=\"https:\/\/www.icip.cat\/ca\/event\/jornada-practiques-artistiques-i-cultura-de-pau\/\" class=\"link icip_event\"><div class=\"icon\"><svg height='100px' width='100px'  fill=\"#000000\" xmlns=\"http:\/\/www.w3.org\/2000\/svg\" data-name=\"Layer 1\" viewBox=\"0 0 100 100\" x=\"0px\" y=\"0px\"><title>50<\/title><path d=\"M66.81836,26.66357V20.77881H61.33984v-6h5.47852V8a3,3,0,0,1,6,0V26.66357a3,3,0,1,1-6,0Zm-12.87891,3a2.99983,2.99983,0,0,0,3-3V8a3,3,0,0,0-6,0v6.77881H45.46v6h5.47949v5.88476A2.99984,2.99984,0,0,0,53.93945,29.66357Zm-15.8789,0a2.99984,2.99984,0,0,0,3-3V8a3,3,0,0,0-6,0v6.77881H29.58008v6h5.48047v5.88476A2.99983,2.99983,0,0,0,38.06055,29.66357ZM95,72A22.9849,22.9849,0,0,1,54.58643,87H14.84961A9.86143,9.86143,0,0,1,5,77.1499V24.64014a9.86643,9.86643,0,0,1,9.84961-9.86035h4.332V8a3,3,0,0,1,6,0V26.66357a3,3,0,0,1-6,0V20.77979h-4.332A3.85924,3.85924,0,0,0,11,24.64014V36.00342H81V24.63867a3.8696,3.8696,0,0,0-3.8125-3.85986l.06445-6A9.89016,9.89016,0,0,1,87,24.63867V54.5863A22.94994,22.94994,0,0,1,95,72ZM50.83557,81A22.99691,22.99691,0,0,1,81,50.83557V42.00342H11V77.1499A3.85392,3.85392,0,0,0,14.84961,81ZM89,72A17,17,0,1,0,72,89,17.019,17.019,0,0,0,89,72ZM70.03516,74.49463l-4.10059-4.1001-4.24219,4.24219L70.03516,82.98,86.11328,66.90234l-4.24219-4.24316Z\"><\/path><\/svg><\/div><div class=\"details\"><h2 class=\"title\">Jornada: \u201cPr\u00e0ctiques art\u00edstiques i cultura de pau\u201d en el marc de MONDIACULT 2025<\/h2><\/div><\/a><\/article><article class=\"entry\"><a href=\"https:\/\/www.icip.cat\/ca\/event\/dialegs-amb-musica-art-i-pau\/\" class=\"link icip_event\"><div class=\"icon\"><svg height='100px' width='100px'  fill=\"#000000\" xmlns=\"http:\/\/www.w3.org\/2000\/svg\" data-name=\"Layer 1\" viewBox=\"0 0 100 100\" x=\"0px\" y=\"0px\"><title>50<\/title><path d=\"M66.81836,26.66357V20.77881H61.33984v-6h5.47852V8a3,3,0,0,1,6,0V26.66357a3,3,0,1,1-6,0Zm-12.87891,3a2.99983,2.99983,0,0,0,3-3V8a3,3,0,0,0-6,0v6.77881H45.46v6h5.47949v5.88476A2.99984,2.99984,0,0,0,53.93945,29.66357Zm-15.8789,0a2.99984,2.99984,0,0,0,3-3V8a3,3,0,0,0-6,0v6.77881H29.58008v6h5.48047v5.88476A2.99983,2.99983,0,0,0,38.06055,29.66357ZM95,72A22.9849,22.9849,0,0,1,54.58643,87H14.84961A9.86143,9.86143,0,0,1,5,77.1499V24.64014a9.86643,9.86643,0,0,1,9.84961-9.86035h4.332V8a3,3,0,0,1,6,0V26.66357a3,3,0,0,1-6,0V20.77979h-4.332A3.85924,3.85924,0,0,0,11,24.64014V36.00342H81V24.63867a3.8696,3.8696,0,0,0-3.8125-3.85986l.06445-6A9.89016,9.89016,0,0,1,87,24.63867V54.5863A22.94994,22.94994,0,0,1,95,72ZM50.83557,81A22.99691,22.99691,0,0,1,81,50.83557V42.00342H11V77.1499A3.85392,3.85392,0,0,0,14.84961,81ZM89,72A17,17,0,1,0,72,89,17.019,17.019,0,0,0,89,72ZM70.03516,74.49463l-4.10059-4.1001-4.24219,4.24219L70.03516,82.98,86.11328,66.90234l-4.24219-4.24316Z\"><\/path><\/svg><\/div><div class=\"details\"><h2 class=\"title\">Di\u00e0legs amb m\u00fasica: Art i Pau<\/h2><\/div><\/a><\/article><article class=\"entry\"><a href=\"https:\/\/www.icip.cat\/ca\/event\/drets-culturals-per-a-la-construccio-de-pau\/\" class=\"link icip_event\"><div class=\"icon\"><svg height='100px' width='100px'  fill=\"#000000\" xmlns=\"http:\/\/www.w3.org\/2000\/svg\" data-name=\"Layer 1\" viewBox=\"0 0 100 100\" x=\"0px\" y=\"0px\"><title>50<\/title><path d=\"M66.81836,26.66357V20.77881H61.33984v-6h5.47852V8a3,3,0,0,1,6,0V26.66357a3,3,0,1,1-6,0Zm-12.87891,3a2.99983,2.99983,0,0,0,3-3V8a3,3,0,0,0-6,0v6.77881H45.46v6h5.47949v5.88476A2.99984,2.99984,0,0,0,53.93945,29.66357Zm-15.8789,0a2.99984,2.99984,0,0,0,3-3V8a3,3,0,0,0-6,0v6.77881H29.58008v6h5.48047v5.88476A2.99983,2.99983,0,0,0,38.06055,29.66357ZM95,72A22.9849,22.9849,0,0,1,54.58643,87H14.84961A9.86143,9.86143,0,0,1,5,77.1499V24.64014a9.86643,9.86643,0,0,1,9.84961-9.86035h4.332V8a3,3,0,0,1,6,0V26.66357a3,3,0,0,1-6,0V20.77979h-4.332A3.85924,3.85924,0,0,0,11,24.64014V36.00342H81V24.63867a3.8696,3.8696,0,0,0-3.8125-3.85986l.06445-6A9.89016,9.89016,0,0,1,87,24.63867V54.5863A22.94994,22.94994,0,0,1,95,72ZM50.83557,81A22.99691,22.99691,0,0,1,81,50.83557V42.00342H11V77.1499A3.85392,3.85392,0,0,0,14.84961,81ZM89,72A17,17,0,1,0,72,89,17.019,17.019,0,0,0,89,72ZM70.03516,74.49463l-4.10059-4.1001-4.24219,4.24219L70.03516,82.98,86.11328,66.90234l-4.24219-4.24316Z\"><\/path><\/svg><\/div><div class=\"details\"><h2 class=\"title\">&#8220;Drets culturals per a la construcci\u00f3 de pau&#8221;<\/h2><\/div><\/a><\/article><article class=\"entry\"><a href=\"https:\/\/www.icip.cat\/ca\/event\/debate-cultura-y-conflicto\/\" class=\"link icip_event\"><div class=\"icon\"><svg height='100px' width='100px'  fill=\"#000000\" xmlns=\"http:\/\/www.w3.org\/2000\/svg\" data-name=\"Layer 1\" viewBox=\"0 0 100 100\" x=\"0px\" y=\"0px\"><title>50<\/title><path d=\"M66.81836,26.66357V20.77881H61.33984v-6h5.47852V8a3,3,0,0,1,6,0V26.66357a3,3,0,1,1-6,0Zm-12.87891,3a2.99983,2.99983,0,0,0,3-3V8a3,3,0,0,0-6,0v6.77881H45.46v6h5.47949v5.88476A2.99984,2.99984,0,0,0,53.93945,29.66357Zm-15.8789,0a2.99984,2.99984,0,0,0,3-3V8a3,3,0,0,0-6,0v6.77881H29.58008v6h5.48047v5.88476A2.99983,2.99983,0,0,0,38.06055,29.66357ZM95,72A22.9849,22.9849,0,0,1,54.58643,87H14.84961A9.86143,9.86143,0,0,1,5,77.1499V24.64014a9.86643,9.86643,0,0,1,9.84961-9.86035h4.332V8a3,3,0,0,1,6,0V26.66357a3,3,0,0,1-6,0V20.77979h-4.332A3.85924,3.85924,0,0,0,11,24.64014V36.00342H81V24.63867a3.8696,3.8696,0,0,0-3.8125-3.85986l.06445-6A9.89016,9.89016,0,0,1,87,24.63867V54.5863A22.94994,22.94994,0,0,1,95,72ZM50.83557,81A22.99691,22.99691,0,0,1,81,50.83557V42.00342H11V77.1499A3.85392,3.85392,0,0,0,14.84961,81ZM89,72A17,17,0,1,0,72,89,17.019,17.019,0,0,0,89,72ZM70.03516,74.49463l-4.10059-4.1001-4.24219,4.24219L70.03516,82.98,86.11328,66.90234l-4.24219-4.24316Z\"><\/path><\/svg><\/div><div class=\"details\"><h2 class=\"title\">Debat: &#8220;Cultura i conflicte&#8221;<\/h2><\/div><\/a><\/article><article class=\"entry\"><a href=\"https:\/\/www.icip.cat\/ca\/event\/homenatge-a-viktoria-amelina\/\" class=\"link icip_event\"><div class=\"icon\"><svg height='100px' width='100px'  fill=\"#000000\" xmlns=\"http:\/\/www.w3.org\/2000\/svg\" data-name=\"Layer 1\" viewBox=\"0 0 100 100\" x=\"0px\" y=\"0px\"><title>50<\/title><path d=\"M66.81836,26.66357V20.77881H61.33984v-6h5.47852V8a3,3,0,0,1,6,0V26.66357a3,3,0,1,1-6,0Zm-12.87891,3a2.99983,2.99983,0,0,0,3-3V8a3,3,0,0,0-6,0v6.77881H45.46v6h5.47949v5.88476A2.99984,2.99984,0,0,0,53.93945,29.66357Zm-15.8789,0a2.99984,2.99984,0,0,0,3-3V8a3,3,0,0,0-6,0v6.77881H29.58008v6h5.48047v5.88476A2.99983,2.99983,0,0,0,38.06055,29.66357ZM95,72A22.9849,22.9849,0,0,1,54.58643,87H14.84961A9.86143,9.86143,0,0,1,5,77.1499V24.64014a9.86643,9.86643,0,0,1,9.84961-9.86035h4.332V8a3,3,0,0,1,6,0V26.66357a3,3,0,0,1-6,0V20.77979h-4.332A3.85924,3.85924,0,0,0,11,24.64014V36.00342H81V24.63867a3.8696,3.8696,0,0,0-3.8125-3.85986l.06445-6A9.89016,9.89016,0,0,1,87,24.63867V54.5863A22.94994,22.94994,0,0,1,95,72ZM50.83557,81A22.99691,22.99691,0,0,1,81,50.83557V42.00342H11V77.1499A3.85392,3.85392,0,0,0,14.84961,81ZM89,72A17,17,0,1,0,72,89,17.019,17.019,0,0,0,89,72ZM70.03516,74.49463l-4.10059-4.1001-4.24219,4.24219L70.03516,82.98,86.11328,66.90234l-4.24219-4.24316Z\"><\/path><\/svg><\/div><div class=\"details\"><h2 class=\"title\">Homenatge a l&#8217;escriptora ucra\u00efnesa Vikt\u00f2ria Am\u00e8lina<\/h2><\/div><\/a><\/article><article class=\"entry\"><a href=\"https:\/\/www.icip.cat\/ca\/event\/ressona-cicle-de-tallers-descolta-i-creacio-artistica\/\" class=\"link icip_event\"><div class=\"icon\"><svg height='100px' width='100px'  fill=\"#000000\" xmlns=\"http:\/\/www.w3.org\/2000\/svg\" data-name=\"Layer 1\" viewBox=\"0 0 100 100\" x=\"0px\" y=\"0px\"><title>50<\/title><path d=\"M66.81836,26.66357V20.77881H61.33984v-6h5.47852V8a3,3,0,0,1,6,0V26.66357a3,3,0,1,1-6,0Zm-12.87891,3a2.99983,2.99983,0,0,0,3-3V8a3,3,0,0,0-6,0v6.77881H45.46v6h5.47949v5.88476A2.99984,2.99984,0,0,0,53.93945,29.66357Zm-15.8789,0a2.99984,2.99984,0,0,0,3-3V8a3,3,0,0,0-6,0v6.77881H29.58008v6h5.48047v5.88476A2.99983,2.99983,0,0,0,38.06055,29.66357ZM95,72A22.9849,22.9849,0,0,1,54.58643,87H14.84961A9.86143,9.86143,0,0,1,5,77.1499V24.64014a9.86643,9.86643,0,0,1,9.84961-9.86035h4.332V8a3,3,0,0,1,6,0V26.66357a3,3,0,0,1-6,0V20.77979h-4.332A3.85924,3.85924,0,0,0,11,24.64014V36.00342H81V24.63867a3.8696,3.8696,0,0,0-3.8125-3.85986l.06445-6A9.89016,9.89016,0,0,1,87,24.63867V54.5863A22.94994,22.94994,0,0,1,95,72ZM50.83557,81A22.99691,22.99691,0,0,1,81,50.83557V42.00342H11V77.1499A3.85392,3.85392,0,0,0,14.84961,81ZM89,72A17,17,0,1,0,72,89,17.019,17.019,0,0,0,89,72ZM70.03516,74.49463l-4.10059-4.1001-4.24219,4.24219L70.03516,82.98,86.11328,66.90234l-4.24219-4.24316Z\"><\/path><\/svg><\/div><div class=\"details\"><h2 class=\"title\">Ressona: cicle de tallers d&#8217;escolta i creaci\u00f3 art\u00edstica<\/h2><\/div><\/a><\/article><article class=\"entry\"><a href=\"https:\/\/www.icip.cat\/ca\/licip-collabora-amb-el-festival-de-cinema-colombia-de-barcelona\/\" class=\"link post\"><div class=\"icon\"><svg height='100px' width='100px'  fill=\"#000000\" xmlns=\"http:\/\/www.w3.org\/2000\/svg\" xmlns:xlink=\"http:\/\/www.w3.org\/1999\/xlink\" version=\"1.1\" x=\"0px\" y=\"0px\" viewBox=\"0 0 32 32\" enable-background=\"new 0 0 32 32\" xml:space=\"preserve\"><path d=\"M30.928,12.947h-6.77V4.369c0-0.348-0.283-0.63-0.631-0.63H1.072c-0.348,0-0.629,0.282-0.629,0.63v19.143  c0,3.418,1.213,4.749,4.328,4.749c0,0,22.23,0,22.457,0c3.115,0,4.328-1.331,4.328-4.749v-9.935  C31.557,13.229,31.275,12.947,30.928,12.947z M4.771,27.001c-2.121,0-3.068-0.504-3.068-3.489V4.999h21.195v18.513  c0,1.588,0.262,2.726,0.855,3.489H4.771z M30.297,23.512c0,2.985-0.945,3.489-3.068,3.489s-3.07-0.504-3.07-3.489v-9.305h6.139  V23.512z\"><\/path><rect x=\"4.402\" y=\"9.306\" width=\"15.797\" height=\"1.26\"><\/rect><rect x=\"14.244\" y=\"14.276\" width=\"5.955\" height=\"1.26\"><\/rect><rect x=\"14.244\" y=\"20.539\" width=\"5.955\" height=\"1.26\"><\/rect><rect x=\"14.244\" y=\"17.408\" width=\"5.955\" height=\"1.26\"><\/rect><path d=\"M12.301,12.388h-7.27c-0.348,0-0.629,0.282-0.629,0.63v10.041c0,0.348,0.281,0.63,0.629,0.63h7.27  c0.348,0,0.631-0.282,0.631-0.63V13.018C12.932,12.67,12.648,12.388,12.301,12.388z M11.672,22.428h-6.01v-8.78h6.01V22.428z\"><\/path><\/svg><\/div><div class=\"details\"><h2 class=\"title\">L&#8217;ICIP col\u00b7labora amb el Festival de Cinema colombi\u00e0 de Barcelona<\/h2><\/div><\/a><\/article><\/div><\/div>\t\t\t\t<\/div>\n\t\t\t\t<\/div>\n\t\t\t\t<div class=\"elementor-element elementor-element-2e6c093 elementor-widget elementor-widget-spacer\" data-id=\"2e6c093\" data-element_type=\"widget\" data-widget_type=\"spacer.default\">\n\t\t\t\t<div class=\"elementor-widget-container\">\n\t\t\t\t\t\t\t<div class=\"elementor-spacer\">\n\t\t\t<div class=\"elementor-spacer-inner\"><\/div>\n\t\t<\/div>\n\t\t\t\t\t\t<\/div>\n\t\t\t\t<\/div>\n\t\t\t\t\t<\/div>\n\t\t<\/div>\n\t\t\t\t\t<\/div>\n\t\t<\/section>\n\t\t\t\t<\/div>\n\t\t","protected":false},"excerpt":{"rendered":"<p>Activitats L\u2019ICIP organitza peri\u00f2dicament activitats que posen en valor el potencial de l&#8217;art i la cultura per a la transformaci\u00f3 positiva dels conflictes.&nbsp; 50 Jornada: Pr\u00e0ctiques art\u00edstiques i cultura de pau 50 Di\u00e0legs amb m\u00fasica: Art i Pau 50 &#8220;Drets culturals per a la construcci\u00f3 de pau&#8221; 50 Debat: &#8220;Cultura i conflicte&#8221; 50 Homenatge a [&hellip;]<\/p>\n","protected":false},"author":4,"featured_media":0,"parent":55889,"menu_order":0,"comment_status":"closed","ping_status":"closed","template":"","meta":{"_acf_changed":false,"footnotes":""},"class_list":["post-55907","page","type-page","status-publish","hentry"],"acf":[],"yoast_head":"<!-- This site is optimized with the Yoast SEO plugin v25.6 - https:\/\/yoast.com\/wordpress\/plugins\/seo\/ -->\n<title>Jornades i activitats - ICIP<\/title>\n<meta name=\"robots\" content=\"index, follow, max-snippet:-1, max-image-preview:large, max-video-preview:-1\" \/>\n<link rel=\"canonical\" href=\"https:\/\/www.icip.cat\/ca\/art-cultura-i-pau\/jornades-i-activitats\/\" \/>\n<meta property=\"og:locale\" content=\"ca_ES\" \/>\n<meta property=\"og:type\" content=\"article\" \/>\n<meta property=\"og:title\" content=\"Jornades i activitats - ICIP\" \/>\n<meta property=\"og:description\" content=\"Activitats L\u2019ICIP organitza peri\u00f2dicament activitats que posen en valor el potencial de l&#8217;art i la cultura per a la transformaci\u00f3 positiva dels conflictes.&nbsp; 50 Jornada: Pr\u00e0ctiques art\u00edstiques i cultura de pau 50 Di\u00e0legs amb m\u00fasica: Art i Pau 50 &#8220;Drets culturals per a la construcci\u00f3 de pau&#8221; 50 Debat: &#8220;Cultura i conflicte&#8221; 50 Homenatge a [&hellip;]\" \/>\n<meta property=\"og:url\" content=\"https:\/\/www.icip.cat\/ca\/art-cultura-i-pau\/jornades-i-activitats\/\" \/>\n<meta property=\"og:site_name\" content=\"ICIP\" \/>\n<meta property=\"article:modified_time\" content=\"2025-08-08T09:48:44+00:00\" \/>\n<meta name=\"twitter:card\" content=\"summary_large_image\" \/>\n<meta name=\"twitter:label1\" content=\"Temps estimat de lectura\" \/>\n\t<meta name=\"twitter:data1\" content=\"1 minut\" \/>\n<script type=\"application\/ld+json\" class=\"yoast-schema-graph\">{\"@context\":\"https:\/\/schema.org\",\"@graph\":[{\"@type\":\"WebPage\",\"@id\":\"https:\/\/www.icip.cat\/ca\/art-cultura-i-pau\/jornades-i-activitats\/\",\"url\":\"https:\/\/www.icip.cat\/ca\/art-cultura-i-pau\/jornades-i-activitats\/\",\"name\":\"Jornades i activitats - ICIP\",\"isPartOf\":{\"@id\":\"https:\/\/www.icip.cat\/ca\/#website\"},\"datePublished\":\"2025-08-05T07:32:49+00:00\",\"dateModified\":\"2025-08-08T09:48:44+00:00\",\"breadcrumb\":{\"@id\":\"https:\/\/www.icip.cat\/ca\/art-cultura-i-pau\/jornades-i-activitats\/#breadcrumb\"},\"inLanguage\":\"ca\",\"potentialAction\":[{\"@type\":\"ReadAction\",\"target\":[\"https:\/\/www.icip.cat\/ca\/art-cultura-i-pau\/jornades-i-activitats\/\"]}]},{\"@type\":\"BreadcrumbList\",\"@id\":\"https:\/\/www.icip.cat\/ca\/art-cultura-i-pau\/jornades-i-activitats\/#breadcrumb\",\"itemListElement\":[{\"@type\":\"ListItem\",\"position\":1,\"name\":\"Art, cultura i pau\",\"item\":\"https:\/\/www.icip.cat\/ca\/art-cultura-i-pau\/\"},{\"@type\":\"ListItem\",\"position\":2,\"name\":\"Jornades i activitats\"}]},{\"@type\":\"WebSite\",\"@id\":\"https:\/\/www.icip.cat\/ca\/#website\",\"url\":\"https:\/\/www.icip.cat\/ca\/\",\"name\":\"ICIP\",\"description\":\"\",\"publisher\":{\"@id\":\"https:\/\/www.icip.cat\/ca\/#organization\"},\"potentialAction\":[{\"@type\":\"SearchAction\",\"target\":{\"@type\":\"EntryPoint\",\"urlTemplate\":\"https:\/\/www.icip.cat\/ca\/?s={search_term_string}\"},\"query-input\":{\"@type\":\"PropertyValueSpecification\",\"valueRequired\":true,\"valueName\":\"search_term_string\"}}],\"inLanguage\":\"ca\"},{\"@type\":\"Organization\",\"@id\":\"https:\/\/www.icip.cat\/ca\/#organization\",\"name\":\"ICIP\",\"url\":\"https:\/\/www.icip.cat\/ca\/\",\"logo\":{\"@type\":\"ImageObject\",\"inLanguage\":\"ca\",\"@id\":\"https:\/\/www.icip.cat\/ca\/#\/schema\/logo\/image\/\",\"url\":\"https:\/\/www.icip.cat\/wp-content\/uploads\/2021\/02\/logo-2.png\",\"contentUrl\":\"https:\/\/www.icip.cat\/wp-content\/uploads\/2021\/02\/logo-2.png\",\"width\":562,\"height\":391,\"caption\":\"ICIP\"},\"image\":{\"@id\":\"https:\/\/www.icip.cat\/ca\/#\/schema\/logo\/image\/\"}}]}<\/script>\n<!-- \/ Yoast SEO plugin. -->","yoast_head_json":{"title":"Jornades i activitats - ICIP","robots":{"index":"index","follow":"follow","max-snippet":"max-snippet:-1","max-image-preview":"max-image-preview:large","max-video-preview":"max-video-preview:-1"},"canonical":"https:\/\/www.icip.cat\/ca\/art-cultura-i-pau\/jornades-i-activitats\/","og_locale":"ca_ES","og_type":"article","og_title":"Jornades i activitats - ICIP","og_description":"Activitats L\u2019ICIP organitza peri\u00f2dicament activitats que posen en valor el potencial de l&#8217;art i la cultura per a la transformaci\u00f3 positiva dels conflictes.&nbsp; 50 Jornada: Pr\u00e0ctiques art\u00edstiques i cultura de pau 50 Di\u00e0legs amb m\u00fasica: Art i Pau 50 &#8220;Drets culturals per a la construcci\u00f3 de pau&#8221; 50 Debat: &#8220;Cultura i conflicte&#8221; 50 Homenatge a [&hellip;]","og_url":"https:\/\/www.icip.cat\/ca\/art-cultura-i-pau\/jornades-i-activitats\/","og_site_name":"ICIP","article_modified_time":"2025-08-08T09:48:44+00:00","twitter_card":"summary_large_image","twitter_misc":{"Temps estimat de lectura":"1 minut"},"schema":{"@context":"https:\/\/schema.org","@graph":[{"@type":"WebPage","@id":"https:\/\/www.icip.cat\/ca\/art-cultura-i-pau\/jornades-i-activitats\/","url":"https:\/\/www.icip.cat\/ca\/art-cultura-i-pau\/jornades-i-activitats\/","name":"Jornades i activitats - ICIP","isPartOf":{"@id":"https:\/\/www.icip.cat\/ca\/#website"},"datePublished":"2025-08-05T07:32:49+00:00","dateModified":"2025-08-08T09:48:44+00:00","breadcrumb":{"@id":"https:\/\/www.icip.cat\/ca\/art-cultura-i-pau\/jornades-i-activitats\/#breadcrumb"},"inLanguage":"ca","potentialAction":[{"@type":"ReadAction","target":["https:\/\/www.icip.cat\/ca\/art-cultura-i-pau\/jornades-i-activitats\/"]}]},{"@type":"BreadcrumbList","@id":"https:\/\/www.icip.cat\/ca\/art-cultura-i-pau\/jornades-i-activitats\/#breadcrumb","itemListElement":[{"@type":"ListItem","position":1,"name":"Art, cultura i pau","item":"https:\/\/www.icip.cat\/ca\/art-cultura-i-pau\/"},{"@type":"ListItem","position":2,"name":"Jornades i activitats"}]},{"@type":"WebSite","@id":"https:\/\/www.icip.cat\/ca\/#website","url":"https:\/\/www.icip.cat\/ca\/","name":"ICIP","description":"","publisher":{"@id":"https:\/\/www.icip.cat\/ca\/#organization"},"potentialAction":[{"@type":"SearchAction","target":{"@type":"EntryPoint","urlTemplate":"https:\/\/www.icip.cat\/ca\/?s={search_term_string}"},"query-input":{"@type":"PropertyValueSpecification","valueRequired":true,"valueName":"search_term_string"}}],"inLanguage":"ca"},{"@type":"Organization","@id":"https:\/\/www.icip.cat\/ca\/#organization","name":"ICIP","url":"https:\/\/www.icip.cat\/ca\/","logo":{"@type":"ImageObject","inLanguage":"ca","@id":"https:\/\/www.icip.cat\/ca\/#\/schema\/logo\/image\/","url":"https:\/\/www.icip.cat\/wp-content\/uploads\/2021\/02\/logo-2.png","contentUrl":"https:\/\/www.icip.cat\/wp-content\/uploads\/2021\/02\/logo-2.png","width":562,"height":391,"caption":"ICIP"},"image":{"@id":"https:\/\/www.icip.cat\/ca\/#\/schema\/logo\/image\/"}}]}},"_links":{"self":[{"href":"https:\/\/www.icip.cat\/ca\/wp-json\/wp\/v2\/pages\/55907","targetHints":{"allow":["GET"]}}],"collection":[{"href":"https:\/\/www.icip.cat\/ca\/wp-json\/wp\/v2\/pages"}],"about":[{"href":"https:\/\/www.icip.cat\/ca\/wp-json\/wp\/v2\/types\/page"}],"author":[{"embeddable":true,"href":"https:\/\/www.icip.cat\/ca\/wp-json\/wp\/v2\/users\/4"}],"replies":[{"embeddable":true,"href":"https:\/\/www.icip.cat\/ca\/wp-json\/wp\/v2\/comments?post=55907"}],"version-history":[{"count":16,"href":"https:\/\/www.icip.cat\/ca\/wp-json\/wp\/v2\/pages\/55907\/revisions"}],"predecessor-version":[{"id":56106,"href":"https:\/\/www.icip.cat\/ca\/wp-json\/wp\/v2\/pages\/55907\/revisions\/56106"}],"up":[{"embeddable":true,"href":"https:\/\/www.icip.cat\/ca\/wp-json\/wp\/v2\/pages\/55889"}],"wp:attachment":[{"href":"https:\/\/www.icip.cat\/ca\/wp-json\/wp\/v2\/media?parent=55907"}],"curies":[{"name":"wp","href":"https:\/\/api.w.org\/{rel}","templated":true}]}}