{"id":55918,"date":"2025-08-05T07:40:52","date_gmt":"2025-08-05T07:40:52","guid":{"rendered":"https:\/\/www.icip.cat\/?page_id=55918"},"modified":"2026-02-24T08:51:42","modified_gmt":"2026-02-24T08:51:42","slug":"exposicions","status":"publish","type":"page","link":"https:\/\/www.icip.cat\/ca\/art-cultura-i-pau\/exposicions\/","title":{"rendered":"Exposicions"},"content":{"rendered":"\t\t<div data-elementor-type=\"wp-page\" data-elementor-id=\"55918\" class=\"elementor elementor-55918\" data-elementor-post-type=\"page\">\n\t\t\t\t\t\t<section class=\"elementor-section elementor-top-section elementor-element elementor-element-3922a8d elementor-section-boxed elementor-section-height-default elementor-section-height-default\" data-id=\"3922a8d\" data-element_type=\"section\" data-settings=\"{&quot;background_background&quot;:&quot;classic&quot;}\">\n\t\t\t\t\t\t\t<div class=\"elementor-background-overlay\"><\/div>\n\t\t\t\t\t\t\t<div class=\"elementor-container elementor-column-gap-default\">\n\t\t\t\t\t<div class=\"elementor-column elementor-col-100 elementor-top-column elementor-element elementor-element-fb57e60\" data-id=\"fb57e60\" data-element_type=\"column\">\n\t\t\t<div class=\"elementor-widget-wrap elementor-element-populated\">\n\t\t\t\t\t\t<div class=\"elementor-element elementor-element-371b91e elementor-widget elementor-widget-heading\" data-id=\"371b91e\" data-element_type=\"widget\" data-widget_type=\"heading.default\">\n\t\t\t\t<div class=\"elementor-widget-container\">\n\t\t\t\t\t<h1 class=\"elementor-heading-title elementor-size-default\">Exposicions<\/h1>\t\t\t\t<\/div>\n\t\t\t\t<\/div>\n\t\t\t\t\t<\/div>\n\t\t<\/div>\n\t\t\t\t\t<\/div>\n\t\t<\/section>\n\t\t\t\t<section class=\"elementor-section elementor-top-section elementor-element elementor-element-c29aa89 elementor-section-boxed elementor-section-height-default elementor-section-height-default\" data-id=\"c29aa89\" data-element_type=\"section\">\n\t\t\t\t\t\t\t<div class=\"elementor-background-overlay\"><\/div>\n\t\t\t\t\t\t\t<div class=\"elementor-container elementor-column-gap-default\">\n\t\t\t\t\t<div class=\"elementor-column elementor-col-100 elementor-top-column elementor-element elementor-element-a6ca735\" data-id=\"a6ca735\" data-element_type=\"column\">\n\t\t\t<div class=\"elementor-widget-wrap elementor-element-populated\">\n\t\t\t\t\t\t<div class=\"elementor-element elementor-element-9295e30 elementor-widget elementor-widget-text-editor\" data-id=\"9295e30\" data-element_type=\"widget\" data-widget_type=\"text-editor.default\">\n\t\t\t\t<div class=\"elementor-widget-container\">\n\t\t\t\t\t\t\t\t\t<hr data-start=\"124\" data-end=\"127\" \/><p data-start=\"129\" data-end=\"588\">Les exposicions s\u00f3n una eina clau de l\u2019ICIP per apropar els conflictes, les viol\u00e8ncies i els processos de construcci\u00f3 de pau a la ciutadania, a trav\u00e9s del poder transformador de l\u2019art, la fotografia, la reflexi\u00f3 cr\u00edtica i els testimonis personals. Des de la seva creaci\u00f3, l\u2019ICIP ha produ\u00eft diverses mostres que ofereixen mirades compromeses sobre realitats diverses arreu del m\u00f3n, amb l\u2019objectiu de sensibilitzar, generar empatia i promoure la cultura de pau.<\/p><p data-start=\"590\" data-end=\"986\">Des de les resist\u00e8ncies quotidianes a Centream\u00e8rica fins a les fronteres visibles i invisibles d\u2019Europa, passant per la for\u00e7a creativa de les protestes a Istanbul o el di\u00e0leg valent de les dones a Palestina i Israel, les exposicions de l\u2019ICIP ens conviden a reflexionar sobre les causes i les conseq\u00fc\u00e8ncies de la viol\u00e8ncia, aix\u00ed com sobre les m\u00faltiples formes de construir conviv\u00e8ncia i just\u00edcia.<\/p><p data-start=\"988\" data-end=\"1398\">En aquesta l\u00ednia, l\u2019ICIP ha impulsat recentment <em data-start=\"1036\" data-end=\"1096\">PolsXtrems. El teu gimn\u00e0s per entrenar el pensament cr\u00edtic<\/em>, una proposta innovadora que posa el focus en la polaritzaci\u00f3, la desinformaci\u00f3 i els discursos d\u2019odi. A trav\u00e9s d\u2019una experi\u00e8ncia immersiva i participativa, l\u2019exposici\u00f3 convida a entrenar la curiositat, q\u00fcestionar els propis biaixos i refor\u00e7ar les eines per conviure en societats diverses i complexes.<\/p>\t\t\t\t\t\t\t\t<\/div>\n\t\t\t\t<\/div>\n\t\t\t\t<div class=\"elementor-element elementor-element-9441d5c elementor-widget elementor-widget-heading\" data-id=\"9441d5c\" data-element_type=\"widget\" data-widget_type=\"heading.default\">\n\t\t\t\t<div class=\"elementor-widget-container\">\n\t\t\t\t\t<h2 class=\"elementor-heading-title elementor-size-default\">Exposicions produ\u00efdes<\/h2>\t\t\t\t<\/div>\n\t\t\t\t<\/div>\n\t\t\t\t<div class=\"elementor-element elementor-element-016912b elementor-widget-divider--view-line elementor-widget elementor-widget-divider\" data-id=\"016912b\" data-element_type=\"widget\" data-widget_type=\"divider.default\">\n\t\t\t\t<div class=\"elementor-widget-container\">\n\t\t\t\t\t\t\t<div class=\"elementor-divider\">\n\t\t\t<span class=\"elementor-divider-separator\">\n\t\t\t\t\t\t<\/span>\n\t\t<\/div>\n\t\t\t\t\t\t<\/div>\n\t\t\t\t<\/div>\n\t\t\t\t\t<\/div>\n\t\t<\/div>\n\t\t\t\t\t<\/div>\n\t\t<\/section>\n\t\t\t\t<section class=\"elementor-section elementor-top-section elementor-element elementor-element-4353b99 elementor-section-boxed elementor-section-height-default elementor-section-height-default\" data-id=\"4353b99\" data-element_type=\"section\">\n\t\t\t\t\t\t<div class=\"elementor-container elementor-column-gap-default\">\n\t\t\t\t\t<div class=\"elementor-column elementor-col-100 elementor-top-column elementor-element elementor-element-d6f132f\" data-id=\"d6f132f\" data-element_type=\"column\">\n\t\t\t<div class=\"elementor-widget-wrap elementor-element-populated\">\n\t\t\t\t\t\t<div class=\"elementor-element elementor-element-28ed5ff elementor-widget elementor-widget-icip-expositionlisting\" data-id=\"28ed5ff\" data-element_type=\"widget\" data-widget_type=\"icip-expositionlisting.default\">\n\t\t\t\t<div class=\"elementor-widget-container\">\n\t\t\t\t\t<div class=\"block-exposition-listing\"><div class=\"list\"><article class='entry'><a class='link' href='https:\/\/www.icip.cat\/ca\/exposition\/polsxtrems-el-teu-gimnas-per-entrenar-el-pensament-critic\/'><div class='heading'><div class='image' style='background-image: url(https:\/\/www.icip.cat\/wp-content\/uploads\/2026\/02\/POLSXTREMS_BannerICIP_1920x700.jpg);'><\/div><h2 class=\"title\"><span>PolsXtrems: El teu gimn\u00e0s per entrenar el pensament cr\u00edtic<\/span><\/h2><\/div><div class='details'><p>Endinsa't en un circuit d\u2019entrenament per exercitar el pensament cr\u00edtic, el di\u00e0leg i el respecte per la difer\u00e8ncia.<\/p><\/div><\/a><\/article><article class='entry'><a class='link' href='https:\/\/www.icip.cat\/ca\/exposition\/cara-a-cara-amb-les-violencies\/'><div class='heading'><div class='image' style='background-image: url(https:\/\/www.icip.cat\/wp-content\/uploads\/2021\/10\/expo4.jpg);'><\/div><h2 class=\"title\"><span>Cara a cara amb les viol\u00e8ncies. Relats de resili\u00e8ncia a Centream\u00e8rica<\/span><\/h2><\/div><div class='details'><p>Un recorregut per les m\u00faltiples cares de les viol\u00e8ncies a Centream\u00e8rica i les lluites per fer-hi front.<\/p><\/div><\/a><\/article><article class='entry'><a class='link' href='https:\/\/www.icip.cat\/ca\/exposition\/mon-tanca\/'><div class='heading'><div class='image' style='background-image: url(https:\/\/www.icip.cat\/wp-content\/uploads\/2021\/01\/montanca.jpg);'><\/div><h2 class=\"title\"><span>M\u00f3n-tanca<\/span><\/h2><\/div><div class='details'><p>M\u00f3n-tanca explora maneres de subvertir la l\u00f2gica de la separaci\u00f3 i l'estigmatitzaci\u00f3.<\/p><\/div><\/a><\/article><article class='entry'><a class='link' href='https:\/\/www.icip.cat\/ca\/exposition\/living-on-the-edge\/'><div class='heading'><div class='image' style='background-image: url(https:\/\/www.icip.cat\/wp-content\/uploads\/2021\/01\/living.jpg);'><\/div><h2 class=\"title\"><span>Living on the Edge<\/span><\/h2><\/div><div class='details'><p>Un projecte fotoperiod\u00edstic sobre conflictes i reconciliaci\u00f3 en ciutats dividides d\u2019Europa.<\/p><\/div><\/a><\/article><article class='entry'><a class='link' href='https:\/\/www.icip.cat\/ca\/exposition\/efectegezi\/'><div class='heading'><div class='image' style='background-image: url(https:\/\/www.icip.cat\/wp-content\/uploads\/2021\/01\/gezi.jpg);'><\/div><h2 class=\"title\"><span>#efecteGEZI. El poder transformador de l&#8217;art.<\/span><\/h2><\/div><div class='details'><p>Mostra del poder de la imaginaci\u00f3 col\u00b7lectiva quan es posa al servei de la transformaci\u00f3 social noviolenta.<\/p><\/div><\/a><\/article><article class='entry'><a class='link' href='https:\/\/www.icip.cat\/ca\/exposition\/paraules-descalces-dones-fent-pau\/'><div class='heading'><div class='image' style='background-image: url(https:\/\/www.icip.cat\/wp-content\/uploads\/2021\/01\/paraules.jpg_1924831084.jpg);'><\/div><h2 class=\"title\"><span>Paraules descalces. Dones fent Pau.<\/span><\/h2><\/div><div class='details'><p>Retrats de tretze dones compromeses amb la pau i el respecte dels drets humans a Israel i Palestina.<\/p><\/div><\/a><\/article><\/div><\/div>\t\t\t\t<\/div>\n\t\t\t\t<\/div>\n\t\t\t\t\t<\/div>\n\t\t<\/div>\n\t\t\t\t\t<\/div>\n\t\t<\/section>\n\t\t\t\t<\/div>\n\t\t","protected":false},"excerpt":{"rendered":"<p>Exposicions Les exposicions s\u00f3n una eina clau de l\u2019ICIP per apropar els conflictes, les viol\u00e8ncies i els processos de construcci\u00f3 de pau a la ciutadania, a trav\u00e9s del poder transformador de l\u2019art, la fotografia, la reflexi\u00f3 cr\u00edtica i els testimonis personals. Des de la seva creaci\u00f3, l\u2019ICIP ha produ\u00eft diverses mostres que ofereixen mirades compromeses [&hellip;]<\/p>\n","protected":false},"author":4,"featured_media":0,"parent":55889,"menu_order":0,"comment_status":"closed","ping_status":"closed","template":"","meta":{"_acf_changed":false,"footnotes":""},"class_list":["post-55918","page","type-page","status-publish","hentry"],"acf":[],"yoast_head":"<!-- This site is optimized with the Yoast SEO plugin v25.6 - https:\/\/yoast.com\/wordpress\/plugins\/seo\/ -->\n<title>Exposicions - ICIP<\/title>\n<meta name=\"description\" content=\"Les exposicions de l\u2019ICIP fan visible la viol\u00e8ncia i la resist\u00e8ncia a trav\u00e9s de l\u2019art i la mem\u00f2ria per promoure la pau des de mirades plurals.\" \/>\n<meta name=\"robots\" content=\"index, follow, max-snippet:-1, max-image-preview:large, max-video-preview:-1\" \/>\n<link rel=\"canonical\" href=\"https:\/\/www.icip.cat\/ca\/art-cultura-i-pau\/exposicions\/\" \/>\n<meta property=\"og:locale\" content=\"ca_ES\" \/>\n<meta property=\"og:type\" content=\"article\" \/>\n<meta property=\"og:title\" content=\"Exposicions - ICIP\" \/>\n<meta property=\"og:description\" content=\"Les exposicions de l\u2019ICIP fan visible la viol\u00e8ncia i la resist\u00e8ncia a trav\u00e9s de l\u2019art i la mem\u00f2ria per promoure la pau des de mirades plurals.\" \/>\n<meta property=\"og:url\" content=\"https:\/\/www.icip.cat\/ca\/art-cultura-i-pau\/exposicions\/\" \/>\n<meta property=\"og:site_name\" content=\"ICIP\" \/>\n<meta property=\"article:modified_time\" content=\"2026-02-24T08:51:42+00:00\" \/>\n<meta name=\"twitter:card\" content=\"summary_large_image\" \/>\n<meta name=\"twitter:label1\" content=\"Temps estimat de lectura\" \/>\n\t<meta name=\"twitter:data1\" content=\"2 minuts\" \/>\n<script type=\"application\/ld+json\" class=\"yoast-schema-graph\">{\"@context\":\"https:\/\/schema.org\",\"@graph\":[{\"@type\":\"WebPage\",\"@id\":\"https:\/\/www.icip.cat\/ca\/art-cultura-i-pau\/exposicions\/\",\"url\":\"https:\/\/www.icip.cat\/ca\/art-cultura-i-pau\/exposicions\/\",\"name\":\"Exposicions - ICIP\",\"isPartOf\":{\"@id\":\"https:\/\/www.icip.cat\/ca\/#website\"},\"datePublished\":\"2025-08-05T07:40:52+00:00\",\"dateModified\":\"2026-02-24T08:51:42+00:00\",\"description\":\"Les exposicions de l\u2019ICIP fan visible la viol\u00e8ncia i la resist\u00e8ncia a trav\u00e9s de l\u2019art i la mem\u00f2ria per promoure la pau des de mirades plurals.\",\"breadcrumb\":{\"@id\":\"https:\/\/www.icip.cat\/ca\/art-cultura-i-pau\/exposicions\/#breadcrumb\"},\"inLanguage\":\"ca\",\"potentialAction\":[{\"@type\":\"ReadAction\",\"target\":[\"https:\/\/www.icip.cat\/ca\/art-cultura-i-pau\/exposicions\/\"]}]},{\"@type\":\"BreadcrumbList\",\"@id\":\"https:\/\/www.icip.cat\/ca\/art-cultura-i-pau\/exposicions\/#breadcrumb\",\"itemListElement\":[{\"@type\":\"ListItem\",\"position\":1,\"name\":\"Art, cultura i pau\",\"item\":\"https:\/\/www.icip.cat\/ca\/art-cultura-i-pau\/\"},{\"@type\":\"ListItem\",\"position\":2,\"name\":\"Exposicions\"}]},{\"@type\":\"WebSite\",\"@id\":\"https:\/\/www.icip.cat\/ca\/#website\",\"url\":\"https:\/\/www.icip.cat\/ca\/\",\"name\":\"ICIP\",\"description\":\"\",\"publisher\":{\"@id\":\"https:\/\/www.icip.cat\/ca\/#organization\"},\"potentialAction\":[{\"@type\":\"SearchAction\",\"target\":{\"@type\":\"EntryPoint\",\"urlTemplate\":\"https:\/\/www.icip.cat\/ca\/?s={search_term_string}\"},\"query-input\":{\"@type\":\"PropertyValueSpecification\",\"valueRequired\":true,\"valueName\":\"search_term_string\"}}],\"inLanguage\":\"ca\"},{\"@type\":\"Organization\",\"@id\":\"https:\/\/www.icip.cat\/ca\/#organization\",\"name\":\"ICIP\",\"url\":\"https:\/\/www.icip.cat\/ca\/\",\"logo\":{\"@type\":\"ImageObject\",\"inLanguage\":\"ca\",\"@id\":\"https:\/\/www.icip.cat\/ca\/#\/schema\/logo\/image\/\",\"url\":\"https:\/\/www.icip.cat\/wp-content\/uploads\/2021\/02\/logo-2.png\",\"contentUrl\":\"https:\/\/www.icip.cat\/wp-content\/uploads\/2021\/02\/logo-2.png\",\"width\":562,\"height\":391,\"caption\":\"ICIP\"},\"image\":{\"@id\":\"https:\/\/www.icip.cat\/ca\/#\/schema\/logo\/image\/\"}}]}<\/script>\n<!-- \/ Yoast SEO plugin. -->","yoast_head_json":{"title":"Exposicions - ICIP","description":"Les exposicions de l\u2019ICIP fan visible la viol\u00e8ncia i la resist\u00e8ncia a trav\u00e9s de l\u2019art i la mem\u00f2ria per promoure la pau des de mirades plurals.","robots":{"index":"index","follow":"follow","max-snippet":"max-snippet:-1","max-image-preview":"max-image-preview:large","max-video-preview":"max-video-preview:-1"},"canonical":"https:\/\/www.icip.cat\/ca\/art-cultura-i-pau\/exposicions\/","og_locale":"ca_ES","og_type":"article","og_title":"Exposicions - ICIP","og_description":"Les exposicions de l\u2019ICIP fan visible la viol\u00e8ncia i la resist\u00e8ncia a trav\u00e9s de l\u2019art i la mem\u00f2ria per promoure la pau des de mirades plurals.","og_url":"https:\/\/www.icip.cat\/ca\/art-cultura-i-pau\/exposicions\/","og_site_name":"ICIP","article_modified_time":"2026-02-24T08:51:42+00:00","twitter_card":"summary_large_image","twitter_misc":{"Temps estimat de lectura":"2 minuts"},"schema":{"@context":"https:\/\/schema.org","@graph":[{"@type":"WebPage","@id":"https:\/\/www.icip.cat\/ca\/art-cultura-i-pau\/exposicions\/","url":"https:\/\/www.icip.cat\/ca\/art-cultura-i-pau\/exposicions\/","name":"Exposicions - ICIP","isPartOf":{"@id":"https:\/\/www.icip.cat\/ca\/#website"},"datePublished":"2025-08-05T07:40:52+00:00","dateModified":"2026-02-24T08:51:42+00:00","description":"Les exposicions de l\u2019ICIP fan visible la viol\u00e8ncia i la resist\u00e8ncia a trav\u00e9s de l\u2019art i la mem\u00f2ria per promoure la pau des de mirades plurals.","breadcrumb":{"@id":"https:\/\/www.icip.cat\/ca\/art-cultura-i-pau\/exposicions\/#breadcrumb"},"inLanguage":"ca","potentialAction":[{"@type":"ReadAction","target":["https:\/\/www.icip.cat\/ca\/art-cultura-i-pau\/exposicions\/"]}]},{"@type":"BreadcrumbList","@id":"https:\/\/www.icip.cat\/ca\/art-cultura-i-pau\/exposicions\/#breadcrumb","itemListElement":[{"@type":"ListItem","position":1,"name":"Art, cultura i pau","item":"https:\/\/www.icip.cat\/ca\/art-cultura-i-pau\/"},{"@type":"ListItem","position":2,"name":"Exposicions"}]},{"@type":"WebSite","@id":"https:\/\/www.icip.cat\/ca\/#website","url":"https:\/\/www.icip.cat\/ca\/","name":"ICIP","description":"","publisher":{"@id":"https:\/\/www.icip.cat\/ca\/#organization"},"potentialAction":[{"@type":"SearchAction","target":{"@type":"EntryPoint","urlTemplate":"https:\/\/www.icip.cat\/ca\/?s={search_term_string}"},"query-input":{"@type":"PropertyValueSpecification","valueRequired":true,"valueName":"search_term_string"}}],"inLanguage":"ca"},{"@type":"Organization","@id":"https:\/\/www.icip.cat\/ca\/#organization","name":"ICIP","url":"https:\/\/www.icip.cat\/ca\/","logo":{"@type":"ImageObject","inLanguage":"ca","@id":"https:\/\/www.icip.cat\/ca\/#\/schema\/logo\/image\/","url":"https:\/\/www.icip.cat\/wp-content\/uploads\/2021\/02\/logo-2.png","contentUrl":"https:\/\/www.icip.cat\/wp-content\/uploads\/2021\/02\/logo-2.png","width":562,"height":391,"caption":"ICIP"},"image":{"@id":"https:\/\/www.icip.cat\/ca\/#\/schema\/logo\/image\/"}}]}},"_links":{"self":[{"href":"https:\/\/www.icip.cat\/ca\/wp-json\/wp\/v2\/pages\/55918","targetHints":{"allow":["GET"]}}],"collection":[{"href":"https:\/\/www.icip.cat\/ca\/wp-json\/wp\/v2\/pages"}],"about":[{"href":"https:\/\/www.icip.cat\/ca\/wp-json\/wp\/v2\/types\/page"}],"author":[{"embeddable":true,"href":"https:\/\/www.icip.cat\/ca\/wp-json\/wp\/v2\/users\/4"}],"replies":[{"embeddable":true,"href":"https:\/\/www.icip.cat\/ca\/wp-json\/wp\/v2\/comments?post=55918"}],"version-history":[{"count":25,"href":"https:\/\/www.icip.cat\/ca\/wp-json\/wp\/v2\/pages\/55918\/revisions"}],"predecessor-version":[{"id":61424,"href":"https:\/\/www.icip.cat\/ca\/wp-json\/wp\/v2\/pages\/55918\/revisions\/61424"}],"up":[{"embeddable":true,"href":"https:\/\/www.icip.cat\/ca\/wp-json\/wp\/v2\/pages\/55889"}],"wp:attachment":[{"href":"https:\/\/www.icip.cat\/ca\/wp-json\/wp\/v2\/media?parent=55918"}],"curies":[{"name":"wp","href":"https:\/\/api.w.org\/{rel}","templated":true}]}}