{"id":56110,"date":"2025-08-05T13:35:42","date_gmt":"2025-08-05T13:35:42","guid":{"rendered":"https:\/\/www.icip.cat\/?page_id=56110"},"modified":"2025-08-08T06:32:20","modified_gmt":"2025-08-08T06:32:20","slug":"el-nostre-enfocament","status":"publish","type":"page","link":"https:\/\/www.icip.cat\/ca\/el-nostre-enfocament\/","title":{"rendered":"El nostre enfocament"},"content":{"rendered":"\t\t<div data-elementor-type=\"wp-page\" data-elementor-id=\"56110\" class=\"elementor elementor-56110\" data-elementor-post-type=\"page\">\n\t\t\t\t\t\t<section class=\"elementor-section elementor-top-section elementor-element elementor-element-f7451e9 elementor-section-boxed elementor-section-height-default elementor-section-height-default\" data-id=\"f7451e9\" data-element_type=\"section\" data-settings=\"{&quot;background_background&quot;:&quot;classic&quot;}\">\n\t\t\t\t\t\t\t<div class=\"elementor-background-overlay\"><\/div>\n\t\t\t\t\t\t\t<div class=\"elementor-container elementor-column-gap-default\">\n\t\t\t\t\t<div class=\"elementor-column elementor-col-100 elementor-top-column elementor-element elementor-element-92953eb\" data-id=\"92953eb\" data-element_type=\"column\">\n\t\t\t<div class=\"elementor-widget-wrap elementor-element-populated\">\n\t\t\t\t\t\t<div class=\"elementor-element elementor-element-35056e7 elementor-widget elementor-widget-heading\" data-id=\"35056e7\" data-element_type=\"widget\" data-widget_type=\"heading.default\">\n\t\t\t\t<div class=\"elementor-widget-container\">\n\t\t\t\t\t<h1 class=\"elementor-heading-title elementor-size-default\">El nostre enfocament<\/h1>\t\t\t\t<\/div>\n\t\t\t\t<\/div>\n\t\t\t\t\t<\/div>\n\t\t<\/div>\n\t\t\t\t\t<\/div>\n\t\t<\/section>\n\t\t\t\t<section class=\"elementor-section elementor-top-section elementor-element elementor-element-4577faa elementor-section-boxed elementor-section-height-default elementor-section-height-default\" data-id=\"4577faa\" data-element_type=\"section\">\n\t\t\t\t\t\t<div class=\"elementor-container elementor-column-gap-default\">\n\t\t\t\t\t<div class=\"elementor-column elementor-col-100 elementor-top-column elementor-element elementor-element-708e829\" data-id=\"708e829\" data-element_type=\"column\">\n\t\t\t<div class=\"elementor-widget-wrap elementor-element-populated\">\n\t\t\t\t\t\t<section class=\"elementor-section elementor-inner-section elementor-element elementor-element-13c0764 elementor-section-boxed elementor-section-height-default elementor-section-height-default\" data-id=\"13c0764\" data-element_type=\"section\">\n\t\t\t\t\t\t<div class=\"elementor-container elementor-column-gap-default\">\n\t\t\t\t\t<div class=\"elementor-column elementor-col-100 elementor-inner-column elementor-element elementor-element-94ce3be\" data-id=\"94ce3be\" data-element_type=\"column\">\n\t\t\t<div class=\"elementor-widget-wrap elementor-element-populated\">\n\t\t\t\t\t\t<div class=\"elementor-element elementor-element-1164a32 elementor-widget elementor-widget-text-editor\" data-id=\"1164a32\" data-element_type=\"widget\" data-widget_type=\"text-editor.default\">\n\t\t\t\t<div class=\"elementor-widget-container\">\n\t\t\t\t\t\t\t\t\t<p data-start=\"203\" data-end=\"762\">A l\u2019ICIP entenem la construcci\u00f3 de pau com una tasca col\u00b7lectiva que requereix coher\u00e8ncia, comprom\u00eds i mirada cr\u00edtica. Per aix\u00f2, la nostra manera de treballar es basa en uns principis clars que orienten tant el qu\u00e8 fem com el com ho fem.<\/p><p data-start=\"203\" data-end=\"762\">Posem al centre les persones i col\u00b7lectius que pateixen m\u00e9s les injust\u00edcies, promovem el di\u00e0leg i les aliances entre actors diversos, i actuem amb vocaci\u00f3 transformadora, des de la cura i la responsabilitat p\u00fablica. Aquest enfocament \u00e9s el fil conductor de totes les nostres accions, a Catalunya i a nivell internacional.<\/p><p data-start=\"203\" data-end=\"762\">\u00a0<\/p>\t\t\t\t\t\t\t\t<\/div>\n\t\t\t\t<\/div>\n\t\t\t\t<div class=\"elementor-element elementor-element-50b8f4d elementor-widget elementor-widget-text-editor\" data-id=\"50b8f4d\" data-element_type=\"widget\" data-widget_type=\"text-editor.default\">\n\t\t\t\t<div class=\"elementor-widget-container\">\n\t\t\t\t\t\t\t\t\t<h1>Principis de la instituci\u00f3<\/h1>\t\t\t\t\t\t\t\t<\/div>\n\t\t\t\t<\/div>\n\t\t\t\t<div class=\"elementor-element elementor-element-c7956e0 elementor-widget-divider--view-line elementor-widget elementor-widget-divider\" data-id=\"c7956e0\" data-element_type=\"widget\" data-widget_type=\"divider.default\">\n\t\t\t\t<div class=\"elementor-widget-container\">\n\t\t\t\t\t\t\t<div class=\"elementor-divider\">\n\t\t\t<span class=\"elementor-divider-separator\">\n\t\t\t\t\t\t<\/span>\n\t\t<\/div>\n\t\t\t\t\t\t<\/div>\n\t\t\t\t<\/div>\n\t\t\t\t<div class=\"elementor-element elementor-element-aca6de8 elementor-widget elementor-widget-text-editor\" data-id=\"aca6de8\" data-element_type=\"widget\" data-widget_type=\"text-editor.default\">\n\t\t\t\t<div class=\"elementor-widget-container\">\n\t\t\t\t\t\t\t\t\t<h3>1 &#8211; Posem al centre les v\u00edctimes i col\u00b7lectius minoritzats<\/h3><p>Qui m\u00e9s pateix les injust\u00edcies ha de poder tenir protagonisme en evitar noves injust\u00edcies, en un marc de respecte als drets humans.<\/p><article><h3>2 &#8211; Actuem des de la cura en les nostres relacions<\/h3><p>Cal ser coherents entre els objectius i els m\u00e8todes de treball. Una de les dimensions d\u2019aquesta coher\u00e8ncia \u00e9s posar al centre la cura, tant en les nostres relacions internes com externes, amb els agents amb qui treballem.<\/p><\/article><article><h3>3 &#8211; Promovem el di\u00e0leg entre persones i organitzacions amb perspectives diverses<\/h3><p>Apostar pel di\u00e0leg requereix all\u00f2 que anomenem \u201cactituds de CURA social\u201d: Curiositat per entendre les raons de qui pensa de manera diferent; Respecte a totes les persones, independentment de les seves posicions; Autocr\u00edtica, perqu\u00e8 ning\u00fa no t\u00e9 la veritat absoluta.<\/p><\/article><article><h3>4 &#8211; Actuem pel canvi a nivell local i global<\/h3><p>Els reptes de construcci\u00f3 de pau s\u00f3n globals, amb expressions singulars en cada context. Cal ser justes i solid\u00e0ries a nivell global, i tamb\u00e9 coherents per transformar la pr\u00f2pia societat.<\/p><\/article><article><h3>5 &#8211; Fomentem el pensament cr\u00edtic, la innovaci\u00f3 i la tensi\u00f3 creativa<\/h3><p>Hem de sortir del nostre espai de confort, plantejar preguntes i establir relacions que poden ser inc\u00f2modes, per trobar noves perspectives i respostes.<\/p><\/article><article><h3>6 &#8211; Ens inspirem en les perspectives del feminisme, ecologisme, decolonialisme i defensa dels drets humans<\/h3><p>Compartim la necessitat de transformar les relacions de poder injustes.<\/p><\/article><article><h3>7 &#8211; Teixim aliances i promovem la participaci\u00f3 amb i entre actors socials, institucionals, acad\u00e8mics i culturals<\/h3><p>La transformaci\u00f3 que volem \u00e9s inclusiva, plural i radical. Per aix\u00f2, com m\u00e9s \u00e0mplies i diverses siguin les col\u00b7laboracions, m\u00e9s poder transformador podran tenir.<\/p><\/article><article><h3>8 &#8211; Som un servei p\u00fablic<\/h3><p>Tenim un comprom\u00eds amb el conjunt de la societat, des de la plena independ\u00e8ncia d\u2019actuaci\u00f3 i al servei col\u00b7lectiu i comunitari.<\/p><\/article>\t\t\t\t\t\t\t\t<\/div>\n\t\t\t\t<\/div>\n\t\t\t\t<div class=\"elementor-element elementor-element-ba261f7 elementor-widget elementor-widget-spacer\" data-id=\"ba261f7\" data-element_type=\"widget\" data-widget_type=\"spacer.default\">\n\t\t\t\t<div class=\"elementor-widget-container\">\n\t\t\t\t\t\t\t<div class=\"elementor-spacer\">\n\t\t\t<div class=\"elementor-spacer-inner\"><\/div>\n\t\t<\/div>\n\t\t\t\t\t\t<\/div>\n\t\t\t\t<\/div>\n\t\t\t\t\t<\/div>\n\t\t<\/div>\n\t\t\t\t\t<\/div>\n\t\t<\/section>\n\t\t\t\t\t<\/div>\n\t\t<\/div>\n\t\t\t\t\t<\/div>\n\t\t<\/section>\n\t\t\t\t<\/div>\n\t\t","protected":false},"excerpt":{"rendered":"<p>El nostre enfocament A l\u2019ICIP entenem la construcci\u00f3 de pau com una tasca col\u00b7lectiva que requereix coher\u00e8ncia, comprom\u00eds i mirada cr\u00edtica. Per aix\u00f2, la nostra manera de treballar es basa en uns principis clars que orienten tant el qu\u00e8 fem com el com ho fem. Posem al centre les persones i col\u00b7lectius que pateixen m\u00e9s [&hellip;]<\/p>\n","protected":false},"author":4,"featured_media":0,"parent":0,"menu_order":0,"comment_status":"closed","ping_status":"closed","template":"","meta":{"_acf_changed":false,"footnotes":""},"class_list":["post-56110","page","type-page","status-publish","hentry"],"acf":[],"yoast_head":"<!-- This site is optimized with the Yoast SEO plugin v25.6 - https:\/\/yoast.com\/wordpress\/plugins\/seo\/ -->\n<title>El nostre enfocament - ICIP<\/title>\n<meta name=\"robots\" content=\"index, follow, max-snippet:-1, max-image-preview:large, max-video-preview:-1\" \/>\n<link rel=\"canonical\" href=\"https:\/\/www.icip.cat\/es\/el-nostre-enfocament\/\" \/>\n<meta property=\"og:locale\" content=\"ca_ES\" \/>\n<meta property=\"og:type\" content=\"article\" \/>\n<meta property=\"og:title\" content=\"El nostre enfocament - ICIP\" \/>\n<meta property=\"og:description\" content=\"El nostre enfocament A l\u2019ICIP entenem la construcci\u00f3 de pau com una tasca col\u00b7lectiva que requereix coher\u00e8ncia, comprom\u00eds i mirada cr\u00edtica. Per aix\u00f2, la nostra manera de treballar es basa en uns principis clars que orienten tant el qu\u00e8 fem com el com ho fem. Posem al centre les persones i col\u00b7lectius que pateixen m\u00e9s [&hellip;]\" \/>\n<meta property=\"og:url\" content=\"https:\/\/www.icip.cat\/es\/el-nostre-enfocament\/\" \/>\n<meta property=\"og:site_name\" content=\"ICIP\" \/>\n<meta property=\"article:modified_time\" content=\"2025-08-08T06:32:20+00:00\" \/>\n<meta name=\"twitter:card\" content=\"summary_large_image\" \/>\n<meta name=\"twitter:label1\" content=\"Temps estimat de lectura\" \/>\n\t<meta name=\"twitter:data1\" content=\"3 minuts\" \/>\n<script type=\"application\/ld+json\" class=\"yoast-schema-graph\">{\"@context\":\"https:\/\/schema.org\",\"@graph\":[{\"@type\":\"WebPage\",\"@id\":\"https:\/\/www.icip.cat\/es\/el-nostre-enfocament\/\",\"url\":\"https:\/\/www.icip.cat\/es\/el-nostre-enfocament\/\",\"name\":\"El nostre enfocament - ICIP\",\"isPartOf\":{\"@id\":\"https:\/\/www.icip.cat\/ca\/#website\"},\"datePublished\":\"2025-08-05T13:35:42+00:00\",\"dateModified\":\"2025-08-08T06:32:20+00:00\",\"inLanguage\":\"ca\",\"potentialAction\":[{\"@type\":\"ReadAction\",\"target\":[\"https:\/\/www.icip.cat\/es\/el-nostre-enfocament\/\"]}]},{\"@type\":\"WebSite\",\"@id\":\"https:\/\/www.icip.cat\/ca\/#website\",\"url\":\"https:\/\/www.icip.cat\/ca\/\",\"name\":\"ICIP\",\"description\":\"\",\"publisher\":{\"@id\":\"https:\/\/www.icip.cat\/ca\/#organization\"},\"potentialAction\":[{\"@type\":\"SearchAction\",\"target\":{\"@type\":\"EntryPoint\",\"urlTemplate\":\"https:\/\/www.icip.cat\/ca\/?s={search_term_string}\"},\"query-input\":{\"@type\":\"PropertyValueSpecification\",\"valueRequired\":true,\"valueName\":\"search_term_string\"}}],\"inLanguage\":\"ca\"},{\"@type\":\"Organization\",\"@id\":\"https:\/\/www.icip.cat\/ca\/#organization\",\"name\":\"ICIP\",\"url\":\"https:\/\/www.icip.cat\/ca\/\",\"logo\":{\"@type\":\"ImageObject\",\"inLanguage\":\"ca\",\"@id\":\"https:\/\/www.icip.cat\/ca\/#\/schema\/logo\/image\/\",\"url\":\"https:\/\/www.icip.cat\/wp-content\/uploads\/2021\/02\/logo-2.png\",\"contentUrl\":\"https:\/\/www.icip.cat\/wp-content\/uploads\/2021\/02\/logo-2.png\",\"width\":562,\"height\":391,\"caption\":\"ICIP\"},\"image\":{\"@id\":\"https:\/\/www.icip.cat\/ca\/#\/schema\/logo\/image\/\"}}]}<\/script>\n<!-- \/ Yoast SEO plugin. -->","yoast_head_json":{"title":"El nostre enfocament - ICIP","robots":{"index":"index","follow":"follow","max-snippet":"max-snippet:-1","max-image-preview":"max-image-preview:large","max-video-preview":"max-video-preview:-1"},"canonical":"https:\/\/www.icip.cat\/es\/el-nostre-enfocament\/","og_locale":"ca_ES","og_type":"article","og_title":"El nostre enfocament - ICIP","og_description":"El nostre enfocament A l\u2019ICIP entenem la construcci\u00f3 de pau com una tasca col\u00b7lectiva que requereix coher\u00e8ncia, comprom\u00eds i mirada cr\u00edtica. Per aix\u00f2, la nostra manera de treballar es basa en uns principis clars que orienten tant el qu\u00e8 fem com el com ho fem. Posem al centre les persones i col\u00b7lectius que pateixen m\u00e9s [&hellip;]","og_url":"https:\/\/www.icip.cat\/es\/el-nostre-enfocament\/","og_site_name":"ICIP","article_modified_time":"2025-08-08T06:32:20+00:00","twitter_card":"summary_large_image","twitter_misc":{"Temps estimat de lectura":"3 minuts"},"schema":{"@context":"https:\/\/schema.org","@graph":[{"@type":"WebPage","@id":"https:\/\/www.icip.cat\/es\/el-nostre-enfocament\/","url":"https:\/\/www.icip.cat\/es\/el-nostre-enfocament\/","name":"El nostre enfocament - ICIP","isPartOf":{"@id":"https:\/\/www.icip.cat\/ca\/#website"},"datePublished":"2025-08-05T13:35:42+00:00","dateModified":"2025-08-08T06:32:20+00:00","inLanguage":"ca","potentialAction":[{"@type":"ReadAction","target":["https:\/\/www.icip.cat\/es\/el-nostre-enfocament\/"]}]},{"@type":"WebSite","@id":"https:\/\/www.icip.cat\/ca\/#website","url":"https:\/\/www.icip.cat\/ca\/","name":"ICIP","description":"","publisher":{"@id":"https:\/\/www.icip.cat\/ca\/#organization"},"potentialAction":[{"@type":"SearchAction","target":{"@type":"EntryPoint","urlTemplate":"https:\/\/www.icip.cat\/ca\/?s={search_term_string}"},"query-input":{"@type":"PropertyValueSpecification","valueRequired":true,"valueName":"search_term_string"}}],"inLanguage":"ca"},{"@type":"Organization","@id":"https:\/\/www.icip.cat\/ca\/#organization","name":"ICIP","url":"https:\/\/www.icip.cat\/ca\/","logo":{"@type":"ImageObject","inLanguage":"ca","@id":"https:\/\/www.icip.cat\/ca\/#\/schema\/logo\/image\/","url":"https:\/\/www.icip.cat\/wp-content\/uploads\/2021\/02\/logo-2.png","contentUrl":"https:\/\/www.icip.cat\/wp-content\/uploads\/2021\/02\/logo-2.png","width":562,"height":391,"caption":"ICIP"},"image":{"@id":"https:\/\/www.icip.cat\/ca\/#\/schema\/logo\/image\/"}}]}},"_links":{"self":[{"href":"https:\/\/www.icip.cat\/ca\/wp-json\/wp\/v2\/pages\/56110","targetHints":{"allow":["GET"]}}],"collection":[{"href":"https:\/\/www.icip.cat\/ca\/wp-json\/wp\/v2\/pages"}],"about":[{"href":"https:\/\/www.icip.cat\/ca\/wp-json\/wp\/v2\/types\/page"}],"author":[{"embeddable":true,"href":"https:\/\/www.icip.cat\/ca\/wp-json\/wp\/v2\/users\/4"}],"replies":[{"embeddable":true,"href":"https:\/\/www.icip.cat\/ca\/wp-json\/wp\/v2\/comments?post=56110"}],"version-history":[{"count":10,"href":"https:\/\/www.icip.cat\/ca\/wp-json\/wp\/v2\/pages\/56110\/revisions"}],"predecessor-version":[{"id":56159,"href":"https:\/\/www.icip.cat\/ca\/wp-json\/wp\/v2\/pages\/56110\/revisions\/56159"}],"wp:attachment":[{"href":"https:\/\/www.icip.cat\/ca\/wp-json\/wp\/v2\/media?parent=56110"}],"curies":[{"name":"wp","href":"https:\/\/api.w.org\/{rel}","templated":true}]}}