{"id":56414,"date":"2025-08-22T10:37:35","date_gmt":"2025-08-22T10:37:35","guid":{"rendered":"https:\/\/www.icip.cat\/?page_id=56414"},"modified":"2025-08-22T10:44:31","modified_gmt":"2025-08-22T10:44:31","slug":"activitats-de-petit-format","status":"publish","type":"page","link":"https:\/\/www.icip.cat\/ca\/aliances-estrategiques\/activitats-de-petit-format\/","title":{"rendered":"Activitats de petit format"},"content":{"rendered":"\t\t<div data-elementor-type=\"wp-page\" data-elementor-id=\"56414\" class=\"elementor elementor-56414\" data-elementor-post-type=\"page\">\n\t\t\t\t\t\t<section class=\"elementor-section elementor-top-section elementor-element elementor-element-098a35f elementor-section-boxed elementor-section-height-default elementor-section-height-default\" data-id=\"098a35f\" data-element_type=\"section\" data-settings=\"{&quot;background_background&quot;:&quot;classic&quot;}\">\n\t\t\t\t\t\t\t<div class=\"elementor-background-overlay\"><\/div>\n\t\t\t\t\t\t\t<div class=\"elementor-container elementor-column-gap-default\">\n\t\t\t\t\t<div class=\"elementor-column elementor-col-100 elementor-top-column elementor-element elementor-element-d4566a4\" data-id=\"d4566a4\" data-element_type=\"column\">\n\t\t\t<div class=\"elementor-widget-wrap elementor-element-populated\">\n\t\t\t\t\t\t<div class=\"elementor-element elementor-element-ea96a86 elementor-widget elementor-widget-heading\" data-id=\"ea96a86\" data-element_type=\"widget\" data-widget_type=\"heading.default\">\n\t\t\t\t<div class=\"elementor-widget-container\">\n\t\t\t\t\t<h1 class=\"elementor-heading-title elementor-size-xl\">Activitats de petit format<\/h1>\t\t\t\t<\/div>\n\t\t\t\t<\/div>\n\t\t\t\t\t<\/div>\n\t\t<\/div>\n\t\t\t\t\t<\/div>\n\t\t<\/section>\n\t\t\t\t<section class=\"elementor-section elementor-top-section elementor-element elementor-element-56adc83 elementor-section-boxed elementor-section-height-default elementor-section-height-default\" data-id=\"56adc83\" data-element_type=\"section\">\n\t\t\t\t\t\t<div class=\"elementor-container elementor-column-gap-default\">\n\t\t\t\t\t<div class=\"elementor-column elementor-col-100 elementor-top-column elementor-element elementor-element-98f50b6\" data-id=\"98f50b6\" data-element_type=\"column\">\n\t\t\t<div class=\"elementor-widget-wrap elementor-element-populated\">\n\t\t\t\t\t\t<div class=\"elementor-element elementor-element-d0cdc5a elementor-widget elementor-widget-spacer\" data-id=\"d0cdc5a\" data-element_type=\"widget\" data-widget_type=\"spacer.default\">\n\t\t\t\t<div class=\"elementor-widget-container\">\n\t\t\t\t\t\t\t<div class=\"elementor-spacer\">\n\t\t\t<div class=\"elementor-spacer-inner\"><\/div>\n\t\t<\/div>\n\t\t\t\t\t\t<\/div>\n\t\t\t\t<\/div>\n\t\t\t\t<section class=\"elementor-section elementor-inner-section elementor-element elementor-element-8c402a6 elementor-section-boxed elementor-section-height-default elementor-section-height-default\" data-id=\"8c402a6\" data-element_type=\"section\">\n\t\t\t\t\t\t<div class=\"elementor-container elementor-column-gap-default\">\n\t\t\t\t\t<div class=\"elementor-column elementor-col-100 elementor-inner-column elementor-element elementor-element-e778450\" data-id=\"e778450\" data-element_type=\"column\">\n\t\t\t<div class=\"elementor-widget-wrap elementor-element-populated\">\n\t\t\t\t\t\t<div class=\"elementor-element elementor-element-15b0fb5 elementor-widget elementor-widget-text-editor\" data-id=\"15b0fb5\" data-element_type=\"widget\" data-widget_type=\"text-editor.default\">\n\t\t\t\t<div class=\"elementor-widget-container\">\n\t\t\t\t\t\t\t\t\t<p>Al llarg de l&#8217;any l&#8217;ICIP organitza activitats de reflexi\u00f3 de petit format, com tert\u00falies i sessions d&#8217;an\u00e0lisi, per a un p\u00fablic especialitzat, les quals permeten aprofundir en les tem\u00e0tiques plantejades.\u00a0<\/p>\t\t\t\t\t\t\t\t<\/div>\n\t\t\t\t<\/div>\n\t\t\t\t\t<\/div>\n\t\t<\/div>\n\t\t\t\t\t<\/div>\n\t\t<\/section>\n\t\t\t\t<div class=\"elementor-element elementor-element-4c79cc0 elementor-widget elementor-widget-heading\" data-id=\"4c79cc0\" data-element_type=\"widget\" id=\"colombia\" data-widget_type=\"heading.default\">\n\t\t\t\t<div class=\"elementor-widget-container\">\n\t\t\t\t\t<h2 class=\"elementor-heading-title elementor-size-default\">Sessi\u00f3 d\u2019an\u00e0lisi: \u201cTrauma cr\u00f2nic i inf\u00e0ncia sota ocupaci\u00f3 a Palestina\u201d<\/h2>\t\t\t\t<\/div>\n\t\t\t\t<\/div>\n\t\t\t\t<div class=\"elementor-element elementor-element-fc51ce9 elementor-widget elementor-widget-text-editor\" data-id=\"fc51ce9\" data-element_type=\"widget\" data-widget_type=\"text-editor.default\">\n\t\t\t\t<div class=\"elementor-widget-container\">\n\t\t\t\t\t\t\t\t\t<p data-start=\"200\" data-end=\"607\">L\u2019ocupaci\u00f3 israeliana dels territoris palestins t\u00e9 un impacte devastador en la salut mental i emocional de la poblaci\u00f3 infantil i juvenil. Les recerques constaten que nens, nenes i joves viuen en un estat de \u201ctrauma cr\u00f2nic i continuat\u201d que es manifesta en pors constants, trastorns del son i l\u2019alimentaci\u00f3, inseguretat, dificultats per accedir a l\u2019educaci\u00f3 i una afectaci\u00f3 profunda del benestar emocional.<\/p><p data-start=\"609\" data-end=\"1034\">Aquest va ser el missatge central que van exposar tres investigadores de la Universitat de Betlem en una confer\u00e8ncia celebrada el 21 de maig de 2025 a la seu de l\u2019ICIP, en col\u00b7laboraci\u00f3 amb la Universitat Pompeu Fabra. Les acad\u00e8miques, especialistes en psicologia cl\u00ednica, psicologia social i g\u00e8nere, van compartir les seves recerques sobre els efectes de la viol\u00e8ncia estructural i l\u2019ocupaci\u00f3 militar a Gaza i Cisjord\u00e0nia.<\/p><p data-start=\"1036\" data-end=\"1427\">\u201cGenocidi, despla\u00e7ament for\u00e7\u00f3s i viol\u00e8ncia estan destruint el dia a dia dels infants\u201d, va denunciar Minerva Qassis Jarayseh, mentre que Razan Qadar va remarcar com aquest context genera un trauma permanent. Malgrat tot, les ponents van posar en valor la resili\u00e8ncia de la comunitat palestina i el paper transformador de la recerca acad\u00e8mica com a eina de resist\u00e8ncia i sanaci\u00f3 col\u00b7lectiva.<\/p><p data-start=\"1429\" data-end=\"1465\">\ud83d\udc49 <a href=\"https:\/\/www.3cat.cat\/3cat\/els-infants-i-joves-de-gaza-sobreviuen-devastats-per-un-estat-de-trauma-permanent-que-actua-com-una-forma-de-tortura\/video\/6342267\/\">Veure el reportatge a 3Cat<\/a><\/p>\t\t\t\t\t\t\t\t<\/div>\n\t\t\t\t<\/div>\n\t\t\t\t<div class=\"elementor-element elementor-element-fd0e072 elementor-widget elementor-widget-image\" data-id=\"fd0e072\" data-element_type=\"widget\" data-widget_type=\"image.default\">\n\t\t\t\t<div class=\"elementor-widget-container\">\n\t\t\t\t\t\t\t\t\t\t\t\t\t\t\t<img fetchpriority=\"high\" decoding=\"async\" width=\"640\" height=\"428\" src=\"https:\/\/www.icip.cat\/wp-content\/uploads\/2025\/07\/0.jpg\" class=\"attachment-large size-large wp-image-55454\" alt=\"\" srcset=\"https:\/\/www.icip.cat\/wp-content\/uploads\/2025\/07\/0.jpg 640w, https:\/\/www.icip.cat\/wp-content\/uploads\/2025\/07\/0-300x201.jpg 300w\" sizes=\"(max-width: 640px) 100vw, 640px\" \/>\t\t\t\t\t\t\t\t\t\t\t\t\t\t\t<\/div>\n\t\t\t\t<\/div>\n\t\t\t\t<div class=\"elementor-element elementor-element-48cb4f7 elementor-widget-divider--view-line elementor-widget elementor-widget-divider\" data-id=\"48cb4f7\" data-element_type=\"widget\" data-widget_type=\"divider.default\">\n\t\t\t\t<div class=\"elementor-widget-container\">\n\t\t\t\t\t\t\t<div class=\"elementor-divider\">\n\t\t\t<span class=\"elementor-divider-separator\">\n\t\t\t\t\t\t<\/span>\n\t\t<\/div>\n\t\t\t\t\t\t<\/div>\n\t\t\t\t<\/div>\n\t\t\t\t\t<\/div>\n\t\t<\/div>\n\t\t\t\t\t<\/div>\n\t\t<\/section>\n\t\t\t\t<section class=\"elementor-section elementor-top-section elementor-element elementor-element-4d6d6f1 elementor-section-boxed elementor-section-height-default elementor-section-height-default\" data-id=\"4d6d6f1\" data-element_type=\"section\">\n\t\t\t\t\t\t<div class=\"elementor-container elementor-column-gap-default\">\n\t\t\t\t\t<div class=\"elementor-column elementor-col-100 elementor-top-column elementor-element elementor-element-5864041\" data-id=\"5864041\" data-element_type=\"column\">\n\t\t\t<div class=\"elementor-widget-wrap\">\n\t\t\t\t\t\t\t<\/div>\n\t\t<\/div>\n\t\t\t\t\t<\/div>\n\t\t<\/section>\n\t\t\t\t<\/div>\n\t\t","protected":false},"excerpt":{"rendered":"<p>Activitats de petit format Al llarg de l&#8217;any l&#8217;ICIP organitza activitats de reflexi\u00f3 de petit format, com tert\u00falies i sessions d&#8217;an\u00e0lisi, per a un p\u00fablic especialitzat, les quals permeten aprofundir en les tem\u00e0tiques plantejades.\u00a0 Sessi\u00f3 d\u2019an\u00e0lisi: \u201cTrauma cr\u00f2nic i inf\u00e0ncia sota ocupaci\u00f3 a Palestina\u201d L\u2019ocupaci\u00f3 israeliana dels territoris palestins t\u00e9 un impacte devastador en la [&hellip;]<\/p>\n","protected":false},"author":4,"featured_media":0,"parent":55734,"menu_order":0,"comment_status":"closed","ping_status":"closed","template":"","meta":{"_acf_changed":false,"footnotes":""},"class_list":["post-56414","page","type-page","status-publish","hentry"],"acf":[],"yoast_head":"<!-- This site is optimized with the Yoast SEO plugin v25.6 - https:\/\/yoast.com\/wordpress\/plugins\/seo\/ -->\n<title>Activitats de petit format - ICIP<\/title>\n<meta name=\"robots\" content=\"index, follow, max-snippet:-1, max-image-preview:large, max-video-preview:-1\" \/>\n<link rel=\"canonical\" href=\"https:\/\/www.icip.cat\/ca\/aliances-estrategiques\/activitats-de-petit-format\/\" \/>\n<meta property=\"og:locale\" content=\"ca_ES\" \/>\n<meta property=\"og:type\" content=\"article\" \/>\n<meta property=\"og:title\" content=\"Activitats de petit format - ICIP\" \/>\n<meta property=\"og:description\" content=\"Activitats de petit format Al llarg de l&#8217;any l&#8217;ICIP organitza activitats de reflexi\u00f3 de petit format, com tert\u00falies i sessions d&#8217;an\u00e0lisi, per a un p\u00fablic especialitzat, les quals permeten aprofundir en les tem\u00e0tiques plantejades.\u00a0 Sessi\u00f3 d\u2019an\u00e0lisi: \u201cTrauma cr\u00f2nic i inf\u00e0ncia sota ocupaci\u00f3 a Palestina\u201d L\u2019ocupaci\u00f3 israeliana dels territoris palestins t\u00e9 un impacte devastador en la [&hellip;]\" \/>\n<meta property=\"og:url\" content=\"https:\/\/www.icip.cat\/ca\/aliances-estrategiques\/activitats-de-petit-format\/\" \/>\n<meta property=\"og:site_name\" content=\"ICIP\" \/>\n<meta property=\"article:modified_time\" content=\"2025-08-22T10:44:31+00:00\" \/>\n<meta property=\"og:image\" content=\"https:\/\/www.icip.cat\/wp-content\/uploads\/2025\/07\/0.jpg\" \/>\n\t<meta property=\"og:image:width\" content=\"640\" \/>\n\t<meta property=\"og:image:height\" content=\"428\" \/>\n\t<meta property=\"og:image:type\" content=\"image\/jpeg\" \/>\n<meta name=\"twitter:card\" content=\"summary_large_image\" \/>\n<meta name=\"twitter:label1\" content=\"Temps estimat de lectura\" \/>\n\t<meta name=\"twitter:data1\" content=\"2 minuts\" \/>\n<script type=\"application\/ld+json\" class=\"yoast-schema-graph\">{\"@context\":\"https:\/\/schema.org\",\"@graph\":[{\"@type\":\"WebPage\",\"@id\":\"https:\/\/www.icip.cat\/ca\/aliances-estrategiques\/activitats-de-petit-format\/\",\"url\":\"https:\/\/www.icip.cat\/ca\/aliances-estrategiques\/activitats-de-petit-format\/\",\"name\":\"Activitats de petit format - ICIP\",\"isPartOf\":{\"@id\":\"https:\/\/www.icip.cat\/ca\/#website\"},\"primaryImageOfPage\":{\"@id\":\"https:\/\/www.icip.cat\/ca\/aliances-estrategiques\/activitats-de-petit-format\/#primaryimage\"},\"image\":{\"@id\":\"https:\/\/www.icip.cat\/ca\/aliances-estrategiques\/activitats-de-petit-format\/#primaryimage\"},\"thumbnailUrl\":\"https:\/\/www.icip.cat\/wp-content\/uploads\/2025\/07\/0.jpg\",\"datePublished\":\"2025-08-22T10:37:35+00:00\",\"dateModified\":\"2025-08-22T10:44:31+00:00\",\"breadcrumb\":{\"@id\":\"https:\/\/www.icip.cat\/ca\/aliances-estrategiques\/activitats-de-petit-format\/#breadcrumb\"},\"inLanguage\":\"ca\",\"potentialAction\":[{\"@type\":\"ReadAction\",\"target\":[\"https:\/\/www.icip.cat\/ca\/aliances-estrategiques\/activitats-de-petit-format\/\"]}]},{\"@type\":\"ImageObject\",\"inLanguage\":\"ca\",\"@id\":\"https:\/\/www.icip.cat\/ca\/aliances-estrategiques\/activitats-de-petit-format\/#primaryimage\",\"url\":\"https:\/\/www.icip.cat\/wp-content\/uploads\/2025\/07\/0.jpg\",\"contentUrl\":\"https:\/\/www.icip.cat\/wp-content\/uploads\/2025\/07\/0.jpg\"},{\"@type\":\"BreadcrumbList\",\"@id\":\"https:\/\/www.icip.cat\/ca\/aliances-estrategiques\/activitats-de-petit-format\/#breadcrumb\",\"itemListElement\":[{\"@type\":\"ListItem\",\"position\":1,\"name\":\"Aliances estrat\u00e8giques\",\"item\":\"https:\/\/www.icip.cat\/es\/alianzas-estrategicas\/\"},{\"@type\":\"ListItem\",\"position\":2,\"name\":\"Activitats de petit format\"}]},{\"@type\":\"WebSite\",\"@id\":\"https:\/\/www.icip.cat\/ca\/#website\",\"url\":\"https:\/\/www.icip.cat\/ca\/\",\"name\":\"ICIP\",\"description\":\"\",\"publisher\":{\"@id\":\"https:\/\/www.icip.cat\/ca\/#organization\"},\"potentialAction\":[{\"@type\":\"SearchAction\",\"target\":{\"@type\":\"EntryPoint\",\"urlTemplate\":\"https:\/\/www.icip.cat\/ca\/?s={search_term_string}\"},\"query-input\":{\"@type\":\"PropertyValueSpecification\",\"valueRequired\":true,\"valueName\":\"search_term_string\"}}],\"inLanguage\":\"ca\"},{\"@type\":\"Organization\",\"@id\":\"https:\/\/www.icip.cat\/ca\/#organization\",\"name\":\"ICIP\",\"url\":\"https:\/\/www.icip.cat\/ca\/\",\"logo\":{\"@type\":\"ImageObject\",\"inLanguage\":\"ca\",\"@id\":\"https:\/\/www.icip.cat\/ca\/#\/schema\/logo\/image\/\",\"url\":\"https:\/\/www.icip.cat\/wp-content\/uploads\/2021\/02\/logo-2.png\",\"contentUrl\":\"https:\/\/www.icip.cat\/wp-content\/uploads\/2021\/02\/logo-2.png\",\"width\":562,\"height\":391,\"caption\":\"ICIP\"},\"image\":{\"@id\":\"https:\/\/www.icip.cat\/ca\/#\/schema\/logo\/image\/\"}}]}<\/script>\n<!-- \/ Yoast SEO plugin. -->","yoast_head_json":{"title":"Activitats de petit format - ICIP","robots":{"index":"index","follow":"follow","max-snippet":"max-snippet:-1","max-image-preview":"max-image-preview:large","max-video-preview":"max-video-preview:-1"},"canonical":"https:\/\/www.icip.cat\/ca\/aliances-estrategiques\/activitats-de-petit-format\/","og_locale":"ca_ES","og_type":"article","og_title":"Activitats de petit format - ICIP","og_description":"Activitats de petit format Al llarg de l&#8217;any l&#8217;ICIP organitza activitats de reflexi\u00f3 de petit format, com tert\u00falies i sessions d&#8217;an\u00e0lisi, per a un p\u00fablic especialitzat, les quals permeten aprofundir en les tem\u00e0tiques plantejades.\u00a0 Sessi\u00f3 d\u2019an\u00e0lisi: \u201cTrauma cr\u00f2nic i inf\u00e0ncia sota ocupaci\u00f3 a Palestina\u201d L\u2019ocupaci\u00f3 israeliana dels territoris palestins t\u00e9 un impacte devastador en la [&hellip;]","og_url":"https:\/\/www.icip.cat\/ca\/aliances-estrategiques\/activitats-de-petit-format\/","og_site_name":"ICIP","article_modified_time":"2025-08-22T10:44:31+00:00","og_image":[{"width":640,"height":428,"url":"https:\/\/www.icip.cat\/wp-content\/uploads\/2025\/07\/0.jpg","type":"image\/jpeg"}],"twitter_card":"summary_large_image","twitter_misc":{"Temps estimat de lectura":"2 minuts"},"schema":{"@context":"https:\/\/schema.org","@graph":[{"@type":"WebPage","@id":"https:\/\/www.icip.cat\/ca\/aliances-estrategiques\/activitats-de-petit-format\/","url":"https:\/\/www.icip.cat\/ca\/aliances-estrategiques\/activitats-de-petit-format\/","name":"Activitats de petit format - ICIP","isPartOf":{"@id":"https:\/\/www.icip.cat\/ca\/#website"},"primaryImageOfPage":{"@id":"https:\/\/www.icip.cat\/ca\/aliances-estrategiques\/activitats-de-petit-format\/#primaryimage"},"image":{"@id":"https:\/\/www.icip.cat\/ca\/aliances-estrategiques\/activitats-de-petit-format\/#primaryimage"},"thumbnailUrl":"https:\/\/www.icip.cat\/wp-content\/uploads\/2025\/07\/0.jpg","datePublished":"2025-08-22T10:37:35+00:00","dateModified":"2025-08-22T10:44:31+00:00","breadcrumb":{"@id":"https:\/\/www.icip.cat\/ca\/aliances-estrategiques\/activitats-de-petit-format\/#breadcrumb"},"inLanguage":"ca","potentialAction":[{"@type":"ReadAction","target":["https:\/\/www.icip.cat\/ca\/aliances-estrategiques\/activitats-de-petit-format\/"]}]},{"@type":"ImageObject","inLanguage":"ca","@id":"https:\/\/www.icip.cat\/ca\/aliances-estrategiques\/activitats-de-petit-format\/#primaryimage","url":"https:\/\/www.icip.cat\/wp-content\/uploads\/2025\/07\/0.jpg","contentUrl":"https:\/\/www.icip.cat\/wp-content\/uploads\/2025\/07\/0.jpg"},{"@type":"BreadcrumbList","@id":"https:\/\/www.icip.cat\/ca\/aliances-estrategiques\/activitats-de-petit-format\/#breadcrumb","itemListElement":[{"@type":"ListItem","position":1,"name":"Aliances estrat\u00e8giques","item":"https:\/\/www.icip.cat\/es\/alianzas-estrategicas\/"},{"@type":"ListItem","position":2,"name":"Activitats de petit format"}]},{"@type":"WebSite","@id":"https:\/\/www.icip.cat\/ca\/#website","url":"https:\/\/www.icip.cat\/ca\/","name":"ICIP","description":"","publisher":{"@id":"https:\/\/www.icip.cat\/ca\/#organization"},"potentialAction":[{"@type":"SearchAction","target":{"@type":"EntryPoint","urlTemplate":"https:\/\/www.icip.cat\/ca\/?s={search_term_string}"},"query-input":{"@type":"PropertyValueSpecification","valueRequired":true,"valueName":"search_term_string"}}],"inLanguage":"ca"},{"@type":"Organization","@id":"https:\/\/www.icip.cat\/ca\/#organization","name":"ICIP","url":"https:\/\/www.icip.cat\/ca\/","logo":{"@type":"ImageObject","inLanguage":"ca","@id":"https:\/\/www.icip.cat\/ca\/#\/schema\/logo\/image\/","url":"https:\/\/www.icip.cat\/wp-content\/uploads\/2021\/02\/logo-2.png","contentUrl":"https:\/\/www.icip.cat\/wp-content\/uploads\/2021\/02\/logo-2.png","width":562,"height":391,"caption":"ICIP"},"image":{"@id":"https:\/\/www.icip.cat\/ca\/#\/schema\/logo\/image\/"}}]}},"_links":{"self":[{"href":"https:\/\/www.icip.cat\/ca\/wp-json\/wp\/v2\/pages\/56414","targetHints":{"allow":["GET"]}}],"collection":[{"href":"https:\/\/www.icip.cat\/ca\/wp-json\/wp\/v2\/pages"}],"about":[{"href":"https:\/\/www.icip.cat\/ca\/wp-json\/wp\/v2\/types\/page"}],"author":[{"embeddable":true,"href":"https:\/\/www.icip.cat\/ca\/wp-json\/wp\/v2\/users\/4"}],"replies":[{"embeddable":true,"href":"https:\/\/www.icip.cat\/ca\/wp-json\/wp\/v2\/comments?post=56414"}],"version-history":[{"count":17,"href":"https:\/\/www.icip.cat\/ca\/wp-json\/wp\/v2\/pages\/56414\/revisions"}],"predecessor-version":[{"id":56436,"href":"https:\/\/www.icip.cat\/ca\/wp-json\/wp\/v2\/pages\/56414\/revisions\/56436"}],"up":[{"embeddable":true,"href":"https:\/\/www.icip.cat\/ca\/wp-json\/wp\/v2\/pages\/55734"}],"wp:attachment":[{"href":"https:\/\/www.icip.cat\/ca\/wp-json\/wp\/v2\/media?parent=56414"}],"curies":[{"name":"wp","href":"https:\/\/api.w.org\/{rel}","templated":true}]}}