{"id":57,"date":"2020-10-26T09:49:52","date_gmt":"2020-10-26T09:49:52","guid":{"rendered":"http:\/\/www.icip.cat\/?page_id=57"},"modified":"2025-03-07T11:33:58","modified_gmt":"2025-03-07T11:33:58","slug":"avis-legal","status":"publish","type":"page","link":"https:\/\/www.icip.cat\/ca\/avis-legal\/","title":{"rendered":"Av\u00eds legal"},"content":{"rendered":"\n<p class=\"has-large-font-size\"><strong>Av\u00eds legal<\/strong><\/p>\n\n\n\n<p>L\u2019ICIP permet la reutilitzaci\u00f3 dels continguts i de les dades per a tot el m\u00f3n i sense cap mena de limitaci\u00f3 temporal ni restricci\u00f3, en els termes establerts per l&#8217;instrument legal&nbsp;<strong>CC0 de Creative Commons<\/strong>, d\u2019acord amb l\u2019article 17.1 de la Llei 19\/2014, de 29 de desembre, de transpar\u00e8ncia, acc\u00e9s a la informaci\u00f3 p\u00fablica i m\u00e9s enll\u00e0 de les condicions b\u00e0siques establertes en l\u2019article 8 de la&nbsp;Llei 37\/2007&nbsp;sobre la reutilitzaci\u00f3 de la informaci\u00f3 del sector p\u00fablic (citaci\u00f3 de la font, no alteraci\u00f3 ni desnaturalitzaci\u00f3 de la informaci\u00f3 i especificaci\u00f3 de la data d\u2019\u00faltima actualitzaci\u00f3), i sempre que no es contradigui amb la llic\u00e8ncia o av\u00eds que pugui tenir una obra i que \u00e9s la que preval.<\/p>\n\n\n\n<p>L\u2019ICIP tamb\u00e9 es compromet a construir webs amb disseny responsiu, usables i accessibles per garantir l&#8217;acc\u00e9s a totes les persones que els consulten independentment de les seves capacitats, f\u00edsiques, sensorials o intel\u00b7lectuals i tamb\u00e9 del dispositiu que utilitzin per connectar-s\u2019hi.<\/p>\n\n\n\n<p class=\"has-large-font-size\"><strong>Modalitats de reutilitzaci\u00f3 de la informaci\u00f3 a icip.cat<\/strong><\/p>\n\n\n\n<p>D\u2019acord amb &nbsp;l\u2019article 17.1 de la Llei 19\/2014, de 29 de desembre, de transpar\u00e8ncia, acc\u00e9s a la informaci\u00f3 p\u00fablica, la reutilitzaci\u00f3 de la informaci\u00f3 p\u00fablica \u00e9s lliure i no est\u00e0 subjecta a restriccions, llevat dels sup\u00f2sits en qu\u00e8, per via reglament\u00e0ria, se sotmeti a l\u2019obtenci\u00f3 d\u2019una llic\u00e8ncia espec\u00edfica, per ra\u00f3 de la tutela d\u2019altres drets o b\u00e9ns jur\u00eddics, o a la sol\u00b7licitud pr\u00e8via de l\u2019interessat.<\/p>\n\n\n\n<p>La&nbsp;Llei 37\/2007, de 16 de novembre, sobre reutilitzaci\u00f3 de la informaci\u00f3 del sector p\u00fablic, que transposa la&nbsp;Directiva 2003\/98\/CE del Parlament Europeu i del Consell,&nbsp;i modificada per la Llei 18\/2015, de 9 de juliol (que al seu torn transposa la Directiva 2013\/37\/UE), regulen&nbsp;la reutilitzaci\u00f3 de la informaci\u00f3 p\u00fablica de qu\u00e8 disposen les administracions i organismes en qu\u00e8 participen majorit\u00e0riament, \u00e9s a dir, el dret de tots els agents potencials del mercat a la reutilitzaci\u00f3 de la informaci\u00f3 de les inst\u00e0ncies p\u00fabliques. D&#8217;acord amb aquesta normativa,&nbsp;l\u2019ICIP permet la reproducci\u00f3, la distribuci\u00f3 i la comunicaci\u00f3 p\u00fablica de l&#8217;obra i, a m\u00e9s, la transformaci\u00f3 de l&#8217;obra per fer-ne obres derivades, per a tot el m\u00f3n i sense cap limitaci\u00f3 temporal, d&#8217;acord amb l&#8217;instrument legal&nbsp;<strong>CC0 de Creative Commons<\/strong>, i sempre que no es contradigui amb la llic\u00e8ncia o av\u00eds que pugui tenir una obra i que \u00e9s la que preval.<\/p>\n\n\n\n<p>Per reutilitzar la informaci\u00f3, cal seguir les condicions seg\u00fcents:<\/p>\n\n\n\n<ul class=\"wp-block-list\">\n<li>No desnaturalitzar el sentit de la informaci\u00f3<\/li>\n\n\n\n<li>Citar sempre la font de la informaci\u00f3<\/li>\n\n\n\n<li>Mencionar la data de l&#8217;\u00faltima actualitzaci\u00f3 de la informaci\u00f3.<\/li>\n<\/ul>\n\n\n\n<p>Cal esmentar sempre la font: ICIP (Institut Catal\u00e0 Internacional per la Pau).<\/p>\n\n\n\n<p class=\"has-large-font-size\"><strong>Altres modalitats de reutilitzaci\u00f3<\/strong><\/p>\n\n\n\n<p>Aix\u00ed mateix, la reutilitzaci\u00f3 es pot limitar per la tutela d&#8217;altres b\u00e9ns jur\u00eddics prioritaris, com ara la protecci\u00f3 de les dades personals, la intimitat o els drets de protecci\u00f3 intel\u00b7lectual de tercers. La reutilitzaci\u00f3 d&#8217;obres protegides per la propietat intel\u00b7lectual es pot formalitzar mitjan\u00e7ant l&#8217;\u00fas de llic\u00e8ncies de difusi\u00f3 oberta, com les de&nbsp;<em>Creative Commons<\/em>, que cedeixen determinats drets d&#8217;explotaci\u00f3 de les obres. En els continguts on s&#8217;apliqui aquest tipus de llic\u00e8ncies, es permet la reutilitzaci\u00f3 en les condicions que s&#8217;hi estableixin.<\/p>\n\n\n\n<p>No s&#8217;autoritza en cap cas l\u2019\u00fas del logotip de l\u2019ICIP en publicacions i webs de tercers. Els elements d\u2019identitat corporativa s\u00f3n propietat exclusiva de l\u2019ICIP.<\/p>\n\n\n\n<h2 class=\"wp-block-heading\">Butllet\u00ed<\/h2>\n\n\n\n<p>Identificaci\u00f3 del tractament: &#8220;Publicacions&#8221;.<\/p>\n\n\n\n<p>Responsable del tractament: Institut Catal\u00e0 Internacional per la Pau.<\/p>\n\n\n\n<p>Finalitat del tractament: Trametre a les persones subscriptores les publicacions electr\u00f2niques.<\/p>\n\n\n\n<p>Legitimaci\u00f3: Consentiment de la persona interessada.<\/p>\n\n\n\n<p>Destinataris: No es preveu comunicaci\u00f3 de dades.<\/p>\n\n\n\n<p>Drets de les persones interessades: Sol\u00b7licitar l&#8217;acc\u00e9s, rectificaci\u00f3 o supressi\u00f3 de les dades, i la limitaci\u00f3 o oposici\u00f3 al tractament.<\/p>\n\n\n\n<p class=\"has-large-font-size\"><strong>Pol\u00edtica de galetes<\/strong><\/p>\n\n\n\n<p>El web icip.cat utilitza les galetes seg\u00fcents: categories de galetes i finalitat.<\/p>\n\n\n\n<p>Navegar per aquest web amb les galetes activades al navegador comporta de manera imprescindible l\u2019acceptaci\u00f3 de l\u2019\u00fas d\u2019aquestes conforme la pol\u00edtica present. Si no accepteu l\u2019\u00fas de les galetes, podeu bloquejar-les al navegador.<\/p>\n\n\n\n<p class=\"has-large-font-size\"><strong>Qu\u00e8 s\u00f3n les galetes<\/strong><\/p>\n\n\n\n<p>Les galetes s\u00f3n fitxers que es descarreguen al vostre dispositiu en accedir a determinades p\u00e0gines web i permeten a la p\u00e0gina web, entre d\u2019altres coses, emmagatzemar i recuperar informaci\u00f3 sobre els h\u00e0bits de navegaci\u00f3 d\u2019una persona usu\u00e0ria o del seu equip i, depenent de la informaci\u00f3 que continguin i de la forma que qu\u00e8 utilitzi el seu equip, poden utilitzar-se per recon\u00e8ixer l\u2019usuari.<\/p>\n\n\n\n<p class=\"has-large-font-size\"><strong>Com funcionen i per a qu\u00e8 serveixen<\/strong><\/p>\n\n\n\n<ul class=\"wp-block-list\">\n<li>Formen part de la majoria de webs. Quan s\u2019accedeix a un web que utilitza galetes, el web fa que el navegador cre\u00ef al vostre equip (ordinador, tauleta, tel\u00e8fon, etc.) petits fitxers amb informaci\u00f3 necess\u00e0ria per al funcionament del web. Aquests fitxers (que s\u00f3n les galetes pr\u00f2piament dites) formen part de la tecnologia necess\u00e0ria per al correcte funcionament del lloc web i no s\u00f3n inherentment perjudicials.<\/li>\n\n\n\n<li>L\u2019historial de navegaci\u00f3 i les galetes s\u2019emmagatzemen al vostre equip. Les galetes, de forma similar a l\u2019historial de navegaci\u00f3 o a la mem\u00f2ria cach\u00e9 del navegador, s\u00f3n un rastre de la vostra activitat a Internet. Aix\u00f2 pot ser important si altres persones poden accedir al vostre equip. En el cas que estigueu utilitzant un equip compartit, es recomana que en acabar esborreu la informaci\u00f3 sobre el vostre historial de navegaci\u00f3, cach\u00e9 i galetes. Si no sabeu com fer-ho, consulteu l\u2019apartat d\u2019ajuda del navegador.<\/li>\n\n\n\n<li>Podeu desactivar les galetes, per\u00f2 alguns webs no funcionaran correctament. Si us preocupa la vostra privacitat, podeu desactivar completament l\u2019\u00fas de les galetes a l\u2019apartat de configuraci\u00f3 del vostre navegador. En fer-ho, \u00e9s possible que algunes parts del web no funcionin correctament.<\/li>\n<\/ul>\n\n\n\n<p class=\"has-large-font-size\"><strong>Galetes espec\u00edfiques de Hotjar<\/strong><\/p>\n\n\n\n<p>Per entendre millor les necessitats de les persones usu\u00e0ries i optimitzar el servei i l\u2019experi\u00e8ncia, utilitzem l\u2019eina Hotjar, que \u00e9s un servei tecnol\u00f2gic que ajuda a interpretar i entendre la conducta de l\u2019usuari quan navega pel web (per exemple, el temps que dedica a les p\u00e0gines, els enlla\u00e7os que tria que fa clic, etc.).<\/p>\n\n\n\n<p>Hotjar utilitza galetes i altres tecnologies per recopilar dades sobre el comportament dels usuaris i els seus dispositius, concretament:<\/p>\n\n\n\n<ul class=\"wp-block-list\">\n<li>L\u2019adre\u00e7a IP del dispositiu (capturada i emmagatzemada nom\u00e9s de forma an\u00f2nima).<\/li>\n\n\n\n<li>La mida de la pantalla del dispositiu.<\/li>\n\n\n\n<li>El tipus de dispositiu (identificadors del dispositiu \u00fanic).<\/li>\n\n\n\n<li>La informaci\u00f3 del navegador.<\/li>\n\n\n\n<li>La ubicaci\u00f3 geogr\u00e0fica.<\/li>\n\n\n\n<li>L\u2019idioma preferit que s\u2019utilitza per mostrar el web.<\/li>\n<\/ul>\n\n\n\n<p>Hotjar emmagatzema aquesta informaci\u00f3 en un perfil d&#8217;usuari pseudonimitzat. No s\u2019utilitza aquesta informaci\u00f3 per identificar usuaris individuals o per combinar-la amb m\u00e9s dades sobre un usuari individual.<\/p>\n\n\n\n<p class=\"has-large-font-size\"><strong>Quines galetes recullen els webs de la Generalitat de Catalunya<\/strong><\/p>\n\n\n\n<figure class=\"wp-block-table\"><table class=\"has-background\" style=\"background-color:#f3f4f5\"><tbody><tr><td><strong>Tipus de galeta<\/strong><\/td><td><strong>Galeta<\/strong><\/td><td><strong>Durada<\/strong><\/td><td><strong><strong><strong>\u00das<\/strong><\/strong><\/strong><\/td><td><strong>Pol\u00edtica<\/strong><\/td><\/tr><tr><td>Anal\u00edtica<\/td><td>_pk_id.&lt;appID&gt;.&lt;domainHash&gt;<\/td><td>Un any<\/td><td>S&#8217;utilitza per recon\u00e8ixer els visitants i mantenir les diverses propietats que han definit.<\/td><td>PIWIK PRO<\/td><\/tr><tr><td>Anal\u00edtica<\/td><td>_pk_ses.&lt;appID&gt;.&lt;domainHash&gt;<\/td><td>30 minuts<\/td><td>Mostra la sessi\u00f3 activa del visitant.&nbsp;<\/td><td>PIWIK PRO<\/td><\/tr><tr><td>Anal\u00edtica<\/td><td>ppms_privacy_&lt;appID&gt;<\/td><td>Un any<\/td><td>Emmagatzema el consentiment del visitant per a la recollida i l&#8217;\u00fas de dades.<\/td><td>PIWIK PRO<\/td><\/tr><tr><td>Anal\u00edtica<\/td><td>stg_traffic_source_priority<\/td><td>30 minuts<\/td><td>Emmagatzema el tipus de font de tr\u00e0nsit des de la qual el visitant ha arribat al lloc.<\/td><td>PIWIK PRO<\/td><\/tr><tr><td>Anal\u00edtica<\/td><td>stg_last_interaction<\/td><td>Un any<\/td><td>Indica si l&#8217;\u00faltima sessi\u00f3 del visitant encara s&#8217;est\u00e0 executant o si se n&#8217;ha iniciat una de nova.<\/td><td>PIWIK PRO<\/td><\/tr><tr><td>Anal\u00edtica<\/td><td>stg_returning_visitor<\/td><td>Un any<\/td><td>Indica si el visitant ha estat al lloc web abans.<\/td><td>PIWIK PRO<\/td><\/tr><tr><td>Anal\u00edtica<\/td><td>stg_fired__&lt;conditionID&gt;<\/td><td>Sessi\u00f3<\/td><td>Indica si s&#8217;ha disparat la combinaci\u00f3 d&#8217;etiqueta i desencadenant durant la sessi\u00f3 actual del visitant.<\/td><td>PIWIK PRO<\/td><\/tr><tr><td>Anal\u00edtica<\/td><td>stg_utm_campaign<\/td><td>Sessi\u00f3<\/td><td>Emmagatzema el nom de la campanya que ha dirigit el visitant al lloc web.<\/td><td>PIWIK PRO<\/td><\/tr><tr><td>Anal\u00edtica<\/td><td>stg_pk_campaign<\/td><td>Sessi\u00f3<\/td><td>Emmagatzema el nom de la campanya que ha dirigit el visitant al lloc web.<\/td><td>PIWIK PRO<\/td><\/tr><tr><td>Anal\u00edtica<\/td><td>stg_externalReferrer<\/td><td>Sessi\u00f3<\/td><td>Emmagatzema l&#8217;URL del lloc que ha esmentat el lloc web al visitant.<\/td><td>PIWIK PRO<\/td><\/tr><tr><td>Anal\u00edtica<\/td><td>_stg_optout<\/td><td>Sessi\u00f3<\/td><td>Ajuda a desactivar totes les etiquetes de seguiment al lloc.<\/td><td>PIWIK PRO<\/td><\/tr><tr><td>Anal\u00edtica<\/td><td>_nmstat<\/td><td>1.000 dies<br><\/td><td>Serveix per identificar usuaris an\u00f2nimament.<br><\/td><td><a href=\"https:\/\/support.siteimprove.com\/hc\/en-gb\/articles\/115000070092-Analytics-Technical-Specifications\">Pol\u00edtica de Siteimprove<\/a><\/td><\/tr><tr><td>Gestor de contingut<\/td><td>JSESSIONID<\/td><td>Durada de la sessi\u00f3 web<br><\/td><td>Galeta t\u00e8cnica utilitzada per servidors d&#8217;aplicacions Java com Tomcat, per mantenir i identificar la sessi\u00f3 de l&#8217;usuari.<br><\/td><td><\/td><\/tr><tr><td>Hotjar<\/td><td>_hjClosedSurveyInvites<\/td><td>1 any<br><\/td><td>S\u2019utilitza per assegurar-se que no aparegui una invitaci\u00f3 a fer una enquesta si ja s&#8217;ha mostrat.<br><\/td><td><a href=\"https:\/\/www.hotjar.com\/legal\/policies\/cookie-information\">Pol\u00edtica de Hotjar<\/a><\/td><\/tr><tr><td>Hotjar<\/td><td>_hjDonePolls<\/td><td>1 any<br><\/td><td>Serveix per assegurar-se que una enquesta no torni a apar\u00e8ixer si ja s&#8217;ha completat.<br><br><\/td><td><a href=\"https:\/\/www.hotjar.com\/legal\/policies\/cookie-information\">Pol\u00edtica de Hotjar<\/a><\/td><\/tr><tr><td>Hotjar<\/td><td>_hjMinimizedPolls<\/td><td>1 any<br><\/td><td>S&#8217;utilitza per garantir que el giny d&#8217;enquesta de comentaris es mant\u00e9 al m\u00ednim quan es minimitza un cop.<br><br><\/td><td><a href=\"https:\/\/www.hotjar.com\/legal\/policies\/cookie-information\">Pol\u00edtica de Hotjar<\/a><\/td><\/tr><tr><td>Hotjar<\/td><td>_hjDoneTestersWidgets<\/td><td>1 any<br><\/td><td>Serveix per assegurar-se que no reapareixer\u00e0 el mateix formulari de reclutadors de prova si ja s&#8217;ha emplenat.<br><br><\/td><td><a href=\"https:\/\/www.hotjar.com\/legal\/policies\/cookie-information\">Pol\u00edtica de Hotjar<\/a><\/td><\/tr><tr><td>Hotjar<\/td><td>_hjMinimizedTestersWidgets<\/td><td>1 any<br><\/td><td>S&#8217;utilitza per garantir que el giny del formulari de reclutadors de prova es mant\u00e9 al m\u00ednim quan es minimitza un cop.<br><br><\/td><td><a href=\"https:\/\/www.hotjar.com\/legal\/policies\/cookie-information\">Pol\u00edtica de Hotjar<\/a><\/td><\/tr><tr><td>Hotjar<\/td><td>hjIncludedInSample<\/td><td>1 any<br><\/td><td>Galeta configurada per fer saber a Hotjar si aquest visitant est\u00e0 incl\u00f2s a la mostra que s&#8217;utilitza per generar embuts.<br><br><\/td><td><a href=\"https:\/\/www.hotjar.com\/legal\/policies\/cookie-information\">Pol\u00edtica de Hotjar<\/a><\/td><\/tr><tr><td>Hotjar<\/td><td>_hjShownFeedbackMessage<\/td><td>1 any<br><\/td><td>Galeta que s\u2019estableix quan un visitant minimitza o completa els comentaris entrants. Serveix per assegurar-se que no es carregar\u00e0 de nou.<br><br><\/td><td><a href=\"https:\/\/www.hotjar.com\/legal\/policies\/cookie-information\">Pol\u00edtica de Hotjar<\/a><\/td><\/tr><tr><td>Hotjar<\/td><td>_hjid<\/td><td>1 any<br><\/td><td>Serveix per identificar a l&#8217;usuari.<br><\/td><td><a href=\"https:\/\/www.hotjar.com\/legal\/policies\/cookie-information\">Pol\u00edtica de Hotjar<\/a><\/td><\/tr><\/tbody><\/table><\/figure>\n\n\n\n<p><strong>NOTA: la informaci\u00f3 \u00e9s oferta a data 24 d&#8217;octubre de 2019 i informem que amb el pas del temps pot no resultar exhaustiva,&nbsp; malgrat que la present pol\u00edtica de galetes \u00e9s revisada peri\u00f2dicament.<\/strong><\/p>\n\n\n\n<p class=\"has-large-font-size\"><strong>Com restringir, bloquejar i eliminar les galetes<\/strong><\/p>\n\n\n\n<p>Podeu restringir, bloquejar i eliminar les galetes instal\u00b7lades al vostre equip mitjan\u00e7ant la configuraci\u00f3 de les opcions del navegador instal\u00b7lat al vostre ordinador:<\/p>\n\n\n\n<ul class=\"wp-block-list\">\n<li><strong>Internet Explorer<\/strong>:\u00a0<a href=\"https:\/\/support.microsoft.com\/en-us\/help\/17442\/windows-internet-explorer-delete-manage-cookies#ie\">https:\/\/support.microsoft.com\/en-us\/help\/17442\/windows-internet-explorer-delete-manage-cookies#ie<\/a>=<\/li>\n\n\n\n<li><strong>FireFox (esborrar galetes)<\/strong>:\u00a0<a href=\"https:\/\/support.mozilla.org\/es\/kb\/Borrar%20cookies\">https:\/\/support.mozilla.org\/es\/kb\/Borrar%20cookies<\/a><\/li>\n\n\n\n<li><strong>Firefox (habilitar i deshabilitar galetes)<\/strong>:\u00a0<a href=\"https:\/\/support.mozilla.org\/es\/kb\/habilitar-y-deshabilitar-cookies-sitios-web-rastrear-preferencias?redirectlocale=es&amp;redirectslug=habilitar-y-deshabilitar-cookies-que-los-sitios-we\">https:\/\/support.mozilla.org\/es\/kb\/habilitar-y-deshabilitar-cookies-sitios-web-rastrear-preferencias?redirectlocale=es&amp;redirectslug=habilitar-y-deshabilitar-cookies-que-los-sitios-we<\/a><\/li>\n\n\n\n<li><strong>Chrome<\/strong>:\u00a0<a href=\"https:\/\/support.google.com\/chrome\/answer\/95647?hl=%22es%22\">https:\/\/support.google.com\/chrome\/answer\/95647?hl=%22es%22<\/a><\/li>\n\n\n\n<li><strong>Safari<\/strong>:\u00a0<a href=\"https:\/\/www.apple.com\/legal\/privacy\/es\/cookies\/\">https:\/\/www.apple.com\/legal\/privacy\/es\/cookies\/<\/a><\/li>\n\n\n\n<li><strong>Safari per a iOS<\/strong>:\u00a0<a href=\"http:\/\/support.apple.com\/kb\/HT1677?viewlocale=es_ES&amp;locale=es_ES\">http:\/\/support.apple.com\/kb\/HT1677?viewlocale=es_ES&amp;locale=es_ES<\/a><\/li>\n\n\n\n<li><strong>Opera<\/strong>:\u00a0<a href=\"https:\/\/help.opera.com\/en\/latest\/web-preferences\/#cookies\">https:\/\/help.opera.com\/en\/latest\/web-preferences\/#cookies<\/a><\/li>\n<\/ul>\n\n\n\n<p>Recordeu que en cas de bloquejar les galetes \u00e9s possible que determinats serveis o funcionalitats del web no funcionin correctament.<\/p>\n\n\n\n<p class=\"has-large-font-size\"><strong>Pol\u00edtiques de privacitat i condicions d&#8217;\u00fas de continguts de tercers<\/strong><\/p>\n\n\n\n<p>Algunes p\u00e0gines web del domini icip.cat poden incloure contingut allotjat en plataformes externes que tenen pol\u00edtiques de privacitat i condicions d&#8217;\u00fas pr\u00f2pies.<br>Consulteu el detall de les eines que utilitzem actualment:<\/p>\n\n\n\n<p class=\"has-large-font-size\"><br><strong>Youtube<\/strong><\/p>\n\n\n\n<p>Utilitzem Youtube per reproduir v\u00eddeos i emissions en directe dins el web.<\/p>\n\n\n\n<ul class=\"wp-block-list\">\n<li>Condicions d\u2019\u00fas del servei\u00a0<a href=\"https:\/\/www.youtube.com\/static?template=terms\">https:\/\/www.youtube.com\/static?template=terms<\/a><\/li>\n\n\n\n<li>Pol\u00edtiques de privacitat\u00a0<a href=\"https:\/\/policies.google.com\/privacy?hl=ca\">https:\/\/policies.google.com\/privacy<\/a><\/li>\n<\/ul>\n\n\n\n<p class=\"has-large-font-size\"><strong>Twitter<\/strong><br><\/p>\n\n\n\n<p>Utilitzem Twitter per mostrar l\u2019activitat dels comptes dins el web.<\/p>\n\n\n\n<ul class=\"wp-block-list\">\n<li>Condicions d\u2019\u00fas del servei\u00a0<a href=\"https:\/\/twitter.com\/en\/tos\">https:\/\/twitter.com\/en\/tos<\/a><\/li>\n\n\n\n<li>Pol\u00edtiques de privacitat\u00a0<a href=\"https:\/\/twitter.com\/en\/privacy\">https:\/\/twitter.com\/en\/privacy<\/a><\/li>\n<\/ul>\n","protected":false},"excerpt":{"rendered":"<p>Av\u00eds legal L\u2019ICIP permet la reutilitzaci\u00f3 dels continguts i de les dades per a tot el m\u00f3n i sense cap mena de limitaci\u00f3 temporal ni restricci\u00f3, en els termes establerts per l&#8217;instrument legal&nbsp;CC0 de Creative Commons, d\u2019acord amb l\u2019article 17.1 de la Llei 19\/2014, de 29 de desembre, de transpar\u00e8ncia, acc\u00e9s a la informaci\u00f3 p\u00fablica [&hellip;]<\/p>\n","protected":false},"author":1,"featured_media":0,"parent":0,"menu_order":0,"comment_status":"closed","ping_status":"closed","template":"","meta":{"_acf_changed":false,"footnotes":""},"class_list":["post-57","page","type-page","status-publish","hentry"],"acf":[],"yoast_head":"<!-- This site is optimized with the Yoast SEO plugin v25.6 - https:\/\/yoast.com\/wordpress\/plugins\/seo\/ -->\n<title>Av\u00eds legal - ICIP<\/title>\n<meta name=\"robots\" content=\"index, follow, max-snippet:-1, max-image-preview:large, max-video-preview:-1\" \/>\n<link rel=\"canonical\" href=\"https:\/\/www.icip.cat\/ca\/avis-legal\/\" \/>\n<meta property=\"og:locale\" content=\"ca_ES\" \/>\n<meta property=\"og:type\" content=\"article\" \/>\n<meta property=\"og:title\" content=\"Av\u00eds legal - ICIP\" \/>\n<meta property=\"og:description\" content=\"Av\u00eds legal L\u2019ICIP permet la reutilitzaci\u00f3 dels continguts i de les dades per a tot el m\u00f3n i sense cap mena de limitaci\u00f3 temporal ni restricci\u00f3, en els termes establerts per l&#8217;instrument legal&nbsp;CC0 de Creative Commons, d\u2019acord amb l\u2019article 17.1 de la Llei 19\/2014, de 29 de desembre, de transpar\u00e8ncia, acc\u00e9s a la informaci\u00f3 p\u00fablica [&hellip;]\" \/>\n<meta property=\"og:url\" content=\"https:\/\/www.icip.cat\/ca\/avis-legal\/\" \/>\n<meta property=\"og:site_name\" content=\"ICIP\" \/>\n<meta property=\"article:modified_time\" content=\"2025-03-07T11:33:58+00:00\" \/>\n<meta name=\"twitter:card\" content=\"summary_large_image\" \/>\n<meta name=\"twitter:label1\" content=\"Temps estimat de lectura\" \/>\n\t<meta name=\"twitter:data1\" content=\"9 minuts\" \/>\n<script type=\"application\/ld+json\" class=\"yoast-schema-graph\">{\"@context\":\"https:\/\/schema.org\",\"@graph\":[{\"@type\":\"WebPage\",\"@id\":\"https:\/\/www.icip.cat\/ca\/avis-legal\/\",\"url\":\"https:\/\/www.icip.cat\/ca\/avis-legal\/\",\"name\":\"Av\u00eds legal - ICIP\",\"isPartOf\":{\"@id\":\"https:\/\/www.icip.cat\/ca\/#website\"},\"datePublished\":\"2020-10-26T09:49:52+00:00\",\"dateModified\":\"2025-03-07T11:33:58+00:00\",\"inLanguage\":\"ca\",\"potentialAction\":[{\"@type\":\"ReadAction\",\"target\":[\"https:\/\/www.icip.cat\/ca\/avis-legal\/\"]}]},{\"@type\":\"WebSite\",\"@id\":\"https:\/\/www.icip.cat\/ca\/#website\",\"url\":\"https:\/\/www.icip.cat\/ca\/\",\"name\":\"ICIP\",\"description\":\"\",\"publisher\":{\"@id\":\"https:\/\/www.icip.cat\/ca\/#organization\"},\"potentialAction\":[{\"@type\":\"SearchAction\",\"target\":{\"@type\":\"EntryPoint\",\"urlTemplate\":\"https:\/\/www.icip.cat\/ca\/?s={search_term_string}\"},\"query-input\":{\"@type\":\"PropertyValueSpecification\",\"valueRequired\":true,\"valueName\":\"search_term_string\"}}],\"inLanguage\":\"ca\"},{\"@type\":\"Organization\",\"@id\":\"https:\/\/www.icip.cat\/ca\/#organization\",\"name\":\"ICIP\",\"url\":\"https:\/\/www.icip.cat\/ca\/\",\"logo\":{\"@type\":\"ImageObject\",\"inLanguage\":\"ca\",\"@id\":\"https:\/\/www.icip.cat\/ca\/#\/schema\/logo\/image\/\",\"url\":\"https:\/\/www.icip.cat\/wp-content\/uploads\/2021\/02\/logo-2.png\",\"contentUrl\":\"https:\/\/www.icip.cat\/wp-content\/uploads\/2021\/02\/logo-2.png\",\"width\":562,\"height\":391,\"caption\":\"ICIP\"},\"image\":{\"@id\":\"https:\/\/www.icip.cat\/ca\/#\/schema\/logo\/image\/\"}}]}<\/script>\n<!-- \/ Yoast SEO plugin. -->","yoast_head_json":{"title":"Av\u00eds legal - ICIP","robots":{"index":"index","follow":"follow","max-snippet":"max-snippet:-1","max-image-preview":"max-image-preview:large","max-video-preview":"max-video-preview:-1"},"canonical":"https:\/\/www.icip.cat\/ca\/avis-legal\/","og_locale":"ca_ES","og_type":"article","og_title":"Av\u00eds legal - ICIP","og_description":"Av\u00eds legal L\u2019ICIP permet la reutilitzaci\u00f3 dels continguts i de les dades per a tot el m\u00f3n i sense cap mena de limitaci\u00f3 temporal ni restricci\u00f3, en els termes establerts per l&#8217;instrument legal&nbsp;CC0 de Creative Commons, d\u2019acord amb l\u2019article 17.1 de la Llei 19\/2014, de 29 de desembre, de transpar\u00e8ncia, acc\u00e9s a la informaci\u00f3 p\u00fablica [&hellip;]","og_url":"https:\/\/www.icip.cat\/ca\/avis-legal\/","og_site_name":"ICIP","article_modified_time":"2025-03-07T11:33:58+00:00","twitter_card":"summary_large_image","twitter_misc":{"Temps estimat de lectura":"9 minuts"},"schema":{"@context":"https:\/\/schema.org","@graph":[{"@type":"WebPage","@id":"https:\/\/www.icip.cat\/ca\/avis-legal\/","url":"https:\/\/www.icip.cat\/ca\/avis-legal\/","name":"Av\u00eds legal - ICIP","isPartOf":{"@id":"https:\/\/www.icip.cat\/ca\/#website"},"datePublished":"2020-10-26T09:49:52+00:00","dateModified":"2025-03-07T11:33:58+00:00","inLanguage":"ca","potentialAction":[{"@type":"ReadAction","target":["https:\/\/www.icip.cat\/ca\/avis-legal\/"]}]},{"@type":"WebSite","@id":"https:\/\/www.icip.cat\/ca\/#website","url":"https:\/\/www.icip.cat\/ca\/","name":"ICIP","description":"","publisher":{"@id":"https:\/\/www.icip.cat\/ca\/#organization"},"potentialAction":[{"@type":"SearchAction","target":{"@type":"EntryPoint","urlTemplate":"https:\/\/www.icip.cat\/ca\/?s={search_term_string}"},"query-input":{"@type":"PropertyValueSpecification","valueRequired":true,"valueName":"search_term_string"}}],"inLanguage":"ca"},{"@type":"Organization","@id":"https:\/\/www.icip.cat\/ca\/#organization","name":"ICIP","url":"https:\/\/www.icip.cat\/ca\/","logo":{"@type":"ImageObject","inLanguage":"ca","@id":"https:\/\/www.icip.cat\/ca\/#\/schema\/logo\/image\/","url":"https:\/\/www.icip.cat\/wp-content\/uploads\/2021\/02\/logo-2.png","contentUrl":"https:\/\/www.icip.cat\/wp-content\/uploads\/2021\/02\/logo-2.png","width":562,"height":391,"caption":"ICIP"},"image":{"@id":"https:\/\/www.icip.cat\/ca\/#\/schema\/logo\/image\/"}}]}},"_links":{"self":[{"href":"https:\/\/www.icip.cat\/ca\/wp-json\/wp\/v2\/pages\/57","targetHints":{"allow":["GET"]}}],"collection":[{"href":"https:\/\/www.icip.cat\/ca\/wp-json\/wp\/v2\/pages"}],"about":[{"href":"https:\/\/www.icip.cat\/ca\/wp-json\/wp\/v2\/types\/page"}],"author":[{"embeddable":true,"href":"https:\/\/www.icip.cat\/ca\/wp-json\/wp\/v2\/users\/1"}],"replies":[{"embeddable":true,"href":"https:\/\/www.icip.cat\/ca\/wp-json\/wp\/v2\/comments?post=57"}],"version-history":[{"count":24,"href":"https:\/\/www.icip.cat\/ca\/wp-json\/wp\/v2\/pages\/57\/revisions"}],"predecessor-version":[{"id":52643,"href":"https:\/\/www.icip.cat\/ca\/wp-json\/wp\/v2\/pages\/57\/revisions\/52643"}],"wp:attachment":[{"href":"https:\/\/www.icip.cat\/ca\/wp-json\/wp\/v2\/media?parent=57"}],"curies":[{"name":"wp","href":"https:\/\/api.w.org\/{rel}","templated":true}]}}