{"id":57315,"date":"2025-10-30T10:12:47","date_gmt":"2025-10-30T10:12:47","guid":{"rendered":"https:\/\/www.icip.cat\/?page_id=57315"},"modified":"2026-01-22T12:12:32","modified_gmt":"2026-01-22T12:12:32","slug":"enquesta-icip-2025","status":"publish","type":"page","link":"https:\/\/www.icip.cat\/ca\/dialeg-social-i-politic\/enquesta-icip-2025\/","title":{"rendered":"Enquesta ICIP 2025"},"content":{"rendered":"\t\t<div data-elementor-type=\"wp-page\" data-elementor-id=\"57315\" class=\"elementor elementor-57315\" data-elementor-post-type=\"page\">\n\t\t\t\t\t\t<section class=\"elementor-section elementor-top-section elementor-element elementor-element-a730137 elementor-section-boxed elementor-section-height-default elementor-section-height-default\" data-id=\"a730137\" data-element_type=\"section\" data-settings=\"{&quot;background_background&quot;:&quot;classic&quot;}\">\n\t\t\t\t\t\t\t<div class=\"elementor-background-overlay\"><\/div>\n\t\t\t\t\t\t\t<div class=\"elementor-container elementor-column-gap-default\">\n\t\t\t\t\t<div class=\"elementor-column elementor-col-100 elementor-top-column elementor-element elementor-element-ae9c0b8\" data-id=\"ae9c0b8\" data-element_type=\"column\">\n\t\t\t<div class=\"elementor-widget-wrap elementor-element-populated\">\n\t\t\t\t\t\t<div class=\"elementor-element elementor-element-e74b17d elementor-widget elementor-widget-heading\" data-id=\"e74b17d\" data-element_type=\"widget\" data-widget_type=\"heading.default\">\n\t\t\t\t<div class=\"elementor-widget-container\">\n\t\t\t\t\t<h1 class=\"elementor-heading-title elementor-size-xl\">Enquesta ICIP 2025<\/h1>\t\t\t\t<\/div>\n\t\t\t\t<\/div>\n\t\t\t\t\t<\/div>\n\t\t<\/div>\n\t\t\t\t\t<\/div>\n\t\t<\/section>\n\t\t\t\t<section class=\"elementor-section elementor-top-section elementor-element elementor-element-56adc83 elementor-section-boxed elementor-section-height-default elementor-section-height-default\" data-id=\"56adc83\" data-element_type=\"section\">\n\t\t\t\t\t\t<div class=\"elementor-container elementor-column-gap-default\">\n\t\t\t\t\t<div class=\"elementor-column elementor-col-100 elementor-top-column elementor-element elementor-element-98f50b6\" data-id=\"98f50b6\" data-element_type=\"column\">\n\t\t\t<div class=\"elementor-widget-wrap elementor-element-populated\">\n\t\t\t\t\t\t<div class=\"elementor-element elementor-element-d0cdc5a elementor-widget elementor-widget-spacer\" data-id=\"d0cdc5a\" data-element_type=\"widget\" data-widget_type=\"spacer.default\">\n\t\t\t\t<div class=\"elementor-widget-container\">\n\t\t\t\t\t\t\t<div class=\"elementor-spacer\">\n\t\t\t<div class=\"elementor-spacer-inner\"><\/div>\n\t\t<\/div>\n\t\t\t\t\t\t<\/div>\n\t\t\t\t<\/div>\n\t\t\t\t<section class=\"elementor-section elementor-inner-section elementor-element elementor-element-8c402a6 elementor-section-boxed elementor-section-height-default elementor-section-height-default\" data-id=\"8c402a6\" data-element_type=\"section\">\n\t\t\t\t\t\t<div class=\"elementor-container elementor-column-gap-default\">\n\t\t\t\t\t<div class=\"elementor-column elementor-col-100 elementor-inner-column elementor-element elementor-element-e778450\" data-id=\"e778450\" data-element_type=\"column\">\n\t\t\t<div class=\"elementor-widget-wrap elementor-element-populated\">\n\t\t\t\t\t\t<div class=\"elementor-element elementor-element-15b0fb5 elementor-widget elementor-widget-text-editor\" data-id=\"15b0fb5\" data-element_type=\"widget\" data-widget_type=\"text-editor.default\">\n\t\t\t\t<div class=\"elementor-widget-container\">\n\t\t\t\t\t\t\t\t\t<p><span style=\"font-weight: 400;\">L\u2019<a href=\"https:\/\/www.icip.cat\/wp-content\/uploads\/2025\/11\/Enquesta_ICIP_2025.pdf\"><strong>Enquesta ICIP 2025<\/strong> <\/a><strong><a href=\"https:\/\/www.icip.cat\/wp-content\/uploads\/2025\/11\/Enquesta_ICIP_2025.pdf\">\u201cConviv\u00e8ncia i seguretat a Catalunya<\/a>\u201d&nbsp;<\/strong>t\u00e9 per objectiu avaluar la percepci\u00f3 de la societat catalana sobre la conviv\u00e8ncia, la confian\u00e7a social, la polaritzaci\u00f3 i la seguretat a Catalunya. Alhora, la mostra tamb\u00e9 vol <\/span><span style=\"font-weight: 400;\">con\u00e8ixer la percepci\u00f3 sobre els riscos per a la seguretat a nivell mundial en el context actual de rearmament, i avaluar el grau de comprom\u00eds de la ciutadania amb els fonaments de la cultura de pau.<\/span><\/p>\n<p><span style=\"font-weight: 400;\">L&#8217;enquesta s&#8217;ha fet a partir de 2.700 entrevistes. Us convidem a explorar els resultats de cada cap\u00edtol de<\/span><span style=\"font-weight: 400;\">&nbsp;la mostra a partir de m\u00faltiples encreuaments: g\u00e8nere i edat, nivell educatiu, grau de confian\u00e7a social, ideologia i mida del municipi de resid\u00e8ncia.<\/span><\/p>\t\t\t\t\t\t\t\t<\/div>\n\t\t\t\t<\/div>\n\t\t\t\t\t<\/div>\n\t\t<\/div>\n\t\t\t\t\t<\/div>\n\t\t<\/section>\n\t\t\t\t<div class=\"elementor-element elementor-element-3c91408 elementor-widget elementor-widget-spacer\" data-id=\"3c91408\" data-element_type=\"widget\" data-widget_type=\"spacer.default\">\n\t\t\t\t<div class=\"elementor-widget-container\">\n\t\t\t\t\t\t\t<div class=\"elementor-spacer\">\n\t\t\t<div class=\"elementor-spacer-inner\"><\/div>\n\t\t<\/div>\n\t\t\t\t\t\t<\/div>\n\t\t\t\t<\/div>\n\t\t\t\t<section class=\"elementor-section elementor-inner-section elementor-element elementor-element-540fcc4 elementor-section-boxed elementor-section-height-default elementor-section-height-default\" data-id=\"540fcc4\" data-element_type=\"section\">\n\t\t\t\t\t\t<div class=\"elementor-container elementor-column-gap-default\">\n\t\t\t\t\t<div class=\"elementor-column elementor-col-33 elementor-inner-column elementor-element elementor-element-7198ba1\" data-id=\"7198ba1\" data-element_type=\"column\" data-settings=\"{&quot;background_background&quot;:&quot;classic&quot;}\">\n\t\t\t<div class=\"elementor-widget-wrap elementor-element-populated\">\n\t\t\t\t\t\t<div class=\"elementor-element elementor-element-219b71d elementor-widget elementor-widget-text-editor\" data-id=\"219b71d\" data-element_type=\"widget\" data-widget_type=\"text-editor.default\">\n\t\t\t\t<div class=\"elementor-widget-container\">\n\t\t\t\t\t\t\t\t\t<h2><a href=\"https:\/\/www.icip.cat\/ca\/convivencia\/\">Conviv\u00e8ncia<\/a><\/h2>\t\t\t\t\t\t\t\t<\/div>\n\t\t\t\t<\/div>\n\t\t\t\t\t<\/div>\n\t\t<\/div>\n\t\t\t\t<div class=\"elementor-column elementor-col-33 elementor-inner-column elementor-element elementor-element-c5a4c9c\" data-id=\"c5a4c9c\" data-element_type=\"column\" data-settings=\"{&quot;background_background&quot;:&quot;classic&quot;}\">\n\t\t\t<div class=\"elementor-widget-wrap elementor-element-populated\">\n\t\t\t\t\t\t<div class=\"elementor-element elementor-element-bc74505 elementor-widget elementor-widget-text-editor\" data-id=\"bc74505\" data-element_type=\"widget\" data-widget_type=\"text-editor.default\">\n\t\t\t\t<div class=\"elementor-widget-container\">\n\t\t\t\t\t\t\t\t\t<h2><a href=\"https:\/\/www.icip.cat\/ca\/confianca\/\">Confian\u00e7a<\/a><\/h2>\t\t\t\t\t\t\t\t<\/div>\n\t\t\t\t<\/div>\n\t\t\t\t\t<\/div>\n\t\t<\/div>\n\t\t\t\t<div class=\"elementor-column elementor-col-33 elementor-inner-column elementor-element elementor-element-6b55a67\" data-id=\"6b55a67\" data-element_type=\"column\" data-settings=\"{&quot;background_background&quot;:&quot;classic&quot;}\">\n\t\t\t<div class=\"elementor-widget-wrap elementor-element-populated\">\n\t\t\t\t\t\t<div class=\"elementor-element elementor-element-c070d09 elementor-widget elementor-widget-text-editor\" data-id=\"c070d09\" data-element_type=\"widget\" data-widget_type=\"text-editor.default\">\n\t\t\t\t<div class=\"elementor-widget-container\">\n\t\t\t\t\t\t\t\t\t<h2><a href=\"https:\/\/www.icip.cat\/ca\/polaritzacio\/\">Polaritzaci\u00f3<\/a><\/h2>\t\t\t\t\t\t\t\t<\/div>\n\t\t\t\t<\/div>\n\t\t\t\t\t<\/div>\n\t\t<\/div>\n\t\t\t\t\t<\/div>\n\t\t<\/section>\n\t\t\t\t\t<\/div>\n\t\t<\/div>\n\t\t\t\t\t<\/div>\n\t\t<\/section>\n\t\t\t\t<section class=\"elementor-section elementor-top-section elementor-element elementor-element-b2337de elementor-section-boxed elementor-section-height-default elementor-section-height-default\" data-id=\"b2337de\" data-element_type=\"section\">\n\t\t\t\t\t\t<div class=\"elementor-container elementor-column-gap-default\">\n\t\t\t\t\t<div class=\"elementor-column elementor-col-100 elementor-top-column elementor-element elementor-element-8c8f299\" data-id=\"8c8f299\" data-element_type=\"column\">\n\t\t\t<div class=\"elementor-widget-wrap elementor-element-populated\">\n\t\t\t\t\t\t<div class=\"elementor-element elementor-element-6a069cb elementor-widget elementor-widget-spacer\" data-id=\"6a069cb\" data-element_type=\"widget\" data-widget_type=\"spacer.default\">\n\t\t\t\t<div class=\"elementor-widget-container\">\n\t\t\t\t\t\t\t<div class=\"elementor-spacer\">\n\t\t\t<div class=\"elementor-spacer-inner\"><\/div>\n\t\t<\/div>\n\t\t\t\t\t\t<\/div>\n\t\t\t\t<\/div>\n\t\t\t\t<section class=\"elementor-section elementor-inner-section elementor-element elementor-element-a6ee5e4 elementor-section-boxed elementor-section-height-default elementor-section-height-default\" data-id=\"a6ee5e4\" data-element_type=\"section\">\n\t\t\t\t\t\t<div class=\"elementor-container elementor-column-gap-default\">\n\t\t\t\t\t<div class=\"elementor-column elementor-col-50 elementor-inner-column elementor-element elementor-element-57b98cf\" data-id=\"57b98cf\" data-element_type=\"column\" data-settings=\"{&quot;background_background&quot;:&quot;classic&quot;}\">\n\t\t\t<div class=\"elementor-widget-wrap elementor-element-populated\">\n\t\t\t\t\t\t<div class=\"elementor-element elementor-element-0ec837f elementor-widget elementor-widget-text-editor\" data-id=\"0ec837f\" data-element_type=\"widget\" data-widget_type=\"text-editor.default\">\n\t\t\t\t<div class=\"elementor-widget-container\">\n\t\t\t\t\t\t\t\t\t<h2><a href=\"https:\/\/www.icip.cat\/ca\/seguretat\/\">Seguretat<\/a><\/h2>\t\t\t\t\t\t\t\t<\/div>\n\t\t\t\t<\/div>\n\t\t\t\t\t<\/div>\n\t\t<\/div>\n\t\t\t\t<div class=\"elementor-column elementor-col-50 elementor-inner-column elementor-element elementor-element-bedd75c\" data-id=\"bedd75c\" data-element_type=\"column\" data-settings=\"{&quot;background_background&quot;:&quot;classic&quot;}\">\n\t\t\t<div class=\"elementor-widget-wrap elementor-element-populated\">\n\t\t\t\t\t\t<div class=\"elementor-element elementor-element-8cde0e7 elementor-widget elementor-widget-text-editor\" data-id=\"8cde0e7\" data-element_type=\"widget\" data-widget_type=\"text-editor.default\">\n\t\t\t\t<div class=\"elementor-widget-container\">\n\t\t\t\t\t\t\t\t\t<h2><a href=\"https:\/\/www.icip.cat\/ca\/pau-i-seguretat-globals\/\">Pau i seguretat globals<\/a><\/h2>\t\t\t\t\t\t\t\t<\/div>\n\t\t\t\t<\/div>\n\t\t\t\t\t<\/div>\n\t\t<\/div>\n\t\t\t\t\t<\/div>\n\t\t<\/section>\n\t\t\t\t\t<\/div>\n\t\t<\/div>\n\t\t\t\t\t<\/div>\n\t\t<\/section>\n\t\t\t\t<section class=\"elementor-section elementor-top-section elementor-element elementor-element-6ebae55 elementor-section-boxed elementor-section-height-default elementor-section-height-default\" data-id=\"6ebae55\" data-element_type=\"section\">\n\t\t\t\t\t\t<div class=\"elementor-container elementor-column-gap-default\">\n\t\t\t\t\t<div class=\"elementor-column elementor-col-100 elementor-top-column elementor-element elementor-element-2e2d275\" data-id=\"2e2d275\" data-element_type=\"column\">\n\t\t\t<div class=\"elementor-widget-wrap elementor-element-populated\">\n\t\t\t\t\t\t<div class=\"elementor-element elementor-element-0c65637 elementor-widget elementor-widget-spacer\" data-id=\"0c65637\" data-element_type=\"widget\" data-widget_type=\"spacer.default\">\n\t\t\t\t<div class=\"elementor-widget-container\">\n\t\t\t\t\t\t\t<div class=\"elementor-spacer\">\n\t\t\t<div class=\"elementor-spacer-inner\"><\/div>\n\t\t<\/div>\n\t\t\t\t\t\t<\/div>\n\t\t\t\t<\/div>\n\t\t\t\t<div class=\"elementor-element elementor-element-ab6af5b elementor-widget elementor-widget-text-editor\" data-id=\"ab6af5b\" data-element_type=\"widget\" data-widget_type=\"text-editor.default\">\n\t\t\t\t<div class=\"elementor-widget-container\">\n\t\t\t\t\t\t\t\t\t<p data-start=\"116\" data-end=\"269\">Podeu consultar i descarregar l\u2019enquesta completa en <span style=\"text-decoration: underline;\"><a href=\"https:\/\/www.icip.cat\/wp-content\/uploads\/2025\/11\/Enquesta_ICIP_2025.pdf\">aquest enlla\u00e7<\/a><\/span>, amb totes les dades i resultats detallats.<\/p><p data-start=\"271\" data-end=\"411\">\u00a0<\/p>\t\t\t\t\t\t\t\t<\/div>\n\t\t\t\t<\/div>\n\t\t\t\t\t<\/div>\n\t\t<\/div>\n\t\t\t\t\t<\/div>\n\t\t<\/section>\n\t\t\t\t<section class=\"elementor-section elementor-top-section elementor-element elementor-element-7db3c27 elementor-section-boxed elementor-section-height-default elementor-section-height-default\" data-id=\"7db3c27\" data-element_type=\"section\">\n\t\t\t\t\t\t<div class=\"elementor-container elementor-column-gap-default\">\n\t\t\t\t\t<div class=\"elementor-column elementor-col-100 elementor-top-column elementor-element elementor-element-7c1d2ab\" data-id=\"7c1d2ab\" data-element_type=\"column\">\n\t\t\t<div class=\"elementor-widget-wrap elementor-element-populated\">\n\t\t\t\t\t\t<div class=\"elementor-element elementor-element-6e9cb94 elementor-widget elementor-widget-image\" data-id=\"6e9cb94\" data-element_type=\"widget\" data-widget_type=\"image.default\">\n\t\t\t\t<div class=\"elementor-widget-container\">\n\t\t\t\t\t\t\t\t\t\t\t\t\t\t\t\t<a href=\"https:\/\/www.icip.cat\/wp-content\/uploads\/2025\/11\/Enquesta_ICIP_2025.pdf\">\n\t\t\t\t\t\t\t<img fetchpriority=\"high\" decoding=\"async\" width=\"640\" height=\"448\" src=\"https:\/\/www.icip.cat\/wp-content\/uploads\/2025\/11\/Enquesta-ICIP-2025-768x538.png\" class=\"attachment-medium_large size-medium_large wp-image-57520\" alt=\"\" srcset=\"https:\/\/www.icip.cat\/wp-content\/uploads\/2025\/11\/Enquesta-ICIP-2025-768x538.png 768w, https:\/\/www.icip.cat\/wp-content\/uploads\/2025\/11\/Enquesta-ICIP-2025-300x210.png 300w, https:\/\/www.icip.cat\/wp-content\/uploads\/2025\/11\/Enquesta-ICIP-2025-1024x718.png 1024w, https:\/\/www.icip.cat\/wp-content\/uploads\/2025\/11\/Enquesta-ICIP-2025-1536x1077.png 1536w, https:\/\/www.icip.cat\/wp-content\/uploads\/2025\/11\/Enquesta-ICIP-2025-2048x1435.png 2048w\" sizes=\"(max-width: 640px) 100vw, 640px\" \/>\t\t\t\t\t\t\t\t<\/a>\n\t\t\t\t\t\t\t\t\t\t\t\t\t\t\t<\/div>\n\t\t\t\t<\/div>\n\t\t\t\t\t<\/div>\n\t\t<\/div>\n\t\t\t\t\t<\/div>\n\t\t<\/section>\n\t\t\t\t<section class=\"elementor-section elementor-top-section elementor-element elementor-element-9814db2 elementor-section-boxed elementor-section-height-default elementor-section-height-default\" data-id=\"9814db2\" data-element_type=\"section\">\n\t\t\t\t\t\t<div class=\"elementor-container elementor-column-gap-default\">\n\t\t\t\t\t<div class=\"elementor-column elementor-col-100 elementor-top-column elementor-element elementor-element-ccc5db1\" data-id=\"ccc5db1\" data-element_type=\"column\">\n\t\t\t<div class=\"elementor-widget-wrap elementor-element-populated\">\n\t\t\t\t\t\t<div class=\"elementor-element elementor-element-aa29d01 elementor-widget elementor-widget-spacer\" data-id=\"aa29d01\" data-element_type=\"widget\" data-widget_type=\"spacer.default\">\n\t\t\t\t<div class=\"elementor-widget-container\">\n\t\t\t\t\t\t\t<div class=\"elementor-spacer\">\n\t\t\t<div class=\"elementor-spacer-inner\"><\/div>\n\t\t<\/div>\n\t\t\t\t\t\t<\/div>\n\t\t\t\t<\/div>\n\t\t\t\t\t<\/div>\n\t\t<\/div>\n\t\t\t\t\t<\/div>\n\t\t<\/section>\n\t\t\t\t<\/div>\n\t\t","protected":false},"excerpt":{"rendered":"<p>Enquesta ICIP 2025 L\u2019Enquesta ICIP 2025 \u201cConviv\u00e8ncia i seguretat a Catalunya\u201d&nbsp;t\u00e9 per objectiu avaluar la percepci\u00f3 de la societat catalana sobre la conviv\u00e8ncia, la confian\u00e7a social, la polaritzaci\u00f3 i la seguretat a Catalunya. Alhora, la mostra tamb\u00e9 vol con\u00e8ixer la percepci\u00f3 sobre els riscos per a la seguretat a nivell mundial en el context actual [&hellip;]<\/p>\n","protected":false},"author":4,"featured_media":0,"parent":48318,"menu_order":0,"comment_status":"closed","ping_status":"closed","template":"","meta":{"_acf_changed":false,"footnotes":""},"class_list":["post-57315","page","type-page","status-publish","hentry"],"acf":[],"yoast_head":"<!-- This site is optimized with the Yoast SEO plugin v25.6 - https:\/\/yoast.com\/wordpress\/plugins\/seo\/ -->\n<title>Enquesta ICIP 2025 - ICIP<\/title>\n<meta name=\"description\" content=\"L&#039;enquesta t\u00e9 per objectiu avalauar la percepci\u00f3 de la societat catalana sobre la conviv\u00e8ncia, la confian\u00e7a social, la polaritzaci\u00f3 i la seguretat a Catalunya.\" \/>\n<meta name=\"robots\" content=\"index, follow, max-snippet:-1, max-image-preview:large, max-video-preview:-1\" \/>\n<link rel=\"canonical\" href=\"https:\/\/www.icip.cat\/ca\/dialeg-social-i-politic\/enquesta-icip-2025\/\" \/>\n<meta property=\"og:locale\" content=\"ca_ES\" \/>\n<meta property=\"og:type\" content=\"article\" \/>\n<meta property=\"og:title\" content=\"Enquesta ICIP 2025 - ICIP\" \/>\n<meta property=\"og:description\" content=\"L&#039;enquesta t\u00e9 per objectiu avalauar la percepci\u00f3 de la societat catalana sobre la conviv\u00e8ncia, la confian\u00e7a social, la polaritzaci\u00f3 i la seguretat a Catalunya.\" \/>\n<meta property=\"og:url\" content=\"https:\/\/www.icip.cat\/ca\/dialeg-social-i-politic\/enquesta-icip-2025\/\" \/>\n<meta property=\"og:site_name\" content=\"ICIP\" \/>\n<meta property=\"article:modified_time\" content=\"2026-01-22T12:12:32+00:00\" \/>\n<meta property=\"og:image\" content=\"https:\/\/www.icip.cat\/wp-content\/uploads\/2025\/11\/Enquesta-ICIP-2025.png\" \/>\n\t<meta property=\"og:image:width\" content=\"2454\" \/>\n\t<meta property=\"og:image:height\" content=\"1720\" \/>\n\t<meta property=\"og:image:type\" content=\"image\/png\" \/>\n<meta name=\"twitter:card\" content=\"summary_large_image\" \/>\n<meta name=\"twitter:label1\" content=\"Temps estimat de lectura\" \/>\n\t<meta name=\"twitter:data1\" content=\"1 minut\" \/>\n<script type=\"application\/ld+json\" class=\"yoast-schema-graph\">{\"@context\":\"https:\/\/schema.org\",\"@graph\":[{\"@type\":\"WebPage\",\"@id\":\"https:\/\/www.icip.cat\/ca\/dialeg-social-i-politic\/enquesta-icip-2025\/\",\"url\":\"https:\/\/www.icip.cat\/ca\/dialeg-social-i-politic\/enquesta-icip-2025\/\",\"name\":\"Enquesta ICIP 2025 - ICIP\",\"isPartOf\":{\"@id\":\"https:\/\/www.icip.cat\/ca\/#website\"},\"primaryImageOfPage\":{\"@id\":\"https:\/\/www.icip.cat\/ca\/dialeg-social-i-politic\/enquesta-icip-2025\/#primaryimage\"},\"image\":{\"@id\":\"https:\/\/www.icip.cat\/ca\/dialeg-social-i-politic\/enquesta-icip-2025\/#primaryimage\"},\"thumbnailUrl\":\"https:\/\/www.icip.cat\/wp-content\/uploads\/2025\/11\/Enquesta-ICIP-2025-768x538.png\",\"datePublished\":\"2025-10-30T10:12:47+00:00\",\"dateModified\":\"2026-01-22T12:12:32+00:00\",\"description\":\"L'enquesta t\u00e9 per objectiu avalauar la percepci\u00f3 de la societat catalana sobre la conviv\u00e8ncia, la confian\u00e7a social, la polaritzaci\u00f3 i la seguretat a Catalunya.\",\"breadcrumb\":{\"@id\":\"https:\/\/www.icip.cat\/ca\/dialeg-social-i-politic\/enquesta-icip-2025\/#breadcrumb\"},\"inLanguage\":\"ca\",\"potentialAction\":[{\"@type\":\"ReadAction\",\"target\":[\"https:\/\/www.icip.cat\/ca\/dialeg-social-i-politic\/enquesta-icip-2025\/\"]}]},{\"@type\":\"ImageObject\",\"inLanguage\":\"ca\",\"@id\":\"https:\/\/www.icip.cat\/ca\/dialeg-social-i-politic\/enquesta-icip-2025\/#primaryimage\",\"url\":\"https:\/\/www.icip.cat\/wp-content\/uploads\/2025\/11\/Enquesta-ICIP-2025-768x538.png\",\"contentUrl\":\"https:\/\/www.icip.cat\/wp-content\/uploads\/2025\/11\/Enquesta-ICIP-2025-768x538.png\"},{\"@type\":\"BreadcrumbList\",\"@id\":\"https:\/\/www.icip.cat\/ca\/dialeg-social-i-politic\/enquesta-icip-2025\/#breadcrumb\",\"itemListElement\":[{\"@type\":\"ListItem\",\"position\":1,\"name\":\"Di\u00e0leg social i pol\u00edtic\",\"item\":\"https:\/\/www.icip.cat\/ca\/dialeg-social-i-politic\/\"},{\"@type\":\"ListItem\",\"position\":2,\"name\":\"Enquesta ICIP 2025\"}]},{\"@type\":\"WebSite\",\"@id\":\"https:\/\/www.icip.cat\/ca\/#website\",\"url\":\"https:\/\/www.icip.cat\/ca\/\",\"name\":\"ICIP\",\"description\":\"\",\"publisher\":{\"@id\":\"https:\/\/www.icip.cat\/ca\/#organization\"},\"potentialAction\":[{\"@type\":\"SearchAction\",\"target\":{\"@type\":\"EntryPoint\",\"urlTemplate\":\"https:\/\/www.icip.cat\/ca\/?s={search_term_string}\"},\"query-input\":{\"@type\":\"PropertyValueSpecification\",\"valueRequired\":true,\"valueName\":\"search_term_string\"}}],\"inLanguage\":\"ca\"},{\"@type\":\"Organization\",\"@id\":\"https:\/\/www.icip.cat\/ca\/#organization\",\"name\":\"ICIP\",\"url\":\"https:\/\/www.icip.cat\/ca\/\",\"logo\":{\"@type\":\"ImageObject\",\"inLanguage\":\"ca\",\"@id\":\"https:\/\/www.icip.cat\/ca\/#\/schema\/logo\/image\/\",\"url\":\"https:\/\/www.icip.cat\/wp-content\/uploads\/2021\/02\/logo-2.png\",\"contentUrl\":\"https:\/\/www.icip.cat\/wp-content\/uploads\/2021\/02\/logo-2.png\",\"width\":562,\"height\":391,\"caption\":\"ICIP\"},\"image\":{\"@id\":\"https:\/\/www.icip.cat\/ca\/#\/schema\/logo\/image\/\"}}]}<\/script>\n<!-- \/ Yoast SEO plugin. -->","yoast_head_json":{"title":"Enquesta ICIP 2025 - ICIP","description":"L'enquesta t\u00e9 per objectiu avalauar la percepci\u00f3 de la societat catalana sobre la conviv\u00e8ncia, la confian\u00e7a social, la polaritzaci\u00f3 i la seguretat a Catalunya.","robots":{"index":"index","follow":"follow","max-snippet":"max-snippet:-1","max-image-preview":"max-image-preview:large","max-video-preview":"max-video-preview:-1"},"canonical":"https:\/\/www.icip.cat\/ca\/dialeg-social-i-politic\/enquesta-icip-2025\/","og_locale":"ca_ES","og_type":"article","og_title":"Enquesta ICIP 2025 - ICIP","og_description":"L'enquesta t\u00e9 per objectiu avalauar la percepci\u00f3 de la societat catalana sobre la conviv\u00e8ncia, la confian\u00e7a social, la polaritzaci\u00f3 i la seguretat a Catalunya.","og_url":"https:\/\/www.icip.cat\/ca\/dialeg-social-i-politic\/enquesta-icip-2025\/","og_site_name":"ICIP","article_modified_time":"2026-01-22T12:12:32+00:00","og_image":[{"width":2454,"height":1720,"url":"https:\/\/www.icip.cat\/wp-content\/uploads\/2025\/11\/Enquesta-ICIP-2025.png","type":"image\/png"}],"twitter_card":"summary_large_image","twitter_misc":{"Temps estimat de lectura":"1 minut"},"schema":{"@context":"https:\/\/schema.org","@graph":[{"@type":"WebPage","@id":"https:\/\/www.icip.cat\/ca\/dialeg-social-i-politic\/enquesta-icip-2025\/","url":"https:\/\/www.icip.cat\/ca\/dialeg-social-i-politic\/enquesta-icip-2025\/","name":"Enquesta ICIP 2025 - ICIP","isPartOf":{"@id":"https:\/\/www.icip.cat\/ca\/#website"},"primaryImageOfPage":{"@id":"https:\/\/www.icip.cat\/ca\/dialeg-social-i-politic\/enquesta-icip-2025\/#primaryimage"},"image":{"@id":"https:\/\/www.icip.cat\/ca\/dialeg-social-i-politic\/enquesta-icip-2025\/#primaryimage"},"thumbnailUrl":"https:\/\/www.icip.cat\/wp-content\/uploads\/2025\/11\/Enquesta-ICIP-2025-768x538.png","datePublished":"2025-10-30T10:12:47+00:00","dateModified":"2026-01-22T12:12:32+00:00","description":"L'enquesta t\u00e9 per objectiu avalauar la percepci\u00f3 de la societat catalana sobre la conviv\u00e8ncia, la confian\u00e7a social, la polaritzaci\u00f3 i la seguretat a Catalunya.","breadcrumb":{"@id":"https:\/\/www.icip.cat\/ca\/dialeg-social-i-politic\/enquesta-icip-2025\/#breadcrumb"},"inLanguage":"ca","potentialAction":[{"@type":"ReadAction","target":["https:\/\/www.icip.cat\/ca\/dialeg-social-i-politic\/enquesta-icip-2025\/"]}]},{"@type":"ImageObject","inLanguage":"ca","@id":"https:\/\/www.icip.cat\/ca\/dialeg-social-i-politic\/enquesta-icip-2025\/#primaryimage","url":"https:\/\/www.icip.cat\/wp-content\/uploads\/2025\/11\/Enquesta-ICIP-2025-768x538.png","contentUrl":"https:\/\/www.icip.cat\/wp-content\/uploads\/2025\/11\/Enquesta-ICIP-2025-768x538.png"},{"@type":"BreadcrumbList","@id":"https:\/\/www.icip.cat\/ca\/dialeg-social-i-politic\/enquesta-icip-2025\/#breadcrumb","itemListElement":[{"@type":"ListItem","position":1,"name":"Di\u00e0leg social i pol\u00edtic","item":"https:\/\/www.icip.cat\/ca\/dialeg-social-i-politic\/"},{"@type":"ListItem","position":2,"name":"Enquesta ICIP 2025"}]},{"@type":"WebSite","@id":"https:\/\/www.icip.cat\/ca\/#website","url":"https:\/\/www.icip.cat\/ca\/","name":"ICIP","description":"","publisher":{"@id":"https:\/\/www.icip.cat\/ca\/#organization"},"potentialAction":[{"@type":"SearchAction","target":{"@type":"EntryPoint","urlTemplate":"https:\/\/www.icip.cat\/ca\/?s={search_term_string}"},"query-input":{"@type":"PropertyValueSpecification","valueRequired":true,"valueName":"search_term_string"}}],"inLanguage":"ca"},{"@type":"Organization","@id":"https:\/\/www.icip.cat\/ca\/#organization","name":"ICIP","url":"https:\/\/www.icip.cat\/ca\/","logo":{"@type":"ImageObject","inLanguage":"ca","@id":"https:\/\/www.icip.cat\/ca\/#\/schema\/logo\/image\/","url":"https:\/\/www.icip.cat\/wp-content\/uploads\/2021\/02\/logo-2.png","contentUrl":"https:\/\/www.icip.cat\/wp-content\/uploads\/2021\/02\/logo-2.png","width":562,"height":391,"caption":"ICIP"},"image":{"@id":"https:\/\/www.icip.cat\/ca\/#\/schema\/logo\/image\/"}}]}},"_links":{"self":[{"href":"https:\/\/www.icip.cat\/ca\/wp-json\/wp\/v2\/pages\/57315","targetHints":{"allow":["GET"]}}],"collection":[{"href":"https:\/\/www.icip.cat\/ca\/wp-json\/wp\/v2\/pages"}],"about":[{"href":"https:\/\/www.icip.cat\/ca\/wp-json\/wp\/v2\/types\/page"}],"author":[{"embeddable":true,"href":"https:\/\/www.icip.cat\/ca\/wp-json\/wp\/v2\/users\/4"}],"replies":[{"embeddable":true,"href":"https:\/\/www.icip.cat\/ca\/wp-json\/wp\/v2\/comments?post=57315"}],"version-history":[{"count":41,"href":"https:\/\/www.icip.cat\/ca\/wp-json\/wp\/v2\/pages\/57315\/revisions"}],"predecessor-version":[{"id":60601,"href":"https:\/\/www.icip.cat\/ca\/wp-json\/wp\/v2\/pages\/57315\/revisions\/60601"}],"up":[{"embeddable":true,"href":"https:\/\/www.icip.cat\/ca\/wp-json\/wp\/v2\/pages\/48318"}],"wp:attachment":[{"href":"https:\/\/www.icip.cat\/ca\/wp-json\/wp\/v2\/media?parent=57315"}],"curies":[{"name":"wp","href":"https:\/\/api.w.org\/{rel}","templated":true}]}}