{"id":57407,"date":"2025-10-30T09:45:20","date_gmt":"2025-10-30T09:45:20","guid":{"rendered":"https:\/\/www.icip.cat\/?page_id=57407"},"modified":"2025-11-03T12:24:14","modified_gmt":"2025-11-03T12:24:14","slug":"convivencia","status":"publish","type":"page","link":"https:\/\/www.icip.cat\/ca\/convivencia\/","title":{"rendered":"Conviv\u00e8ncia"},"content":{"rendered":"\t\t<div data-elementor-type=\"wp-page\" data-elementor-id=\"57407\" class=\"elementor elementor-57407\" data-elementor-post-type=\"page\">\n\t\t\t\t\t\t<section class=\"elementor-section elementor-top-section elementor-element elementor-element-d0c5117 elementor-section-boxed elementor-section-height-default elementor-section-height-default\" data-id=\"d0c5117\" data-element_type=\"section\" data-settings=\"{&quot;background_background&quot;:&quot;classic&quot;}\">\n\t\t\t\t\t\t\t<div class=\"elementor-background-overlay\"><\/div>\n\t\t\t\t\t\t\t<div class=\"elementor-container elementor-column-gap-default\">\n\t\t\t\t\t<div class=\"elementor-column elementor-col-100 elementor-top-column elementor-element elementor-element-fd9ef5d\" data-id=\"fd9ef5d\" data-element_type=\"column\">\n\t\t\t<div class=\"elementor-widget-wrap elementor-element-populated\">\n\t\t\t\t\t\t<div class=\"elementor-element elementor-element-f19ac9b elementor-widget elementor-widget-heading\" data-id=\"f19ac9b\" data-element_type=\"widget\" data-widget_type=\"heading.default\">\n\t\t\t\t<div class=\"elementor-widget-container\">\n\t\t\t\t\t<h1 class=\"elementor-heading-title elementor-size-xl\">Conviv\u00e8ncia<\/h1>\t\t\t\t<\/div>\n\t\t\t\t<\/div>\n\t\t\t\t\t<\/div>\n\t\t<\/div>\n\t\t\t\t\t<\/div>\n\t\t<\/section>\n\t\t\t\t<section class=\"elementor-section elementor-top-section elementor-element elementor-element-e790ff5 elementor-section-boxed elementor-section-height-default elementor-section-height-default\" data-id=\"e790ff5\" data-element_type=\"section\">\n\t\t\t\t\t\t<div class=\"elementor-container elementor-column-gap-default\">\n\t\t\t\t\t<div class=\"elementor-column elementor-col-100 elementor-top-column elementor-element elementor-element-6674be6\" data-id=\"6674be6\" data-element_type=\"column\">\n\t\t\t<div class=\"elementor-widget-wrap elementor-element-populated\">\n\t\t\t\t\t\t<div class=\"elementor-element elementor-element-361a3e1 elementor-widget-divider--view-line elementor-widget elementor-widget-divider\" data-id=\"361a3e1\" data-element_type=\"widget\" data-widget_type=\"divider.default\">\n\t\t\t\t<div class=\"elementor-widget-container\">\n\t\t\t\t\t\t\t<div class=\"elementor-divider\">\n\t\t\t<span class=\"elementor-divider-separator\">\n\t\t\t\t\t\t<\/span>\n\t\t<\/div>\n\t\t\t\t\t\t<\/div>\n\t\t\t\t<\/div>\n\t\t\t\t<div class=\"elementor-element elementor-element-1240954 elementor-widget elementor-widget-text-editor\" data-id=\"1240954\" data-element_type=\"widget\" data-widget_type=\"text-editor.default\">\n\t\t\t\t<div class=\"elementor-widget-container\">\n\t\t\t\t\t\t\t\t\t<p><span style=\"font-weight: 400;\">La conviv\u00e8ncia pac\u00edfica entre persones \u00e9s fonamental per al desenvolupament de les societats democr\u00e0tiques. El respecte, la toler\u00e0ncia i la transformaci\u00f3 positiva dels conflictes s\u00f3n pilars d\u2019una bona conviv\u00e8ncia i un bon indicador de la salut de la cultura de pau.<\/span><\/p><p><span style=\"font-weight: 400;\">En aquest apartat s\u2019exposa la percepci\u00f3 que t\u00e9 la ciutadania de la conviv\u00e8ncia a diferents nivells (municipi\/barri, a Catalunya i a Espanya), aix\u00ed com la predisposici\u00f3 a la gesti\u00f3 dialogada dels conflictes i la toler\u00e0ncia cap a diferents tipus de viol\u00e8ncies quotidianes.<\/span><\/p><p>En els seus gr\u00e0fics podeu consultar les respostes donades amb encreuaments per g\u00e8nere i edat, nivell educatiu, grau de confian\u00e7a social, ideologia i mida del municipi de resid\u00e8ncia.<\/p>\t\t\t\t\t\t\t\t<\/div>\n\t\t\t\t<\/div>\n\t\t\t\t<div class=\"elementor-element elementor-element-2963d6e elementor-widget elementor-widget-html\" data-id=\"2963d6e\" data-element_type=\"widget\" data-widget_type=\"html.default\">\n\t\t\t\t<div class=\"elementor-widget-container\">\n\t\t\t\t\t<div class=\"flourish-embed flourish-chart\" data-src=\"visualisation\/25635758?2228240\"><script src=\"https:\/\/public.flourish.studio\/resources\/embed.js\"><\/script><noscript><img decoding=\"async\" src=\"https:\/\/public.flourish.studio\/visualisation\/25635758\/thumbnail\" width=\"100%\" alt=\"chart visualization\" \/><\/noscript><\/div>\t\t\t\t<\/div>\n\t\t\t\t<\/div>\n\t\t\t\t<div class=\"elementor-element elementor-element-e05e406 elementor-widget-divider--view-line elementor-widget elementor-widget-divider\" data-id=\"e05e406\" data-element_type=\"widget\" data-widget_type=\"divider.default\">\n\t\t\t\t<div class=\"elementor-widget-container\">\n\t\t\t\t\t\t\t<div class=\"elementor-divider\">\n\t\t\t<span class=\"elementor-divider-separator\">\n\t\t\t\t\t\t<\/span>\n\t\t<\/div>\n\t\t\t\t\t\t<\/div>\n\t\t\t\t<\/div>\n\t\t\t\t<div class=\"elementor-element elementor-element-4b6997f elementor-widget elementor-widget-html\" data-id=\"4b6997f\" data-element_type=\"widget\" data-widget_type=\"html.default\">\n\t\t\t\t<div class=\"elementor-widget-container\">\n\t\t\t\t\t<div class=\"flourish-embed flourish-chart\" data-src=\"visualisation\/25689215?2228240\"><script src=\"https:\/\/public.flourish.studio\/resources\/embed.js\"><\/script><noscript><img decoding=\"async\" src=\"https:\/\/public.flourish.studio\/visualisation\/25689215\/thumbnail\" width=\"100%\" alt=\"chart visualization\" \/><\/noscript><\/div>\t\t\t\t<\/div>\n\t\t\t\t<\/div>\n\t\t\t\t<div class=\"elementor-element elementor-element-c71c48c elementor-widget-divider--view-line elementor-widget elementor-widget-divider\" data-id=\"c71c48c\" data-element_type=\"widget\" data-widget_type=\"divider.default\">\n\t\t\t\t<div class=\"elementor-widget-container\">\n\t\t\t\t\t\t\t<div class=\"elementor-divider\">\n\t\t\t<span class=\"elementor-divider-separator\">\n\t\t\t\t\t\t<\/span>\n\t\t<\/div>\n\t\t\t\t\t\t<\/div>\n\t\t\t\t<\/div>\n\t\t\t\t<div class=\"elementor-element elementor-element-04e2768 elementor-widget elementor-widget-html\" data-id=\"04e2768\" data-element_type=\"widget\" data-widget_type=\"html.default\">\n\t\t\t\t<div class=\"elementor-widget-container\">\n\t\t\t\t\t<div class=\"flourish-embed flourish-chart\" data-src=\"visualisation\/25689216?2228240\"><script src=\"https:\/\/public.flourish.studio\/resources\/embed.js\"><\/script><noscript><img decoding=\"async\" src=\"https:\/\/public.flourish.studio\/visualisation\/25689216\/thumbnail\" width=\"100%\" alt=\"chart visualization\" \/><\/noscript><\/div>\t\t\t\t<\/div>\n\t\t\t\t<\/div>\n\t\t\t\t<div class=\"elementor-element elementor-element-9e1424f elementor-widget-divider--view-line elementor-widget elementor-widget-divider\" data-id=\"9e1424f\" data-element_type=\"widget\" data-widget_type=\"divider.default\">\n\t\t\t\t<div class=\"elementor-widget-container\">\n\t\t\t\t\t\t\t<div class=\"elementor-divider\">\n\t\t\t<span class=\"elementor-divider-separator\">\n\t\t\t\t\t\t<\/span>\n\t\t<\/div>\n\t\t\t\t\t\t<\/div>\n\t\t\t\t<\/div>\n\t\t\t\t<div class=\"elementor-element elementor-element-cd0de87 elementor-widget elementor-widget-html\" data-id=\"cd0de87\" data-element_type=\"widget\" data-widget_type=\"html.default\">\n\t\t\t\t<div class=\"elementor-widget-container\">\n\t\t\t\t\t<div class=\"flourish-embed flourish-chart\" data-src=\"visualisation\/25689218?2228240\"><script src=\"https:\/\/public.flourish.studio\/resources\/embed.js\"><\/script><noscript><img decoding=\"async\" src=\"https:\/\/public.flourish.studio\/visualisation\/25689218\/thumbnail\" width=\"100%\" alt=\"chart visualization\" \/><\/noscript><\/div>\t\t\t\t<\/div>\n\t\t\t\t<\/div>\n\t\t\t\t<div class=\"elementor-element elementor-element-9c3fc88 elementor-widget-divider--view-line elementor-widget elementor-widget-divider\" data-id=\"9c3fc88\" data-element_type=\"widget\" data-widget_type=\"divider.default\">\n\t\t\t\t<div class=\"elementor-widget-container\">\n\t\t\t\t\t\t\t<div class=\"elementor-divider\">\n\t\t\t<span class=\"elementor-divider-separator\">\n\t\t\t\t\t\t<\/span>\n\t\t<\/div>\n\t\t\t\t\t\t<\/div>\n\t\t\t\t<\/div>\n\t\t\t\t<div class=\"elementor-element elementor-element-1bc7989 elementor-widget elementor-widget-html\" data-id=\"1bc7989\" data-element_type=\"widget\" data-widget_type=\"html.default\">\n\t\t\t\t<div class=\"elementor-widget-container\">\n\t\t\t\t\t<div class=\"flourish-embed flourish-chart\" data-src=\"visualisation\/25689220?2228240\"><script src=\"https:\/\/public.flourish.studio\/resources\/embed.js\"><\/script><noscript><img decoding=\"async\" src=\"https:\/\/public.flourish.studio\/visualisation\/25689220\/thumbnail\" width=\"100%\" alt=\"chart visualization\" \/><\/noscript><\/div>\t\t\t\t<\/div>\n\t\t\t\t<\/div>\n\t\t\t\t<div class=\"elementor-element elementor-element-774004f elementor-widget-divider--view-line elementor-widget elementor-widget-divider\" data-id=\"774004f\" data-element_type=\"widget\" data-widget_type=\"divider.default\">\n\t\t\t\t<div class=\"elementor-widget-container\">\n\t\t\t\t\t\t\t<div class=\"elementor-divider\">\n\t\t\t<span class=\"elementor-divider-separator\">\n\t\t\t\t\t\t<\/span>\n\t\t<\/div>\n\t\t\t\t\t\t<\/div>\n\t\t\t\t<\/div>\n\t\t\t\t\t<\/div>\n\t\t<\/div>\n\t\t\t\t\t<\/div>\n\t\t<\/section>\n\t\t\t\t<\/div>\n\t\t","protected":false},"excerpt":{"rendered":"<p>Conviv\u00e8ncia La conviv\u00e8ncia pac\u00edfica entre persones \u00e9s fonamental per al desenvolupament de les societats democr\u00e0tiques. El respecte, la toler\u00e0ncia i la transformaci\u00f3 positiva dels conflictes s\u00f3n pilars d\u2019una bona conviv\u00e8ncia i un bon indicador de la salut de la cultura de pau. En aquest apartat s\u2019exposa la percepci\u00f3 que t\u00e9 la ciutadania de la conviv\u00e8ncia [&hellip;]<\/p>\n","protected":false},"author":1,"featured_media":0,"parent":0,"menu_order":0,"comment_status":"closed","ping_status":"closed","template":"","meta":{"_acf_changed":false,"footnotes":""},"class_list":["post-57407","page","type-page","status-publish","hentry"],"acf":[],"yoast_head":"<!-- This site is optimized with the Yoast SEO plugin v25.6 - https:\/\/yoast.com\/wordpress\/plugins\/seo\/ -->\n<title>Conviv\u00e8ncia - ICIP<\/title>\n<meta name=\"description\" content=\"L\u2019enquesta t\u00e9 per objectiu avalauar la percepci\u00f3 de la societat catalana sobre la conviv\u00e8ncia, la confian\u00e7a social, la polaritzaci\u00f3 i la seguretat a Catalunya.\" \/>\n<meta name=\"robots\" content=\"index, follow, max-snippet:-1, max-image-preview:large, max-video-preview:-1\" \/>\n<link rel=\"canonical\" href=\"https:\/\/www.icip.cat\/ca\/convivencia\/\" \/>\n<meta property=\"og:locale\" content=\"ca_ES\" \/>\n<meta property=\"og:type\" content=\"article\" \/>\n<meta property=\"og:title\" content=\"Conviv\u00e8ncia - ICIP\" \/>\n<meta property=\"og:description\" content=\"L\u2019enquesta t\u00e9 per objectiu avalauar la percepci\u00f3 de la societat catalana sobre la conviv\u00e8ncia, la confian\u00e7a social, la polaritzaci\u00f3 i la seguretat a Catalunya.\" \/>\n<meta property=\"og:url\" content=\"https:\/\/www.icip.cat\/ca\/convivencia\/\" \/>\n<meta property=\"og:site_name\" content=\"ICIP\" \/>\n<meta property=\"article:modified_time\" content=\"2025-11-03T12:24:14+00:00\" \/>\n<meta property=\"og:image\" content=\"https:\/\/public.flourish.studio\/visualisation\/25635758\/thumbnail\" \/>\n<meta name=\"twitter:card\" content=\"summary_large_image\" \/>\n<meta name=\"twitter:label1\" content=\"Temps estimat de lectura\" \/>\n\t<meta name=\"twitter:data1\" content=\"1 minut\" \/>\n<script type=\"application\/ld+json\" class=\"yoast-schema-graph\">{\"@context\":\"https:\/\/schema.org\",\"@graph\":[{\"@type\":\"WebPage\",\"@id\":\"https:\/\/www.icip.cat\/ca\/convivencia\/\",\"url\":\"https:\/\/www.icip.cat\/ca\/convivencia\/\",\"name\":\"Conviv\u00e8ncia - ICIP\",\"isPartOf\":{\"@id\":\"https:\/\/www.icip.cat\/ca\/#website\"},\"primaryImageOfPage\":{\"@id\":\"https:\/\/www.icip.cat\/ca\/convivencia\/#primaryimage\"},\"image\":{\"@id\":\"https:\/\/www.icip.cat\/ca\/convivencia\/#primaryimage\"},\"thumbnailUrl\":\"https:\/\/public.flourish.studio\/visualisation\/25635758\/thumbnail\",\"datePublished\":\"2025-10-30T09:45:20+00:00\",\"dateModified\":\"2025-11-03T12:24:14+00:00\",\"description\":\"L\u2019enquesta t\u00e9 per objectiu avalauar la percepci\u00f3 de la societat catalana sobre la conviv\u00e8ncia, la confian\u00e7a social, la polaritzaci\u00f3 i la seguretat a Catalunya.\",\"inLanguage\":\"ca\",\"potentialAction\":[{\"@type\":\"ReadAction\",\"target\":[\"https:\/\/www.icip.cat\/ca\/convivencia\/\"]}]},{\"@type\":\"ImageObject\",\"inLanguage\":\"ca\",\"@id\":\"https:\/\/www.icip.cat\/ca\/convivencia\/#primaryimage\",\"url\":\"https:\/\/public.flourish.studio\/visualisation\/25635758\/thumbnail\",\"contentUrl\":\"https:\/\/public.flourish.studio\/visualisation\/25635758\/thumbnail\"},{\"@type\":\"WebSite\",\"@id\":\"https:\/\/www.icip.cat\/ca\/#website\",\"url\":\"https:\/\/www.icip.cat\/ca\/\",\"name\":\"ICIP\",\"description\":\"\",\"publisher\":{\"@id\":\"https:\/\/www.icip.cat\/ca\/#organization\"},\"potentialAction\":[{\"@type\":\"SearchAction\",\"target\":{\"@type\":\"EntryPoint\",\"urlTemplate\":\"https:\/\/www.icip.cat\/ca\/?s={search_term_string}\"},\"query-input\":{\"@type\":\"PropertyValueSpecification\",\"valueRequired\":true,\"valueName\":\"search_term_string\"}}],\"inLanguage\":\"ca\"},{\"@type\":\"Organization\",\"@id\":\"https:\/\/www.icip.cat\/ca\/#organization\",\"name\":\"ICIP\",\"url\":\"https:\/\/www.icip.cat\/ca\/\",\"logo\":{\"@type\":\"ImageObject\",\"inLanguage\":\"ca\",\"@id\":\"https:\/\/www.icip.cat\/ca\/#\/schema\/logo\/image\/\",\"url\":\"https:\/\/www.icip.cat\/wp-content\/uploads\/2021\/02\/logo-2.png\",\"contentUrl\":\"https:\/\/www.icip.cat\/wp-content\/uploads\/2021\/02\/logo-2.png\",\"width\":562,\"height\":391,\"caption\":\"ICIP\"},\"image\":{\"@id\":\"https:\/\/www.icip.cat\/ca\/#\/schema\/logo\/image\/\"}}]}<\/script>\n<!-- \/ Yoast SEO plugin. -->","yoast_head_json":{"title":"Conviv\u00e8ncia - ICIP","description":"L\u2019enquesta t\u00e9 per objectiu avalauar la percepci\u00f3 de la societat catalana sobre la conviv\u00e8ncia, la confian\u00e7a social, la polaritzaci\u00f3 i la seguretat a Catalunya.","robots":{"index":"index","follow":"follow","max-snippet":"max-snippet:-1","max-image-preview":"max-image-preview:large","max-video-preview":"max-video-preview:-1"},"canonical":"https:\/\/www.icip.cat\/ca\/convivencia\/","og_locale":"ca_ES","og_type":"article","og_title":"Conviv\u00e8ncia - ICIP","og_description":"L\u2019enquesta t\u00e9 per objectiu avalauar la percepci\u00f3 de la societat catalana sobre la conviv\u00e8ncia, la confian\u00e7a social, la polaritzaci\u00f3 i la seguretat a Catalunya.","og_url":"https:\/\/www.icip.cat\/ca\/convivencia\/","og_site_name":"ICIP","article_modified_time":"2025-11-03T12:24:14+00:00","og_image":[{"url":"https:\/\/public.flourish.studio\/visualisation\/25635758\/thumbnail","type":"","width":"","height":""}],"twitter_card":"summary_large_image","twitter_misc":{"Temps estimat de lectura":"1 minut"},"schema":{"@context":"https:\/\/schema.org","@graph":[{"@type":"WebPage","@id":"https:\/\/www.icip.cat\/ca\/convivencia\/","url":"https:\/\/www.icip.cat\/ca\/convivencia\/","name":"Conviv\u00e8ncia - ICIP","isPartOf":{"@id":"https:\/\/www.icip.cat\/ca\/#website"},"primaryImageOfPage":{"@id":"https:\/\/www.icip.cat\/ca\/convivencia\/#primaryimage"},"image":{"@id":"https:\/\/www.icip.cat\/ca\/convivencia\/#primaryimage"},"thumbnailUrl":"https:\/\/public.flourish.studio\/visualisation\/25635758\/thumbnail","datePublished":"2025-10-30T09:45:20+00:00","dateModified":"2025-11-03T12:24:14+00:00","description":"L\u2019enquesta t\u00e9 per objectiu avalauar la percepci\u00f3 de la societat catalana sobre la conviv\u00e8ncia, la confian\u00e7a social, la polaritzaci\u00f3 i la seguretat a Catalunya.","inLanguage":"ca","potentialAction":[{"@type":"ReadAction","target":["https:\/\/www.icip.cat\/ca\/convivencia\/"]}]},{"@type":"ImageObject","inLanguage":"ca","@id":"https:\/\/www.icip.cat\/ca\/convivencia\/#primaryimage","url":"https:\/\/public.flourish.studio\/visualisation\/25635758\/thumbnail","contentUrl":"https:\/\/public.flourish.studio\/visualisation\/25635758\/thumbnail"},{"@type":"WebSite","@id":"https:\/\/www.icip.cat\/ca\/#website","url":"https:\/\/www.icip.cat\/ca\/","name":"ICIP","description":"","publisher":{"@id":"https:\/\/www.icip.cat\/ca\/#organization"},"potentialAction":[{"@type":"SearchAction","target":{"@type":"EntryPoint","urlTemplate":"https:\/\/www.icip.cat\/ca\/?s={search_term_string}"},"query-input":{"@type":"PropertyValueSpecification","valueRequired":true,"valueName":"search_term_string"}}],"inLanguage":"ca"},{"@type":"Organization","@id":"https:\/\/www.icip.cat\/ca\/#organization","name":"ICIP","url":"https:\/\/www.icip.cat\/ca\/","logo":{"@type":"ImageObject","inLanguage":"ca","@id":"https:\/\/www.icip.cat\/ca\/#\/schema\/logo\/image\/","url":"https:\/\/www.icip.cat\/wp-content\/uploads\/2021\/02\/logo-2.png","contentUrl":"https:\/\/www.icip.cat\/wp-content\/uploads\/2021\/02\/logo-2.png","width":562,"height":391,"caption":"ICIP"},"image":{"@id":"https:\/\/www.icip.cat\/ca\/#\/schema\/logo\/image\/"}}]}},"_links":{"self":[{"href":"https:\/\/www.icip.cat\/ca\/wp-json\/wp\/v2\/pages\/57407","targetHints":{"allow":["GET"]}}],"collection":[{"href":"https:\/\/www.icip.cat\/ca\/wp-json\/wp\/v2\/pages"}],"about":[{"href":"https:\/\/www.icip.cat\/ca\/wp-json\/wp\/v2\/types\/page"}],"author":[{"embeddable":true,"href":"https:\/\/www.icip.cat\/ca\/wp-json\/wp\/v2\/users\/1"}],"replies":[{"embeddable":true,"href":"https:\/\/www.icip.cat\/ca\/wp-json\/wp\/v2\/comments?post=57407"}],"version-history":[{"count":24,"href":"https:\/\/www.icip.cat\/ca\/wp-json\/wp\/v2\/pages\/57407\/revisions"}],"predecessor-version":[{"id":57509,"href":"https:\/\/www.icip.cat\/ca\/wp-json\/wp\/v2\/pages\/57407\/revisions\/57509"}],"wp:attachment":[{"href":"https:\/\/www.icip.cat\/ca\/wp-json\/wp\/v2\/media?parent=57407"}],"curies":[{"name":"wp","href":"https:\/\/api.w.org\/{rel}","templated":true}]}}