{"id":57417,"date":"2025-10-30T09:53:14","date_gmt":"2025-10-30T09:53:14","guid":{"rendered":"https:\/\/www.icip.cat\/?page_id=57417"},"modified":"2025-11-03T12:22:39","modified_gmt":"2025-11-03T12:22:39","slug":"confianca","status":"publish","type":"page","link":"https:\/\/www.icip.cat\/ca\/confianca\/","title":{"rendered":"Confian\u00e7a"},"content":{"rendered":"\t\t<div data-elementor-type=\"wp-page\" data-elementor-id=\"57417\" class=\"elementor elementor-57417\" data-elementor-post-type=\"page\">\n\t\t\t\t\t\t<section class=\"elementor-section elementor-top-section elementor-element elementor-element-437fe5e elementor-section-boxed elementor-section-height-default elementor-section-height-default\" data-id=\"437fe5e\" data-element_type=\"section\" data-settings=\"{&quot;background_background&quot;:&quot;classic&quot;}\">\n\t\t\t\t\t\t\t<div class=\"elementor-background-overlay\"><\/div>\n\t\t\t\t\t\t\t<div class=\"elementor-container elementor-column-gap-default\">\n\t\t\t\t\t<div class=\"elementor-column elementor-col-100 elementor-top-column elementor-element elementor-element-411cf6e\" data-id=\"411cf6e\" data-element_type=\"column\">\n\t\t\t<div class=\"elementor-widget-wrap elementor-element-populated\">\n\t\t\t\t\t\t<div class=\"elementor-element elementor-element-e48015c elementor-widget elementor-widget-heading\" data-id=\"e48015c\" data-element_type=\"widget\" data-widget_type=\"heading.default\">\n\t\t\t\t<div class=\"elementor-widget-container\">\n\t\t\t\t\t<h1 class=\"elementor-heading-title elementor-size-xl\">Confian\u00e7a<\/h1>\t\t\t\t<\/div>\n\t\t\t\t<\/div>\n\t\t\t\t\t<\/div>\n\t\t<\/div>\n\t\t\t\t\t<\/div>\n\t\t<\/section>\n\t\t\t\t<section class=\"elementor-section elementor-top-section elementor-element elementor-element-e790ff5 elementor-section-boxed elementor-section-height-default elementor-section-height-default\" data-id=\"e790ff5\" data-element_type=\"section\">\n\t\t\t\t\t\t<div class=\"elementor-container elementor-column-gap-default\">\n\t\t\t\t\t<div class=\"elementor-column elementor-col-100 elementor-top-column elementor-element elementor-element-6674be6\" data-id=\"6674be6\" data-element_type=\"column\">\n\t\t\t<div class=\"elementor-widget-wrap elementor-element-populated\">\n\t\t\t\t\t\t<div class=\"elementor-element elementor-element-361a3e1 elementor-widget-divider--view-line elementor-widget elementor-widget-divider\" data-id=\"361a3e1\" data-element_type=\"widget\" data-widget_type=\"divider.default\">\n\t\t\t\t<div class=\"elementor-widget-container\">\n\t\t\t\t\t\t\t<div class=\"elementor-divider\">\n\t\t\t<span class=\"elementor-divider-separator\">\n\t\t\t\t\t\t<\/span>\n\t\t<\/div>\n\t\t\t\t\t\t<\/div>\n\t\t\t\t<\/div>\n\t\t\t\t<div class=\"elementor-element elementor-element-1240954 elementor-widget elementor-widget-text-editor\" data-id=\"1240954\" data-element_type=\"widget\" data-widget_type=\"text-editor.default\">\n\t\t\t\t<div class=\"elementor-widget-container\">\n\t\t\t\t\t\t\t\t\t<p><span style=\"font-weight: 400;\">La confian\u00e7a interpersonal \u00e9s un ingredient fonamental per al desenvolupament de la societat perqu\u00e8 facilita la cooperaci\u00f3 entre individus, el compliment de les normes socials i una major orientaci\u00f3 al benestar col\u00b7lectiu.<\/span><\/p><p><span style=\"font-weight: 400;\">En aquest apartat s\u2019analitza el grau de confian\u00e7a social en una dimensi\u00f3 horitzontal (entre la ciutadania) i una dimensi\u00f3 vertical (en relaci\u00f3 amb les institucions i la classe pol\u00edtica). Tamb\u00e9 es vol copsar el grau de comprom\u00eds amb la democr\u00e0cia.<\/span><\/p><p>En els seus gr\u00e0fics podeu consultar les respostes donades amb encreuaments per g\u00e8nere i edat, nivell educatiu, grau de confian\u00e7a social, ideologia i mida del municipi de resid\u00e8ncia.<\/p>\t\t\t\t\t\t\t\t<\/div>\n\t\t\t\t<\/div>\n\t\t\t\t<div class=\"elementor-element elementor-element-2963d6e elementor-widget elementor-widget-html\" data-id=\"2963d6e\" data-element_type=\"widget\" data-widget_type=\"html.default\">\n\t\t\t\t<div class=\"elementor-widget-container\">\n\t\t\t\t\t<div class=\"flourish-embed flourish-chart\" data-src=\"visualisation\/25689464?2228240\"><script src=\"https:\/\/public.flourish.studio\/resources\/embed.js\"><\/script><noscript><img decoding=\"async\" src=\"https:\/\/public.flourish.studio\/visualisation\/25689464\/thumbnail\" width=\"100%\" alt=\"chart visualization\" \/><\/noscript><\/div>\t\t\t\t<\/div>\n\t\t\t\t<\/div>\n\t\t\t\t<div class=\"elementor-element elementor-element-e2f4503 elementor-widget-divider--view-line elementor-widget elementor-widget-divider\" data-id=\"e2f4503\" data-element_type=\"widget\" data-widget_type=\"divider.default\">\n\t\t\t\t<div class=\"elementor-widget-container\">\n\t\t\t\t\t\t\t<div class=\"elementor-divider\">\n\t\t\t<span class=\"elementor-divider-separator\">\n\t\t\t\t\t\t<\/span>\n\t\t<\/div>\n\t\t\t\t\t\t<\/div>\n\t\t\t\t<\/div>\n\t\t\t\t<div class=\"elementor-element elementor-element-4b6997f elementor-widget elementor-widget-html\" data-id=\"4b6997f\" data-element_type=\"widget\" data-widget_type=\"html.default\">\n\t\t\t\t<div class=\"elementor-widget-container\">\n\t\t\t\t\t<div class=\"flourish-embed flourish-chart\" data-src=\"visualisation\/25689467?2228240\"><script src=\"https:\/\/public.flourish.studio\/resources\/embed.js\"><\/script><noscript><img decoding=\"async\" src=\"https:\/\/public.flourish.studio\/visualisation\/25689467\/thumbnail\" width=\"100%\" alt=\"chart visualization\" \/><\/noscript><\/div>\t\t\t\t<\/div>\n\t\t\t\t<\/div>\n\t\t\t\t<div class=\"elementor-element elementor-element-3cb0fc5 elementor-widget-divider--view-line elementor-widget elementor-widget-divider\" data-id=\"3cb0fc5\" data-element_type=\"widget\" data-widget_type=\"divider.default\">\n\t\t\t\t<div class=\"elementor-widget-container\">\n\t\t\t\t\t\t\t<div class=\"elementor-divider\">\n\t\t\t<span class=\"elementor-divider-separator\">\n\t\t\t\t\t\t<\/span>\n\t\t<\/div>\n\t\t\t\t\t\t<\/div>\n\t\t\t\t<\/div>\n\t\t\t\t<div class=\"elementor-element elementor-element-04e2768 elementor-widget elementor-widget-html\" data-id=\"04e2768\" data-element_type=\"widget\" data-widget_type=\"html.default\">\n\t\t\t\t<div class=\"elementor-widget-container\">\n\t\t\t\t\t<div class=\"flourish-embed flourish-chart\" data-src=\"visualisation\/25689469?2228240\"><script src=\"https:\/\/public.flourish.studio\/resources\/embed.js\"><\/script><noscript><img decoding=\"async\" src=\"https:\/\/public.flourish.studio\/visualisation\/25689469\/thumbnail\" width=\"100%\" alt=\"chart visualization\" \/><\/noscript><\/div>\t\t\t\t<\/div>\n\t\t\t\t<\/div>\n\t\t\t\t<div class=\"elementor-element elementor-element-9098e6a elementor-widget-divider--view-line elementor-widget elementor-widget-divider\" data-id=\"9098e6a\" data-element_type=\"widget\" data-widget_type=\"divider.default\">\n\t\t\t\t<div class=\"elementor-widget-container\">\n\t\t\t\t\t\t\t<div class=\"elementor-divider\">\n\t\t\t<span class=\"elementor-divider-separator\">\n\t\t\t\t\t\t<\/span>\n\t\t<\/div>\n\t\t\t\t\t\t<\/div>\n\t\t\t\t<\/div>\n\t\t\t\t<div class=\"elementor-element elementor-element-cd0de87 elementor-widget elementor-widget-html\" data-id=\"cd0de87\" data-element_type=\"widget\" data-widget_type=\"html.default\">\n\t\t\t\t<div class=\"elementor-widget-container\">\n\t\t\t\t\t<div class=\"flourish-embed flourish-chart\" data-src=\"visualisation\/25689471?2228240\"><script src=\"https:\/\/public.flourish.studio\/resources\/embed.js\"><\/script><noscript><img decoding=\"async\" src=\"https:\/\/public.flourish.studio\/visualisation\/25689471\/thumbnail\" width=\"100%\" alt=\"chart visualization\" \/><\/noscript><\/div>\t\t\t\t<\/div>\n\t\t\t\t<\/div>\n\t\t\t\t<div class=\"elementor-element elementor-element-d025343 elementor-widget-divider--view-line elementor-widget elementor-widget-divider\" data-id=\"d025343\" data-element_type=\"widget\" data-widget_type=\"divider.default\">\n\t\t\t\t<div class=\"elementor-widget-container\">\n\t\t\t\t\t\t\t<div class=\"elementor-divider\">\n\t\t\t<span class=\"elementor-divider-separator\">\n\t\t\t\t\t\t<\/span>\n\t\t<\/div>\n\t\t\t\t\t\t<\/div>\n\t\t\t\t<\/div>\n\t\t\t\t<div class=\"elementor-element elementor-element-1bc7989 elementor-widget elementor-widget-html\" data-id=\"1bc7989\" data-element_type=\"widget\" data-widget_type=\"html.default\">\n\t\t\t\t<div class=\"elementor-widget-container\">\n\t\t\t\t\t<div class=\"flourish-embed flourish-chart\" data-src=\"visualisation\/25689476?2228240\"><script src=\"https:\/\/public.flourish.studio\/resources\/embed.js\"><\/script><noscript><img decoding=\"async\" src=\"https:\/\/public.flourish.studio\/visualisation\/25689476\/thumbnail\" width=\"100%\" alt=\"chart visualization\" \/><\/noscript><\/div>\t\t\t\t<\/div>\n\t\t\t\t<\/div>\n\t\t\t\t\t<\/div>\n\t\t<\/div>\n\t\t\t\t\t<\/div>\n\t\t<\/section>\n\t\t\t\t<\/div>\n\t\t","protected":false},"excerpt":{"rendered":"<p>Confian\u00e7a La confian\u00e7a interpersonal \u00e9s un ingredient fonamental per al desenvolupament de la societat perqu\u00e8 facilita la cooperaci\u00f3 entre individus, el compliment de les normes socials i una major orientaci\u00f3 al benestar col\u00b7lectiu. En aquest apartat s\u2019analitza el grau de confian\u00e7a social en una dimensi\u00f3 horitzontal (entre la ciutadania) i una dimensi\u00f3 vertical (en relaci\u00f3 [&hellip;]<\/p>\n","protected":false},"author":1,"featured_media":0,"parent":0,"menu_order":0,"comment_status":"closed","ping_status":"closed","template":"","meta":{"_acf_changed":false,"footnotes":""},"class_list":["post-57417","page","type-page","status-publish","hentry"],"acf":[],"yoast_head":"<!-- This site is optimized with the Yoast SEO plugin v25.6 - https:\/\/yoast.com\/wordpress\/plugins\/seo\/ -->\n<title>Confian\u00e7a - ICIP<\/title>\n<meta name=\"description\" content=\"L\u2019enquesta t\u00e9 per objectiu avalauar la percepci\u00f3 de la societat catalana sobre la conviv\u00e8ncia, la confian\u00e7a social, la polaritzaci\u00f3 i la seguretat a Catalunya.\" \/>\n<meta name=\"robots\" content=\"index, follow, max-snippet:-1, max-image-preview:large, max-video-preview:-1\" \/>\n<link rel=\"canonical\" href=\"https:\/\/www.icip.cat\/ca\/confianca\/\" \/>\n<meta property=\"og:locale\" content=\"ca_ES\" \/>\n<meta property=\"og:type\" content=\"article\" \/>\n<meta property=\"og:title\" content=\"Confian\u00e7a - ICIP\" \/>\n<meta property=\"og:description\" content=\"L\u2019enquesta t\u00e9 per objectiu avalauar la percepci\u00f3 de la societat catalana sobre la conviv\u00e8ncia, la confian\u00e7a social, la polaritzaci\u00f3 i la seguretat a Catalunya.\" \/>\n<meta property=\"og:url\" content=\"https:\/\/www.icip.cat\/ca\/confianca\/\" \/>\n<meta property=\"og:site_name\" content=\"ICIP\" \/>\n<meta property=\"article:modified_time\" content=\"2025-11-03T12:22:39+00:00\" \/>\n<meta property=\"og:image\" content=\"https:\/\/public.flourish.studio\/visualisation\/25689464\/thumbnail\" \/>\n<meta name=\"twitter:card\" content=\"summary_large_image\" \/>\n<meta name=\"twitter:label1\" content=\"Temps estimat de lectura\" \/>\n\t<meta name=\"twitter:data1\" content=\"1 minut\" \/>\n<script type=\"application\/ld+json\" class=\"yoast-schema-graph\">{\"@context\":\"https:\/\/schema.org\",\"@graph\":[{\"@type\":\"WebPage\",\"@id\":\"https:\/\/www.icip.cat\/ca\/confianca\/\",\"url\":\"https:\/\/www.icip.cat\/ca\/confianca\/\",\"name\":\"Confian\u00e7a - ICIP\",\"isPartOf\":{\"@id\":\"https:\/\/www.icip.cat\/ca\/#website\"},\"primaryImageOfPage\":{\"@id\":\"https:\/\/www.icip.cat\/ca\/confianca\/#primaryimage\"},\"image\":{\"@id\":\"https:\/\/www.icip.cat\/ca\/confianca\/#primaryimage\"},\"thumbnailUrl\":\"https:\/\/public.flourish.studio\/visualisation\/25689464\/thumbnail\",\"datePublished\":\"2025-10-30T09:53:14+00:00\",\"dateModified\":\"2025-11-03T12:22:39+00:00\",\"description\":\"L\u2019enquesta t\u00e9 per objectiu avalauar la percepci\u00f3 de la societat catalana sobre la conviv\u00e8ncia, la confian\u00e7a social, la polaritzaci\u00f3 i la seguretat a Catalunya.\",\"inLanguage\":\"ca\",\"potentialAction\":[{\"@type\":\"ReadAction\",\"target\":[\"https:\/\/www.icip.cat\/ca\/confianca\/\"]}]},{\"@type\":\"ImageObject\",\"inLanguage\":\"ca\",\"@id\":\"https:\/\/www.icip.cat\/ca\/confianca\/#primaryimage\",\"url\":\"https:\/\/public.flourish.studio\/visualisation\/25689464\/thumbnail\",\"contentUrl\":\"https:\/\/public.flourish.studio\/visualisation\/25689464\/thumbnail\"},{\"@type\":\"WebSite\",\"@id\":\"https:\/\/www.icip.cat\/ca\/#website\",\"url\":\"https:\/\/www.icip.cat\/ca\/\",\"name\":\"ICIP\",\"description\":\"\",\"publisher\":{\"@id\":\"https:\/\/www.icip.cat\/ca\/#organization\"},\"potentialAction\":[{\"@type\":\"SearchAction\",\"target\":{\"@type\":\"EntryPoint\",\"urlTemplate\":\"https:\/\/www.icip.cat\/ca\/?s={search_term_string}\"},\"query-input\":{\"@type\":\"PropertyValueSpecification\",\"valueRequired\":true,\"valueName\":\"search_term_string\"}}],\"inLanguage\":\"ca\"},{\"@type\":\"Organization\",\"@id\":\"https:\/\/www.icip.cat\/ca\/#organization\",\"name\":\"ICIP\",\"url\":\"https:\/\/www.icip.cat\/ca\/\",\"logo\":{\"@type\":\"ImageObject\",\"inLanguage\":\"ca\",\"@id\":\"https:\/\/www.icip.cat\/ca\/#\/schema\/logo\/image\/\",\"url\":\"https:\/\/www.icip.cat\/wp-content\/uploads\/2021\/02\/logo-2.png\",\"contentUrl\":\"https:\/\/www.icip.cat\/wp-content\/uploads\/2021\/02\/logo-2.png\",\"width\":562,\"height\":391,\"caption\":\"ICIP\"},\"image\":{\"@id\":\"https:\/\/www.icip.cat\/ca\/#\/schema\/logo\/image\/\"}}]}<\/script>\n<!-- \/ Yoast SEO plugin. -->","yoast_head_json":{"title":"Confian\u00e7a - ICIP","description":"L\u2019enquesta t\u00e9 per objectiu avalauar la percepci\u00f3 de la societat catalana sobre la conviv\u00e8ncia, la confian\u00e7a social, la polaritzaci\u00f3 i la seguretat a Catalunya.","robots":{"index":"index","follow":"follow","max-snippet":"max-snippet:-1","max-image-preview":"max-image-preview:large","max-video-preview":"max-video-preview:-1"},"canonical":"https:\/\/www.icip.cat\/ca\/confianca\/","og_locale":"ca_ES","og_type":"article","og_title":"Confian\u00e7a - ICIP","og_description":"L\u2019enquesta t\u00e9 per objectiu avalauar la percepci\u00f3 de la societat catalana sobre la conviv\u00e8ncia, la confian\u00e7a social, la polaritzaci\u00f3 i la seguretat a Catalunya.","og_url":"https:\/\/www.icip.cat\/ca\/confianca\/","og_site_name":"ICIP","article_modified_time":"2025-11-03T12:22:39+00:00","og_image":[{"url":"https:\/\/public.flourish.studio\/visualisation\/25689464\/thumbnail","type":"","width":"","height":""}],"twitter_card":"summary_large_image","twitter_misc":{"Temps estimat de lectura":"1 minut"},"schema":{"@context":"https:\/\/schema.org","@graph":[{"@type":"WebPage","@id":"https:\/\/www.icip.cat\/ca\/confianca\/","url":"https:\/\/www.icip.cat\/ca\/confianca\/","name":"Confian\u00e7a - ICIP","isPartOf":{"@id":"https:\/\/www.icip.cat\/ca\/#website"},"primaryImageOfPage":{"@id":"https:\/\/www.icip.cat\/ca\/confianca\/#primaryimage"},"image":{"@id":"https:\/\/www.icip.cat\/ca\/confianca\/#primaryimage"},"thumbnailUrl":"https:\/\/public.flourish.studio\/visualisation\/25689464\/thumbnail","datePublished":"2025-10-30T09:53:14+00:00","dateModified":"2025-11-03T12:22:39+00:00","description":"L\u2019enquesta t\u00e9 per objectiu avalauar la percepci\u00f3 de la societat catalana sobre la conviv\u00e8ncia, la confian\u00e7a social, la polaritzaci\u00f3 i la seguretat a Catalunya.","inLanguage":"ca","potentialAction":[{"@type":"ReadAction","target":["https:\/\/www.icip.cat\/ca\/confianca\/"]}]},{"@type":"ImageObject","inLanguage":"ca","@id":"https:\/\/www.icip.cat\/ca\/confianca\/#primaryimage","url":"https:\/\/public.flourish.studio\/visualisation\/25689464\/thumbnail","contentUrl":"https:\/\/public.flourish.studio\/visualisation\/25689464\/thumbnail"},{"@type":"WebSite","@id":"https:\/\/www.icip.cat\/ca\/#website","url":"https:\/\/www.icip.cat\/ca\/","name":"ICIP","description":"","publisher":{"@id":"https:\/\/www.icip.cat\/ca\/#organization"},"potentialAction":[{"@type":"SearchAction","target":{"@type":"EntryPoint","urlTemplate":"https:\/\/www.icip.cat\/ca\/?s={search_term_string}"},"query-input":{"@type":"PropertyValueSpecification","valueRequired":true,"valueName":"search_term_string"}}],"inLanguage":"ca"},{"@type":"Organization","@id":"https:\/\/www.icip.cat\/ca\/#organization","name":"ICIP","url":"https:\/\/www.icip.cat\/ca\/","logo":{"@type":"ImageObject","inLanguage":"ca","@id":"https:\/\/www.icip.cat\/ca\/#\/schema\/logo\/image\/","url":"https:\/\/www.icip.cat\/wp-content\/uploads\/2021\/02\/logo-2.png","contentUrl":"https:\/\/www.icip.cat\/wp-content\/uploads\/2021\/02\/logo-2.png","width":562,"height":391,"caption":"ICIP"},"image":{"@id":"https:\/\/www.icip.cat\/ca\/#\/schema\/logo\/image\/"}}]}},"_links":{"self":[{"href":"https:\/\/www.icip.cat\/ca\/wp-json\/wp\/v2\/pages\/57417","targetHints":{"allow":["GET"]}}],"collection":[{"href":"https:\/\/www.icip.cat\/ca\/wp-json\/wp\/v2\/pages"}],"about":[{"href":"https:\/\/www.icip.cat\/ca\/wp-json\/wp\/v2\/types\/page"}],"author":[{"embeddable":true,"href":"https:\/\/www.icip.cat\/ca\/wp-json\/wp\/v2\/users\/1"}],"replies":[{"embeddable":true,"href":"https:\/\/www.icip.cat\/ca\/wp-json\/wp\/v2\/comments?post=57417"}],"version-history":[{"count":13,"href":"https:\/\/www.icip.cat\/ca\/wp-json\/wp\/v2\/pages\/57417\/revisions"}],"predecessor-version":[{"id":57506,"href":"https:\/\/www.icip.cat\/ca\/wp-json\/wp\/v2\/pages\/57417\/revisions\/57506"}],"wp:attachment":[{"href":"https:\/\/www.icip.cat\/ca\/wp-json\/wp\/v2\/media?parent=57417"}],"curies":[{"name":"wp","href":"https:\/\/api.w.org\/{rel}","templated":true}]}}