{"id":57422,"date":"2025-10-30T09:59:02","date_gmt":"2025-10-30T09:59:02","guid":{"rendered":"https:\/\/www.icip.cat\/?page_id=57422"},"modified":"2025-11-03T12:24:19","modified_gmt":"2025-11-03T12:24:19","slug":"polaritzacio","status":"publish","type":"page","link":"https:\/\/www.icip.cat\/ca\/polaritzacio\/","title":{"rendered":"Polaritzaci\u00f3"},"content":{"rendered":"\t\t<div data-elementor-type=\"wp-page\" data-elementor-id=\"57422\" class=\"elementor elementor-57422\" data-elementor-post-type=\"page\">\n\t\t\t\t\t\t<section class=\"elementor-section elementor-top-section elementor-element elementor-element-1ed523b elementor-section-boxed elementor-section-height-default elementor-section-height-default\" data-id=\"1ed523b\" data-element_type=\"section\" data-settings=\"{&quot;background_background&quot;:&quot;classic&quot;}\">\n\t\t\t\t\t\t\t<div class=\"elementor-background-overlay\"><\/div>\n\t\t\t\t\t\t\t<div class=\"elementor-container elementor-column-gap-default\">\n\t\t\t\t\t<div class=\"elementor-column elementor-col-100 elementor-top-column elementor-element elementor-element-bd086bc\" data-id=\"bd086bc\" data-element_type=\"column\">\n\t\t\t<div class=\"elementor-widget-wrap elementor-element-populated\">\n\t\t\t\t\t\t<div class=\"elementor-element elementor-element-9d87c47 elementor-widget elementor-widget-heading\" data-id=\"9d87c47\" data-element_type=\"widget\" data-widget_type=\"heading.default\">\n\t\t\t\t<div class=\"elementor-widget-container\">\n\t\t\t\t\t<h1 class=\"elementor-heading-title elementor-size-xl\">Polaritzaci\u00f3<\/h1>\t\t\t\t<\/div>\n\t\t\t\t<\/div>\n\t\t\t\t\t<\/div>\n\t\t<\/div>\n\t\t\t\t\t<\/div>\n\t\t<\/section>\n\t\t\t\t<section class=\"elementor-section elementor-top-section elementor-element elementor-element-e790ff5 elementor-section-boxed elementor-section-height-default elementor-section-height-default\" data-id=\"e790ff5\" data-element_type=\"section\">\n\t\t\t\t\t\t<div class=\"elementor-container elementor-column-gap-default\">\n\t\t\t\t\t<div class=\"elementor-column elementor-col-100 elementor-top-column elementor-element elementor-element-6674be6\" data-id=\"6674be6\" data-element_type=\"column\">\n\t\t\t<div class=\"elementor-widget-wrap elementor-element-populated\">\n\t\t\t\t\t\t<div class=\"elementor-element elementor-element-361a3e1 elementor-widget-divider--view-line elementor-widget elementor-widget-divider\" data-id=\"361a3e1\" data-element_type=\"widget\" data-widget_type=\"divider.default\">\n\t\t\t\t<div class=\"elementor-widget-container\">\n\t\t\t\t\t\t\t<div class=\"elementor-divider\">\n\t\t\t<span class=\"elementor-divider-separator\">\n\t\t\t\t\t\t<\/span>\n\t\t<\/div>\n\t\t\t\t\t\t<\/div>\n\t\t\t\t<\/div>\n\t\t\t\t<div class=\"elementor-element elementor-element-1240954 elementor-widget elementor-widget-text-editor\" data-id=\"1240954\" data-element_type=\"widget\" data-widget_type=\"text-editor.default\">\n\t\t\t\t<div class=\"elementor-widget-container\">\n\t\t\t\t\t\t\t\t\t<p><span style=\"font-weight: 400;\">La polaritzaci\u00f3 ideol\u00f2gica, en tant que l\u2019exist\u00e8ncia de posicionaments <\/span><span style=\"font-weight: 400;\">enfrontats respecte de temes de debat, no \u00e9s en si mateixa negativa per a la societat. Per\u00f2 m\u00e9s enll\u00e0 de la sana confrontaci\u00f3 d\u2019idees, hi ha un fenomen\u00a0 creixent i pernici\u00f3s per a la salut democr\u00e0tica: \u00e9s la polaritzaci\u00f3 t\u00f2xica o emocional, la que es genera quan es rebutja o es menyst\u00e9 les persones que tenen un pensament diferent del propi.<\/span><\/p><p><span style=\"font-weight: 400;\">En aquest apartat s\u2019avalua els temes que m\u00e9s polaritzen la societat catalana i el grau de polaritzaci\u00f3 emocional de la ciutadania.<\/span><\/p><p>En els seus gr\u00e0fics podeu consultar les respostes donades amb encreuaments per g\u00e8nere i edat, nivell educatiu, grau de confian\u00e7a social, ideologia i mida del municipi de resid\u00e8ncia.<\/p>\t\t\t\t\t\t\t\t<\/div>\n\t\t\t\t<\/div>\n\t\t\t\t<div class=\"elementor-element elementor-element-2963d6e elementor-widget elementor-widget-html\" data-id=\"2963d6e\" data-element_type=\"widget\" data-widget_type=\"html.default\">\n\t\t\t\t<div class=\"elementor-widget-container\">\n\t\t\t\t\t<div class=\"flourish-embed flourish-chart\" data-src=\"visualisation\/25689646?2228240\"><script src=\"https:\/\/public.flourish.studio\/resources\/embed.js\"><\/script><noscript><img decoding=\"async\" src=\"https:\/\/public.flourish.studio\/visualisation\/25689646\/thumbnail\" width=\"100%\" alt=\"chart visualization\" \/><\/noscript><\/div>\t\t\t\t<\/div>\n\t\t\t\t<\/div>\n\t\t\t\t<div class=\"elementor-element elementor-element-4ecffd6 elementor-widget-divider--view-line elementor-widget elementor-widget-divider\" data-id=\"4ecffd6\" data-element_type=\"widget\" data-widget_type=\"divider.default\">\n\t\t\t\t<div class=\"elementor-widget-container\">\n\t\t\t\t\t\t\t<div class=\"elementor-divider\">\n\t\t\t<span class=\"elementor-divider-separator\">\n\t\t\t\t\t\t<\/span>\n\t\t<\/div>\n\t\t\t\t\t\t<\/div>\n\t\t\t\t<\/div>\n\t\t\t\t<div class=\"elementor-element elementor-element-4b6997f elementor-widget elementor-widget-html\" data-id=\"4b6997f\" data-element_type=\"widget\" data-widget_type=\"html.default\">\n\t\t\t\t<div class=\"elementor-widget-container\">\n\t\t\t\t\t<div class=\"flourish-embed flourish-chart\" data-src=\"visualisation\/25689648?2228240\"><script src=\"https:\/\/public.flourish.studio\/resources\/embed.js\"><\/script><noscript><img decoding=\"async\" src=\"https:\/\/public.flourish.studio\/visualisation\/25689648\/thumbnail\" width=\"100%\" alt=\"chart visualization\" \/><\/noscript><\/div>\t\t\t\t<\/div>\n\t\t\t\t<\/div>\n\t\t\t\t<div class=\"elementor-element elementor-element-3a39003 elementor-widget-divider--view-line elementor-widget elementor-widget-divider\" data-id=\"3a39003\" data-element_type=\"widget\" data-widget_type=\"divider.default\">\n\t\t\t\t<div class=\"elementor-widget-container\">\n\t\t\t\t\t\t\t<div class=\"elementor-divider\">\n\t\t\t<span class=\"elementor-divider-separator\">\n\t\t\t\t\t\t<\/span>\n\t\t<\/div>\n\t\t\t\t\t\t<\/div>\n\t\t\t\t<\/div>\n\t\t\t\t<div class=\"elementor-element elementor-element-04e2768 elementor-widget elementor-widget-html\" data-id=\"04e2768\" data-element_type=\"widget\" data-widget_type=\"html.default\">\n\t\t\t\t<div class=\"elementor-widget-container\">\n\t\t\t\t\t<div class=\"flourish-embed flourish-chart\" data-src=\"visualisation\/25689649?2228240\"><script src=\"https:\/\/public.flourish.studio\/resources\/embed.js\"><\/script><noscript><img decoding=\"async\" src=\"https:\/\/public.flourish.studio\/visualisation\/25689649\/thumbnail\" width=\"100%\" alt=\"chart visualization\" \/><\/noscript><\/div>\t\t\t\t<\/div>\n\t\t\t\t<\/div>\n\t\t\t\t<div class=\"elementor-element elementor-element-d4d05af elementor-widget-divider--view-line elementor-widget elementor-widget-divider\" data-id=\"d4d05af\" data-element_type=\"widget\" data-widget_type=\"divider.default\">\n\t\t\t\t<div class=\"elementor-widget-container\">\n\t\t\t\t\t\t\t<div class=\"elementor-divider\">\n\t\t\t<span class=\"elementor-divider-separator\">\n\t\t\t\t\t\t<\/span>\n\t\t<\/div>\n\t\t\t\t\t\t<\/div>\n\t\t\t\t<\/div>\n\t\t\t\t<div class=\"elementor-element elementor-element-cd0de87 elementor-widget elementor-widget-html\" data-id=\"cd0de87\" data-element_type=\"widget\" data-widget_type=\"html.default\">\n\t\t\t\t<div class=\"elementor-widget-container\">\n\t\t\t\t\t<div class=\"flourish-embed flourish-chart\" data-src=\"visualisation\/25689650?2228240\"><script src=\"https:\/\/public.flourish.studio\/resources\/embed.js\"><\/script><noscript><img decoding=\"async\" src=\"https:\/\/public.flourish.studio\/visualisation\/25689650\/thumbnail\" width=\"100%\" alt=\"chart visualization\" \/><\/noscript><\/div>\t\t\t\t<\/div>\n\t\t\t\t<\/div>\n\t\t\t\t<div class=\"elementor-element elementor-element-f8316a8 elementor-widget-divider--view-line elementor-widget elementor-widget-divider\" data-id=\"f8316a8\" data-element_type=\"widget\" data-widget_type=\"divider.default\">\n\t\t\t\t<div class=\"elementor-widget-container\">\n\t\t\t\t\t\t\t<div class=\"elementor-divider\">\n\t\t\t<span class=\"elementor-divider-separator\">\n\t\t\t\t\t\t<\/span>\n\t\t<\/div>\n\t\t\t\t\t\t<\/div>\n\t\t\t\t<\/div>\n\t\t\t\t<div class=\"elementor-element elementor-element-1bc7989 elementor-widget elementor-widget-html\" data-id=\"1bc7989\" data-element_type=\"widget\" data-widget_type=\"html.default\">\n\t\t\t\t<div class=\"elementor-widget-container\">\n\t\t\t\t\t<div class=\"flourish-embed flourish-chart\" data-src=\"visualisation\/25689651?2228240\"><script src=\"https:\/\/public.flourish.studio\/resources\/embed.js\"><\/script><noscript><img decoding=\"async\" src=\"https:\/\/public.flourish.studio\/visualisation\/25689651\/thumbnail\" width=\"100%\" alt=\"chart visualization\" \/><\/noscript><\/div>\t\t\t\t<\/div>\n\t\t\t\t<\/div>\n\t\t\t\t\t<\/div>\n\t\t<\/div>\n\t\t\t\t\t<\/div>\n\t\t<\/section>\n\t\t\t\t<\/div>\n\t\t","protected":false},"excerpt":{"rendered":"<p>Polaritzaci\u00f3 La polaritzaci\u00f3 ideol\u00f2gica, en tant que l\u2019exist\u00e8ncia de posicionaments enfrontats respecte de temes de debat, no \u00e9s en si mateixa negativa per a la societat. Per\u00f2 m\u00e9s enll\u00e0 de la sana confrontaci\u00f3 d\u2019idees, hi ha un fenomen\u00a0 creixent i pernici\u00f3s per a la salut democr\u00e0tica: \u00e9s la polaritzaci\u00f3 t\u00f2xica o emocional, la que es [&hellip;]<\/p>\n","protected":false},"author":1,"featured_media":0,"parent":0,"menu_order":0,"comment_status":"closed","ping_status":"closed","template":"","meta":{"_acf_changed":false,"footnotes":""},"class_list":["post-57422","page","type-page","status-publish","hentry"],"acf":[],"yoast_head":"<!-- This site is optimized with the Yoast SEO plugin v25.6 - https:\/\/yoast.com\/wordpress\/plugins\/seo\/ -->\n<title>Polaritzaci\u00f3 - ICIP<\/title>\n<meta name=\"description\" content=\"L\u2019enquesta t\u00e9 per objectiu avalauar la percepci\u00f3 de la societat catalana sobre la conviv\u00e8ncia, la confian\u00e7a social, la polaritzaci\u00f3 i la seguretat a Catalunya.\" \/>\n<meta name=\"robots\" content=\"index, follow, max-snippet:-1, max-image-preview:large, max-video-preview:-1\" \/>\n<link rel=\"canonical\" href=\"https:\/\/www.icip.cat\/ca\/polaritzacio\/\" \/>\n<meta property=\"og:locale\" content=\"ca_ES\" \/>\n<meta property=\"og:type\" content=\"article\" \/>\n<meta property=\"og:title\" content=\"Polaritzaci\u00f3 - ICIP\" \/>\n<meta property=\"og:description\" content=\"L\u2019enquesta t\u00e9 per objectiu avalauar la percepci\u00f3 de la societat catalana sobre la conviv\u00e8ncia, la confian\u00e7a social, la polaritzaci\u00f3 i la seguretat a Catalunya.\" \/>\n<meta property=\"og:url\" content=\"https:\/\/www.icip.cat\/ca\/polaritzacio\/\" \/>\n<meta property=\"og:site_name\" content=\"ICIP\" \/>\n<meta property=\"article:modified_time\" content=\"2025-11-03T12:24:19+00:00\" \/>\n<meta property=\"og:image\" content=\"https:\/\/public.flourish.studio\/visualisation\/25689646\/thumbnail\" \/>\n<meta name=\"twitter:card\" content=\"summary_large_image\" \/>\n<meta name=\"twitter:label1\" content=\"Temps estimat de lectura\" \/>\n\t<meta name=\"twitter:data1\" content=\"1 minut\" \/>\n<script type=\"application\/ld+json\" class=\"yoast-schema-graph\">{\"@context\":\"https:\/\/schema.org\",\"@graph\":[{\"@type\":\"WebPage\",\"@id\":\"https:\/\/www.icip.cat\/ca\/polaritzacio\/\",\"url\":\"https:\/\/www.icip.cat\/ca\/polaritzacio\/\",\"name\":\"Polaritzaci\u00f3 - ICIP\",\"isPartOf\":{\"@id\":\"https:\/\/www.icip.cat\/ca\/#website\"},\"primaryImageOfPage\":{\"@id\":\"https:\/\/www.icip.cat\/ca\/polaritzacio\/#primaryimage\"},\"image\":{\"@id\":\"https:\/\/www.icip.cat\/ca\/polaritzacio\/#primaryimage\"},\"thumbnailUrl\":\"https:\/\/public.flourish.studio\/visualisation\/25689646\/thumbnail\",\"datePublished\":\"2025-10-30T09:59:02+00:00\",\"dateModified\":\"2025-11-03T12:24:19+00:00\",\"description\":\"L\u2019enquesta t\u00e9 per objectiu avalauar la percepci\u00f3 de la societat catalana sobre la conviv\u00e8ncia, la confian\u00e7a social, la polaritzaci\u00f3 i la seguretat a Catalunya.\",\"inLanguage\":\"ca\",\"potentialAction\":[{\"@type\":\"ReadAction\",\"target\":[\"https:\/\/www.icip.cat\/ca\/polaritzacio\/\"]}]},{\"@type\":\"ImageObject\",\"inLanguage\":\"ca\",\"@id\":\"https:\/\/www.icip.cat\/ca\/polaritzacio\/#primaryimage\",\"url\":\"https:\/\/public.flourish.studio\/visualisation\/25689646\/thumbnail\",\"contentUrl\":\"https:\/\/public.flourish.studio\/visualisation\/25689646\/thumbnail\"},{\"@type\":\"WebSite\",\"@id\":\"https:\/\/www.icip.cat\/ca\/#website\",\"url\":\"https:\/\/www.icip.cat\/ca\/\",\"name\":\"ICIP\",\"description\":\"\",\"publisher\":{\"@id\":\"https:\/\/www.icip.cat\/ca\/#organization\"},\"potentialAction\":[{\"@type\":\"SearchAction\",\"target\":{\"@type\":\"EntryPoint\",\"urlTemplate\":\"https:\/\/www.icip.cat\/ca\/?s={search_term_string}\"},\"query-input\":{\"@type\":\"PropertyValueSpecification\",\"valueRequired\":true,\"valueName\":\"search_term_string\"}}],\"inLanguage\":\"ca\"},{\"@type\":\"Organization\",\"@id\":\"https:\/\/www.icip.cat\/ca\/#organization\",\"name\":\"ICIP\",\"url\":\"https:\/\/www.icip.cat\/ca\/\",\"logo\":{\"@type\":\"ImageObject\",\"inLanguage\":\"ca\",\"@id\":\"https:\/\/www.icip.cat\/ca\/#\/schema\/logo\/image\/\",\"url\":\"https:\/\/www.icip.cat\/wp-content\/uploads\/2021\/02\/logo-2.png\",\"contentUrl\":\"https:\/\/www.icip.cat\/wp-content\/uploads\/2021\/02\/logo-2.png\",\"width\":562,\"height\":391,\"caption\":\"ICIP\"},\"image\":{\"@id\":\"https:\/\/www.icip.cat\/ca\/#\/schema\/logo\/image\/\"}}]}<\/script>\n<!-- \/ Yoast SEO plugin. -->","yoast_head_json":{"title":"Polaritzaci\u00f3 - ICIP","description":"L\u2019enquesta t\u00e9 per objectiu avalauar la percepci\u00f3 de la societat catalana sobre la conviv\u00e8ncia, la confian\u00e7a social, la polaritzaci\u00f3 i la seguretat a Catalunya.","robots":{"index":"index","follow":"follow","max-snippet":"max-snippet:-1","max-image-preview":"max-image-preview:large","max-video-preview":"max-video-preview:-1"},"canonical":"https:\/\/www.icip.cat\/ca\/polaritzacio\/","og_locale":"ca_ES","og_type":"article","og_title":"Polaritzaci\u00f3 - ICIP","og_description":"L\u2019enquesta t\u00e9 per objectiu avalauar la percepci\u00f3 de la societat catalana sobre la conviv\u00e8ncia, la confian\u00e7a social, la polaritzaci\u00f3 i la seguretat a Catalunya.","og_url":"https:\/\/www.icip.cat\/ca\/polaritzacio\/","og_site_name":"ICIP","article_modified_time":"2025-11-03T12:24:19+00:00","og_image":[{"url":"https:\/\/public.flourish.studio\/visualisation\/25689646\/thumbnail","type":"","width":"","height":""}],"twitter_card":"summary_large_image","twitter_misc":{"Temps estimat de lectura":"1 minut"},"schema":{"@context":"https:\/\/schema.org","@graph":[{"@type":"WebPage","@id":"https:\/\/www.icip.cat\/ca\/polaritzacio\/","url":"https:\/\/www.icip.cat\/ca\/polaritzacio\/","name":"Polaritzaci\u00f3 - ICIP","isPartOf":{"@id":"https:\/\/www.icip.cat\/ca\/#website"},"primaryImageOfPage":{"@id":"https:\/\/www.icip.cat\/ca\/polaritzacio\/#primaryimage"},"image":{"@id":"https:\/\/www.icip.cat\/ca\/polaritzacio\/#primaryimage"},"thumbnailUrl":"https:\/\/public.flourish.studio\/visualisation\/25689646\/thumbnail","datePublished":"2025-10-30T09:59:02+00:00","dateModified":"2025-11-03T12:24:19+00:00","description":"L\u2019enquesta t\u00e9 per objectiu avalauar la percepci\u00f3 de la societat catalana sobre la conviv\u00e8ncia, la confian\u00e7a social, la polaritzaci\u00f3 i la seguretat a Catalunya.","inLanguage":"ca","potentialAction":[{"@type":"ReadAction","target":["https:\/\/www.icip.cat\/ca\/polaritzacio\/"]}]},{"@type":"ImageObject","inLanguage":"ca","@id":"https:\/\/www.icip.cat\/ca\/polaritzacio\/#primaryimage","url":"https:\/\/public.flourish.studio\/visualisation\/25689646\/thumbnail","contentUrl":"https:\/\/public.flourish.studio\/visualisation\/25689646\/thumbnail"},{"@type":"WebSite","@id":"https:\/\/www.icip.cat\/ca\/#website","url":"https:\/\/www.icip.cat\/ca\/","name":"ICIP","description":"","publisher":{"@id":"https:\/\/www.icip.cat\/ca\/#organization"},"potentialAction":[{"@type":"SearchAction","target":{"@type":"EntryPoint","urlTemplate":"https:\/\/www.icip.cat\/ca\/?s={search_term_string}"},"query-input":{"@type":"PropertyValueSpecification","valueRequired":true,"valueName":"search_term_string"}}],"inLanguage":"ca"},{"@type":"Organization","@id":"https:\/\/www.icip.cat\/ca\/#organization","name":"ICIP","url":"https:\/\/www.icip.cat\/ca\/","logo":{"@type":"ImageObject","inLanguage":"ca","@id":"https:\/\/www.icip.cat\/ca\/#\/schema\/logo\/image\/","url":"https:\/\/www.icip.cat\/wp-content\/uploads\/2021\/02\/logo-2.png","contentUrl":"https:\/\/www.icip.cat\/wp-content\/uploads\/2021\/02\/logo-2.png","width":562,"height":391,"caption":"ICIP"},"image":{"@id":"https:\/\/www.icip.cat\/ca\/#\/schema\/logo\/image\/"}}]}},"_links":{"self":[{"href":"https:\/\/www.icip.cat\/ca\/wp-json\/wp\/v2\/pages\/57422","targetHints":{"allow":["GET"]}}],"collection":[{"href":"https:\/\/www.icip.cat\/ca\/wp-json\/wp\/v2\/pages"}],"about":[{"href":"https:\/\/www.icip.cat\/ca\/wp-json\/wp\/v2\/types\/page"}],"author":[{"embeddable":true,"href":"https:\/\/www.icip.cat\/ca\/wp-json\/wp\/v2\/users\/1"}],"replies":[{"embeddable":true,"href":"https:\/\/www.icip.cat\/ca\/wp-json\/wp\/v2\/comments?post=57422"}],"version-history":[{"count":16,"href":"https:\/\/www.icip.cat\/ca\/wp-json\/wp\/v2\/pages\/57422\/revisions"}],"predecessor-version":[{"id":57512,"href":"https:\/\/www.icip.cat\/ca\/wp-json\/wp\/v2\/pages\/57422\/revisions\/57512"}],"wp:attachment":[{"href":"https:\/\/www.icip.cat\/ca\/wp-json\/wp\/v2\/media?parent=57422"}],"curies":[{"name":"wp","href":"https:\/\/api.w.org\/{rel}","templated":true}]}}