{"id":57430,"date":"2025-10-30T10:01:59","date_gmt":"2025-10-30T10:01:59","guid":{"rendered":"https:\/\/www.icip.cat\/?page_id=57430"},"modified":"2025-11-03T12:24:25","modified_gmt":"2025-11-03T12:24:25","slug":"seguretat","status":"publish","type":"page","link":"https:\/\/www.icip.cat\/ca\/seguretat\/","title":{"rendered":"Seguretat"},"content":{"rendered":"\t\t<div data-elementor-type=\"wp-page\" data-elementor-id=\"57430\" class=\"elementor elementor-57430\" data-elementor-post-type=\"page\">\n\t\t\t\t\t\t<section class=\"elementor-section elementor-top-section elementor-element elementor-element-817f069 elementor-section-boxed elementor-section-height-default elementor-section-height-default\" data-id=\"817f069\" data-element_type=\"section\" data-settings=\"{&quot;background_background&quot;:&quot;classic&quot;}\">\n\t\t\t\t\t\t\t<div class=\"elementor-background-overlay\"><\/div>\n\t\t\t\t\t\t\t<div class=\"elementor-container elementor-column-gap-default\">\n\t\t\t\t\t<div class=\"elementor-column elementor-col-100 elementor-top-column elementor-element elementor-element-c1b99a6\" data-id=\"c1b99a6\" data-element_type=\"column\">\n\t\t\t<div class=\"elementor-widget-wrap elementor-element-populated\">\n\t\t\t\t\t\t<div class=\"elementor-element elementor-element-cc7b811 elementor-widget elementor-widget-heading\" data-id=\"cc7b811\" data-element_type=\"widget\" data-widget_type=\"heading.default\">\n\t\t\t\t<div class=\"elementor-widget-container\">\n\t\t\t\t\t<h1 class=\"elementor-heading-title elementor-size-xl\">Seguretat<\/h1>\t\t\t\t<\/div>\n\t\t\t\t<\/div>\n\t\t\t\t\t<\/div>\n\t\t<\/div>\n\t\t\t\t\t<\/div>\n\t\t<\/section>\n\t\t\t\t<section class=\"elementor-section elementor-top-section elementor-element elementor-element-e790ff5 elementor-section-boxed elementor-section-height-default elementor-section-height-default\" data-id=\"e790ff5\" data-element_type=\"section\">\n\t\t\t\t\t\t<div class=\"elementor-container elementor-column-gap-default\">\n\t\t\t\t\t<div class=\"elementor-column elementor-col-100 elementor-top-column elementor-element elementor-element-6674be6\" data-id=\"6674be6\" data-element_type=\"column\">\n\t\t\t<div class=\"elementor-widget-wrap elementor-element-populated\">\n\t\t\t\t\t\t<div class=\"elementor-element elementor-element-361a3e1 elementor-widget-divider--view-line elementor-widget elementor-widget-divider\" data-id=\"361a3e1\" data-element_type=\"widget\" data-widget_type=\"divider.default\">\n\t\t\t\t<div class=\"elementor-widget-container\">\n\t\t\t\t\t\t\t<div class=\"elementor-divider\">\n\t\t\t<span class=\"elementor-divider-separator\">\n\t\t\t\t\t\t<\/span>\n\t\t<\/div>\n\t\t\t\t\t\t<\/div>\n\t\t\t\t<\/div>\n\t\t\t\t<div class=\"elementor-element elementor-element-1240954 elementor-widget elementor-widget-text-editor\" data-id=\"1240954\" data-element_type=\"widget\" data-widget_type=\"text-editor.default\">\n\t\t\t\t<div class=\"elementor-widget-container\">\n\t\t\t\t\t\t\t\t\t<p>Des d\u2019una perspectiva de seguretat humana, s\u2019ent\u00e9n la seguretat com un fenomen complex i multidimensional, que va m\u00e9s enll\u00e0 dels fets delictius i que inclou les viol\u00e8ncies estructurals i culturals, aix\u00ed com fen\u00f2mens com les crisis econ\u00f2miques i el canvi clim\u00e0tic.<\/p><p>En aquest apartat s\u2019analitza com la ciutadania percep la seguretat en el seu entorn i quins factors personals influeixen en aquesta percepci\u00f3. Tamb\u00e9 es recullen les principals preocupacions de la poblaci\u00f3, la valoraci\u00f3 sobre les pol\u00edtiques locals per assegurar el benestar col\u00b7lectiu i les accions necess\u00e0ries per avan\u00e7ar cap a una societat en pau.<\/p><p>En els seus gr\u00e0fics podeu consultar les respostes donades amb encreuaments per g\u00e8nere i edat, nivell educatiu, grau de confian\u00e7a social, ideologia i mida del municipi de resid\u00e8ncia.<\/p>\t\t\t\t\t\t\t\t<\/div>\n\t\t\t\t<\/div>\n\t\t\t\t<div class=\"elementor-element elementor-element-2963d6e elementor-widget elementor-widget-html\" data-id=\"2963d6e\" data-element_type=\"widget\" data-widget_type=\"html.default\">\n\t\t\t\t<div class=\"elementor-widget-container\">\n\t\t\t\t\t<div class=\"flourish-embed flourish-chart\" data-src=\"visualisation\/25689795?2228240\"><script src=\"https:\/\/public.flourish.studio\/resources\/embed.js\"><\/script><noscript><img decoding=\"async\" src=\"https:\/\/public.flourish.studio\/visualisation\/25689795\/thumbnail\" width=\"100%\" alt=\"chart visualization\" \/><\/noscript><\/div>\t\t\t\t<\/div>\n\t\t\t\t<\/div>\n\t\t\t\t<div class=\"elementor-element elementor-element-b6b83d3 elementor-widget-divider--view-line elementor-widget elementor-widget-divider\" data-id=\"b6b83d3\" data-element_type=\"widget\" data-widget_type=\"divider.default\">\n\t\t\t\t<div class=\"elementor-widget-container\">\n\t\t\t\t\t\t\t<div class=\"elementor-divider\">\n\t\t\t<span class=\"elementor-divider-separator\">\n\t\t\t\t\t\t<\/span>\n\t\t<\/div>\n\t\t\t\t\t\t<\/div>\n\t\t\t\t<\/div>\n\t\t\t\t<div class=\"elementor-element elementor-element-4b6997f elementor-widget elementor-widget-html\" data-id=\"4b6997f\" data-element_type=\"widget\" data-widget_type=\"html.default\">\n\t\t\t\t<div class=\"elementor-widget-container\">\n\t\t\t\t\t<div class=\"flourish-embed flourish-chart\" data-src=\"visualisation\/25689715?2228240\"><script src=\"https:\/\/public.flourish.studio\/resources\/embed.js\"><\/script><noscript><img decoding=\"async\" src=\"https:\/\/public.flourish.studio\/visualisation\/25689715\/thumbnail\" width=\"100%\" alt=\"chart visualization\" \/><\/noscript><\/div>\t\t\t\t<\/div>\n\t\t\t\t<\/div>\n\t\t\t\t<div class=\"elementor-element elementor-element-cacbdf1 elementor-widget-divider--view-line elementor-widget elementor-widget-divider\" data-id=\"cacbdf1\" data-element_type=\"widget\" data-widget_type=\"divider.default\">\n\t\t\t\t<div class=\"elementor-widget-container\">\n\t\t\t\t\t\t\t<div class=\"elementor-divider\">\n\t\t\t<span class=\"elementor-divider-separator\">\n\t\t\t\t\t\t<\/span>\n\t\t<\/div>\n\t\t\t\t\t\t<\/div>\n\t\t\t\t<\/div>\n\t\t\t\t<div class=\"elementor-element elementor-element-04e2768 elementor-widget elementor-widget-html\" data-id=\"04e2768\" data-element_type=\"widget\" data-widget_type=\"html.default\">\n\t\t\t\t<div class=\"elementor-widget-container\">\n\t\t\t\t\t<div class=\"flourish-embed flourish-chart\" data-src=\"visualisation\/25689716?2228240\"><script src=\"https:\/\/public.flourish.studio\/resources\/embed.js\"><\/script><noscript><img decoding=\"async\" src=\"https:\/\/public.flourish.studio\/visualisation\/25689716\/thumbnail\" width=\"100%\" alt=\"chart visualization\" \/><\/noscript><\/div>\t\t\t\t<\/div>\n\t\t\t\t<\/div>\n\t\t\t\t<div class=\"elementor-element elementor-element-0bd704c elementor-widget-divider--view-line elementor-widget elementor-widget-divider\" data-id=\"0bd704c\" data-element_type=\"widget\" data-widget_type=\"divider.default\">\n\t\t\t\t<div class=\"elementor-widget-container\">\n\t\t\t\t\t\t\t<div class=\"elementor-divider\">\n\t\t\t<span class=\"elementor-divider-separator\">\n\t\t\t\t\t\t<\/span>\n\t\t<\/div>\n\t\t\t\t\t\t<\/div>\n\t\t\t\t<\/div>\n\t\t\t\t<div class=\"elementor-element elementor-element-cd0de87 elementor-widget elementor-widget-html\" data-id=\"cd0de87\" data-element_type=\"widget\" data-widget_type=\"html.default\">\n\t\t\t\t<div class=\"elementor-widget-container\">\n\t\t\t\t\t<div class=\"flourish-embed flourish-chart\" data-src=\"visualisation\/25689717?2228240\"><script src=\"https:\/\/public.flourish.studio\/resources\/embed.js\"><\/script><noscript><img decoding=\"async\" src=\"https:\/\/public.flourish.studio\/visualisation\/25689717\/thumbnail\" width=\"100%\" alt=\"chart visualization\" \/><\/noscript><\/div>\t\t\t\t<\/div>\n\t\t\t\t<\/div>\n\t\t\t\t<div class=\"elementor-element elementor-element-1747fdd elementor-widget-divider--view-line elementor-widget elementor-widget-divider\" data-id=\"1747fdd\" data-element_type=\"widget\" data-widget_type=\"divider.default\">\n\t\t\t\t<div class=\"elementor-widget-container\">\n\t\t\t\t\t\t\t<div class=\"elementor-divider\">\n\t\t\t<span class=\"elementor-divider-separator\">\n\t\t\t\t\t\t<\/span>\n\t\t<\/div>\n\t\t\t\t\t\t<\/div>\n\t\t\t\t<\/div>\n\t\t\t\t<div class=\"elementor-element elementor-element-1bc7989 elementor-widget elementor-widget-html\" data-id=\"1bc7989\" data-element_type=\"widget\" data-widget_type=\"html.default\">\n\t\t\t\t<div class=\"elementor-widget-container\">\n\t\t\t\t\t<div class=\"flourish-embed flourish-chart\" data-src=\"visualisation\/25689719?2228240\"><script src=\"https:\/\/public.flourish.studio\/resources\/embed.js\"><\/script><noscript><img decoding=\"async\" src=\"https:\/\/public.flourish.studio\/visualisation\/25689719\/thumbnail\" width=\"100%\" alt=\"chart visualization\" \/><\/noscript><\/div>\t\t\t\t<\/div>\n\t\t\t\t<\/div>\n\t\t\t\t<div class=\"elementor-element elementor-element-3da710f elementor-widget-divider--view-line elementor-widget elementor-widget-divider\" data-id=\"3da710f\" data-element_type=\"widget\" data-widget_type=\"divider.default\">\n\t\t\t\t<div class=\"elementor-widget-container\">\n\t\t\t\t\t\t\t<div class=\"elementor-divider\">\n\t\t\t<span class=\"elementor-divider-separator\">\n\t\t\t\t\t\t<\/span>\n\t\t<\/div>\n\t\t\t\t\t\t<\/div>\n\t\t\t\t<\/div>\n\t\t\t\t\t<\/div>\n\t\t<\/div>\n\t\t\t\t\t<\/div>\n\t\t<\/section>\n\t\t\t\t<\/div>\n\t\t","protected":false},"excerpt":{"rendered":"<p>Seguretat Des d\u2019una perspectiva de seguretat humana, s\u2019ent\u00e9n la seguretat com un fenomen complex i multidimensional, que va m\u00e9s enll\u00e0 dels fets delictius i que inclou les viol\u00e8ncies estructurals i culturals, aix\u00ed com fen\u00f2mens com les crisis econ\u00f2miques i el canvi clim\u00e0tic. En aquest apartat s\u2019analitza com la ciutadania percep la seguretat en el seu [&hellip;]<\/p>\n","protected":false},"author":1,"featured_media":0,"parent":0,"menu_order":0,"comment_status":"closed","ping_status":"closed","template":"","meta":{"_acf_changed":false,"footnotes":""},"class_list":["post-57430","page","type-page","status-publish","hentry"],"acf":[],"yoast_head":"<!-- This site is optimized with the Yoast SEO plugin v25.6 - https:\/\/yoast.com\/wordpress\/plugins\/seo\/ -->\n<title>Seguretat - ICIP<\/title>\n<meta name=\"description\" content=\"L\u2019enquesta t\u00e9 per objectiu avalauar la percepci\u00f3 de la societat catalana sobre la conviv\u00e8ncia, la confian\u00e7a social, la polaritzaci\u00f3 i la seguretat a Catalunya.\" \/>\n<meta name=\"robots\" content=\"index, follow, max-snippet:-1, max-image-preview:large, max-video-preview:-1\" \/>\n<link rel=\"canonical\" href=\"https:\/\/www.icip.cat\/ca\/seguretat\/\" \/>\n<meta property=\"og:locale\" content=\"ca_ES\" \/>\n<meta property=\"og:type\" content=\"article\" \/>\n<meta property=\"og:title\" content=\"Seguretat - ICIP\" \/>\n<meta property=\"og:description\" content=\"L\u2019enquesta t\u00e9 per objectiu avalauar la percepci\u00f3 de la societat catalana sobre la conviv\u00e8ncia, la confian\u00e7a social, la polaritzaci\u00f3 i la seguretat a Catalunya.\" \/>\n<meta property=\"og:url\" content=\"https:\/\/www.icip.cat\/ca\/seguretat\/\" \/>\n<meta property=\"og:site_name\" content=\"ICIP\" \/>\n<meta property=\"article:modified_time\" content=\"2025-11-03T12:24:25+00:00\" \/>\n<meta property=\"og:image\" content=\"https:\/\/public.flourish.studio\/visualisation\/25689795\/thumbnail\" \/>\n<meta name=\"twitter:card\" content=\"summary_large_image\" \/>\n<meta name=\"twitter:label1\" content=\"Temps estimat de lectura\" \/>\n\t<meta name=\"twitter:data1\" content=\"1 minut\" \/>\n<script type=\"application\/ld+json\" class=\"yoast-schema-graph\">{\"@context\":\"https:\/\/schema.org\",\"@graph\":[{\"@type\":\"WebPage\",\"@id\":\"https:\/\/www.icip.cat\/ca\/seguretat\/\",\"url\":\"https:\/\/www.icip.cat\/ca\/seguretat\/\",\"name\":\"Seguretat - ICIP\",\"isPartOf\":{\"@id\":\"https:\/\/www.icip.cat\/ca\/#website\"},\"primaryImageOfPage\":{\"@id\":\"https:\/\/www.icip.cat\/ca\/seguretat\/#primaryimage\"},\"image\":{\"@id\":\"https:\/\/www.icip.cat\/ca\/seguretat\/#primaryimage\"},\"thumbnailUrl\":\"https:\/\/public.flourish.studio\/visualisation\/25689795\/thumbnail\",\"datePublished\":\"2025-10-30T10:01:59+00:00\",\"dateModified\":\"2025-11-03T12:24:25+00:00\",\"description\":\"L\u2019enquesta t\u00e9 per objectiu avalauar la percepci\u00f3 de la societat catalana sobre la conviv\u00e8ncia, la confian\u00e7a social, la polaritzaci\u00f3 i la seguretat a Catalunya.\",\"inLanguage\":\"ca\",\"potentialAction\":[{\"@type\":\"ReadAction\",\"target\":[\"https:\/\/www.icip.cat\/ca\/seguretat\/\"]}]},{\"@type\":\"ImageObject\",\"inLanguage\":\"ca\",\"@id\":\"https:\/\/www.icip.cat\/ca\/seguretat\/#primaryimage\",\"url\":\"https:\/\/public.flourish.studio\/visualisation\/25689795\/thumbnail\",\"contentUrl\":\"https:\/\/public.flourish.studio\/visualisation\/25689795\/thumbnail\"},{\"@type\":\"WebSite\",\"@id\":\"https:\/\/www.icip.cat\/ca\/#website\",\"url\":\"https:\/\/www.icip.cat\/ca\/\",\"name\":\"ICIP\",\"description\":\"\",\"publisher\":{\"@id\":\"https:\/\/www.icip.cat\/ca\/#organization\"},\"potentialAction\":[{\"@type\":\"SearchAction\",\"target\":{\"@type\":\"EntryPoint\",\"urlTemplate\":\"https:\/\/www.icip.cat\/ca\/?s={search_term_string}\"},\"query-input\":{\"@type\":\"PropertyValueSpecification\",\"valueRequired\":true,\"valueName\":\"search_term_string\"}}],\"inLanguage\":\"ca\"},{\"@type\":\"Organization\",\"@id\":\"https:\/\/www.icip.cat\/ca\/#organization\",\"name\":\"ICIP\",\"url\":\"https:\/\/www.icip.cat\/ca\/\",\"logo\":{\"@type\":\"ImageObject\",\"inLanguage\":\"ca\",\"@id\":\"https:\/\/www.icip.cat\/ca\/#\/schema\/logo\/image\/\",\"url\":\"https:\/\/www.icip.cat\/wp-content\/uploads\/2021\/02\/logo-2.png\",\"contentUrl\":\"https:\/\/www.icip.cat\/wp-content\/uploads\/2021\/02\/logo-2.png\",\"width\":562,\"height\":391,\"caption\":\"ICIP\"},\"image\":{\"@id\":\"https:\/\/www.icip.cat\/ca\/#\/schema\/logo\/image\/\"}}]}<\/script>\n<!-- \/ Yoast SEO plugin. -->","yoast_head_json":{"title":"Seguretat - ICIP","description":"L\u2019enquesta t\u00e9 per objectiu avalauar la percepci\u00f3 de la societat catalana sobre la conviv\u00e8ncia, la confian\u00e7a social, la polaritzaci\u00f3 i la seguretat a Catalunya.","robots":{"index":"index","follow":"follow","max-snippet":"max-snippet:-1","max-image-preview":"max-image-preview:large","max-video-preview":"max-video-preview:-1"},"canonical":"https:\/\/www.icip.cat\/ca\/seguretat\/","og_locale":"ca_ES","og_type":"article","og_title":"Seguretat - ICIP","og_description":"L\u2019enquesta t\u00e9 per objectiu avalauar la percepci\u00f3 de la societat catalana sobre la conviv\u00e8ncia, la confian\u00e7a social, la polaritzaci\u00f3 i la seguretat a Catalunya.","og_url":"https:\/\/www.icip.cat\/ca\/seguretat\/","og_site_name":"ICIP","article_modified_time":"2025-11-03T12:24:25+00:00","og_image":[{"url":"https:\/\/public.flourish.studio\/visualisation\/25689795\/thumbnail","type":"","width":"","height":""}],"twitter_card":"summary_large_image","twitter_misc":{"Temps estimat de lectura":"1 minut"},"schema":{"@context":"https:\/\/schema.org","@graph":[{"@type":"WebPage","@id":"https:\/\/www.icip.cat\/ca\/seguretat\/","url":"https:\/\/www.icip.cat\/ca\/seguretat\/","name":"Seguretat - ICIP","isPartOf":{"@id":"https:\/\/www.icip.cat\/ca\/#website"},"primaryImageOfPage":{"@id":"https:\/\/www.icip.cat\/ca\/seguretat\/#primaryimage"},"image":{"@id":"https:\/\/www.icip.cat\/ca\/seguretat\/#primaryimage"},"thumbnailUrl":"https:\/\/public.flourish.studio\/visualisation\/25689795\/thumbnail","datePublished":"2025-10-30T10:01:59+00:00","dateModified":"2025-11-03T12:24:25+00:00","description":"L\u2019enquesta t\u00e9 per objectiu avalauar la percepci\u00f3 de la societat catalana sobre la conviv\u00e8ncia, la confian\u00e7a social, la polaritzaci\u00f3 i la seguretat a Catalunya.","inLanguage":"ca","potentialAction":[{"@type":"ReadAction","target":["https:\/\/www.icip.cat\/ca\/seguretat\/"]}]},{"@type":"ImageObject","inLanguage":"ca","@id":"https:\/\/www.icip.cat\/ca\/seguretat\/#primaryimage","url":"https:\/\/public.flourish.studio\/visualisation\/25689795\/thumbnail","contentUrl":"https:\/\/public.flourish.studio\/visualisation\/25689795\/thumbnail"},{"@type":"WebSite","@id":"https:\/\/www.icip.cat\/ca\/#website","url":"https:\/\/www.icip.cat\/ca\/","name":"ICIP","description":"","publisher":{"@id":"https:\/\/www.icip.cat\/ca\/#organization"},"potentialAction":[{"@type":"SearchAction","target":{"@type":"EntryPoint","urlTemplate":"https:\/\/www.icip.cat\/ca\/?s={search_term_string}"},"query-input":{"@type":"PropertyValueSpecification","valueRequired":true,"valueName":"search_term_string"}}],"inLanguage":"ca"},{"@type":"Organization","@id":"https:\/\/www.icip.cat\/ca\/#organization","name":"ICIP","url":"https:\/\/www.icip.cat\/ca\/","logo":{"@type":"ImageObject","inLanguage":"ca","@id":"https:\/\/www.icip.cat\/ca\/#\/schema\/logo\/image\/","url":"https:\/\/www.icip.cat\/wp-content\/uploads\/2021\/02\/logo-2.png","contentUrl":"https:\/\/www.icip.cat\/wp-content\/uploads\/2021\/02\/logo-2.png","width":562,"height":391,"caption":"ICIP"},"image":{"@id":"https:\/\/www.icip.cat\/ca\/#\/schema\/logo\/image\/"}}]}},"_links":{"self":[{"href":"https:\/\/www.icip.cat\/ca\/wp-json\/wp\/v2\/pages\/57430","targetHints":{"allow":["GET"]}}],"collection":[{"href":"https:\/\/www.icip.cat\/ca\/wp-json\/wp\/v2\/pages"}],"about":[{"href":"https:\/\/www.icip.cat\/ca\/wp-json\/wp\/v2\/types\/page"}],"author":[{"embeddable":true,"href":"https:\/\/www.icip.cat\/ca\/wp-json\/wp\/v2\/users\/1"}],"replies":[{"embeddable":true,"href":"https:\/\/www.icip.cat\/ca\/wp-json\/wp\/v2\/comments?post=57430"}],"version-history":[{"count":16,"href":"https:\/\/www.icip.cat\/ca\/wp-json\/wp\/v2\/pages\/57430\/revisions"}],"predecessor-version":[{"id":57503,"href":"https:\/\/www.icip.cat\/ca\/wp-json\/wp\/v2\/pages\/57430\/revisions\/57503"}],"wp:attachment":[{"href":"https:\/\/www.icip.cat\/ca\/wp-json\/wp\/v2\/media?parent=57430"}],"curies":[{"name":"wp","href":"https:\/\/api.w.org\/{rel}","templated":true}]}}