{"id":59,"date":"2020-10-26T09:50:05","date_gmt":"2020-10-26T09:50:05","guid":{"rendered":"http:\/\/www.icip.cat\/?page_id=59"},"modified":"2021-02-15T11:38:59","modified_gmt":"2021-02-15T11:38:59","slug":"accessibilitat","status":"publish","type":"page","link":"https:\/\/www.icip.cat\/ca\/accessibilitat\/","title":{"rendered":"Accessibilitat"},"content":{"rendered":"\n<h3 class=\"wp-block-heading\"><strong>Declaraci\u00f3 d\u2019accessibilitat del web icip.cat<\/strong><\/h3>\n\n\n\n<p>L\u2019ICIP s\u2019ha comprom\u00e8s a fer accessible el seu web de conformitat amb el Reial Decret 1112\/2018, de 7 de setembre, sobre accessibilitat dels llocs web i aplicacions per a dispositius m\u00f2bils del sector p\u00fablic (en endavant, Reial Decret 1112\/2018, de 7 de setembre).<\/p>\n\n\n\n<p>La present declaraci\u00f3 d\u2019accessibilitat s\u2019aplica al web&nbsp;<a href=\"https:\/\/www.icip.cat\"><strong>https:\/\/www.icip.cat<\/strong><\/a>.<\/p>\n\n\n\n<h3 class=\"wp-block-heading\"><strong>Observacions i dades de contacte<\/strong><\/h3>\n\n\n\n<p>Es poden realitzar comunicacions sobre requisits d\u2019accessibilitat (article 10.2.a del Reial Decret 1112\/2018), a trav\u00e9s de les seg\u00fcents vies de <a href=\"http:\/\/www.icip.cat\/ca\/contacte\/\">contacte<\/a> per:&nbsp;<\/p>\n\n\n\n<ul class=\"wp-block-list\"><li>Informar sobre qualsevol possible incompliment per part d\u2019aquest lloc web.<\/li><li>Transmetre altres dificultats d\u2019acc\u00e9s al contingut.<\/li><li>Formular qualsevol altra consulta o suggeriment de millora relativa a l\u2019accessibilitat del lloc web.<\/li><\/ul>\n\n\n\n<h3 class=\"wp-block-heading\"><strong>Sol\u00b7licituds d\u2019informaci\u00f3 accessible i queixes<\/strong><\/h3>\n\n\n\n<p>Per fer sol\u00b7licituds d\u2019informaci\u00f3 accessible i queixes (article 12 del Reial Decret 1112\/2018) cal accedir al tr\u00e0mit &#8220;<a href=\"http:\/\/web.gencat.cat\/ca\/tramits\/tramits-temes\/Continguts-accessibles-al-web\"><strong>Continguts accessibles al web<\/strong><\/a>&#8221; i seguir la modalitat &#8220;<a href=\"http:\/\/web.gencat.cat\/ca\/tramits\/tramits-temes\/Continguts-accessibles-al-web\"><strong>Sol\u00b7licitar informaci\u00f3 accessible o fer una queixa<\/strong><\/a>&#8220;.<\/p>\n\n\n\n<p>Qualsevol persona f\u00edsica o jur\u00eddica pot formular queixes relatives al compliment dels requisits del Reial Decret 1112\/2018 i sol\u00b7licitar informaci\u00f3 relativa a continguts que estiguin exclosos de l\u2019\u00e0mbit d\u2019aplicaci\u00f3 d\u2019aquesta normativa.<\/p>\n\n\n\n<p>Les sol\u00b7licituds i queixes es registren conforme als requisits establerts per la Llei 39\/2015 d\u20191 d\u2019octubre, del Procediment Administratiu Com\u00fa de les Administracions P\u00fabliques.<\/p>\n\n\n\n<h3 class=\"wp-block-heading\"><strong>Procediment d\u2019aplicaci\u00f3<\/strong><\/h3>\n\n\n\n<p>El procediment d\u2019aplicaci\u00f3 recollit a l\u2019article 13 del Reial Decret 1112\/2018 es pot iniciar al tr\u00e0mit &#8220;<a href=\"http:\/\/web.gencat.cat\/ca\/tramits\/tramits-temes\/Continguts-accessibles-al-web\"><strong>Continguts accessibles al web<\/strong><\/a>&#8221; a trav\u00e9s de la modalitat &#8220;<a href=\"http:\/\/web.gencat.cat\/ca\/tramits\/tramits-temes\/Continguts-accessibles-al-web\"><strong>Reclamar una sol\u00b7licitud<\/strong><\/a>&#8220;.<\/p>\n\n\n\n<p>Si un cop realitzada una sol\u00b7licitud d\u2019informaci\u00f3 accessible o queixa, aquesta ha estat desestimada, no est\u00e0s d\u2019acord amb la decisi\u00f3 adoptada o la resposta no compleix amb els requisits de l\u2019article 12.5 del RD 1112\/2018, pots iniciar una reclamaci\u00f3 per:<\/p>\n\n\n\n<ul class=\"wp-block-list\"><li>Con\u00e8ixer i oposar-te als motius de la desestimaci\u00f3<\/li><li>Instar a l\u2019adopci\u00f3 de les mesures oportunes en cas de no estar d\u2019acord amb la decisi\u00f3 adoptada<\/li><li>Exposar les raons per les quals consideres que la resposta no compleix amb els requisits exigits.<\/li><\/ul>\n\n\n\n<p>Tamb\u00e9 es pot iniciar una reclamaci\u00f3 en cas que hagin transcorregut 20 dies h\u00e0bils sense haver obtingut cap resposta.<\/p>\n\n\n\n<h3 class=\"wp-block-heading\"><strong>Altres informacions<\/strong><\/h3>\n\n\n\n<p>Actualment s\u2019estan realitzant treballs d\u2019auditoria i consultoria per adequar les possibles disconformitats i aconseguir una accessibilitat plena al lloc web que permeti el seu \u00fas a qualsevol persona, independentment de les seves capacitats.<\/p>\n","protected":false},"excerpt":{"rendered":"<p>Declaraci\u00f3 d\u2019accessibilitat del web icip.cat L\u2019ICIP s\u2019ha comprom\u00e8s a fer accessible el seu web de conformitat amb el Reial Decret 1112\/2018, de 7 de setembre, sobre accessibilitat dels llocs web i aplicacions per a dispositius m\u00f2bils del sector p\u00fablic (en endavant, Reial Decret 1112\/2018, de 7 de setembre). La present declaraci\u00f3 d\u2019accessibilitat s\u2019aplica al web&nbsp;https:\/\/www.icip.cat. [&hellip;]<\/p>\n","protected":false},"author":1,"featured_media":0,"parent":0,"menu_order":0,"comment_status":"closed","ping_status":"closed","template":"","meta":{"_acf_changed":false,"footnotes":""},"class_list":["post-59","page","type-page","status-publish","hentry"],"acf":[],"yoast_head":"<!-- This site is optimized with the Yoast SEO plugin v25.6 - https:\/\/yoast.com\/wordpress\/plugins\/seo\/ -->\n<title>Accessibilitat - ICIP<\/title>\n<meta name=\"robots\" content=\"index, follow, max-snippet:-1, max-image-preview:large, max-video-preview:-1\" \/>\n<link rel=\"canonical\" href=\"https:\/\/www.icip.cat\/ca\/accessibilitat\/\" \/>\n<meta property=\"og:locale\" content=\"ca_ES\" \/>\n<meta property=\"og:type\" content=\"article\" \/>\n<meta property=\"og:title\" content=\"Accessibilitat - ICIP\" \/>\n<meta property=\"og:description\" content=\"Declaraci\u00f3 d\u2019accessibilitat del web icip.cat L\u2019ICIP s\u2019ha comprom\u00e8s a fer accessible el seu web de conformitat amb el Reial Decret 1112\/2018, de 7 de setembre, sobre accessibilitat dels llocs web i aplicacions per a dispositius m\u00f2bils del sector p\u00fablic (en endavant, Reial Decret 1112\/2018, de 7 de setembre). La present declaraci\u00f3 d\u2019accessibilitat s\u2019aplica al web&nbsp;https:\/\/www.icip.cat. [&hellip;]\" \/>\n<meta property=\"og:url\" content=\"https:\/\/www.icip.cat\/ca\/accessibilitat\/\" \/>\n<meta property=\"og:site_name\" content=\"ICIP\" \/>\n<meta property=\"article:modified_time\" content=\"2021-02-15T11:38:59+00:00\" \/>\n<meta name=\"twitter:card\" content=\"summary_large_image\" \/>\n<meta name=\"twitter:label1\" content=\"Temps estimat de lectura\" \/>\n\t<meta name=\"twitter:data1\" content=\"2 minuts\" \/>\n<script type=\"application\/ld+json\" class=\"yoast-schema-graph\">{\"@context\":\"https:\/\/schema.org\",\"@graph\":[{\"@type\":\"WebPage\",\"@id\":\"https:\/\/www.icip.cat\/ca\/accessibilitat\/\",\"url\":\"https:\/\/www.icip.cat\/ca\/accessibilitat\/\",\"name\":\"Accessibilitat - ICIP\",\"isPartOf\":{\"@id\":\"https:\/\/www.icip.cat\/ca\/#website\"},\"datePublished\":\"2020-10-26T09:50:05+00:00\",\"dateModified\":\"2021-02-15T11:38:59+00:00\",\"inLanguage\":\"ca\",\"potentialAction\":[{\"@type\":\"ReadAction\",\"target\":[\"https:\/\/www.icip.cat\/ca\/accessibilitat\/\"]}]},{\"@type\":\"WebSite\",\"@id\":\"https:\/\/www.icip.cat\/ca\/#website\",\"url\":\"https:\/\/www.icip.cat\/ca\/\",\"name\":\"ICIP\",\"description\":\"\",\"publisher\":{\"@id\":\"https:\/\/www.icip.cat\/ca\/#organization\"},\"potentialAction\":[{\"@type\":\"SearchAction\",\"target\":{\"@type\":\"EntryPoint\",\"urlTemplate\":\"https:\/\/www.icip.cat\/ca\/?s={search_term_string}\"},\"query-input\":{\"@type\":\"PropertyValueSpecification\",\"valueRequired\":true,\"valueName\":\"search_term_string\"}}],\"inLanguage\":\"ca\"},{\"@type\":\"Organization\",\"@id\":\"https:\/\/www.icip.cat\/ca\/#organization\",\"name\":\"ICIP\",\"url\":\"https:\/\/www.icip.cat\/ca\/\",\"logo\":{\"@type\":\"ImageObject\",\"inLanguage\":\"ca\",\"@id\":\"https:\/\/www.icip.cat\/ca\/#\/schema\/logo\/image\/\",\"url\":\"https:\/\/www.icip.cat\/wp-content\/uploads\/2021\/02\/logo-2.png\",\"contentUrl\":\"https:\/\/www.icip.cat\/wp-content\/uploads\/2021\/02\/logo-2.png\",\"width\":562,\"height\":391,\"caption\":\"ICIP\"},\"image\":{\"@id\":\"https:\/\/www.icip.cat\/ca\/#\/schema\/logo\/image\/\"}}]}<\/script>\n<!-- \/ Yoast SEO plugin. -->","yoast_head_json":{"title":"Accessibilitat - ICIP","robots":{"index":"index","follow":"follow","max-snippet":"max-snippet:-1","max-image-preview":"max-image-preview:large","max-video-preview":"max-video-preview:-1"},"canonical":"https:\/\/www.icip.cat\/ca\/accessibilitat\/","og_locale":"ca_ES","og_type":"article","og_title":"Accessibilitat - ICIP","og_description":"Declaraci\u00f3 d\u2019accessibilitat del web icip.cat L\u2019ICIP s\u2019ha comprom\u00e8s a fer accessible el seu web de conformitat amb el Reial Decret 1112\/2018, de 7 de setembre, sobre accessibilitat dels llocs web i aplicacions per a dispositius m\u00f2bils del sector p\u00fablic (en endavant, Reial Decret 1112\/2018, de 7 de setembre). La present declaraci\u00f3 d\u2019accessibilitat s\u2019aplica al web&nbsp;https:\/\/www.icip.cat. [&hellip;]","og_url":"https:\/\/www.icip.cat\/ca\/accessibilitat\/","og_site_name":"ICIP","article_modified_time":"2021-02-15T11:38:59+00:00","twitter_card":"summary_large_image","twitter_misc":{"Temps estimat de lectura":"2 minuts"},"schema":{"@context":"https:\/\/schema.org","@graph":[{"@type":"WebPage","@id":"https:\/\/www.icip.cat\/ca\/accessibilitat\/","url":"https:\/\/www.icip.cat\/ca\/accessibilitat\/","name":"Accessibilitat - ICIP","isPartOf":{"@id":"https:\/\/www.icip.cat\/ca\/#website"},"datePublished":"2020-10-26T09:50:05+00:00","dateModified":"2021-02-15T11:38:59+00:00","inLanguage":"ca","potentialAction":[{"@type":"ReadAction","target":["https:\/\/www.icip.cat\/ca\/accessibilitat\/"]}]},{"@type":"WebSite","@id":"https:\/\/www.icip.cat\/ca\/#website","url":"https:\/\/www.icip.cat\/ca\/","name":"ICIP","description":"","publisher":{"@id":"https:\/\/www.icip.cat\/ca\/#organization"},"potentialAction":[{"@type":"SearchAction","target":{"@type":"EntryPoint","urlTemplate":"https:\/\/www.icip.cat\/ca\/?s={search_term_string}"},"query-input":{"@type":"PropertyValueSpecification","valueRequired":true,"valueName":"search_term_string"}}],"inLanguage":"ca"},{"@type":"Organization","@id":"https:\/\/www.icip.cat\/ca\/#organization","name":"ICIP","url":"https:\/\/www.icip.cat\/ca\/","logo":{"@type":"ImageObject","inLanguage":"ca","@id":"https:\/\/www.icip.cat\/ca\/#\/schema\/logo\/image\/","url":"https:\/\/www.icip.cat\/wp-content\/uploads\/2021\/02\/logo-2.png","contentUrl":"https:\/\/www.icip.cat\/wp-content\/uploads\/2021\/02\/logo-2.png","width":562,"height":391,"caption":"ICIP"},"image":{"@id":"https:\/\/www.icip.cat\/ca\/#\/schema\/logo\/image\/"}}]}},"_links":{"self":[{"href":"https:\/\/www.icip.cat\/ca\/wp-json\/wp\/v2\/pages\/59","targetHints":{"allow":["GET"]}}],"collection":[{"href":"https:\/\/www.icip.cat\/ca\/wp-json\/wp\/v2\/pages"}],"about":[{"href":"https:\/\/www.icip.cat\/ca\/wp-json\/wp\/v2\/types\/page"}],"author":[{"embeddable":true,"href":"https:\/\/www.icip.cat\/ca\/wp-json\/wp\/v2\/users\/1"}],"replies":[{"embeddable":true,"href":"https:\/\/www.icip.cat\/ca\/wp-json\/wp\/v2\/comments?post=59"}],"version-history":[{"count":3,"href":"https:\/\/www.icip.cat\/ca\/wp-json\/wp\/v2\/pages\/59\/revisions"}],"predecessor-version":[{"id":16789,"href":"https:\/\/www.icip.cat\/ca\/wp-json\/wp\/v2\/pages\/59\/revisions\/16789"}],"wp:attachment":[{"href":"https:\/\/www.icip.cat\/ca\/wp-json\/wp\/v2\/media?parent=59"}],"curies":[{"name":"wp","href":"https:\/\/api.w.org\/{rel}","templated":true}]}}