{"id":8895,"date":"2020-12-09T08:55:35","date_gmt":"2020-12-09T08:55:35","guid":{"rendered":"http:\/\/www.icip.cat\/?page_id=8895"},"modified":"2023-01-16T12:42:47","modified_gmt":"2023-01-16T12:42:47","slug":"noviolencia-i-lluita-per-la-pau","status":"publish","type":"page","link":"https:\/\/www.icip.cat\/ca\/noviolencia-i-lluita-per-la-pau\/","title":{"rendered":"Noviol\u00e8ncia i lluita per la pau"},"content":{"rendered":"\t\t<div data-elementor-type=\"wp-page\" data-elementor-id=\"8895\" class=\"elementor elementor-8895\" data-elementor-post-type=\"page\">\n\t\t\t\t\t\t<section class=\"elementor-section elementor-top-section elementor-element elementor-element-c96dfeb elementor-section-boxed elementor-section-height-default elementor-section-height-default\" data-id=\"c96dfeb\" data-element_type=\"section\" data-settings=\"{&quot;background_background&quot;:&quot;classic&quot;}\">\n\t\t\t\t\t\t\t<div class=\"elementor-background-overlay\"><\/div>\n\t\t\t\t\t\t\t<div class=\"elementor-container elementor-column-gap-default\">\n\t\t\t\t\t<div class=\"elementor-column elementor-col-100 elementor-top-column elementor-element elementor-element-306c921\" data-id=\"306c921\" data-element_type=\"column\">\n\t\t\t<div class=\"elementor-widget-wrap elementor-element-populated\">\n\t\t\t\t\t\t<div class=\"elementor-element elementor-element-5872114 elementor-widget elementor-widget-heading\" data-id=\"5872114\" data-element_type=\"widget\" data-widget_type=\"heading.default\">\n\t\t\t\t<div class=\"elementor-widget-container\">\n\t\t\t\t\t<h1 class=\"elementor-heading-title elementor-size-default\">Noviol\u00e8ncia i lluita per la pau<\/h1>\t\t\t\t<\/div>\n\t\t\t\t<\/div>\n\t\t\t\t\t<\/div>\n\t\t<\/div>\n\t\t\t\t\t<\/div>\n\t\t<\/section>\n\t\t\t\t<section class=\"elementor-section elementor-top-section elementor-element elementor-element-60ac567 elementor-section-boxed elementor-section-height-default elementor-section-height-default\" data-id=\"60ac567\" data-element_type=\"section\" data-settings=\"{&quot;background_background&quot;:&quot;classic&quot;}\">\n\t\t\t\t\t\t<div class=\"elementor-container elementor-column-gap-default\">\n\t\t\t\t\t<div class=\"elementor-column elementor-col-100 elementor-top-column elementor-element elementor-element-55ee9e6\" data-id=\"55ee9e6\" data-element_type=\"column\">\n\t\t\t<div class=\"elementor-widget-wrap elementor-element-populated\">\n\t\t\t\t\t\t<div class=\"elementor-element elementor-element-c80839f elementor-widget elementor-widget-spacer\" data-id=\"c80839f\" data-element_type=\"widget\" data-widget_type=\"spacer.default\">\n\t\t\t\t<div class=\"elementor-widget-container\">\n\t\t\t\t\t\t\t<div class=\"elementor-spacer\">\n\t\t\t<div class=\"elementor-spacer-inner\"><\/div>\n\t\t<\/div>\n\t\t\t\t\t\t<\/div>\n\t\t\t\t<\/div>\n\t\t\t\t<section class=\"elementor-section elementor-inner-section elementor-element elementor-element-6e7d2be elementor-section-boxed elementor-section-height-default elementor-section-height-default\" data-id=\"6e7d2be\" data-element_type=\"section\">\n\t\t\t\t\t\t<div class=\"elementor-container elementor-column-gap-default\">\n\t\t\t\t\t<div class=\"elementor-column elementor-col-100 elementor-inner-column elementor-element elementor-element-e2b0828\" data-id=\"e2b0828\" data-element_type=\"column\">\n\t\t\t<div class=\"elementor-widget-wrap elementor-element-populated\">\n\t\t\t\t\t\t<div class=\"elementor-element elementor-element-a7cd725 elementor-widget elementor-widget-text-editor\" data-id=\"a7cd725\" data-element_type=\"widget\" data-widget_type=\"text-editor.default\">\n\t\t\t\t<div class=\"elementor-widget-container\">\n\t\t\t\t\t\t\t\t\t<p>La col\u00b7lecci\u00f3 &#8220;Noviol\u00e8ncia i lluita per la pau&#8221; vol posar a disposici\u00f3 de la societat, de l&#8217;acad\u00e8mia i de les administracions instruments de reflexi\u00f3 i d&#8217;acci\u00f3 que mostrin que la noviol\u00e8ncia \u00e9s desitjable, viable i efica\u00e7.<\/p>\t\t\t\t\t\t\t\t<\/div>\n\t\t\t\t<\/div>\n\t\t\t\t<div class=\"elementor-element elementor-element-3fb570f elementor-widget elementor-widget-spacer\" data-id=\"3fb570f\" data-element_type=\"widget\" data-widget_type=\"spacer.default\">\n\t\t\t\t<div class=\"elementor-widget-container\">\n\t\t\t\t\t\t\t<div class=\"elementor-spacer\">\n\t\t\t<div class=\"elementor-spacer-inner\"><\/div>\n\t\t<\/div>\n\t\t\t\t\t\t<\/div>\n\t\t\t\t<\/div>\n\t\t\t\t\t<\/div>\n\t\t<\/div>\n\t\t\t\t\t<\/div>\n\t\t<\/section>\n\t\t\t\t\t<\/div>\n\t\t<\/div>\n\t\t\t\t\t<\/div>\n\t\t<\/section>\n\t\t\t\t<section class=\"elementor-section elementor-top-section elementor-element elementor-element-db9b9b9 elementor-section-boxed elementor-section-height-default elementor-section-height-default\" data-id=\"db9b9b9\" data-element_type=\"section\">\n\t\t\t\t\t\t<div class=\"elementor-container elementor-column-gap-default\">\n\t\t\t\t\t<div class=\"elementor-column elementor-col-100 elementor-top-column elementor-element elementor-element-27ddb9a\" data-id=\"27ddb9a\" data-element_type=\"column\">\n\t\t\t<div class=\"elementor-widget-wrap elementor-element-populated\">\n\t\t\t\t\t\t<div class=\"elementor-element elementor-element-4d829d6 elementor-widget elementor-widget-icip-publicationlisting\" data-id=\"4d829d6\" data-element_type=\"widget\" data-widget_type=\"icip-publicationlisting.default\">\n\t\t\t\t<div class=\"elementor-widget-container\">\n\t\t\t\t\t<div class=\"block-publication-listing\"  data-view-type=\"cover\"><div class=\"list\"><article class=\"entry\"><a href=\"https:\/\/www.icip.cat\/ca\/publication\/fer-front\/\" class=\"link\" title=\"Fer front. Resist\u00e8ncia al servei militar i antimilitarisme a Catalunya (1970-1989)\"><div class=\"image\"><img fetchpriority=\"high\" decoding=\"async\" width=\"400\" height=\"570\" src=\"https:\/\/www.icip.cat\/wp-content\/uploads\/2023\/01\/ferfrontweb-400x570.png\" class=\"attachment-publicationlisting-thumbnail size-publicationlisting-thumbnail wp-post-image\" alt=\"\" \/><\/div><div class=\"details\"><h2 class=\"title\">Fer front. Resist\u00e8ncia al servei militar i antimilitarisme a Catalunya (1970-1989)<\/h2><p class=\"author\">Carlos \u00c1ngel Ord\u00e1s<\/p><\/div><\/a><\/article><article class=\"entry\"><a href=\"https:\/\/www.icip.cat\/ca\/publication\/una-teoria-de-laccio-noviolenta-stellan-vinthagen\/\" class=\"link\" title=\"Una teoria de l&#8217;acci\u00f3 noviolenta\"><div class=\"image\"><img decoding=\"async\" width=\"400\" height=\"570\" src=\"https:\/\/www.icip.cat\/wp-content\/uploads\/2019\/12\/noviolencia12-400x570.jpg\" class=\"attachment-publicationlisting-thumbnail size-publicationlisting-thumbnail wp-post-image\" alt=\"\" srcset=\"https:\/\/www.icip.cat\/wp-content\/uploads\/2019\/12\/noviolencia12.jpg 400w, https:\/\/www.icip.cat\/wp-content\/uploads\/2019\/12\/noviolencia12-211x300.jpg 211w\" sizes=\"(max-width: 400px) 100vw, 400px\" \/><\/div><div class=\"details\"><h2 class=\"title\">Una teoria de l&#8217;acci\u00f3 noviolenta<\/h2><p class=\"author\">Stellan Vinthagen<\/p><\/div><\/a><\/article><article class=\"entry\"><a href=\"https:\/\/www.icip.cat\/ca\/publication\/origens-i-evolucio-del-moviment-per-la-pau-a-catalunya-1950-1980-xavier-gari\/\" class=\"link\" title=\"Or\u00edgens i evoluci\u00f3 del moviment per la pau a Catalunya (1950-1980)\"><div class=\"image\"><img decoding=\"async\" width=\"400\" height=\"570\" src=\"https:\/\/www.icip.cat\/wp-content\/uploads\/2019\/02\/noviolencia11-400x570.jpg\" class=\"attachment-publicationlisting-thumbnail size-publicationlisting-thumbnail wp-post-image\" alt=\"\" srcset=\"https:\/\/www.icip.cat\/wp-content\/uploads\/2019\/02\/noviolencia11.jpg 400w, https:\/\/www.icip.cat\/wp-content\/uploads\/2019\/02\/noviolencia11-211x300.jpg 211w\" sizes=\"(max-width: 400px) 100vw, 400px\" \/><\/div><div class=\"details\"><h2 class=\"title\">Or\u00edgens i evoluci\u00f3 del moviment per la pau a Catalunya (1950-1980)<\/h2><p class=\"author\">Xavier Gar\u00ed<\/p><\/div><\/a><\/article><article class=\"entry\"><a href=\"https:\/\/www.icip.cat\/ca\/publication\/introduccio-a-la-noviolencia-ramin-jahanbegloo\/\" class=\"link\" title=\"Introducci\u00f3 a la noviol\u00e8ncia\"><div class=\"image\"><img loading=\"lazy\" decoding=\"async\" width=\"400\" height=\"570\" src=\"https:\/\/www.icip.cat\/wp-content\/uploads\/2017\/06\/noviolencia10-400x570.jpg\" class=\"attachment-publicationlisting-thumbnail size-publicationlisting-thumbnail wp-post-image\" alt=\"\" srcset=\"https:\/\/www.icip.cat\/wp-content\/uploads\/2017\/06\/noviolencia10.jpg 400w, https:\/\/www.icip.cat\/wp-content\/uploads\/2017\/06\/noviolencia10-211x300.jpg 211w\" sizes=\"(max-width: 400px) 100vw, 400px\" \/><\/div><div class=\"details\"><h2 class=\"title\">Introducci\u00f3 a la noviol\u00e8ncia<\/h2><p class=\"author\">Ramin Jahanbegloo<\/p><\/div><\/a><\/article><article class=\"entry\"><a href=\"https:\/\/www.icip.cat\/ca\/publication\/educacio-per-la-pau-com-arribem-a-estimar-i-a-odiar-la-guerra-nel-noddings\/\" class=\"link\" title=\"Educaci\u00f3 per la pau: com arribem a estimar i a odiar la guerra\"><div class=\"image\"><img loading=\"lazy\" decoding=\"async\" width=\"400\" height=\"570\" src=\"https:\/\/www.icip.cat\/wp-content\/uploads\/2016\/05\/noviolencia9-400x570.jpg\" class=\"attachment-publicationlisting-thumbnail size-publicationlisting-thumbnail wp-post-image\" alt=\"\" srcset=\"https:\/\/www.icip.cat\/wp-content\/uploads\/2016\/05\/noviolencia9.jpg 400w, https:\/\/www.icip.cat\/wp-content\/uploads\/2016\/05\/noviolencia9-211x300.jpg 211w\" sizes=\"(max-width: 400px) 100vw, 400px\" \/><\/div><div class=\"details\"><h2 class=\"title\">Educaci\u00f3 per la pau: com arribem a estimar i a odiar la guerra<\/h2><p class=\"author\">Nel Noddings<\/p><\/div><\/a><\/article><article class=\"entry\"><a href=\"https:\/\/www.icip.cat\/ca\/publication\/lobjeccio-de-consciencia-ozgur-heval-cinar-i-coskun-usterci-ed\/\" class=\"link\" title=\"L&#8217;objecci\u00f3 de consci\u00e8ncia\"><div class=\"image\"><img loading=\"lazy\" decoding=\"async\" width=\"400\" height=\"570\" src=\"https:\/\/www.icip.cat\/wp-content\/uploads\/2015\/06\/noviolencia8-400x570.jpg\" class=\"attachment-publicationlisting-thumbnail size-publicationlisting-thumbnail wp-post-image\" alt=\"\" srcset=\"https:\/\/www.icip.cat\/wp-content\/uploads\/2015\/06\/noviolencia8.jpg 400w, https:\/\/www.icip.cat\/wp-content\/uploads\/2015\/06\/noviolencia8-211x300.jpg 211w\" sizes=\"(max-width: 400px) 100vw, 400px\" \/><\/div><div class=\"details\"><h2 class=\"title\">L&#8217;objecci\u00f3 de consci\u00e8ncia<\/h2><p class=\"author\">\u00d6zg\u00fcr Heval \u00c7inar i Coskun \u00dcsterci (ed.)<\/p><\/div><\/a><\/article><article class=\"entry\"><a href=\"https:\/\/www.icip.cat\/ca\/publication\/antimilitarisme-dinamiques-politiques-i-de-genere-dels-moviments-per-la-pau-cynthia-cockburn\/\" class=\"link\" title=\"Antimilitarisme. Din\u00e0miques pol\u00edtiques i de g\u00e8nere dels moviments per la pau\"><div class=\"image\"><img loading=\"lazy\" decoding=\"async\" width=\"400\" height=\"570\" src=\"https:\/\/www.icip.cat\/wp-content\/uploads\/2014\/10\/noviolencia7-400x570.jpg\" class=\"attachment-publicationlisting-thumbnail size-publicationlisting-thumbnail wp-post-image\" alt=\"\" srcset=\"https:\/\/www.icip.cat\/wp-content\/uploads\/2014\/10\/noviolencia7.jpg 400w, https:\/\/www.icip.cat\/wp-content\/uploads\/2014\/10\/noviolencia7-211x300.jpg 211w\" sizes=\"(max-width: 400px) 100vw, 400px\" \/><\/div><div class=\"details\"><h2 class=\"title\">Antimilitarisme. Din\u00e0miques pol\u00edtiques i de g\u00e8nere dels moviments per la pau<\/h2><p class=\"author\">Cynthia Cockburn<\/p><\/div><\/a><\/article><article class=\"entry\"><a href=\"https:\/\/www.icip.cat\/ca\/publication\/revolucions-noviolentes-resistencia-civil-al-final-del-s-xx-sharon-erickson-nepstad\/\" class=\"link\" title=\"Revolucions noviolentes. Resist\u00e8ncia civil al final del s. XX\"><div class=\"image\"><img loading=\"lazy\" decoding=\"async\" width=\"400\" height=\"570\" src=\"https:\/\/www.icip.cat\/wp-content\/uploads\/2013\/10\/noviolencia6-400x570.jpg\" class=\"attachment-publicationlisting-thumbnail size-publicationlisting-thumbnail wp-post-image\" alt=\"\" srcset=\"https:\/\/www.icip.cat\/wp-content\/uploads\/2013\/10\/noviolencia6.jpg 400w, https:\/\/www.icip.cat\/wp-content\/uploads\/2013\/10\/noviolencia6-211x300.jpg 211w\" sizes=\"(max-width: 400px) 100vw, 400px\" \/><\/div><div class=\"details\"><h2 class=\"title\">Revolucions noviolentes. Resist\u00e8ncia civil al final del s. XX<\/h2><p class=\"author\">Sharon Erickson Nepstad<\/p><\/div><\/a><\/article><article class=\"entry\"><a href=\"https:\/\/www.icip.cat\/ca\/publication\/noviolencia-historia-duna-idea-perillosa-mark-kurlansky\/\" class=\"link\" title=\"Noviol\u00e8ncia: hist\u00f2ria d&#8217;una idea perillosa\"><div class=\"image\"><img loading=\"lazy\" decoding=\"async\" width=\"400\" height=\"570\" src=\"https:\/\/www.icip.cat\/wp-content\/uploads\/2012\/01\/noviolencia5-400x570.jpg\" class=\"attachment-publicationlisting-thumbnail size-publicationlisting-thumbnail wp-post-image\" alt=\"\" srcset=\"https:\/\/www.icip.cat\/wp-content\/uploads\/2012\/01\/noviolencia5.jpg 400w, https:\/\/www.icip.cat\/wp-content\/uploads\/2012\/01\/noviolencia5-211x300.jpg 211w\" sizes=\"(max-width: 400px) 100vw, 400px\" \/><\/div><div class=\"details\"><h2 class=\"title\">Noviol\u00e8ncia: hist\u00f2ria d&#8217;una idea perillosa<\/h2><p class=\"author\">Mark Kurlansky<\/p><\/div><\/a><\/article><article class=\"entry\"><a href=\"https:\/\/www.icip.cat\/ca\/publication\/la-forca-de-la-gent-howard-clark-ed\/\" class=\"link\" title=\"La for\u00e7a de la gent\"><div class=\"image\"><img loading=\"lazy\" decoding=\"async\" width=\"400\" height=\"570\" src=\"https:\/\/www.icip.cat\/wp-content\/uploads\/2012\/01\/noviolencia4-400x570.jpg\" class=\"attachment-publicationlisting-thumbnail size-publicationlisting-thumbnail wp-post-image\" alt=\"\" srcset=\"https:\/\/www.icip.cat\/wp-content\/uploads\/2012\/01\/noviolencia4.jpg 400w, https:\/\/www.icip.cat\/wp-content\/uploads\/2012\/01\/noviolencia4-211x300.jpg 211w\" sizes=\"(max-width: 400px) 100vw, 400px\" \/><\/div><div class=\"details\"><h2 class=\"title\">La for\u00e7a de la gent<\/h2><p class=\"author\">Howard Clark (ed.)<\/p><\/div><\/a><\/article><article class=\"entry\"><a href=\"https:\/\/www.icip.cat\/ca\/publication\/els-anomenats-pacifistes-john-paul-lederach\/\" class=\"link\" title=\"Els anomenats pacifistes\"><div class=\"image\"><img loading=\"lazy\" decoding=\"async\" width=\"400\" height=\"570\" src=\"https:\/\/www.icip.cat\/wp-content\/uploads\/2012\/01\/noviolencia3-400x570.jpg\" class=\"attachment-publicationlisting-thumbnail size-publicationlisting-thumbnail wp-post-image\" alt=\"\" srcset=\"https:\/\/www.icip.cat\/wp-content\/uploads\/2012\/01\/noviolencia3.jpg 400w, https:\/\/www.icip.cat\/wp-content\/uploads\/2012\/01\/noviolencia3-211x300.jpg 211w\" sizes=\"(max-width: 400px) 100vw, 400px\" \/><\/div><div class=\"details\"><h2 class=\"title\">Els anomenats pacifistes<\/h2><p class=\"author\">John Paul Lederach<\/p><\/div><\/a><\/article><article class=\"entry\"><a href=\"https:\/\/www.icip.cat\/ca\/publication\/el-metode-de-la-noviolencia-aldo-capitini\/\" class=\"link\" title=\"El m\u00e8tode de la noviol\u00e8ncia\"><div class=\"image\"><img loading=\"lazy\" decoding=\"async\" width=\"400\" height=\"570\" src=\"https:\/\/www.icip.cat\/wp-content\/uploads\/2011\/03\/noviolencia1-400x570.jpg\" class=\"attachment-publicationlisting-thumbnail size-publicationlisting-thumbnail wp-post-image\" alt=\"\" srcset=\"https:\/\/www.icip.cat\/wp-content\/uploads\/2011\/03\/noviolencia1.jpg 400w, https:\/\/www.icip.cat\/wp-content\/uploads\/2011\/03\/noviolencia1-211x300.jpg 211w\" sizes=\"(max-width: 400px) 100vw, 400px\" \/><\/div><div class=\"details\"><h2 class=\"title\">El m\u00e8tode de la noviol\u00e8ncia<\/h2><p class=\"author\">Aldo Capitini<\/p><\/div><\/a><\/article><article class=\"entry\"><a href=\"https:\/\/www.icip.cat\/ca\/publication\/gandhi-avui-david-cortright\/\" class=\"link\" title=\"Gandhi avui\"><div class=\"image\"><img loading=\"lazy\" decoding=\"async\" width=\"400\" height=\"570\" src=\"https:\/\/www.icip.cat\/wp-content\/uploads\/2011\/03\/noviolencia2-400x570.jpg\" class=\"attachment-publicationlisting-thumbnail size-publicationlisting-thumbnail wp-post-image\" alt=\"\" srcset=\"https:\/\/www.icip.cat\/wp-content\/uploads\/2011\/03\/noviolencia2.jpg 400w, https:\/\/www.icip.cat\/wp-content\/uploads\/2011\/03\/noviolencia2-211x300.jpg 211w\" sizes=\"(max-width: 400px) 100vw, 400px\" \/><\/div><div class=\"details\"><h2 class=\"title\">Gandhi avui<\/h2><p class=\"author\">David Cortright<\/p><\/div><\/a><\/article><\/div><\/div>\t\t\t\t<\/div>\n\t\t\t\t<\/div>\n\t\t\t\t\t<\/div>\n\t\t<\/div>\n\t\t\t\t\t<\/div>\n\t\t<\/section>\n\t\t\t\t<section class=\"elementor-section elementor-top-section elementor-element elementor-element-9e725e8 elementor-section-boxed elementor-section-height-default elementor-section-height-default\" data-id=\"9e725e8\" data-element_type=\"section\">\n\t\t\t\t\t\t<div class=\"elementor-container elementor-column-gap-default\">\n\t\t\t\t\t<div class=\"elementor-column elementor-col-100 elementor-top-column elementor-element elementor-element-c3d11d9\" data-id=\"c3d11d9\" data-element_type=\"column\">\n\t\t\t<div class=\"elementor-widget-wrap elementor-element-populated\">\n\t\t\t\t\t\t<div class=\"elementor-element elementor-element-7569425 elementor-widget elementor-widget-spacer\" data-id=\"7569425\" data-element_type=\"widget\" data-widget_type=\"spacer.default\">\n\t\t\t\t<div class=\"elementor-widget-container\">\n\t\t\t\t\t\t\t<div class=\"elementor-spacer\">\n\t\t\t<div class=\"elementor-spacer-inner\"><\/div>\n\t\t<\/div>\n\t\t\t\t\t\t<\/div>\n\t\t\t\t<\/div>\n\t\t\t\t\t<\/div>\n\t\t<\/div>\n\t\t\t\t\t<\/div>\n\t\t<\/section>\n\t\t\t\t<\/div>\n\t\t","protected":false},"excerpt":{"rendered":"<p>Noviol\u00e8ncia i lluita per la pau La col\u00b7lecci\u00f3 &#8220;Noviol\u00e8ncia i lluita per la pau&#8221; vol posar a disposici\u00f3 de la societat, de l&#8217;acad\u00e8mia i de les administracions instruments de reflexi\u00f3 i d&#8217;acci\u00f3 que mostrin que la noviol\u00e8ncia \u00e9s desitjable, viable i efica\u00e7. Fer front Carlos \u00c1ngel Ord\u00e1s Una teoria de l&#8217;acci\u00f3 noviolenta Stellan Vinthagen Or\u00edgens [&hellip;]<\/p>\n","protected":false},"author":1,"featured_media":0,"parent":0,"menu_order":0,"comment_status":"closed","ping_status":"closed","template":"","meta":{"_acf_changed":false,"footnotes":""},"class_list":["post-8895","page","type-page","status-publish","hentry"],"acf":[],"yoast_head":"<!-- This site is optimized with the Yoast SEO plugin v25.6 - https:\/\/yoast.com\/wordpress\/plugins\/seo\/ -->\n<title>Noviol\u00e8ncia i lluita per la pau - ICIP<\/title>\n<meta name=\"robots\" content=\"index, follow, max-snippet:-1, max-image-preview:large, max-video-preview:-1\" \/>\n<link rel=\"canonical\" href=\"https:\/\/www.icip.cat\/ca\/noviolencia-i-lluita-per-la-pau\/\" \/>\n<meta property=\"og:locale\" content=\"ca_ES\" \/>\n<meta property=\"og:type\" content=\"article\" \/>\n<meta property=\"og:title\" content=\"Noviol\u00e8ncia i lluita per la pau - ICIP\" \/>\n<meta property=\"og:description\" content=\"Noviol\u00e8ncia i lluita per la pau La col\u00b7lecci\u00f3 &#8220;Noviol\u00e8ncia i lluita per la pau&#8221; vol posar a disposici\u00f3 de la societat, de l&#8217;acad\u00e8mia i de les administracions instruments de reflexi\u00f3 i d&#8217;acci\u00f3 que mostrin que la noviol\u00e8ncia \u00e9s desitjable, viable i efica\u00e7. Fer front Carlos \u00c1ngel Ord\u00e1s Una teoria de l&#8217;acci\u00f3 noviolenta Stellan Vinthagen Or\u00edgens [&hellip;]\" \/>\n<meta property=\"og:url\" content=\"https:\/\/www.icip.cat\/ca\/noviolencia-i-lluita-per-la-pau\/\" \/>\n<meta property=\"og:site_name\" content=\"ICIP\" \/>\n<meta property=\"article:modified_time\" content=\"2023-01-16T12:42:47+00:00\" \/>\n<meta property=\"og:image\" content=\"http:\/\/www.icip.cat\/wp-content\/uploads\/2023\/01\/ferfrontweb-400x570.png\" \/>\n<meta name=\"twitter:card\" content=\"summary_large_image\" \/>\n<meta name=\"twitter:label1\" content=\"Temps estimat de lectura\" \/>\n\t<meta name=\"twitter:data1\" content=\"4 minuts\" \/>\n<script type=\"application\/ld+json\" class=\"yoast-schema-graph\">{\"@context\":\"https:\/\/schema.org\",\"@graph\":[{\"@type\":\"WebPage\",\"@id\":\"https:\/\/www.icip.cat\/ca\/noviolencia-i-lluita-per-la-pau\/\",\"url\":\"https:\/\/www.icip.cat\/ca\/noviolencia-i-lluita-per-la-pau\/\",\"name\":\"Noviol\u00e8ncia i lluita per la pau - ICIP\",\"isPartOf\":{\"@id\":\"https:\/\/www.icip.cat\/ca\/#website\"},\"primaryImageOfPage\":{\"@id\":\"https:\/\/www.icip.cat\/ca\/noviolencia-i-lluita-per-la-pau\/#primaryimage\"},\"image\":{\"@id\":\"https:\/\/www.icip.cat\/ca\/noviolencia-i-lluita-per-la-pau\/#primaryimage\"},\"thumbnailUrl\":\"http:\/\/www.icip.cat\/wp-content\/uploads\/2023\/01\/ferfrontweb-400x570.png\",\"datePublished\":\"2020-12-09T08:55:35+00:00\",\"dateModified\":\"2023-01-16T12:42:47+00:00\",\"inLanguage\":\"ca\",\"potentialAction\":[{\"@type\":\"ReadAction\",\"target\":[\"https:\/\/www.icip.cat\/ca\/noviolencia-i-lluita-per-la-pau\/\"]}]},{\"@type\":\"ImageObject\",\"inLanguage\":\"ca\",\"@id\":\"https:\/\/www.icip.cat\/ca\/noviolencia-i-lluita-per-la-pau\/#primaryimage\",\"url\":\"http:\/\/www.icip.cat\/wp-content\/uploads\/2023\/01\/ferfrontweb-400x570.png\",\"contentUrl\":\"http:\/\/www.icip.cat\/wp-content\/uploads\/2023\/01\/ferfrontweb-400x570.png\"},{\"@type\":\"WebSite\",\"@id\":\"https:\/\/www.icip.cat\/ca\/#website\",\"url\":\"https:\/\/www.icip.cat\/ca\/\",\"name\":\"ICIP\",\"description\":\"\",\"publisher\":{\"@id\":\"https:\/\/www.icip.cat\/ca\/#organization\"},\"potentialAction\":[{\"@type\":\"SearchAction\",\"target\":{\"@type\":\"EntryPoint\",\"urlTemplate\":\"https:\/\/www.icip.cat\/ca\/?s={search_term_string}\"},\"query-input\":{\"@type\":\"PropertyValueSpecification\",\"valueRequired\":true,\"valueName\":\"search_term_string\"}}],\"inLanguage\":\"ca\"},{\"@type\":\"Organization\",\"@id\":\"https:\/\/www.icip.cat\/ca\/#organization\",\"name\":\"ICIP\",\"url\":\"https:\/\/www.icip.cat\/ca\/\",\"logo\":{\"@type\":\"ImageObject\",\"inLanguage\":\"ca\",\"@id\":\"https:\/\/www.icip.cat\/ca\/#\/schema\/logo\/image\/\",\"url\":\"https:\/\/www.icip.cat\/wp-content\/uploads\/2021\/02\/logo-2.png\",\"contentUrl\":\"https:\/\/www.icip.cat\/wp-content\/uploads\/2021\/02\/logo-2.png\",\"width\":562,\"height\":391,\"caption\":\"ICIP\"},\"image\":{\"@id\":\"https:\/\/www.icip.cat\/ca\/#\/schema\/logo\/image\/\"}}]}<\/script>\n<!-- \/ Yoast SEO plugin. -->","yoast_head_json":{"title":"Noviol\u00e8ncia i lluita per la pau - ICIP","robots":{"index":"index","follow":"follow","max-snippet":"max-snippet:-1","max-image-preview":"max-image-preview:large","max-video-preview":"max-video-preview:-1"},"canonical":"https:\/\/www.icip.cat\/ca\/noviolencia-i-lluita-per-la-pau\/","og_locale":"ca_ES","og_type":"article","og_title":"Noviol\u00e8ncia i lluita per la pau - ICIP","og_description":"Noviol\u00e8ncia i lluita per la pau La col\u00b7lecci\u00f3 &#8220;Noviol\u00e8ncia i lluita per la pau&#8221; vol posar a disposici\u00f3 de la societat, de l&#8217;acad\u00e8mia i de les administracions instruments de reflexi\u00f3 i d&#8217;acci\u00f3 que mostrin que la noviol\u00e8ncia \u00e9s desitjable, viable i efica\u00e7. Fer front Carlos \u00c1ngel Ord\u00e1s Una teoria de l&#8217;acci\u00f3 noviolenta Stellan Vinthagen Or\u00edgens [&hellip;]","og_url":"https:\/\/www.icip.cat\/ca\/noviolencia-i-lluita-per-la-pau\/","og_site_name":"ICIP","article_modified_time":"2023-01-16T12:42:47+00:00","og_image":[{"url":"http:\/\/www.icip.cat\/wp-content\/uploads\/2023\/01\/ferfrontweb-400x570.png","type":"","width":"","height":""}],"twitter_card":"summary_large_image","twitter_misc":{"Temps estimat de lectura":"4 minuts"},"schema":{"@context":"https:\/\/schema.org","@graph":[{"@type":"WebPage","@id":"https:\/\/www.icip.cat\/ca\/noviolencia-i-lluita-per-la-pau\/","url":"https:\/\/www.icip.cat\/ca\/noviolencia-i-lluita-per-la-pau\/","name":"Noviol\u00e8ncia i lluita per la pau - ICIP","isPartOf":{"@id":"https:\/\/www.icip.cat\/ca\/#website"},"primaryImageOfPage":{"@id":"https:\/\/www.icip.cat\/ca\/noviolencia-i-lluita-per-la-pau\/#primaryimage"},"image":{"@id":"https:\/\/www.icip.cat\/ca\/noviolencia-i-lluita-per-la-pau\/#primaryimage"},"thumbnailUrl":"http:\/\/www.icip.cat\/wp-content\/uploads\/2023\/01\/ferfrontweb-400x570.png","datePublished":"2020-12-09T08:55:35+00:00","dateModified":"2023-01-16T12:42:47+00:00","inLanguage":"ca","potentialAction":[{"@type":"ReadAction","target":["https:\/\/www.icip.cat\/ca\/noviolencia-i-lluita-per-la-pau\/"]}]},{"@type":"ImageObject","inLanguage":"ca","@id":"https:\/\/www.icip.cat\/ca\/noviolencia-i-lluita-per-la-pau\/#primaryimage","url":"http:\/\/www.icip.cat\/wp-content\/uploads\/2023\/01\/ferfrontweb-400x570.png","contentUrl":"http:\/\/www.icip.cat\/wp-content\/uploads\/2023\/01\/ferfrontweb-400x570.png"},{"@type":"WebSite","@id":"https:\/\/www.icip.cat\/ca\/#website","url":"https:\/\/www.icip.cat\/ca\/","name":"ICIP","description":"","publisher":{"@id":"https:\/\/www.icip.cat\/ca\/#organization"},"potentialAction":[{"@type":"SearchAction","target":{"@type":"EntryPoint","urlTemplate":"https:\/\/www.icip.cat\/ca\/?s={search_term_string}"},"query-input":{"@type":"PropertyValueSpecification","valueRequired":true,"valueName":"search_term_string"}}],"inLanguage":"ca"},{"@type":"Organization","@id":"https:\/\/www.icip.cat\/ca\/#organization","name":"ICIP","url":"https:\/\/www.icip.cat\/ca\/","logo":{"@type":"ImageObject","inLanguage":"ca","@id":"https:\/\/www.icip.cat\/ca\/#\/schema\/logo\/image\/","url":"https:\/\/www.icip.cat\/wp-content\/uploads\/2021\/02\/logo-2.png","contentUrl":"https:\/\/www.icip.cat\/wp-content\/uploads\/2021\/02\/logo-2.png","width":562,"height":391,"caption":"ICIP"},"image":{"@id":"https:\/\/www.icip.cat\/ca\/#\/schema\/logo\/image\/"}}]}},"_links":{"self":[{"href":"https:\/\/www.icip.cat\/ca\/wp-json\/wp\/v2\/pages\/8895","targetHints":{"allow":["GET"]}}],"collection":[{"href":"https:\/\/www.icip.cat\/ca\/wp-json\/wp\/v2\/pages"}],"about":[{"href":"https:\/\/www.icip.cat\/ca\/wp-json\/wp\/v2\/types\/page"}],"author":[{"embeddable":true,"href":"https:\/\/www.icip.cat\/ca\/wp-json\/wp\/v2\/users\/1"}],"replies":[{"embeddable":true,"href":"https:\/\/www.icip.cat\/ca\/wp-json\/wp\/v2\/comments?post=8895"}],"version-history":[{"count":28,"href":"https:\/\/www.icip.cat\/ca\/wp-json\/wp\/v2\/pages\/8895\/revisions"}],"predecessor-version":[{"id":34730,"href":"https:\/\/www.icip.cat\/ca\/wp-json\/wp\/v2\/pages\/8895\/revisions\/34730"}],"wp:attachment":[{"href":"https:\/\/www.icip.cat\/ca\/wp-json\/wp\/v2\/media?parent=8895"}],"curies":[{"name":"wp","href":"https:\/\/api.w.org\/{rel}","templated":true}]}}