{"id":19229,"date":"2021-05-27T11:19:18","date_gmt":"2021-05-27T11:19:18","guid":{"rendered":"http:\/\/www.icip.cat\/opinion\/"},"modified":"2025-04-22T07:53:33","modified_gmt":"2025-04-22T07:53:33","slug":"opinion","status":"publish","type":"page","link":"https:\/\/www.icip.cat\/en\/opinion\/","title":{"rendered":"Opinion"},"content":{"rendered":"\t\t<div data-elementor-type=\"wp-page\" data-elementor-id=\"19229\" class=\"elementor elementor-19229 elementor-19215\" data-elementor-post-type=\"page\">\n\t\t\t\t\t\t<section class=\"elementor-section elementor-top-section elementor-element elementor-element-f5a58d9 elementor-section-boxed elementor-section-height-default elementor-section-height-default\" data-id=\"f5a58d9\" data-element_type=\"section\" data-settings=\"{&quot;background_background&quot;:&quot;classic&quot;}\">\n\t\t\t\t\t\t\t<div class=\"elementor-background-overlay\"><\/div>\n\t\t\t\t\t\t\t<div class=\"elementor-container elementor-column-gap-default\">\n\t\t\t\t\t<div class=\"elementor-column elementor-col-100 elementor-top-column elementor-element elementor-element-b4ccd3c\" data-id=\"b4ccd3c\" data-element_type=\"column\">\n\t\t\t<div class=\"elementor-widget-wrap elementor-element-populated\">\n\t\t\t\t\t\t<div class=\"elementor-element elementor-element-137f2ca elementor-widget elementor-widget-heading\" data-id=\"137f2ca\" data-element_type=\"widget\" data-widget_type=\"heading.default\">\n\t\t\t\t<div class=\"elementor-widget-container\">\n\t\t\t\t\t<h1 class=\"elementor-heading-title elementor-size-default\">Opinion<\/h1>\t\t\t\t<\/div>\n\t\t\t\t<\/div>\n\t\t\t\t\t<\/div>\n\t\t<\/div>\n\t\t\t\t\t<\/div>\n\t\t<\/section>\n\t\t\t\t<section class=\"elementor-section elementor-top-section elementor-element elementor-element-3d00d8a elementor-section-boxed elementor-section-height-default elementor-section-height-default\" data-id=\"3d00d8a\" data-element_type=\"section\" data-settings=\"{&quot;background_background&quot;:&quot;classic&quot;}\">\n\t\t\t\t\t\t<div class=\"elementor-container elementor-column-gap-default\">\n\t\t\t\t\t<div class=\"elementor-column elementor-col-100 elementor-top-column elementor-element elementor-element-4e44975\" data-id=\"4e44975\" data-element_type=\"column\">\n\t\t\t<div class=\"elementor-widget-wrap elementor-element-populated\">\n\t\t\t\t\t\t<div class=\"elementor-element elementor-element-5004e65 elementor-widget elementor-widget-icip-opinionlisting\" data-id=\"5004e65\" data-element_type=\"widget\" data-widget_type=\"icip-opinionlisting.default\">\n\t\t\t\t<div class=\"elementor-widget-container\">\n\t\t\t\t\t<div class=\"block-opinion-listing\"><div class=\"list\"><a class='entry' href='https:\/\/www.icip.cat\/en\/opinion\/the-smoke-you-dont-see-but-share\/' title='The Smoke You Don\u2019t See but Share' ><div class='image_container'><img src='https:\/\/www.icip.cat\/wp-content\/uploads\/2024\/10\/CHEMAWEB2.png' alt='The Smoke You Don\u2019t See but Share' title='The Smoke You Don\u2019t See but Share'\/><\/div><div class='content_container'><div class='author'>Chema Sarri<\/div><div class='opiniondate' style='font-size: 14px;'>24\/02\/2026<\/div><h3>The Smoke You Don\u2019t See but Share<\/h3><\/div><\/a><a class='entry' href='https:\/\/www.icip.cat\/en\/opinion\/the-role-of-punishment-in-public-policies\/' title='The role of punishment in public policies' ><div class='image_container'><img src='https:\/\/www.icip.cat\/wp-content\/uploads\/2024\/03\/Diseno-sin-titulo-3-1-e1711364724289.png' alt='The role of punishment in public policies' title='The role of punishment in public policies'\/><\/div><div class='content_container'><div class='author'>Sandra Mart\u00ednez<\/div><div class='opiniondate' style='font-size: 14px;'>03\/03\/2025<\/div><h3>The role of punishment in public policies<\/h3><\/div><\/a><a class='entry' href='https:\/\/www.icip.cat\/en\/opinion\/for-a-global-commitment-against-enforced-disappearances\/' title='For a global commitment against enforced disappearances' ><div class='image_container'><img src='https:\/\/www.icip.cat\/wp-content\/uploads\/2025\/01\/IMG-20250115-WA0004.jpg' alt='For a global commitment against enforced disappearances' title='For a global commitment against enforced disappearances'\/><\/div><div class='content_container'><div class='author'>S\u00edlvia Plana and Sabina Puig<\/div><div class='opiniondate' style='font-size: 14px;'>03\/03\/2025<\/div><h3>For a global commitment against enforced disappearances<\/h3><\/div><\/a><a class='entry' href='https:\/\/www.icip.cat\/en\/opinion\/the-art-of-peacebuilding\/' title='The art of peacebuilding' ><div class='image_container'><img src='https:\/\/www.icip.cat\/wp-content\/uploads\/2024\/02\/Silvia-2-e1708517653274.jpg' alt='The art of peacebuilding' title='The art of peacebuilding'\/><\/div><div class='content_container'><div class='author'>S\u00edlvia Plana<\/div><div class='opiniondate' style='font-size: 14px;'>05\/11\/2024<\/div><h3>The art of peacebuilding<\/h3><\/div><\/a><a class='entry' href='https:\/\/www.icip.cat\/en\/opinion\/a-segregation-system-that-obliterates-your-existence-in-jerusalem\/' title='A segregation system that obliterates your existence in Jerusalem' ><div class='image_container'><img src='https:\/\/www.icip.cat\/wp-content\/uploads\/2024\/04\/Escriptora-Palestina-scaled-e1712741245741.jpg' alt='A segregation system that obliterates your existence in Jerusalem' title='A segregation system that obliterates your existence in Jerusalem'\/><\/div><div class='content_container'><div class='author'>Nadia Harhash<\/div><div class='opiniondate' style='font-size: 14px;'>11\/04\/2024<\/div><h3>A segregation system that obliterates your existence in Jerusalem<\/h3><\/div><\/a><a class='entry' href='https:\/\/www.icip.cat\/en\/opinion\/israel-and-palestine-coexistence-is-possible\/' title='Israel and Palestine: coexistence is possible' ><div class='image_container'><img src='https:\/\/www.icip.cat\/wp-content\/uploads\/2021\/05\/xavierweb-1.png' alt='Israel and Palestine: coexistence is possible' title='Israel and Palestine: coexistence is possible'\/><\/div><div class='content_container'><div class='author'>Xavier Masllorens<\/div><div class='opiniondate' style='font-size: 14px;'>07\/12\/2023<\/div><h3>Israel and Palestine: coexistence is possible<\/h3><\/div><\/a><a class='entry' href='https:\/\/www.icip.cat\/en\/opinion\/israel-and-palestine-when-everyone-loses\/' title='Israel and Palestine: when everyone loses' ><div class='image_container'><img src='https:\/\/www.icip.cat\/wp-content\/uploads\/2021\/05\/EQUIPO_ICIP_Kristian.jpg' alt='Israel and Palestine: when everyone loses' title='Israel and Palestine: when everyone loses'\/><\/div><div class='content_container'><div class='author'>Kristian Herbolzheimer<\/div><div class='opiniondate' style='font-size: 14px;'>02\/11\/2023<\/div><h3>Israel and Palestine: when everyone loses<\/h3><\/div><\/a><a class='entry' href='https:\/\/www.icip.cat\/en\/opinion\/commitment-and-memory-of-the-diasporas\/' title='Commitment and Memory of the Diasporas' ><div class='image_container'><img src='https:\/\/www.icip.cat\/wp-content\/uploads\/2022\/10\/silvia.png' alt='Commitment and Memory of the Diasporas' title='Commitment and Memory of the Diasporas'\/><\/div><div class='content_container'><div class='author'>S\u00edlvia Plana<\/div><div class='opiniondate' style='font-size: 14px;'>01\/08\/2023<\/div><h3>Commitment and Memory of the Diasporas<\/h3><\/div><\/a><a class='entry' href='https:\/\/www.icip.cat\/en\/opinion\/conferencia-de-seguretat-de-munic-quina-seguretat\/' title='Munich Security Conference: What Security?' ><div class='image_container'><img src='https:\/\/www.icip.cat\/wp-content\/uploads\/2022\/03\/sandraweb.jpg' alt='Munich Security Conference: What Security?' title='Munich Security Conference: What Security?'\/><\/div><div class='content_container'><div class='author'>Sandra Mart\u00ednez<\/div><div class='opiniondate' style='font-size: 14px;'>30\/03\/2023<\/div><h3>Munich Security Conference: What Security?<\/h3><\/div><\/a><a class='entry' href='https:\/\/www.icip.cat\/en\/opinion\/mobilitzar-se-davant-les-runes\/' title='Mobilizing in the midst of rubble' ><div class='image_container'><img src='https:\/\/www.icip.cat\/wp-content\/uploads\/2022\/10\/silvia.png' alt='Mobilizing in the midst of rubble' title='Mobilizing in the midst of rubble'\/><\/div><div class='content_container'><div class='author'>Nour Salameh i S\u00edlvia Plana Subirana<\/div><div class='opiniondate' style='font-size: 14px;'>27\/03\/2023<\/div><h3>Mobilizing in the midst of rubble<\/h3><\/div><\/a><a class='entry' href='https:\/\/www.icip.cat\/en\/opinion\/human-rights-and-democracy-for-peace\/' title='Human rights and democracy for peace' ><div class='image_container'><img src='https:\/\/www.icip.cat\/wp-content\/uploads\/2021\/05\/EQUIPO_ICIP_Kristian-1.jpg' alt='Human rights and democracy for peace' title='Human rights and democracy for peace'\/><\/div><div class='content_container'><div class='author'>Kristian Herbolzheimer<\/div><div class='opiniondate' style='font-size: 14px;'>15\/02\/2023<\/div><h3>Human rights and democracy for peace<\/h3><\/div><\/a><a class='entry' href='https:\/\/www.icip.cat\/en\/opinion\/disappearances-in-mexico-ricardo-antonio-and-a-list-with-no-end\/' title='Disappearances in Mexico: Ricardo, Antonio and a list with no end' ><div class='image_container'><img src='https:\/\/www.icip.cat\/wp-content\/uploads\/2019\/05\/sabinaweb.png' alt='Disappearances in Mexico: Ricardo, Antonio and a list with no end' title='Disappearances in Mexico: Ricardo, Antonio and a list with no end'\/><\/div><div class='content_container'><div class='author'>Sabina Puig Cartes<\/div><div class='opiniondate' style='font-size: 14px;'>03\/02\/2023<\/div><h3>Disappearances in Mexico: Ricardo, Antonio and a list with no end<\/h3><\/div><\/a><a class='entry' href='https:\/\/www.icip.cat\/en\/opinion\/acteal-a-beehive-of-memory-and-hopeacteal-a-beehive-of-memory-and-hope\/' title='Acteal, a beehive of memory and hope' ><div class='image_container'><img src='https:\/\/www.icip.cat\/wp-content\/uploads\/2019\/05\/sabinaweb.png' alt='Acteal, a beehive of memory and hope' title='Acteal, a beehive of memory and hope'\/><\/div><div class='content_container'><div class='author'>Sabina Puig Cartes<\/div><div class='opiniondate' style='font-size: 14px;'>22\/12\/2022<\/div><h3>Acteal, a beehive of memory and hope<\/h3><\/div><\/a><a class='entry' href='https:\/\/www.icip.cat\/en\/opinion\/the-demand-for-a-life-of-dignity-in-iran\/' title='The demand for a life of dignity in Iran' ><div class='image_container'><img src='https:\/\/www.icip.cat\/wp-content\/uploads\/2022\/07\/elisenda2-e1665398993526.png' alt='The demand for a life of dignity in Iran' title='The demand for a life of dignity in Iran'\/><\/div><div class='content_container'><div class='author'>Elisenda Comadran Casas<\/div><div class='opiniondate' style='font-size: 14px;'>22\/11\/2022<\/div><h3>The demand for a life of dignity in Iran<\/h3><\/div><\/a><a class='entry' href='https:\/\/www.icip.cat\/en\/opinion\/women-in-the-diaspora-with-a-voice-of-their-own\/' title='Women in the diaspora with a voice of their own' ><div class='image_container'><img src='https:\/\/www.icip.cat\/wp-content\/uploads\/2022\/10\/silvia.png' alt='Women in the diaspora with a voice of their own' title='Women in the diaspora with a voice of their own'\/><\/div><div class='content_container'><div class='author'>S\u00edlvia Plana Subirana<\/div><div class='opiniondate' style='font-size: 14px;'>08\/11\/2022<\/div><h3>Women in the diaspora with a voice of their own<\/h3><\/div><\/a><a class='entry' href='https:\/\/www.icip.cat\/en\/opinion\/reclaiming-universal-jurisdiction\/' title='Reclaiming universal jurisdiction' ><div class='image_container'><img src='https:\/\/www.icip.cat\/wp-content\/uploads\/2019\/05\/sabinaweb.png' alt='Reclaiming universal jurisdiction' title='Reclaiming universal jurisdiction'\/><\/div><div class='content_container'><div class='author'>Sabina Puig Cartes<\/div><div class='opiniondate' style='font-size: 14px;'>25\/04\/2022<\/div><h3>Reclaiming universal jurisdiction<\/h3><\/div><\/a><a class='entry' href='https:\/\/www.icip.cat\/en\/opinion\/reflections-on-the-russian-invasion-from-a-pacifist-perspective\/' title='Reflections on the Russian invasion from a pacifist perspective' ><div class='image_container'><img src='https:\/\/www.icip.cat\/wp-content\/uploads\/2021\/03\/pabloaweb-1.png' alt='Reflections on the Russian invasion from a pacifist perspective' title='Reflections on the Russian invasion from a pacifist perspective'\/><\/div><div class='content_container'><div class='author'>Pablo Aguiar<\/div><div class='opiniondate' style='font-size: 14px;'>05\/04\/2022<\/div><h3>Reflections on the Russian invasion from a pacifist perspective<\/h3><\/div><\/a><a class='entry' href='https:\/\/www.icip.cat\/en\/opinion\/how-do-we-respond-to-putins-war\/' title='How do we respond to Putin\u2019s war?' ><div class='image_container'><img src='https:\/\/www.icip.cat\/wp-content\/uploads\/2021\/05\/EQUIPO_ICIP_Kristian-2.jpg' alt='How do we respond to Putin\u2019s war?' title='How do we respond to Putin\u2019s war?'\/><\/div><div class='content_container'><div class='author'>Kristian Herbolzheimer<\/div><div class='opiniondate' style='font-size: 14px;'>28\/03\/2022<\/div><h3>How do we respond to Putin\u2019s war?<\/h3><\/div><\/a><a class='entry' href='https:\/\/www.icip.cat\/en\/opinion\/war-in-ukraine-peace-frameworks-and-initiatives\/' title='War in Ukraine: Peace Frameworks and Initiatives' ><div class='image_container'><img src='https:\/\/www.icip.cat\/wp-content\/uploads\/2021\/05\/EQUIPO_ICIP_Kristian-2.jpg' alt='War in Ukraine: Peace Frameworks and Initiatives' title='War in Ukraine: Peace Frameworks and Initiatives'\/><\/div><div class='content_container'><div class='author'>Kristian Herbolzheimer<\/div><div class='opiniondate' style='font-size: 14px;'>07\/03\/2022<\/div><h3>War in Ukraine: Peace Frameworks and Initiatives<\/h3><\/div><\/a><a class='entry' href='https:\/\/www.icip.cat\/en\/opinion\/security-in-times-of-war\/' title='Security in times of war' ><div class='image_container'><img src='https:\/\/www.icip.cat\/wp-content\/uploads\/2022\/03\/sandraweb.jpg' alt='Security in times of war' title='Security in times of war'\/><\/div><div class='content_container'><div class='author'>Sandra Mart\u00ednez<\/div><div class='opiniondate' style='font-size: 14px;'>07\/03\/2022<\/div><h3>Security in times of war<\/h3><\/div><\/a><a class='entry' href='https:\/\/www.icip.cat\/en\/opinion\/war-games-in-ukraine\/' title='War games in Ukraine' ><div class='image_container'><img src='https:\/\/www.icip.cat\/wp-content\/uploads\/2021\/05\/EQUIPO_ICIP_Kristian-2.jpg' alt='War games in Ukraine' title='War games in Ukraine'\/><\/div><div class='content_container'><div class='author'>Kristian Herbolzheimer<\/div><div class='opiniondate' style='font-size: 14px;'>03\/02\/2022<\/div><h3>War games in Ukraine<\/h3><\/div><\/a><a class='entry' href='https:\/\/www.icip.cat\/en\/opinion\/un-altre-mon-es-imprescindible\/' title='Another world is essential' ><div class='image_container'><img src='https:\/\/www.icip.cat\/wp-content\/uploads\/2021\/05\/EQUIPO_ICIP_Kristian-2.jpg' alt='Another world is essential' title='Another world is essential'\/><\/div><div class='content_container'><div class='author'>Kristian Herbolzheimer<\/div><div class='opiniondate' style='font-size: 14px;'>20\/10\/2021<\/div><h3>Another world is essential<\/h3><\/div><\/a><a class='entry' href='https:\/\/www.icip.cat\/en\/opinion\/negotiating-peace\/' title='Negotiating peace' ><div class='image_container'><img src='https:\/\/www.icip.cat\/wp-content\/uploads\/2021\/05\/EQUIPO_ICIP_Kristian-2.jpg' alt='Negotiating peace' title='Negotiating peace'\/><\/div><div class='content_container'><div class='author'>Kristian Herbolzheimer<\/div><div class='opiniondate' style='font-size: 14px;'>08\/09\/2021<\/div><h3>Negotiating peace<\/h3><\/div><\/a><a class='entry' href='https:\/\/www.icip.cat\/en\/opinion\/afghanistan-a-global-shock\/' title='Afghanistan: A global shock' ><div class='image_container'><img src='https:\/\/www.icip.cat\/wp-content\/uploads\/2021\/05\/EQUIPO_ICIP_Kristian-2.jpg' alt='Afghanistan: A global shock' title='Afghanistan: A global shock'\/><\/div><div class='content_container'><div class='author'>Kristian Herbolzheimer<\/div><div class='opiniondate' style='font-size: 14px;'>08\/09\/2021<\/div><h3>Afghanistan: A global shock<\/h3><\/div><\/a><a class='entry' href='https:\/\/www.icip.cat\/en\/opinion\/colombia-and-the-resistance-to-change\/' title='Colombia and the resistance to change' ><div class='image_container'><img src='https:\/\/www.icip.cat\/wp-content\/uploads\/2021\/05\/EQUIPO_ICIP_Kristian-2.jpg' alt='Colombia and the resistance to change' title='Colombia and the resistance to change'\/><\/div><div class='content_container'><div class='author'>Kristian Herbolzheimer<\/div><div class='opiniondate' style='font-size: 14px;'>21\/06\/2021<\/div><h3>Colombia and the resistance to change<\/h3><\/div><\/a><\/div><\/div>\t\t\t\t<\/div>\n\t\t\t\t<\/div>\n\t\t\t\t\t<\/div>\n\t\t<\/div>\n\t\t\t\t\t<\/div>\n\t\t<\/section>\n\t\t\t\t<\/div>\n\t\t","protected":false},"excerpt":{"rendered":"<p>Opinion Sandra Mart\u00ednez07\/04\/2025 Seguretat, defensa o militarisme? 10 preguntes sobre el rearmament europeu Sabina Puig02\/04\/2025 Teuchitl\u00e1n i la crisi de desaparicions a M\u00e8xic Sandra Mart\u00ednez07\/02\/2025 El rol del c\u00e0stig en les pol\u00edtiques p\u00fabliques Xavier Masllorens03\/02\/2025 L&#8217;antimilitarisme no \u00e9s avorrit ni trist Sabina Puig i S\u00edlvia Plana28\/01\/2025 Per un comprom\u00eds global contra les desaparicions for\u00e7ades\u00a0 Kristian [&hellip;]<\/p>\n","protected":false},"author":1,"featured_media":0,"parent":0,"menu_order":0,"comment_status":"closed","ping_status":"closed","template":"","meta":{"_acf_changed":false,"footnotes":""},"class_list":["post-19229","page","type-page","status-publish","hentry"],"acf":[],"yoast_head":"<!-- This site is optimized with the Yoast SEO plugin v25.6 - https:\/\/yoast.com\/wordpress\/plugins\/seo\/ -->\n<title>Opinion - ICIP<\/title>\n<meta name=\"robots\" content=\"index, follow, max-snippet:-1, max-image-preview:large, max-video-preview:-1\" \/>\n<link rel=\"canonical\" href=\"https:\/\/www.icip.cat\/ca\/opinio\/\" \/>\n<meta property=\"og:locale\" content=\"en_US\" \/>\n<meta property=\"og:type\" content=\"article\" \/>\n<meta property=\"og:title\" content=\"Opinion - ICIP\" \/>\n<meta property=\"og:description\" content=\"Opinion Sandra Mart\u00ednez07\/04\/2025 Seguretat, defensa o militarisme? 10 preguntes sobre el rearmament europeu Sabina Puig02\/04\/2025 Teuchitl\u00e1n i la crisi de desaparicions a M\u00e8xic Sandra Mart\u00ednez07\/02\/2025 El rol del c\u00e0stig en les pol\u00edtiques p\u00fabliques Xavier Masllorens03\/02\/2025 L&#8217;antimilitarisme no \u00e9s avorrit ni trist Sabina Puig i S\u00edlvia Plana28\/01\/2025 Per un comprom\u00eds global contra les desaparicions for\u00e7ades\u00a0 Kristian [&hellip;]\" \/>\n<meta property=\"og:url\" content=\"https:\/\/www.icip.cat\/ca\/opinio\/\" \/>\n<meta property=\"og:site_name\" content=\"ICIP\" \/>\n<meta property=\"article:modified_time\" content=\"2025-04-22T07:53:33+00:00\" \/>\n<meta property=\"og:image\" content=\"https:\/\/www.icip.cat\/wp-content\/uploads\/2024\/02\/Sandra-1-e1708509949967.jpg\" \/>\n<meta name=\"twitter:card\" content=\"summary_large_image\" \/>\n<meta name=\"twitter:label1\" content=\"Est. reading time\" \/>\n\t<meta name=\"twitter:data1\" content=\"6 minutes\" \/>\n<script type=\"application\/ld+json\" class=\"yoast-schema-graph\">{\"@context\":\"https:\/\/schema.org\",\"@graph\":[{\"@type\":\"WebPage\",\"@id\":\"https:\/\/www.icip.cat\/ca\/opinio\/\",\"url\":\"https:\/\/www.icip.cat\/ca\/opinio\/\",\"name\":\"Opinion - ICIP\",\"isPartOf\":{\"@id\":\"https:\/\/www.icip.cat\/ca\/#website\"},\"primaryImageOfPage\":{\"@id\":\"https:\/\/www.icip.cat\/ca\/opinio\/#primaryimage\"},\"image\":{\"@id\":\"https:\/\/www.icip.cat\/ca\/opinio\/#primaryimage\"},\"thumbnailUrl\":\"https:\/\/www.icip.cat\/wp-content\/uploads\/2024\/02\/Sandra-1-e1708509949967.jpg\",\"datePublished\":\"2021-05-27T11:19:18+00:00\",\"dateModified\":\"2025-04-22T07:53:33+00:00\",\"inLanguage\":\"en-US\",\"potentialAction\":[{\"@type\":\"ReadAction\",\"target\":[\"https:\/\/www.icip.cat\/ca\/opinio\/\"]}]},{\"@type\":\"ImageObject\",\"inLanguage\":\"en-US\",\"@id\":\"https:\/\/www.icip.cat\/ca\/opinio\/#primaryimage\",\"url\":\"https:\/\/www.icip.cat\/wp-content\/uploads\/2024\/02\/Sandra-1-e1708509949967.jpg\",\"contentUrl\":\"https:\/\/www.icip.cat\/wp-content\/uploads\/2024\/02\/Sandra-1-e1708509949967.jpg\"},{\"@type\":\"WebSite\",\"@id\":\"https:\/\/www.icip.cat\/ca\/#website\",\"url\":\"https:\/\/www.icip.cat\/ca\/\",\"name\":\"ICIP\",\"description\":\"\",\"publisher\":{\"@id\":\"https:\/\/www.icip.cat\/ca\/#organization\"},\"potentialAction\":[{\"@type\":\"SearchAction\",\"target\":{\"@type\":\"EntryPoint\",\"urlTemplate\":\"https:\/\/www.icip.cat\/ca\/?s={search_term_string}\"},\"query-input\":{\"@type\":\"PropertyValueSpecification\",\"valueRequired\":true,\"valueName\":\"search_term_string\"}}],\"inLanguage\":\"en-US\"},{\"@type\":\"Organization\",\"@id\":\"https:\/\/www.icip.cat\/ca\/#organization\",\"name\":\"ICIP\",\"url\":\"https:\/\/www.icip.cat\/ca\/\",\"logo\":{\"@type\":\"ImageObject\",\"inLanguage\":\"en-US\",\"@id\":\"https:\/\/www.icip.cat\/ca\/#\/schema\/logo\/image\/\",\"url\":\"https:\/\/www.icip.cat\/wp-content\/uploads\/2021\/02\/logo-2.png\",\"contentUrl\":\"https:\/\/www.icip.cat\/wp-content\/uploads\/2021\/02\/logo-2.png\",\"width\":562,\"height\":391,\"caption\":\"ICIP\"},\"image\":{\"@id\":\"https:\/\/www.icip.cat\/ca\/#\/schema\/logo\/image\/\"}}]}<\/script>\n<!-- \/ Yoast SEO plugin. -->","yoast_head_json":{"title":"Opinion - ICIP","robots":{"index":"index","follow":"follow","max-snippet":"max-snippet:-1","max-image-preview":"max-image-preview:large","max-video-preview":"max-video-preview:-1"},"canonical":"https:\/\/www.icip.cat\/ca\/opinio\/","og_locale":"en_US","og_type":"article","og_title":"Opinion - ICIP","og_description":"Opinion Sandra Mart\u00ednez07\/04\/2025 Seguretat, defensa o militarisme? 10 preguntes sobre el rearmament europeu Sabina Puig02\/04\/2025 Teuchitl\u00e1n i la crisi de desaparicions a M\u00e8xic Sandra Mart\u00ednez07\/02\/2025 El rol del c\u00e0stig en les pol\u00edtiques p\u00fabliques Xavier Masllorens03\/02\/2025 L&#8217;antimilitarisme no \u00e9s avorrit ni trist Sabina Puig i S\u00edlvia Plana28\/01\/2025 Per un comprom\u00eds global contra les desaparicions for\u00e7ades\u00a0 Kristian [&hellip;]","og_url":"https:\/\/www.icip.cat\/ca\/opinio\/","og_site_name":"ICIP","article_modified_time":"2025-04-22T07:53:33+00:00","og_image":[{"url":"https:\/\/www.icip.cat\/wp-content\/uploads\/2024\/02\/Sandra-1-e1708509949967.jpg","type":"","width":"","height":""}],"twitter_card":"summary_large_image","twitter_misc":{"Est. reading time":"6 minutes"},"schema":{"@context":"https:\/\/schema.org","@graph":[{"@type":"WebPage","@id":"https:\/\/www.icip.cat\/ca\/opinio\/","url":"https:\/\/www.icip.cat\/ca\/opinio\/","name":"Opinion - ICIP","isPartOf":{"@id":"https:\/\/www.icip.cat\/ca\/#website"},"primaryImageOfPage":{"@id":"https:\/\/www.icip.cat\/ca\/opinio\/#primaryimage"},"image":{"@id":"https:\/\/www.icip.cat\/ca\/opinio\/#primaryimage"},"thumbnailUrl":"https:\/\/www.icip.cat\/wp-content\/uploads\/2024\/02\/Sandra-1-e1708509949967.jpg","datePublished":"2021-05-27T11:19:18+00:00","dateModified":"2025-04-22T07:53:33+00:00","inLanguage":"en-US","potentialAction":[{"@type":"ReadAction","target":["https:\/\/www.icip.cat\/ca\/opinio\/"]}]},{"@type":"ImageObject","inLanguage":"en-US","@id":"https:\/\/www.icip.cat\/ca\/opinio\/#primaryimage","url":"https:\/\/www.icip.cat\/wp-content\/uploads\/2024\/02\/Sandra-1-e1708509949967.jpg","contentUrl":"https:\/\/www.icip.cat\/wp-content\/uploads\/2024\/02\/Sandra-1-e1708509949967.jpg"},{"@type":"WebSite","@id":"https:\/\/www.icip.cat\/ca\/#website","url":"https:\/\/www.icip.cat\/ca\/","name":"ICIP","description":"","publisher":{"@id":"https:\/\/www.icip.cat\/ca\/#organization"},"potentialAction":[{"@type":"SearchAction","target":{"@type":"EntryPoint","urlTemplate":"https:\/\/www.icip.cat\/ca\/?s={search_term_string}"},"query-input":{"@type":"PropertyValueSpecification","valueRequired":true,"valueName":"search_term_string"}}],"inLanguage":"en-US"},{"@type":"Organization","@id":"https:\/\/www.icip.cat\/ca\/#organization","name":"ICIP","url":"https:\/\/www.icip.cat\/ca\/","logo":{"@type":"ImageObject","inLanguage":"en-US","@id":"https:\/\/www.icip.cat\/ca\/#\/schema\/logo\/image\/","url":"https:\/\/www.icip.cat\/wp-content\/uploads\/2021\/02\/logo-2.png","contentUrl":"https:\/\/www.icip.cat\/wp-content\/uploads\/2021\/02\/logo-2.png","width":562,"height":391,"caption":"ICIP"},"image":{"@id":"https:\/\/www.icip.cat\/ca\/#\/schema\/logo\/image\/"}}]}},"_links":{"self":[{"href":"https:\/\/www.icip.cat\/en\/wp-json\/wp\/v2\/pages\/19229","targetHints":{"allow":["GET"]}}],"collection":[{"href":"https:\/\/www.icip.cat\/en\/wp-json\/wp\/v2\/pages"}],"about":[{"href":"https:\/\/www.icip.cat\/en\/wp-json\/wp\/v2\/types\/page"}],"author":[{"embeddable":true,"href":"https:\/\/www.icip.cat\/en\/wp-json\/wp\/v2\/users\/1"}],"replies":[{"embeddable":true,"href":"https:\/\/www.icip.cat\/en\/wp-json\/wp\/v2\/comments?post=19229"}],"version-history":[{"count":10,"href":"https:\/\/www.icip.cat\/en\/wp-json\/wp\/v2\/pages\/19229\/revisions"}],"predecessor-version":[{"id":53751,"href":"https:\/\/www.icip.cat\/en\/wp-json\/wp\/v2\/pages\/19229\/revisions\/53751"}],"wp:attachment":[{"href":"https:\/\/www.icip.cat\/en\/wp-json\/wp\/v2\/media?parent=19229"}],"curies":[{"name":"wp","href":"https:\/\/api.w.org\/{rel}","templated":true}]}}