{"id":48203,"date":"2024-07-30T11:23:35","date_gmt":"2024-07-30T11:23:35","guid":{"rendered":"https:\/\/www.icip.cat\/violence-in-non-war-settings\/actividades-de-pequeno-formato\/"},"modified":"2024-07-31T09:49:48","modified_gmt":"2024-07-31T09:49:48","slug":"complementary-activities","status":"publish","type":"page","link":"https:\/\/www.icip.cat\/en\/violence-in-non-war-settings\/complementary-activities\/","title":{"rendered":"Complementary activities"},"content":{"rendered":"\t\t<div data-elementor-type=\"wp-page\" data-elementor-id=\"48203\" class=\"elementor elementor-48203 elementor-47561\" data-elementor-post-type=\"page\">\n\t\t\t\t\t\t<section class=\"elementor-section elementor-top-section elementor-element elementor-element-098a35f elementor-section-boxed elementor-section-height-default elementor-section-height-default\" data-id=\"098a35f\" data-element_type=\"section\" data-settings=\"{&quot;background_background&quot;:&quot;classic&quot;}\">\n\t\t\t\t\t\t\t<div class=\"elementor-background-overlay\"><\/div>\n\t\t\t\t\t\t\t<div class=\"elementor-container elementor-column-gap-default\">\n\t\t\t\t\t<div class=\"elementor-column elementor-col-100 elementor-top-column elementor-element elementor-element-d4566a4\" data-id=\"d4566a4\" data-element_type=\"column\">\n\t\t\t<div class=\"elementor-widget-wrap elementor-element-populated\">\n\t\t\t\t\t\t<div class=\"elementor-element elementor-element-ea96a86 elementor-widget elementor-widget-heading\" data-id=\"ea96a86\" data-element_type=\"widget\" data-widget_type=\"heading.default\">\n\t\t\t\t<div class=\"elementor-widget-container\">\n\t\t\t\t\t<h1 class=\"elementor-heading-title elementor-size-xl\">Complementary Activities<\/h1>\t\t\t\t<\/div>\n\t\t\t\t<\/div>\n\t\t\t\t\t<\/div>\n\t\t<\/div>\n\t\t\t\t\t<\/div>\n\t\t<\/section>\n\t\t\t\t<section class=\"elementor-section elementor-top-section elementor-element elementor-element-56adc83 elementor-section-boxed elementor-section-height-default elementor-section-height-default\" data-id=\"56adc83\" data-element_type=\"section\">\n\t\t\t\t\t\t<div class=\"elementor-container elementor-column-gap-default\">\n\t\t\t\t\t<div class=\"elementor-column elementor-col-100 elementor-top-column elementor-element elementor-element-98f50b6\" data-id=\"98f50b6\" data-element_type=\"column\">\n\t\t\t<div class=\"elementor-widget-wrap elementor-element-populated\">\n\t\t\t\t\t\t<div class=\"elementor-element elementor-element-d0cdc5a elementor-widget elementor-widget-spacer\" data-id=\"d0cdc5a\" data-element_type=\"widget\" data-widget_type=\"spacer.default\">\n\t\t\t\t<div class=\"elementor-widget-container\">\n\t\t\t\t\t\t\t<div class=\"elementor-spacer\">\n\t\t\t<div class=\"elementor-spacer-inner\"><\/div>\n\t\t<\/div>\n\t\t\t\t\t\t<\/div>\n\t\t\t\t<\/div>\n\t\t\t\t<section class=\"elementor-section elementor-inner-section elementor-element elementor-element-8c402a6 elementor-section-boxed elementor-section-height-default elementor-section-height-default\" data-id=\"8c402a6\" data-element_type=\"section\">\n\t\t\t\t\t\t<div class=\"elementor-container elementor-column-gap-default\">\n\t\t\t\t\t<div class=\"elementor-column elementor-col-100 elementor-inner-column elementor-element elementor-element-e778450\" data-id=\"e778450\" data-element_type=\"column\">\n\t\t\t<div class=\"elementor-widget-wrap elementor-element-populated\">\n\t\t\t\t\t\t<div class=\"elementor-element elementor-element-15b0fb5 elementor-widget elementor-widget-text-editor\" data-id=\"15b0fb5\" data-element_type=\"widget\" data-widget_type=\"text-editor.default\">\n\t\t\t\t<div class=\"elementor-widget-container\">\n\t\t\t\t\t\t\t\t\t<p>Throughout the year, the ICIP organizes small-format reflection activities, such as gatherings and analysis sessions, for a specialized public, which allows them to delve deeper into the issues raised.<\/p><p>These are the activities focused on peacebuilding\u00a0 in Mexico.<\/p>\t\t\t\t\t\t\t\t<\/div>\n\t\t\t\t<\/div>\n\t\t\t\t\t<\/div>\n\t\t<\/div>\n\t\t\t\t\t<\/div>\n\t\t<\/section>\n\t\t\t\t<div class=\"elementor-element elementor-element-4c79cc0 elementor-widget elementor-widget-heading\" data-id=\"4c79cc0\" data-element_type=\"widget\" id=\"colombia\" data-widget_type=\"heading.default\">\n\t\t\t\t<div class=\"elementor-widget-container\">\n\t\t\t\t\t<h2 class=\"elementor-heading-title elementor-size-default\">Indigenous resistance to organized crime and megaprojects<\/h2>\t\t\t\t<\/div>\n\t\t\t\t<\/div>\n\t\t\t\t<div class=\"elementor-element elementor-element-fc51ce9 elementor-widget elementor-widget-text-editor\" data-id=\"fc51ce9\" data-element_type=\"widget\" data-widget_type=\"text-editor.default\">\n\t\t\t\t<div class=\"elementor-widget-container\">\n\t\t\t\t\t\t\t\t\t<p>On October 18, 2023, together with the Taula per M\u00e8xic and the Plataforma para la Construcci\u00f3n de Paz en M\u00e9xico, ICIP convened a colloquium with representatives of the National Indigenous Council (CNI) and the Centro de Derechos Humanos Fray Bartolom\u00e9 de Las Casas, AC (Frayba) to discuss the growing pressures that many Indigenous communities in Mexico are experiencing, to understand the dynamics of violence they face and to highlight the mechanisms of peaceful resistance that many of these communities they build to prevent attacks and defend their rights.<\/p><p>The colloquium brought together twenty people from the field of human rights defence and peacebuilding and experts in Latin America, both from the social and institutional fields.<\/p><p><strong>Amaidaly Mart\u00ednez Flores<\/strong>, O<strong>scar Espino Vazquez<\/strong> and <strong>Guadalupe Moshan<\/strong> spoke as speakers.<\/p>\t\t\t\t\t\t\t\t<\/div>\n\t\t\t\t<\/div>\n\t\t\t\t<div class=\"elementor-element elementor-element-6b975c8 elementor-widget elementor-widget-gallery\" data-id=\"6b975c8\" data-element_type=\"widget\" data-settings=\"{&quot;columns&quot;:2,&quot;lazyload&quot;:&quot;yes&quot;,&quot;gallery_layout&quot;:&quot;grid&quot;,&quot;columns_tablet&quot;:2,&quot;columns_mobile&quot;:1,&quot;gap&quot;:{&quot;unit&quot;:&quot;px&quot;,&quot;size&quot;:10,&quot;sizes&quot;:[]},&quot;gap_tablet&quot;:{&quot;unit&quot;:&quot;px&quot;,&quot;size&quot;:10,&quot;sizes&quot;:[]},&quot;gap_mobile&quot;:{&quot;unit&quot;:&quot;px&quot;,&quot;size&quot;:10,&quot;sizes&quot;:[]},&quot;link_to&quot;:&quot;file&quot;,&quot;aspect_ratio&quot;:&quot;3:2&quot;,&quot;overlay_background&quot;:&quot;yes&quot;,&quot;content_hover_animation&quot;:&quot;fade-in&quot;}\" data-widget_type=\"gallery.default\">\n\t\t\t\t<div class=\"elementor-widget-container\">\n\t\t\t\t\t\t\t<div class=\"elementor-gallery__container\">\n\t\t\t\t\t\t\t<a class=\"e-gallery-item elementor-gallery-item elementor-animated-content\" href=\"https:\/\/www.icip.cat\/wp-content\/uploads\/2024\/07\/Mexic-1-scaled.jpg\" data-elementor-open-lightbox=\"yes\" data-elementor-lightbox-slideshow=\"6b975c8\" data-elementor-lightbox-title=\"M\u00e9xic 1\" data-e-action-hash=\"#elementor-action%3Aaction%3Dlightbox%26settings%3DeyJpZCI6NDc5MzcsInVybCI6Imh0dHBzOlwvXC93d3cuaWNpcC5jYXRcL3dwLWNvbnRlbnRcL3VwbG9hZHNcLzIwMjRcLzA3XC9NZXhpYy0xLXNjYWxlZC5qcGciLCJzbGlkZXNob3ciOiI2Yjk3NWM4In0%3D\">\n\t\t\t\t\t<div class=\"e-gallery-image elementor-gallery-item__image\" data-thumbnail=\"https:\/\/www.icip.cat\/wp-content\/uploads\/2024\/07\/Mexic-1-1024x683.jpg\" data-width=\"640\" data-height=\"427\" aria-label=\"\" role=\"img\" ><\/div>\n\t\t\t\t\t\t\t\t\t\t\t<div class=\"elementor-gallery-item__overlay\"><\/div>\n\t\t\t\t\t\t\t\t\t\t\t\t\t\t<\/a>\n\t\t\t\t\t\t\t<a class=\"e-gallery-item elementor-gallery-item elementor-animated-content\" href=\"https:\/\/www.icip.cat\/wp-content\/uploads\/2024\/07\/Mexic-2.jpg\" data-elementor-open-lightbox=\"yes\" data-elementor-lightbox-slideshow=\"6b975c8\" data-elementor-lightbox-title=\"M\u00e8xic 2\" data-e-action-hash=\"#elementor-action%3Aaction%3Dlightbox%26settings%3DeyJpZCI6NDc5NDAsInVybCI6Imh0dHBzOlwvXC93d3cuaWNpcC5jYXRcL3dwLWNvbnRlbnRcL3VwbG9hZHNcLzIwMjRcLzA3XC9NZXhpYy0yLmpwZyIsInNsaWRlc2hvdyI6IjZiOTc1YzgifQ%3D%3D\">\n\t\t\t\t\t<div class=\"e-gallery-image elementor-gallery-item__image\" data-thumbnail=\"https:\/\/www.icip.cat\/wp-content\/uploads\/2024\/07\/Mexic-2-1024x655.jpg\" data-width=\"640\" data-height=\"409\" aria-label=\"\" role=\"img\" ><\/div>\n\t\t\t\t\t\t\t\t\t\t\t<div class=\"elementor-gallery-item__overlay\"><\/div>\n\t\t\t\t\t\t\t\t\t\t\t\t\t\t<\/a>\n\t\t\t\t\t<\/div>\n\t\t\t\t\t<\/div>\n\t\t\t\t<\/div>\n\t\t\t\t<div class=\"elementor-element elementor-element-48cb4f7 elementor-widget-divider--view-line elementor-widget elementor-widget-divider\" data-id=\"48cb4f7\" data-element_type=\"widget\" data-widget_type=\"divider.default\">\n\t\t\t\t<div class=\"elementor-widget-container\">\n\t\t\t\t\t\t\t<div class=\"elementor-divider\">\n\t\t\t<span class=\"elementor-divider-separator\">\n\t\t\t\t\t\t<\/span>\n\t\t<\/div>\n\t\t\t\t\t\t<\/div>\n\t\t\t\t<\/div>\n\t\t\t\t<div class=\"elementor-element elementor-element-17a606d elementor-widget elementor-widget-heading\" data-id=\"17a606d\" data-element_type=\"widget\" data-widget_type=\"heading.default\">\n\t\t\t\t<div class=\"elementor-widget-container\">\n\t\t\t\t\t<h2 class=\"elementor-heading-title elementor-size-default\">Disappear in Mexico. Violence, vulnerability, resilience and support networks<\/h2>\t\t\t\t<\/div>\n\t\t\t\t<\/div>\n\t\t\t\t<div class=\"elementor-element elementor-element-d087e05 elementor-widget elementor-widget-text-editor\" data-id=\"d087e05\" data-element_type=\"widget\" data-widget_type=\"text-editor.default\">\n\t\t\t\t<div class=\"elementor-widget-container\">\n\t\t\t\t\t\t\t\t\t<p>On November 11, 2019, Dr. <strong>Karla Salazar Serna<\/strong> presented the psychosocial aspects of accompanying searchers in Mexico, emphasizing the resilience processes set in motion when emotional support for victims is present.<\/p><p>On this same subject, she wrote the article <em>A Resilient Hug. The relevance of accompaniment in cases of enforced disappearance<\/em>, published in the magazine Per la Pau of the ICIP.<\/p>\t\t\t\t\t\t\t\t<\/div>\n\t\t\t\t<\/div>\n\t\t\t\t<div class=\"elementor-element elementor-element-ed35c6e elementor-widget-divider--view-line elementor-widget elementor-widget-divider\" data-id=\"ed35c6e\" data-element_type=\"widget\" data-widget_type=\"divider.default\">\n\t\t\t\t<div class=\"elementor-widget-container\">\n\t\t\t\t\t\t\t<div class=\"elementor-divider\">\n\t\t\t<span class=\"elementor-divider-separator\">\n\t\t\t\t\t\t<\/span>\n\t\t<\/div>\n\t\t\t\t\t\t<\/div>\n\t\t\t\t<\/div>\n\t\t\t\t<div class=\"elementor-element elementor-element-ee9b627 elementor-widget elementor-widget-heading\" data-id=\"ee9b627\" data-element_type=\"widget\" data-widget_type=\"heading.default\">\n\t\t\t\t<div class=\"elementor-widget-container\">\n\t\t\t\t\t<h2 class=\"elementor-heading-title elementor-size-default\">Building peace in Mexico: what role for the European Union?<\/h2>\t\t\t\t<\/div>\n\t\t\t\t<\/div>\n\t\t\t\t<div class=\"elementor-element elementor-element-01e4922 elementor-widget elementor-widget-text-editor\" data-id=\"01e4922\" data-element_type=\"widget\" data-widget_type=\"text-editor.default\">\n\t\t\t\t<div class=\"elementor-widget-container\">\n\t\t\t\t\t\t\t\t\t<p>As a preliminary activity of the International Forum for the Construction of Peace in Mexico, on July 9, 2019, the ICIP organized a reflection session with <strong>Josep-Maria Terricabras,<\/strong> a former member of the European Parliament who is highly committed to peace and human rights in Mexico.<\/p><p>The session&#8217;s main focus was a conversation about the significant role of the European Union in this matter.<\/p><p>The event was co-organized with the Taula per M\u00e8xic and Serapaz.<\/p>\t\t\t\t\t\t\t\t<\/div>\n\t\t\t\t<\/div>\n\t\t\t\t<div class=\"elementor-element elementor-element-b532b70 elementor-widget-divider--view-line elementor-widget elementor-widget-divider\" data-id=\"b532b70\" data-element_type=\"widget\" data-widget_type=\"divider.default\">\n\t\t\t\t<div class=\"elementor-widget-container\">\n\t\t\t\t\t\t\t<div class=\"elementor-divider\">\n\t\t\t<span class=\"elementor-divider-separator\">\n\t\t\t\t\t\t<\/span>\n\t\t<\/div>\n\t\t\t\t\t\t<\/div>\n\t\t\t\t<\/div>\n\t\t\t\t<div class=\"elementor-element elementor-element-701ca35 elementor-widget elementor-widget-heading\" data-id=\"701ca35\" data-element_type=\"widget\" data-widget_type=\"heading.default\">\n\t\t\t\t<div class=\"elementor-widget-container\">\n\t\t\t\t\t<h2 class=\"elementor-heading-title elementor-size-default\">Silence is not an option: strategies of solidarity with Mexico from Barcelona<\/h2>\t\t\t\t<\/div>\n\t\t\t\t<\/div>\n\t\t\t\t<div class=\"elementor-element elementor-element-8c54537 elementor-widget elementor-widget-text-editor\" data-id=\"8c54537\" data-element_type=\"widget\" data-widget_type=\"text-editor.default\">\n\t\t\t\t<div class=\"elementor-widget-container\">\n\t\t\t\t\t\t\t\t\t<p>On May 29, 2019, the ICIP hosted the presentation of the report <em>Silence is not an option<\/em>, a publication that describes the severe attacks against freedom of the press and expression in Mexico and the risks assumed by the country&#8217;s journalists who cover issues such as links between criminal organizations and public authorities, social struggles, human rights violations linked to megaprojects or extractive industries, the search for missing persons, etc.<\/p><p>The event featured <strong>Dami\u00e1n Gallardo<\/strong>, a Mexican writer and activist; <strong>Montse Santolino<\/strong>, the head of communication at Ladefe.cat; <strong>Xavier Gir\u00f3<\/strong>, director of the Conflict Coverage Observatory of the Universitat Aut\u00f2noma d Barcelona (UAB); and <strong>Majo Siscar<\/strong>, journalist and member of the Taula per M\u00e8xic.<\/p>\t\t\t\t\t\t\t\t<\/div>\n\t\t\t\t<\/div>\n\t\t\t\t<div class=\"elementor-element elementor-element-51e5fe5 elementor-widget-divider--view-line elementor-widget elementor-widget-divider\" data-id=\"51e5fe5\" data-element_type=\"widget\" data-widget_type=\"divider.default\">\n\t\t\t\t<div class=\"elementor-widget-container\">\n\t\t\t\t\t\t\t<div class=\"elementor-divider\">\n\t\t\t<span class=\"elementor-divider-separator\">\n\t\t\t\t\t\t<\/span>\n\t\t<\/div>\n\t\t\t\t\t\t<\/div>\n\t\t\t\t<\/div>\n\t\t\t\t<div class=\"elementor-element elementor-element-1b270c7 elementor-widget elementor-widget-heading\" data-id=\"1b270c7\" data-element_type=\"widget\" data-widget_type=\"heading.default\">\n\t\t\t\t<div class=\"elementor-widget-container\">\n\t\t\t\t\t<h2 class=\"elementor-heading-title elementor-size-default\">Mexico: human rights, public security and peace in a new political context<\/h2>\t\t\t\t<\/div>\n\t\t\t\t<\/div>\n\t\t\t\t<div class=\"elementor-element elementor-element-985f4cc elementor-widget elementor-widget-text-editor\" data-id=\"985f4cc\" data-element_type=\"widget\" data-widget_type=\"text-editor.default\">\n\t\t\t\t<div class=\"elementor-widget-container\">\n\t\t\t\t\t\t\t\t\t<p><span style=\"box-sizing: border-box; margin: 0px; padding: 0px;\">On January 24, 2019, a few weeks before\u00a0<span style=\"box-sizing: border-box; margin: 0px; padding: 0px;\"><strong>Andr\u00e9s Manuel L\u00f3pez Obrador<\/strong>&#8216;s mandate started, the ICIP and the Taula per M\u00e8xic convened an analysis space on the new political situation and its impact on people&#8217;s rights, public safety,<\/span>\u00a0and peace in the country.<\/span><\/p><p><strong>Karen Taxilaga<\/strong>, defender of human rights, Indigenous peoples, and the environment in the state of Hidalgo; <strong>Mayra Cisneros<\/strong>, journalist from Sinaloa; and <strong>Miriam Ram\u00edrez<\/strong>, journalist from Sinaloa. All three speakers were in Catalonia in temporary accommodation programs for human rights defenders and journalists.<\/p>\t\t\t\t\t\t\t\t<\/div>\n\t\t\t\t<\/div>\n\t\t\t\t<div class=\"elementor-element elementor-element-a7a011d elementor-widget-divider--view-line elementor-widget elementor-widget-divider\" data-id=\"a7a011d\" data-element_type=\"widget\" data-widget_type=\"divider.default\">\n\t\t\t\t<div class=\"elementor-widget-container\">\n\t\t\t\t\t\t\t<div class=\"elementor-divider\">\n\t\t\t<span class=\"elementor-divider-separator\">\n\t\t\t\t\t\t<\/span>\n\t\t<\/div>\n\t\t\t\t\t\t<\/div>\n\t\t\t\t<\/div>\n\t\t\t\t<div class=\"elementor-element elementor-element-67d1d61 elementor-widget elementor-widget-heading\" data-id=\"67d1d61\" data-element_type=\"widget\" data-widget_type=\"heading.default\">\n\t\t\t\t<div class=\"elementor-widget-container\">\n\t\t\t\t\t<h2 class=\"elementor-heading-title elementor-size-default\">Mexico: the security policy under debate<\/h2>\t\t\t\t<\/div>\n\t\t\t\t<\/div>\n\t\t\t\t<div class=\"elementor-element elementor-element-5771a97 elementor-widget elementor-widget-text-editor\" data-id=\"5771a97\" data-element_type=\"widget\" data-widget_type=\"text-editor.default\">\n\t\t\t\t<div class=\"elementor-widget-container\">\n\t\t\t\t\t\t\t\t\t<p>On May 24, 2018, the ICIP organized a conversation with two experts in Mexican security policies: <strong>Luc\u00eda Ch\u00e1vez Vargas<\/strong> from the Mexican Commission for Defense and Promotion of Human Rights and <strong>Raul Ben\u00edtez Manaut<\/strong> from the Collective for Analysis of Security with Democracy (CASEDE).<\/p>\t\t\t\t\t\t\t\t<\/div>\n\t\t\t\t<\/div>\n\t\t\t\t<div class=\"elementor-element elementor-element-2520885 elementor-widget-divider--view-line elementor-widget elementor-widget-divider\" data-id=\"2520885\" data-element_type=\"widget\" data-widget_type=\"divider.default\">\n\t\t\t\t<div class=\"elementor-widget-container\">\n\t\t\t\t\t\t\t<div class=\"elementor-divider\">\n\t\t\t<span class=\"elementor-divider-separator\">\n\t\t\t\t\t\t<\/span>\n\t\t<\/div>\n\t\t\t\t\t\t<\/div>\n\t\t\t\t<\/div>\n\t\t\t\t\t<\/div>\n\t\t<\/div>\n\t\t\t\t\t<\/div>\n\t\t<\/section>\n\t\t\t\t<\/div>\n\t\t","protected":false},"excerpt":{"rendered":"<p>Complementary Activities Throughout the year, the ICIP organizes small-format reflection activities, such as gatherings and analysis sessions, for a specialized public, which allows them to delve deeper into the issues raised. These are the activities focused on peacebuilding\u00a0 in Mexico. Indigenous resistance to organized crime and megaprojects On October 18, 2023, together with the Taula [&hellip;]<\/p>\n","protected":false},"author":4,"featured_media":0,"parent":48184,"menu_order":0,"comment_status":"closed","ping_status":"closed","template":"","meta":{"_acf_changed":false,"footnotes":""},"class_list":["post-48203","page","type-page","status-publish","hentry"],"acf":[],"yoast_head":"<!-- This site is optimized with the Yoast SEO plugin v25.6 - https:\/\/yoast.com\/wordpress\/plugins\/seo\/ -->\n<title>Complementary activities - ICIP<\/title>\n<meta name=\"robots\" content=\"index, follow, max-snippet:-1, max-image-preview:large, max-video-preview:-1\" \/>\n<link rel=\"canonical\" href=\"https:\/\/www.icip.cat\/en\/violence-in-non-war-settings\/complementary-activities\/\" \/>\n<meta property=\"og:locale\" content=\"en_US\" \/>\n<meta property=\"og:type\" content=\"article\" \/>\n<meta property=\"og:title\" content=\"Complementary activities - ICIP\" \/>\n<meta property=\"og:description\" content=\"Complementary Activities Throughout the year, the ICIP organizes small-format reflection activities, such as gatherings and analysis sessions, for a specialized public, which allows them to delve deeper into the issues raised. These are the activities focused on peacebuilding\u00a0 in Mexico. Indigenous resistance to organized crime and megaprojects On October 18, 2023, together with the Taula [&hellip;]\" \/>\n<meta property=\"og:url\" content=\"https:\/\/www.icip.cat\/en\/violence-in-non-war-settings\/complementary-activities\/\" \/>\n<meta property=\"og:site_name\" content=\"ICIP\" \/>\n<meta property=\"article:modified_time\" content=\"2024-07-31T09:49:48+00:00\" \/>\n<meta name=\"twitter:card\" content=\"summary_large_image\" \/>\n<meta name=\"twitter:label1\" content=\"Est. reading time\" \/>\n\t<meta name=\"twitter:data1\" content=\"3 minutes\" \/>\n<script type=\"application\/ld+json\" class=\"yoast-schema-graph\">{\"@context\":\"https:\/\/schema.org\",\"@graph\":[{\"@type\":\"WebPage\",\"@id\":\"https:\/\/www.icip.cat\/en\/violence-in-non-war-settings\/complementary-activities\/\",\"url\":\"https:\/\/www.icip.cat\/en\/violence-in-non-war-settings\/complementary-activities\/\",\"name\":\"Complementary activities - ICIP\",\"isPartOf\":{\"@id\":\"https:\/\/www.icip.cat\/ca\/#website\"},\"datePublished\":\"2024-07-30T11:23:35+00:00\",\"dateModified\":\"2024-07-31T09:49:48+00:00\",\"breadcrumb\":{\"@id\":\"https:\/\/www.icip.cat\/en\/violence-in-non-war-settings\/complementary-activities\/#breadcrumb\"},\"inLanguage\":\"en-US\",\"potentialAction\":[{\"@type\":\"ReadAction\",\"target\":[\"https:\/\/www.icip.cat\/en\/violence-in-non-war-settings\/complementary-activities\/\"]}]},{\"@type\":\"BreadcrumbList\",\"@id\":\"https:\/\/www.icip.cat\/en\/violence-in-non-war-settings\/complementary-activities\/#breadcrumb\",\"itemListElement\":[{\"@type\":\"ListItem\",\"position\":1,\"name\":\"Violence in non-war settings\",\"item\":\"https:\/\/www.icip.cat\/en\/violence-in-non-war-settings\/\"},{\"@type\":\"ListItem\",\"position\":2,\"name\":\"Complementary activities\"}]},{\"@type\":\"WebSite\",\"@id\":\"https:\/\/www.icip.cat\/ca\/#website\",\"url\":\"https:\/\/www.icip.cat\/ca\/\",\"name\":\"ICIP\",\"description\":\"\",\"publisher\":{\"@id\":\"https:\/\/www.icip.cat\/ca\/#organization\"},\"potentialAction\":[{\"@type\":\"SearchAction\",\"target\":{\"@type\":\"EntryPoint\",\"urlTemplate\":\"https:\/\/www.icip.cat\/ca\/?s={search_term_string}\"},\"query-input\":{\"@type\":\"PropertyValueSpecification\",\"valueRequired\":true,\"valueName\":\"search_term_string\"}}],\"inLanguage\":\"en-US\"},{\"@type\":\"Organization\",\"@id\":\"https:\/\/www.icip.cat\/ca\/#organization\",\"name\":\"ICIP\",\"url\":\"https:\/\/www.icip.cat\/ca\/\",\"logo\":{\"@type\":\"ImageObject\",\"inLanguage\":\"en-US\",\"@id\":\"https:\/\/www.icip.cat\/ca\/#\/schema\/logo\/image\/\",\"url\":\"https:\/\/www.icip.cat\/wp-content\/uploads\/2021\/02\/logo-2.png\",\"contentUrl\":\"https:\/\/www.icip.cat\/wp-content\/uploads\/2021\/02\/logo-2.png\",\"width\":562,\"height\":391,\"caption\":\"ICIP\"},\"image\":{\"@id\":\"https:\/\/www.icip.cat\/ca\/#\/schema\/logo\/image\/\"}}]}<\/script>\n<!-- \/ Yoast SEO plugin. -->","yoast_head_json":{"title":"Complementary activities - ICIP","robots":{"index":"index","follow":"follow","max-snippet":"max-snippet:-1","max-image-preview":"max-image-preview:large","max-video-preview":"max-video-preview:-1"},"canonical":"https:\/\/www.icip.cat\/en\/violence-in-non-war-settings\/complementary-activities\/","og_locale":"en_US","og_type":"article","og_title":"Complementary activities - ICIP","og_description":"Complementary Activities Throughout the year, the ICIP organizes small-format reflection activities, such as gatherings and analysis sessions, for a specialized public, which allows them to delve deeper into the issues raised. These are the activities focused on peacebuilding\u00a0 in Mexico. Indigenous resistance to organized crime and megaprojects On October 18, 2023, together with the Taula [&hellip;]","og_url":"https:\/\/www.icip.cat\/en\/violence-in-non-war-settings\/complementary-activities\/","og_site_name":"ICIP","article_modified_time":"2024-07-31T09:49:48+00:00","twitter_card":"summary_large_image","twitter_misc":{"Est. reading time":"3 minutes"},"schema":{"@context":"https:\/\/schema.org","@graph":[{"@type":"WebPage","@id":"https:\/\/www.icip.cat\/en\/violence-in-non-war-settings\/complementary-activities\/","url":"https:\/\/www.icip.cat\/en\/violence-in-non-war-settings\/complementary-activities\/","name":"Complementary activities - ICIP","isPartOf":{"@id":"https:\/\/www.icip.cat\/ca\/#website"},"datePublished":"2024-07-30T11:23:35+00:00","dateModified":"2024-07-31T09:49:48+00:00","breadcrumb":{"@id":"https:\/\/www.icip.cat\/en\/violence-in-non-war-settings\/complementary-activities\/#breadcrumb"},"inLanguage":"en-US","potentialAction":[{"@type":"ReadAction","target":["https:\/\/www.icip.cat\/en\/violence-in-non-war-settings\/complementary-activities\/"]}]},{"@type":"BreadcrumbList","@id":"https:\/\/www.icip.cat\/en\/violence-in-non-war-settings\/complementary-activities\/#breadcrumb","itemListElement":[{"@type":"ListItem","position":1,"name":"Violence in non-war settings","item":"https:\/\/www.icip.cat\/en\/violence-in-non-war-settings\/"},{"@type":"ListItem","position":2,"name":"Complementary activities"}]},{"@type":"WebSite","@id":"https:\/\/www.icip.cat\/ca\/#website","url":"https:\/\/www.icip.cat\/ca\/","name":"ICIP","description":"","publisher":{"@id":"https:\/\/www.icip.cat\/ca\/#organization"},"potentialAction":[{"@type":"SearchAction","target":{"@type":"EntryPoint","urlTemplate":"https:\/\/www.icip.cat\/ca\/?s={search_term_string}"},"query-input":{"@type":"PropertyValueSpecification","valueRequired":true,"valueName":"search_term_string"}}],"inLanguage":"en-US"},{"@type":"Organization","@id":"https:\/\/www.icip.cat\/ca\/#organization","name":"ICIP","url":"https:\/\/www.icip.cat\/ca\/","logo":{"@type":"ImageObject","inLanguage":"en-US","@id":"https:\/\/www.icip.cat\/ca\/#\/schema\/logo\/image\/","url":"https:\/\/www.icip.cat\/wp-content\/uploads\/2021\/02\/logo-2.png","contentUrl":"https:\/\/www.icip.cat\/wp-content\/uploads\/2021\/02\/logo-2.png","width":562,"height":391,"caption":"ICIP"},"image":{"@id":"https:\/\/www.icip.cat\/ca\/#\/schema\/logo\/image\/"}}]}},"_links":{"self":[{"href":"https:\/\/www.icip.cat\/en\/wp-json\/wp\/v2\/pages\/48203","targetHints":{"allow":["GET"]}}],"collection":[{"href":"https:\/\/www.icip.cat\/en\/wp-json\/wp\/v2\/pages"}],"about":[{"href":"https:\/\/www.icip.cat\/en\/wp-json\/wp\/v2\/types\/page"}],"author":[{"embeddable":true,"href":"https:\/\/www.icip.cat\/en\/wp-json\/wp\/v2\/users\/4"}],"replies":[{"embeddable":true,"href":"https:\/\/www.icip.cat\/en\/wp-json\/wp\/v2\/comments?post=48203"}],"version-history":[{"count":5,"href":"https:\/\/www.icip.cat\/en\/wp-json\/wp\/v2\/pages\/48203\/revisions"}],"predecessor-version":[{"id":48275,"href":"https:\/\/www.icip.cat\/en\/wp-json\/wp\/v2\/pages\/48203\/revisions\/48275"}],"up":[{"embeddable":true,"href":"https:\/\/www.icip.cat\/en\/wp-json\/wp\/v2\/pages\/48184"}],"wp:attachment":[{"href":"https:\/\/www.icip.cat\/en\/wp-json\/wp\/v2\/media?parent=48203"}],"curies":[{"name":"wp","href":"https:\/\/api.w.org\/{rel}","templated":true}]}}