{"id":55109,"date":"2025-07-04T11:07:02","date_gmt":"2025-07-04T11:07:02","guid":{"rendered":"https:\/\/www.icip.cat\/?page_id=55109"},"modified":"2025-07-04T11:12:37","modified_gmt":"2025-07-04T11:12:37","slug":"other-titles","status":"publish","type":"page","link":"https:\/\/www.icip.cat\/en\/other-titles\/","title":{"rendered":"Other titles"},"content":{"rendered":"\t\t<div data-elementor-type=\"wp-page\" data-elementor-id=\"55109\" class=\"elementor elementor-55109 elementor-51301\" data-elementor-post-type=\"page\">\n\t\t\t\t\t\t<section class=\"elementor-section elementor-top-section elementor-element elementor-element-c96dfeb elementor-section-boxed elementor-section-height-default elementor-section-height-default\" data-id=\"c96dfeb\" data-element_type=\"section\" data-settings=\"{&quot;background_background&quot;:&quot;classic&quot;}\">\n\t\t\t\t\t\t\t<div class=\"elementor-background-overlay\"><\/div>\n\t\t\t\t\t\t\t<div class=\"elementor-container elementor-column-gap-default\">\n\t\t\t\t\t<div class=\"elementor-column elementor-col-100 elementor-top-column elementor-element elementor-element-306c921\" data-id=\"306c921\" data-element_type=\"column\">\n\t\t\t<div class=\"elementor-widget-wrap elementor-element-populated\">\n\t\t\t\t\t\t<div class=\"elementor-element elementor-element-5872114 elementor-widget elementor-widget-heading\" data-id=\"5872114\" data-element_type=\"widget\" data-widget_type=\"heading.default\">\n\t\t\t\t<div class=\"elementor-widget-container\">\n\t\t\t\t\t<h1 class=\"elementor-heading-title elementor-size-default\">Other titles<\/h1>\t\t\t\t<\/div>\n\t\t\t\t<\/div>\n\t\t\t\t\t<\/div>\n\t\t<\/div>\n\t\t\t\t\t<\/div>\n\t\t<\/section>\n\t\t\t\t<section class=\"elementor-section elementor-top-section elementor-element elementor-element-60ac567 elementor-section-boxed elementor-section-height-default elementor-section-height-default\" data-id=\"60ac567\" data-element_type=\"section\" data-settings=\"{&quot;background_background&quot;:&quot;classic&quot;}\">\n\t\t\t\t\t\t<div class=\"elementor-container elementor-column-gap-default\">\n\t\t\t\t\t<div class=\"elementor-column elementor-col-100 elementor-top-column elementor-element elementor-element-55ee9e6\" data-id=\"55ee9e6\" data-element_type=\"column\">\n\t\t\t<div class=\"elementor-widget-wrap elementor-element-populated\">\n\t\t\t\t\t\t<div class=\"elementor-element elementor-element-c80839f elementor-widget elementor-widget-spacer\" data-id=\"c80839f\" data-element_type=\"widget\" data-widget_type=\"spacer.default\">\n\t\t\t\t<div class=\"elementor-widget-container\">\n\t\t\t\t\t\t\t<div class=\"elementor-spacer\">\n\t\t\t<div class=\"elementor-spacer-inner\"><\/div>\n\t\t<\/div>\n\t\t\t\t\t\t<\/div>\n\t\t\t\t<\/div>\n\t\t\t\t<section class=\"elementor-section elementor-inner-section elementor-element elementor-element-6e7d2be elementor-section-boxed elementor-section-height-default elementor-section-height-default\" data-id=\"6e7d2be\" data-element_type=\"section\">\n\t\t\t\t\t\t<div class=\"elementor-container elementor-column-gap-default\">\n\t\t\t\t\t<div class=\"elementor-column elementor-col-100 elementor-inner-column elementor-element elementor-element-e2b0828\" data-id=\"e2b0828\" data-element_type=\"column\">\n\t\t\t<div class=\"elementor-widget-wrap elementor-element-populated\">\n\t\t\t\t\t\t<div class=\"elementor-element elementor-element-a7cd725 elementor-widget elementor-widget-text-editor\" data-id=\"a7cd725\" data-element_type=\"widget\" data-widget_type=\"text-editor.default\">\n\t\t\t\t<div class=\"elementor-widget-container\">\n\t\t\t\t\t\t\t\t\t<p>In addition to the permanent collections, the ICIP publishes titles related to the theme of culture of peace in collaboration with various publishers.<\/p>\t\t\t\t\t\t\t\t<\/div>\n\t\t\t\t<\/div>\n\t\t\t\t<div class=\"elementor-element elementor-element-3fb570f elementor-widget elementor-widget-spacer\" data-id=\"3fb570f\" data-element_type=\"widget\" data-widget_type=\"spacer.default\">\n\t\t\t\t<div class=\"elementor-widget-container\">\n\t\t\t\t\t\t\t<div class=\"elementor-spacer\">\n\t\t\t<div class=\"elementor-spacer-inner\"><\/div>\n\t\t<\/div>\n\t\t\t\t\t\t<\/div>\n\t\t\t\t<\/div>\n\t\t\t\t\t<\/div>\n\t\t<\/div>\n\t\t\t\t\t<\/div>\n\t\t<\/section>\n\t\t\t\t\t<\/div>\n\t\t<\/div>\n\t\t\t\t\t<\/div>\n\t\t<\/section>\n\t\t\t\t<section class=\"elementor-section elementor-top-section elementor-element elementor-element-db9b9b9 elementor-section-boxed elementor-section-height-default elementor-section-height-default\" data-id=\"db9b9b9\" data-element_type=\"section\">\n\t\t\t\t\t\t<div class=\"elementor-container elementor-column-gap-default\">\n\t\t\t\t\t<div class=\"elementor-column elementor-col-100 elementor-top-column elementor-element elementor-element-27ddb9a\" data-id=\"27ddb9a\" data-element_type=\"column\">\n\t\t\t<div class=\"elementor-widget-wrap elementor-element-populated\">\n\t\t\t\t\t\t<div class=\"elementor-element elementor-element-4d829d6 elementor-widget elementor-widget-icip-publicationlisting\" data-id=\"4d829d6\" data-element_type=\"widget\" data-widget_type=\"icip-publicationlisting.default\">\n\t\t\t\t<div class=\"elementor-widget-container\">\n\t\t\t\t\t<div class=\"block-publication-listing\"  data-view-type=\"cover\"><div class=\"list\"><article class=\"entry\"><a href=\"https:\/\/www.icip.cat\/en\/publication\/abolicio-politiques-practiques-promeses\/\" class=\"link\" title=\"Abolici\u00f3. Pol\u00edtiques, pr\u00e0ctiques, promeses\"><div class=\"image\"><img fetchpriority=\"high\" decoding=\"async\" width=\"400\" height=\"570\" src=\"https:\/\/www.icip.cat\/wp-content\/uploads\/2025\/01\/abolicio-tigredepaper-400x570.jpg\" class=\"attachment-publicationlisting-thumbnail size-publicationlisting-thumbnail wp-post-image\" alt=\"\" \/><\/div><div class=\"details\"><h2 class=\"title\">Abolici\u00f3. Pol\u00edtiques, pr\u00e0ctiques, promeses<\/h2><\/div><\/a><\/article><\/div><\/div>\t\t\t\t<\/div>\n\t\t\t\t<\/div>\n\t\t\t\t\t<\/div>\n\t\t<\/div>\n\t\t\t\t\t<\/div>\n\t\t<\/section>\n\t\t\t\t<section class=\"elementor-section elementor-top-section elementor-element elementor-element-9e725e8 elementor-section-boxed elementor-section-height-default elementor-section-height-default\" data-id=\"9e725e8\" data-element_type=\"section\">\n\t\t\t\t\t\t<div class=\"elementor-container elementor-column-gap-default\">\n\t\t\t\t\t<div class=\"elementor-column elementor-col-100 elementor-top-column elementor-element elementor-element-c3d11d9\" data-id=\"c3d11d9\" data-element_type=\"column\">\n\t\t\t<div class=\"elementor-widget-wrap elementor-element-populated\">\n\t\t\t\t\t\t<div class=\"elementor-element elementor-element-7569425 elementor-widget elementor-widget-spacer\" data-id=\"7569425\" data-element_type=\"widget\" data-widget_type=\"spacer.default\">\n\t\t\t\t<div class=\"elementor-widget-container\">\n\t\t\t\t\t\t\t<div class=\"elementor-spacer\">\n\t\t\t<div class=\"elementor-spacer-inner\"><\/div>\n\t\t<\/div>\n\t\t\t\t\t\t<\/div>\n\t\t\t\t<\/div>\n\t\t\t\t\t<\/div>\n\t\t<\/div>\n\t\t\t\t\t<\/div>\n\t\t<\/section>\n\t\t\t\t<\/div>\n\t\t","protected":false},"excerpt":{"rendered":"<p>Other titles In addition to the permanent collections, the ICIP publishes titles related to the theme of culture of peace in collaboration with various publishers. Abolici\u00f3. Pol\u00edtiques, pr\u00e0ctiques, promeses<\/p>\n","protected":false},"author":4,"featured_media":0,"parent":0,"menu_order":0,"comment_status":"closed","ping_status":"closed","template":"","meta":{"_acf_changed":false,"footnotes":""},"class_list":["post-55109","page","type-page","status-publish","hentry"],"acf":[],"yoast_head":"<!-- This site is optimized with the Yoast SEO plugin v25.6 - https:\/\/yoast.com\/wordpress\/plugins\/seo\/ -->\n<title>Other titles - ICIP<\/title>\n<meta name=\"robots\" content=\"index, follow, max-snippet:-1, max-image-preview:large, max-video-preview:-1\" \/>\n<link rel=\"canonical\" href=\"https:\/\/www.icip.cat\/en\/other-titles\/\" \/>\n<meta property=\"og:locale\" content=\"en_US\" \/>\n<meta property=\"og:type\" content=\"article\" \/>\n<meta property=\"og:title\" content=\"Other titles - ICIP\" \/>\n<meta property=\"og:description\" content=\"Other titles In addition to the permanent collections, the ICIP publishes titles related to the theme of culture of peace in collaboration with various publishers. Abolici\u00f3. Pol\u00edtiques, pr\u00e0ctiques, promeses\" \/>\n<meta property=\"og:url\" content=\"https:\/\/www.icip.cat\/en\/other-titles\/\" \/>\n<meta property=\"og:site_name\" content=\"ICIP\" \/>\n<meta property=\"article:modified_time\" content=\"2025-07-04T11:12:37+00:00\" \/>\n<meta property=\"og:image\" content=\"https:\/\/www.icip.cat\/wp-content\/uploads\/2025\/01\/abolicio-tigredepaper-400x570.jpg\" \/>\n<meta name=\"twitter:card\" content=\"summary_large_image\" \/>\n<meta name=\"twitter:label1\" content=\"Est. reading time\" \/>\n\t<meta name=\"twitter:data1\" content=\"1 minute\" \/>\n<script type=\"application\/ld+json\" class=\"yoast-schema-graph\">{\"@context\":\"https:\/\/schema.org\",\"@graph\":[{\"@type\":\"WebPage\",\"@id\":\"https:\/\/www.icip.cat\/en\/other-titles\/\",\"url\":\"https:\/\/www.icip.cat\/en\/other-titles\/\",\"name\":\"Other titles - ICIP\",\"isPartOf\":{\"@id\":\"https:\/\/www.icip.cat\/ca\/#website\"},\"primaryImageOfPage\":{\"@id\":\"https:\/\/www.icip.cat\/en\/other-titles\/#primaryimage\"},\"image\":{\"@id\":\"https:\/\/www.icip.cat\/en\/other-titles\/#primaryimage\"},\"thumbnailUrl\":\"https:\/\/www.icip.cat\/wp-content\/uploads\/2025\/01\/abolicio-tigredepaper-400x570.jpg\",\"datePublished\":\"2025-07-04T11:07:02+00:00\",\"dateModified\":\"2025-07-04T11:12:37+00:00\",\"inLanguage\":\"en-US\",\"potentialAction\":[{\"@type\":\"ReadAction\",\"target\":[\"https:\/\/www.icip.cat\/en\/other-titles\/\"]}]},{\"@type\":\"ImageObject\",\"inLanguage\":\"en-US\",\"@id\":\"https:\/\/www.icip.cat\/en\/other-titles\/#primaryimage\",\"url\":\"https:\/\/www.icip.cat\/wp-content\/uploads\/2025\/01\/abolicio-tigredepaper-400x570.jpg\",\"contentUrl\":\"https:\/\/www.icip.cat\/wp-content\/uploads\/2025\/01\/abolicio-tigredepaper-400x570.jpg\"},{\"@type\":\"WebSite\",\"@id\":\"https:\/\/www.icip.cat\/ca\/#website\",\"url\":\"https:\/\/www.icip.cat\/ca\/\",\"name\":\"ICIP\",\"description\":\"\",\"publisher\":{\"@id\":\"https:\/\/www.icip.cat\/ca\/#organization\"},\"potentialAction\":[{\"@type\":\"SearchAction\",\"target\":{\"@type\":\"EntryPoint\",\"urlTemplate\":\"https:\/\/www.icip.cat\/ca\/?s={search_term_string}\"},\"query-input\":{\"@type\":\"PropertyValueSpecification\",\"valueRequired\":true,\"valueName\":\"search_term_string\"}}],\"inLanguage\":\"en-US\"},{\"@type\":\"Organization\",\"@id\":\"https:\/\/www.icip.cat\/ca\/#organization\",\"name\":\"ICIP\",\"url\":\"https:\/\/www.icip.cat\/ca\/\",\"logo\":{\"@type\":\"ImageObject\",\"inLanguage\":\"en-US\",\"@id\":\"https:\/\/www.icip.cat\/ca\/#\/schema\/logo\/image\/\",\"url\":\"https:\/\/www.icip.cat\/wp-content\/uploads\/2021\/02\/logo-2.png\",\"contentUrl\":\"https:\/\/www.icip.cat\/wp-content\/uploads\/2021\/02\/logo-2.png\",\"width\":562,\"height\":391,\"caption\":\"ICIP\"},\"image\":{\"@id\":\"https:\/\/www.icip.cat\/ca\/#\/schema\/logo\/image\/\"}}]}<\/script>\n<!-- \/ Yoast SEO plugin. -->","yoast_head_json":{"title":"Other titles - ICIP","robots":{"index":"index","follow":"follow","max-snippet":"max-snippet:-1","max-image-preview":"max-image-preview:large","max-video-preview":"max-video-preview:-1"},"canonical":"https:\/\/www.icip.cat\/en\/other-titles\/","og_locale":"en_US","og_type":"article","og_title":"Other titles - ICIP","og_description":"Other titles In addition to the permanent collections, the ICIP publishes titles related to the theme of culture of peace in collaboration with various publishers. Abolici\u00f3. Pol\u00edtiques, pr\u00e0ctiques, promeses","og_url":"https:\/\/www.icip.cat\/en\/other-titles\/","og_site_name":"ICIP","article_modified_time":"2025-07-04T11:12:37+00:00","og_image":[{"url":"https:\/\/www.icip.cat\/wp-content\/uploads\/2025\/01\/abolicio-tigredepaper-400x570.jpg","type":"","width":"","height":""}],"twitter_card":"summary_large_image","twitter_misc":{"Est. reading time":"1 minute"},"schema":{"@context":"https:\/\/schema.org","@graph":[{"@type":"WebPage","@id":"https:\/\/www.icip.cat\/en\/other-titles\/","url":"https:\/\/www.icip.cat\/en\/other-titles\/","name":"Other titles - ICIP","isPartOf":{"@id":"https:\/\/www.icip.cat\/ca\/#website"},"primaryImageOfPage":{"@id":"https:\/\/www.icip.cat\/en\/other-titles\/#primaryimage"},"image":{"@id":"https:\/\/www.icip.cat\/en\/other-titles\/#primaryimage"},"thumbnailUrl":"https:\/\/www.icip.cat\/wp-content\/uploads\/2025\/01\/abolicio-tigredepaper-400x570.jpg","datePublished":"2025-07-04T11:07:02+00:00","dateModified":"2025-07-04T11:12:37+00:00","inLanguage":"en-US","potentialAction":[{"@type":"ReadAction","target":["https:\/\/www.icip.cat\/en\/other-titles\/"]}]},{"@type":"ImageObject","inLanguage":"en-US","@id":"https:\/\/www.icip.cat\/en\/other-titles\/#primaryimage","url":"https:\/\/www.icip.cat\/wp-content\/uploads\/2025\/01\/abolicio-tigredepaper-400x570.jpg","contentUrl":"https:\/\/www.icip.cat\/wp-content\/uploads\/2025\/01\/abolicio-tigredepaper-400x570.jpg"},{"@type":"WebSite","@id":"https:\/\/www.icip.cat\/ca\/#website","url":"https:\/\/www.icip.cat\/ca\/","name":"ICIP","description":"","publisher":{"@id":"https:\/\/www.icip.cat\/ca\/#organization"},"potentialAction":[{"@type":"SearchAction","target":{"@type":"EntryPoint","urlTemplate":"https:\/\/www.icip.cat\/ca\/?s={search_term_string}"},"query-input":{"@type":"PropertyValueSpecification","valueRequired":true,"valueName":"search_term_string"}}],"inLanguage":"en-US"},{"@type":"Organization","@id":"https:\/\/www.icip.cat\/ca\/#organization","name":"ICIP","url":"https:\/\/www.icip.cat\/ca\/","logo":{"@type":"ImageObject","inLanguage":"en-US","@id":"https:\/\/www.icip.cat\/ca\/#\/schema\/logo\/image\/","url":"https:\/\/www.icip.cat\/wp-content\/uploads\/2021\/02\/logo-2.png","contentUrl":"https:\/\/www.icip.cat\/wp-content\/uploads\/2021\/02\/logo-2.png","width":562,"height":391,"caption":"ICIP"},"image":{"@id":"https:\/\/www.icip.cat\/ca\/#\/schema\/logo\/image\/"}}]}},"_links":{"self":[{"href":"https:\/\/www.icip.cat\/en\/wp-json\/wp\/v2\/pages\/55109","targetHints":{"allow":["GET"]}}],"collection":[{"href":"https:\/\/www.icip.cat\/en\/wp-json\/wp\/v2\/pages"}],"about":[{"href":"https:\/\/www.icip.cat\/en\/wp-json\/wp\/v2\/types\/page"}],"author":[{"embeddable":true,"href":"https:\/\/www.icip.cat\/en\/wp-json\/wp\/v2\/users\/4"}],"replies":[{"embeddable":true,"href":"https:\/\/www.icip.cat\/en\/wp-json\/wp\/v2\/comments?post=55109"}],"version-history":[{"count":8,"href":"https:\/\/www.icip.cat\/en\/wp-json\/wp\/v2\/pages\/55109\/revisions"}],"predecessor-version":[{"id":55117,"href":"https:\/\/www.icip.cat\/en\/wp-json\/wp\/v2\/pages\/55109\/revisions\/55117"}],"wp:attachment":[{"href":"https:\/\/www.icip.cat\/en\/wp-json\/wp\/v2\/media?parent=55109"}],"curies":[{"name":"wp","href":"https:\/\/api.w.org\/{rel}","templated":true}]}}