{"id":56266,"date":"2025-08-05T07:32:49","date_gmt":"2025-08-05T07:32:49","guid":{"rendered":"https:\/\/www.icip.cat\/art-culture-and-peace\/jornades-i-activitats\/"},"modified":"2025-08-08T10:00:38","modified_gmt":"2025-08-08T10:00:38","slug":"events-and-activities","status":"publish","type":"page","link":"https:\/\/www.icip.cat\/en\/art-culture-and-peace\/events-and-activities\/","title":{"rendered":"Events and Activities"},"content":{"rendered":"\t\t<div data-elementor-type=\"wp-page\" data-elementor-id=\"56266\" class=\"elementor elementor-56266 elementor-55907\" data-elementor-post-type=\"page\">\n\t\t\t\t\t\t<section class=\"elementor-section elementor-top-section elementor-element elementor-element-3922a8d elementor-section-boxed elementor-section-height-default elementor-section-height-default\" data-id=\"3922a8d\" data-element_type=\"section\" data-settings=\"{&quot;background_background&quot;:&quot;classic&quot;}\">\n\t\t\t\t\t\t\t<div class=\"elementor-background-overlay\"><\/div>\n\t\t\t\t\t\t\t<div class=\"elementor-container elementor-column-gap-default\">\n\t\t\t\t\t<div class=\"elementor-column elementor-col-100 elementor-top-column elementor-element elementor-element-fb57e60\" data-id=\"fb57e60\" data-element_type=\"column\">\n\t\t\t<div class=\"elementor-widget-wrap elementor-element-populated\">\n\t\t\t\t\t\t<div class=\"elementor-element elementor-element-371b91e elementor-widget elementor-widget-heading\" data-id=\"371b91e\" data-element_type=\"widget\" data-widget_type=\"heading.default\">\n\t\t\t\t<div class=\"elementor-widget-container\">\n\t\t\t\t\t<h1 class=\"elementor-heading-title elementor-size-default\">Events and Activities <\/h1>\t\t\t\t<\/div>\n\t\t\t\t<\/div>\n\t\t\t\t\t<\/div>\n\t\t<\/div>\n\t\t\t\t\t<\/div>\n\t\t<\/section>\n\t\t\t\t<section class=\"elementor-section elementor-top-section elementor-element elementor-element-c29aa89 elementor-section-boxed elementor-section-height-default elementor-section-height-default\" data-id=\"c29aa89\" data-element_type=\"section\">\n\t\t\t\t\t\t<div class=\"elementor-container elementor-column-gap-default\">\n\t\t\t\t\t<div class=\"elementor-column elementor-col-100 elementor-top-column elementor-element elementor-element-a6ca735\" data-id=\"a6ca735\" data-element_type=\"column\">\n\t\t\t<div class=\"elementor-widget-wrap elementor-element-populated\">\n\t\t\t\t\t\t<div class=\"elementor-element elementor-element-9295e30 elementor-widget elementor-widget-text-editor\" data-id=\"9295e30\" data-element_type=\"widget\" data-widget_type=\"text-editor.default\">\n\t\t\t\t<div class=\"elementor-widget-container\">\n\t\t\t\t\t\t\t\t\t<p>ICIP regularly organises activities that highlight the potential of art and culture for the positive transformation of conflicts.<\/p>\t\t\t\t\t\t\t\t<\/div>\n\t\t\t\t<\/div>\n\t\t\t\t\t<\/div>\n\t\t<\/div>\n\t\t\t\t\t<\/div>\n\t\t<\/section>\n\t\t\t\t<section class=\"elementor-section elementor-top-section elementor-element elementor-element-420b670 elementor-section-boxed elementor-section-height-default elementor-section-height-default\" data-id=\"420b670\" data-element_type=\"section\">\n\t\t\t\t\t\t<div class=\"elementor-container elementor-column-gap-default\">\n\t\t\t\t\t<div class=\"elementor-column elementor-col-100 elementor-top-column elementor-element elementor-element-dd77f10\" data-id=\"dd77f10\" data-element_type=\"column\">\n\t\t\t<div class=\"elementor-widget-wrap elementor-element-populated\">\n\t\t\t\t\t\t<div class=\"elementor-element elementor-element-4ab743d elementor-widget elementor-widget-icip-relatedlisting\" data-id=\"4ab743d\" data-element_type=\"widget\" data-widget_type=\"icip-relatedlisting.default\">\n\t\t\t\t<div class=\"elementor-widget-container\">\n\t\t\t\t\t<div class=\"block-related-listing\"  data-view-type=\"list\"><div class=\"list\"><\/div><\/div>\t\t\t\t<\/div>\n\t\t\t\t<\/div>\n\t\t\t\t<div class=\"elementor-element elementor-element-2e6c093 elementor-widget elementor-widget-spacer\" data-id=\"2e6c093\" data-element_type=\"widget\" data-widget_type=\"spacer.default\">\n\t\t\t\t<div class=\"elementor-widget-container\">\n\t\t\t\t\t\t\t<div class=\"elementor-spacer\">\n\t\t\t<div class=\"elementor-spacer-inner\"><\/div>\n\t\t<\/div>\n\t\t\t\t\t\t<\/div>\n\t\t\t\t<\/div>\n\t\t\t\t\t<\/div>\n\t\t<\/div>\n\t\t\t\t\t<\/div>\n\t\t<\/section>\n\t\t\t\t<\/div>\n\t\t","protected":false},"excerpt":{"rendered":"<p>Events and Activities ICIP regularly organises activities that highlight the potential of art and culture for the positive transformation of conflicts. 50 Jornada: Pr\u00e1cticas art\u00edsticas y cultura de paz 50 Di\u00e1logos con m\u00fasica: Arte y Paz 50 &#8220;Derechos culturales para la construcci\u00f3n de paz&#8221; 50 Debate: &#8220;Cultura y conflicto&#8221; 50 Homenaje a la escritora ucraniana [&hellip;]<\/p>\n","protected":false},"author":4,"featured_media":0,"parent":56254,"menu_order":0,"comment_status":"closed","ping_status":"closed","template":"","meta":{"_acf_changed":false,"footnotes":""},"class_list":["post-56266","page","type-page","status-publish","hentry"],"acf":[],"yoast_head":"<!-- This site is optimized with the Yoast SEO plugin v25.6 - https:\/\/yoast.com\/wordpress\/plugins\/seo\/ -->\n<title>Events and Activities - ICIP<\/title>\n<meta name=\"description\" content=\"ICIP&#039;s events and activities that highlight the power of art and culture to transform conflicts and promote a culture of peace.\" \/>\n<meta name=\"robots\" content=\"index, follow, max-snippet:-1, max-image-preview:large, max-video-preview:-1\" \/>\n<link rel=\"canonical\" href=\"https:\/\/www.icip.cat\/ca\/art-cultura-i-pau\/jornades-i-activitats\/\" \/>\n<meta property=\"og:locale\" content=\"en_US\" \/>\n<meta property=\"og:type\" content=\"article\" \/>\n<meta property=\"og:title\" content=\"Events and Activities - ICIP\" \/>\n<meta property=\"og:description\" content=\"ICIP&#039;s events and activities that highlight the power of art and culture to transform conflicts and promote a culture of peace.\" \/>\n<meta property=\"og:url\" content=\"https:\/\/www.icip.cat\/ca\/art-cultura-i-pau\/jornades-i-activitats\/\" \/>\n<meta property=\"og:site_name\" content=\"ICIP\" \/>\n<meta property=\"article:modified_time\" content=\"2025-08-08T10:00:38+00:00\" \/>\n<meta name=\"twitter:card\" content=\"summary_large_image\" \/>\n<meta name=\"twitter:label1\" content=\"Est. reading time\" \/>\n\t<meta name=\"twitter:data1\" content=\"1 minute\" \/>\n<script type=\"application\/ld+json\" class=\"yoast-schema-graph\">{\"@context\":\"https:\/\/schema.org\",\"@graph\":[{\"@type\":\"WebPage\",\"@id\":\"https:\/\/www.icip.cat\/ca\/art-cultura-i-pau\/jornades-i-activitats\/\",\"url\":\"https:\/\/www.icip.cat\/ca\/art-cultura-i-pau\/jornades-i-activitats\/\",\"name\":\"Events and Activities - ICIP\",\"isPartOf\":{\"@id\":\"https:\/\/www.icip.cat\/ca\/#website\"},\"datePublished\":\"2025-08-05T07:32:49+00:00\",\"dateModified\":\"2025-08-08T10:00:38+00:00\",\"description\":\"ICIP's events and activities that highlight the power of art and culture to transform conflicts and promote a culture of peace.\",\"breadcrumb\":{\"@id\":\"https:\/\/www.icip.cat\/ca\/art-cultura-i-pau\/jornades-i-activitats\/#breadcrumb\"},\"inLanguage\":\"en-US\",\"potentialAction\":[{\"@type\":\"ReadAction\",\"target\":[\"https:\/\/www.icip.cat\/ca\/art-cultura-i-pau\/jornades-i-activitats\/\"]}]},{\"@type\":\"BreadcrumbList\",\"@id\":\"https:\/\/www.icip.cat\/ca\/art-cultura-i-pau\/jornades-i-activitats\/#breadcrumb\",\"itemListElement\":[{\"@type\":\"ListItem\",\"position\":1,\"name\":\"Art, Culture, and Peace\",\"item\":\"https:\/\/www.icip.cat\/ca\/art-cultura-i-pau\/\"},{\"@type\":\"ListItem\",\"position\":2,\"name\":\"Events and Activities\"}]},{\"@type\":\"WebSite\",\"@id\":\"https:\/\/www.icip.cat\/ca\/#website\",\"url\":\"https:\/\/www.icip.cat\/ca\/\",\"name\":\"ICIP\",\"description\":\"\",\"publisher\":{\"@id\":\"https:\/\/www.icip.cat\/ca\/#organization\"},\"potentialAction\":[{\"@type\":\"SearchAction\",\"target\":{\"@type\":\"EntryPoint\",\"urlTemplate\":\"https:\/\/www.icip.cat\/ca\/?s={search_term_string}\"},\"query-input\":{\"@type\":\"PropertyValueSpecification\",\"valueRequired\":true,\"valueName\":\"search_term_string\"}}],\"inLanguage\":\"en-US\"},{\"@type\":\"Organization\",\"@id\":\"https:\/\/www.icip.cat\/ca\/#organization\",\"name\":\"ICIP\",\"url\":\"https:\/\/www.icip.cat\/ca\/\",\"logo\":{\"@type\":\"ImageObject\",\"inLanguage\":\"en-US\",\"@id\":\"https:\/\/www.icip.cat\/ca\/#\/schema\/logo\/image\/\",\"url\":\"https:\/\/www.icip.cat\/wp-content\/uploads\/2021\/02\/logo-2.png\",\"contentUrl\":\"https:\/\/www.icip.cat\/wp-content\/uploads\/2021\/02\/logo-2.png\",\"width\":562,\"height\":391,\"caption\":\"ICIP\"},\"image\":{\"@id\":\"https:\/\/www.icip.cat\/ca\/#\/schema\/logo\/image\/\"}}]}<\/script>\n<!-- \/ Yoast SEO plugin. -->","yoast_head_json":{"title":"Events and Activities - ICIP","description":"ICIP's events and activities that highlight the power of art and culture to transform conflicts and promote a culture of peace.","robots":{"index":"index","follow":"follow","max-snippet":"max-snippet:-1","max-image-preview":"max-image-preview:large","max-video-preview":"max-video-preview:-1"},"canonical":"https:\/\/www.icip.cat\/ca\/art-cultura-i-pau\/jornades-i-activitats\/","og_locale":"en_US","og_type":"article","og_title":"Events and Activities - ICIP","og_description":"ICIP's events and activities that highlight the power of art and culture to transform conflicts and promote a culture of peace.","og_url":"https:\/\/www.icip.cat\/ca\/art-cultura-i-pau\/jornades-i-activitats\/","og_site_name":"ICIP","article_modified_time":"2025-08-08T10:00:38+00:00","twitter_card":"summary_large_image","twitter_misc":{"Est. reading time":"1 minute"},"schema":{"@context":"https:\/\/schema.org","@graph":[{"@type":"WebPage","@id":"https:\/\/www.icip.cat\/ca\/art-cultura-i-pau\/jornades-i-activitats\/","url":"https:\/\/www.icip.cat\/ca\/art-cultura-i-pau\/jornades-i-activitats\/","name":"Events and Activities - ICIP","isPartOf":{"@id":"https:\/\/www.icip.cat\/ca\/#website"},"datePublished":"2025-08-05T07:32:49+00:00","dateModified":"2025-08-08T10:00:38+00:00","description":"ICIP's events and activities that highlight the power of art and culture to transform conflicts and promote a culture of peace.","breadcrumb":{"@id":"https:\/\/www.icip.cat\/ca\/art-cultura-i-pau\/jornades-i-activitats\/#breadcrumb"},"inLanguage":"en-US","potentialAction":[{"@type":"ReadAction","target":["https:\/\/www.icip.cat\/ca\/art-cultura-i-pau\/jornades-i-activitats\/"]}]},{"@type":"BreadcrumbList","@id":"https:\/\/www.icip.cat\/ca\/art-cultura-i-pau\/jornades-i-activitats\/#breadcrumb","itemListElement":[{"@type":"ListItem","position":1,"name":"Art, Culture, and Peace","item":"https:\/\/www.icip.cat\/ca\/art-cultura-i-pau\/"},{"@type":"ListItem","position":2,"name":"Events and Activities"}]},{"@type":"WebSite","@id":"https:\/\/www.icip.cat\/ca\/#website","url":"https:\/\/www.icip.cat\/ca\/","name":"ICIP","description":"","publisher":{"@id":"https:\/\/www.icip.cat\/ca\/#organization"},"potentialAction":[{"@type":"SearchAction","target":{"@type":"EntryPoint","urlTemplate":"https:\/\/www.icip.cat\/ca\/?s={search_term_string}"},"query-input":{"@type":"PropertyValueSpecification","valueRequired":true,"valueName":"search_term_string"}}],"inLanguage":"en-US"},{"@type":"Organization","@id":"https:\/\/www.icip.cat\/ca\/#organization","name":"ICIP","url":"https:\/\/www.icip.cat\/ca\/","logo":{"@type":"ImageObject","inLanguage":"en-US","@id":"https:\/\/www.icip.cat\/ca\/#\/schema\/logo\/image\/","url":"https:\/\/www.icip.cat\/wp-content\/uploads\/2021\/02\/logo-2.png","contentUrl":"https:\/\/www.icip.cat\/wp-content\/uploads\/2021\/02\/logo-2.png","width":562,"height":391,"caption":"ICIP"},"image":{"@id":"https:\/\/www.icip.cat\/ca\/#\/schema\/logo\/image\/"}}]}},"_links":{"self":[{"href":"https:\/\/www.icip.cat\/en\/wp-json\/wp\/v2\/pages\/56266","targetHints":{"allow":["GET"]}}],"collection":[{"href":"https:\/\/www.icip.cat\/en\/wp-json\/wp\/v2\/pages"}],"about":[{"href":"https:\/\/www.icip.cat\/en\/wp-json\/wp\/v2\/types\/page"}],"author":[{"embeddable":true,"href":"https:\/\/www.icip.cat\/en\/wp-json\/wp\/v2\/users\/4"}],"replies":[{"embeddable":true,"href":"https:\/\/www.icip.cat\/en\/wp-json\/wp\/v2\/comments?post=56266"}],"version-history":[{"count":5,"href":"https:\/\/www.icip.cat\/en\/wp-json\/wp\/v2\/pages\/56266\/revisions"}],"predecessor-version":[{"id":56294,"href":"https:\/\/www.icip.cat\/en\/wp-json\/wp\/v2\/pages\/56266\/revisions\/56294"}],"up":[{"embeddable":true,"href":"https:\/\/www.icip.cat\/en\/wp-json\/wp\/v2\/pages\/56254"}],"wp:attachment":[{"href":"https:\/\/www.icip.cat\/en\/wp-json\/wp\/v2\/media?parent=56266"}],"curies":[{"name":"wp","href":"https:\/\/api.w.org\/{rel}","templated":true}]}}