{"id":10683,"date":"2021-01-07T11:44:40","date_gmt":"2021-01-07T11:44:40","guid":{"rendered":"http:\/\/www.icip.cat\/actualidad\/agenda\/"},"modified":"2024-07-18T09:19:09","modified_gmt":"2024-07-18T09:19:09","slug":"agenda","status":"publish","type":"page","link":"https:\/\/www.icip.cat\/es\/actualidad\/agenda\/","title":{"rendered":"Agenda"},"content":{"rendered":"\t\t<div data-elementor-type=\"wp-page\" data-elementor-id=\"10683\" class=\"elementor elementor-10683 elementor-459\" data-elementor-post-type=\"page\">\n\t\t\t\t\t\t<section class=\"elementor-section elementor-top-section elementor-element elementor-element-003437a elementor-section-boxed elementor-section-height-default elementor-section-height-default\" data-id=\"003437a\" data-element_type=\"section\" data-settings=\"{&quot;background_background&quot;:&quot;classic&quot;}\">\n\t\t\t\t\t\t\t<div class=\"elementor-background-overlay\"><\/div>\n\t\t\t\t\t\t\t<div class=\"elementor-container elementor-column-gap-default\">\n\t\t\t\t\t<div class=\"elementor-column elementor-col-100 elementor-top-column elementor-element elementor-element-5115595\" data-id=\"5115595\" data-element_type=\"column\">\n\t\t\t<div class=\"elementor-widget-wrap elementor-element-populated\">\n\t\t\t\t\t\t<div class=\"elementor-element elementor-element-28429cf elementor-widget elementor-widget-heading\" data-id=\"28429cf\" data-element_type=\"widget\" data-widget_type=\"heading.default\">\n\t\t\t\t<div class=\"elementor-widget-container\">\n\t\t\t\t\t<h1 class=\"elementor-heading-title elementor-size-default\">Agenda de actividades<\/h1>\t\t\t\t<\/div>\n\t\t\t\t<\/div>\n\t\t\t\t\t<\/div>\n\t\t<\/div>\n\t\t\t\t\t<\/div>\n\t\t<\/section>\n\t\t\t\t<section class=\"elementor-section elementor-top-section elementor-element elementor-element-05f2a80 elementor-section-boxed elementor-section-height-default elementor-section-height-default\" data-id=\"05f2a80\" data-element_type=\"section\" data-settings=\"{&quot;background_background&quot;:&quot;classic&quot;}\">\n\t\t\t\t\t\t<div class=\"elementor-container elementor-column-gap-default\">\n\t\t\t\t\t<div class=\"elementor-column elementor-col-100 elementor-top-column elementor-element elementor-element-62a661c\" data-id=\"62a661c\" data-element_type=\"column\">\n\t\t\t<div class=\"elementor-widget-wrap elementor-element-populated\">\n\t\t\t\t\t\t<div class=\"elementor-element elementor-element-c03008f elementor-widget elementor-widget-icip-eventlisting\" data-id=\"c03008f\" data-element_type=\"widget\" data-widget_type=\"icip-eventlisting.default\">\n\t\t\t\t<div class=\"elementor-widget-container\">\n\t\t\t\t\t<div class=\"block-event-listing\"><div class=\"list\"><article class='entry'><a class='link' href='https:\/\/www.icip.cat\/es\/event\/exposicion-polsxtrems-tu-gimnasio-para-entrenar-el-pensamiento-critico\/' title='Exposici\u00f3n \u201cPolsXtrems. Tu gimnasio para entrenar el pensamiento cr\u00edtico\u201d'><div class='image'><img fetchpriority=\"high\" decoding=\"async\" width=\"730\" height=\"550\" src=\"https:\/\/www.icip.cat\/wp-content\/uploads\/2026\/02\/PolsXtrems2-730x550.jpeg\" class=\"attachment-latestpostlisting-thumbnail size-latestpostlisting-thumbnail wp-post-image\" alt=\"\" \/><\/div><div class='details'><h2 class='title'>Exposici\u00f3n \u201cPolsXtrems. Tu gimnasio para entrenar el pensamiento cr\u00edtico\u201d<\/h2><div class=\"dates\"><span class=\"date\">20\/02\/2026<\/span><span class=\"date\">17\/05\/2026<\/span><\/div><\/div><\/a><\/article><article class='entry'><a class='link' href='https:\/\/www.icip.cat\/es\/event\/ciclo-de-dialogos-quien-entrena-tu-mente\/' title='Ciclo de di\u00e1logos: \u00bfQui\u00e9n entrena tu mente?'><div class='image'><img decoding=\"async\" width=\"730\" height=\"550\" src=\"https:\/\/www.icip.cat\/wp-content\/uploads\/2026\/02\/POLSXTREMS_Instagram_1080x1350-sensetitol_V3-730x550.png\" class=\"attachment-latestpostlisting-thumbnail size-latestpostlisting-thumbnail wp-post-image\" alt=\"\" \/><\/div><div class='details'><h2 class='title'>Ciclo de di\u00e1logos: \u00bfQui\u00e9n entrena tu mente?<\/h2><div class=\"dates\"><span class=\"date\">25\/03\/2026<\/span><span class=\"date\">22\/04\/2026<\/span><\/div><\/div><\/a><\/article><\/div><\/div>\t\t\t\t<\/div>\n\t\t\t\t<\/div>\n\t\t\t\t\t<\/div>\n\t\t<\/div>\n\t\t\t\t\t<\/div>\n\t\t<\/section>\n\t\t\t\t<section class=\"elementor-section elementor-top-section elementor-element elementor-element-a4768d8 elementor-section-boxed elementor-section-height-default elementor-section-height-default\" data-id=\"a4768d8\" data-element_type=\"section\">\n\t\t\t\t\t\t<div class=\"elementor-container elementor-column-gap-default\">\n\t\t\t\t\t<div class=\"elementor-column elementor-col-100 elementor-top-column elementor-element elementor-element-74285c7\" data-id=\"74285c7\" data-element_type=\"column\">\n\t\t\t<div class=\"elementor-widget-wrap elementor-element-populated\">\n\t\t\t\t\t\t<div class=\"elementor-element elementor-element-675afe6 elementor-widget elementor-widget-heading\" data-id=\"675afe6\" data-element_type=\"widget\" data-widget_type=\"heading.default\">\n\t\t\t\t<div class=\"elementor-widget-container\">\n\t\t\t\t\t<h2 class=\"elementor-heading-title elementor-size-default\">Actividades anteriores<\/h2>\t\t\t\t<\/div>\n\t\t\t\t<\/div>\n\t\t\t\t<div class=\"elementor-element elementor-element-d317b80 elementor-widget elementor-widget-icip-eventlisting\" data-id=\"d317b80\" data-element_type=\"widget\" data-widget_type=\"icip-eventlisting.default\">\n\t\t\t\t<div class=\"elementor-widget-container\">\n\t\t\t\t\t<div class=\"block-event-listing\"><div class=\"list\"><article class='entry'><a class='link' href='https:\/\/www.icip.cat\/es\/event\/politicas-de-cuidados-del-beneficio-privado-al-apoyo-mutuo\/' title='Pol\u00edticas de cuidados: del beneficio privado al apoyo mutuo'><div class='image'><img decoding=\"async\" width=\"730\" height=\"550\" src=\"https:\/\/www.icip.cat\/wp-content\/uploads\/2026\/02\/B5382786-08A5-45C4-BE53-8B32C36BAFD2_4_5005_c-730x550.jpeg\" class=\"attachment-latestpostlisting-thumbnail size-latestpostlisting-thumbnail wp-post-image\" alt=\"\" srcset=\"https:\/\/www.icip.cat\/wp-content\/uploads\/2026\/02\/B5382786-08A5-45C4-BE53-8B32C36BAFD2_4_5005_c-730x550.jpeg 730w, https:\/\/www.icip.cat\/wp-content\/uploads\/2026\/02\/B5382786-08A5-45C4-BE53-8B32C36BAFD2_4_5005_c-300x227.jpeg 300w\" sizes=\"(max-width: 730px) 100vw, 730px\" \/><\/div><div class='details'><h2 class='title'>Pol\u00edticas de cuidados: del beneficio privado al apoyo mutuo<\/h2><div class=\"dates\"><span class=\"date\">12\/03\/2026<\/span><\/div><\/div><\/a><\/article><article class='entry'><a class='link' href='https:\/\/www.icip.cat\/es\/event\/acto-de-cierre-del-foro-catalan-por-la-paz-el-28-de-febrero-de-2026\/' title='Acto de cierre del Foro Catal\u00e1n por la Paz'><div class='image'><img loading=\"lazy\" decoding=\"async\" width=\"730\" height=\"550\" src=\"https:\/\/www.icip.cat\/wp-content\/uploads\/2025\/12\/Forum-1-730x550.jpg\" class=\"attachment-latestpostlisting-thumbnail size-latestpostlisting-thumbnail wp-post-image\" alt=\"\" \/><\/div><div class='details'><h2 class='title'>Acto de cierre del Foro Catal\u00e1n por la Paz<\/h2><div class=\"dates\"><span class=\"date\">28\/02\/2026<\/span><\/div><\/div><\/a><\/article><article class='entry'><a class='link' href='https:\/\/www.icip.cat\/es\/event\/curso-como-aplicar-la-interseccionalidad-a-las-politicas-de-prevencion-y-seguridad\/' title='Curso: C\u00f3mo aplicar la interseccionalidad a las pol\u00edticas de prevenci\u00f3n y seguridad'><div class='image'><img loading=\"lazy\" decoding=\"async\" width=\"730\" height=\"550\" src=\"https:\/\/www.icip.cat\/wp-content\/uploads\/2025\/09\/photo-1517048676732-d65bc937f952-730x550.avif\" class=\"attachment-latestpostlisting-thumbnail size-latestpostlisting-thumbnail wp-post-image\" alt=\"\" \/><\/div><div class='details'><h2 class='title'>Curso: C\u00f3mo aplicar la interseccionalidad a las pol\u00edticas de prevenci\u00f3n y seguridad<\/h2><div class=\"dates\"><span class=\"date\">18\/02\/2026<\/span><span class=\"date\">04\/03\/2026<\/span><\/div><\/div><\/a><\/article><article class='entry'><a class='link' href='https:\/\/www.icip.cat\/es\/event\/proyeccion-del-documental-la-policia-del-dialogo\/' title='Proyecci\u00f3n del documental 'La polic\u00eda del di\u00e1logo''><div class='image'><img loading=\"lazy\" decoding=\"async\" width=\"730\" height=\"550\" src=\"https:\/\/www.icip.cat\/wp-content\/uploads\/2026\/01\/The-Dialogue-Police_Still4_\u00a9Siren-Film-730x550.jpg\" class=\"attachment-latestpostlisting-thumbnail size-latestpostlisting-thumbnail wp-post-image\" alt=\"\" \/><\/div><div class='details'><h2 class='title'>Proyecci\u00f3n del documental 'La polic\u00eda del di\u00e1logo'<\/h2><div class=\"dates\"><span class=\"date\">03\/02\/2026<\/span><span class=\"date\">17\/02\/2026<\/span><\/div><\/div><\/a><\/article><article class='entry'><a class='link' href='https:\/\/www.icip.cat\/es\/event\/lanzamiento-del-informe-caminos-hay-puentes-pocos\/' title='Lanzamiento del informe \u201cCaminos hay, puentes pocos\u201d'><div class='image'><img loading=\"lazy\" decoding=\"async\" width=\"730\" height=\"550\" src=\"https:\/\/www.icip.cat\/wp-content\/uploads\/2025\/11\/multitud-personas-que-protestaban-sus-derechos-sosteniendo-pancartas-manos_318237-49-730x550.jpg\" class=\"attachment-latestpostlisting-thumbnail size-latestpostlisting-thumbnail wp-post-image\" alt=\"\" \/><\/div><div class='details'><h2 class='title'>Lanzamiento del informe \u201cCaminos hay, puentes pocos\u201d<\/h2><div class=\"dates\"><span class=\"date\">26\/11\/2025<\/span><\/div><\/div><\/a><\/article><article class='entry'><a class='link' href='https:\/\/www.icip.cat\/es\/event\/build-peace-2025-hacia-un-pluriverso-de-paz\/' title='Build Peace 2025: Hacia un Pluriverso de Paz'><div class='image'><img loading=\"lazy\" decoding=\"async\" width=\"730\" height=\"550\" src=\"https:\/\/www.icip.cat\/wp-content\/uploads\/2025\/07\/BPweb2-730x550.png\" class=\"attachment-latestpostlisting-thumbnail size-latestpostlisting-thumbnail wp-post-image\" alt=\"\" \/><\/div><div class='details'><h2 class='title'>Build Peace 2025: Hacia un Pluriverso de Paz<\/h2><div class=\"dates\"><span class=\"date\">21\/11\/2025<\/span><span class=\"date\">23\/11\/2025<\/span><\/div><\/div><\/a><\/article><article class='entry'><a class='link' href='https:\/\/www.icip.cat\/es\/event\/donde-estan-la-paz-y-la-seguridad-propuestas-feministas\/' title='\u00bfD\u00f3nde est\u00e1n la paz y la seguridad? Propuestas feministas'><div class='image'><img loading=\"lazy\" decoding=\"async\" width=\"730\" height=\"550\" src=\"https:\/\/www.icip.cat\/wp-content\/uploads\/2025\/10\/Mani-13-Novembre-730x550.jpg\" class=\"attachment-latestpostlisting-thumbnail size-latestpostlisting-thumbnail wp-post-image\" alt=\"\" \/><\/div><div class='details'><h2 class='title'>\u00bfD\u00f3nde est\u00e1n la paz y la seguridad? Propuestas feministas<\/h2><div class=\"dates\"><span class=\"date\">12\/11\/2025<\/span><\/div><\/div><\/a><\/article><article class='entry'><a class='link' href='https:\/\/www.icip.cat\/es\/event\/club-de-lectura-con-motivo-del-mes-pau-casals\/' title='Club de lectura con motivo del mes Pau Casals'><div class='image'><img loading=\"lazy\" decoding=\"async\" width=\"730\" height=\"550\" src=\"https:\/\/www.icip.cat\/wp-content\/uploads\/2025\/10\/Pau-Casals-730x550.jpg\" class=\"attachment-latestpostlisting-thumbnail size-latestpostlisting-thumbnail wp-post-image\" alt=\"\" \/><\/div><div class='details'><h2 class='title'>Club de lectura con motivo del mes Pau Casals<\/h2><div class=\"dates\"><span class=\"date\">05\/11\/2025<\/span><\/div><\/div><\/a><\/article><\/div><div class=\"buttons\"><a href=\"#\" class=\"loadmore-button\" data-loadmore-text=\"Cargar m\u00e1s\" data-loading-text=\"Cargando...\" data-ajaxurl=\"https:\/\/www.icip.cat\/wp-admin\/admin-ajax.php\" data-posts=\"{&quot;post_type&quot;:&quot;icip_event&quot;,&quot;post_status&quot;:&quot;publish&quot;,&quot;no_found_rows&quot;:false,&quot;meta_key&quot;:&quot;icip_event_start_date&quot;,&quot;orderby&quot;:&quot;meta_value&quot;,&quot;order&quot;:&quot;DESC&quot;,&quot;posts_per_page&quot;:8,&quot;fields&quot;:&quot;ids&quot;,&quot;ignore_sticky&quot;:true,&quot;meta_query&quot;:[{&quot;key&quot;:&quot;icip_event_end_date&quot;,&quot;compare&quot;:&quot;&lt;&quot;,&quot;value&quot;:&quot;2026-04-10&quot;,&quot;type&quot;:&quot;DATE&quot;}],&quot;error&quot;:&quot;&quot;,&quot;m&quot;:&quot;&quot;,&quot;p&quot;:0,&quot;post_parent&quot;:&quot;&quot;,&quot;subpost&quot;:&quot;&quot;,&quot;subpost_id&quot;:&quot;&quot;,&quot;attachment&quot;:&quot;&quot;,&quot;attachment_id&quot;:0,&quot;name&quot;:&quot;&quot;,&quot;pagename&quot;:&quot;&quot;,&quot;page_id&quot;:0,&quot;second&quot;:&quot;&quot;,&quot;minute&quot;:&quot;&quot;,&quot;hour&quot;:&quot;&quot;,&quot;day&quot;:0,&quot;monthnum&quot;:0,&quot;year&quot;:0,&quot;w&quot;:0,&quot;category_name&quot;:&quot;&quot;,&quot;tag&quot;:&quot;&quot;,&quot;cat&quot;:&quot;&quot;,&quot;tag_id&quot;:&quot;&quot;,&quot;author&quot;:&quot;&quot;,&quot;author_name&quot;:&quot;&quot;,&quot;feed&quot;:&quot;&quot;,&quot;tb&quot;:&quot;&quot;,&quot;paged&quot;:0,&quot;meta_value&quot;:&quot;&quot;,&quot;preview&quot;:&quot;&quot;,&quot;s&quot;:&quot;&quot;,&quot;sentence&quot;:&quot;&quot;,&quot;title&quot;:&quot;&quot;,&quot;menu_order&quot;:&quot;&quot;,&quot;embed&quot;:&quot;&quot;,&quot;category__in&quot;:[],&quot;category__not_in&quot;:[],&quot;category__and&quot;:[],&quot;post__in&quot;:[],&quot;post__not_in&quot;:[],&quot;post_name__in&quot;:[],&quot;tag__in&quot;:[],&quot;tag__not_in&quot;:[],&quot;tag__and&quot;:[],&quot;tag_slug__in&quot;:[],&quot;tag_slug__and&quot;:[],&quot;post_parent__in&quot;:[],&quot;post_parent__not_in&quot;:[],&quot;author__in&quot;:[],&quot;author__not_in&quot;:[],&quot;search_columns&quot;:[],&quot;ignore_sticky_posts&quot;:false,&quot;suppress_filters&quot;:false,&quot;cache_results&quot;:true,&quot;update_post_term_cache&quot;:true,&quot;update_menu_item_cache&quot;:false,&quot;lazy_load_term_meta&quot;:true,&quot;update_post_meta_cache&quot;:true,&quot;nopaging&quot;:false,&quot;comments_per_page&quot;:&quot;50&quot;}\" data-currentpage=\"1\" data-maxpage=\"18\"> <span class=\"button-text\">Cargar m\u00e1s<\/span><\/a><\/div><\/div>\t\t\t\t<\/div>\n\t\t\t\t<\/div>\n\t\t\t\t\t<\/div>\n\t\t<\/div>\n\t\t\t\t\t<\/div>\n\t\t<\/section>\n\t\t\t\t<\/div>\n\t\t","protected":false},"excerpt":{"rendered":"<p>Agenda de actividades Mediterr\u00e0nia, teixint resili\u00e8ncies. El valor de la pau 16\/09\/202420\/09\/2024 Lliurament del Premi ICIP Construcci\u00f3 de Pau 2024 19\/09\/2024 Actividades anteriores Club de lectura: Jo s\u00e9 per qu\u00e8 canta l\u2019ocell engabiat 16\/07\/2024<\/p>\n","protected":false},"author":1,"featured_media":0,"parent":9285,"menu_order":0,"comment_status":"closed","ping_status":"closed","template":"","meta":{"_acf_changed":false,"footnotes":""},"class_list":["post-10683","page","type-page","status-publish","hentry"],"acf":[],"yoast_head":"<!-- This site is optimized with the Yoast SEO plugin v25.6 - https:\/\/yoast.com\/wordpress\/plugins\/seo\/ -->\n<title>Agenda - ICIP<\/title>\n<meta name=\"robots\" content=\"index, follow, max-snippet:-1, max-image-preview:large, max-video-preview:-1\" \/>\n<link rel=\"canonical\" href=\"https:\/\/www.icip.cat\/ca\/actualitat\/agenda\/\" \/>\n<meta property=\"og:locale\" content=\"es_ES\" \/>\n<meta property=\"og:type\" content=\"article\" \/>\n<meta property=\"og:title\" content=\"Agenda - ICIP\" \/>\n<meta property=\"og:description\" content=\"Agenda de actividades Mediterr\u00e0nia, teixint resili\u00e8ncies. El valor de la pau 16\/09\/202420\/09\/2024 Lliurament del Premi ICIP Construcci\u00f3 de Pau 2024 19\/09\/2024 Actividades anteriores Club de lectura: Jo s\u00e9 per qu\u00e8 canta l\u2019ocell engabiat 16\/07\/2024\" \/>\n<meta property=\"og:url\" content=\"https:\/\/www.icip.cat\/ca\/actualitat\/agenda\/\" \/>\n<meta property=\"og:site_name\" content=\"ICIP\" \/>\n<meta property=\"article:modified_time\" content=\"2024-07-18T09:19:09+00:00\" \/>\n<meta property=\"og:image\" content=\"https:\/\/www.icip.cat\/wp-content\/uploads\/2024\/06\/mediterrania_4-730x550.jpg\" \/>\n<meta name=\"twitter:card\" content=\"summary_large_image\" \/>\n<meta name=\"twitter:label1\" content=\"Tiempo de lectura\" \/>\n\t<meta name=\"twitter:data1\" content=\"3 minutos\" \/>\n<script type=\"application\/ld+json\" class=\"yoast-schema-graph\">{\"@context\":\"https:\/\/schema.org\",\"@graph\":[{\"@type\":\"WebPage\",\"@id\":\"https:\/\/www.icip.cat\/ca\/actualitat\/agenda\/\",\"url\":\"https:\/\/www.icip.cat\/ca\/actualitat\/agenda\/\",\"name\":\"Agenda - ICIP\",\"isPartOf\":{\"@id\":\"https:\/\/www.icip.cat\/ca\/#website\"},\"primaryImageOfPage\":{\"@id\":\"https:\/\/www.icip.cat\/ca\/actualitat\/agenda\/#primaryimage\"},\"image\":{\"@id\":\"https:\/\/www.icip.cat\/ca\/actualitat\/agenda\/#primaryimage\"},\"thumbnailUrl\":\"https:\/\/www.icip.cat\/wp-content\/uploads\/2024\/06\/mediterrania_4-730x550.jpg\",\"datePublished\":\"2021-01-07T11:44:40+00:00\",\"dateModified\":\"2024-07-18T09:19:09+00:00\",\"breadcrumb\":{\"@id\":\"https:\/\/www.icip.cat\/ca\/actualitat\/agenda\/#breadcrumb\"},\"inLanguage\":\"es\",\"potentialAction\":[{\"@type\":\"ReadAction\",\"target\":[\"https:\/\/www.icip.cat\/ca\/actualitat\/agenda\/\"]}]},{\"@type\":\"ImageObject\",\"inLanguage\":\"es\",\"@id\":\"https:\/\/www.icip.cat\/ca\/actualitat\/agenda\/#primaryimage\",\"url\":\"https:\/\/www.icip.cat\/wp-content\/uploads\/2024\/06\/mediterrania_4-730x550.jpg\",\"contentUrl\":\"https:\/\/www.icip.cat\/wp-content\/uploads\/2024\/06\/mediterrania_4-730x550.jpg\"},{\"@type\":\"BreadcrumbList\",\"@id\":\"https:\/\/www.icip.cat\/ca\/actualitat\/agenda\/#breadcrumb\",\"itemListElement\":[{\"@type\":\"ListItem\",\"position\":1,\"name\":\"Actualidad\",\"item\":\"https:\/\/www.icip.cat\/es\/actualidad\/\"},{\"@type\":\"ListItem\",\"position\":2,\"name\":\"Agenda\"}]},{\"@type\":\"WebSite\",\"@id\":\"https:\/\/www.icip.cat\/ca\/#website\",\"url\":\"https:\/\/www.icip.cat\/ca\/\",\"name\":\"ICIP\",\"description\":\"\",\"publisher\":{\"@id\":\"https:\/\/www.icip.cat\/ca\/#organization\"},\"potentialAction\":[{\"@type\":\"SearchAction\",\"target\":{\"@type\":\"EntryPoint\",\"urlTemplate\":\"https:\/\/www.icip.cat\/ca\/?s={search_term_string}\"},\"query-input\":{\"@type\":\"PropertyValueSpecification\",\"valueRequired\":true,\"valueName\":\"search_term_string\"}}],\"inLanguage\":\"es\"},{\"@type\":\"Organization\",\"@id\":\"https:\/\/www.icip.cat\/ca\/#organization\",\"name\":\"ICIP\",\"url\":\"https:\/\/www.icip.cat\/ca\/\",\"logo\":{\"@type\":\"ImageObject\",\"inLanguage\":\"es\",\"@id\":\"https:\/\/www.icip.cat\/ca\/#\/schema\/logo\/image\/\",\"url\":\"https:\/\/www.icip.cat\/wp-content\/uploads\/2021\/02\/logo-2.png\",\"contentUrl\":\"https:\/\/www.icip.cat\/wp-content\/uploads\/2021\/02\/logo-2.png\",\"width\":562,\"height\":391,\"caption\":\"ICIP\"},\"image\":{\"@id\":\"https:\/\/www.icip.cat\/ca\/#\/schema\/logo\/image\/\"}}]}<\/script>\n<!-- \/ Yoast SEO plugin. -->","yoast_head_json":{"title":"Agenda - ICIP","robots":{"index":"index","follow":"follow","max-snippet":"max-snippet:-1","max-image-preview":"max-image-preview:large","max-video-preview":"max-video-preview:-1"},"canonical":"https:\/\/www.icip.cat\/ca\/actualitat\/agenda\/","og_locale":"es_ES","og_type":"article","og_title":"Agenda - ICIP","og_description":"Agenda de actividades Mediterr\u00e0nia, teixint resili\u00e8ncies. El valor de la pau 16\/09\/202420\/09\/2024 Lliurament del Premi ICIP Construcci\u00f3 de Pau 2024 19\/09\/2024 Actividades anteriores Club de lectura: Jo s\u00e9 per qu\u00e8 canta l\u2019ocell engabiat 16\/07\/2024","og_url":"https:\/\/www.icip.cat\/ca\/actualitat\/agenda\/","og_site_name":"ICIP","article_modified_time":"2024-07-18T09:19:09+00:00","og_image":[{"url":"https:\/\/www.icip.cat\/wp-content\/uploads\/2024\/06\/mediterrania_4-730x550.jpg","type":"","width":"","height":""}],"twitter_card":"summary_large_image","twitter_misc":{"Tiempo de lectura":"3 minutos"},"schema":{"@context":"https:\/\/schema.org","@graph":[{"@type":"WebPage","@id":"https:\/\/www.icip.cat\/ca\/actualitat\/agenda\/","url":"https:\/\/www.icip.cat\/ca\/actualitat\/agenda\/","name":"Agenda - ICIP","isPartOf":{"@id":"https:\/\/www.icip.cat\/ca\/#website"},"primaryImageOfPage":{"@id":"https:\/\/www.icip.cat\/ca\/actualitat\/agenda\/#primaryimage"},"image":{"@id":"https:\/\/www.icip.cat\/ca\/actualitat\/agenda\/#primaryimage"},"thumbnailUrl":"https:\/\/www.icip.cat\/wp-content\/uploads\/2024\/06\/mediterrania_4-730x550.jpg","datePublished":"2021-01-07T11:44:40+00:00","dateModified":"2024-07-18T09:19:09+00:00","breadcrumb":{"@id":"https:\/\/www.icip.cat\/ca\/actualitat\/agenda\/#breadcrumb"},"inLanguage":"es","potentialAction":[{"@type":"ReadAction","target":["https:\/\/www.icip.cat\/ca\/actualitat\/agenda\/"]}]},{"@type":"ImageObject","inLanguage":"es","@id":"https:\/\/www.icip.cat\/ca\/actualitat\/agenda\/#primaryimage","url":"https:\/\/www.icip.cat\/wp-content\/uploads\/2024\/06\/mediterrania_4-730x550.jpg","contentUrl":"https:\/\/www.icip.cat\/wp-content\/uploads\/2024\/06\/mediterrania_4-730x550.jpg"},{"@type":"BreadcrumbList","@id":"https:\/\/www.icip.cat\/ca\/actualitat\/agenda\/#breadcrumb","itemListElement":[{"@type":"ListItem","position":1,"name":"Actualidad","item":"https:\/\/www.icip.cat\/es\/actualidad\/"},{"@type":"ListItem","position":2,"name":"Agenda"}]},{"@type":"WebSite","@id":"https:\/\/www.icip.cat\/ca\/#website","url":"https:\/\/www.icip.cat\/ca\/","name":"ICIP","description":"","publisher":{"@id":"https:\/\/www.icip.cat\/ca\/#organization"},"potentialAction":[{"@type":"SearchAction","target":{"@type":"EntryPoint","urlTemplate":"https:\/\/www.icip.cat\/ca\/?s={search_term_string}"},"query-input":{"@type":"PropertyValueSpecification","valueRequired":true,"valueName":"search_term_string"}}],"inLanguage":"es"},{"@type":"Organization","@id":"https:\/\/www.icip.cat\/ca\/#organization","name":"ICIP","url":"https:\/\/www.icip.cat\/ca\/","logo":{"@type":"ImageObject","inLanguage":"es","@id":"https:\/\/www.icip.cat\/ca\/#\/schema\/logo\/image\/","url":"https:\/\/www.icip.cat\/wp-content\/uploads\/2021\/02\/logo-2.png","contentUrl":"https:\/\/www.icip.cat\/wp-content\/uploads\/2021\/02\/logo-2.png","width":562,"height":391,"caption":"ICIP"},"image":{"@id":"https:\/\/www.icip.cat\/ca\/#\/schema\/logo\/image\/"}}]}},"_links":{"self":[{"href":"https:\/\/www.icip.cat\/es\/wp-json\/wp\/v2\/pages\/10683","targetHints":{"allow":["GET"]}}],"collection":[{"href":"https:\/\/www.icip.cat\/es\/wp-json\/wp\/v2\/pages"}],"about":[{"href":"https:\/\/www.icip.cat\/es\/wp-json\/wp\/v2\/types\/page"}],"author":[{"embeddable":true,"href":"https:\/\/www.icip.cat\/es\/wp-json\/wp\/v2\/users\/1"}],"replies":[{"embeddable":true,"href":"https:\/\/www.icip.cat\/es\/wp-json\/wp\/v2\/comments?post=10683"}],"version-history":[{"count":12,"href":"https:\/\/www.icip.cat\/es\/wp-json\/wp\/v2\/pages\/10683\/revisions"}],"predecessor-version":[{"id":47741,"href":"https:\/\/www.icip.cat\/es\/wp-json\/wp\/v2\/pages\/10683\/revisions\/47741"}],"up":[{"embeddable":true,"href":"https:\/\/www.icip.cat\/es\/wp-json\/wp\/v2\/pages\/9285"}],"wp:attachment":[{"href":"https:\/\/www.icip.cat\/es\/wp-json\/wp\/v2\/media?parent=10683"}],"curies":[{"name":"wp","href":"https:\/\/api.w.org\/{rel}","templated":true}]}}