{"id":13830,"date":"2021-01-22T09:46:40","date_gmt":"2021-01-22T09:46:40","guid":{"rendered":"http:\/\/www.icip.cat\/mapa-web\/"},"modified":"2021-01-26T10:17:59","modified_gmt":"2021-01-26T10:17:59","slug":"mapa-web","status":"publish","type":"page","link":"https:\/\/www.icip.cat\/es\/mapa-web\/","title":{"rendered":"Mapa web"},"content":{"rendered":"\t\t<div data-elementor-type=\"wp-page\" data-elementor-id=\"13830\" class=\"elementor elementor-13830 elementor-13825\" data-elementor-post-type=\"page\">\n\t\t\t\t\t\t<section class=\"elementor-section elementor-top-section elementor-element elementor-element-862ecf1 elementor-section-boxed elementor-section-height-default elementor-section-height-default\" data-id=\"862ecf1\" data-element_type=\"section\">\n\t\t\t\t\t\t<div class=\"elementor-container elementor-column-gap-default\">\n\t\t\t\t\t<div class=\"elementor-column elementor-col-100 elementor-top-column elementor-element elementor-element-6a69371\" data-id=\"6a69371\" data-element_type=\"column\">\n\t\t\t<div class=\"elementor-widget-wrap elementor-element-populated\">\n\t\t\t\t\t\t<div class=\"elementor-element elementor-element-dd2933a elementor-widget elementor-widget-spacer\" data-id=\"dd2933a\" data-element_type=\"widget\" data-widget_type=\"spacer.default\">\n\t\t\t\t<div class=\"elementor-widget-container\">\n\t\t\t\t\t\t\t<div class=\"elementor-spacer\">\n\t\t\t<div class=\"elementor-spacer-inner\"><\/div>\n\t\t<\/div>\n\t\t\t\t\t\t<\/div>\n\t\t\t\t<\/div>\n\t\t\t\t<div class=\"elementor-element elementor-element-6799971 elementor-widget elementor-widget-heading\" data-id=\"6799971\" data-element_type=\"widget\" data-widget_type=\"heading.default\">\n\t\t\t\t<div class=\"elementor-widget-container\">\n\t\t\t\t\t<h1 class=\"elementor-heading-title elementor-size-default\">Mapa web<\/h1>\t\t\t\t<\/div>\n\t\t\t\t<\/div>\n\t\t\t\t\t<\/div>\n\t\t<\/div>\n\t\t\t\t\t<\/div>\n\t\t<\/section>\n\t\t\t\t<section class=\"elementor-section elementor-top-section elementor-element elementor-element-7b5a258 elementor-section-boxed elementor-section-height-default elementor-section-height-default\" data-id=\"7b5a258\" data-element_type=\"section\">\n\t\t\t\t\t\t<div class=\"elementor-container elementor-column-gap-default\">\n\t\t\t\t\t<div class=\"elementor-column elementor-col-100 elementor-top-column elementor-element elementor-element-54ec49e\" data-id=\"54ec49e\" data-element_type=\"column\">\n\t\t\t<div class=\"elementor-widget-wrap\">\n\t\t\t\t\t\t\t<\/div>\n\t\t<\/div>\n\t\t\t\t\t<\/div>\n\t\t<\/section>\n\t\t\t\t<section class=\"elementor-section elementor-top-section elementor-element elementor-element-6d1d073 elementor-section-boxed elementor-section-height-default elementor-section-height-default\" data-id=\"6d1d073\" data-element_type=\"section\">\n\t\t\t\t\t\t<div class=\"elementor-container elementor-column-gap-default\">\n\t\t\t\t\t<div class=\"elementor-column elementor-col-100 elementor-top-column elementor-element elementor-element-114b18f\" data-id=\"114b18f\" data-element_type=\"column\">\n\t\t\t<div class=\"elementor-widget-wrap elementor-element-populated\">\n\t\t\t\t\t\t<div class=\"elementor-element elementor-element-8b3b33e elementor-widget elementor-widget-text-editor\" data-id=\"8b3b33e\" data-element_type=\"widget\" data-widget_type=\"text-editor.default\">\n\t\t\t\t<div class=\"elementor-widget-container\">\n\t\t\t\t\t\t\t\t\t<p><a href=\"http:\/\/www.icip.cat\/es\/\">ICIP<\/a><\/p><p><a href=\"http:\/\/www.icip.cat\/es\/quienes-somos\/\">Qui\u00e9nes somos<\/a><\/p><ul><li><a href=\"http:\/\/www.icip.cat\/es\/quienes-somos\/equipo\/\">El equipo<\/a><\/li><li><a href=\"http:\/\/www.icip.cat\/es\/quienes-somos\/la-junta-de-gobierno\/\">Junta de Gobierno<\/a><\/li><li><a href=\"http:\/\/www.icip.cat\/es\/organigrama\/\">Organigrama<\/a><\/li><li><a href=\"http:\/\/www.icip.cat\/es\/quienes-somos\/perfil-del-contratante\/\">Perfil del contratante<\/a><\/li><li><a href=\"http:\/\/www.icip.cat\/es\/quienes-somos\/trabaja-con-nosotros\/\">Trabaja con nosotros<\/a><\/li><li><a href=\"http:\/\/www.icip.cat\/es\/transparencia\/\">Transparencia<\/a><ul><li>Organizaci\u00f3n institucional y administrativa<ul><li><a href=\"http:\/\/www.icip.cat\/es\/estructura-organizativa-y-de-funcionamiento\/\">Estructura organizativa y de funcionamiento<\/a><\/li><li><a href=\"http:\/\/www.icip.cat\/es\/altos-cargos-y-directivos\/\">Altos cargos y directivos<\/a><\/li><li><a href=\"http:\/\/www.icip.cat\/es\/empleados-publicos\/\">Empleados p\u00fablicos<\/a><\/li><li><a href=\"http:\/\/www.icip.cat\/es\/convocatorias-acceso-y-resolucion\/\">Convocatorias: acceso y resoluci\u00f3n<\/a><\/li><li><a href=\"http:\/\/www.icip.cat\/es\/representacion-sindical\/\">Representaci\u00f3n sindical<\/a><\/li><\/ul><\/li><li>Econom\u00eda y finanzas<ul><li>Pressupostos aprovats, liquidats i executats<\/li><li>Informes de auditor\u00eda de cuentas y fiscalizaci\u00f3n<\/li><li>Patrimonio de la Generalidad de Catalu\u00f1a<\/li><li>Subvenciones y ayudas p\u00fablicas<\/li><\/ul><\/li><li>Contrataci\u00f3n<\/li><li>Territorio<\/li><li>L\u00edneas de actuaci\u00f3n<\/li><li>Procedimentos jur\u00eddicos<\/li><\/ul><\/li><\/ul><p>\u00c1reas de trabajo<\/p><ul><li>Memoria, convivencia y reconciliaci\u00f3n<\/li><li>Viol\u00e8ncia fora dels contextos b\u00e8l\u00b7lics<\/li><li>Di\u00e1logo social y pol\u00edtico<\/li><li>Alternativas de seguridad<\/li><\/ul><p>Qu\u00e9 hacemos<\/p><ul><li>Seminarios y jornadas<\/li><li>Subvenciones<ul><li>Subvenciones para proyectos de entidades sin \u00e1nimo de lucro destinados al fomento de la paz<\/li><li>Subvenciones para trabajos de investigaci\u00f3n en el \u00e1mbito de la paz (R-ICIP)<\/li><\/ul><\/li><li>Premios<ul><li>Premio ICIP Constructores de la Paz<\/li><li>Premio ICIP Alfons Banda<\/li><li>Concurso de Hip-hop por la Paz<\/li><\/ul><\/li><li>Divulgaci\u00f3n<ul><li>Exposiciones<\/li><li>C\u00e0psules per la Pau<\/li><\/ul><\/li><\/ul><p>Publicaciones<\/p><ul><li>Revista per la Pau<\/li><li>Colecciones de libros<\/li><li>Publicaciones de investigaci\u00f3n<ul><li>ICIP Policy Papers<\/li><li>Informes ICIP<\/li><li>Documentos ICIP<\/li><li>Working Papers<\/li><li>Resultados de investigaci\u00f3n y otros resultados<\/li><\/ul><\/li><\/ul><p>Actualidad<\/p><ul><li>Agenda de actividades<\/li><li>Noticias<\/li><li>Boletines<\/li><\/ul><p>Biblioteca<\/p><ul><li>Servicios<\/li><li>Novedades mensuales<\/li><li>Revistes del moviment per la Pau<\/li><\/ul><p>Contacto<\/p>\t\t\t\t\t\t\t\t<\/div>\n\t\t\t\t<\/div>\n\t\t\t\t<div class=\"elementor-element elementor-element-8a6b773 elementor-widget elementor-widget-spacer\" data-id=\"8a6b773\" data-element_type=\"widget\" data-widget_type=\"spacer.default\">\n\t\t\t\t<div class=\"elementor-widget-container\">\n\t\t\t\t\t\t\t<div class=\"elementor-spacer\">\n\t\t\t<div class=\"elementor-spacer-inner\"><\/div>\n\t\t<\/div>\n\t\t\t\t\t\t<\/div>\n\t\t\t\t<\/div>\n\t\t\t\t\t<\/div>\n\t\t<\/div>\n\t\t\t\t\t<\/div>\n\t\t<\/section>\n\t\t\t\t<\/div>\n\t\t","protected":false},"excerpt":{"rendered":"<p>Mapa web ICIP Qui\u00e9nes somos El equipo Junta de Gobierno Organigrama Perfil del contratante Trabaja con nosotros Transparencia Organizaci\u00f3n institucional y administrativa Estructura organizativa y de funcionamiento Altos cargos y directivos Empleados p\u00fablicos Convocatorias: acceso y resoluci\u00f3n Representaci\u00f3n sindical Econom\u00eda y finanzas Pressupostos aprovats, liquidats i executats Informes de auditor\u00eda de cuentas y fiscalizaci\u00f3n Patrimonio [&hellip;]<\/p>\n","protected":false},"author":1,"featured_media":0,"parent":0,"menu_order":0,"comment_status":"closed","ping_status":"closed","template":"","meta":{"_acf_changed":false,"footnotes":""},"class_list":["post-13830","page","type-page","status-publish","hentry"],"acf":[],"yoast_head":"<!-- This site is optimized with the Yoast SEO plugin v25.6 - https:\/\/yoast.com\/wordpress\/plugins\/seo\/ -->\n<title>Mapa web - ICIP<\/title>\n<meta name=\"robots\" content=\"index, follow, max-snippet:-1, max-image-preview:large, max-video-preview:-1\" \/>\n<link rel=\"canonical\" href=\"https:\/\/www.icip.cat\/es\/mapa-web\/\" \/>\n<meta property=\"og:locale\" content=\"es_ES\" \/>\n<meta property=\"og:type\" content=\"article\" \/>\n<meta property=\"og:title\" content=\"Mapa web - ICIP\" \/>\n<meta property=\"og:description\" content=\"Mapa web ICIP Qui\u00e9nes somos El equipo Junta de Gobierno Organigrama Perfil del contratante Trabaja con nosotros Transparencia Organizaci\u00f3n institucional y administrativa Estructura organizativa y de funcionamiento Altos cargos y directivos Empleados p\u00fablicos Convocatorias: acceso y resoluci\u00f3n Representaci\u00f3n sindical Econom\u00eda y finanzas Pressupostos aprovats, liquidats i executats Informes de auditor\u00eda de cuentas y fiscalizaci\u00f3n Patrimonio [&hellip;]\" \/>\n<meta property=\"og:url\" content=\"https:\/\/www.icip.cat\/es\/mapa-web\/\" \/>\n<meta property=\"og:site_name\" content=\"ICIP\" \/>\n<meta property=\"article:modified_time\" content=\"2021-01-26T10:17:59+00:00\" \/>\n<meta name=\"twitter:card\" content=\"summary_large_image\" \/>\n<meta name=\"twitter:label1\" content=\"Tiempo de lectura\" \/>\n\t<meta name=\"twitter:data1\" content=\"1 minuto\" \/>\n<script type=\"application\/ld+json\" class=\"yoast-schema-graph\">{\"@context\":\"https:\/\/schema.org\",\"@graph\":[{\"@type\":\"WebPage\",\"@id\":\"https:\/\/www.icip.cat\/es\/mapa-web\/\",\"url\":\"https:\/\/www.icip.cat\/es\/mapa-web\/\",\"name\":\"Mapa web - ICIP\",\"isPartOf\":{\"@id\":\"https:\/\/www.icip.cat\/ca\/#website\"},\"datePublished\":\"2021-01-22T09:46:40+00:00\",\"dateModified\":\"2021-01-26T10:17:59+00:00\",\"inLanguage\":\"es\",\"potentialAction\":[{\"@type\":\"ReadAction\",\"target\":[\"https:\/\/www.icip.cat\/es\/mapa-web\/\"]}]},{\"@type\":\"WebSite\",\"@id\":\"https:\/\/www.icip.cat\/ca\/#website\",\"url\":\"https:\/\/www.icip.cat\/ca\/\",\"name\":\"ICIP\",\"description\":\"\",\"publisher\":{\"@id\":\"https:\/\/www.icip.cat\/ca\/#organization\"},\"potentialAction\":[{\"@type\":\"SearchAction\",\"target\":{\"@type\":\"EntryPoint\",\"urlTemplate\":\"https:\/\/www.icip.cat\/ca\/?s={search_term_string}\"},\"query-input\":{\"@type\":\"PropertyValueSpecification\",\"valueRequired\":true,\"valueName\":\"search_term_string\"}}],\"inLanguage\":\"es\"},{\"@type\":\"Organization\",\"@id\":\"https:\/\/www.icip.cat\/ca\/#organization\",\"name\":\"ICIP\",\"url\":\"https:\/\/www.icip.cat\/ca\/\",\"logo\":{\"@type\":\"ImageObject\",\"inLanguage\":\"es\",\"@id\":\"https:\/\/www.icip.cat\/ca\/#\/schema\/logo\/image\/\",\"url\":\"https:\/\/www.icip.cat\/wp-content\/uploads\/2021\/02\/logo-2.png\",\"contentUrl\":\"https:\/\/www.icip.cat\/wp-content\/uploads\/2021\/02\/logo-2.png\",\"width\":562,\"height\":391,\"caption\":\"ICIP\"},\"image\":{\"@id\":\"https:\/\/www.icip.cat\/ca\/#\/schema\/logo\/image\/\"}}]}<\/script>\n<!-- \/ Yoast SEO plugin. -->","yoast_head_json":{"title":"Mapa web - ICIP","robots":{"index":"index","follow":"follow","max-snippet":"max-snippet:-1","max-image-preview":"max-image-preview:large","max-video-preview":"max-video-preview:-1"},"canonical":"https:\/\/www.icip.cat\/es\/mapa-web\/","og_locale":"es_ES","og_type":"article","og_title":"Mapa web - ICIP","og_description":"Mapa web ICIP Qui\u00e9nes somos El equipo Junta de Gobierno Organigrama Perfil del contratante Trabaja con nosotros Transparencia Organizaci\u00f3n institucional y administrativa Estructura organizativa y de funcionamiento Altos cargos y directivos Empleados p\u00fablicos Convocatorias: acceso y resoluci\u00f3n Representaci\u00f3n sindical Econom\u00eda y finanzas Pressupostos aprovats, liquidats i executats Informes de auditor\u00eda de cuentas y fiscalizaci\u00f3n Patrimonio [&hellip;]","og_url":"https:\/\/www.icip.cat\/es\/mapa-web\/","og_site_name":"ICIP","article_modified_time":"2021-01-26T10:17:59+00:00","twitter_card":"summary_large_image","twitter_misc":{"Tiempo de lectura":"1 minuto"},"schema":{"@context":"https:\/\/schema.org","@graph":[{"@type":"WebPage","@id":"https:\/\/www.icip.cat\/es\/mapa-web\/","url":"https:\/\/www.icip.cat\/es\/mapa-web\/","name":"Mapa web - ICIP","isPartOf":{"@id":"https:\/\/www.icip.cat\/ca\/#website"},"datePublished":"2021-01-22T09:46:40+00:00","dateModified":"2021-01-26T10:17:59+00:00","inLanguage":"es","potentialAction":[{"@type":"ReadAction","target":["https:\/\/www.icip.cat\/es\/mapa-web\/"]}]},{"@type":"WebSite","@id":"https:\/\/www.icip.cat\/ca\/#website","url":"https:\/\/www.icip.cat\/ca\/","name":"ICIP","description":"","publisher":{"@id":"https:\/\/www.icip.cat\/ca\/#organization"},"potentialAction":[{"@type":"SearchAction","target":{"@type":"EntryPoint","urlTemplate":"https:\/\/www.icip.cat\/ca\/?s={search_term_string}"},"query-input":{"@type":"PropertyValueSpecification","valueRequired":true,"valueName":"search_term_string"}}],"inLanguage":"es"},{"@type":"Organization","@id":"https:\/\/www.icip.cat\/ca\/#organization","name":"ICIP","url":"https:\/\/www.icip.cat\/ca\/","logo":{"@type":"ImageObject","inLanguage":"es","@id":"https:\/\/www.icip.cat\/ca\/#\/schema\/logo\/image\/","url":"https:\/\/www.icip.cat\/wp-content\/uploads\/2021\/02\/logo-2.png","contentUrl":"https:\/\/www.icip.cat\/wp-content\/uploads\/2021\/02\/logo-2.png","width":562,"height":391,"caption":"ICIP"},"image":{"@id":"https:\/\/www.icip.cat\/ca\/#\/schema\/logo\/image\/"}}]}},"_links":{"self":[{"href":"https:\/\/www.icip.cat\/es\/wp-json\/wp\/v2\/pages\/13830","targetHints":{"allow":["GET"]}}],"collection":[{"href":"https:\/\/www.icip.cat\/es\/wp-json\/wp\/v2\/pages"}],"about":[{"href":"https:\/\/www.icip.cat\/es\/wp-json\/wp\/v2\/types\/page"}],"author":[{"embeddable":true,"href":"https:\/\/www.icip.cat\/es\/wp-json\/wp\/v2\/users\/1"}],"replies":[{"embeddable":true,"href":"https:\/\/www.icip.cat\/es\/wp-json\/wp\/v2\/comments?post=13830"}],"version-history":[{"count":7,"href":"https:\/\/www.icip.cat\/es\/wp-json\/wp\/v2\/pages\/13830\/revisions"}],"predecessor-version":[{"id":14823,"href":"https:\/\/www.icip.cat\/es\/wp-json\/wp\/v2\/pages\/13830\/revisions\/14823"}],"wp:attachment":[{"href":"https:\/\/www.icip.cat\/es\/wp-json\/wp\/v2\/media?parent=13830"}],"curies":[{"name":"wp","href":"https:\/\/api.w.org\/{rel}","templated":true}]}}