{"id":22587,"date":"2021-10-01T08:42:44","date_gmt":"2021-10-01T08:42:44","guid":{"rendered":"https:\/\/www.icip.cat\/segon-congres-mundial-per-la-pau\/"},"modified":"2021-10-13T07:36:53","modified_gmt":"2021-10-13T07:36:53","slug":"segundo-congreso-internacional-por-la-paz","status":"publish","type":"page","link":"https:\/\/www.icip.cat\/es\/segundo-congreso-internacional-por-la-paz\/","title":{"rendered":"Segundo Congreso Mundial por la Paz"},"content":{"rendered":"\t\t<div data-elementor-type=\"wp-page\" data-elementor-id=\"22587\" class=\"elementor elementor-22587 elementor-21520\" data-elementor-post-type=\"page\">\n\t\t\t\t\t\t<section class=\"elementor-section elementor-top-section elementor-element elementor-element-2441068 elementor-section-boxed elementor-section-height-default elementor-section-height-default\" data-id=\"2441068\" data-element_type=\"section\" data-settings=\"{&quot;background_background&quot;:&quot;classic&quot;}\">\n\t\t\t\t\t\t\t<div class=\"elementor-background-overlay\"><\/div>\n\t\t\t\t\t\t\t<div class=\"elementor-container elementor-column-gap-default\">\n\t\t\t\t\t<div class=\"elementor-column elementor-col-100 elementor-top-column elementor-element elementor-element-f2cf5ee\" data-id=\"f2cf5ee\" data-element_type=\"column\">\n\t\t\t<div class=\"elementor-widget-wrap elementor-element-populated\">\n\t\t\t\t\t\t<div class=\"elementor-element elementor-element-5baf251 elementor-widget elementor-widget-heading\" data-id=\"5baf251\" data-element_type=\"widget\" data-widget_type=\"heading.default\">\n\t\t\t\t<div class=\"elementor-widget-container\">\n\t\t\t\t\t<h1 class=\"elementor-heading-title elementor-size-xl\">Segundo Congreso Mundial <br>por la Paz<\/h1>\t\t\t\t<\/div>\n\t\t\t\t<\/div>\n\t\t\t\t\t<\/div>\n\t\t<\/div>\n\t\t\t\t\t<\/div>\n\t\t<\/section>\n\t\t\t\t<section class=\"elementor-section elementor-top-section elementor-element elementor-element-365a64a2 elementor-section-boxed elementor-section-height-default elementor-section-height-default\" data-id=\"365a64a2\" data-element_type=\"section\">\n\t\t\t\t\t\t<div class=\"elementor-container elementor-column-gap-default\">\n\t\t\t\t\t<div class=\"elementor-column elementor-col-100 elementor-top-column elementor-element elementor-element-63a0a7e\" data-id=\"63a0a7e\" data-element_type=\"column\">\n\t\t\t<div class=\"elementor-widget-wrap elementor-element-populated\">\n\t\t\t\t\t\t<div class=\"elementor-element elementor-element-e11ae72 elementor-widget elementor-widget-text-editor\" data-id=\"e11ae72\" data-element_type=\"widget\" data-widget_type=\"text-editor.default\">\n\t\t\t\t<div class=\"elementor-widget-container\">\n\t\t\t\t\t\t\t\t\t<p>Del 15 al 17 de octubre Barcelona acoger\u00e1 el <a href=\"https:\/\/www.ipb2021.barcelona\/\">Segundo Congreso Internacional por la Paz<\/a>, un encuentro de representantes y organizaciones del pacifismo a nivel mundial organizada por el International Peace Bureau (<a href=\"https:\/\/www.ipb.org\/\">IPB<\/a>) y el ICIP.<\/p><p>Con el t\u00edtulo \u00ab(Re) imagina el mundo. Acci\u00f3n por la paz y la justicia\u00bb, el congreso contar\u00e1 con participantes de 40 pa\u00edses, con actividades presenciales, conferencias y talleres, la mayor\u00eda de los cuales tendr\u00e1n lugar en el Centro de Cultura Contempor\u00e1nea de Barcelona (<a href=\"https:\/\/www.cccb.org\/es\">CCCB<\/a>).<\/p>\t\t\t\t\t\t\t\t<\/div>\n\t\t\t\t<\/div>\n\t\t\t\t<section class=\"elementor-section elementor-inner-section elementor-element elementor-element-8f3a278 elementor-section-boxed elementor-section-height-default elementor-section-height-default\" data-id=\"8f3a278\" data-element_type=\"section\">\n\t\t\t\t\t\t<div class=\"elementor-container elementor-column-gap-default\">\n\t\t\t\t\t<div class=\"elementor-column elementor-col-100 elementor-inner-column elementor-element elementor-element-0d35b9a\" data-id=\"0d35b9a\" data-element_type=\"column\">\n\t\t\t<div class=\"elementor-widget-wrap elementor-element-populated\">\n\t\t\t\t\t\t<div class=\"elementor-element elementor-element-e9d61d9 elementor-widget__width-initial elementor-widget elementor-widget-video\" data-id=\"e9d61d9\" data-element_type=\"widget\" data-settings=\"{&quot;youtube_url&quot;:&quot;https:\\\/\\\/www.youtube.com\\\/watch?v=yfMSOOKghd8&quot;,&quot;video_type&quot;:&quot;youtube&quot;,&quot;controls&quot;:&quot;yes&quot;}\" data-widget_type=\"video.default\">\n\t\t\t\t<div class=\"elementor-widget-container\">\n\t\t\t\t\t\t\t<div class=\"elementor-wrapper elementor-open-inline\">\n\t\t\t<div class=\"elementor-video\"><\/div>\t\t<\/div>\n\t\t\t\t\t\t<\/div>\n\t\t\t\t<\/div>\n\t\t\t\t\t<\/div>\n\t\t<\/div>\n\t\t\t\t\t<\/div>\n\t\t<\/section>\n\t\t\t\t<div class=\"elementor-element elementor-element-78524c2f elementor-widget elementor-widget-text-editor\" data-id=\"78524c2f\" data-element_type=\"widget\" data-widget_type=\"text-editor.default\">\n\t\t\t\t<div class=\"elementor-widget-container\">\n\t\t\t\t\t\t\t\t\t<p>El evento quiere ser un punto de encuentro de diferentes actores del pacifismo internacional, redefinir la acci\u00f3n por la paz y, como dice el lema del congreso, reimaginar el mundo bajo el prisma de la cultura de paz.<\/p><p>Al mismo tiempo se quiere favorecer sinergias entre organizaciones e individuos, y entre movimientos sociales interconectados que luchan por la justicia global: defensoras de la paz y el desarme, activistas feministas y LGTBI+, ecologistas y activistas del clima, antirracistas y ind\u00edgenas, defensores de los derechos humanos y sindicalistas.<\/p><p><strong>Formato h\u00edbrido<\/strong><\/p><p>Debido a la situaci\u00f3n actual de pandemia, el congreso tendr\u00e1 un formato h\u00edbrido y la gran mayor\u00eda de las actividades se podr\u00e1n seguir a trav\u00e9s de internet.<\/p><p>Puede consultar el programa completo en <a href=\"https:\/\/www.ipb2021.barcelona\/wp-content\/uploads\/2021\/10\/ipb_congress2021_programaA4_ENG_1110b_pp.pdf\">este enlace<\/a>.<\/p>\t\t\t\t\t\t\t\t<\/div>\n\t\t\t\t<\/div>\n\t\t\t\t<div class=\"elementor-element elementor-element-ddbcffa elementor-widget elementor-widget-image\" data-id=\"ddbcffa\" data-element_type=\"widget\" data-widget_type=\"image.default\">\n\t\t\t\t<div class=\"elementor-widget-container\">\n\t\t\t\t\t\t\t\t\t\t\t\t\t\t\t<img fetchpriority=\"high\" decoding=\"async\" width=\"640\" height=\"360\" src=\"https:\/\/www.icip.cat\/wp-content\/uploads\/2021\/10\/Speak-Up-ES-768x432.png\" class=\"attachment-medium_large size-medium_large wp-image-22685\" alt=\"\" srcset=\"https:\/\/www.icip.cat\/wp-content\/uploads\/2021\/10\/Speak-Up-ES-768x432.png 768w, https:\/\/www.icip.cat\/wp-content\/uploads\/2021\/10\/Speak-Up-ES-300x169.png 300w, https:\/\/www.icip.cat\/wp-content\/uploads\/2021\/10\/Speak-Up-ES-1024x576.png 1024w, https:\/\/www.icip.cat\/wp-content\/uploads\/2021\/10\/Speak-Up-ES-1536x864.png 1536w, https:\/\/www.icip.cat\/wp-content\/uploads\/2021\/10\/Speak-Up-ES.png 1600w\" sizes=\"(max-width: 640px) 100vw, 640px\" \/>\t\t\t\t\t\t\t\t\t\t\t\t\t\t\t<\/div>\n\t\t\t\t<\/div>\n\t\t\t\t<div class=\"elementor-element elementor-element-a203760 elementor-widget elementor-widget-text-editor\" data-id=\"a203760\" data-element_type=\"widget\" data-widget_type=\"text-editor.default\">\n\t\t\t\t<div class=\"elementor-widget-container\">\n\t\t\t\t\t\t\t\t\t<p><strong>M\u00e1s de 30 ponentes<\/strong><\/p><p>Durante los tres d\u00edas del congreso habr\u00e1 charlas y conferencias a cargo de m\u00e1s de una treintena de ponentes.<\/p><p>Entre los participantes hay nombres destacados como Noam Chomsky, Vandana Shiva, Jody Williams, Martin Chungong, Wada Masako y Beatrice Fihn. Tambi\u00e9n se har\u00e1n diferentes talleres sobre <em>Econom\u00eda de paz<\/em>, <em>Acuerdos de paz para terminar guerras,<\/em> <em>Periodismo noviolento para la paz<\/em> o <em>Paz racismo y migraciones<\/em>.<\/p><p>El organizador principal del congreso es el IPB, una entidad que tiene su oficina central en Berl\u00edn y cuenta con oficinas en Barcelona y Ginebra. La oficina de la capital catalana funciona desde hace cuatro a\u00f1os y desde ah\u00ed se dinamiza la campa\u00f1a internacional para la reducci\u00f3n de los gastos militares, la Global Campaign donde Military Spending (GCOMS), gestionada en colaboraci\u00f3n con el Centro Del\u00e0s . El IPB tiene una red de 400 miembros y el Centro Del\u00e0s forma parte de la junta directiva.<\/p><p><strong>Actividades del ICIP<\/strong><\/p><p>Con motivo del congreso, el ICIP est\u00e1 preparando diversas actividades, incluido el estreno de una nueva exposici\u00f3n sobre violencia en Am\u00e9rica Central y tres conferencias, adem\u00e1s de un concierto y un homenaje a Arcadi Oliveres.<\/p><p>Durante los tres d\u00edas del Congreso se podr\u00e1 ver en la Plaza de Joan Coromines la exposici\u00f3n \u00abCara a cara con las violencias. Relatos de resiliencia en Centroam\u00e9rica\u00bb, creada por el colectivo <a href=\"https:\/\/www.ruidophoto.com\/es\/\">Ruido Photo<\/a>.<\/p><p>Durante la celebraci\u00f3n del congreso, el ICIP organizar\u00e1 tres conferencias con diferentes colaboradores.<\/p><p>El s\u00e1bado 16 a las 12 h tendr\u00e1 lugar la actividad \u00abMujeres en la di\u00e1spora construyendo la paz\u00bb donde se presentar\u00e1 y hablar\u00e1 del nuevo informe ICIP, \u00abLas mujeres y la construcci\u00f3n de la paz desde la di\u00e1spora y el exilio en Europa\u00bb.<\/p><p>La segunda conferencia tendr\u00e1 lugar el domingo 17 de octubre a las 10.45 y se titula \u00ab10 a\u00f1os de paz en el Pa\u00eds Vasco: el papel de la sociedad civil\u00bb. Se centrar\u00e1 en el papel que han jugado y siguen jugando en el proceso de paz diversas organizaciones de la sociedad civil en el Pa\u00eds Vasco. Tambi\u00e9n se recordar\u00e1 la Conferencia Internacional de Paz que la organizaci\u00f3n social vasca Lokarri organiz\u00f3 el 17 de septiembre de 2011.<\/p><p>La \u00faltima de las charlas organizadas por el ICIP tambi\u00e9n se har\u00e1 el domingo 17 a las 10.45. Se titula \u00abDefender los derechos humanos, promover la paz\u00bb. Se organiza con la Agencia Catalana de Cooperaci\u00f3n al Desarrollo (ACCD), en representaci\u00f3n del programa Ciudades Defensoras de los Derechos Humanos, y se hablar\u00e1 de las m\u00faltiples conexiones entre defender los derechos humanos y construir la paz.<\/p>\t\t\t\t\t\t\t\t<\/div>\n\t\t\t\t<\/div>\n\t\t\t\t<div class=\"elementor-element elementor-element-f155d54 elementor-widget elementor-widget-image\" data-id=\"f155d54\" data-element_type=\"widget\" data-widget_type=\"image.default\">\n\t\t\t\t<div class=\"elementor-widget-container\">\n\t\t\t\t\t\t\t\t\t\t\t\t\t\t\t<img decoding=\"async\" width=\"640\" height=\"360\" src=\"https:\/\/www.icip.cat\/wp-content\/uploads\/2021\/10\/ICIP-Actividades-IPB.jpeg\" class=\"attachment-medium_large size-medium_large wp-image-22948\" alt=\"\" srcset=\"https:\/\/www.icip.cat\/wp-content\/uploads\/2021\/10\/ICIP-Actividades-IPB.jpeg 640w, https:\/\/www.icip.cat\/wp-content\/uploads\/2021\/10\/ICIP-Actividades-IPB-300x169.jpeg 300w\" sizes=\"(max-width: 640px) 100vw, 640px\" \/>\t\t\t\t\t\t\t\t\t\t\t\t\t\t\t<\/div>\n\t\t\t\t<\/div>\n\t\t\t\t<div class=\"elementor-element elementor-element-74de7b5 elementor-widget elementor-widget-text-editor\" data-id=\"74de7b5\" data-element_type=\"widget\" data-widget_type=\"text-editor.default\">\n\t\t\t\t<div class=\"elementor-widget-container\">\n\t\t\t\t\t\t\t\t\t<p><strong>Un concierto y un homenaje a Arcadi Oliveres<\/strong><\/p><p>El ICIP tambi\u00e9n ser\u00e1 uno de los responsables de liderar la parte l\u00fadica del festival con un concierto que se realizar\u00e1 el s\u00e1bado por la tarde en el Patio de les Dones del CCCB (17.30h). En este concierto participar\u00e1 Bigw\u00e9 y la cantante Memi Sillah y su banda.<\/p><p>Antes de la m\u00fasica, las entidades de paz de Catalu\u00f1a rendir\u00e1n un homenaje al activista Arcadi Oliveres, quien falleci\u00f3 el pasado 6 de abril. En este acto se recordar\u00e1 su figura clave para el movimiento de paz catal\u00e1n.<\/p>\t\t\t\t\t\t\t\t<\/div>\n\t\t\t\t<\/div>\n\t\t\t\t\t<\/div>\n\t\t<\/div>\n\t\t\t\t\t<\/div>\n\t\t<\/section>\n\t\t\t\t<section class=\"elementor-section elementor-top-section elementor-element elementor-element-492db68 elementor-section-boxed elementor-section-height-default elementor-section-height-default\" data-id=\"492db68\" data-element_type=\"section\">\n\t\t\t\t\t\t<div class=\"elementor-container elementor-column-gap-default\">\n\t\t\t\t\t<div class=\"elementor-column elementor-col-100 elementor-top-column elementor-element elementor-element-1d46526\" data-id=\"1d46526\" data-element_type=\"column\">\n\t\t\t<div class=\"elementor-widget-wrap elementor-element-populated\">\n\t\t\t\t\t\t<div class=\"elementor-element elementor-element-0aaedd5 elementor-widget elementor-widget-text-editor\" data-id=\"0aaedd5\" data-element_type=\"widget\" data-widget_type=\"text-editor.default\">\n\t\t\t\t<div class=\"elementor-widget-container\">\n\t\t\t\t\t\t\t\t\t<h2>Talleres en el marco del Congreso<\/h2>\t\t\t\t\t\t\t\t<\/div>\n\t\t\t\t<\/div>\n\t\t\t\t\t<\/div>\n\t\t<\/div>\n\t\t\t\t\t<\/div>\n\t\t<\/section>\n\t\t\t\t<section class=\"elementor-section elementor-top-section elementor-element elementor-element-ecc0c1f elementor-section-boxed elementor-section-height-default elementor-section-height-default\" data-id=\"ecc0c1f\" data-element_type=\"section\">\n\t\t\t\t\t\t<div class=\"elementor-container elementor-column-gap-default\">\n\t\t\t\t\t<div class=\"elementor-column elementor-col-100 elementor-top-column elementor-element elementor-element-8bfbaca\" data-id=\"8bfbaca\" data-element_type=\"column\">\n\t\t\t<div class=\"elementor-widget-wrap elementor-element-populated\">\n\t\t\t\t\t\t<div class=\"elementor-element elementor-element-3e41ab9 elementor-widget elementor-widget-icip-relatedlisting\" data-id=\"3e41ab9\" data-element_type=\"widget\" data-widget_type=\"icip-relatedlisting.default\">\n\t\t\t\t<div class=\"elementor-widget-container\">\n\t\t\t\t\t<div class=\"block-related-listing\"  data-view-type=\"list\"><div class=\"list\"><article class=\"entry\"><a href=\"https:\/\/www.icip.cat\/es\/event\/mujeres-en-la-diaspora-construyendo-la-paz\/\" class=\"link icip_event\"><div class=\"icon\"><svg height='100px' width='100px'  fill=\"#000000\" xmlns=\"http:\/\/www.w3.org\/2000\/svg\" data-name=\"Layer 1\" viewBox=\"0 0 100 100\" x=\"0px\" y=\"0px\"><title>50<\/title><path d=\"M66.81836,26.66357V20.77881H61.33984v-6h5.47852V8a3,3,0,0,1,6,0V26.66357a3,3,0,1,1-6,0Zm-12.87891,3a2.99983,2.99983,0,0,0,3-3V8a3,3,0,0,0-6,0v6.77881H45.46v6h5.47949v5.88476A2.99984,2.99984,0,0,0,53.93945,29.66357Zm-15.8789,0a2.99984,2.99984,0,0,0,3-3V8a3,3,0,0,0-6,0v6.77881H29.58008v6h5.48047v5.88476A2.99983,2.99983,0,0,0,38.06055,29.66357ZM95,72A22.9849,22.9849,0,0,1,54.58643,87H14.84961A9.86143,9.86143,0,0,1,5,77.1499V24.64014a9.86643,9.86643,0,0,1,9.84961-9.86035h4.332V8a3,3,0,0,1,6,0V26.66357a3,3,0,0,1-6,0V20.77979h-4.332A3.85924,3.85924,0,0,0,11,24.64014V36.00342H81V24.63867a3.8696,3.8696,0,0,0-3.8125-3.85986l.06445-6A9.89016,9.89016,0,0,1,87,24.63867V54.5863A22.94994,22.94994,0,0,1,95,72ZM50.83557,81A22.99691,22.99691,0,0,1,81,50.83557V42.00342H11V77.1499A3.85392,3.85392,0,0,0,14.84961,81ZM89,72A17,17,0,1,0,72,89,17.019,17.019,0,0,0,89,72ZM70.03516,74.49463l-4.10059-4.1001-4.24219,4.24219L70.03516,82.98,86.11328,66.90234l-4.24219-4.24316Z\"><\/path><\/svg><\/div><div class=\"details\"><h2 class=\"title\">Mujeres en la di\u00e1spora construyendo la paz<\/h2><\/div><\/a><\/article><article class=\"entry\"><a href=\"https:\/\/www.icip.cat\/es\/event\/10-anys-de-pau-al-pais-basc-el-paper-de-la-societat-civil\/\" class=\"link icip_event\"><div class=\"icon\"><svg height='100px' width='100px'  fill=\"#000000\" xmlns=\"http:\/\/www.w3.org\/2000\/svg\" data-name=\"Layer 1\" viewBox=\"0 0 100 100\" x=\"0px\" y=\"0px\"><title>50<\/title><path d=\"M66.81836,26.66357V20.77881H61.33984v-6h5.47852V8a3,3,0,0,1,6,0V26.66357a3,3,0,1,1-6,0Zm-12.87891,3a2.99983,2.99983,0,0,0,3-3V8a3,3,0,0,0-6,0v6.77881H45.46v6h5.47949v5.88476A2.99984,2.99984,0,0,0,53.93945,29.66357Zm-15.8789,0a2.99984,2.99984,0,0,0,3-3V8a3,3,0,0,0-6,0v6.77881H29.58008v6h5.48047v5.88476A2.99983,2.99983,0,0,0,38.06055,29.66357ZM95,72A22.9849,22.9849,0,0,1,54.58643,87H14.84961A9.86143,9.86143,0,0,1,5,77.1499V24.64014a9.86643,9.86643,0,0,1,9.84961-9.86035h4.332V8a3,3,0,0,1,6,0V26.66357a3,3,0,0,1-6,0V20.77979h-4.332A3.85924,3.85924,0,0,0,11,24.64014V36.00342H81V24.63867a3.8696,3.8696,0,0,0-3.8125-3.85986l.06445-6A9.89016,9.89016,0,0,1,87,24.63867V54.5863A22.94994,22.94994,0,0,1,95,72ZM50.83557,81A22.99691,22.99691,0,0,1,81,50.83557V42.00342H11V77.1499A3.85392,3.85392,0,0,0,14.84961,81ZM89,72A17,17,0,1,0,72,89,17.019,17.019,0,0,0,89,72ZM70.03516,74.49463l-4.10059-4.1001-4.24219,4.24219L70.03516,82.98,86.11328,66.90234l-4.24219-4.24316Z\"><\/path><\/svg><\/div><div class=\"details\"><h2 class=\"title\">10 a\u00f1os de paz en el Pa\u00eds Vasco: el papel de la sociedad civil<\/h2><\/div><\/a><\/article><article class=\"entry\"><a href=\"https:\/\/www.icip.cat\/es\/event\/defender-los-derechos-humanos-promover-la-paz\/\" class=\"link icip_event\"><div class=\"icon\"><svg height='100px' width='100px'  fill=\"#000000\" xmlns=\"http:\/\/www.w3.org\/2000\/svg\" data-name=\"Layer 1\" viewBox=\"0 0 100 100\" x=\"0px\" y=\"0px\"><title>50<\/title><path d=\"M66.81836,26.66357V20.77881H61.33984v-6h5.47852V8a3,3,0,0,1,6,0V26.66357a3,3,0,1,1-6,0Zm-12.87891,3a2.99983,2.99983,0,0,0,3-3V8a3,3,0,0,0-6,0v6.77881H45.46v6h5.47949v5.88476A2.99984,2.99984,0,0,0,53.93945,29.66357Zm-15.8789,0a2.99984,2.99984,0,0,0,3-3V8a3,3,0,0,0-6,0v6.77881H29.58008v6h5.48047v5.88476A2.99983,2.99983,0,0,0,38.06055,29.66357ZM95,72A22.9849,22.9849,0,0,1,54.58643,87H14.84961A9.86143,9.86143,0,0,1,5,77.1499V24.64014a9.86643,9.86643,0,0,1,9.84961-9.86035h4.332V8a3,3,0,0,1,6,0V26.66357a3,3,0,0,1-6,0V20.77979h-4.332A3.85924,3.85924,0,0,0,11,24.64014V36.00342H81V24.63867a3.8696,3.8696,0,0,0-3.8125-3.85986l.06445-6A9.89016,9.89016,0,0,1,87,24.63867V54.5863A22.94994,22.94994,0,0,1,95,72ZM50.83557,81A22.99691,22.99691,0,0,1,81,50.83557V42.00342H11V77.1499A3.85392,3.85392,0,0,0,14.84961,81ZM89,72A17,17,0,1,0,72,89,17.019,17.019,0,0,0,89,72ZM70.03516,74.49463l-4.10059-4.1001-4.24219,4.24219L70.03516,82.98,86.11328,66.90234l-4.24219-4.24316Z\"><\/path><\/svg><\/div><div class=\"details\"><h2 class=\"title\">Defender los derechos humanos, promover la paz<\/h2><\/div><\/a><\/article><\/div><\/div>\t\t\t\t<\/div>\n\t\t\t\t<\/div>\n\t\t\t\t\t<\/div>\n\t\t<\/div>\n\t\t\t\t\t<\/div>\n\t\t<\/section>\n\t\t\t\t<\/div>\n\t\t","protected":false},"excerpt":{"rendered":"<p>Segundo Congreso Mundial por la Paz Del 15 al 17 de octubre Barcelona acoger\u00e1 el Segundo Congreso Internacional por la Paz, un encuentro de representantes y organizaciones del pacifismo a nivel mundial organizada por el International Peace Bureau (IPB) y el ICIP. Con el t\u00edtulo \u00ab(Re) imagina el mundo. Acci\u00f3n por la paz y la [&hellip;]<\/p>\n","protected":false},"author":4,"featured_media":0,"parent":0,"menu_order":0,"comment_status":"closed","ping_status":"closed","template":"","meta":{"_acf_changed":false,"footnotes":""},"class_list":["post-22587","page","type-page","status-publish","hentry"],"acf":[],"yoast_head":"<!-- This site is optimized with the Yoast SEO plugin v25.6 - https:\/\/yoast.com\/wordpress\/plugins\/seo\/ -->\n<title>Segundo Congreso Mundial por la Paz - ICIP<\/title>\n<meta name=\"description\" content=\"Barcelona acoger\u00e1 el Segundo Congreso Internacional por la Paz organizado por el International Peace Bureau (IPB) y el ICIP.\" \/>\n<meta name=\"robots\" content=\"index, follow, max-snippet:-1, max-image-preview:large, max-video-preview:-1\" \/>\n<link rel=\"canonical\" href=\"https:\/\/www.icip.cat\/es\/segundo-congreso-internacional-por-la-paz\/\" \/>\n<meta property=\"og:locale\" content=\"es_ES\" \/>\n<meta property=\"og:type\" content=\"article\" \/>\n<meta property=\"og:title\" content=\"Segundo Congreso Mundial por la Paz - ICIP\" \/>\n<meta property=\"og:description\" content=\"Barcelona acoger\u00e1 el Segundo Congreso Internacional por la Paz organizado por el International Peace Bureau (IPB) y el ICIP.\" \/>\n<meta property=\"og:url\" content=\"https:\/\/www.icip.cat\/es\/segundo-congreso-internacional-por-la-paz\/\" \/>\n<meta property=\"og:site_name\" content=\"ICIP\" \/>\n<meta property=\"article:modified_time\" content=\"2021-10-13T07:36:53+00:00\" \/>\n<meta property=\"og:image\" content=\"http:\/\/www.icip.cat\/wp-content\/uploads\/2021\/10\/Speak-Up-ES-768x432.png\" \/>\n<meta name=\"twitter:card\" content=\"summary_large_image\" \/>\n<meta name=\"twitter:label1\" content=\"Tiempo de lectura\" \/>\n\t<meta name=\"twitter:data1\" content=\"4 minutos\" \/>\n<script type=\"application\/ld+json\" class=\"yoast-schema-graph\">{\"@context\":\"https:\/\/schema.org\",\"@graph\":[{\"@type\":\"WebPage\",\"@id\":\"https:\/\/www.icip.cat\/es\/segundo-congreso-internacional-por-la-paz\/\",\"url\":\"https:\/\/www.icip.cat\/es\/segundo-congreso-internacional-por-la-paz\/\",\"name\":\"Segundo Congreso Mundial por la Paz - ICIP\",\"isPartOf\":{\"@id\":\"https:\/\/www.icip.cat\/ca\/#website\"},\"primaryImageOfPage\":{\"@id\":\"https:\/\/www.icip.cat\/es\/segundo-congreso-internacional-por-la-paz\/#primaryimage\"},\"image\":{\"@id\":\"https:\/\/www.icip.cat\/es\/segundo-congreso-internacional-por-la-paz\/#primaryimage\"},\"thumbnailUrl\":\"http:\/\/www.icip.cat\/wp-content\/uploads\/2021\/10\/Speak-Up-ES-768x432.png\",\"datePublished\":\"2021-10-01T08:42:44+00:00\",\"dateModified\":\"2021-10-13T07:36:53+00:00\",\"description\":\"Barcelona acoger\u00e1 el Segundo Congreso Internacional por la Paz organizado por el International Peace Bureau (IPB) y el ICIP.\",\"inLanguage\":\"es\",\"potentialAction\":[{\"@type\":\"ReadAction\",\"target\":[\"https:\/\/www.icip.cat\/es\/segundo-congreso-internacional-por-la-paz\/\"]}]},{\"@type\":\"ImageObject\",\"inLanguage\":\"es\",\"@id\":\"https:\/\/www.icip.cat\/es\/segundo-congreso-internacional-por-la-paz\/#primaryimage\",\"url\":\"http:\/\/www.icip.cat\/wp-content\/uploads\/2021\/10\/Speak-Up-ES-768x432.png\",\"contentUrl\":\"http:\/\/www.icip.cat\/wp-content\/uploads\/2021\/10\/Speak-Up-ES-768x432.png\"},{\"@type\":\"WebSite\",\"@id\":\"https:\/\/www.icip.cat\/ca\/#website\",\"url\":\"https:\/\/www.icip.cat\/ca\/\",\"name\":\"ICIP\",\"description\":\"\",\"publisher\":{\"@id\":\"https:\/\/www.icip.cat\/ca\/#organization\"},\"potentialAction\":[{\"@type\":\"SearchAction\",\"target\":{\"@type\":\"EntryPoint\",\"urlTemplate\":\"https:\/\/www.icip.cat\/ca\/?s={search_term_string}\"},\"query-input\":{\"@type\":\"PropertyValueSpecification\",\"valueRequired\":true,\"valueName\":\"search_term_string\"}}],\"inLanguage\":\"es\"},{\"@type\":\"Organization\",\"@id\":\"https:\/\/www.icip.cat\/ca\/#organization\",\"name\":\"ICIP\",\"url\":\"https:\/\/www.icip.cat\/ca\/\",\"logo\":{\"@type\":\"ImageObject\",\"inLanguage\":\"es\",\"@id\":\"https:\/\/www.icip.cat\/ca\/#\/schema\/logo\/image\/\",\"url\":\"https:\/\/www.icip.cat\/wp-content\/uploads\/2021\/02\/logo-2.png\",\"contentUrl\":\"https:\/\/www.icip.cat\/wp-content\/uploads\/2021\/02\/logo-2.png\",\"width\":562,\"height\":391,\"caption\":\"ICIP\"},\"image\":{\"@id\":\"https:\/\/www.icip.cat\/ca\/#\/schema\/logo\/image\/\"}}]}<\/script>\n<!-- \/ Yoast SEO plugin. -->","yoast_head_json":{"title":"Segundo Congreso Mundial por la Paz - ICIP","description":"Barcelona acoger\u00e1 el Segundo Congreso Internacional por la Paz organizado por el International Peace Bureau (IPB) y el ICIP.","robots":{"index":"index","follow":"follow","max-snippet":"max-snippet:-1","max-image-preview":"max-image-preview:large","max-video-preview":"max-video-preview:-1"},"canonical":"https:\/\/www.icip.cat\/es\/segundo-congreso-internacional-por-la-paz\/","og_locale":"es_ES","og_type":"article","og_title":"Segundo Congreso Mundial por la Paz - ICIP","og_description":"Barcelona acoger\u00e1 el Segundo Congreso Internacional por la Paz organizado por el International Peace Bureau (IPB) y el ICIP.","og_url":"https:\/\/www.icip.cat\/es\/segundo-congreso-internacional-por-la-paz\/","og_site_name":"ICIP","article_modified_time":"2021-10-13T07:36:53+00:00","og_image":[{"url":"http:\/\/www.icip.cat\/wp-content\/uploads\/2021\/10\/Speak-Up-ES-768x432.png","type":"","width":"","height":""}],"twitter_card":"summary_large_image","twitter_misc":{"Tiempo de lectura":"4 minutos"},"schema":{"@context":"https:\/\/schema.org","@graph":[{"@type":"WebPage","@id":"https:\/\/www.icip.cat\/es\/segundo-congreso-internacional-por-la-paz\/","url":"https:\/\/www.icip.cat\/es\/segundo-congreso-internacional-por-la-paz\/","name":"Segundo Congreso Mundial por la Paz - ICIP","isPartOf":{"@id":"https:\/\/www.icip.cat\/ca\/#website"},"primaryImageOfPage":{"@id":"https:\/\/www.icip.cat\/es\/segundo-congreso-internacional-por-la-paz\/#primaryimage"},"image":{"@id":"https:\/\/www.icip.cat\/es\/segundo-congreso-internacional-por-la-paz\/#primaryimage"},"thumbnailUrl":"http:\/\/www.icip.cat\/wp-content\/uploads\/2021\/10\/Speak-Up-ES-768x432.png","datePublished":"2021-10-01T08:42:44+00:00","dateModified":"2021-10-13T07:36:53+00:00","description":"Barcelona acoger\u00e1 el Segundo Congreso Internacional por la Paz organizado por el International Peace Bureau (IPB) y el ICIP.","inLanguage":"es","potentialAction":[{"@type":"ReadAction","target":["https:\/\/www.icip.cat\/es\/segundo-congreso-internacional-por-la-paz\/"]}]},{"@type":"ImageObject","inLanguage":"es","@id":"https:\/\/www.icip.cat\/es\/segundo-congreso-internacional-por-la-paz\/#primaryimage","url":"http:\/\/www.icip.cat\/wp-content\/uploads\/2021\/10\/Speak-Up-ES-768x432.png","contentUrl":"http:\/\/www.icip.cat\/wp-content\/uploads\/2021\/10\/Speak-Up-ES-768x432.png"},{"@type":"WebSite","@id":"https:\/\/www.icip.cat\/ca\/#website","url":"https:\/\/www.icip.cat\/ca\/","name":"ICIP","description":"","publisher":{"@id":"https:\/\/www.icip.cat\/ca\/#organization"},"potentialAction":[{"@type":"SearchAction","target":{"@type":"EntryPoint","urlTemplate":"https:\/\/www.icip.cat\/ca\/?s={search_term_string}"},"query-input":{"@type":"PropertyValueSpecification","valueRequired":true,"valueName":"search_term_string"}}],"inLanguage":"es"},{"@type":"Organization","@id":"https:\/\/www.icip.cat\/ca\/#organization","name":"ICIP","url":"https:\/\/www.icip.cat\/ca\/","logo":{"@type":"ImageObject","inLanguage":"es","@id":"https:\/\/www.icip.cat\/ca\/#\/schema\/logo\/image\/","url":"https:\/\/www.icip.cat\/wp-content\/uploads\/2021\/02\/logo-2.png","contentUrl":"https:\/\/www.icip.cat\/wp-content\/uploads\/2021\/02\/logo-2.png","width":562,"height":391,"caption":"ICIP"},"image":{"@id":"https:\/\/www.icip.cat\/ca\/#\/schema\/logo\/image\/"}}]}},"_links":{"self":[{"href":"https:\/\/www.icip.cat\/es\/wp-json\/wp\/v2\/pages\/22587","targetHints":{"allow":["GET"]}}],"collection":[{"href":"https:\/\/www.icip.cat\/es\/wp-json\/wp\/v2\/pages"}],"about":[{"href":"https:\/\/www.icip.cat\/es\/wp-json\/wp\/v2\/types\/page"}],"author":[{"embeddable":true,"href":"https:\/\/www.icip.cat\/es\/wp-json\/wp\/v2\/users\/4"}],"replies":[{"embeddable":true,"href":"https:\/\/www.icip.cat\/es\/wp-json\/wp\/v2\/comments?post=22587"}],"version-history":[{"count":26,"href":"https:\/\/www.icip.cat\/es\/wp-json\/wp\/v2\/pages\/22587\/revisions"}],"predecessor-version":[{"id":22995,"href":"https:\/\/www.icip.cat\/es\/wp-json\/wp\/v2\/pages\/22587\/revisions\/22995"}],"wp:attachment":[{"href":"https:\/\/www.icip.cat\/es\/wp-json\/wp\/v2\/media?parent=22587"}],"curies":[{"name":"wp","href":"https:\/\/api.w.org\/{rel}","templated":true}]}}