{"id":26372,"date":"2022-03-25T09:24:56","date_gmt":"2022-03-25T09:24:56","guid":{"rendered":"https:\/\/www.icip.cat\/ucraina\/"},"modified":"2022-09-07T10:40:43","modified_gmt":"2022-09-07T10:40:43","slug":"ucrania","status":"publish","type":"page","link":"https:\/\/www.icip.cat\/es\/ucrania\/","title":{"rendered":"Ucrania"},"content":{"rendered":"\t\t<div data-elementor-type=\"wp-page\" data-elementor-id=\"26372\" class=\"elementor elementor-26372 elementor-26270\" data-elementor-post-type=\"page\">\n\t\t\t\t\t\t<section class=\"elementor-section elementor-top-section elementor-element elementor-element-5c66022 elementor-section-boxed elementor-section-height-default elementor-section-height-default\" data-id=\"5c66022\" data-element_type=\"section\" data-settings=\"{&quot;background_background&quot;:&quot;classic&quot;}\">\n\t\t\t\t\t\t\t<div class=\"elementor-background-overlay\"><\/div>\n\t\t\t\t\t\t\t<div class=\"elementor-container elementor-column-gap-default\">\n\t\t\t\t\t<div class=\"elementor-column elementor-col-100 elementor-top-column elementor-element elementor-element-93d2331\" data-id=\"93d2331\" data-element_type=\"column\">\n\t\t\t<div class=\"elementor-widget-wrap elementor-element-populated\">\n\t\t\t\t\t\t<div class=\"elementor-element elementor-element-4421dd1 elementor-widget elementor-widget-heading\" data-id=\"4421dd1\" data-element_type=\"widget\" data-widget_type=\"heading.default\">\n\t\t\t\t<div class=\"elementor-widget-container\">\n\t\t\t\t\t<h1 class=\"elementor-heading-title elementor-size-xl\">La guerra de Ucrania<\/h1>\t\t\t\t<\/div>\n\t\t\t\t<\/div>\n\t\t\t\t\t<\/div>\n\t\t<\/div>\n\t\t\t\t\t<\/div>\n\t\t<\/section>\n\t\t\t\t<section class=\"elementor-section elementor-top-section elementor-element elementor-element-7d91c3f elementor-section-boxed elementor-section-height-default elementor-section-height-default\" data-id=\"7d91c3f\" data-element_type=\"section\">\n\t\t\t\t\t\t<div class=\"elementor-container elementor-column-gap-default\">\n\t\t\t\t\t<div class=\"elementor-column elementor-col-100 elementor-top-column elementor-element elementor-element-08e6f7b\" data-id=\"08e6f7b\" data-element_type=\"column\">\n\t\t\t<div class=\"elementor-widget-wrap elementor-element-populated\">\n\t\t\t\t\t\t<div class=\"elementor-element elementor-element-12a0997 elementor-widget elementor-widget-heading\" data-id=\"12a0997\" data-element_type=\"widget\" data-widget_type=\"heading.default\">\n\t\t\t\t<div class=\"elementor-widget-container\">\n\t\t\t\t\t<h2 class=\"elementor-heading-title elementor-size-default\">An\u00e1lisis del ICIP en medios de comunicaci\u00f3n<\/h2>\t\t\t\t<\/div>\n\t\t\t\t<\/div>\n\t\t\t\t\t<\/div>\n\t\t<\/div>\n\t\t\t\t\t<\/div>\n\t\t<\/section>\n\t\t\t\t<section class=\"elementor-section elementor-top-section elementor-element elementor-element-d60d380 elementor-section-boxed elementor-section-height-default elementor-section-height-default\" data-id=\"d60d380\" data-element_type=\"section\">\n\t\t\t\t\t\t<div class=\"elementor-container elementor-column-gap-default\">\n\t\t\t\t\t<div class=\"elementor-column elementor-col-100 elementor-top-column elementor-element elementor-element-cd9c8e2\" data-id=\"cd9c8e2\" data-element_type=\"column\">\n\t\t\t<div class=\"elementor-widget-wrap elementor-element-populated\">\n\t\t\t\t\t\t<div class=\"elementor-element elementor-element-ec0631e elementor-widget elementor-widget-text-editor\" data-id=\"ec0631e\" data-element_type=\"widget\" data-widget_type=\"text-editor.default\">\n\t\t\t\t<div class=\"elementor-widget-container\">\n\t\t\t\t\t\t\t\t\t<p>Os ofrecemos las entrevistas que el equipo t\u00e9cnico del ICIP ha mantenido con distintos medios de comunicaci\u00f3n para analizar el conflicto.<\/p><p><b>Telediario<\/b> (RTVE) &#8211; 9 de mayo<\/p><p><a href=\"https:\/\/www.rtve.es\/play\/videos\/programa\/industria-las-armas-examen-telediario\/6532036\/\">La industria de las armas, a examen<\/a><\/p><p><strong>Catalunya Migdia<\/strong> (Catalunya R\u00e0dio) &#8211; 16 d&#8217;abril<\/p><p><a href=\"https:\/\/www.ccma.cat\/catradio\/catalunya-migdia-cap-de-setmana\/com-es-negocia-la-pau\/noticia\/3158579\/\">Com es negocia la pau<\/a><\/p><p><b>324<\/b> &#8211; 10 de abril<\/p><p><a style=\"background-color: #ffffff;\" href=\"https:\/\/www.ccma.cat\/tv3\/alacarta\/entrevistes-324\/kristian-herbolzheimer-director-icip-institut-catala-internacional-per-la-pau\/video\/6153378\/\" target=\"_blank\" rel=\"noopener\">Entrevista con Kristian Herbolzheimer<\/a><\/p><p><strong>Diario de Ucrania<\/strong> (RNE) \u2013 6 de abril<\/p><p>Podcast \u201c<a href=\"http:\/\/rtve.es\/n\/2327800\/\">Negociar la paz mientras se sigue en guerra<\/a>\u201d amb Kristian Herbolzheimer.<\/p><p><strong>Cugat M\u00e8dia<\/strong> \u2013 6 de abril<\/p><p><a href=\"https:\/\/www.cugat.cat\/noticies\/societat\/158141\/kristian-herbolzeimer_-_si-hi-ha-una-taula-de-negociacio-a-ucraina_-l_acord-de-pau-no-sera-just-ni-moral_\/?utm_term=Autofeed&amp;utm_medium=Social&amp;utm_source=Twitter#Echobox=1649227270\">Entrevista con Kristian Herbolzheimer<\/a><\/p><p><strong>M\u00e9s 324<\/strong> (324) &#8211; 31 de marzo<\/p><p><a href=\"https:\/\/www.ccma.cat\/tv3\/alacarta\/mes-324\/mes-324-31032022\/video\/6151813\/\">Conversaci\u00f3n con Kristian Herbolzheimer sobre las negociaciones de paz<\/a><\/p><p><b>El Balc\u00f3<\/b> (SER Catalunya) &#8211; 29 de marzo<\/p><p><a href=\"https:\/\/play.cadenaser.com\/audio\/370RD010000001863706\/\">Conversaci\u00f3n entre Josep Ramoneda y Kristian Herbolzheimer<\/a><\/p><p><strong>M\u00e9s 3\/24 <\/strong>(324) &#8211; 22 de marzo<\/p><p><a href=\"https:\/\/www.ccma.cat\/tv3\/alacarta\/mes-324\/mes-324-22032022\/video\/6150310\/\"><span style=\"font-weight: 400;\">Entrevista con Kristian Herbolzheimer<\/span><\/a><\/p><p><span style=\"font-weight: 400;\"><strong>Caf\u00e8 d\u2019idees<\/strong> (RTVE) &#8211; 22 de marzo<\/span><\/p><p><a href=\"https:\/\/www.rtve.es\/play\/videos\/cafe-didees\/gemma-nierga-entrevista-kristian-herbolzheimer\/6460883\/\">Kristian Herbolzheimer: \u00abLa OTAN no ten\u00eda horizonte. Putin se lo ha dado\u00bb<\/a><\/p><p><blockquote class=\"twitter-tweet\" data-width=\"550\" data-dnt=\"true\"><p lang=\"ca\" dir=\"ltr\">\ud83d\udccc &quot;L&#39;OTAN no tenia un horitz\u00f3 gaire clar, i Putin li ha donat&quot;.<br> <br>\u2615 Kristian Herbolzheimer defensa repensar institucions com l&#39;OTAN | <a href=\"https:\/\/twitter.com\/KristianHerbolz?ref_src=twsrc%5Etfw\">@KristianHerbolz<\/a> <a href=\"https:\/\/twitter.com\/ICIPeace?ref_src=twsrc%5Etfw\">@ICIPeace<\/a><br><br>\u25b6\ufe0f Recupera l&#39;entrevista de <a href=\"https:\/\/twitter.com\/GemmaNierga?ref_src=twsrc%5Etfw\">@GemmaNierga<\/a>: <a href=\"https:\/\/t.co\/H89AKEzmWi\">https:\/\/t.co\/H89AKEzmWi<\/a> <a href=\"https:\/\/t.co\/dCK4HtlQ8E\">pic.twitter.com\/dCK4HtlQ8E<\/a><\/p>&mdash; Caf\u00e8 d&#39;idees (@cafedidees_rtve) <a href=\"https:\/\/twitter.com\/cafedidees_rtve\/status\/1506363836739174401?ref_src=twsrc%5Etfw\">March 22, 2022<\/a><\/blockquote><script async src=\"https:\/\/platform.twitter.com\/widgets.js\" charset=\"utf-8\"><\/script><\/p><p><span style=\"font-weight: bolder;\">M\u00e9s 3\/24<\/span>\u00a0(324) &#8211; 9 de marzo<\/p><p><a href=\"https:\/\/www.ccma.cat\/tv3\/alacarta\/mes-324\/kristian-herbolzheimer-la-balanca-de-poder-en-les-negociacions-de-pau-esta-a-favor-de-russia\/video\/6148137\/\">Kristian Herbolzheimer: \u00abLa balanza de poder en las negociaciones de paz est\u00e1 a favor de Rusia\u00bb<\/a><\/p><p><span style=\"font-weight: bolder;\">Catalan News<\/span>\u00a0&#8211; 6 de marzo<\/p><p><a href=\"https:\/\/www.catalannews.com\/society-science\/item\/putin-might-be-winning-the-military-battle-but-he-has-lost-the-moral-one\">Kristian Herbolzheimer: \u00abPutin might be winning the military battle but he has lost the moral one<\/a>\u00ab<\/p><p><span style=\"font-weight: bolder;\">Faristols<\/span>\u00a0(RTVE) &#8211; 4 de marzo<\/p><p><a href=\"https:\/\/www.rtve.es\/play\/audios\/programa\/guerra-ucraina-reguant\/6412698\/\">Guerra en Ucrania<\/a><\/p><p><span style=\"font-weight: bolder;\">N\u00favol<\/span>\u00a0&#8211; 3 de marzo<\/p><p><a href=\"https:\/\/www.nuvol.com\/pantalles\/kristian-herbolzheimer-si-ha-esclatat-la-guerra-es-perque-hem-fet-tard-239346\">Kristian Herbolzheimer: \u201cSi ha estallado la guerra, es que hemos llegado tarde\u201d<\/a><\/p><p><a href=\"https:\/\/www.ccma.cat\/tv3\/alacarta\/tot-es-mou\/kristian-herbolzheimer-director-institut-catala-internacional-per-a-la-pau-es-dificil-saber-que-vol-putin-perque-no-respon-a-criteris-racionals\/video\/6146865\/\"><span style=\"font-weight: bolder;\">Tot es mou<\/span><\/a>\u00a0(TV3) &#8211; 2 de marzo<\/p><p><blockquote class=\"twitter-tweet\" data-width=\"550\" data-dnt=\"true\"><p lang=\"ca\" dir=\"ltr\">\u25b6 El millor escenari, m\u00e9s enll\u00e0 de la negociaci\u00f3, seria una implosi\u00f3: que la mateixa poblaci\u00f3 russa es desf\u00e9s de Putin.&quot; <a href=\"https:\/\/twitter.com\/KristianHerbolz?ref_src=twsrc%5Etfw\">@KristianHerbolz<\/a>, director de l&#39;<a href=\"https:\/\/twitter.com\/ICIPeace?ref_src=twsrc%5Etfw\">@ICIPeace<\/a><a href=\"https:\/\/twitter.com\/hashtag\/TotEsMouTV3?src=hash&amp;ref_src=twsrc%5Etfw\">#TotEsMouTV3<\/a><a href=\"https:\/\/t.co\/xvm4jVSD4o\">https:\/\/t.co\/xvm4jVSD4o<\/a><\/p>&mdash; Tot es mou TV3 (@totesmoutv3) <a href=\"https:\/\/twitter.com\/totesmoutv3\/status\/1499119855521337345?ref_src=twsrc%5Etfw\">March 2, 2022<\/a><\/blockquote><script async src=\"https:\/\/platform.twitter.com\/widgets.js\" charset=\"utf-8\"><\/script><\/p><p><strong>M\u00f3n possible<\/strong> (RTVE) &#8211; 27 de febrero<\/p><p><a href=\"https:\/\/www.rtve.es\/play\/audios\/mon-possible\/guerra-ucraina\/6394838\/\">Guerra y paz en Ucrania<\/a><\/p><p><strong>France 24 &#8211; <\/strong>24 de febrero<\/p><p><a style=\"background-color: #ffffff;\" href=\"https:\/\/www.france24.com\/es\/video\/20220224-kristian-herbolzheimer-putin-ech%C3%B3-por-los-aires-toda-iniciativa-diplom%C3%A1tica-presente-y-futura\">Kristian Herbolzheimer: \u00abPutin ech\u00f3 por los aires toda iniciativa diplom\u00e1tica presente y futura\u00bb<\/a><\/p>\t\t\t\t\t\t\t\t<\/div>\n\t\t\t\t<\/div>\n\t\t\t\t<div class=\"elementor-element elementor-element-13cb97f elementor-widget-divider--view-line elementor-widget elementor-widget-divider\" data-id=\"13cb97f\" data-element_type=\"widget\" data-widget_type=\"divider.default\">\n\t\t\t\t<div class=\"elementor-widget-container\">\n\t\t\t\t\t\t\t<div class=\"elementor-divider\">\n\t\t\t<span class=\"elementor-divider-separator\">\n\t\t\t\t\t\t<\/span>\n\t\t<\/div>\n\t\t\t\t\t\t<\/div>\n\t\t\t\t<\/div>\n\t\t\t\t\t<\/div>\n\t\t<\/div>\n\t\t\t\t\t<\/div>\n\t\t<\/section>\n\t\t\t\t<section class=\"elementor-section elementor-top-section elementor-element elementor-element-0035521 elementor-section-boxed elementor-section-height-default elementor-section-height-default\" data-id=\"0035521\" data-element_type=\"section\">\n\t\t\t\t\t\t<div class=\"elementor-container elementor-column-gap-default\">\n\t\t\t\t\t<div class=\"elementor-column elementor-col-100 elementor-top-column elementor-element elementor-element-d223088\" data-id=\"d223088\" data-element_type=\"column\">\n\t\t\t<div class=\"elementor-widget-wrap\">\n\t\t\t\t\t\t\t<\/div>\n\t\t<\/div>\n\t\t\t\t\t<\/div>\n\t\t<\/section>\n\t\t\t\t<section class=\"elementor-section elementor-top-section elementor-element elementor-element-18cc8a6 elementor-section-boxed elementor-section-height-default elementor-section-height-default\" data-id=\"18cc8a6\" data-element_type=\"section\">\n\t\t\t\t\t\t<div class=\"elementor-container elementor-column-gap-default\">\n\t\t\t\t\t<div class=\"elementor-column elementor-col-100 elementor-top-column elementor-element elementor-element-24099c4\" data-id=\"24099c4\" data-element_type=\"column\">\n\t\t\t<div class=\"elementor-widget-wrap elementor-element-populated\">\n\t\t\t\t\t\t<div class=\"elementor-element elementor-element-6eb4e27 elementor-widget elementor-widget-heading\" data-id=\"6eb4e27\" data-element_type=\"widget\" data-widget_type=\"heading.default\">\n\t\t\t\t<div class=\"elementor-widget-container\">\n\t\t\t\t\t<h2 class=\"elementor-heading-title elementor-size-default\">Manifestaciones en Catalu\u00f1a en contra de la invasi\u00f3n rusa<\/h2>\t\t\t\t<\/div>\n\t\t\t\t<\/div>\n\t\t\t\t\t<\/div>\n\t\t<\/div>\n\t\t\t\t\t<\/div>\n\t\t<\/section>\n\t\t\t\t<section class=\"elementor-section elementor-top-section elementor-element elementor-element-1358f65 elementor-section-boxed elementor-section-height-default elementor-section-height-default\" data-id=\"1358f65\" data-element_type=\"section\">\n\t\t\t\t\t\t<div class=\"elementor-container elementor-column-gap-default\">\n\t\t\t\t\t<div class=\"elementor-column elementor-col-100 elementor-top-column elementor-element elementor-element-a7fea7c\" data-id=\"a7fea7c\" data-element_type=\"column\">\n\t\t\t<div class=\"elementor-widget-wrap elementor-element-populated\">\n\t\t\t\t\t\t<div class=\"elementor-element elementor-element-9a019e5 elementor-widget elementor-widget-text-editor\" data-id=\"9a019e5\" data-element_type=\"widget\" data-widget_type=\"text-editor.default\">\n\t\t\t\t<div class=\"elementor-widget-container\">\n\t\t\t\t\t\t\t\t\t<p>Desde que comenz\u00f3 la invasi\u00f3n rusa en Ucrania, se han organizado diversas concentraciones y manifestaciones en Barcelona y otros sitios de Catalu\u00f1a. Aqu\u00ed encontrar\u00e1 algunas im\u00e1genes destacadas.<\/p>\t\t\t\t\t\t\t\t<\/div>\n\t\t\t\t<\/div>\n\t\t\t\t\t<\/div>\n\t\t<\/div>\n\t\t\t\t\t<\/div>\n\t\t<\/section>\n\t\t\t\t<section class=\"elementor-section elementor-top-section elementor-element elementor-element-8480236 elementor-section-boxed elementor-section-height-default elementor-section-height-default\" data-id=\"8480236\" data-element_type=\"section\">\n\t\t\t\t\t\t<div class=\"elementor-container elementor-column-gap-default\">\n\t\t\t\t\t<div class=\"elementor-column elementor-col-100 elementor-top-column elementor-element elementor-element-c436d8c\" data-id=\"c436d8c\" data-element_type=\"column\">\n\t\t\t<div class=\"elementor-widget-wrap elementor-element-populated\">\n\t\t\t\t\t\t<div class=\"elementor-element elementor-element-9a0141b elementor-arrows-position-inside elementor-pagination-position-outside elementor-widget elementor-widget-image-carousel\" data-id=\"9a0141b\" data-element_type=\"widget\" data-settings=\"{&quot;navigation&quot;:&quot;both&quot;,&quot;autoplay&quot;:&quot;yes&quot;,&quot;pause_on_hover&quot;:&quot;yes&quot;,&quot;pause_on_interaction&quot;:&quot;yes&quot;,&quot;autoplay_speed&quot;:5000,&quot;infinite&quot;:&quot;yes&quot;,&quot;speed&quot;:500}\" data-widget_type=\"image-carousel.default\">\n\t\t\t\t<div class=\"elementor-widget-container\">\n\t\t\t\t\t\t\t<div class=\"elementor-image-carousel-wrapper swiper\" role=\"region\" aria-roledescription=\"carousel\" aria-label=\"Carrusel de im\u00e1genes\" dir=\"ltr\">\n\t\t\t<div class=\"elementor-image-carousel swiper-wrapper\" aria-live=\"off\">\n\t\t\t\t\t\t\t\t<div class=\"swiper-slide\" role=\"group\" aria-roledescription=\"slide\" aria-label=\"1 de 6\"><figure class=\"swiper-slide-inner\"><img decoding=\"async\" class=\"swiper-slide-image\" src=\"https:\/\/www.icip.cat\/wp-content\/uploads\/2022\/03\/No-a-la-guerra-1-1-1024x682.jpg\" alt=\"No-a-la-guerra-1-1\" \/><\/figure><\/div><div class=\"swiper-slide\" role=\"group\" aria-roledescription=\"slide\" aria-label=\"2 de 6\"><figure class=\"swiper-slide-inner\"><img decoding=\"async\" class=\"swiper-slide-image\" src=\"https:\/\/www.icip.cat\/wp-content\/uploads\/2022\/03\/No-a-la-guerra-6-1024x683.jpg\" alt=\"No-a-la-guerra-6\" \/><\/figure><\/div><div class=\"swiper-slide\" role=\"group\" aria-roledescription=\"slide\" aria-label=\"3 de 6\"><figure class=\"swiper-slide-inner\"><img decoding=\"async\" class=\"swiper-slide-image\" src=\"https:\/\/www.icip.cat\/wp-content\/uploads\/2022\/03\/No-a-la-guerra-5-1024x683.jpg\" alt=\"No-a-la-guerra-5\" \/><\/figure><\/div><div class=\"swiper-slide\" role=\"group\" aria-roledescription=\"slide\" aria-label=\"4 de 6\"><figure class=\"swiper-slide-inner\"><img decoding=\"async\" class=\"swiper-slide-image\" src=\"https:\/\/www.icip.cat\/wp-content\/uploads\/2022\/03\/No-a-la-guerra-3-1024x683.jpg\" alt=\"No-a-la-guerra-3\" \/><\/figure><\/div><div class=\"swiper-slide\" role=\"group\" aria-roledescription=\"slide\" aria-label=\"5 de 6\"><figure class=\"swiper-slide-inner\"><img decoding=\"async\" class=\"swiper-slide-image\" src=\"https:\/\/www.icip.cat\/wp-content\/uploads\/2022\/03\/No-a-la-guerra-4-1024x684.jpg\" alt=\"No-a-la-guerra-4\" \/><\/figure><\/div><div class=\"swiper-slide\" role=\"group\" aria-roledescription=\"slide\" aria-label=\"6 de 6\"><figure class=\"swiper-slide-inner\"><img decoding=\"async\" class=\"swiper-slide-image\" src=\"https:\/\/www.icip.cat\/wp-content\/uploads\/2022\/03\/No-a-la-guerra-2-1024x682.jpg\" alt=\"No a la guerra 2\" \/><\/figure><\/div>\t\t\t<\/div>\n\t\t\t\t\t\t\t\t\t\t\t\t<div class=\"elementor-swiper-button elementor-swiper-button-prev\" role=\"button\" tabindex=\"0\">\n\t\t\t\t\t\t<i aria-hidden=\"true\" class=\"eicon-chevron-left\"><\/i>\t\t\t\t\t<\/div>\n\t\t\t\t\t<div class=\"elementor-swiper-button elementor-swiper-button-next\" role=\"button\" tabindex=\"0\">\n\t\t\t\t\t\t<i aria-hidden=\"true\" class=\"eicon-chevron-right\"><\/i>\t\t\t\t\t<\/div>\n\t\t\t\t\n\t\t\t\t\t\t\t\t\t<div class=\"swiper-pagination\"><\/div>\n\t\t\t\t\t\t\t\t\t<\/div>\n\t\t\t\t\t\t<\/div>\n\t\t\t\t<\/div>\n\t\t\t\t\t<\/div>\n\t\t<\/div>\n\t\t\t\t\t<\/div>\n\t\t<\/section>\n\t\t\t\t<section class=\"elementor-section elementor-top-section elementor-element elementor-element-ffb16ae elementor-section-boxed elementor-section-height-default elementor-section-height-default\" data-id=\"ffb16ae\" data-element_type=\"section\">\n\t\t\t\t\t\t<div class=\"elementor-container elementor-column-gap-default\">\n\t\t\t\t\t<div class=\"elementor-column elementor-col-100 elementor-top-column elementor-element elementor-element-3537488\" data-id=\"3537488\" data-element_type=\"column\">\n\t\t\t<div class=\"elementor-widget-wrap elementor-element-populated\">\n\t\t\t\t\t\t<div class=\"elementor-element elementor-element-07cc519 elementor-widget elementor-widget-spacer\" data-id=\"07cc519\" data-element_type=\"widget\" data-widget_type=\"spacer.default\">\n\t\t\t\t<div class=\"elementor-widget-container\">\n\t\t\t\t\t\t\t<div class=\"elementor-spacer\">\n\t\t\t<div class=\"elementor-spacer-inner\"><\/div>\n\t\t<\/div>\n\t\t\t\t\t\t<\/div>\n\t\t\t\t<\/div>\n\t\t\t\t\t<\/div>\n\t\t<\/div>\n\t\t\t\t\t<\/div>\n\t\t<\/section>\n\t\t\t\t<section class=\"elementor-section elementor-top-section elementor-element elementor-element-b1838f0 elementor-section-boxed elementor-section-height-default elementor-section-height-default\" data-id=\"b1838f0\" data-element_type=\"section\">\n\t\t\t\t\t\t<div class=\"elementor-container elementor-column-gap-default\">\n\t\t\t\t\t<div class=\"elementor-column elementor-col-100 elementor-top-column elementor-element elementor-element-9b66485\" data-id=\"9b66485\" data-element_type=\"column\">\n\t\t\t<div class=\"elementor-widget-wrap\">\n\t\t\t\t\t\t\t<\/div>\n\t\t<\/div>\n\t\t\t\t\t<\/div>\n\t\t<\/section>\n\t\t\t\t<\/div>\n\t\t","protected":false},"excerpt":{"rendered":"<p>La guerra de Ucrania An\u00e1lisis del ICIP en medios de comunicaci\u00f3n Os ofrecemos las entrevistas que el equipo t\u00e9cnico del ICIP ha mantenido con distintos medios de comunicaci\u00f3n para analizar el conflicto. Telediario (RTVE) &#8211; 9 de mayo La industria de las armas, a examen Catalunya Migdia (Catalunya R\u00e0dio) &#8211; 16 d&#8217;abril Com es negocia [&hellip;]<\/p>\n","protected":false},"author":4,"featured_media":0,"parent":0,"menu_order":0,"comment_status":"closed","ping_status":"closed","template":"","meta":{"_acf_changed":false,"footnotes":""},"class_list":["post-26372","page","type-page","status-publish","hentry"],"acf":[],"yoast_head":"<!-- This site is optimized with the Yoast SEO plugin v25.6 - https:\/\/yoast.com\/wordpress\/plugins\/seo\/ -->\n<title>Ucrania - ICIP<\/title>\n<meta name=\"robots\" content=\"index, follow, max-snippet:-1, max-image-preview:large, max-video-preview:-1\" \/>\n<link rel=\"canonical\" href=\"https:\/\/www.icip.cat\/es\/ucrania\/\" \/>\n<meta property=\"og:locale\" content=\"es_ES\" \/>\n<meta property=\"og:type\" content=\"article\" \/>\n<meta property=\"og:title\" content=\"Ucrania - ICIP\" \/>\n<meta property=\"og:description\" content=\"La guerra de Ucrania An\u00e1lisis del ICIP en medios de comunicaci\u00f3n Os ofrecemos las entrevistas que el equipo t\u00e9cnico del ICIP ha mantenido con distintos medios de comunicaci\u00f3n para analizar el conflicto. Telediario (RTVE) &#8211; 9 de mayo La industria de las armas, a examen Catalunya Migdia (Catalunya R\u00e0dio) &#8211; 16 d&#8217;abril Com es negocia [&hellip;]\" \/>\n<meta property=\"og:url\" content=\"https:\/\/www.icip.cat\/es\/ucrania\/\" \/>\n<meta property=\"og:site_name\" content=\"ICIP\" \/>\n<meta property=\"article:modified_time\" content=\"2022-09-07T10:40:43+00:00\" \/>\n<meta property=\"og:image\" content=\"http:\/\/www.icip.cat\/wp-content\/uploads\/2022\/03\/No-a-la-guerra-1-1-1024x682.jpg\" \/>\n<meta name=\"twitter:card\" content=\"summary_large_image\" \/>\n<meta name=\"twitter:label1\" content=\"Tiempo de lectura\" \/>\n\t<meta name=\"twitter:data1\" content=\"4 minutos\" \/>\n<script type=\"application\/ld+json\" class=\"yoast-schema-graph\">{\"@context\":\"https:\/\/schema.org\",\"@graph\":[{\"@type\":\"WebPage\",\"@id\":\"https:\/\/www.icip.cat\/es\/ucrania\/\",\"url\":\"https:\/\/www.icip.cat\/es\/ucrania\/\",\"name\":\"Ucrania - ICIP\",\"isPartOf\":{\"@id\":\"https:\/\/www.icip.cat\/ca\/#website\"},\"primaryImageOfPage\":{\"@id\":\"https:\/\/www.icip.cat\/es\/ucrania\/#primaryimage\"},\"image\":{\"@id\":\"https:\/\/www.icip.cat\/es\/ucrania\/#primaryimage\"},\"thumbnailUrl\":\"http:\/\/www.icip.cat\/wp-content\/uploads\/2022\/03\/No-a-la-guerra-1-1-1024x682.jpg\",\"datePublished\":\"2022-03-25T09:24:56+00:00\",\"dateModified\":\"2022-09-07T10:40:43+00:00\",\"inLanguage\":\"es\",\"potentialAction\":[{\"@type\":\"ReadAction\",\"target\":[\"https:\/\/www.icip.cat\/es\/ucrania\/\"]}]},{\"@type\":\"ImageObject\",\"inLanguage\":\"es\",\"@id\":\"https:\/\/www.icip.cat\/es\/ucrania\/#primaryimage\",\"url\":\"http:\/\/www.icip.cat\/wp-content\/uploads\/2022\/03\/No-a-la-guerra-1-1-1024x682.jpg\",\"contentUrl\":\"http:\/\/www.icip.cat\/wp-content\/uploads\/2022\/03\/No-a-la-guerra-1-1-1024x682.jpg\"},{\"@type\":\"WebSite\",\"@id\":\"https:\/\/www.icip.cat\/ca\/#website\",\"url\":\"https:\/\/www.icip.cat\/ca\/\",\"name\":\"ICIP\",\"description\":\"\",\"publisher\":{\"@id\":\"https:\/\/www.icip.cat\/ca\/#organization\"},\"potentialAction\":[{\"@type\":\"SearchAction\",\"target\":{\"@type\":\"EntryPoint\",\"urlTemplate\":\"https:\/\/www.icip.cat\/ca\/?s={search_term_string}\"},\"query-input\":{\"@type\":\"PropertyValueSpecification\",\"valueRequired\":true,\"valueName\":\"search_term_string\"}}],\"inLanguage\":\"es\"},{\"@type\":\"Organization\",\"@id\":\"https:\/\/www.icip.cat\/ca\/#organization\",\"name\":\"ICIP\",\"url\":\"https:\/\/www.icip.cat\/ca\/\",\"logo\":{\"@type\":\"ImageObject\",\"inLanguage\":\"es\",\"@id\":\"https:\/\/www.icip.cat\/ca\/#\/schema\/logo\/image\/\",\"url\":\"https:\/\/www.icip.cat\/wp-content\/uploads\/2021\/02\/logo-2.png\",\"contentUrl\":\"https:\/\/www.icip.cat\/wp-content\/uploads\/2021\/02\/logo-2.png\",\"width\":562,\"height\":391,\"caption\":\"ICIP\"},\"image\":{\"@id\":\"https:\/\/www.icip.cat\/ca\/#\/schema\/logo\/image\/\"}}]}<\/script>\n<!-- \/ Yoast SEO plugin. -->","yoast_head_json":{"title":"Ucrania - ICIP","robots":{"index":"index","follow":"follow","max-snippet":"max-snippet:-1","max-image-preview":"max-image-preview:large","max-video-preview":"max-video-preview:-1"},"canonical":"https:\/\/www.icip.cat\/es\/ucrania\/","og_locale":"es_ES","og_type":"article","og_title":"Ucrania - ICIP","og_description":"La guerra de Ucrania An\u00e1lisis del ICIP en medios de comunicaci\u00f3n Os ofrecemos las entrevistas que el equipo t\u00e9cnico del ICIP ha mantenido con distintos medios de comunicaci\u00f3n para analizar el conflicto. Telediario (RTVE) &#8211; 9 de mayo La industria de las armas, a examen Catalunya Migdia (Catalunya R\u00e0dio) &#8211; 16 d&#8217;abril Com es negocia [&hellip;]","og_url":"https:\/\/www.icip.cat\/es\/ucrania\/","og_site_name":"ICIP","article_modified_time":"2022-09-07T10:40:43+00:00","og_image":[{"url":"http:\/\/www.icip.cat\/wp-content\/uploads\/2022\/03\/No-a-la-guerra-1-1-1024x682.jpg","type":"","width":"","height":""}],"twitter_card":"summary_large_image","twitter_misc":{"Tiempo de lectura":"4 minutos"},"schema":{"@context":"https:\/\/schema.org","@graph":[{"@type":"WebPage","@id":"https:\/\/www.icip.cat\/es\/ucrania\/","url":"https:\/\/www.icip.cat\/es\/ucrania\/","name":"Ucrania - ICIP","isPartOf":{"@id":"https:\/\/www.icip.cat\/ca\/#website"},"primaryImageOfPage":{"@id":"https:\/\/www.icip.cat\/es\/ucrania\/#primaryimage"},"image":{"@id":"https:\/\/www.icip.cat\/es\/ucrania\/#primaryimage"},"thumbnailUrl":"http:\/\/www.icip.cat\/wp-content\/uploads\/2022\/03\/No-a-la-guerra-1-1-1024x682.jpg","datePublished":"2022-03-25T09:24:56+00:00","dateModified":"2022-09-07T10:40:43+00:00","inLanguage":"es","potentialAction":[{"@type":"ReadAction","target":["https:\/\/www.icip.cat\/es\/ucrania\/"]}]},{"@type":"ImageObject","inLanguage":"es","@id":"https:\/\/www.icip.cat\/es\/ucrania\/#primaryimage","url":"http:\/\/www.icip.cat\/wp-content\/uploads\/2022\/03\/No-a-la-guerra-1-1-1024x682.jpg","contentUrl":"http:\/\/www.icip.cat\/wp-content\/uploads\/2022\/03\/No-a-la-guerra-1-1-1024x682.jpg"},{"@type":"WebSite","@id":"https:\/\/www.icip.cat\/ca\/#website","url":"https:\/\/www.icip.cat\/ca\/","name":"ICIP","description":"","publisher":{"@id":"https:\/\/www.icip.cat\/ca\/#organization"},"potentialAction":[{"@type":"SearchAction","target":{"@type":"EntryPoint","urlTemplate":"https:\/\/www.icip.cat\/ca\/?s={search_term_string}"},"query-input":{"@type":"PropertyValueSpecification","valueRequired":true,"valueName":"search_term_string"}}],"inLanguage":"es"},{"@type":"Organization","@id":"https:\/\/www.icip.cat\/ca\/#organization","name":"ICIP","url":"https:\/\/www.icip.cat\/ca\/","logo":{"@type":"ImageObject","inLanguage":"es","@id":"https:\/\/www.icip.cat\/ca\/#\/schema\/logo\/image\/","url":"https:\/\/www.icip.cat\/wp-content\/uploads\/2021\/02\/logo-2.png","contentUrl":"https:\/\/www.icip.cat\/wp-content\/uploads\/2021\/02\/logo-2.png","width":562,"height":391,"caption":"ICIP"},"image":{"@id":"https:\/\/www.icip.cat\/ca\/#\/schema\/logo\/image\/"}}]}},"_links":{"self":[{"href":"https:\/\/www.icip.cat\/es\/wp-json\/wp\/v2\/pages\/26372","targetHints":{"allow":["GET"]}}],"collection":[{"href":"https:\/\/www.icip.cat\/es\/wp-json\/wp\/v2\/pages"}],"about":[{"href":"https:\/\/www.icip.cat\/es\/wp-json\/wp\/v2\/types\/page"}],"author":[{"embeddable":true,"href":"https:\/\/www.icip.cat\/es\/wp-json\/wp\/v2\/users\/4"}],"replies":[{"embeddable":true,"href":"https:\/\/www.icip.cat\/es\/wp-json\/wp\/v2\/comments?post=26372"}],"version-history":[{"count":97,"href":"https:\/\/www.icip.cat\/es\/wp-json\/wp\/v2\/pages\/26372\/revisions"}],"predecessor-version":[{"id":31890,"href":"https:\/\/www.icip.cat\/es\/wp-json\/wp\/v2\/pages\/26372\/revisions\/31890"}],"wp:attachment":[{"href":"https:\/\/www.icip.cat\/es\/wp-json\/wp\/v2\/media?parent=26372"}],"curies":[{"name":"wp","href":"https:\/\/api.w.org\/{rel}","templated":true}]}}