{"id":40123,"date":"2023-10-18T09:45:08","date_gmt":"2023-10-18T09:45:08","guid":{"rendered":"https:\/\/www.icip.cat\/?page_id=40123"},"modified":"2025-09-09T13:32:29","modified_gmt":"2025-09-09T13:32:29","slug":"conflicto-en-oriente-proximo","status":"publish","type":"page","link":"https:\/\/www.icip.cat\/es\/conflicto-en-oriente-proximo\/","title":{"rendered":"Conflicto en el Oriente Pr\u00f3ximo"},"content":{"rendered":"\t\t<div data-elementor-type=\"wp-page\" data-elementor-id=\"40123\" class=\"elementor elementor-40123\" data-elementor-post-type=\"page\">\n\t\t\t\t\t\t<section class=\"elementor-section elementor-top-section elementor-element elementor-element-85a4990 elementor-section-boxed elementor-section-height-default elementor-section-height-default\" data-id=\"85a4990\" data-element_type=\"section\" data-settings=\"{&quot;background_background&quot;:&quot;classic&quot;}\">\n\t\t\t\t\t\t\t<div class=\"elementor-background-overlay\"><\/div>\n\t\t\t\t\t\t\t<div class=\"elementor-container elementor-column-gap-default\">\n\t\t\t\t\t<div class=\"elementor-column elementor-col-100 elementor-top-column elementor-element elementor-element-431fc5d\" data-id=\"431fc5d\" data-element_type=\"column\">\n\t\t\t<div class=\"elementor-widget-wrap elementor-element-populated\">\n\t\t\t\t\t\t<div class=\"elementor-element elementor-element-befad2f elementor-widget elementor-widget-heading\" data-id=\"befad2f\" data-element_type=\"widget\" data-widget_type=\"heading.default\">\n\t\t\t\t<div class=\"elementor-widget-container\">\n\t\t\t\t\t<h1 class=\"elementor-heading-title elementor-size-xl\">Conflicto en Oriente Medio<\/h1>\t\t\t\t<\/div>\n\t\t\t\t<\/div>\n\t\t\t\t\t<\/div>\n\t\t<\/div>\n\t\t\t\t\t<\/div>\n\t\t<\/section>\n\t\t\t\t<section class=\"elementor-section elementor-top-section elementor-element elementor-element-3fe9a8a elementor-section-boxed elementor-section-height-default elementor-section-height-default\" data-id=\"3fe9a8a\" data-element_type=\"section\">\n\t\t\t\t\t\t<div class=\"elementor-container elementor-column-gap-default\">\n\t\t\t\t\t<div class=\"elementor-column elementor-col-100 elementor-top-column elementor-element elementor-element-c8f8ced\" data-id=\"c8f8ced\" data-element_type=\"column\">\n\t\t\t<div class=\"elementor-widget-wrap elementor-element-populated\">\n\t\t\t\t\t\t<div class=\"elementor-element elementor-element-9799253 elementor-widget elementor-widget-spacer\" data-id=\"9799253\" data-element_type=\"widget\" data-widget_type=\"spacer.default\">\n\t\t\t\t<div class=\"elementor-widget-container\">\n\t\t\t\t\t\t\t<div class=\"elementor-spacer\">\n\t\t\t<div class=\"elementor-spacer-inner\"><\/div>\n\t\t<\/div>\n\t\t\t\t\t\t<\/div>\n\t\t\t\t<\/div>\n\t\t\t\t\t<\/div>\n\t\t<\/div>\n\t\t\t\t\t<\/div>\n\t\t<\/section>\n\t\t\t\t<section class=\"elementor-section elementor-top-section elementor-element elementor-element-62dfd33 elementor-section-boxed elementor-section-height-default elementor-section-height-default\" data-id=\"62dfd33\" data-element_type=\"section\">\n\t\t\t\t\t\t<div class=\"elementor-container elementor-column-gap-default\">\n\t\t\t\t\t<div class=\"elementor-column elementor-col-100 elementor-top-column elementor-element elementor-element-4614b33\" data-id=\"4614b33\" data-element_type=\"column\">\n\t\t\t<div class=\"elementor-widget-wrap elementor-element-populated\">\n\t\t\t\t\t\t<div class=\"elementor-element elementor-element-9c33b05 elementor-widget elementor-widget-text-editor\" data-id=\"9c33b05\" data-element_type=\"widget\" data-widget_type=\"text-editor.default\">\n\t\t\t\t<div class=\"elementor-widget-container\">\n\t\t\t\t\t\t\t\t\t<p class=\"\" data-start=\"0\" data-end=\"339\">Despu\u00e9s de una breve tregua, <strong data-start=\"29\" data-end=\"75\">Israel ha reanudado los ataques sobre Gaza<\/strong>, agravando a\u00fan m\u00e1s la cat\u00e1strofe humanitaria en la regi\u00f3n. Desde el inicio de la guerra en octubre de 2023, el n\u00famero de muertos ya supera las <strong>64.000 personas<\/strong>, la mayor\u00eda civiles, en medio de un bloqueo que impide la llegada de ayuda humanitaria.<\/p><p class=\"\" data-start=\"341\" data-end=\"647\">Mientras la guerra se prolonga sin una soluci\u00f3n pol\u00edtica a la vista, la poblaci\u00f3n civil sigue sufriendo las devastadoras consecuencias del conflicto. Los ataques israel\u00edes han arrasado infraestructuras esenciales y han dejado a cientos de miles de personas sin acceso a alimentos, agua y atenci\u00f3n m\u00e9dica.<\/p><p class=\"\" data-start=\"649\" data-end=\"891\">Asimismo, la credibilidad de la <strong data-start=\"681\" data-end=\"766\">Uni\u00f3n Europea como defensora de los derechos humanos queda gravemente cuestionada<\/strong> por su falta de respuesta ante los cr\u00edmenes de guerra cometidos por Israel y por su inacci\u00f3n frente a la crisis humanitaria.<\/p>\t\t\t\t\t\t\t\t<\/div>\n\t\t\t\t<\/div>\n\t\t\t\t<div class=\"elementor-element elementor-element-bab31a9 elementor-align-center elementor-widget elementor-widget-button\" data-id=\"bab31a9\" data-element_type=\"widget\" data-widget_type=\"button.default\">\n\t\t\t\t<div class=\"elementor-widget-container\">\n\t\t\t\t\t\t\t\t\t<div class=\"elementor-button-wrapper\">\n\t\t\t\t\t<a class=\"elementor-button elementor-button-link elementor-size-md\" href=\"https:\/\/www.icip.cat\/wp-content\/uploads\/2025\/01\/Comunicado-ICIP-acuerdo-Israel-Hamas.pdf\">\n\t\t\t\t\t\t<span class=\"elementor-button-content-wrapper\">\n\t\t\t\t\t\t\t\t\t<span class=\"elementor-button-text\">Comunicado del ICIP sobre el acuerdo de alto el fuego en Gaza<\/span>\n\t\t\t\t\t<\/span>\n\t\t\t\t\t<\/a>\n\t\t\t\t<\/div>\n\t\t\t\t\t\t\t\t<\/div>\n\t\t\t\t<\/div>\n\t\t\t\t<div class=\"elementor-element elementor-element-012f7ca elementor-widget elementor-widget-text-editor\" data-id=\"012f7ca\" data-element_type=\"widget\" data-widget_type=\"text-editor.default\">\n\t\t\t\t<div class=\"elementor-widget-container\">\n\t\t\t\t\t\t\t\t\t<section class=\"elementor-section elementor-top-section elementor-element elementor-element-62dfd33 elementor-section-boxed elementor-section-height-default elementor-section-height-default\" data-id=\"62dfd33\" data-element_type=\"section\"><div class=\"elementor-container elementor-column-gap-default\"><div class=\"elementor-row\"><div class=\"elementor-column elementor-col-100 elementor-top-column elementor-element elementor-element-4614b33\" data-id=\"4614b33\" data-element_type=\"column\"><div class=\"elementor-column-wrap elementor-element-populated\"><div class=\"elementor-widget-wrap\"><div class=\"elementor-element elementor-element-643aca6 elementor-widget elementor-widget-text-editor\" data-id=\"643aca6\" data-element_type=\"widget\" data-widget_type=\"text-editor.default\"><div class=\"elementor-widget-container\"><div class=\"elementor-text-editor elementor-clearfix\"><p>Con el objectivo de fomentar la reflexi\u00f3n, en este espacio el ICIP ofrece un compendio de art\u00edculos que analizan el conflicto en Oriente Medio desde una perspectiva de paz.<\/p><\/div><\/div><\/div><\/div><\/div><\/div><\/div><\/div><\/section>\t\t\t\t\t\t\t\t<\/div>\n\t\t\t\t<\/div>\n\t\t\t\t\t<\/div>\n\t\t<\/div>\n\t\t\t\t\t<\/div>\n\t\t<\/section>\n\t\t\t\t<section class=\"elementor-section elementor-top-section elementor-element elementor-element-b660737 elementor-section-boxed elementor-section-height-default elementor-section-height-default\" data-id=\"b660737\" data-element_type=\"section\">\n\t\t\t\t\t\t<div class=\"elementor-container elementor-column-gap-default\">\n\t\t\t\t\t<div class=\"elementor-column elementor-col-100 elementor-top-column elementor-element elementor-element-6b8e3d0\" data-id=\"6b8e3d0\" data-element_type=\"column\">\n\t\t\t<div class=\"elementor-widget-wrap elementor-element-populated\">\n\t\t\t\t\t\t<div class=\"elementor-element elementor-element-62a4e52 elementor-widget elementor-widget-text-editor\" data-id=\"62a4e52\" data-element_type=\"widget\" data-settings=\"{&quot;_animation&quot;:&quot;none&quot;}\" data-widget_type=\"text-editor.default\">\n\t\t\t\t<div class=\"elementor-widget-container\">\n\t\t\t\t\t\t\t\t\t<p><a href=\"https:\/\/www.icip.cat\/es\/articulos-oriente-medio\/\">Art\u00edculos de opini\u00f3n<\/a><\/p>\t\t\t\t\t\t\t\t<\/div>\n\t\t\t\t<\/div>\n\t\t\t\t<div class=\"elementor-element elementor-element-39f49d5 elementor-widget-divider--view-line elementor-widget elementor-widget-divider\" data-id=\"39f49d5\" data-element_type=\"widget\" data-widget_type=\"divider.default\">\n\t\t\t\t<div class=\"elementor-widget-container\">\n\t\t\t\t\t\t\t<div class=\"elementor-divider\">\n\t\t\t<span class=\"elementor-divider-separator\">\n\t\t\t\t\t\t<\/span>\n\t\t<\/div>\n\t\t\t\t\t\t<\/div>\n\t\t\t\t<\/div>\n\t\t\t\t<div class=\"elementor-element elementor-element-64af7aa elementor-widget elementor-widget-heading\" data-id=\"64af7aa\" data-element_type=\"widget\" data-widget_type=\"heading.default\">\n\t\t\t\t<div class=\"elementor-widget-container\">\n\t\t\t\t\t<h2 class=\"elementor-heading-title elementor-size-default\">C\u00e1psulas de paz<\/h2>\t\t\t\t<\/div>\n\t\t\t\t<\/div>\n\t\t\t\t<div class=\"elementor-element elementor-element-af2afa1 elementor-widget elementor-widget-text-editor\" data-id=\"af2afa1\" data-element_type=\"widget\" data-widget_type=\"text-editor.default\">\n\t\t\t\t<div class=\"elementor-widget-container\">\n\t\t\t\t\t\t\t\t\t<p>En nuestro proyecto \u00ab<a href=\"https:\/\/www.icip.cat\/ca\/capsules-de-pau\/\">C\u00e1psulas de Paz<\/a>\u00bb recogemos las visiones de paz del coordinador del Lebanese Palestinian Dialogue Forum, <strong>Jaber Suleiman<\/strong>, la activista israel\u00ed miembro de la organizaci\u00f3n Combatants for Peace <strong>Iris Gur<\/strong> y el fundador del partido Iniciativa Nacional Palestina y m\u00e9dico, <strong>Mustafa Barghouti<\/strong>.<\/p>\t\t\t\t\t\t\t\t<\/div>\n\t\t\t\t<\/div>\n\t\t\t\t<section class=\"elementor-section elementor-inner-section elementor-element elementor-element-9073620 elementor-section-boxed elementor-section-height-default elementor-section-height-default\" data-id=\"9073620\" data-element_type=\"section\">\n\t\t\t\t\t\t<div class=\"elementor-container elementor-column-gap-default\">\n\t\t\t\t\t<div class=\"elementor-column elementor-col-50 elementor-inner-column elementor-element elementor-element-576fce3\" data-id=\"576fce3\" data-element_type=\"column\">\n\t\t\t<div class=\"elementor-widget-wrap elementor-element-populated\">\n\t\t\t\t\t\t<div class=\"elementor-element elementor-element-b6e858e elementor-widget elementor-widget-video\" data-id=\"b6e858e\" data-element_type=\"widget\" data-settings=\"{&quot;youtube_url&quot;:&quot;https:\\\/\\\/youtu.be\\\/8jLa6oHdJtI?si=1D9nG9lJRxd1QpRU&quot;,&quot;video_type&quot;:&quot;youtube&quot;,&quot;controls&quot;:&quot;yes&quot;}\" data-widget_type=\"video.default\">\n\t\t\t\t<div class=\"elementor-widget-container\">\n\t\t\t\t\t\t\t<div class=\"elementor-wrapper elementor-open-inline\">\n\t\t\t<div class=\"elementor-video\"><\/div>\t\t<\/div>\n\t\t\t\t\t\t<\/div>\n\t\t\t\t<\/div>\n\t\t\t\t\t<\/div>\n\t\t<\/div>\n\t\t\t\t<div class=\"elementor-column elementor-col-50 elementor-inner-column elementor-element elementor-element-087fadd\" data-id=\"087fadd\" data-element_type=\"column\">\n\t\t\t<div class=\"elementor-widget-wrap elementor-element-populated\">\n\t\t\t\t\t\t<div class=\"elementor-element elementor-element-32409d1 elementor-widget elementor-widget-video\" data-id=\"32409d1\" data-element_type=\"widget\" data-settings=\"{&quot;youtube_url&quot;:&quot;https:\\\/\\\/www.youtube.com\\\/watch?v=Gf1jfsF_tmo&amp;t=17s&quot;,&quot;video_type&quot;:&quot;youtube&quot;,&quot;controls&quot;:&quot;yes&quot;}\" data-widget_type=\"video.default\">\n\t\t\t\t<div class=\"elementor-widget-container\">\n\t\t\t\t\t\t\t<div class=\"elementor-wrapper elementor-open-inline\">\n\t\t\t<div class=\"elementor-video\"><\/div>\t\t<\/div>\n\t\t\t\t\t\t<\/div>\n\t\t\t\t<\/div>\n\t\t\t\t<div class=\"elementor-element elementor-element-6fc0b4a elementor-widget elementor-widget-video\" data-id=\"6fc0b4a\" data-element_type=\"widget\" data-settings=\"{&quot;youtube_url&quot;:&quot;https:\\\/\\\/www.youtube.com\\\/watch?v=_saLCcwVORI&quot;,&quot;video_type&quot;:&quot;youtube&quot;,&quot;controls&quot;:&quot;yes&quot;}\" data-widget_type=\"video.default\">\n\t\t\t\t<div class=\"elementor-widget-container\">\n\t\t\t\t\t\t\t<div class=\"elementor-wrapper elementor-open-inline\">\n\t\t\t<div class=\"elementor-video\"><\/div>\t\t<\/div>\n\t\t\t\t\t\t<\/div>\n\t\t\t\t<\/div>\n\t\t\t\t\t<\/div>\n\t\t<\/div>\n\t\t\t\t\t<\/div>\n\t\t<\/section>\n\t\t\t\t<div class=\"elementor-element elementor-element-2494a63 elementor-widget-divider--view-line elementor-widget elementor-widget-divider\" data-id=\"2494a63\" data-element_type=\"widget\" data-widget_type=\"divider.default\">\n\t\t\t\t<div class=\"elementor-widget-container\">\n\t\t\t\t\t\t\t<div class=\"elementor-divider\">\n\t\t\t<span class=\"elementor-divider-separator\">\n\t\t\t\t\t\t<\/span>\n\t\t<\/div>\n\t\t\t\t\t\t<\/div>\n\t\t\t\t<\/div>\n\t\t\t\t<div class=\"elementor-element elementor-element-d0bb569 elementor-widget elementor-widget-text-editor\" data-id=\"d0bb569\" data-element_type=\"widget\" data-widget_type=\"text-editor.default\">\n\t\t\t\t<div class=\"elementor-widget-container\">\n\t\t\t\t\t\t\t\t\t<p>Comunicados de condena de la violencia de entidades e instituciones locales e internacionales.<\/p>\t\t\t\t\t\t\t\t<\/div>\n\t\t\t\t<\/div>\n\t\t\t\t\t<\/div>\n\t\t<\/div>\n\t\t\t\t\t<\/div>\n\t\t<\/section>\n\t\t\t\t<section class=\"elementor-section elementor-top-section elementor-element elementor-element-4ee7f30 elementor-section-boxed elementor-section-height-default elementor-section-height-default\" data-id=\"4ee7f30\" data-element_type=\"section\">\n\t\t\t\t\t\t<div class=\"elementor-container elementor-column-gap-default\">\n\t\t\t\t\t<div class=\"elementor-column elementor-col-100 elementor-top-column elementor-element elementor-element-895ea52\" data-id=\"895ea52\" data-element_type=\"column\">\n\t\t\t<div class=\"elementor-widget-wrap elementor-element-populated\">\n\t\t\t\t\t\t<div class=\"elementor-element elementor-element-a34a0a2 elementor-widget elementor-widget-text-editor\" data-id=\"a34a0a2\" data-element_type=\"widget\" data-settings=\"{&quot;_animation&quot;:&quot;none&quot;}\" data-widget_type=\"text-editor.default\">\n\t\t\t\t<div class=\"elementor-widget-container\">\n\t\t\t\t\t\t\t\t\t<p><a href=\"https:\/\/www.icip.cat\/es\/comunicados-oriente-medio\/\">COMUNICADOS<\/a><\/p>\t\t\t\t\t\t\t\t<\/div>\n\t\t\t\t<\/div>\n\t\t\t\t\t<\/div>\n\t\t<\/div>\n\t\t\t\t\t<\/div>\n\t\t<\/section>\n\t\t\t\t<section class=\"elementor-section elementor-top-section elementor-element elementor-element-5bcd4d8 elementor-section-boxed elementor-section-height-default elementor-section-height-default\" data-id=\"5bcd4d8\" data-element_type=\"section\">\n\t\t\t\t\t\t<div class=\"elementor-container elementor-column-gap-default\">\n\t\t\t\t\t<div class=\"elementor-column elementor-col-100 elementor-top-column elementor-element elementor-element-3a9f55a\" data-id=\"3a9f55a\" data-element_type=\"column\">\n\t\t\t<div class=\"elementor-widget-wrap elementor-element-populated\">\n\t\t\t\t\t\t<div class=\"elementor-element elementor-element-cfc1fee elementor-widget elementor-widget-spacer\" data-id=\"cfc1fee\" data-element_type=\"widget\" data-widget_type=\"spacer.default\">\n\t\t\t\t<div class=\"elementor-widget-container\">\n\t\t\t\t\t\t\t<div class=\"elementor-spacer\">\n\t\t\t<div class=\"elementor-spacer-inner\"><\/div>\n\t\t<\/div>\n\t\t\t\t\t\t<\/div>\n\t\t\t\t<\/div>\n\t\t\t\t<div class=\"elementor-element elementor-element-988d5f0 elementor-widget elementor-widget-image\" data-id=\"988d5f0\" data-element_type=\"widget\" data-widget_type=\"image.default\">\n\t\t\t\t<div class=\"elementor-widget-container\">\n\t\t\t\t\t\t\t\t\t\t\t\t\t\t\t<img fetchpriority=\"high\" decoding=\"async\" width=\"640\" height=\"408\" src=\"https:\/\/www.icip.cat\/wp-content\/uploads\/2023\/10\/israel-iglesia-ortodoxa-gaza-palestina-facebook-EFE5-768x490.jpg\" class=\"attachment-medium_large size-medium_large wp-image-40308\" alt=\"\" srcset=\"https:\/\/www.icip.cat\/wp-content\/uploads\/2023\/10\/israel-iglesia-ortodoxa-gaza-palestina-facebook-EFE5-768x490.jpg 768w, https:\/\/www.icip.cat\/wp-content\/uploads\/2023\/10\/israel-iglesia-ortodoxa-gaza-palestina-facebook-EFE5-300x191.jpg 300w, https:\/\/www.icip.cat\/wp-content\/uploads\/2023\/10\/israel-iglesia-ortodoxa-gaza-palestina-facebook-EFE5-1024x653.jpg 1024w, https:\/\/www.icip.cat\/wp-content\/uploads\/2023\/10\/israel-iglesia-ortodoxa-gaza-palestina-facebook-EFE5.jpg 1128w\" sizes=\"(max-width: 640px) 100vw, 640px\" \/>\t\t\t\t\t\t\t\t\t\t\t\t\t\t\t<\/div>\n\t\t\t\t<\/div>\n\t\t\t\t<div class=\"elementor-element elementor-element-22d3daf elementor-widget-divider--view-line elementor-widget elementor-widget-divider\" data-id=\"22d3daf\" data-element_type=\"widget\" data-widget_type=\"divider.default\">\n\t\t\t\t<div class=\"elementor-widget-container\">\n\t\t\t\t\t\t\t<div class=\"elementor-divider\">\n\t\t\t<span class=\"elementor-divider-separator\">\n\t\t\t\t\t\t<\/span>\n\t\t<\/div>\n\t\t\t\t\t\t<\/div>\n\t\t\t\t<\/div>\n\t\t\t\t\t<\/div>\n\t\t<\/div>\n\t\t\t\t\t<\/div>\n\t\t<\/section>\n\t\t\t\t<\/div>\n\t\t","protected":false},"excerpt":{"rendered":"<p>Conflicto en Oriente Medio Despu\u00e9s de una breve tregua, Israel ha reanudado los ataques sobre Gaza, agravando a\u00fan m\u00e1s la cat\u00e1strofe humanitaria en la regi\u00f3n. Desde el inicio de la guerra en octubre de 2023, el n\u00famero de muertos ya supera las 64.000 personas, la mayor\u00eda civiles, en medio de un bloqueo que impide la [&hellip;]<\/p>\n","protected":false},"author":4,"featured_media":0,"parent":0,"menu_order":0,"comment_status":"closed","ping_status":"closed","template":"","meta":{"_acf_changed":false,"footnotes":""},"class_list":["post-40123","page","type-page","status-publish","hentry"],"acf":[],"yoast_head":"<!-- This site is optimized with the Yoast SEO plugin v25.6 - https:\/\/yoast.com\/wordpress\/plugins\/seo\/ -->\n<title>Conflicto en el Oriente Pr\u00f3ximo - ICIP<\/title>\n<meta name=\"description\" content=\"P\u00e1gina especial del Instituto Catal\u00e1n Internacional para la Paz con lecturas y recursos con perspectiva de paz.\" \/>\n<meta name=\"robots\" content=\"index, follow, max-snippet:-1, max-image-preview:large, max-video-preview:-1\" \/>\n<link rel=\"canonical\" href=\"https:\/\/www.icip.cat\/es\/conflicto-en-oriente-proximo\/\" \/>\n<meta property=\"og:locale\" content=\"es_ES\" \/>\n<meta property=\"og:type\" content=\"article\" \/>\n<meta property=\"og:title\" content=\"Conflicto en el Oriente Pr\u00f3ximo - ICIP\" \/>\n<meta property=\"og:description\" content=\"P\u00e1gina especial del Instituto Catal\u00e1n Internacional para la Paz con lecturas y recursos con perspectiva de paz.\" \/>\n<meta property=\"og:url\" content=\"https:\/\/www.icip.cat\/es\/conflicto-en-oriente-proximo\/\" \/>\n<meta property=\"og:site_name\" content=\"ICIP\" \/>\n<meta property=\"article:modified_time\" content=\"2025-09-09T13:32:29+00:00\" \/>\n<meta property=\"og:image\" content=\"https:\/\/www.icip.cat\/wp-content\/uploads\/2023\/10\/israel-iglesia-ortodoxa-gaza-palestina-facebook-EFE5.jpg\" \/>\n\t<meta property=\"og:image:width\" content=\"1128\" \/>\n\t<meta property=\"og:image:height\" content=\"719\" \/>\n\t<meta property=\"og:image:type\" content=\"image\/jpeg\" \/>\n<meta name=\"twitter:card\" content=\"summary_large_image\" \/>\n<meta name=\"twitter:label1\" content=\"Tiempo de lectura\" \/>\n\t<meta name=\"twitter:data1\" content=\"2 minutos\" \/>\n<script type=\"application\/ld+json\" class=\"yoast-schema-graph\">{\"@context\":\"https:\/\/schema.org\",\"@graph\":[{\"@type\":\"WebPage\",\"@id\":\"https:\/\/www.icip.cat\/es\/conflicto-en-oriente-proximo\/\",\"url\":\"https:\/\/www.icip.cat\/es\/conflicto-en-oriente-proximo\/\",\"name\":\"Conflicto en el Oriente Pr\u00f3ximo - ICIP\",\"isPartOf\":{\"@id\":\"https:\/\/www.icip.cat\/ca\/#website\"},\"primaryImageOfPage\":{\"@id\":\"https:\/\/www.icip.cat\/es\/conflicto-en-oriente-proximo\/#primaryimage\"},\"image\":{\"@id\":\"https:\/\/www.icip.cat\/es\/conflicto-en-oriente-proximo\/#primaryimage\"},\"thumbnailUrl\":\"https:\/\/www.icip.cat\/wp-content\/uploads\/2023\/10\/israel-iglesia-ortodoxa-gaza-palestina-facebook-EFE5-768x490.jpg\",\"datePublished\":\"2023-10-18T09:45:08+00:00\",\"dateModified\":\"2025-09-09T13:32:29+00:00\",\"description\":\"P\u00e1gina especial del Instituto Catal\u00e1n Internacional para la Paz con lecturas y recursos con perspectiva de paz.\",\"inLanguage\":\"es\",\"potentialAction\":[{\"@type\":\"ReadAction\",\"target\":[\"https:\/\/www.icip.cat\/es\/conflicto-en-oriente-proximo\/\"]}]},{\"@type\":\"ImageObject\",\"inLanguage\":\"es\",\"@id\":\"https:\/\/www.icip.cat\/es\/conflicto-en-oriente-proximo\/#primaryimage\",\"url\":\"https:\/\/www.icip.cat\/wp-content\/uploads\/2023\/10\/israel-iglesia-ortodoxa-gaza-palestina-facebook-EFE5-768x490.jpg\",\"contentUrl\":\"https:\/\/www.icip.cat\/wp-content\/uploads\/2023\/10\/israel-iglesia-ortodoxa-gaza-palestina-facebook-EFE5-768x490.jpg\"},{\"@type\":\"WebSite\",\"@id\":\"https:\/\/www.icip.cat\/ca\/#website\",\"url\":\"https:\/\/www.icip.cat\/ca\/\",\"name\":\"ICIP\",\"description\":\"\",\"publisher\":{\"@id\":\"https:\/\/www.icip.cat\/ca\/#organization\"},\"potentialAction\":[{\"@type\":\"SearchAction\",\"target\":{\"@type\":\"EntryPoint\",\"urlTemplate\":\"https:\/\/www.icip.cat\/ca\/?s={search_term_string}\"},\"query-input\":{\"@type\":\"PropertyValueSpecification\",\"valueRequired\":true,\"valueName\":\"search_term_string\"}}],\"inLanguage\":\"es\"},{\"@type\":\"Organization\",\"@id\":\"https:\/\/www.icip.cat\/ca\/#organization\",\"name\":\"ICIP\",\"url\":\"https:\/\/www.icip.cat\/ca\/\",\"logo\":{\"@type\":\"ImageObject\",\"inLanguage\":\"es\",\"@id\":\"https:\/\/www.icip.cat\/ca\/#\/schema\/logo\/image\/\",\"url\":\"https:\/\/www.icip.cat\/wp-content\/uploads\/2021\/02\/logo-2.png\",\"contentUrl\":\"https:\/\/www.icip.cat\/wp-content\/uploads\/2021\/02\/logo-2.png\",\"width\":562,\"height\":391,\"caption\":\"ICIP\"},\"image\":{\"@id\":\"https:\/\/www.icip.cat\/ca\/#\/schema\/logo\/image\/\"}}]}<\/script>\n<!-- \/ Yoast SEO plugin. -->","yoast_head_json":{"title":"Conflicto en el Oriente Pr\u00f3ximo - ICIP","description":"P\u00e1gina especial del Instituto Catal\u00e1n Internacional para la Paz con lecturas y recursos con perspectiva de paz.","robots":{"index":"index","follow":"follow","max-snippet":"max-snippet:-1","max-image-preview":"max-image-preview:large","max-video-preview":"max-video-preview:-1"},"canonical":"https:\/\/www.icip.cat\/es\/conflicto-en-oriente-proximo\/","og_locale":"es_ES","og_type":"article","og_title":"Conflicto en el Oriente Pr\u00f3ximo - ICIP","og_description":"P\u00e1gina especial del Instituto Catal\u00e1n Internacional para la Paz con lecturas y recursos con perspectiva de paz.","og_url":"https:\/\/www.icip.cat\/es\/conflicto-en-oriente-proximo\/","og_site_name":"ICIP","article_modified_time":"2025-09-09T13:32:29+00:00","og_image":[{"width":1128,"height":719,"url":"https:\/\/www.icip.cat\/wp-content\/uploads\/2023\/10\/israel-iglesia-ortodoxa-gaza-palestina-facebook-EFE5.jpg","type":"image\/jpeg"}],"twitter_card":"summary_large_image","twitter_misc":{"Tiempo de lectura":"2 minutos"},"schema":{"@context":"https:\/\/schema.org","@graph":[{"@type":"WebPage","@id":"https:\/\/www.icip.cat\/es\/conflicto-en-oriente-proximo\/","url":"https:\/\/www.icip.cat\/es\/conflicto-en-oriente-proximo\/","name":"Conflicto en el Oriente Pr\u00f3ximo - ICIP","isPartOf":{"@id":"https:\/\/www.icip.cat\/ca\/#website"},"primaryImageOfPage":{"@id":"https:\/\/www.icip.cat\/es\/conflicto-en-oriente-proximo\/#primaryimage"},"image":{"@id":"https:\/\/www.icip.cat\/es\/conflicto-en-oriente-proximo\/#primaryimage"},"thumbnailUrl":"https:\/\/www.icip.cat\/wp-content\/uploads\/2023\/10\/israel-iglesia-ortodoxa-gaza-palestina-facebook-EFE5-768x490.jpg","datePublished":"2023-10-18T09:45:08+00:00","dateModified":"2025-09-09T13:32:29+00:00","description":"P\u00e1gina especial del Instituto Catal\u00e1n Internacional para la Paz con lecturas y recursos con perspectiva de paz.","inLanguage":"es","potentialAction":[{"@type":"ReadAction","target":["https:\/\/www.icip.cat\/es\/conflicto-en-oriente-proximo\/"]}]},{"@type":"ImageObject","inLanguage":"es","@id":"https:\/\/www.icip.cat\/es\/conflicto-en-oriente-proximo\/#primaryimage","url":"https:\/\/www.icip.cat\/wp-content\/uploads\/2023\/10\/israel-iglesia-ortodoxa-gaza-palestina-facebook-EFE5-768x490.jpg","contentUrl":"https:\/\/www.icip.cat\/wp-content\/uploads\/2023\/10\/israel-iglesia-ortodoxa-gaza-palestina-facebook-EFE5-768x490.jpg"},{"@type":"WebSite","@id":"https:\/\/www.icip.cat\/ca\/#website","url":"https:\/\/www.icip.cat\/ca\/","name":"ICIP","description":"","publisher":{"@id":"https:\/\/www.icip.cat\/ca\/#organization"},"potentialAction":[{"@type":"SearchAction","target":{"@type":"EntryPoint","urlTemplate":"https:\/\/www.icip.cat\/ca\/?s={search_term_string}"},"query-input":{"@type":"PropertyValueSpecification","valueRequired":true,"valueName":"search_term_string"}}],"inLanguage":"es"},{"@type":"Organization","@id":"https:\/\/www.icip.cat\/ca\/#organization","name":"ICIP","url":"https:\/\/www.icip.cat\/ca\/","logo":{"@type":"ImageObject","inLanguage":"es","@id":"https:\/\/www.icip.cat\/ca\/#\/schema\/logo\/image\/","url":"https:\/\/www.icip.cat\/wp-content\/uploads\/2021\/02\/logo-2.png","contentUrl":"https:\/\/www.icip.cat\/wp-content\/uploads\/2021\/02\/logo-2.png","width":562,"height":391,"caption":"ICIP"},"image":{"@id":"https:\/\/www.icip.cat\/ca\/#\/schema\/logo\/image\/"}}]}},"_links":{"self":[{"href":"https:\/\/www.icip.cat\/es\/wp-json\/wp\/v2\/pages\/40123","targetHints":{"allow":["GET"]}}],"collection":[{"href":"https:\/\/www.icip.cat\/es\/wp-json\/wp\/v2\/pages"}],"about":[{"href":"https:\/\/www.icip.cat\/es\/wp-json\/wp\/v2\/types\/page"}],"author":[{"embeddable":true,"href":"https:\/\/www.icip.cat\/es\/wp-json\/wp\/v2\/users\/4"}],"replies":[{"embeddable":true,"href":"https:\/\/www.icip.cat\/es\/wp-json\/wp\/v2\/comments?post=40123"}],"version-history":[{"count":186,"href":"https:\/\/www.icip.cat\/es\/wp-json\/wp\/v2\/pages\/40123\/revisions"}],"predecessor-version":[{"id":56706,"href":"https:\/\/www.icip.cat\/es\/wp-json\/wp\/v2\/pages\/40123\/revisions\/56706"}],"wp:attachment":[{"href":"https:\/\/www.icip.cat\/es\/wp-json\/wp\/v2\/media?parent=40123"}],"curies":[{"name":"wp","href":"https:\/\/api.w.org\/{rel}","templated":true}]}}