{"id":48029,"date":"2024-07-29T10:20:47","date_gmt":"2024-07-29T10:20:47","guid":{"rendered":"https:\/\/www.icip.cat\/violencies-fora-de-contextos-bel%c2%b7lics\/"},"modified":"2024-07-29T13:03:37","modified_gmt":"2024-07-29T13:03:37","slug":"violencias-fuera-de-contextos-belicos","status":"publish","type":"page","link":"https:\/\/www.icip.cat\/es\/violencias-fuera-de-contextos-belicos\/","title":{"rendered":"Violencias fuera de contextos b\u00e9licos"},"content":{"rendered":"\t\t<div data-elementor-type=\"wp-page\" data-elementor-id=\"48029\" class=\"elementor elementor-48029 elementor-47224\" data-elementor-post-type=\"page\">\n\t\t\t\t\t\t<section class=\"elementor-section elementor-top-section elementor-element elementor-element-86ec597 elementor-section-boxed elementor-section-height-default elementor-section-height-default\" data-id=\"86ec597\" data-element_type=\"section\" data-settings=\"{&quot;background_background&quot;:&quot;classic&quot;}\">\n\t\t\t\t\t\t\t<div class=\"elementor-background-overlay\"><\/div>\n\t\t\t\t\t\t\t<div class=\"elementor-container elementor-column-gap-default\">\n\t\t\t\t\t<div class=\"elementor-column elementor-col-100 elementor-top-column elementor-element elementor-element-d60d7ad\" data-id=\"d60d7ad\" data-element_type=\"column\">\n\t\t\t<div class=\"elementor-widget-wrap elementor-element-populated\">\n\t\t\t\t\t\t<div class=\"elementor-element elementor-element-30452ac elementor-widget elementor-widget-heading\" data-id=\"30452ac\" data-element_type=\"widget\" data-widget_type=\"heading.default\">\n\t\t\t\t<div class=\"elementor-widget-container\">\n\t\t\t\t\t<h1 class=\"elementor-heading-title elementor-size-default\">Violencias fuera de contextos b\u00e9licos<\/h1>\t\t\t\t<\/div>\n\t\t\t\t<\/div>\n\t\t\t\t\t<\/div>\n\t\t<\/div>\n\t\t\t\t\t<\/div>\n\t\t<\/section>\n\t\t\t\t<section class=\"elementor-section elementor-top-section elementor-element elementor-element-c1a5f1c elementor-section-boxed elementor-section-height-default elementor-section-height-default\" data-id=\"c1a5f1c\" data-element_type=\"section\">\n\t\t\t\t\t\t<div class=\"elementor-container elementor-column-gap-default\">\n\t\t\t\t\t<div class=\"elementor-column elementor-col-100 elementor-top-column elementor-element elementor-element-4468c02\" data-id=\"4468c02\" data-element_type=\"column\">\n\t\t\t<div class=\"elementor-widget-wrap elementor-element-populated\">\n\t\t\t\t\t\t<div class=\"elementor-element elementor-element-3b0a67f elementor-widget elementor-widget-text-editor\" data-id=\"3b0a67f\" data-element_type=\"widget\" data-widget_type=\"text-editor.default\">\n\t\t\t\t<div class=\"elementor-widget-container\">\n\t\t\t\t\t\t\t\t\t<p>Desde hace unos a\u00f1os, y pese al estallido de nuevas guerras, el n\u00famero de muertes violentas en situaciones \u00abfuera de contextos b\u00e9licos\u00bb supera el n\u00famero de muertes en conflictos armados. Se trata sin embargo de situaciones que reciben relativamente poca atenci\u00f3n internacional. Los homicidios son sin duda la expresi\u00f3n m\u00e1s visible de un <strong>amplio abanico de violencias directas<\/strong> que incluye tambi\u00e9n desapariciones y desplazamientos forzados, extorsiones, amenazas y ataques contra personas defensoras de los derechos humanos y del medio ambiente, etc. Son violencias cr\u00f3nicas -con un extraordinario impacto de g\u00e9nero- que est\u00e1n \u00edntimamente vinculadas a <strong>violencias estructurales y culturales<\/strong>.<\/p><p>Desde el ICIP entendemos la necesidad de abordarlas <strong>desde una perspectiva de construcci\u00f3n de paz<\/strong>, lejos de la l\u00f3gica represiva y de militarizaci\u00f3n de la seguridad p\u00fablica, lo que requiere <strong>repensar y adaptar las herramientas<\/strong> metodol\u00f3gicas y conceptuales. Al mismo tiempo, queremos identificar las iniciativas del \u00e1mbito local que abogan por una transformaci\u00f3n social y pol\u00edtica, por promover la cultura de paz y la defensa de los derechos humanos y por construir comunidad; aprender de sus experiencias y facilitar la circulaci\u00f3n de conocimientos entre actores sociales, acad\u00e9micos e institucionales.<\/p><p>A pesar de tener una visi\u00f3n global, en estos momentos, el \u00e1rea se centra en dos contextos geogr\u00e1ficos espec\u00edficos: <strong>M\u00e9xico<\/strong> y <strong>Am\u00e9rica Central<\/strong>. Asimismo, se trabaja para profundizar en el papel de colectivos como agentes de construcci\u00f3n de paz, entre ellos familias de <strong>personas desaparecidas<\/strong> que buscan verdad, justicia y reparaci\u00f3n y garant\u00edas de no repetici\u00f3n.<\/p>\t\t\t\t\t\t\t\t<\/div>\n\t\t\t\t<\/div>\n\t\t\t\t\t<\/div>\n\t\t<\/div>\n\t\t\t\t\t<\/div>\n\t\t<\/section>\n\t\t\t\t<section class=\"elementor-section elementor-top-section elementor-element elementor-element-c9e4f94 elementor-section-boxed elementor-section-height-default elementor-section-height-default\" data-id=\"c9e4f94\" data-element_type=\"section\">\n\t\t\t\t\t\t<div class=\"elementor-container elementor-column-gap-default\">\n\t\t\t\t\t<div class=\"elementor-column elementor-col-50 elementor-top-column elementor-element elementor-element-763ed7e\" data-id=\"763ed7e\" data-element_type=\"column\">\n\t\t\t<div class=\"elementor-widget-wrap elementor-element-populated\">\n\t\t\t\t\t\t<section class=\"elementor-section elementor-inner-section elementor-element elementor-element-2af0d32 elementor-section-height-min-height elementor-section-boxed elementor-section-height-default\" data-id=\"2af0d32\" data-element_type=\"section\">\n\t\t\t\t\t\t<div class=\"elementor-container elementor-column-gap-narrow\">\n\t\t\t\t\t<div class=\"elementor-column elementor-col-50 elementor-inner-column elementor-element elementor-element-642c667\" data-id=\"642c667\" data-element_type=\"column\" data-settings=\"{&quot;background_background&quot;:&quot;slideshow&quot;,&quot;background_slideshow_gallery&quot;:[],&quot;background_slideshow_loop&quot;:&quot;yes&quot;,&quot;background_slideshow_slide_duration&quot;:5000,&quot;background_slideshow_slide_transition&quot;:&quot;fade&quot;,&quot;background_slideshow_transition_duration&quot;:500}\">\n\t\t\t<div class=\"elementor-widget-wrap elementor-element-populated\">\n\t\t\t\t\t\t<div class=\"elementor-element elementor-element-f0a43b7 elementor-widget elementor-widget-image\" data-id=\"f0a43b7\" data-element_type=\"widget\" data-widget_type=\"image.default\">\n\t\t\t\t<div class=\"elementor-widget-container\">\n\t\t\t\t\t\t\t\t\t\t\t\t\t\t\t\t<a href=\"https:\/\/www.icip.cat\/es\/violencias-fuera-de-contextos-belicos\/entender-las-violencias\/\">\n\t\t\t\t\t\t\t<img fetchpriority=\"high\" decoding=\"async\" width=\"640\" height=\"426\" src=\"https:\/\/www.icip.cat\/wp-content\/uploads\/2024\/07\/10_pandilles-interior-1024x682.jpg\" class=\"attachment-large size-large wp-image-47859\" alt=\"\" srcset=\"https:\/\/www.icip.cat\/wp-content\/uploads\/2024\/07\/10_pandilles-interior-1024x682.jpg 1024w, https:\/\/www.icip.cat\/wp-content\/uploads\/2024\/07\/10_pandilles-interior-300x200.jpg 300w, https:\/\/www.icip.cat\/wp-content\/uploads\/2024\/07\/10_pandilles-interior-768x512.jpg 768w, https:\/\/www.icip.cat\/wp-content\/uploads\/2024\/07\/10_pandilles-interior-1536x1024.jpg 1536w, https:\/\/www.icip.cat\/wp-content\/uploads\/2024\/07\/10_pandilles-interior.jpg 2000w\" sizes=\"(max-width: 640px) 100vw, 640px\" \/>\t\t\t\t\t\t\t\t<\/a>\n\t\t\t\t\t\t\t\t\t\t\t\t\t\t\t<\/div>\n\t\t\t\t<\/div>\n\t\t\t\t<div class=\"elementor-element elementor-element-ff7c28d elementor-absolute elementor-widget elementor-widget-heading\" data-id=\"ff7c28d\" data-element_type=\"widget\" data-settings=\"{&quot;_position&quot;:&quot;absolute&quot;}\" data-widget_type=\"heading.default\">\n\t\t\t\t<div class=\"elementor-widget-container\">\n\t\t\t\t\t<h2 class=\"elementor-heading-title elementor-size-default\"><a href=\"https:\/\/www.icip.cat\/es\/violencias-fuera-de-contextos-belicos\/entender-las-violencias\/\">Entender las violencias<\/a><\/h2>\t\t\t\t<\/div>\n\t\t\t\t<\/div>\n\t\t\t\t\t<\/div>\n\t\t<\/div>\n\t\t\t\t<div class=\"elementor-column elementor-col-50 elementor-inner-column elementor-element elementor-element-de2d19a\" data-id=\"de2d19a\" data-element_type=\"column\" data-settings=\"{&quot;background_background&quot;:&quot;slideshow&quot;,&quot;background_slideshow_gallery&quot;:[],&quot;background_slideshow_loop&quot;:&quot;yes&quot;,&quot;background_slideshow_slide_duration&quot;:5000,&quot;background_slideshow_slide_transition&quot;:&quot;fade&quot;,&quot;background_slideshow_transition_duration&quot;:500}\">\n\t\t\t<div class=\"elementor-widget-wrap elementor-element-populated\">\n\t\t\t\t\t\t<div class=\"elementor-element elementor-element-11350a6 elementor-widget elementor-widget-image\" data-id=\"11350a6\" data-element_type=\"widget\" data-widget_type=\"image.default\">\n\t\t\t\t<div class=\"elementor-widget-container\">\n\t\t\t\t\t\t\t\t\t\t\t\t\t\t\t\t<a href=\"https:\/\/www.icip.cat\/es\/violencias-fuera-de-contextos-belicos\/construccion-de-paz-en-mexico\/\">\n\t\t\t\t\t\t\t<img decoding=\"async\" width=\"640\" height=\"409\" src=\"https:\/\/www.icip.cat\/wp-content\/uploads\/2024\/07\/IMG_5511-1024x655.jpg\" class=\"attachment-large size-large wp-image-47269\" alt=\"\" srcset=\"https:\/\/www.icip.cat\/wp-content\/uploads\/2024\/07\/IMG_5511-1024x655.jpg 1024w, https:\/\/www.icip.cat\/wp-content\/uploads\/2024\/07\/IMG_5511-300x192.jpg 300w, https:\/\/www.icip.cat\/wp-content\/uploads\/2024\/07\/IMG_5511-768x491.jpg 768w, https:\/\/www.icip.cat\/wp-content\/uploads\/2024\/07\/IMG_5511-1536x983.jpg 1536w, https:\/\/www.icip.cat\/wp-content\/uploads\/2024\/07\/IMG_5511-2048x1311.jpg 2048w\" sizes=\"(max-width: 640px) 100vw, 640px\" \/>\t\t\t\t\t\t\t\t<\/a>\n\t\t\t\t\t\t\t\t\t\t\t\t\t\t\t<\/div>\n\t\t\t\t<\/div>\n\t\t\t\t<div class=\"elementor-element elementor-element-0e60e18 elementor-absolute elementor-widget elementor-widget-heading\" data-id=\"0e60e18\" data-element_type=\"widget\" data-settings=\"{&quot;_position&quot;:&quot;absolute&quot;}\" data-widget_type=\"heading.default\">\n\t\t\t\t<div class=\"elementor-widget-container\">\n\t\t\t\t\t<h2 class=\"elementor-heading-title elementor-size-default\"><a href=\"https:\/\/www.icip.cat\/es\/violencias-fuera-de-contextos-belicos\/construccion-de-paz-en-mexico\/\">Construcci\u00f3n de paz en M\u00e9xico<\/a><\/h2>\t\t\t\t<\/div>\n\t\t\t\t<\/div>\n\t\t\t\t\t<\/div>\n\t\t<\/div>\n\t\t\t\t\t<\/div>\n\t\t<\/section>\n\t\t\t\t\t<\/div>\n\t\t<\/div>\n\t\t\t\t<div class=\"elementor-column elementor-col-50 elementor-top-column elementor-element elementor-element-698594e\" data-id=\"698594e\" data-element_type=\"column\">\n\t\t\t<div class=\"elementor-widget-wrap elementor-element-populated\">\n\t\t\t\t\t\t<section class=\"elementor-section elementor-inner-section elementor-element elementor-element-5b3192c elementor-section-height-min-height elementor-section-boxed elementor-section-height-default\" data-id=\"5b3192c\" data-element_type=\"section\">\n\t\t\t\t\t\t<div class=\"elementor-container elementor-column-gap-narrow\">\n\t\t\t\t\t<div class=\"elementor-column elementor-col-50 elementor-inner-column elementor-element elementor-element-1e1cc4e\" data-id=\"1e1cc4e\" data-element_type=\"column\" data-settings=\"{&quot;background_background&quot;:&quot;slideshow&quot;,&quot;background_slideshow_gallery&quot;:[],&quot;background_slideshow_loop&quot;:&quot;yes&quot;,&quot;background_slideshow_slide_duration&quot;:5000,&quot;background_slideshow_slide_transition&quot;:&quot;fade&quot;,&quot;background_slideshow_transition_duration&quot;:500}\">\n\t\t\t<div class=\"elementor-widget-wrap elementor-element-populated\">\n\t\t\t\t\t\t<div class=\"elementor-element elementor-element-29bd94d elementor-widget elementor-widget-image\" data-id=\"29bd94d\" data-element_type=\"widget\" data-widget_type=\"image.default\">\n\t\t\t\t<div class=\"elementor-widget-container\">\n\t\t\t\t\t\t\t\t\t\t\t\t\t\t\t\t<a href=\"https:\/\/www.icip.cat\/es\/violencias-fuera-de-contextos-belicos\/construccion-de-paz-en-america-central\/\">\n\t\t\t\t\t\t\t<img decoding=\"async\" width=\"640\" height=\"427\" src=\"https:\/\/www.icip.cat\/wp-content\/uploads\/2024\/06\/IMG_8107-2-1024x683.jpg\" class=\"attachment-large size-large wp-image-46737\" alt=\"\" srcset=\"https:\/\/www.icip.cat\/wp-content\/uploads\/2024\/06\/IMG_8107-2-1024x683.jpg 1024w, https:\/\/www.icip.cat\/wp-content\/uploads\/2024\/06\/IMG_8107-2-300x200.jpg 300w, https:\/\/www.icip.cat\/wp-content\/uploads\/2024\/06\/IMG_8107-2-768x512.jpg 768w, https:\/\/www.icip.cat\/wp-content\/uploads\/2024\/06\/IMG_8107-2-1536x1024.jpg 1536w, https:\/\/www.icip.cat\/wp-content\/uploads\/2024\/06\/IMG_8107-2-2048x1365.jpg 2048w\" sizes=\"(max-width: 640px) 100vw, 640px\" \/>\t\t\t\t\t\t\t\t<\/a>\n\t\t\t\t\t\t\t\t\t\t\t\t\t\t\t<\/div>\n\t\t\t\t<\/div>\n\t\t\t\t<div class=\"elementor-element elementor-element-69b886b elementor-absolute elementor-widget elementor-widget-heading\" data-id=\"69b886b\" data-element_type=\"widget\" data-settings=\"{&quot;_position&quot;:&quot;absolute&quot;}\" data-widget_type=\"heading.default\">\n\t\t\t\t<div class=\"elementor-widget-container\">\n\t\t\t\t\t<h2 class=\"elementor-heading-title elementor-size-default\"><a href=\"https:\/\/www.icip.cat\/es\/violencias-fuera-de-contextos-belicos\/construccion-de-paz-en-america-central\/\">Construcci\u00f3n de paz en Am\u00e9rica Central<\/a><\/h2>\t\t\t\t<\/div>\n\t\t\t\t<\/div>\n\t\t\t\t\t<\/div>\n\t\t<\/div>\n\t\t\t\t<div class=\"elementor-column elementor-col-50 elementor-inner-column elementor-element elementor-element-314910e\" data-id=\"314910e\" data-element_type=\"column\" data-settings=\"{&quot;background_background&quot;:&quot;slideshow&quot;,&quot;background_slideshow_gallery&quot;:[],&quot;background_slideshow_loop&quot;:&quot;yes&quot;,&quot;background_slideshow_slide_duration&quot;:5000,&quot;background_slideshow_slide_transition&quot;:&quot;fade&quot;,&quot;background_slideshow_transition_duration&quot;:500}\">\n\t\t\t<div class=\"elementor-widget-wrap elementor-element-populated\">\n\t\t\t\t\t\t<div class=\"elementor-element elementor-element-e490fd7 elementor-widget elementor-widget-image\" data-id=\"e490fd7\" data-element_type=\"widget\" data-widget_type=\"image.default\">\n\t\t\t\t<div class=\"elementor-widget-container\">\n\t\t\t\t\t\t\t\t\t\t\t\t\t\t\t\t<a href=\"https:\/\/www.icip.cat\/es\/violencias-fuera-de-contextos-belicos\/desapariciones-forzadas\/\">\n\t\t\t\t\t\t\t<img loading=\"lazy\" decoding=\"async\" width=\"640\" height=\"427\" src=\"https:\/\/www.icip.cat\/wp-content\/uploads\/2024\/07\/01_dones-exterior-1024x683.jpg\" class=\"attachment-large size-large wp-image-47251\" alt=\"\" srcset=\"https:\/\/www.icip.cat\/wp-content\/uploads\/2024\/07\/01_dones-exterior-1024x683.jpg 1024w, https:\/\/www.icip.cat\/wp-content\/uploads\/2024\/07\/01_dones-exterior-300x200.jpg 300w, https:\/\/www.icip.cat\/wp-content\/uploads\/2024\/07\/01_dones-exterior-768x512.jpg 768w, https:\/\/www.icip.cat\/wp-content\/uploads\/2024\/07\/01_dones-exterior-1536x1024.jpg 1536w, https:\/\/www.icip.cat\/wp-content\/uploads\/2024\/07\/01_dones-exterior-2048x1366.jpg 2048w\" sizes=\"(max-width: 640px) 100vw, 640px\" \/>\t\t\t\t\t\t\t\t<\/a>\n\t\t\t\t\t\t\t\t\t\t\t\t\t\t\t<\/div>\n\t\t\t\t<\/div>\n\t\t\t\t<div class=\"elementor-element elementor-element-b4eceec elementor-absolute elementor-widget elementor-widget-heading\" data-id=\"b4eceec\" data-element_type=\"widget\" data-settings=\"{&quot;_position&quot;:&quot;absolute&quot;}\" data-widget_type=\"heading.default\">\n\t\t\t\t<div class=\"elementor-widget-container\">\n\t\t\t\t\t<h2 class=\"elementor-heading-title elementor-size-large\"><a href=\"https:\/\/www.icip.cat\/es\/violencias-fuera-de-contextos-belicos\/desapariciones-forzadas\/\">Desapariciones forzadas<\/a><\/h2>\t\t\t\t<\/div>\n\t\t\t\t<\/div>\n\t\t\t\t\t<\/div>\n\t\t<\/div>\n\t\t\t\t\t<\/div>\n\t\t<\/section>\n\t\t\t\t\t<\/div>\n\t\t<\/div>\n\t\t\t\t\t<\/div>\n\t\t<\/section>\n\t\t\t\t<\/div>\n\t\t","protected":false},"excerpt":{"rendered":"<p>Violencias fuera de contextos b\u00e9licos Desde hace unos a\u00f1os, y pese al estallido de nuevas guerras, el n\u00famero de muertes violentas en situaciones \u00abfuera de contextos b\u00e9licos\u00bb supera el n\u00famero de muertes en conflictos armados. Se trata sin embargo de situaciones que reciben relativamente poca atenci\u00f3n internacional. Los homicidios son sin duda la expresi\u00f3n m\u00e1s [&hellip;]<\/p>\n","protected":false},"author":4,"featured_media":0,"parent":0,"menu_order":0,"comment_status":"closed","ping_status":"closed","template":"","meta":{"_acf_changed":false,"footnotes":""},"class_list":["post-48029","page","type-page","status-publish","hentry"],"acf":[],"yoast_head":"<!-- This site is optimized with the Yoast SEO plugin v25.6 - https:\/\/yoast.com\/wordpress\/plugins\/seo\/ -->\n<title>Violencias fuera de contextos b\u00e9licos - ICIP<\/title>\n<meta name=\"robots\" content=\"index, follow, max-snippet:-1, max-image-preview:large, max-video-preview:-1\" \/>\n<link rel=\"canonical\" href=\"https:\/\/www.icip.cat\/ca\/violencia-fora-de-contextos-bellics\/\" \/>\n<meta property=\"og:locale\" content=\"es_ES\" \/>\n<meta property=\"og:type\" content=\"article\" \/>\n<meta property=\"og:title\" content=\"Violencias fuera de contextos b\u00e9licos - ICIP\" \/>\n<meta property=\"og:description\" content=\"Violencias fuera de contextos b\u00e9licos Desde hace unos a\u00f1os, y pese al estallido de nuevas guerras, el n\u00famero de muertes violentas en situaciones \u00abfuera de contextos b\u00e9licos\u00bb supera el n\u00famero de muertes en conflictos armados. Se trata sin embargo de situaciones que reciben relativamente poca atenci\u00f3n internacional. Los homicidios son sin duda la expresi\u00f3n m\u00e1s [&hellip;]\" \/>\n<meta property=\"og:url\" content=\"https:\/\/www.icip.cat\/ca\/violencia-fora-de-contextos-bellics\/\" \/>\n<meta property=\"og:site_name\" content=\"ICIP\" \/>\n<meta property=\"article:modified_time\" content=\"2024-07-29T13:03:37+00:00\" \/>\n<meta property=\"og:image\" content=\"https:\/\/www.icip.cat\/wp-content\/uploads\/2024\/07\/10_pandilles-interior-1024x682.jpg\" \/>\n<meta name=\"twitter:card\" content=\"summary_large_image\" \/>\n<meta name=\"twitter:label1\" content=\"Tiempo de lectura\" \/>\n\t<meta name=\"twitter:data1\" content=\"3 minutos\" \/>\n<script type=\"application\/ld+json\" class=\"yoast-schema-graph\">{\"@context\":\"https:\/\/schema.org\",\"@graph\":[{\"@type\":\"WebPage\",\"@id\":\"https:\/\/www.icip.cat\/ca\/violencia-fora-de-contextos-bellics\/\",\"url\":\"https:\/\/www.icip.cat\/ca\/violencia-fora-de-contextos-bellics\/\",\"name\":\"Violencias fuera de contextos b\u00e9licos - ICIP\",\"isPartOf\":{\"@id\":\"https:\/\/www.icip.cat\/ca\/#website\"},\"primaryImageOfPage\":{\"@id\":\"https:\/\/www.icip.cat\/ca\/violencia-fora-de-contextos-bellics\/#primaryimage\"},\"image\":{\"@id\":\"https:\/\/www.icip.cat\/ca\/violencia-fora-de-contextos-bellics\/#primaryimage\"},\"thumbnailUrl\":\"https:\/\/www.icip.cat\/wp-content\/uploads\/2024\/07\/10_pandilles-interior-1024x682.jpg\",\"datePublished\":\"2024-07-29T10:20:47+00:00\",\"dateModified\":\"2024-07-29T13:03:37+00:00\",\"inLanguage\":\"es\",\"potentialAction\":[{\"@type\":\"ReadAction\",\"target\":[\"https:\/\/www.icip.cat\/ca\/violencia-fora-de-contextos-bellics\/\"]}]},{\"@type\":\"ImageObject\",\"inLanguage\":\"es\",\"@id\":\"https:\/\/www.icip.cat\/ca\/violencia-fora-de-contextos-bellics\/#primaryimage\",\"url\":\"https:\/\/www.icip.cat\/wp-content\/uploads\/2024\/07\/10_pandilles-interior-1024x682.jpg\",\"contentUrl\":\"https:\/\/www.icip.cat\/wp-content\/uploads\/2024\/07\/10_pandilles-interior-1024x682.jpg\"},{\"@type\":\"WebSite\",\"@id\":\"https:\/\/www.icip.cat\/ca\/#website\",\"url\":\"https:\/\/www.icip.cat\/ca\/\",\"name\":\"ICIP\",\"description\":\"\",\"publisher\":{\"@id\":\"https:\/\/www.icip.cat\/ca\/#organization\"},\"potentialAction\":[{\"@type\":\"SearchAction\",\"target\":{\"@type\":\"EntryPoint\",\"urlTemplate\":\"https:\/\/www.icip.cat\/ca\/?s={search_term_string}\"},\"query-input\":{\"@type\":\"PropertyValueSpecification\",\"valueRequired\":true,\"valueName\":\"search_term_string\"}}],\"inLanguage\":\"es\"},{\"@type\":\"Organization\",\"@id\":\"https:\/\/www.icip.cat\/ca\/#organization\",\"name\":\"ICIP\",\"url\":\"https:\/\/www.icip.cat\/ca\/\",\"logo\":{\"@type\":\"ImageObject\",\"inLanguage\":\"es\",\"@id\":\"https:\/\/www.icip.cat\/ca\/#\/schema\/logo\/image\/\",\"url\":\"https:\/\/www.icip.cat\/wp-content\/uploads\/2021\/02\/logo-2.png\",\"contentUrl\":\"https:\/\/www.icip.cat\/wp-content\/uploads\/2021\/02\/logo-2.png\",\"width\":562,\"height\":391,\"caption\":\"ICIP\"},\"image\":{\"@id\":\"https:\/\/www.icip.cat\/ca\/#\/schema\/logo\/image\/\"}}]}<\/script>\n<!-- \/ Yoast SEO plugin. -->","yoast_head_json":{"title":"Violencias fuera de contextos b\u00e9licos - ICIP","robots":{"index":"index","follow":"follow","max-snippet":"max-snippet:-1","max-image-preview":"max-image-preview:large","max-video-preview":"max-video-preview:-1"},"canonical":"https:\/\/www.icip.cat\/ca\/violencia-fora-de-contextos-bellics\/","og_locale":"es_ES","og_type":"article","og_title":"Violencias fuera de contextos b\u00e9licos - ICIP","og_description":"Violencias fuera de contextos b\u00e9licos Desde hace unos a\u00f1os, y pese al estallido de nuevas guerras, el n\u00famero de muertes violentas en situaciones \u00abfuera de contextos b\u00e9licos\u00bb supera el n\u00famero de muertes en conflictos armados. Se trata sin embargo de situaciones que reciben relativamente poca atenci\u00f3n internacional. Los homicidios son sin duda la expresi\u00f3n m\u00e1s [&hellip;]","og_url":"https:\/\/www.icip.cat\/ca\/violencia-fora-de-contextos-bellics\/","og_site_name":"ICIP","article_modified_time":"2024-07-29T13:03:37+00:00","og_image":[{"url":"https:\/\/www.icip.cat\/wp-content\/uploads\/2024\/07\/10_pandilles-interior-1024x682.jpg","type":"","width":"","height":""}],"twitter_card":"summary_large_image","twitter_misc":{"Tiempo de lectura":"3 minutos"},"schema":{"@context":"https:\/\/schema.org","@graph":[{"@type":"WebPage","@id":"https:\/\/www.icip.cat\/ca\/violencia-fora-de-contextos-bellics\/","url":"https:\/\/www.icip.cat\/ca\/violencia-fora-de-contextos-bellics\/","name":"Violencias fuera de contextos b\u00e9licos - ICIP","isPartOf":{"@id":"https:\/\/www.icip.cat\/ca\/#website"},"primaryImageOfPage":{"@id":"https:\/\/www.icip.cat\/ca\/violencia-fora-de-contextos-bellics\/#primaryimage"},"image":{"@id":"https:\/\/www.icip.cat\/ca\/violencia-fora-de-contextos-bellics\/#primaryimage"},"thumbnailUrl":"https:\/\/www.icip.cat\/wp-content\/uploads\/2024\/07\/10_pandilles-interior-1024x682.jpg","datePublished":"2024-07-29T10:20:47+00:00","dateModified":"2024-07-29T13:03:37+00:00","inLanguage":"es","potentialAction":[{"@type":"ReadAction","target":["https:\/\/www.icip.cat\/ca\/violencia-fora-de-contextos-bellics\/"]}]},{"@type":"ImageObject","inLanguage":"es","@id":"https:\/\/www.icip.cat\/ca\/violencia-fora-de-contextos-bellics\/#primaryimage","url":"https:\/\/www.icip.cat\/wp-content\/uploads\/2024\/07\/10_pandilles-interior-1024x682.jpg","contentUrl":"https:\/\/www.icip.cat\/wp-content\/uploads\/2024\/07\/10_pandilles-interior-1024x682.jpg"},{"@type":"WebSite","@id":"https:\/\/www.icip.cat\/ca\/#website","url":"https:\/\/www.icip.cat\/ca\/","name":"ICIP","description":"","publisher":{"@id":"https:\/\/www.icip.cat\/ca\/#organization"},"potentialAction":[{"@type":"SearchAction","target":{"@type":"EntryPoint","urlTemplate":"https:\/\/www.icip.cat\/ca\/?s={search_term_string}"},"query-input":{"@type":"PropertyValueSpecification","valueRequired":true,"valueName":"search_term_string"}}],"inLanguage":"es"},{"@type":"Organization","@id":"https:\/\/www.icip.cat\/ca\/#organization","name":"ICIP","url":"https:\/\/www.icip.cat\/ca\/","logo":{"@type":"ImageObject","inLanguage":"es","@id":"https:\/\/www.icip.cat\/ca\/#\/schema\/logo\/image\/","url":"https:\/\/www.icip.cat\/wp-content\/uploads\/2021\/02\/logo-2.png","contentUrl":"https:\/\/www.icip.cat\/wp-content\/uploads\/2021\/02\/logo-2.png","width":562,"height":391,"caption":"ICIP"},"image":{"@id":"https:\/\/www.icip.cat\/ca\/#\/schema\/logo\/image\/"}}]}},"_links":{"self":[{"href":"https:\/\/www.icip.cat\/es\/wp-json\/wp\/v2\/pages\/48029","targetHints":{"allow":["GET"]}}],"collection":[{"href":"https:\/\/www.icip.cat\/es\/wp-json\/wp\/v2\/pages"}],"about":[{"href":"https:\/\/www.icip.cat\/es\/wp-json\/wp\/v2\/types\/page"}],"author":[{"embeddable":true,"href":"https:\/\/www.icip.cat\/es\/wp-json\/wp\/v2\/users\/4"}],"replies":[{"embeddable":true,"href":"https:\/\/www.icip.cat\/es\/wp-json\/wp\/v2\/comments?post=48029"}],"version-history":[{"count":49,"href":"https:\/\/www.icip.cat\/es\/wp-json\/wp\/v2\/pages\/48029\/revisions"}],"predecessor-version":[{"id":48147,"href":"https:\/\/www.icip.cat\/es\/wp-json\/wp\/v2\/pages\/48029\/revisions\/48147"}],"wp:attachment":[{"href":"https:\/\/www.icip.cat\/es\/wp-json\/wp\/v2\/media?parent=48029"}],"curies":[{"name":"wp","href":"https:\/\/api.w.org\/{rel}","templated":true}]}}