{"id":48123,"date":"2024-07-29T12:42:35","date_gmt":"2024-07-29T12:42:35","guid":{"rendered":"https:\/\/www.icip.cat\/violencias-fuera-de-contextos-belicos\/activitats-de-petit-format\/"},"modified":"2024-10-09T08:34:12","modified_gmt":"2024-10-09T08:34:12","slug":"actividades-de-pequeno-formato","status":"publish","type":"page","link":"https:\/\/www.icip.cat\/es\/violencias-fuera-de-contextos-belicos\/actividades-de-pequeno-formato\/","title":{"rendered":"Actividades de peque\u00f1o formato"},"content":{"rendered":"\t\t<div data-elementor-type=\"wp-page\" data-elementor-id=\"48123\" class=\"elementor elementor-48123 elementor-47959\" data-elementor-post-type=\"page\">\n\t\t\t\t\t\t<section class=\"elementor-section elementor-top-section elementor-element elementor-element-098a35f elementor-section-boxed elementor-section-height-default elementor-section-height-default\" data-id=\"098a35f\" data-element_type=\"section\" data-settings=\"{&quot;background_background&quot;:&quot;classic&quot;}\">\n\t\t\t\t\t\t\t<div class=\"elementor-background-overlay\"><\/div>\n\t\t\t\t\t\t\t<div class=\"elementor-container elementor-column-gap-default\">\n\t\t\t\t\t<div class=\"elementor-column elementor-col-100 elementor-top-column elementor-element elementor-element-d4566a4\" data-id=\"d4566a4\" data-element_type=\"column\">\n\t\t\t<div class=\"elementor-widget-wrap elementor-element-populated\">\n\t\t\t\t\t\t<div class=\"elementor-element elementor-element-ea96a86 elementor-widget elementor-widget-heading\" data-id=\"ea96a86\" data-element_type=\"widget\" data-widget_type=\"heading.default\">\n\t\t\t\t<div class=\"elementor-widget-container\">\n\t\t\t\t\t<h1 class=\"elementor-heading-title elementor-size-xl\">Actividades de peque\u00f1o formato<\/h1>\t\t\t\t<\/div>\n\t\t\t\t<\/div>\n\t\t\t\t\t<\/div>\n\t\t<\/div>\n\t\t\t\t\t<\/div>\n\t\t<\/section>\n\t\t\t\t<section class=\"elementor-section elementor-top-section elementor-element elementor-element-56adc83 elementor-section-boxed elementor-section-height-default elementor-section-height-default\" data-id=\"56adc83\" data-element_type=\"section\">\n\t\t\t\t\t\t<div class=\"elementor-container elementor-column-gap-default\">\n\t\t\t\t\t<div class=\"elementor-column elementor-col-100 elementor-top-column elementor-element elementor-element-98f50b6\" data-id=\"98f50b6\" data-element_type=\"column\">\n\t\t\t<div class=\"elementor-widget-wrap elementor-element-populated\">\n\t\t\t\t\t\t<div class=\"elementor-element elementor-element-d0cdc5a elementor-widget elementor-widget-spacer\" data-id=\"d0cdc5a\" data-element_type=\"widget\" data-widget_type=\"spacer.default\">\n\t\t\t\t<div class=\"elementor-widget-container\">\n\t\t\t\t\t\t\t<div class=\"elementor-spacer\">\n\t\t\t<div class=\"elementor-spacer-inner\"><\/div>\n\t\t<\/div>\n\t\t\t\t\t\t<\/div>\n\t\t\t\t<\/div>\n\t\t\t\t<section class=\"elementor-section elementor-inner-section elementor-element elementor-element-8c402a6 elementor-section-boxed elementor-section-height-default elementor-section-height-default\" data-id=\"8c402a6\" data-element_type=\"section\">\n\t\t\t\t\t\t<div class=\"elementor-container elementor-column-gap-default\">\n\t\t\t\t\t<div class=\"elementor-column elementor-col-100 elementor-inner-column elementor-element elementor-element-e778450\" data-id=\"e778450\" data-element_type=\"column\">\n\t\t\t<div class=\"elementor-widget-wrap elementor-element-populated\">\n\t\t\t\t\t\t<div class=\"elementor-element elementor-element-15b0fb5 elementor-widget elementor-widget-text-editor\" data-id=\"15b0fb5\" data-element_type=\"widget\" data-widget_type=\"text-editor.default\">\n\t\t\t\t<div class=\"elementor-widget-container\">\n\t\t\t\t\t\t\t\t\t<p>A lo largo del a\u00f1o el ICIP organiza actividades de reflexi\u00f3n de peque\u00f1o formato, como tertulias y sesiones de an\u00e1lisis, para un p\u00fablico especializado, que permiten profundizar en las tem\u00e1ticas planteadas.<\/p><p>Estas son las actividades centradas en la construcci\u00f3n de paz en Centroam\u00e9rica.<\/p>\t\t\t\t\t\t\t\t<\/div>\n\t\t\t\t<\/div>\n\t\t\t\t\t<\/div>\n\t\t<\/div>\n\t\t\t\t\t<\/div>\n\t\t<\/section>\n\t\t\t\t<div class=\"elementor-element elementor-element-4c79cc0 elementor-widget elementor-widget-heading\" data-id=\"4c79cc0\" data-element_type=\"widget\" id=\"colombia\" data-widget_type=\"heading.default\">\n\t\t\t\t<div class=\"elementor-widget-container\">\n\t\t\t\t\t<h2 class=\"elementor-heading-title elementor-size-default\">Sepur Zarco: un proceso emblem\u00e1tico de\nreparaci\u00f3n transformadora<\/h2>\t\t\t\t<\/div>\n\t\t\t\t<\/div>\n\t\t\t\t<div class=\"elementor-element elementor-element-fc51ce9 elementor-widget elementor-widget-text-editor\" data-id=\"fc51ce9\" data-element_type=\"widget\" data-widget_type=\"text-editor.default\">\n\t\t\t\t<div class=\"elementor-widget-container\">\n\t\t\t\t\t\t\t\t\t<p>El 27 de septiembre de 2024\u00a0 visitaron la sede del ICIP las se\u00f1oras<strong> Carmen Xol<\/strong> y <strong>Clemencia Yat<\/strong>, mujeres q&#8217;eqchi&#8217;y del Valle del Polochic, Guatemala, integrantes de la Colectiva Jalok U&#8217;. Xol y Yat forman parte del grupo de las Abuelas de Sepur Zarco que rompieron el silencio 30 a\u00f1os despu\u00e9s de los cr\u00edmenes contra la humanidad, entre ellos, violencia y esclavitud sexual, que ellas y otras personas de su comunidad sufrieron en el marco del conflicto armado guatemalteco.<\/p><p>El caso Sepur Zarco es muy emblem\u00e1tico en el \u00e1mbito de la justicia transicional, especialmente por las medidas de reparaci\u00f3n transformadora que dict\u00f3 la justicia de Guatemala en el primer juicio nacional por esclavitud sexual y dom\u00e9stica relacionada con el conflicto. La sentencia recoge 18 medidas de reparaci\u00f3n, 16 de ellas orientadas a la comunidad, y cuenta con un proceso de seguimiento de su implementaci\u00f3n liderado por las propias Abuelas. El trato respetuoso ofrecido a las v\u00edctimas durante el juicio tambi\u00e9n ha sido reconocido internacionalmente como buena pr\u00e1ctica.<\/p><p>El intercambio con las Abuelas de Sepur Zarco permiti\u00f3 conocer de primera mano las valiosas contribuciones que este grupo de mujeres ha hecho a la justicia transicional, aportando una perspectiva de g\u00e9nero, participativa y centrada en las v\u00edctimas y supervivientes.<\/p>\t\t\t\t\t\t\t\t<\/div>\n\t\t\t\t<\/div>\n\t\t\t\t<div class=\"elementor-element elementor-element-aa4595a elementor-widget elementor-widget-image\" data-id=\"aa4595a\" data-element_type=\"widget\" data-widget_type=\"image.default\">\n\t\t\t\t<div class=\"elementor-widget-container\">\n\t\t\t\t\t\t\t\t\t\t\t\t\t\t\t<img fetchpriority=\"high\" decoding=\"async\" width=\"640\" height=\"427\" src=\"https:\/\/www.icip.cat\/wp-content\/uploads\/2024\/10\/IMG_9889-768x512.jpg\" class=\"attachment-medium_large size-medium_large wp-image-49849\" alt=\"\" srcset=\"https:\/\/www.icip.cat\/wp-content\/uploads\/2024\/10\/IMG_9889-768x512.jpg 768w, https:\/\/www.icip.cat\/wp-content\/uploads\/2024\/10\/IMG_9889-300x200.jpg 300w, https:\/\/www.icip.cat\/wp-content\/uploads\/2024\/10\/IMG_9889-1024x683.jpg 1024w, https:\/\/www.icip.cat\/wp-content\/uploads\/2024\/10\/IMG_9889-1536x1024.jpg 1536w, https:\/\/www.icip.cat\/wp-content\/uploads\/2024\/10\/IMG_9889-2048x1365.jpg 2048w\" sizes=\"(max-width: 640px) 100vw, 640px\" \/>\t\t\t\t\t\t\t\t\t\t\t\t\t\t\t<\/div>\n\t\t\t\t<\/div>\n\t\t\t\t<div class=\"elementor-element elementor-element-48cb4f7 elementor-widget-divider--view-line elementor-widget elementor-widget-divider\" data-id=\"48cb4f7\" data-element_type=\"widget\" data-widget_type=\"divider.default\">\n\t\t\t\t<div class=\"elementor-widget-container\">\n\t\t\t\t\t\t\t<div class=\"elementor-divider\">\n\t\t\t<span class=\"elementor-divider-separator\">\n\t\t\t\t\t\t<\/span>\n\t\t<\/div>\n\t\t\t\t\t\t<\/div>\n\t\t\t\t<\/div>\n\t\t\t\t<div class=\"elementor-element elementor-element-cf617da elementor-widget elementor-widget-heading\" data-id=\"cf617da\" data-element_type=\"widget\" data-widget_type=\"heading.default\">\n\t\t\t\t<div class=\"elementor-widget-container\">\n\t\t\t\t\t<h2 class=\"elementor-heading-title elementor-size-default\">Retos y oportunidades por la paz en Centroam\u00e9rica<\/h2>\t\t\t\t<\/div>\n\t\t\t\t<\/div>\n\t\t\t\t<div class=\"elementor-element elementor-element-f05e095 elementor-widget elementor-widget-text-editor\" data-id=\"f05e095\" data-element_type=\"widget\" data-widget_type=\"text-editor.default\">\n\t\t\t\t<div class=\"elementor-widget-container\">\n\t\t\t\t\t\t\t\t\t<p>El 12 de febrero de 2024, el ICIP acogi\u00f3 un coloquio organizado con Huacal en el marco de su proyecto <em>Violencia, militarismo y derechos humanos en el Tri\u00e1ngulo norte de Centroam\u00e9rica<\/em>.<\/p><p>Cont\u00f3 con la participaci\u00f3n de los y las autoras del informe <em>Violencia y militarizaci\u00f3n en el Tri\u00e1ngulo Norte de Centroam\u00e9rica. Una mirada desde los derechos humanos y los derechos de g\u00e9nero<\/em>:<em> Carlos Feixa, Veronica Reyna, Isabel Aguilar e Ismael Moreno.<\/em> Tambi\u00e9n participaron la experta en pol\u00edticas de seguridad y en la b\u00fasqueda de personas desaparecidas Jeannette Aguilar, y la periodista Suchit Ch\u00e1vez.<\/p>\t\t\t\t\t\t\t\t<\/div>\n\t\t\t\t<\/div>\n\t\t\t\t<div class=\"elementor-element elementor-element-6b975c8 elementor-widget elementor-widget-gallery\" data-id=\"6b975c8\" data-element_type=\"widget\" data-settings=\"{&quot;columns&quot;:3,&quot;lazyload&quot;:&quot;yes&quot;,&quot;gallery_layout&quot;:&quot;grid&quot;,&quot;columns_tablet&quot;:2,&quot;columns_mobile&quot;:1,&quot;gap&quot;:{&quot;unit&quot;:&quot;px&quot;,&quot;size&quot;:10,&quot;sizes&quot;:[]},&quot;gap_tablet&quot;:{&quot;unit&quot;:&quot;px&quot;,&quot;size&quot;:10,&quot;sizes&quot;:[]},&quot;gap_mobile&quot;:{&quot;unit&quot;:&quot;px&quot;,&quot;size&quot;:10,&quot;sizes&quot;:[]},&quot;link_to&quot;:&quot;file&quot;,&quot;aspect_ratio&quot;:&quot;3:2&quot;,&quot;overlay_background&quot;:&quot;yes&quot;,&quot;content_hover_animation&quot;:&quot;fade-in&quot;}\" data-widget_type=\"gallery.default\">\n\t\t\t\t<div class=\"elementor-widget-container\">\n\t\t\t\t\t\t\t<div class=\"elementor-gallery__container\">\n\t\t\t\t\t\t\t<a class=\"e-gallery-item elementor-gallery-item elementor-animated-content\" href=\"https:\/\/www.icip.cat\/wp-content\/uploads\/2024\/07\/Feixa-1.jpg\" data-elementor-open-lightbox=\"yes\" data-elementor-lightbox-slideshow=\"6b975c8\" data-elementor-lightbox-title=\"Feixa 1\" data-e-action-hash=\"#elementor-action%3Aaction%3Dlightbox%26settings%3DeyJpZCI6NDc5NjUsInVybCI6Imh0dHBzOlwvXC93d3cuaWNpcC5jYXRcL3dwLWNvbnRlbnRcL3VwbG9hZHNcLzIwMjRcLzA3XC9GZWl4YS0xLmpwZyIsInNsaWRlc2hvdyI6IjZiOTc1YzgifQ%3D%3D\">\n\t\t\t\t\t<div class=\"e-gallery-image elementor-gallery-item__image\" data-thumbnail=\"https:\/\/www.icip.cat\/wp-content\/uploads\/2024\/07\/Feixa-1-1024x681.jpg\" data-width=\"640\" data-height=\"426\" aria-label=\"\" role=\"img\" ><\/div>\n\t\t\t\t\t\t\t\t\t\t\t<div class=\"elementor-gallery-item__overlay\"><\/div>\n\t\t\t\t\t\t\t\t\t\t\t\t\t\t<\/a>\n\t\t\t\t\t\t\t<a class=\"e-gallery-item elementor-gallery-item elementor-animated-content\" href=\"https:\/\/www.icip.cat\/wp-content\/uploads\/2024\/07\/Feixa-2.jpg\" data-elementor-open-lightbox=\"yes\" data-elementor-lightbox-slideshow=\"6b975c8\" data-elementor-lightbox-title=\"Feixa 2\" data-e-action-hash=\"#elementor-action%3Aaction%3Dlightbox%26settings%3DeyJpZCI6NDc5NjgsInVybCI6Imh0dHBzOlwvXC93d3cuaWNpcC5jYXRcL3dwLWNvbnRlbnRcL3VwbG9hZHNcLzIwMjRcLzA3XC9GZWl4YS0yLmpwZyIsInNsaWRlc2hvdyI6IjZiOTc1YzgifQ%3D%3D\">\n\t\t\t\t\t<div class=\"e-gallery-image elementor-gallery-item__image\" data-thumbnail=\"https:\/\/www.icip.cat\/wp-content\/uploads\/2024\/07\/Feixa-2-1024x768.jpg\" data-width=\"640\" data-height=\"480\" aria-label=\"\" role=\"img\" ><\/div>\n\t\t\t\t\t\t\t\t\t\t\t<div class=\"elementor-gallery-item__overlay\"><\/div>\n\t\t\t\t\t\t\t\t\t\t\t\t\t\t<\/a>\n\t\t\t\t\t\t\t<a class=\"e-gallery-item elementor-gallery-item elementor-animated-content\" href=\"https:\/\/www.icip.cat\/wp-content\/uploads\/2024\/07\/Feixas-3.jpg\" data-elementor-open-lightbox=\"yes\" data-elementor-lightbox-slideshow=\"6b975c8\" data-elementor-lightbox-title=\"Feixas 3\" data-e-action-hash=\"#elementor-action%3Aaction%3Dlightbox%26settings%3DeyJpZCI6NDc5NzEsInVybCI6Imh0dHBzOlwvXC93d3cuaWNpcC5jYXRcL3dwLWNvbnRlbnRcL3VwbG9hZHNcLzIwMjRcLzA3XC9GZWl4YXMtMy5qcGciLCJzbGlkZXNob3ciOiI2Yjk3NWM4In0%3D\">\n\t\t\t\t\t<div class=\"e-gallery-image elementor-gallery-item__image\" data-thumbnail=\"https:\/\/www.icip.cat\/wp-content\/uploads\/2024\/07\/Feixas-3-1024x786.jpg\" data-width=\"640\" data-height=\"491\" aria-label=\"\" role=\"img\" ><\/div>\n\t\t\t\t\t\t\t\t\t\t\t<div class=\"elementor-gallery-item__overlay\"><\/div>\n\t\t\t\t\t\t\t\t\t\t\t\t\t\t<\/a>\n\t\t\t\t\t<\/div>\n\t\t\t\t\t<\/div>\n\t\t\t\t<\/div>\n\t\t\t\t<div class=\"elementor-element elementor-element-9e1fd0b elementor-widget-divider--view-line elementor-widget elementor-widget-divider\" data-id=\"9e1fd0b\" data-element_type=\"widget\" data-widget_type=\"divider.default\">\n\t\t\t\t<div class=\"elementor-widget-container\">\n\t\t\t\t\t\t\t<div class=\"elementor-divider\">\n\t\t\t<span class=\"elementor-divider-separator\">\n\t\t\t\t\t\t<\/span>\n\t\t<\/div>\n\t\t\t\t\t\t<\/div>\n\t\t\t\t<\/div>\n\t\t\t\t<div class=\"elementor-element elementor-element-17a606d elementor-widget elementor-widget-heading\" data-id=\"17a606d\" data-element_type=\"widget\" data-widget_type=\"heading.default\">\n\t\t\t\t<div class=\"elementor-widget-container\">\n\t\t\t\t\t<h2 class=\"elementor-heading-title elementor-size-default\">Violencia y crimen organizado en Centroam\u00e9rica<\/h2>\t\t\t\t<\/div>\n\t\t\t\t<\/div>\n\t\t\t\t<div class=\"elementor-element elementor-element-d087e05 elementor-widget elementor-widget-text-editor\" data-id=\"d087e05\" data-element_type=\"widget\" data-widget_type=\"text-editor.default\">\n\t\t\t\t<div class=\"elementor-widget-container\">\n\t\t\t\t\t\t\t\t\t<p>El 22 de noviembre de 2022, el ICIP organiz\u00f3 una sesi\u00f3n de an\u00e1lisis con el periodista y antrop\u00f3logo Juan Mart\u00ednez de Aubuisson, reconocido por su larga trayectoria en el an\u00e1lisis de actores criminales en El Salvadors y otros pa\u00edses de Am\u00e9rica Latina.<\/p><p>El acto fue presentado y conducido por Gabriela Poblet, del Departamento de Antropolog\u00eda Social y Cultural de la Universidad Aut\u00f3noma de Barcelona.<\/p>\t\t\t\t\t\t\t\t<\/div>\n\t\t\t\t<\/div>\n\t\t\t\t<div class=\"elementor-element elementor-element-ed35c6e elementor-widget-divider--view-line elementor-widget elementor-widget-divider\" data-id=\"ed35c6e\" data-element_type=\"widget\" data-widget_type=\"divider.default\">\n\t\t\t\t<div class=\"elementor-widget-container\">\n\t\t\t\t\t\t\t<div class=\"elementor-divider\">\n\t\t\t<span class=\"elementor-divider-separator\">\n\t\t\t\t\t\t<\/span>\n\t\t<\/div>\n\t\t\t\t\t\t<\/div>\n\t\t\t\t<\/div>\n\t\t\t\t<div class=\"elementor-element elementor-element-ee9b627 elementor-widget elementor-widget-heading\" data-id=\"ee9b627\" data-element_type=\"widget\" data-widget_type=\"heading.default\">\n\t\t\t\t<div class=\"elementor-widget-container\">\n\t\t\t\t\t<h2 class=\"elementor-heading-title elementor-size-default\">Bandas juveniles y Estado en El Salvador. Balance sobre las pol\u00edticas de mano dura y las treguas<\/h2>\t\t\t\t<\/div>\n\t\t\t\t<\/div>\n\t\t\t\t<div class=\"elementor-element elementor-element-01e4922 elementor-widget elementor-widget-text-editor\" data-id=\"01e4922\" data-element_type=\"widget\" data-widget_type=\"text-editor.default\">\n\t\t\t\t<div class=\"elementor-widget-container\">\n\t\t\t\t\t\t\t\t\t<p>El 10 de mayo 2022, el ICIP acogi\u00f3 una sesi\u00f3n de an\u00e1lisis con Chris van der Borgh, profesor de la Universidad de Utrecht con una larga trayectoria de investigaci\u00f3n y numerosas publicaciones relacionadas con las pol\u00edticas p\u00fablicas para hacer frente a la violencia en El Salvador. La sesi\u00f3n fue introducida por Carles Feixa, de la Universidad Pompeu Fabra.<\/p><p>Se organiz\u00f3 en el marco de la colaboraci\u00f3n del ICIP con el proyecto LEBAN: <em>\u00bfLegalizar en las bandas? La constituci\u00f3n de asociaciones a partir de agrupaciones juveniles de calle en Espa\u00f1a, Ecuador y El Salvador: evaluaci\u00f3n y prospectiva (2000-2025)<\/em>.<\/p>\t\t\t\t\t\t\t\t<\/div>\n\t\t\t\t<\/div>\n\t\t\t\t\t<\/div>\n\t\t<\/div>\n\t\t\t\t\t<\/div>\n\t\t<\/section>\n\t\t\t\t<\/div>\n\t\t","protected":false},"excerpt":{"rendered":"<p>Actividades de peque\u00f1o formato A lo largo del a\u00f1o el ICIP organiza actividades de reflexi\u00f3n de peque\u00f1o formato, como tertulias y sesiones de an\u00e1lisis, para un p\u00fablico especializado, que permiten profundizar en las tem\u00e1ticas planteadas. Estas son las actividades centradas en la construcci\u00f3n de paz en Centroam\u00e9rica. Sepur Zarco: un proceso emblem\u00e1tico de reparaci\u00f3n transformadora [&hellip;]<\/p>\n","protected":false},"author":4,"featured_media":0,"parent":48029,"menu_order":0,"comment_status":"closed","ping_status":"closed","template":"","meta":{"_acf_changed":false,"footnotes":""},"class_list":["post-48123","page","type-page","status-publish","hentry"],"acf":[],"yoast_head":"<!-- This site is optimized with the Yoast SEO plugin v25.6 - https:\/\/yoast.com\/wordpress\/plugins\/seo\/ -->\n<title>Actividades de peque\u00f1o formato - ICIP<\/title>\n<meta name=\"robots\" content=\"index, follow, max-snippet:-1, max-image-preview:large, max-video-preview:-1\" \/>\n<link rel=\"canonical\" href=\"https:\/\/www.icip.cat\/es\/violencias-fuera-de-contextos-belicos\/actividades-de-pequeno-formato\/\" \/>\n<meta property=\"og:locale\" content=\"es_ES\" \/>\n<meta property=\"og:type\" content=\"article\" \/>\n<meta property=\"og:title\" content=\"Actividades de peque\u00f1o formato - ICIP\" \/>\n<meta property=\"og:description\" content=\"Actividades de peque\u00f1o formato A lo largo del a\u00f1o el ICIP organiza actividades de reflexi\u00f3n de peque\u00f1o formato, como tertulias y sesiones de an\u00e1lisis, para un p\u00fablico especializado, que permiten profundizar en las tem\u00e1ticas planteadas. Estas son las actividades centradas en la construcci\u00f3n de paz en Centroam\u00e9rica. Sepur Zarco: un proceso emblem\u00e1tico de reparaci\u00f3n transformadora [&hellip;]\" \/>\n<meta property=\"og:url\" content=\"https:\/\/www.icip.cat\/es\/violencias-fuera-de-contextos-belicos\/actividades-de-pequeno-formato\/\" \/>\n<meta property=\"og:site_name\" content=\"ICIP\" \/>\n<meta property=\"article:modified_time\" content=\"2024-10-09T08:34:12+00:00\" \/>\n<meta property=\"og:image\" content=\"https:\/\/www.icip.cat\/wp-content\/uploads\/2024\/10\/IMG_9889-768x512.jpg\" \/>\n<meta name=\"twitter:card\" content=\"summary_large_image\" \/>\n<meta name=\"twitter:label1\" content=\"Tiempo de lectura\" \/>\n\t<meta name=\"twitter:data1\" content=\"3 minutos\" \/>\n<script type=\"application\/ld+json\" class=\"yoast-schema-graph\">{\"@context\":\"https:\/\/schema.org\",\"@graph\":[{\"@type\":\"WebPage\",\"@id\":\"https:\/\/www.icip.cat\/es\/violencias-fuera-de-contextos-belicos\/actividades-de-pequeno-formato\/\",\"url\":\"https:\/\/www.icip.cat\/es\/violencias-fuera-de-contextos-belicos\/actividades-de-pequeno-formato\/\",\"name\":\"Actividades de peque\u00f1o formato - ICIP\",\"isPartOf\":{\"@id\":\"https:\/\/www.icip.cat\/ca\/#website\"},\"primaryImageOfPage\":{\"@id\":\"https:\/\/www.icip.cat\/es\/violencias-fuera-de-contextos-belicos\/actividades-de-pequeno-formato\/#primaryimage\"},\"image\":{\"@id\":\"https:\/\/www.icip.cat\/es\/violencias-fuera-de-contextos-belicos\/actividades-de-pequeno-formato\/#primaryimage\"},\"thumbnailUrl\":\"https:\/\/www.icip.cat\/wp-content\/uploads\/2024\/10\/IMG_9889-768x512.jpg\",\"datePublished\":\"2024-07-29T12:42:35+00:00\",\"dateModified\":\"2024-10-09T08:34:12+00:00\",\"breadcrumb\":{\"@id\":\"https:\/\/www.icip.cat\/es\/violencias-fuera-de-contextos-belicos\/actividades-de-pequeno-formato\/#breadcrumb\"},\"inLanguage\":\"es\",\"potentialAction\":[{\"@type\":\"ReadAction\",\"target\":[\"https:\/\/www.icip.cat\/es\/violencias-fuera-de-contextos-belicos\/actividades-de-pequeno-formato\/\"]}]},{\"@type\":\"ImageObject\",\"inLanguage\":\"es\",\"@id\":\"https:\/\/www.icip.cat\/es\/violencias-fuera-de-contextos-belicos\/actividades-de-pequeno-formato\/#primaryimage\",\"url\":\"https:\/\/www.icip.cat\/wp-content\/uploads\/2024\/10\/IMG_9889-768x512.jpg\",\"contentUrl\":\"https:\/\/www.icip.cat\/wp-content\/uploads\/2024\/10\/IMG_9889-768x512.jpg\"},{\"@type\":\"BreadcrumbList\",\"@id\":\"https:\/\/www.icip.cat\/es\/violencias-fuera-de-contextos-belicos\/actividades-de-pequeno-formato\/#breadcrumb\",\"itemListElement\":[{\"@type\":\"ListItem\",\"position\":1,\"name\":\"Violencias fuera de contextos b\u00e9licos\",\"item\":\"https:\/\/www.icip.cat\/ca\/violencia-fora-de-contextos-bellics\/\"},{\"@type\":\"ListItem\",\"position\":2,\"name\":\"Actividades de peque\u00f1o formato\"}]},{\"@type\":\"WebSite\",\"@id\":\"https:\/\/www.icip.cat\/ca\/#website\",\"url\":\"https:\/\/www.icip.cat\/ca\/\",\"name\":\"ICIP\",\"description\":\"\",\"publisher\":{\"@id\":\"https:\/\/www.icip.cat\/ca\/#organization\"},\"potentialAction\":[{\"@type\":\"SearchAction\",\"target\":{\"@type\":\"EntryPoint\",\"urlTemplate\":\"https:\/\/www.icip.cat\/ca\/?s={search_term_string}\"},\"query-input\":{\"@type\":\"PropertyValueSpecification\",\"valueRequired\":true,\"valueName\":\"search_term_string\"}}],\"inLanguage\":\"es\"},{\"@type\":\"Organization\",\"@id\":\"https:\/\/www.icip.cat\/ca\/#organization\",\"name\":\"ICIP\",\"url\":\"https:\/\/www.icip.cat\/ca\/\",\"logo\":{\"@type\":\"ImageObject\",\"inLanguage\":\"es\",\"@id\":\"https:\/\/www.icip.cat\/ca\/#\/schema\/logo\/image\/\",\"url\":\"https:\/\/www.icip.cat\/wp-content\/uploads\/2021\/02\/logo-2.png\",\"contentUrl\":\"https:\/\/www.icip.cat\/wp-content\/uploads\/2021\/02\/logo-2.png\",\"width\":562,\"height\":391,\"caption\":\"ICIP\"},\"image\":{\"@id\":\"https:\/\/www.icip.cat\/ca\/#\/schema\/logo\/image\/\"}}]}<\/script>\n<!-- \/ Yoast SEO plugin. -->","yoast_head_json":{"title":"Actividades de peque\u00f1o formato - ICIP","robots":{"index":"index","follow":"follow","max-snippet":"max-snippet:-1","max-image-preview":"max-image-preview:large","max-video-preview":"max-video-preview:-1"},"canonical":"https:\/\/www.icip.cat\/es\/violencias-fuera-de-contextos-belicos\/actividades-de-pequeno-formato\/","og_locale":"es_ES","og_type":"article","og_title":"Actividades de peque\u00f1o formato - ICIP","og_description":"Actividades de peque\u00f1o formato A lo largo del a\u00f1o el ICIP organiza actividades de reflexi\u00f3n de peque\u00f1o formato, como tertulias y sesiones de an\u00e1lisis, para un p\u00fablico especializado, que permiten profundizar en las tem\u00e1ticas planteadas. Estas son las actividades centradas en la construcci\u00f3n de paz en Centroam\u00e9rica. Sepur Zarco: un proceso emblem\u00e1tico de reparaci\u00f3n transformadora [&hellip;]","og_url":"https:\/\/www.icip.cat\/es\/violencias-fuera-de-contextos-belicos\/actividades-de-pequeno-formato\/","og_site_name":"ICIP","article_modified_time":"2024-10-09T08:34:12+00:00","og_image":[{"url":"https:\/\/www.icip.cat\/wp-content\/uploads\/2024\/10\/IMG_9889-768x512.jpg","type":"","width":"","height":""}],"twitter_card":"summary_large_image","twitter_misc":{"Tiempo de lectura":"3 minutos"},"schema":{"@context":"https:\/\/schema.org","@graph":[{"@type":"WebPage","@id":"https:\/\/www.icip.cat\/es\/violencias-fuera-de-contextos-belicos\/actividades-de-pequeno-formato\/","url":"https:\/\/www.icip.cat\/es\/violencias-fuera-de-contextos-belicos\/actividades-de-pequeno-formato\/","name":"Actividades de peque\u00f1o formato - ICIP","isPartOf":{"@id":"https:\/\/www.icip.cat\/ca\/#website"},"primaryImageOfPage":{"@id":"https:\/\/www.icip.cat\/es\/violencias-fuera-de-contextos-belicos\/actividades-de-pequeno-formato\/#primaryimage"},"image":{"@id":"https:\/\/www.icip.cat\/es\/violencias-fuera-de-contextos-belicos\/actividades-de-pequeno-formato\/#primaryimage"},"thumbnailUrl":"https:\/\/www.icip.cat\/wp-content\/uploads\/2024\/10\/IMG_9889-768x512.jpg","datePublished":"2024-07-29T12:42:35+00:00","dateModified":"2024-10-09T08:34:12+00:00","breadcrumb":{"@id":"https:\/\/www.icip.cat\/es\/violencias-fuera-de-contextos-belicos\/actividades-de-pequeno-formato\/#breadcrumb"},"inLanguage":"es","potentialAction":[{"@type":"ReadAction","target":["https:\/\/www.icip.cat\/es\/violencias-fuera-de-contextos-belicos\/actividades-de-pequeno-formato\/"]}]},{"@type":"ImageObject","inLanguage":"es","@id":"https:\/\/www.icip.cat\/es\/violencias-fuera-de-contextos-belicos\/actividades-de-pequeno-formato\/#primaryimage","url":"https:\/\/www.icip.cat\/wp-content\/uploads\/2024\/10\/IMG_9889-768x512.jpg","contentUrl":"https:\/\/www.icip.cat\/wp-content\/uploads\/2024\/10\/IMG_9889-768x512.jpg"},{"@type":"BreadcrumbList","@id":"https:\/\/www.icip.cat\/es\/violencias-fuera-de-contextos-belicos\/actividades-de-pequeno-formato\/#breadcrumb","itemListElement":[{"@type":"ListItem","position":1,"name":"Violencias fuera de contextos b\u00e9licos","item":"https:\/\/www.icip.cat\/ca\/violencia-fora-de-contextos-bellics\/"},{"@type":"ListItem","position":2,"name":"Actividades de peque\u00f1o formato"}]},{"@type":"WebSite","@id":"https:\/\/www.icip.cat\/ca\/#website","url":"https:\/\/www.icip.cat\/ca\/","name":"ICIP","description":"","publisher":{"@id":"https:\/\/www.icip.cat\/ca\/#organization"},"potentialAction":[{"@type":"SearchAction","target":{"@type":"EntryPoint","urlTemplate":"https:\/\/www.icip.cat\/ca\/?s={search_term_string}"},"query-input":{"@type":"PropertyValueSpecification","valueRequired":true,"valueName":"search_term_string"}}],"inLanguage":"es"},{"@type":"Organization","@id":"https:\/\/www.icip.cat\/ca\/#organization","name":"ICIP","url":"https:\/\/www.icip.cat\/ca\/","logo":{"@type":"ImageObject","inLanguage":"es","@id":"https:\/\/www.icip.cat\/ca\/#\/schema\/logo\/image\/","url":"https:\/\/www.icip.cat\/wp-content\/uploads\/2021\/02\/logo-2.png","contentUrl":"https:\/\/www.icip.cat\/wp-content\/uploads\/2021\/02\/logo-2.png","width":562,"height":391,"caption":"ICIP"},"image":{"@id":"https:\/\/www.icip.cat\/ca\/#\/schema\/logo\/image\/"}}]}},"_links":{"self":[{"href":"https:\/\/www.icip.cat\/es\/wp-json\/wp\/v2\/pages\/48123","targetHints":{"allow":["GET"]}}],"collection":[{"href":"https:\/\/www.icip.cat\/es\/wp-json\/wp\/v2\/pages"}],"about":[{"href":"https:\/\/www.icip.cat\/es\/wp-json\/wp\/v2\/types\/page"}],"author":[{"embeddable":true,"href":"https:\/\/www.icip.cat\/es\/wp-json\/wp\/v2\/users\/4"}],"replies":[{"embeddable":true,"href":"https:\/\/www.icip.cat\/es\/wp-json\/wp\/v2\/comments?post=48123"}],"version-history":[{"count":13,"href":"https:\/\/www.icip.cat\/es\/wp-json\/wp\/v2\/pages\/48123\/revisions"}],"predecessor-version":[{"id":49873,"href":"https:\/\/www.icip.cat\/es\/wp-json\/wp\/v2\/pages\/48123\/revisions\/49873"}],"up":[{"embeddable":true,"href":"https:\/\/www.icip.cat\/es\/wp-json\/wp\/v2\/pages\/48029"}],"wp:attachment":[{"href":"https:\/\/www.icip.cat\/es\/wp-json\/wp\/v2\/media?parent=48123"}],"curies":[{"name":"wp","href":"https:\/\/api.w.org\/{rel}","templated":true}]}}