{"id":48494,"date":"2024-08-02T07:49:35","date_gmt":"2024-08-02T07:49:35","guid":{"rendered":"https:\/\/www.icip.cat\/dialogo-social-y-politico__trashed\/enquestes-icip\/"},"modified":"2026-01-22T12:15:23","modified_gmt":"2026-01-22T12:15:23","slug":"encuestas","status":"publish","type":"page","link":"https:\/\/www.icip.cat\/es\/dialogo-social-y-politico\/encuestas\/","title":{"rendered":"Encuestas"},"content":{"rendered":"\t\t<div data-elementor-type=\"wp-page\" data-elementor-id=\"48494\" class=\"elementor elementor-48494 elementor-48365\" data-elementor-post-type=\"page\">\n\t\t\t\t\t\t<section class=\"elementor-section elementor-top-section elementor-element elementor-element-a730137 elementor-section-boxed elementor-section-height-default elementor-section-height-default\" data-id=\"a730137\" data-element_type=\"section\" data-settings=\"{&quot;background_background&quot;:&quot;classic&quot;}\">\n\t\t\t\t\t\t\t<div class=\"elementor-background-overlay\"><\/div>\n\t\t\t\t\t\t\t<div class=\"elementor-container elementor-column-gap-default\">\n\t\t\t\t\t<div class=\"elementor-column elementor-col-100 elementor-top-column elementor-element elementor-element-ae9c0b8\" data-id=\"ae9c0b8\" data-element_type=\"column\">\n\t\t\t<div class=\"elementor-widget-wrap elementor-element-populated\">\n\t\t\t\t\t\t<div class=\"elementor-element elementor-element-e74b17d elementor-widget elementor-widget-heading\" data-id=\"e74b17d\" data-element_type=\"widget\" data-widget_type=\"heading.default\">\n\t\t\t\t<div class=\"elementor-widget-container\">\n\t\t\t\t\t<h1 class=\"elementor-heading-title elementor-size-xl\">Encuestas sobre convivencia, seguridad y polarizaci\u00f3n<\/h1>\t\t\t\t<\/div>\n\t\t\t\t<\/div>\n\t\t\t\t\t<\/div>\n\t\t<\/div>\n\t\t\t\t\t<\/div>\n\t\t<\/section>\n\t\t\t\t<section class=\"elementor-section elementor-top-section elementor-element elementor-element-56adc83 elementor-section-boxed elementor-section-height-default elementor-section-height-default\" data-id=\"56adc83\" data-element_type=\"section\">\n\t\t\t\t\t\t<div class=\"elementor-container elementor-column-gap-default\">\n\t\t\t\t\t<div class=\"elementor-column elementor-col-100 elementor-top-column elementor-element elementor-element-98f50b6\" data-id=\"98f50b6\" data-element_type=\"column\">\n\t\t\t<div class=\"elementor-widget-wrap elementor-element-populated\">\n\t\t\t\t\t\t<div class=\"elementor-element elementor-element-d0cdc5a elementor-widget elementor-widget-spacer\" data-id=\"d0cdc5a\" data-element_type=\"widget\" data-widget_type=\"spacer.default\">\n\t\t\t\t<div class=\"elementor-widget-container\">\n\t\t\t\t\t\t\t<div class=\"elementor-spacer\">\n\t\t\t<div class=\"elementor-spacer-inner\"><\/div>\n\t\t<\/div>\n\t\t\t\t\t\t<\/div>\n\t\t\t\t<\/div>\n\t\t\t\t<section class=\"elementor-section elementor-inner-section elementor-element elementor-element-8c402a6 elementor-section-boxed elementor-section-height-default elementor-section-height-default\" data-id=\"8c402a6\" data-element_type=\"section\">\n\t\t\t\t\t\t<div class=\"elementor-container elementor-column-gap-default\">\n\t\t\t\t\t<div class=\"elementor-column elementor-col-100 elementor-inner-column elementor-element elementor-element-e778450\" data-id=\"e778450\" data-element_type=\"column\">\n\t\t\t<div class=\"elementor-widget-wrap elementor-element-populated\">\n\t\t\t\t\t\t<div class=\"elementor-element elementor-element-15b0fb5 elementor-widget elementor-widget-text-editor\" data-id=\"15b0fb5\" data-element_type=\"widget\" data-widget_type=\"text-editor.default\">\n\t\t\t\t<div class=\"elementor-widget-container\">\n\t\t\t\t\t\t\t\t\t<p><strong>El estudio de la convivencia, seguridad y polarizaci\u00f3n<\/strong> es crucial para comprender las din\u00e1micas sociales. El ICIP trabaja para identificar las causas subyacentes de los conflictos, las percepciones de seguridad de la ciudadan\u00eda y los factores que contribuyen a la polarizaci\u00f3n.<\/p><p>Con este objetivo, desde 2018 hemos ido desarrollando una serie de encuestas ciudadanas que nos han permitido profundizar en el conocimiento de la percepci\u00f3n de la poblaci\u00f3n catalana sobre estas cuestiones. Adicionalmente, tambi\u00e9n hemos elaborado una encuesta a nivel espa\u00f1ol con la colaboraci\u00f3n de EsadeEcPol en todo el estado espa\u00f1ol. Estos sondeos son \u00fatiles para desarrollar estrategias efectivas para <strong>fomentar la pac\u00edfica convivencia<\/strong> y reducir la polarizaci\u00f3n pol\u00edtica y social.<\/p>\t\t\t\t\t\t\t\t<\/div>\n\t\t\t\t<\/div>\n\t\t\t\t<div class=\"elementor-element elementor-element-eb2b64c elementor-widget elementor-widget-heading\" data-id=\"eb2b64c\" data-element_type=\"widget\" data-widget_type=\"heading.default\">\n\t\t\t\t<div class=\"elementor-widget-container\">\n\t\t\t\t\t<h2 class=\"elementor-heading-title elementor-size-default\">Encuestas publicadas<\/h2>\t\t\t\t<\/div>\n\t\t\t\t<\/div>\n\t\t\t\t<div class=\"elementor-element elementor-element-2d4e873 elementor-widget-divider--view-line elementor-widget elementor-widget-divider\" data-id=\"2d4e873\" data-element_type=\"widget\" data-widget_type=\"divider.default\">\n\t\t\t\t<div class=\"elementor-widget-container\">\n\t\t\t\t\t\t\t<div class=\"elementor-divider\">\n\t\t\t<span class=\"elementor-divider-separator\">\n\t\t\t\t\t\t<\/span>\n\t\t<\/div>\n\t\t\t\t\t\t<\/div>\n\t\t\t\t<\/div>\n\t\t\t\t<div class=\"elementor-element elementor-element-21c17d1 elementor-widget elementor-widget-icip-publicationlisting\" data-id=\"21c17d1\" data-element_type=\"widget\" data-widget_type=\"icip-publicationlisting.default\">\n\t\t\t\t<div class=\"elementor-widget-container\">\n\t\t\t\t\t<div class=\"block-publication-listing\"  data-view-type=\"cover\"><div class=\"list\"><article class=\"entry\"><a href=\"https:\/\/www.icip.cat\/wp-content\/uploads\/2025\/12\/ICIP_2025_ES.pdf\" class=\"link\" title=\"Encuesta ICIP 2025 \u00abConvivencia y seguridad en Catalu\u00f1a\u00bb (resumen)\"><div class=\"image\"><img fetchpriority=\"high\" decoding=\"async\" width=\"400\" height=\"570\" src=\"https:\/\/www.icip.cat\/wp-content\/uploads\/2025\/12\/Portada-Enquesta-ICIP-2025-ESP-400x570.jpg\" class=\"attachment-publicationlisting-thumbnail size-publicationlisting-thumbnail wp-post-image\" alt=\"\" \/><\/div><div class=\"details\"><h2 class=\"title\">Encuesta ICIP 2025 \u00abConvivencia y seguridad en Catalu\u00f1a\u00bb (resumen)<\/h2><p class=\"author\">ICIP 2025<\/p><\/div><\/a><\/article><article class=\"entry\"><a href=\"https:\/\/www.icip.cat\/wp-content\/uploads\/2024\/01\/ICIP_2023_ES.pdf\" class=\"link\" title=\"Encuesta ICIP 2023 \u00abConvivencia y seguridad en Catalu\u00f1a\u00bb (resumen)\"><div class=\"image\"><img decoding=\"async\" width=\"400\" height=\"570\" src=\"https:\/\/www.icip.cat\/wp-content\/uploads\/2023\/12\/encuesta2023-400x570.png\" class=\"attachment-publicationlisting-thumbnail size-publicationlisting-thumbnail wp-post-image\" alt=\"\" \/><\/div><div class=\"details\"><h2 class=\"title\">Encuesta ICIP 2023 \u00abConvivencia y seguridad en Catalu\u00f1a\u00bb (resumen)<\/h2><p class=\"author\">ICIP 2023<\/p><\/div><\/a><\/article><article class=\"entry\"><a href=\"http:\/\/www.icip.cat\/wp-content\/uploads\/2023\/03\/ICIP_Enquesta2022_Online.pdf\" class=\"link\" title=\"Encuesta ICIP 2022 \u00abConvivencia y cohesi\u00f3n en Catalu\u00f1a\u00bb\"><div class=\"image\"><img decoding=\"async\" width=\"400\" height=\"570\" src=\"https:\/\/www.icip.cat\/wp-content\/uploads\/2023\/03\/Enquestavertical-400x570.png\" class=\"attachment-publicationlisting-thumbnail size-publicationlisting-thumbnail wp-post-image\" alt=\"\" \/><\/div><div class=\"details\"><h2 class=\"title\">Encuesta ICIP 2022 \u00abConvivencia y cohesi\u00f3n en Catalu\u00f1a\u00bb<\/h2><p class=\"author\">ICIP 2022<\/p><\/div><\/a><\/article><article class=\"entry\"><a href=\"http:\/\/www.icip.cat\/wp-content\/uploads\/2022\/04\/AAFF_Paper_EcPol_ICIP_ESP.pdf\" class=\"link\" title=\"Encuesta ICIP-EsadeEcPol: \u00abPolarizaci\u00f3n y convivencia en Espa\u00f1a 2021. El papel de lo territorial\u00bb\"><div class=\"image\"><img loading=\"lazy\" decoding=\"async\" width=\"400\" height=\"570\" src=\"https:\/\/www.icip.cat\/wp-content\/uploads\/2022\/04\/encuestatot-400x570.png\" class=\"attachment-publicationlisting-thumbnail size-publicationlisting-thumbnail wp-post-image\" alt=\"\" \/><\/div><div class=\"details\"><h2 class=\"title\">Encuesta ICIP-EsadeEcPol: \u00abPolarizaci\u00f3n y convivencia en Espa\u00f1a 2021. El papel de lo territorial\u00bb<\/h2><p class=\"author\">ICIP 2022, Amuitz Garmendia y Sandra Le\u00f3n<\/p><\/div><\/a><\/article><\/div><\/div>\t\t\t\t<\/div>\n\t\t\t\t<\/div>\n\t\t\t\t\t<\/div>\n\t\t<\/div>\n\t\t\t\t\t<\/div>\n\t\t<\/section>\n\t\t\t\t\t<\/div>\n\t\t<\/div>\n\t\t\t\t\t<\/div>\n\t\t<\/section>\n\t\t\t\t<section class=\"elementor-section elementor-top-section elementor-element elementor-element-04b28f5 elementor-section-boxed elementor-section-height-default elementor-section-height-default\" data-id=\"04b28f5\" data-element_type=\"section\">\n\t\t\t\t\t\t<div class=\"elementor-container elementor-column-gap-default\">\n\t\t\t\t\t<div class=\"elementor-column elementor-col-100 elementor-top-column elementor-element elementor-element-2e35fb5\" data-id=\"2e35fb5\" data-element_type=\"column\">\n\t\t\t<div class=\"elementor-widget-wrap elementor-element-populated\">\n\t\t\t\t\t\t<div class=\"elementor-element elementor-element-5c42cd3 elementor-widget elementor-widget-heading\" data-id=\"5c42cd3\" data-element_type=\"widget\" data-widget_type=\"heading.default\">\n\t\t\t\t<div class=\"elementor-widget-container\">\n\t\t\t\t\t<h2 class=\"elementor-heading-title elementor-size-default\">Noticias relacionadas<\/h2>\t\t\t\t<\/div>\n\t\t\t\t<\/div>\n\t\t\t\t\t<\/div>\n\t\t<\/div>\n\t\t\t\t\t<\/div>\n\t\t<\/section>\n\t\t\t\t<section class=\"elementor-section elementor-top-section elementor-element elementor-element-64a3f14 elementor-section-boxed elementor-section-height-default elementor-section-height-default\" data-id=\"64a3f14\" data-element_type=\"section\">\n\t\t\t\t\t\t<div class=\"elementor-container elementor-column-gap-default\">\n\t\t\t\t\t<div class=\"elementor-column elementor-col-100 elementor-top-column elementor-element elementor-element-341b10d\" data-id=\"341b10d\" data-element_type=\"column\">\n\t\t\t<div class=\"elementor-widget-wrap elementor-element-populated\">\n\t\t\t\t\t\t<div class=\"elementor-element elementor-element-74d4962 elementor-widget-divider--view-line elementor-widget elementor-widget-divider\" data-id=\"74d4962\" data-element_type=\"widget\" data-widget_type=\"divider.default\">\n\t\t\t\t<div class=\"elementor-widget-container\">\n\t\t\t\t\t\t\t<div class=\"elementor-divider\">\n\t\t\t<span class=\"elementor-divider-separator\">\n\t\t\t\t\t\t<\/span>\n\t\t<\/div>\n\t\t\t\t\t\t<\/div>\n\t\t\t\t<\/div>\n\t\t\t\t<div class=\"elementor-element elementor-element-bc55bc3 elementor-widget elementor-widget-icip-publicationlisting\" data-id=\"bc55bc3\" data-element_type=\"widget\" data-widget_type=\"icip-publicationlisting.default\">\n\t\t\t\t<div class=\"elementor-widget-container\">\n\t\t\t\t\t<div class=\"block-publication-listing\"  data-view-type=\"cover\"><div class=\"list\"><\/div><\/div>\t\t\t\t<\/div>\n\t\t\t\t<\/div>\n\t\t\t\t<div class=\"elementor-element elementor-element-66d4b9d elementor-widget elementor-widget-icip-relatedlisting\" data-id=\"66d4b9d\" data-element_type=\"widget\" data-widget_type=\"icip-relatedlisting.default\">\n\t\t\t\t<div class=\"elementor-widget-container\">\n\t\t\t\t\t<div class=\"block-related-listing\"  data-view-type=\"list\"><div class=\"list\"><article class=\"entry\"><a href=\"https:\/\/www.icip.cat\/es\/la-ciudadania-catalana-asume-actitudes-propias-de-la-cultura-de-paz-pero-la-encuesta-icip-sobre-convivencia-y-seguridad-tambien-detecta-senales-de-alerta\/\" class=\"link post\"><div class=\"icon\"><svg height='100px' width='100px'  fill=\"#000000\" xmlns=\"http:\/\/www.w3.org\/2000\/svg\" xmlns:xlink=\"http:\/\/www.w3.org\/1999\/xlink\" version=\"1.1\" x=\"0px\" y=\"0px\" viewBox=\"0 0 32 32\" enable-background=\"new 0 0 32 32\" xml:space=\"preserve\"><path d=\"M30.928,12.947h-6.77V4.369c0-0.348-0.283-0.63-0.631-0.63H1.072c-0.348,0-0.629,0.282-0.629,0.63v19.143  c0,3.418,1.213,4.749,4.328,4.749c0,0,22.23,0,22.457,0c3.115,0,4.328-1.331,4.328-4.749v-9.935  C31.557,13.229,31.275,12.947,30.928,12.947z M4.771,27.001c-2.121,0-3.068-0.504-3.068-3.489V4.999h21.195v18.513  c0,1.588,0.262,2.726,0.855,3.489H4.771z M30.297,23.512c0,2.985-0.945,3.489-3.068,3.489s-3.07-0.504-3.07-3.489v-9.305h6.139  V23.512z\"><\/path><rect x=\"4.402\" y=\"9.306\" width=\"15.797\" height=\"1.26\"><\/rect><rect x=\"14.244\" y=\"14.276\" width=\"5.955\" height=\"1.26\"><\/rect><rect x=\"14.244\" y=\"20.539\" width=\"5.955\" height=\"1.26\"><\/rect><rect x=\"14.244\" y=\"17.408\" width=\"5.955\" height=\"1.26\"><\/rect><path d=\"M12.301,12.388h-7.27c-0.348,0-0.629,0.282-0.629,0.63v10.041c0,0.348,0.281,0.63,0.629,0.63h7.27  c0.348,0,0.631-0.282,0.631-0.63V13.018C12.932,12.67,12.648,12.388,12.301,12.388z M11.672,22.428h-6.01v-8.78h6.01V22.428z\"><\/path><\/svg><\/div><div class=\"details\"><h2 class=\"title\">La ciudadan\u00eda catalana asume actitudes propias de la cultura de paz, pero la Encuesta ICIP sobre Convivencia y Seguridad tambi\u00e9n detecta se\u00f1ales de alerta<\/h2><\/div><\/a><\/article><article class=\"entry\"><a href=\"https:\/\/www.icip.cat\/es\/la-sociedad-catalana-es-abierta-y-tolerante-pero-se-detectan-algunas-actitudes-preocupantes-segun-la-encuesta-icip-2022\/\" class=\"link post\"><div class=\"icon\"><svg height='100px' width='100px'  fill=\"#000000\" xmlns=\"http:\/\/www.w3.org\/2000\/svg\" xmlns:xlink=\"http:\/\/www.w3.org\/1999\/xlink\" version=\"1.1\" x=\"0px\" y=\"0px\" viewBox=\"0 0 32 32\" enable-background=\"new 0 0 32 32\" xml:space=\"preserve\"><path d=\"M30.928,12.947h-6.77V4.369c0-0.348-0.283-0.63-0.631-0.63H1.072c-0.348,0-0.629,0.282-0.629,0.63v19.143  c0,3.418,1.213,4.749,4.328,4.749c0,0,22.23,0,22.457,0c3.115,0,4.328-1.331,4.328-4.749v-9.935  C31.557,13.229,31.275,12.947,30.928,12.947z M4.771,27.001c-2.121,0-3.068-0.504-3.068-3.489V4.999h21.195v18.513  c0,1.588,0.262,2.726,0.855,3.489H4.771z M30.297,23.512c0,2.985-0.945,3.489-3.068,3.489s-3.07-0.504-3.07-3.489v-9.305h6.139  V23.512z\"><\/path><rect x=\"4.402\" y=\"9.306\" width=\"15.797\" height=\"1.26\"><\/rect><rect x=\"14.244\" y=\"14.276\" width=\"5.955\" height=\"1.26\"><\/rect><rect x=\"14.244\" y=\"20.539\" width=\"5.955\" height=\"1.26\"><\/rect><rect x=\"14.244\" y=\"17.408\" width=\"5.955\" height=\"1.26\"><\/rect><path d=\"M12.301,12.388h-7.27c-0.348,0-0.629,0.282-0.629,0.63v10.041c0,0.348,0.281,0.63,0.629,0.63h7.27  c0.348,0,0.631-0.282,0.631-0.63V13.018C12.932,12.67,12.648,12.388,12.301,12.388z M11.672,22.428h-6.01v-8.78h6.01V22.428z\"><\/path><\/svg><\/div><div class=\"details\"><h2 class=\"title\">La sociedad catalana es abierta y tolerante, pero se detectan algunas actitudes preocupantes seg\u00fan la Encuesta ICIP 2022<\/h2><\/div><\/a><\/article><article class=\"entry\"><a href=\"https:\/\/www.icip.cat\/es\/la-sociedad-espanola-esta-mas-cohesionada-y-menos-polarizada-que-sus-instituciones-politicas-segun-la-encuesta-icip-esadeecpol\/\" class=\"link post\"><div class=\"icon\"><svg height='100px' width='100px'  fill=\"#000000\" xmlns=\"http:\/\/www.w3.org\/2000\/svg\" xmlns:xlink=\"http:\/\/www.w3.org\/1999\/xlink\" version=\"1.1\" x=\"0px\" y=\"0px\" viewBox=\"0 0 32 32\" enable-background=\"new 0 0 32 32\" xml:space=\"preserve\"><path d=\"M30.928,12.947h-6.77V4.369c0-0.348-0.283-0.63-0.631-0.63H1.072c-0.348,0-0.629,0.282-0.629,0.63v19.143  c0,3.418,1.213,4.749,4.328,4.749c0,0,22.23,0,22.457,0c3.115,0,4.328-1.331,4.328-4.749v-9.935  C31.557,13.229,31.275,12.947,30.928,12.947z M4.771,27.001c-2.121,0-3.068-0.504-3.068-3.489V4.999h21.195v18.513  c0,1.588,0.262,2.726,0.855,3.489H4.771z M30.297,23.512c0,2.985-0.945,3.489-3.068,3.489s-3.07-0.504-3.07-3.489v-9.305h6.139  V23.512z\"><\/path><rect x=\"4.402\" y=\"9.306\" width=\"15.797\" height=\"1.26\"><\/rect><rect x=\"14.244\" y=\"14.276\" width=\"5.955\" height=\"1.26\"><\/rect><rect x=\"14.244\" y=\"20.539\" width=\"5.955\" height=\"1.26\"><\/rect><rect x=\"14.244\" y=\"17.408\" width=\"5.955\" height=\"1.26\"><\/rect><path d=\"M12.301,12.388h-7.27c-0.348,0-0.629,0.282-0.629,0.63v10.041c0,0.348,0.281,0.63,0.629,0.63h7.27  c0.348,0,0.631-0.282,0.631-0.63V13.018C12.932,12.67,12.648,12.388,12.301,12.388z M11.672,22.428h-6.01v-8.78h6.01V22.428z\"><\/path><\/svg><\/div><div class=\"details\"><h2 class=\"title\">La sociedad espa\u00f1ola est\u00e1 m\u00e1s cohesionada y menos polarizada que sus instituciones pol\u00edticas, seg\u00fan la encuesta ICIP-EsadeEcPol<\/h2><\/div><\/a><\/article><\/div><\/div>\t\t\t\t<\/div>\n\t\t\t\t<\/div>\n\t\t\t\t\t<\/div>\n\t\t<\/div>\n\t\t\t\t\t<\/div>\n\t\t<\/section>\n\t\t\t\t<section class=\"elementor-section elementor-top-section elementor-element elementor-element-4b1ce9b elementor-section-boxed elementor-section-height-default elementor-section-height-default\" data-id=\"4b1ce9b\" data-element_type=\"section\">\n\t\t\t\t\t\t<div class=\"elementor-container elementor-column-gap-default\">\n\t\t\t\t\t<div class=\"elementor-column elementor-col-100 elementor-top-column elementor-element elementor-element-73ef779\" data-id=\"73ef779\" data-element_type=\"column\">\n\t\t\t<div class=\"elementor-widget-wrap\">\n\t\t\t\t\t\t\t<\/div>\n\t\t<\/div>\n\t\t\t\t\t<\/div>\n\t\t<\/section>\n\t\t\t\t<\/div>\n\t\t","protected":false},"excerpt":{"rendered":"<p>Encuestas sobre convivencia, seguridad y polarizaci\u00f3n El estudio de la convivencia, seguridad y polarizaci\u00f3n es crucial para comprender las din\u00e1micas sociales. El ICIP trabaja para identificar las causas subyacentes de los conflictos, las percepciones de seguridad de la ciudadan\u00eda y los factores que contribuyen a la polarizaci\u00f3n. Con este objetivo, desde 2018 hemos ido desarrollando [&hellip;]<\/p>\n","protected":false},"author":4,"featured_media":0,"parent":48431,"menu_order":0,"comment_status":"closed","ping_status":"closed","template":"","meta":{"_acf_changed":false,"footnotes":""},"class_list":["post-48494","page","type-page","status-publish","hentry"],"acf":[],"yoast_head":"<!-- This site is optimized with the Yoast SEO plugin v25.6 - https:\/\/yoast.com\/wordpress\/plugins\/seo\/ -->\n<title>Encuestas - ICIP<\/title>\n<meta name=\"robots\" content=\"index, follow, max-snippet:-1, max-image-preview:large, max-video-preview:-1\" \/>\n<link rel=\"canonical\" href=\"https:\/\/www.icip.cat\/ca\/dialeg-social-i-politic\/enquestes-icip\/\" \/>\n<meta property=\"og:locale\" content=\"es_ES\" \/>\n<meta property=\"og:type\" content=\"article\" \/>\n<meta property=\"og:title\" content=\"Encuestas - ICIP\" \/>\n<meta property=\"og:description\" content=\"Encuestas sobre convivencia, seguridad y polarizaci\u00f3n El estudio de la convivencia, seguridad y polarizaci\u00f3n es crucial para comprender las din\u00e1micas sociales. El ICIP trabaja para identificar las causas subyacentes de los conflictos, las percepciones de seguridad de la ciudadan\u00eda y los factores que contribuyen a la polarizaci\u00f3n. Con este objetivo, desde 2018 hemos ido desarrollando [&hellip;]\" \/>\n<meta property=\"og:url\" content=\"https:\/\/www.icip.cat\/ca\/dialeg-social-i-politic\/enquestes-icip\/\" \/>\n<meta property=\"og:site_name\" content=\"ICIP\" \/>\n<meta property=\"article:modified_time\" content=\"2026-01-22T12:15:23+00:00\" \/>\n<meta property=\"og:image\" content=\"https:\/\/www.icip.cat\/wp-content\/uploads\/2025\/12\/Portada-Enquesta-ICIP-2025-CAT-400x570.jpg\" \/>\n<meta name=\"twitter:card\" content=\"summary_large_image\" \/>\n<meta name=\"twitter:label1\" content=\"Tiempo de lectura\" \/>\n\t<meta name=\"twitter:data1\" content=\"3 minutos\" \/>\n<script type=\"application\/ld+json\" class=\"yoast-schema-graph\">{\"@context\":\"https:\/\/schema.org\",\"@graph\":[{\"@type\":\"WebPage\",\"@id\":\"https:\/\/www.icip.cat\/ca\/dialeg-social-i-politic\/enquestes-icip\/\",\"url\":\"https:\/\/www.icip.cat\/ca\/dialeg-social-i-politic\/enquestes-icip\/\",\"name\":\"Encuestas - ICIP\",\"isPartOf\":{\"@id\":\"https:\/\/www.icip.cat\/ca\/#website\"},\"primaryImageOfPage\":{\"@id\":\"https:\/\/www.icip.cat\/ca\/dialeg-social-i-politic\/enquestes-icip\/#primaryimage\"},\"image\":{\"@id\":\"https:\/\/www.icip.cat\/ca\/dialeg-social-i-politic\/enquestes-icip\/#primaryimage\"},\"thumbnailUrl\":\"https:\/\/www.icip.cat\/wp-content\/uploads\/2025\/12\/Portada-Enquesta-ICIP-2025-CAT-400x570.jpg\",\"datePublished\":\"2024-08-02T07:49:35+00:00\",\"dateModified\":\"2026-01-22T12:15:23+00:00\",\"breadcrumb\":{\"@id\":\"https:\/\/www.icip.cat\/ca\/dialeg-social-i-politic\/enquestes-icip\/#breadcrumb\"},\"inLanguage\":\"es\",\"potentialAction\":[{\"@type\":\"ReadAction\",\"target\":[\"https:\/\/www.icip.cat\/ca\/dialeg-social-i-politic\/enquestes-icip\/\"]}]},{\"@type\":\"ImageObject\",\"inLanguage\":\"es\",\"@id\":\"https:\/\/www.icip.cat\/ca\/dialeg-social-i-politic\/enquestes-icip\/#primaryimage\",\"url\":\"https:\/\/www.icip.cat\/wp-content\/uploads\/2025\/12\/Portada-Enquesta-ICIP-2025-CAT-400x570.jpg\",\"contentUrl\":\"https:\/\/www.icip.cat\/wp-content\/uploads\/2025\/12\/Portada-Enquesta-ICIP-2025-CAT-400x570.jpg\"},{\"@type\":\"BreadcrumbList\",\"@id\":\"https:\/\/www.icip.cat\/ca\/dialeg-social-i-politic\/enquestes-icip\/#breadcrumb\",\"itemListElement\":[{\"@type\":\"ListItem\",\"position\":1,\"name\":\"Di\u00e1logo social y pol\u00edtico\",\"item\":\"https:\/\/www.icip.cat\/ca\/dialeg-social-i-politic\/\"},{\"@type\":\"ListItem\",\"position\":2,\"name\":\"Encuestas\"}]},{\"@type\":\"WebSite\",\"@id\":\"https:\/\/www.icip.cat\/ca\/#website\",\"url\":\"https:\/\/www.icip.cat\/ca\/\",\"name\":\"ICIP\",\"description\":\"\",\"publisher\":{\"@id\":\"https:\/\/www.icip.cat\/ca\/#organization\"},\"potentialAction\":[{\"@type\":\"SearchAction\",\"target\":{\"@type\":\"EntryPoint\",\"urlTemplate\":\"https:\/\/www.icip.cat\/ca\/?s={search_term_string}\"},\"query-input\":{\"@type\":\"PropertyValueSpecification\",\"valueRequired\":true,\"valueName\":\"search_term_string\"}}],\"inLanguage\":\"es\"},{\"@type\":\"Organization\",\"@id\":\"https:\/\/www.icip.cat\/ca\/#organization\",\"name\":\"ICIP\",\"url\":\"https:\/\/www.icip.cat\/ca\/\",\"logo\":{\"@type\":\"ImageObject\",\"inLanguage\":\"es\",\"@id\":\"https:\/\/www.icip.cat\/ca\/#\/schema\/logo\/image\/\",\"url\":\"https:\/\/www.icip.cat\/wp-content\/uploads\/2021\/02\/logo-2.png\",\"contentUrl\":\"https:\/\/www.icip.cat\/wp-content\/uploads\/2021\/02\/logo-2.png\",\"width\":562,\"height\":391,\"caption\":\"ICIP\"},\"image\":{\"@id\":\"https:\/\/www.icip.cat\/ca\/#\/schema\/logo\/image\/\"}}]}<\/script>\n<!-- \/ Yoast SEO plugin. -->","yoast_head_json":{"title":"Encuestas - ICIP","robots":{"index":"index","follow":"follow","max-snippet":"max-snippet:-1","max-image-preview":"max-image-preview:large","max-video-preview":"max-video-preview:-1"},"canonical":"https:\/\/www.icip.cat\/ca\/dialeg-social-i-politic\/enquestes-icip\/","og_locale":"es_ES","og_type":"article","og_title":"Encuestas - ICIP","og_description":"Encuestas sobre convivencia, seguridad y polarizaci\u00f3n El estudio de la convivencia, seguridad y polarizaci\u00f3n es crucial para comprender las din\u00e1micas sociales. El ICIP trabaja para identificar las causas subyacentes de los conflictos, las percepciones de seguridad de la ciudadan\u00eda y los factores que contribuyen a la polarizaci\u00f3n. Con este objetivo, desde 2018 hemos ido desarrollando [&hellip;]","og_url":"https:\/\/www.icip.cat\/ca\/dialeg-social-i-politic\/enquestes-icip\/","og_site_name":"ICIP","article_modified_time":"2026-01-22T12:15:23+00:00","og_image":[{"url":"https:\/\/www.icip.cat\/wp-content\/uploads\/2025\/12\/Portada-Enquesta-ICIP-2025-CAT-400x570.jpg","type":"","width":"","height":""}],"twitter_card":"summary_large_image","twitter_misc":{"Tiempo de lectura":"3 minutos"},"schema":{"@context":"https:\/\/schema.org","@graph":[{"@type":"WebPage","@id":"https:\/\/www.icip.cat\/ca\/dialeg-social-i-politic\/enquestes-icip\/","url":"https:\/\/www.icip.cat\/ca\/dialeg-social-i-politic\/enquestes-icip\/","name":"Encuestas - ICIP","isPartOf":{"@id":"https:\/\/www.icip.cat\/ca\/#website"},"primaryImageOfPage":{"@id":"https:\/\/www.icip.cat\/ca\/dialeg-social-i-politic\/enquestes-icip\/#primaryimage"},"image":{"@id":"https:\/\/www.icip.cat\/ca\/dialeg-social-i-politic\/enquestes-icip\/#primaryimage"},"thumbnailUrl":"https:\/\/www.icip.cat\/wp-content\/uploads\/2025\/12\/Portada-Enquesta-ICIP-2025-CAT-400x570.jpg","datePublished":"2024-08-02T07:49:35+00:00","dateModified":"2026-01-22T12:15:23+00:00","breadcrumb":{"@id":"https:\/\/www.icip.cat\/ca\/dialeg-social-i-politic\/enquestes-icip\/#breadcrumb"},"inLanguage":"es","potentialAction":[{"@type":"ReadAction","target":["https:\/\/www.icip.cat\/ca\/dialeg-social-i-politic\/enquestes-icip\/"]}]},{"@type":"ImageObject","inLanguage":"es","@id":"https:\/\/www.icip.cat\/ca\/dialeg-social-i-politic\/enquestes-icip\/#primaryimage","url":"https:\/\/www.icip.cat\/wp-content\/uploads\/2025\/12\/Portada-Enquesta-ICIP-2025-CAT-400x570.jpg","contentUrl":"https:\/\/www.icip.cat\/wp-content\/uploads\/2025\/12\/Portada-Enquesta-ICIP-2025-CAT-400x570.jpg"},{"@type":"BreadcrumbList","@id":"https:\/\/www.icip.cat\/ca\/dialeg-social-i-politic\/enquestes-icip\/#breadcrumb","itemListElement":[{"@type":"ListItem","position":1,"name":"Di\u00e1logo social y pol\u00edtico","item":"https:\/\/www.icip.cat\/ca\/dialeg-social-i-politic\/"},{"@type":"ListItem","position":2,"name":"Encuestas"}]},{"@type":"WebSite","@id":"https:\/\/www.icip.cat\/ca\/#website","url":"https:\/\/www.icip.cat\/ca\/","name":"ICIP","description":"","publisher":{"@id":"https:\/\/www.icip.cat\/ca\/#organization"},"potentialAction":[{"@type":"SearchAction","target":{"@type":"EntryPoint","urlTemplate":"https:\/\/www.icip.cat\/ca\/?s={search_term_string}"},"query-input":{"@type":"PropertyValueSpecification","valueRequired":true,"valueName":"search_term_string"}}],"inLanguage":"es"},{"@type":"Organization","@id":"https:\/\/www.icip.cat\/ca\/#organization","name":"ICIP","url":"https:\/\/www.icip.cat\/ca\/","logo":{"@type":"ImageObject","inLanguage":"es","@id":"https:\/\/www.icip.cat\/ca\/#\/schema\/logo\/image\/","url":"https:\/\/www.icip.cat\/wp-content\/uploads\/2021\/02\/logo-2.png","contentUrl":"https:\/\/www.icip.cat\/wp-content\/uploads\/2021\/02\/logo-2.png","width":562,"height":391,"caption":"ICIP"},"image":{"@id":"https:\/\/www.icip.cat\/ca\/#\/schema\/logo\/image\/"}}]}},"_links":{"self":[{"href":"https:\/\/www.icip.cat\/es\/wp-json\/wp\/v2\/pages\/48494","targetHints":{"allow":["GET"]}}],"collection":[{"href":"https:\/\/www.icip.cat\/es\/wp-json\/wp\/v2\/pages"}],"about":[{"href":"https:\/\/www.icip.cat\/es\/wp-json\/wp\/v2\/types\/page"}],"author":[{"embeddable":true,"href":"https:\/\/www.icip.cat\/es\/wp-json\/wp\/v2\/users\/4"}],"replies":[{"embeddable":true,"href":"https:\/\/www.icip.cat\/es\/wp-json\/wp\/v2\/comments?post=48494"}],"version-history":[{"count":17,"href":"https:\/\/www.icip.cat\/es\/wp-json\/wp\/v2\/pages\/48494\/revisions"}],"predecessor-version":[{"id":60608,"href":"https:\/\/www.icip.cat\/es\/wp-json\/wp\/v2\/pages\/48494\/revisions\/60608"}],"up":[{"embeddable":true,"href":"https:\/\/www.icip.cat\/es\/wp-json\/wp\/v2\/pages\/48431"}],"wp:attachment":[{"href":"https:\/\/www.icip.cat\/es\/wp-json\/wp\/v2\/media?parent=48494"}],"curies":[{"name":"wp","href":"https:\/\/api.w.org\/{rel}","templated":true}]}}