{"id":48894,"date":"2024-08-07T07:00:19","date_gmt":"2024-08-07T07:00:19","guid":{"rendered":"https:\/\/www.icip.cat\/alternativas-de-seguridad-2\/"},"modified":"2024-08-07T07:45:35","modified_gmt":"2024-08-07T07:45:35","slug":"alternativas-de-seguridad","status":"publish","type":"page","link":"https:\/\/www.icip.cat\/es\/alternativas-de-seguridad\/","title":{"rendered":"Alternativas de seguridad"},"content":{"rendered":"\t\t<div data-elementor-type=\"wp-page\" data-elementor-id=\"48894\" class=\"elementor elementor-48894 elementor-48600\" data-elementor-post-type=\"page\">\n\t\t\t\t\t\t<section class=\"elementor-section elementor-top-section elementor-element elementor-element-9b3d845 elementor-section-boxed elementor-section-height-default elementor-section-height-default\" data-id=\"9b3d845\" data-element_type=\"section\" data-settings=\"{&quot;background_background&quot;:&quot;classic&quot;}\">\n\t\t\t\t\t\t\t<div class=\"elementor-background-overlay\"><\/div>\n\t\t\t\t\t\t\t<div class=\"elementor-container elementor-column-gap-default\">\n\t\t\t\t\t<div class=\"elementor-column elementor-col-100 elementor-top-column elementor-element elementor-element-08586b5\" data-id=\"08586b5\" data-element_type=\"column\">\n\t\t\t<div class=\"elementor-widget-wrap elementor-element-populated\">\n\t\t\t\t\t\t<div class=\"elementor-element elementor-element-15f6ef0 elementor-widget elementor-widget-heading\" data-id=\"15f6ef0\" data-element_type=\"widget\" data-widget_type=\"heading.default\">\n\t\t\t\t<div class=\"elementor-widget-container\">\n\t\t\t\t\t<h1 class=\"elementor-heading-title elementor-size-xl\">Alternativas de seguridad<\/h1>\t\t\t\t<\/div>\n\t\t\t\t<\/div>\n\t\t\t\t\t<\/div>\n\t\t<\/div>\n\t\t\t\t\t<\/div>\n\t\t<\/section>\n\t\t\t\t<section class=\"elementor-section elementor-top-section elementor-element elementor-element-c1a5f1c elementor-section-boxed elementor-section-height-default elementor-section-height-default\" data-id=\"c1a5f1c\" data-element_type=\"section\">\n\t\t\t\t\t\t<div class=\"elementor-container elementor-column-gap-default\">\n\t\t\t\t\t<div class=\"elementor-column elementor-col-100 elementor-top-column elementor-element elementor-element-4468c02\" data-id=\"4468c02\" data-element_type=\"column\">\n\t\t\t<div class=\"elementor-widget-wrap elementor-element-populated\">\n\t\t\t\t\t\t<div class=\"elementor-element elementor-element-3b0a67f elementor-widget elementor-widget-text-editor\" data-id=\"3b0a67f\" data-element_type=\"widget\" data-widget_type=\"text-editor.default\">\n\t\t\t\t<div class=\"elementor-widget-container\">\n\t\t\t\t\t\t\t\t\t<p>El modelo de seguridad predominante se ha demostrado limitado para garantizar una sociedad en paz y para ofrecer una respuesta integral a las violencias porque su despliegue es fundamentalmente estatal y beligerante y no se centra en atender a las necesidades de las personas.<\/p><p>En consecuencia, en las \u00faltimas d\u00e9cadas se han generado conocimiento y proyectos alternativos que abren <strong>nuevas perspectivas sobre c\u00f3mo entender la seguridad<\/strong>, y sobre cu\u00e1les deben ser los medios necesarios para proveerla. Son propuestas que destacan la <strong>urgencia de transformar todas las violencias<\/strong> m\u00e1s all\u00e1 de las expresiones m\u00e1s inmediatas y visibles y la importancia de hacerlo desde la garant\u00eda igualitaria de derechos y libertades y la gesti\u00f3n de todas las discriminaciones.<\/p><p>Desde el ICIP partimos de la hip\u00f3tesis de que cualquier modelo de seguridad que encare los conflictos sin basarse en la construcci\u00f3n de paz est\u00e1 destinado al fracaso. Por este motivo, desde el \u00e1rea de trabajo \u201cAlternativas de seguridad\u201d hemos ido consolidando como finalidad principal el an\u00e1lisis de los logros, oportunidades y debilidades de las acciones y pol\u00edticas de seguridad actuales. Para ello,<strong> ponemos en valor las aportaciones del pacifismo y el feminismo<\/strong>, apostamos por la articulaci\u00f3n entre teor\u00eda y pr\u00e1ctica y promovemos espacios de co-construcci\u00f3n y di\u00e1logo entre actores diversos.<\/p>\t\t\t\t\t\t\t\t<\/div>\n\t\t\t\t<\/div>\n\t\t\t\t\t<\/div>\n\t\t<\/div>\n\t\t\t\t\t<\/div>\n\t\t<\/section>\n\t\t\t\t<section class=\"elementor-section elementor-top-section elementor-element elementor-element-190ea43 elementor-section-boxed elementor-section-height-default elementor-section-height-default\" data-id=\"190ea43\" data-element_type=\"section\">\n\t\t\t\t\t\t<div class=\"elementor-container elementor-column-gap-default\">\n\t\t\t\t\t<div class=\"elementor-column elementor-col-50 elementor-top-column elementor-element elementor-element-277bb28\" data-id=\"277bb28\" data-element_type=\"column\">\n\t\t\t<div class=\"elementor-widget-wrap elementor-element-populated\">\n\t\t\t\t\t\t<section class=\"elementor-section elementor-inner-section elementor-element elementor-element-5d0343f elementor-section-height-min-height elementor-section-boxed elementor-section-height-default\" data-id=\"5d0343f\" data-element_type=\"section\">\n\t\t\t\t\t\t<div class=\"elementor-container elementor-column-gap-narrow\">\n\t\t\t\t\t<div class=\"elementor-column elementor-col-50 elementor-inner-column elementor-element elementor-element-ea2cc06\" data-id=\"ea2cc06\" data-element_type=\"column\" data-settings=\"{&quot;background_background&quot;:&quot;slideshow&quot;,&quot;background_slideshow_gallery&quot;:[],&quot;background_slideshow_loop&quot;:&quot;yes&quot;,&quot;background_slideshow_slide_duration&quot;:5000,&quot;background_slideshow_slide_transition&quot;:&quot;fade&quot;,&quot;background_slideshow_transition_duration&quot;:500}\">\n\t\t\t<div class=\"elementor-widget-wrap elementor-element-populated\">\n\t\t\t\t\t\t<div class=\"elementor-element elementor-element-a57f822 elementor-widget elementor-widget-image\" data-id=\"a57f822\" data-element_type=\"widget\" data-widget_type=\"image.default\">\n\t\t\t\t<div class=\"elementor-widget-container\">\n\t\t\t\t\t\t\t\t\t\t\t\t\t\t\t\t<a href=\"https:\/\/www.icip.cat\/es\/alternativas-de-seguridad\/redefinir-la-seguridad\/\">\n\t\t\t\t\t\t\t<img fetchpriority=\"high\" decoding=\"async\" width=\"640\" height=\"853\" src=\"https:\/\/www.icip.cat\/wp-content\/uploads\/2024\/08\/Imatge-introduccio-768x1024.jpg\" class=\"attachment-large size-large wp-image-48639\" alt=\"\" srcset=\"https:\/\/www.icip.cat\/wp-content\/uploads\/2024\/08\/Imatge-introduccio-768x1024.jpg 768w, https:\/\/www.icip.cat\/wp-content\/uploads\/2024\/08\/Imatge-introduccio-225x300.jpg 225w, https:\/\/www.icip.cat\/wp-content\/uploads\/2024\/08\/Imatge-introduccio-1152x1536.jpg 1152w, https:\/\/www.icip.cat\/wp-content\/uploads\/2024\/08\/Imatge-introduccio-1536x2048.jpg 1536w, https:\/\/www.icip.cat\/wp-content\/uploads\/2024\/08\/Imatge-introduccio-scaled.jpg 1920w\" sizes=\"(max-width: 640px) 100vw, 640px\" \/>\t\t\t\t\t\t\t\t<\/a>\n\t\t\t\t\t\t\t\t\t\t\t\t\t\t\t<\/div>\n\t\t\t\t<\/div>\n\t\t\t\t<div class=\"elementor-element elementor-element-fba0d76 elementor-absolute elementor-widget elementor-widget-heading\" data-id=\"fba0d76\" data-element_type=\"widget\" data-settings=\"{&quot;_position&quot;:&quot;absolute&quot;}\" data-widget_type=\"heading.default\">\n\t\t\t\t<div class=\"elementor-widget-container\">\n\t\t\t\t\t<h2 class=\"elementor-heading-title elementor-size-default\"><a href=\"https:\/\/www.icip.cat\/es\/alternativas-de-seguridad\/redefinir-la-seguridad\/\">Redefinir la seguridad<\/a><\/h2>\t\t\t\t<\/div>\n\t\t\t\t<\/div>\n\t\t\t\t\t<\/div>\n\t\t<\/div>\n\t\t\t\t<div class=\"elementor-column elementor-col-50 elementor-inner-column elementor-element elementor-element-fd2dcf4\" data-id=\"fd2dcf4\" data-element_type=\"column\" data-settings=\"{&quot;background_background&quot;:&quot;slideshow&quot;,&quot;background_slideshow_gallery&quot;:[],&quot;background_slideshow_loop&quot;:&quot;yes&quot;,&quot;background_slideshow_slide_duration&quot;:5000,&quot;background_slideshow_slide_transition&quot;:&quot;fade&quot;,&quot;background_slideshow_transition_duration&quot;:500}\">\n\t\t\t<div class=\"elementor-widget-wrap elementor-element-populated\">\n\t\t\t\t\t\t<div class=\"elementor-element elementor-element-5cfc70b elementor-widget elementor-widget-image\" data-id=\"5cfc70b\" data-element_type=\"widget\" data-widget_type=\"image.default\">\n\t\t\t\t<div class=\"elementor-widget-container\">\n\t\t\t\t\t\t\t\t\t\t\t\t\t\t\t\t<a href=\"https:\/\/www.icip.cat\/es\/alternativas-de-seguridad\/analizar-el-punitivismo\/\">\n\t\t\t\t\t\t\t<img decoding=\"async\" width=\"640\" height=\"427\" src=\"https:\/\/www.icip.cat\/wp-content\/uploads\/2024\/08\/Article1-1024x683.jpg\" class=\"attachment-large size-large wp-image-48609\" alt=\"\" srcset=\"https:\/\/www.icip.cat\/wp-content\/uploads\/2024\/08\/Article1-1024x683.jpg 1024w, https:\/\/www.icip.cat\/wp-content\/uploads\/2024\/08\/Article1-300x200.jpg 300w, https:\/\/www.icip.cat\/wp-content\/uploads\/2024\/08\/Article1-768x512.jpg 768w, https:\/\/www.icip.cat\/wp-content\/uploads\/2024\/08\/Article1-1536x1024.jpg 1536w, https:\/\/www.icip.cat\/wp-content\/uploads\/2024\/08\/Article1-2048x1365.jpg 2048w\" sizes=\"(max-width: 640px) 100vw, 640px\" \/>\t\t\t\t\t\t\t\t<\/a>\n\t\t\t\t\t\t\t\t\t\t\t\t\t\t\t<\/div>\n\t\t\t\t<\/div>\n\t\t\t\t<div class=\"elementor-element elementor-element-e9747c9 elementor-absolute elementor-widget elementor-widget-heading\" data-id=\"e9747c9\" data-element_type=\"widget\" data-settings=\"{&quot;_position&quot;:&quot;absolute&quot;}\" data-widget_type=\"heading.default\">\n\t\t\t\t<div class=\"elementor-widget-container\">\n\t\t\t\t\t<h2 class=\"elementor-heading-title elementor-size-default\"><a href=\"https:\/\/www.icip.cat\/es\/alternativas-de-seguridad\/analizar-el-punitivismo\/\">Analizar el punitivismo<\/a><\/h2>\t\t\t\t<\/div>\n\t\t\t\t<\/div>\n\t\t\t\t\t<\/div>\n\t\t<\/div>\n\t\t\t\t\t<\/div>\n\t\t<\/section>\n\t\t\t\t\t<\/div>\n\t\t<\/div>\n\t\t\t\t<div class=\"elementor-column elementor-col-50 elementor-top-column elementor-element elementor-element-cfe03bc\" data-id=\"cfe03bc\" data-element_type=\"column\">\n\t\t\t<div class=\"elementor-widget-wrap elementor-element-populated\">\n\t\t\t\t\t\t<section class=\"elementor-section elementor-inner-section elementor-element elementor-element-1d73e84 elementor-section-height-min-height elementor-section-boxed elementor-section-height-default\" data-id=\"1d73e84\" data-element_type=\"section\">\n\t\t\t\t\t\t<div class=\"elementor-container elementor-column-gap-narrow\">\n\t\t\t\t\t<div class=\"elementor-column elementor-col-50 elementor-inner-column elementor-element elementor-element-8bda0f0\" data-id=\"8bda0f0\" data-element_type=\"column\" data-settings=\"{&quot;background_background&quot;:&quot;slideshow&quot;,&quot;background_slideshow_gallery&quot;:[],&quot;background_slideshow_loop&quot;:&quot;yes&quot;,&quot;background_slideshow_slide_duration&quot;:5000,&quot;background_slideshow_slide_transition&quot;:&quot;fade&quot;,&quot;background_slideshow_transition_duration&quot;:500}\">\n\t\t\t<div class=\"elementor-widget-wrap elementor-element-populated\">\n\t\t\t\t\t\t<div class=\"elementor-element elementor-element-6e8948e elementor-widget elementor-widget-image\" data-id=\"6e8948e\" data-element_type=\"widget\" data-widget_type=\"image.default\">\n\t\t\t\t<div class=\"elementor-widget-container\">\n\t\t\t\t\t\t\t\t\t\t\t\t\t\t\t\t<a href=\"https:\/\/www.icip.cat\/es\/alternativas-de-seguridad\/reorientar-las-politicas-publicas\/\">\n\t\t\t\t\t\t\t<img decoding=\"async\" width=\"640\" height=\"274\" src=\"https:\/\/www.icip.cat\/wp-content\/uploads\/2024\/08\/Article-5-1024x438.jpg\" class=\"attachment-large size-large wp-image-48618\" alt=\"\" srcset=\"https:\/\/www.icip.cat\/wp-content\/uploads\/2024\/08\/Article-5-1024x438.jpg 1024w, https:\/\/www.icip.cat\/wp-content\/uploads\/2024\/08\/Article-5-300x128.jpg 300w, https:\/\/www.icip.cat\/wp-content\/uploads\/2024\/08\/Article-5-768x328.jpg 768w, https:\/\/www.icip.cat\/wp-content\/uploads\/2024\/08\/Article-5-1536x656.jpg 1536w, https:\/\/www.icip.cat\/wp-content\/uploads\/2024\/08\/Article-5-2048x875.jpg 2048w\" sizes=\"(max-width: 640px) 100vw, 640px\" \/>\t\t\t\t\t\t\t\t<\/a>\n\t\t\t\t\t\t\t\t\t\t\t\t\t\t\t<\/div>\n\t\t\t\t<\/div>\n\t\t\t\t<div class=\"elementor-element elementor-element-822318c elementor-absolute elementor-widget elementor-widget-heading\" data-id=\"822318c\" data-element_type=\"widget\" data-settings=\"{&quot;_position&quot;:&quot;absolute&quot;}\" data-widget_type=\"heading.default\">\n\t\t\t\t<div class=\"elementor-widget-container\">\n\t\t\t\t\t<h2 class=\"elementor-heading-title elementor-size-default\"><a href=\"https:\/\/www.icip.cat\/es\/alternativas-de-seguridad\/reorientar-las-politicas-publicas\/\">Reorientar las pol\u00edticas p\u00fablicas<\/a><\/h2>\t\t\t\t<\/div>\n\t\t\t\t<\/div>\n\t\t\t\t\t<\/div>\n\t\t<\/div>\n\t\t\t\t<div class=\"elementor-column elementor-col-50 elementor-inner-column elementor-element elementor-element-65ac8b1\" data-id=\"65ac8b1\" data-element_type=\"column\" data-settings=\"{&quot;background_background&quot;:&quot;slideshow&quot;,&quot;background_slideshow_gallery&quot;:[],&quot;background_slideshow_loop&quot;:&quot;yes&quot;,&quot;background_slideshow_slide_duration&quot;:5000,&quot;background_slideshow_slide_transition&quot;:&quot;fade&quot;,&quot;background_slideshow_transition_duration&quot;:500}\">\n\t\t\t<div class=\"elementor-widget-wrap elementor-element-populated\">\n\t\t\t\t\t\t<div class=\"elementor-element elementor-element-755b712 elementor-widget elementor-widget-image\" data-id=\"755b712\" data-element_type=\"widget\" data-widget_type=\"image.default\">\n\t\t\t\t<div class=\"elementor-widget-container\">\n\t\t\t\t\t\t\t\t\t\t\t\t\t\t\t\t<a href=\"https:\/\/www.icip.cat\/es\/alternativas-de-seguridad\/promover-una-seguridad-feminista\/\">\n\t\t\t\t\t\t\t<img loading=\"lazy\" decoding=\"async\" width=\"640\" height=\"427\" src=\"https:\/\/www.icip.cat\/wp-content\/uploads\/2024\/08\/Imatges_Article-1_Miralles-1024x683.jpg\" class=\"attachment-large size-large wp-image-48633\" alt=\"\" srcset=\"https:\/\/www.icip.cat\/wp-content\/uploads\/2024\/08\/Imatges_Article-1_Miralles-1024x683.jpg 1024w, https:\/\/www.icip.cat\/wp-content\/uploads\/2024\/08\/Imatges_Article-1_Miralles-300x200.jpg 300w, https:\/\/www.icip.cat\/wp-content\/uploads\/2024\/08\/Imatges_Article-1_Miralles-768x512.jpg 768w, https:\/\/www.icip.cat\/wp-content\/uploads\/2024\/08\/Imatges_Article-1_Miralles-1536x1024.jpg 1536w, https:\/\/www.icip.cat\/wp-content\/uploads\/2024\/08\/Imatges_Article-1_Miralles-2048x1365.jpg 2048w\" sizes=\"(max-width: 640px) 100vw, 640px\" \/>\t\t\t\t\t\t\t\t<\/a>\n\t\t\t\t\t\t\t\t\t\t\t\t\t\t\t<\/div>\n\t\t\t\t<\/div>\n\t\t\t\t<div class=\"elementor-element elementor-element-3a0f345 elementor-absolute elementor-widget elementor-widget-heading\" data-id=\"3a0f345\" data-element_type=\"widget\" data-settings=\"{&quot;_position&quot;:&quot;absolute&quot;}\" data-widget_type=\"heading.default\">\n\t\t\t\t<div class=\"elementor-widget-container\">\n\t\t\t\t\t<h2 class=\"elementor-heading-title elementor-size-default\"><a href=\"https:\/\/www.icip.cat\/es\/alternativas-de-seguridad\/promover-una-seguridad-feminista\/\">Promover una seguridad feminista<\/a><\/h2>\t\t\t\t<\/div>\n\t\t\t\t<\/div>\n\t\t\t\t\t<\/div>\n\t\t<\/div>\n\t\t\t\t\t<\/div>\n\t\t<\/section>\n\t\t\t\t\t<\/div>\n\t\t<\/div>\n\t\t\t\t\t<\/div>\n\t\t<\/section>\n\t\t\t\t<\/div>\n\t\t","protected":false},"excerpt":{"rendered":"<p>Alternativas de seguridad El modelo de seguridad predominante se ha demostrado limitado para garantizar una sociedad en paz y para ofrecer una respuesta integral a las violencias porque su despliegue es fundamentalmente estatal y beligerante y no se centra en atender a las necesidades de las personas. En consecuencia, en las \u00faltimas d\u00e9cadas se han [&hellip;]<\/p>\n","protected":false},"author":4,"featured_media":0,"parent":0,"menu_order":0,"comment_status":"closed","ping_status":"closed","template":"","meta":{"_acf_changed":false,"footnotes":""},"class_list":["post-48894","page","type-page","status-publish","hentry"],"acf":[],"yoast_head":"<!-- This site is optimized with the Yoast SEO plugin v25.6 - https:\/\/yoast.com\/wordpress\/plugins\/seo\/ -->\n<title>Alternativas de seguridad - ICIP<\/title>\n<meta name=\"robots\" content=\"index, follow, max-snippet:-1, max-image-preview:large, max-video-preview:-1\" \/>\n<link rel=\"canonical\" href=\"https:\/\/www.icip.cat\/es\/alternativas-de-seguridad\/\" \/>\n<meta property=\"og:locale\" content=\"es_ES\" \/>\n<meta property=\"og:type\" content=\"article\" \/>\n<meta property=\"og:title\" content=\"Alternativas de seguridad - ICIP\" \/>\n<meta property=\"og:description\" content=\"Alternativas de seguridad El modelo de seguridad predominante se ha demostrado limitado para garantizar una sociedad en paz y para ofrecer una respuesta integral a las violencias porque su despliegue es fundamentalmente estatal y beligerante y no se centra en atender a las necesidades de las personas. En consecuencia, en las \u00faltimas d\u00e9cadas se han [&hellip;]\" \/>\n<meta property=\"og:url\" content=\"https:\/\/www.icip.cat\/es\/alternativas-de-seguridad\/\" \/>\n<meta property=\"og:site_name\" content=\"ICIP\" \/>\n<meta property=\"article:modified_time\" content=\"2024-08-07T07:45:35+00:00\" \/>\n<meta property=\"og:image\" content=\"https:\/\/www.icip.cat\/wp-content\/uploads\/2024\/08\/Imatge-introduccio-768x1024.jpg\" \/>\n<meta name=\"twitter:card\" content=\"summary_large_image\" \/>\n<meta name=\"twitter:label1\" content=\"Tiempo de lectura\" \/>\n\t<meta name=\"twitter:data1\" content=\"2 minutos\" \/>\n<script type=\"application\/ld+json\" class=\"yoast-schema-graph\">{\"@context\":\"https:\/\/schema.org\",\"@graph\":[{\"@type\":\"WebPage\",\"@id\":\"https:\/\/www.icip.cat\/es\/alternativas-de-seguridad\/\",\"url\":\"https:\/\/www.icip.cat\/es\/alternativas-de-seguridad\/\",\"name\":\"Alternativas de seguridad - ICIP\",\"isPartOf\":{\"@id\":\"https:\/\/www.icip.cat\/ca\/#website\"},\"primaryImageOfPage\":{\"@id\":\"https:\/\/www.icip.cat\/es\/alternativas-de-seguridad\/#primaryimage\"},\"image\":{\"@id\":\"https:\/\/www.icip.cat\/es\/alternativas-de-seguridad\/#primaryimage\"},\"thumbnailUrl\":\"https:\/\/www.icip.cat\/wp-content\/uploads\/2024\/08\/Imatge-introduccio-768x1024.jpg\",\"datePublished\":\"2024-08-07T07:00:19+00:00\",\"dateModified\":\"2024-08-07T07:45:35+00:00\",\"inLanguage\":\"es\",\"potentialAction\":[{\"@type\":\"ReadAction\",\"target\":[\"https:\/\/www.icip.cat\/es\/alternativas-de-seguridad\/\"]}]},{\"@type\":\"ImageObject\",\"inLanguage\":\"es\",\"@id\":\"https:\/\/www.icip.cat\/es\/alternativas-de-seguridad\/#primaryimage\",\"url\":\"https:\/\/www.icip.cat\/wp-content\/uploads\/2024\/08\/Imatge-introduccio-768x1024.jpg\",\"contentUrl\":\"https:\/\/www.icip.cat\/wp-content\/uploads\/2024\/08\/Imatge-introduccio-768x1024.jpg\"},{\"@type\":\"WebSite\",\"@id\":\"https:\/\/www.icip.cat\/ca\/#website\",\"url\":\"https:\/\/www.icip.cat\/ca\/\",\"name\":\"ICIP\",\"description\":\"\",\"publisher\":{\"@id\":\"https:\/\/www.icip.cat\/ca\/#organization\"},\"potentialAction\":[{\"@type\":\"SearchAction\",\"target\":{\"@type\":\"EntryPoint\",\"urlTemplate\":\"https:\/\/www.icip.cat\/ca\/?s={search_term_string}\"},\"query-input\":{\"@type\":\"PropertyValueSpecification\",\"valueRequired\":true,\"valueName\":\"search_term_string\"}}],\"inLanguage\":\"es\"},{\"@type\":\"Organization\",\"@id\":\"https:\/\/www.icip.cat\/ca\/#organization\",\"name\":\"ICIP\",\"url\":\"https:\/\/www.icip.cat\/ca\/\",\"logo\":{\"@type\":\"ImageObject\",\"inLanguage\":\"es\",\"@id\":\"https:\/\/www.icip.cat\/ca\/#\/schema\/logo\/image\/\",\"url\":\"https:\/\/www.icip.cat\/wp-content\/uploads\/2021\/02\/logo-2.png\",\"contentUrl\":\"https:\/\/www.icip.cat\/wp-content\/uploads\/2021\/02\/logo-2.png\",\"width\":562,\"height\":391,\"caption\":\"ICIP\"},\"image\":{\"@id\":\"https:\/\/www.icip.cat\/ca\/#\/schema\/logo\/image\/\"}}]}<\/script>\n<!-- \/ Yoast SEO plugin. -->","yoast_head_json":{"title":"Alternativas de seguridad - ICIP","robots":{"index":"index","follow":"follow","max-snippet":"max-snippet:-1","max-image-preview":"max-image-preview:large","max-video-preview":"max-video-preview:-1"},"canonical":"https:\/\/www.icip.cat\/es\/alternativas-de-seguridad\/","og_locale":"es_ES","og_type":"article","og_title":"Alternativas de seguridad - ICIP","og_description":"Alternativas de seguridad El modelo de seguridad predominante se ha demostrado limitado para garantizar una sociedad en paz y para ofrecer una respuesta integral a las violencias porque su despliegue es fundamentalmente estatal y beligerante y no se centra en atender a las necesidades de las personas. En consecuencia, en las \u00faltimas d\u00e9cadas se han [&hellip;]","og_url":"https:\/\/www.icip.cat\/es\/alternativas-de-seguridad\/","og_site_name":"ICIP","article_modified_time":"2024-08-07T07:45:35+00:00","og_image":[{"url":"https:\/\/www.icip.cat\/wp-content\/uploads\/2024\/08\/Imatge-introduccio-768x1024.jpg","type":"","width":"","height":""}],"twitter_card":"summary_large_image","twitter_misc":{"Tiempo de lectura":"2 minutos"},"schema":{"@context":"https:\/\/schema.org","@graph":[{"@type":"WebPage","@id":"https:\/\/www.icip.cat\/es\/alternativas-de-seguridad\/","url":"https:\/\/www.icip.cat\/es\/alternativas-de-seguridad\/","name":"Alternativas de seguridad - ICIP","isPartOf":{"@id":"https:\/\/www.icip.cat\/ca\/#website"},"primaryImageOfPage":{"@id":"https:\/\/www.icip.cat\/es\/alternativas-de-seguridad\/#primaryimage"},"image":{"@id":"https:\/\/www.icip.cat\/es\/alternativas-de-seguridad\/#primaryimage"},"thumbnailUrl":"https:\/\/www.icip.cat\/wp-content\/uploads\/2024\/08\/Imatge-introduccio-768x1024.jpg","datePublished":"2024-08-07T07:00:19+00:00","dateModified":"2024-08-07T07:45:35+00:00","inLanguage":"es","potentialAction":[{"@type":"ReadAction","target":["https:\/\/www.icip.cat\/es\/alternativas-de-seguridad\/"]}]},{"@type":"ImageObject","inLanguage":"es","@id":"https:\/\/www.icip.cat\/es\/alternativas-de-seguridad\/#primaryimage","url":"https:\/\/www.icip.cat\/wp-content\/uploads\/2024\/08\/Imatge-introduccio-768x1024.jpg","contentUrl":"https:\/\/www.icip.cat\/wp-content\/uploads\/2024\/08\/Imatge-introduccio-768x1024.jpg"},{"@type":"WebSite","@id":"https:\/\/www.icip.cat\/ca\/#website","url":"https:\/\/www.icip.cat\/ca\/","name":"ICIP","description":"","publisher":{"@id":"https:\/\/www.icip.cat\/ca\/#organization"},"potentialAction":[{"@type":"SearchAction","target":{"@type":"EntryPoint","urlTemplate":"https:\/\/www.icip.cat\/ca\/?s={search_term_string}"},"query-input":{"@type":"PropertyValueSpecification","valueRequired":true,"valueName":"search_term_string"}}],"inLanguage":"es"},{"@type":"Organization","@id":"https:\/\/www.icip.cat\/ca\/#organization","name":"ICIP","url":"https:\/\/www.icip.cat\/ca\/","logo":{"@type":"ImageObject","inLanguage":"es","@id":"https:\/\/www.icip.cat\/ca\/#\/schema\/logo\/image\/","url":"https:\/\/www.icip.cat\/wp-content\/uploads\/2021\/02\/logo-2.png","contentUrl":"https:\/\/www.icip.cat\/wp-content\/uploads\/2021\/02\/logo-2.png","width":562,"height":391,"caption":"ICIP"},"image":{"@id":"https:\/\/www.icip.cat\/ca\/#\/schema\/logo\/image\/"}}]}},"_links":{"self":[{"href":"https:\/\/www.icip.cat\/es\/wp-json\/wp\/v2\/pages\/48894","targetHints":{"allow":["GET"]}}],"collection":[{"href":"https:\/\/www.icip.cat\/es\/wp-json\/wp\/v2\/pages"}],"about":[{"href":"https:\/\/www.icip.cat\/es\/wp-json\/wp\/v2\/types\/page"}],"author":[{"embeddable":true,"href":"https:\/\/www.icip.cat\/es\/wp-json\/wp\/v2\/users\/4"}],"replies":[{"embeddable":true,"href":"https:\/\/www.icip.cat\/es\/wp-json\/wp\/v2\/comments?post=48894"}],"version-history":[{"count":8,"href":"https:\/\/www.icip.cat\/es\/wp-json\/wp\/v2\/pages\/48894\/revisions"}],"predecessor-version":[{"id":48967,"href":"https:\/\/www.icip.cat\/es\/wp-json\/wp\/v2\/pages\/48894\/revisions\/48967"}],"wp:attachment":[{"href":"https:\/\/www.icip.cat\/es\/wp-json\/wp\/v2\/media?parent=48894"}],"curies":[{"name":"wp","href":"https:\/\/api.w.org\/{rel}","templated":true}]}}