{"id":48897,"date":"2024-08-07T07:01:19","date_gmt":"2024-08-07T07:01:19","guid":{"rendered":"https:\/\/www.icip.cat\/alternativas-de-seguridad-2\/activitats-de-petit-format-seguretat\/"},"modified":"2024-08-07T07:41:45","modified_gmt":"2024-08-07T07:41:45","slug":"actividades-de-pequeno-formato-seguridad","status":"publish","type":"page","link":"https:\/\/www.icip.cat\/es\/alternativas-de-seguridad\/actividades-de-pequeno-formato-seguridad\/","title":{"rendered":"Actividades de peque\u00f1o formato &#8211; Seguridad"},"content":{"rendered":"\t\t<div data-elementor-type=\"wp-page\" data-elementor-id=\"48897\" class=\"elementor elementor-48897 elementor-48859\" data-elementor-post-type=\"page\">\n\t\t\t\t\t\t<section class=\"elementor-section elementor-top-section elementor-element elementor-element-3cccda6 elementor-section-boxed elementor-section-height-default elementor-section-height-default\" data-id=\"3cccda6\" data-element_type=\"section\" data-settings=\"{&quot;background_background&quot;:&quot;classic&quot;}\">\n\t\t\t\t\t\t\t<div class=\"elementor-background-overlay\"><\/div>\n\t\t\t\t\t\t\t<div class=\"elementor-container elementor-column-gap-default\">\n\t\t\t\t\t<div class=\"elementor-column elementor-col-100 elementor-top-column elementor-element elementor-element-dc1b6e3\" data-id=\"dc1b6e3\" data-element_type=\"column\">\n\t\t\t<div class=\"elementor-widget-wrap elementor-element-populated\">\n\t\t\t\t\t\t<div class=\"elementor-element elementor-element-4018694 elementor-widget elementor-widget-heading\" data-id=\"4018694\" data-element_type=\"widget\" data-widget_type=\"heading.default\">\n\t\t\t\t<div class=\"elementor-widget-container\">\n\t\t\t\t\t<h1 class=\"elementor-heading-title elementor-size-xl\">Actividades de peque\u00f1o formato<\/h1>\t\t\t\t<\/div>\n\t\t\t\t<\/div>\n\t\t\t\t\t<\/div>\n\t\t<\/div>\n\t\t\t\t\t<\/div>\n\t\t<\/section>\n\t\t\t\t<section class=\"elementor-section elementor-top-section elementor-element elementor-element-56adc83 elementor-section-boxed elementor-section-height-default elementor-section-height-default\" data-id=\"56adc83\" data-element_type=\"section\">\n\t\t\t\t\t\t<div class=\"elementor-container elementor-column-gap-default\">\n\t\t\t\t\t<div class=\"elementor-column elementor-col-100 elementor-top-column elementor-element elementor-element-98f50b6\" data-id=\"98f50b6\" data-element_type=\"column\">\n\t\t\t<div class=\"elementor-widget-wrap elementor-element-populated\">\n\t\t\t\t\t\t<div class=\"elementor-element elementor-element-d0cdc5a elementor-widget elementor-widget-spacer\" data-id=\"d0cdc5a\" data-element_type=\"widget\" data-widget_type=\"spacer.default\">\n\t\t\t\t<div class=\"elementor-widget-container\">\n\t\t\t\t\t\t\t<div class=\"elementor-spacer\">\n\t\t\t<div class=\"elementor-spacer-inner\"><\/div>\n\t\t<\/div>\n\t\t\t\t\t\t<\/div>\n\t\t\t\t<\/div>\n\t\t\t\t<section class=\"elementor-section elementor-inner-section elementor-element elementor-element-8c402a6 elementor-section-boxed elementor-section-height-default elementor-section-height-default\" data-id=\"8c402a6\" data-element_type=\"section\">\n\t\t\t\t\t\t<div class=\"elementor-container elementor-column-gap-default\">\n\t\t\t\t\t<div class=\"elementor-column elementor-col-100 elementor-inner-column elementor-element elementor-element-e778450\" data-id=\"e778450\" data-element_type=\"column\">\n\t\t\t<div class=\"elementor-widget-wrap elementor-element-populated\">\n\t\t\t\t\t\t<div class=\"elementor-element elementor-element-15b0fb5 elementor-widget elementor-widget-text-editor\" data-id=\"15b0fb5\" data-element_type=\"widget\" data-widget_type=\"text-editor.default\">\n\t\t\t\t<div class=\"elementor-widget-container\">\n\t\t\t\t\t\t\t\t\t<p>A lo largo del a\u00f1o el ICIP organiza actividades de reflexi\u00f3n, presenciales y virtuales, como tertulias y sesiones de an\u00e1lisis, destinadas principalmente a un p\u00fablico especializado, que permiten profundizar en las tem\u00e1ticas planteadas.<\/p>\t\t\t\t\t\t\t\t<\/div>\n\t\t\t\t<\/div>\n\t\t\t\t\t<\/div>\n\t\t<\/div>\n\t\t\t\t\t<\/div>\n\t\t<\/section>\n\t\t\t\t<div class=\"elementor-element elementor-element-4c79cc0 elementor-widget elementor-widget-heading\" data-id=\"4c79cc0\" data-element_type=\"widget\" id=\"colombia\" data-widget_type=\"heading.default\">\n\t\t\t\t<div class=\"elementor-widget-container\">\n\t\t\t\t\t<h2 class=\"elementor-heading-title elementor-size-default\">Paz, seguridad y feminismos: retos actuales<\/h2>\t\t\t\t<\/div>\n\t\t\t\t<\/div>\n\t\t\t\t<div class=\"elementor-element elementor-element-fc51ce9 elementor-widget elementor-widget-text-editor\" data-id=\"fc51ce9\" data-element_type=\"widget\" data-widget_type=\"text-editor.default\">\n\t\t\t\t<div class=\"elementor-widget-container\">\n\t\t\t\t\t\t\t\t\t<p>En el marco de las jornadas anuales del Centro Del\u00e0s de Estudios por la Paz dedicadas a la seguridad feminista, el ICIP y la entidad pacifista organizaron el 24 de octubre de 2023 un encuentro con la profesora de pol\u00edtica y relaciones internacionales en la Royal Holloway (Universidad de Londres), <strong>Laura Sjoberg<\/strong>.<\/p><p>El encuentro consisti\u00f3 en un intercambio de experiencias y un taller para analizar propuestas concretas de acci\u00f3n. Se trataron cuestiones como qu\u00e9 avances ha habido en la introducci\u00f3n de la perspectiva feminista en el \u00e1mbito de la paz y la seguridad y c\u00f3mo hacer frente a los retos pendientes. Tambi\u00e9n se reflexion\u00f3 sobre c\u00f3mo se entrelaza la pol\u00edtica global de paz y seguridad con las din\u00e1micas locales y c\u00f3mo avanzar hacia la discusi\u00f3n de la interseccionalidad de las opresiones.<\/p>\t\t\t\t\t\t\t\t<\/div>\n\t\t\t\t<\/div>\n\t\t\t\t<div class=\"elementor-element elementor-element-6b975c8 elementor-widget elementor-widget-gallery\" data-id=\"6b975c8\" data-element_type=\"widget\" data-settings=\"{&quot;columns&quot;:2,&quot;lazyload&quot;:&quot;yes&quot;,&quot;gallery_layout&quot;:&quot;grid&quot;,&quot;columns_tablet&quot;:2,&quot;columns_mobile&quot;:1,&quot;gap&quot;:{&quot;unit&quot;:&quot;px&quot;,&quot;size&quot;:10,&quot;sizes&quot;:[]},&quot;gap_tablet&quot;:{&quot;unit&quot;:&quot;px&quot;,&quot;size&quot;:10,&quot;sizes&quot;:[]},&quot;gap_mobile&quot;:{&quot;unit&quot;:&quot;px&quot;,&quot;size&quot;:10,&quot;sizes&quot;:[]},&quot;link_to&quot;:&quot;file&quot;,&quot;aspect_ratio&quot;:&quot;3:2&quot;,&quot;overlay_background&quot;:&quot;yes&quot;,&quot;content_hover_animation&quot;:&quot;fade-in&quot;}\" data-widget_type=\"gallery.default\">\n\t\t\t\t<div class=\"elementor-widget-container\">\n\t\t\t\t\t\t\t<div class=\"elementor-gallery__container\">\n\t\t\t\t\t\t\t<a class=\"e-gallery-item elementor-gallery-item elementor-animated-content\" href=\"https:\/\/www.icip.cat\/wp-content\/uploads\/2024\/08\/IMG_4709-scaled.jpg\" data-elementor-open-lightbox=\"yes\" data-elementor-lightbox-slideshow=\"6b975c8\" data-elementor-lightbox-title=\"IMG_4709\" data-e-action-hash=\"#elementor-action%3Aaction%3Dlightbox%26settings%3DeyJpZCI6NDg4NjMsInVybCI6Imh0dHBzOlwvXC93d3cuaWNpcC5jYXRcL3dwLWNvbnRlbnRcL3VwbG9hZHNcLzIwMjRcLzA4XC9JTUdfNDcwOS1zY2FsZWQuanBnIiwic2xpZGVzaG93IjoiNmI5NzVjOCJ9\">\n\t\t\t\t\t<div class=\"e-gallery-image elementor-gallery-item__image\" data-thumbnail=\"https:\/\/www.icip.cat\/wp-content\/uploads\/2024\/08\/IMG_4709-1024x678.jpg\" data-width=\"640\" data-height=\"424\" aria-label=\"\" role=\"img\" ><\/div>\n\t\t\t\t\t\t\t\t\t\t\t<div class=\"elementor-gallery-item__overlay\"><\/div>\n\t\t\t\t\t\t\t\t\t\t\t\t\t\t<\/a>\n\t\t\t\t\t\t\t<a class=\"e-gallery-item elementor-gallery-item elementor-animated-content\" href=\"https:\/\/www.icip.cat\/wp-content\/uploads\/2024\/08\/IMG_4689-scaled.jpg\" data-elementor-open-lightbox=\"yes\" data-elementor-lightbox-slideshow=\"6b975c8\" data-elementor-lightbox-title=\"IMG_4689\" data-e-action-hash=\"#elementor-action%3Aaction%3Dlightbox%26settings%3DeyJpZCI6NDg4NjYsInVybCI6Imh0dHBzOlwvXC93d3cuaWNpcC5jYXRcL3dwLWNvbnRlbnRcL3VwbG9hZHNcLzIwMjRcLzA4XC9JTUdfNDY4OS1zY2FsZWQuanBnIiwic2xpZGVzaG93IjoiNmI5NzVjOCJ9\">\n\t\t\t\t\t<div class=\"e-gallery-image elementor-gallery-item__image\" data-thumbnail=\"https:\/\/www.icip.cat\/wp-content\/uploads\/2024\/08\/IMG_4689-1024x683.jpg\" data-width=\"640\" data-height=\"427\" aria-label=\"\" role=\"img\" ><\/div>\n\t\t\t\t\t\t\t\t\t\t\t<div class=\"elementor-gallery-item__overlay\"><\/div>\n\t\t\t\t\t\t\t\t\t\t\t\t\t\t<\/a>\n\t\t\t\t\t<\/div>\n\t\t\t\t\t<\/div>\n\t\t\t\t<\/div>\n\t\t\t\t<div class=\"elementor-element elementor-element-48cb4f7 elementor-widget-divider--view-line elementor-widget elementor-widget-divider\" data-id=\"48cb4f7\" data-element_type=\"widget\" data-widget_type=\"divider.default\">\n\t\t\t\t<div class=\"elementor-widget-container\">\n\t\t\t\t\t\t\t<div class=\"elementor-divider\">\n\t\t\t<span class=\"elementor-divider-separator\">\n\t\t\t\t\t\t<\/span>\n\t\t<\/div>\n\t\t\t\t\t\t<\/div>\n\t\t\t\t<\/div>\n\t\t\t\t<div class=\"elementor-element elementor-element-17a606d elementor-widget elementor-widget-heading\" data-id=\"17a606d\" data-element_type=\"widget\" data-widget_type=\"heading.default\">\n\t\t\t\t<div class=\"elementor-widget-container\">\n\t\t\t\t\t<h2 class=\"elementor-heading-title elementor-size-default\">Mujer. Vida. Libertad<\/h2>\t\t\t\t<\/div>\n\t\t\t\t<\/div>\n\t\t\t\t<div class=\"elementor-element elementor-element-d087e05 elementor-widget elementor-widget-text-editor\" data-id=\"d087e05\" data-element_type=\"widget\" data-widget_type=\"text-editor.default\">\n\t\t\t\t<div class=\"elementor-widget-container\">\n\t\t\t\t\t\t\t\t\t<p>El 3 de noviembre de 2022 el ICIP y el CIDOB organizaron una sesi\u00f3n de an\u00e1lisis con la participaci\u00f3n de la polit\u00f3loga iran\u00ed <strong>Anahita Nassir<\/strong> y el catedr\u00e1tico de Historia Contempor\u00e1nea de la UB <strong>Antoni Segura<\/strong> para analizar el contexto iran\u00ed, a ra\u00edz de las protestas masivas y la represi\u00f3n desatada por la muerte en custodia policial de la joven Mahsa Amini.<\/p>\t\t\t\t\t\t\t\t<\/div>\n\t\t\t\t<\/div>\n\t\t\t\t<div class=\"elementor-element elementor-element-5d7850b elementor-widget elementor-widget-image\" data-id=\"5d7850b\" data-element_type=\"widget\" data-widget_type=\"image.default\">\n\t\t\t\t<div class=\"elementor-widget-container\">\n\t\t\t\t\t\t\t\t\t\t\t\t\t\t\t<img fetchpriority=\"high\" decoding=\"async\" width=\"640\" height=\"416\" src=\"https:\/\/www.icip.cat\/wp-content\/uploads\/2024\/08\/IMG_5740-1024x665.jpg\" class=\"attachment-large size-large wp-image-48871\" alt=\"\" srcset=\"https:\/\/www.icip.cat\/wp-content\/uploads\/2024\/08\/IMG_5740-1024x665.jpg 1024w, https:\/\/www.icip.cat\/wp-content\/uploads\/2024\/08\/IMG_5740-300x195.jpg 300w, https:\/\/www.icip.cat\/wp-content\/uploads\/2024\/08\/IMG_5740-768x499.jpg 768w, https:\/\/www.icip.cat\/wp-content\/uploads\/2024\/08\/IMG_5740-1536x998.jpg 1536w, https:\/\/www.icip.cat\/wp-content\/uploads\/2024\/08\/IMG_5740-2048x1331.jpg 2048w\" sizes=\"(max-width: 640px) 100vw, 640px\" \/>\t\t\t\t\t\t\t\t\t\t\t\t\t\t\t<\/div>\n\t\t\t\t<\/div>\n\t\t\t\t<div class=\"elementor-element elementor-element-ed35c6e elementor-widget-divider--view-line elementor-widget elementor-widget-divider\" data-id=\"ed35c6e\" data-element_type=\"widget\" data-widget_type=\"divider.default\">\n\t\t\t\t<div class=\"elementor-widget-container\">\n\t\t\t\t\t\t\t<div class=\"elementor-divider\">\n\t\t\t<span class=\"elementor-divider-separator\">\n\t\t\t\t\t\t<\/span>\n\t\t<\/div>\n\t\t\t\t\t\t<\/div>\n\t\t\t\t<\/div>\n\t\t\t\t<div class=\"elementor-element elementor-element-ee9b627 elementor-widget elementor-widget-heading\" data-id=\"ee9b627\" data-element_type=\"widget\" data-widget_type=\"heading.default\">\n\t\t\t\t<div class=\"elementor-widget-container\">\n\t\t\t\t\t<h2 class=\"elementor-heading-title elementor-size-default\">Colombia. Feminismos, paz y seguridad: \u00bfuna agenda pendiente?<\/h2>\t\t\t\t<\/div>\n\t\t\t\t<\/div>\n\t\t\t\t<div class=\"elementor-element elementor-element-01e4922 elementor-widget elementor-widget-text-editor\" data-id=\"01e4922\" data-element_type=\"widget\" data-widget_type=\"text-editor.default\">\n\t\t\t\t<div class=\"elementor-widget-container\">\n\t\t\t\t\t\t\t\t\t<p>La Biblioteca del ICIP acogi\u00f3 el 31 de enero de 2021 una tertulia con <strong>Luz Piedad Caicedo<\/strong>, antrop\u00f3loga y subdirectora de la Corporaci\u00f3n Humanas Colombia, para debatir sobre c\u00f3mo se est\u00e1 implementando el enfoque feminista en los Acuerdos de Paz del Habana y c\u00f3mo se est\u00e1 desarrollando en Colombia la Resoluci\u00f3n 1325 de la ONU sobre Mujeres, Paz y Seguridad, de la que en 2020 se cumplen los 20 a\u00f1os de su aprobaci\u00f3n. El ICIP organiz\u00f3 la tertulia conjuntamente con la Taula Catalana por la Paz y los Derechos Humanos en Colombia, PBI Colombia y el nodo Catalu\u00f1a del proyecto de trabajo de la Comisi\u00f3n de la Verdad de Colombia en el exilio. El acto tambi\u00e9n cont\u00f3 con la colaboraci\u00f3n de la Ag\u00e8ncia Catalana de Cooperaci\u00f3 al Desenvolupament.<\/p>\t\t\t\t\t\t\t\t<\/div>\n\t\t\t\t<\/div>\n\t\t\t\t<div class=\"elementor-element elementor-element-e467428 elementor-widget elementor-widget-image\" data-id=\"e467428\" data-element_type=\"widget\" data-widget_type=\"image.default\">\n\t\t\t\t<div class=\"elementor-widget-container\">\n\t\t\t\t\t\t\t\t\t\t\t\t\t\t\t<img decoding=\"async\" width=\"640\" height=\"481\" src=\"https:\/\/www.icip.cat\/wp-content\/uploads\/2024\/08\/Imagen-1-1024x769.jpg\" class=\"attachment-large size-large wp-image-48874\" alt=\"\" srcset=\"https:\/\/www.icip.cat\/wp-content\/uploads\/2024\/08\/Imagen-1-1024x769.jpg 1024w, https:\/\/www.icip.cat\/wp-content\/uploads\/2024\/08\/Imagen-1-300x225.jpg 300w, https:\/\/www.icip.cat\/wp-content\/uploads\/2024\/08\/Imagen-1-768x577.jpg 768w, https:\/\/www.icip.cat\/wp-content\/uploads\/2024\/08\/Imagen-1-730x550.jpg 730w, https:\/\/www.icip.cat\/wp-content\/uploads\/2024\/08\/Imagen-1.jpg 1231w\" sizes=\"(max-width: 640px) 100vw, 640px\" \/>\t\t\t\t\t\t\t\t\t\t\t\t\t\t\t<\/div>\n\t\t\t\t<\/div>\n\t\t\t\t<div class=\"elementor-element elementor-element-b532b70 elementor-widget-divider--view-line elementor-widget elementor-widget-divider\" data-id=\"b532b70\" data-element_type=\"widget\" data-widget_type=\"divider.default\">\n\t\t\t\t<div class=\"elementor-widget-container\">\n\t\t\t\t\t\t\t<div class=\"elementor-divider\">\n\t\t\t<span class=\"elementor-divider-separator\">\n\t\t\t\t\t\t<\/span>\n\t\t<\/div>\n\t\t\t\t\t\t<\/div>\n\t\t\t\t<\/div>\n\t\t\t\t<div class=\"elementor-element elementor-element-701ca35 elementor-widget elementor-widget-heading\" data-id=\"701ca35\" data-element_type=\"widget\" data-widget_type=\"heading.default\">\n\t\t\t\t<div class=\"elementor-widget-container\">\n\t\t\t\t\t<h2 class=\"elementor-heading-title elementor-size-default\">Repensar la seguridad desde lo cotidiano<\/h2>\t\t\t\t<\/div>\n\t\t\t\t<\/div>\n\t\t\t\t<div class=\"elementor-element elementor-element-8c54537 elementor-widget elementor-widget-text-editor\" data-id=\"8c54537\" data-element_type=\"widget\" data-widget_type=\"text-editor.default\">\n\t\t\t\t<div class=\"elementor-widget-container\">\n\t\t\t\t\t\t\t\t\t<p>El 12 de marzo de 2020 el ICIP organiz\u00f3 una tertulia con<strong> Rosa Emilia Salamanca<\/strong>, de la organizaci\u00f3n Ciase en Colombia, y <strong>Nora Miralles<\/strong>, colaboradora del ICIP e investigadora del Centro Del\u00e0s de Estudios por la Paz y de el Observatorio de los Derechos Humanos y Empresas del Mediterr\u00e1neo. Las ponentes reflexionaron sobre qu\u00e9 alternativas existen en la visi\u00f3n estatal de la seguridad y qu\u00e9 propuestas hace el feminismo para contribuir a una nueva forma de hacer pol\u00edtica.<\/p>\t\t\t\t\t\t\t\t<\/div>\n\t\t\t\t<\/div>\n\t\t\t\t<div class=\"elementor-element elementor-element-242db2b elementor-widget elementor-widget-image\" data-id=\"242db2b\" data-element_type=\"widget\" data-widget_type=\"image.default\">\n\t\t\t\t<div class=\"elementor-widget-container\">\n\t\t\t\t\t\t\t\t\t\t\t\t\t\t\t<img decoding=\"async\" width=\"640\" height=\"481\" src=\"https:\/\/www.icip.cat\/wp-content\/uploads\/2024\/08\/Imagen-2-1024x769.jpg\" class=\"attachment-large size-large wp-image-48877\" alt=\"\" srcset=\"https:\/\/www.icip.cat\/wp-content\/uploads\/2024\/08\/Imagen-2-1024x769.jpg 1024w, https:\/\/www.icip.cat\/wp-content\/uploads\/2024\/08\/Imagen-2-300x225.jpg 300w, https:\/\/www.icip.cat\/wp-content\/uploads\/2024\/08\/Imagen-2-768x577.jpg 768w, https:\/\/www.icip.cat\/wp-content\/uploads\/2024\/08\/Imagen-2-730x550.jpg 730w, https:\/\/www.icip.cat\/wp-content\/uploads\/2024\/08\/Imagen-2.jpg 1231w\" sizes=\"(max-width: 640px) 100vw, 640px\" \/>\t\t\t\t\t\t\t\t\t\t\t\t\t\t\t<\/div>\n\t\t\t\t<\/div>\n\t\t\t\t\t<\/div>\n\t\t<\/div>\n\t\t\t\t\t<\/div>\n\t\t<\/section>\n\t\t\t\t<\/div>\n\t\t","protected":false},"excerpt":{"rendered":"<p>Actividades de peque\u00f1o formato A lo largo del a\u00f1o el ICIP organiza actividades de reflexi\u00f3n, presenciales y virtuales, como tertulias y sesiones de an\u00e1lisis, destinadas principalmente a un p\u00fablico especializado, que permiten profundizar en las tem\u00e1ticas planteadas. Paz, seguridad y feminismos: retos actuales En el marco de las jornadas anuales del Centro Del\u00e0s de Estudios [&hellip;]<\/p>\n","protected":false},"author":4,"featured_media":0,"parent":48894,"menu_order":0,"comment_status":"closed","ping_status":"closed","template":"","meta":{"_acf_changed":false,"footnotes":""},"class_list":["post-48897","page","type-page","status-publish","hentry"],"acf":[],"yoast_head":"<!-- This site is optimized with the Yoast SEO plugin v25.6 - https:\/\/yoast.com\/wordpress\/plugins\/seo\/ -->\n<title>Actividades de peque\u00f1o formato - Seguridad - ICIP<\/title>\n<meta name=\"robots\" content=\"index, follow, max-snippet:-1, max-image-preview:large, max-video-preview:-1\" \/>\n<link rel=\"canonical\" href=\"https:\/\/www.icip.cat\/es\/alternativas-de-seguridad\/actividades-de-pequeno-formato-seguridad\/\" \/>\n<meta property=\"og:locale\" content=\"es_ES\" \/>\n<meta property=\"og:type\" content=\"article\" \/>\n<meta property=\"og:title\" content=\"Actividades de peque\u00f1o formato - Seguridad - ICIP\" \/>\n<meta property=\"og:description\" content=\"Actividades de peque\u00f1o formato A lo largo del a\u00f1o el ICIP organiza actividades de reflexi\u00f3n, presenciales y virtuales, como tertulias y sesiones de an\u00e1lisis, destinadas principalmente a un p\u00fablico especializado, que permiten profundizar en las tem\u00e1ticas planteadas. Paz, seguridad y feminismos: retos actuales En el marco de las jornadas anuales del Centro Del\u00e0s de Estudios [&hellip;]\" \/>\n<meta property=\"og:url\" content=\"https:\/\/www.icip.cat\/es\/alternativas-de-seguridad\/actividades-de-pequeno-formato-seguridad\/\" \/>\n<meta property=\"og:site_name\" content=\"ICIP\" \/>\n<meta property=\"article:modified_time\" content=\"2024-08-07T07:41:45+00:00\" \/>\n<meta property=\"og:image\" content=\"https:\/\/www.icip.cat\/wp-content\/uploads\/2024\/08\/IMG_5740-1024x665.jpg\" \/>\n<meta name=\"twitter:card\" content=\"summary_large_image\" \/>\n<meta name=\"twitter:label1\" content=\"Tiempo de lectura\" \/>\n\t<meta name=\"twitter:data1\" content=\"3 minutos\" \/>\n<script type=\"application\/ld+json\" class=\"yoast-schema-graph\">{\"@context\":\"https:\/\/schema.org\",\"@graph\":[{\"@type\":\"WebPage\",\"@id\":\"https:\/\/www.icip.cat\/es\/alternativas-de-seguridad\/actividades-de-pequeno-formato-seguridad\/\",\"url\":\"https:\/\/www.icip.cat\/es\/alternativas-de-seguridad\/actividades-de-pequeno-formato-seguridad\/\",\"name\":\"Actividades de peque\u00f1o formato - Seguridad - ICIP\",\"isPartOf\":{\"@id\":\"https:\/\/www.icip.cat\/ca\/#website\"},\"primaryImageOfPage\":{\"@id\":\"https:\/\/www.icip.cat\/es\/alternativas-de-seguridad\/actividades-de-pequeno-formato-seguridad\/#primaryimage\"},\"image\":{\"@id\":\"https:\/\/www.icip.cat\/es\/alternativas-de-seguridad\/actividades-de-pequeno-formato-seguridad\/#primaryimage\"},\"thumbnailUrl\":\"https:\/\/www.icip.cat\/wp-content\/uploads\/2024\/08\/IMG_5740-1024x665.jpg\",\"datePublished\":\"2024-08-07T07:01:19+00:00\",\"dateModified\":\"2024-08-07T07:41:45+00:00\",\"breadcrumb\":{\"@id\":\"https:\/\/www.icip.cat\/es\/alternativas-de-seguridad\/actividades-de-pequeno-formato-seguridad\/#breadcrumb\"},\"inLanguage\":\"es\",\"potentialAction\":[{\"@type\":\"ReadAction\",\"target\":[\"https:\/\/www.icip.cat\/es\/alternativas-de-seguridad\/actividades-de-pequeno-formato-seguridad\/\"]}]},{\"@type\":\"ImageObject\",\"inLanguage\":\"es\",\"@id\":\"https:\/\/www.icip.cat\/es\/alternativas-de-seguridad\/actividades-de-pequeno-formato-seguridad\/#primaryimage\",\"url\":\"https:\/\/www.icip.cat\/wp-content\/uploads\/2024\/08\/IMG_5740-1024x665.jpg\",\"contentUrl\":\"https:\/\/www.icip.cat\/wp-content\/uploads\/2024\/08\/IMG_5740-1024x665.jpg\"},{\"@type\":\"BreadcrumbList\",\"@id\":\"https:\/\/www.icip.cat\/es\/alternativas-de-seguridad\/actividades-de-pequeno-formato-seguridad\/#breadcrumb\",\"itemListElement\":[{\"@type\":\"ListItem\",\"position\":1,\"name\":\"Alternativas de seguridad\",\"item\":\"https:\/\/www.icip.cat\/es\/alternativas-de-seguridad\/\"},{\"@type\":\"ListItem\",\"position\":2,\"name\":\"Actividades de peque\u00f1o formato &#8211; Seguridad\"}]},{\"@type\":\"WebSite\",\"@id\":\"https:\/\/www.icip.cat\/ca\/#website\",\"url\":\"https:\/\/www.icip.cat\/ca\/\",\"name\":\"ICIP\",\"description\":\"\",\"publisher\":{\"@id\":\"https:\/\/www.icip.cat\/ca\/#organization\"},\"potentialAction\":[{\"@type\":\"SearchAction\",\"target\":{\"@type\":\"EntryPoint\",\"urlTemplate\":\"https:\/\/www.icip.cat\/ca\/?s={search_term_string}\"},\"query-input\":{\"@type\":\"PropertyValueSpecification\",\"valueRequired\":true,\"valueName\":\"search_term_string\"}}],\"inLanguage\":\"es\"},{\"@type\":\"Organization\",\"@id\":\"https:\/\/www.icip.cat\/ca\/#organization\",\"name\":\"ICIP\",\"url\":\"https:\/\/www.icip.cat\/ca\/\",\"logo\":{\"@type\":\"ImageObject\",\"inLanguage\":\"es\",\"@id\":\"https:\/\/www.icip.cat\/ca\/#\/schema\/logo\/image\/\",\"url\":\"https:\/\/www.icip.cat\/wp-content\/uploads\/2021\/02\/logo-2.png\",\"contentUrl\":\"https:\/\/www.icip.cat\/wp-content\/uploads\/2021\/02\/logo-2.png\",\"width\":562,\"height\":391,\"caption\":\"ICIP\"},\"image\":{\"@id\":\"https:\/\/www.icip.cat\/ca\/#\/schema\/logo\/image\/\"}}]}<\/script>\n<!-- \/ Yoast SEO plugin. -->","yoast_head_json":{"title":"Actividades de peque\u00f1o formato - Seguridad - ICIP","robots":{"index":"index","follow":"follow","max-snippet":"max-snippet:-1","max-image-preview":"max-image-preview:large","max-video-preview":"max-video-preview:-1"},"canonical":"https:\/\/www.icip.cat\/es\/alternativas-de-seguridad\/actividades-de-pequeno-formato-seguridad\/","og_locale":"es_ES","og_type":"article","og_title":"Actividades de peque\u00f1o formato - Seguridad - ICIP","og_description":"Actividades de peque\u00f1o formato A lo largo del a\u00f1o el ICIP organiza actividades de reflexi\u00f3n, presenciales y virtuales, como tertulias y sesiones de an\u00e1lisis, destinadas principalmente a un p\u00fablico especializado, que permiten profundizar en las tem\u00e1ticas planteadas. Paz, seguridad y feminismos: retos actuales En el marco de las jornadas anuales del Centro Del\u00e0s de Estudios [&hellip;]","og_url":"https:\/\/www.icip.cat\/es\/alternativas-de-seguridad\/actividades-de-pequeno-formato-seguridad\/","og_site_name":"ICIP","article_modified_time":"2024-08-07T07:41:45+00:00","og_image":[{"url":"https:\/\/www.icip.cat\/wp-content\/uploads\/2024\/08\/IMG_5740-1024x665.jpg","type":"","width":"","height":""}],"twitter_card":"summary_large_image","twitter_misc":{"Tiempo de lectura":"3 minutos"},"schema":{"@context":"https:\/\/schema.org","@graph":[{"@type":"WebPage","@id":"https:\/\/www.icip.cat\/es\/alternativas-de-seguridad\/actividades-de-pequeno-formato-seguridad\/","url":"https:\/\/www.icip.cat\/es\/alternativas-de-seguridad\/actividades-de-pequeno-formato-seguridad\/","name":"Actividades de peque\u00f1o formato - Seguridad - ICIP","isPartOf":{"@id":"https:\/\/www.icip.cat\/ca\/#website"},"primaryImageOfPage":{"@id":"https:\/\/www.icip.cat\/es\/alternativas-de-seguridad\/actividades-de-pequeno-formato-seguridad\/#primaryimage"},"image":{"@id":"https:\/\/www.icip.cat\/es\/alternativas-de-seguridad\/actividades-de-pequeno-formato-seguridad\/#primaryimage"},"thumbnailUrl":"https:\/\/www.icip.cat\/wp-content\/uploads\/2024\/08\/IMG_5740-1024x665.jpg","datePublished":"2024-08-07T07:01:19+00:00","dateModified":"2024-08-07T07:41:45+00:00","breadcrumb":{"@id":"https:\/\/www.icip.cat\/es\/alternativas-de-seguridad\/actividades-de-pequeno-formato-seguridad\/#breadcrumb"},"inLanguage":"es","potentialAction":[{"@type":"ReadAction","target":["https:\/\/www.icip.cat\/es\/alternativas-de-seguridad\/actividades-de-pequeno-formato-seguridad\/"]}]},{"@type":"ImageObject","inLanguage":"es","@id":"https:\/\/www.icip.cat\/es\/alternativas-de-seguridad\/actividades-de-pequeno-formato-seguridad\/#primaryimage","url":"https:\/\/www.icip.cat\/wp-content\/uploads\/2024\/08\/IMG_5740-1024x665.jpg","contentUrl":"https:\/\/www.icip.cat\/wp-content\/uploads\/2024\/08\/IMG_5740-1024x665.jpg"},{"@type":"BreadcrumbList","@id":"https:\/\/www.icip.cat\/es\/alternativas-de-seguridad\/actividades-de-pequeno-formato-seguridad\/#breadcrumb","itemListElement":[{"@type":"ListItem","position":1,"name":"Alternativas de seguridad","item":"https:\/\/www.icip.cat\/es\/alternativas-de-seguridad\/"},{"@type":"ListItem","position":2,"name":"Actividades de peque\u00f1o formato &#8211; Seguridad"}]},{"@type":"WebSite","@id":"https:\/\/www.icip.cat\/ca\/#website","url":"https:\/\/www.icip.cat\/ca\/","name":"ICIP","description":"","publisher":{"@id":"https:\/\/www.icip.cat\/ca\/#organization"},"potentialAction":[{"@type":"SearchAction","target":{"@type":"EntryPoint","urlTemplate":"https:\/\/www.icip.cat\/ca\/?s={search_term_string}"},"query-input":{"@type":"PropertyValueSpecification","valueRequired":true,"valueName":"search_term_string"}}],"inLanguage":"es"},{"@type":"Organization","@id":"https:\/\/www.icip.cat\/ca\/#organization","name":"ICIP","url":"https:\/\/www.icip.cat\/ca\/","logo":{"@type":"ImageObject","inLanguage":"es","@id":"https:\/\/www.icip.cat\/ca\/#\/schema\/logo\/image\/","url":"https:\/\/www.icip.cat\/wp-content\/uploads\/2021\/02\/logo-2.png","contentUrl":"https:\/\/www.icip.cat\/wp-content\/uploads\/2021\/02\/logo-2.png","width":562,"height":391,"caption":"ICIP"},"image":{"@id":"https:\/\/www.icip.cat\/ca\/#\/schema\/logo\/image\/"}}]}},"_links":{"self":[{"href":"https:\/\/www.icip.cat\/es\/wp-json\/wp\/v2\/pages\/48897","targetHints":{"allow":["GET"]}}],"collection":[{"href":"https:\/\/www.icip.cat\/es\/wp-json\/wp\/v2\/pages"}],"about":[{"href":"https:\/\/www.icip.cat\/es\/wp-json\/wp\/v2\/types\/page"}],"author":[{"embeddable":true,"href":"https:\/\/www.icip.cat\/es\/wp-json\/wp\/v2\/users\/4"}],"replies":[{"embeddable":true,"href":"https:\/\/www.icip.cat\/es\/wp-json\/wp\/v2\/comments?post=48897"}],"version-history":[{"count":7,"href":"https:\/\/www.icip.cat\/es\/wp-json\/wp\/v2\/pages\/48897\/revisions"}],"predecessor-version":[{"id":48960,"href":"https:\/\/www.icip.cat\/es\/wp-json\/wp\/v2\/pages\/48897\/revisions\/48960"}],"up":[{"embeddable":true,"href":"https:\/\/www.icip.cat\/es\/wp-json\/wp\/v2\/pages\/48894"}],"wp:attachment":[{"href":"https:\/\/www.icip.cat\/es\/wp-json\/wp\/v2\/media?parent=48897"}],"curies":[{"name":"wp","href":"https:\/\/api.w.org\/{rel}","templated":true}]}}