{"id":51362,"date":"2025-01-24T10:52:05","date_gmt":"2025-01-24T10:52:05","guid":{"rendered":"https:\/\/www.icip.cat\/?page_id=51362"},"modified":"2025-04-07T13:32:25","modified_gmt":"2025-04-07T13:32:25","slug":"memoria-convivencia-y-reconciliacion","status":"publish","type":"page","link":"https:\/\/www.icip.cat\/es\/memoria-convivencia-y-reconciliacion\/","title":{"rendered":"Memoria, convivencia y reconciliaci\u00f3n"},"content":{"rendered":"\t\t<div data-elementor-type=\"wp-page\" data-elementor-id=\"51362\" class=\"elementor elementor-51362 elementor-2968\" data-elementor-post-type=\"page\">\n\t\t\t\t\t\t<section class=\"elementor-section elementor-top-section elementor-element elementor-element-25ba191 elementor-section-boxed elementor-section-height-default elementor-section-height-default\" data-id=\"25ba191\" data-element_type=\"section\" data-settings=\"{&quot;background_background&quot;:&quot;classic&quot;}\">\n\t\t\t\t\t\t\t<div class=\"elementor-background-overlay\"><\/div>\n\t\t\t\t\t\t\t<div class=\"elementor-container elementor-column-gap-default\">\n\t\t\t\t\t<div class=\"elementor-column elementor-col-100 elementor-top-column elementor-element elementor-element-901b61e\" data-id=\"901b61e\" data-element_type=\"column\">\n\t\t\t<div class=\"elementor-widget-wrap elementor-element-populated\">\n\t\t\t\t\t\t<div class=\"elementor-element elementor-element-491945f elementor-widget elementor-widget-heading\" data-id=\"491945f\" data-element_type=\"widget\" data-widget_type=\"heading.default\">\n\t\t\t\t<div class=\"elementor-widget-container\">\n\t\t\t\t\t<h1 class=\"elementor-heading-title elementor-size-xl\">Memoria, convivencia y reconciliaci\u00f3n<\/h1>\t\t\t\t<\/div>\n\t\t\t\t<\/div>\n\t\t\t\t\t<\/div>\n\t\t<\/div>\n\t\t\t\t\t<\/div>\n\t\t<\/section>\n\t\t\t\t<section class=\"elementor-section elementor-top-section elementor-element elementor-element-c1a5f1c elementor-section-boxed elementor-section-height-default elementor-section-height-default\" data-id=\"c1a5f1c\" data-element_type=\"section\">\n\t\t\t\t\t\t<div class=\"elementor-container elementor-column-gap-default\">\n\t\t\t\t\t<div class=\"elementor-column elementor-col-100 elementor-top-column elementor-element elementor-element-4468c02\" data-id=\"4468c02\" data-element_type=\"column\">\n\t\t\t<div class=\"elementor-widget-wrap elementor-element-populated\">\n\t\t\t\t\t\t<div class=\"elementor-element elementor-element-3b0a67f elementor-widget elementor-widget-text-editor\" data-id=\"3b0a67f\" data-element_type=\"widget\" data-widget_type=\"text-editor.default\">\n\t\t\t\t<div class=\"elementor-widget-container\">\n\t\t\t\t\t\t\t\t\t<p>Las guerras y las dictaduras generan profundos impactos sociales, pol\u00edticos y psicol\u00f3gicos en las sociedades y en las personas que han vivido experiencias traum\u00e1ticas. Estos efectos no desaparecen autom\u00e1ticamente con la firma de acuerdos de paz o la celebraci\u00f3n de elecciones democr\u00e1ticas. Es imprescindible promover procesos que permitan <b>reconstruir el tejido social<\/b> y <b>fomentar la reconciliaci\u00f3n<\/b> tanto en las instituciones como en la propia sociedad. La recuperaci\u00f3n pasa tambi\u00e9n por abordar la memoria de los hechos traum\u00e1ticos de manera colectiva, creando espacios para la sanaci\u00f3n psicosocial y estableciendo las bases necesarias para romper con los ciclos de violencia.<\/p><p>En esta l\u00ednea, el ICIP se compromete a dar visibilidad y apoyo a las iniciativas de la sociedad civil en contextos de transici\u00f3n pol\u00edtica. Fomentamos el <b>intercambio de experiencias innovadoras<\/b> que promuevan la convivencia, a menudo a trav\u00e9s de expresiones art\u00edsticas y creativas. Asimismo, destacamos el papel clave que desempe\u00f1an <b>las di\u00e1sporas en los procesos de paz y memoria<\/b>, con especial \u00e9nfasis en las contribuciones de las mujeres y las v\u00edctimas.<\/p>\t\t\t\t\t\t\t\t<\/div>\n\t\t\t\t<\/div>\n\t\t\t\t\t<\/div>\n\t\t<\/div>\n\t\t\t\t\t<\/div>\n\t\t<\/section>\n\t\t\t\t<section class=\"elementor-section elementor-top-section elementor-element elementor-element-2f59af0 elementor-section-boxed elementor-section-height-default elementor-section-height-default\" data-id=\"2f59af0\" data-element_type=\"section\">\n\t\t\t\t\t\t<div class=\"elementor-container elementor-column-gap-default\">\n\t\t\t\t\t<div class=\"elementor-column elementor-col-100 elementor-top-column elementor-element elementor-element-96c7cf4\" data-id=\"96c7cf4\" data-element_type=\"column\">\n\t\t\t<div class=\"elementor-widget-wrap elementor-element-populated\">\n\t\t\t\t\t\t<section class=\"elementor-section elementor-inner-section elementor-element elementor-element-67d76bf elementor-section-full_width elementor-section-height-min-height elementor-section-height-default\" data-id=\"67d76bf\" data-element_type=\"section\">\n\t\t\t\t\t\t<div class=\"elementor-container elementor-column-gap-narrow\">\n\t\t\t\t\t<div class=\"elementor-column elementor-col-33 elementor-inner-column elementor-element elementor-element-957ab1f\" data-id=\"957ab1f\" data-element_type=\"column\" data-settings=\"{&quot;background_background&quot;:&quot;slideshow&quot;,&quot;background_slideshow_gallery&quot;:[],&quot;background_slideshow_loop&quot;:&quot;yes&quot;,&quot;background_slideshow_slide_duration&quot;:5000,&quot;background_slideshow_slide_transition&quot;:&quot;fade&quot;,&quot;background_slideshow_transition_duration&quot;:500}\">\n\t\t\t<div class=\"elementor-widget-wrap elementor-element-populated\">\n\t\t\t\t\t\t<div class=\"elementor-element elementor-element-df9f6e5 elementor-widget elementor-widget-image\" data-id=\"df9f6e5\" data-element_type=\"widget\" data-widget_type=\"image.default\">\n\t\t\t\t<div class=\"elementor-widget-container\">\n\t\t\t\t\t\t\t\t\t\t\t\t\t\t\t\t<a href=\"https:\/\/www.icip.cat\/es\/memoria-convivencia-y-reconciliacion\/trabajo-con-diasporas\">\n\t\t\t\t\t\t\t<img fetchpriority=\"high\" decoding=\"async\" width=\"640\" height=\"480\" src=\"https:\/\/www.icip.cat\/wp-content\/uploads\/2025\/01\/Flickr-William-Hamon-Paris-Protest-2-1024x768.jpg\" class=\"attachment-large size-large wp-image-51374\" alt=\"\" srcset=\"https:\/\/www.icip.cat\/wp-content\/uploads\/2025\/01\/Flickr-William-Hamon-Paris-Protest-2-1024x768.jpg 1024w, https:\/\/www.icip.cat\/wp-content\/uploads\/2025\/01\/Flickr-William-Hamon-Paris-Protest-2-300x225.jpg 300w, https:\/\/www.icip.cat\/wp-content\/uploads\/2025\/01\/Flickr-William-Hamon-Paris-Protest-2-768x576.jpg 768w, https:\/\/www.icip.cat\/wp-content\/uploads\/2025\/01\/Flickr-William-Hamon-Paris-Protest-2.jpg 1440w\" sizes=\"(max-width: 640px) 100vw, 640px\" \/>\t\t\t\t\t\t\t\t<\/a>\n\t\t\t\t\t\t\t\t\t\t\t\t\t\t\t<\/div>\n\t\t\t\t<\/div>\n\t\t\t\t<div class=\"elementor-element elementor-element-428a961 elementor-absolute elementor-widget elementor-widget-heading\" data-id=\"428a961\" data-element_type=\"widget\" data-settings=\"{&quot;_position&quot;:&quot;absolute&quot;}\" data-widget_type=\"heading.default\">\n\t\t\t\t<div class=\"elementor-widget-container\">\n\t\t\t\t\t<h2 class=\"elementor-heading-title elementor-size-default\"><a href=\"https:\/\/www.icip.cat\/es\/memoria-convivencia-y-reconciliacion\/trabajo-con-diasporas\">Di\u00e1sporas constructoras de paz<\/a><\/h2>\t\t\t\t<\/div>\n\t\t\t\t<\/div>\n\t\t\t\t\t<\/div>\n\t\t<\/div>\n\t\t\t\t<div class=\"elementor-column elementor-col-33 elementor-inner-column elementor-element elementor-element-66bff1f\" data-id=\"66bff1f\" data-element_type=\"column\" data-settings=\"{&quot;background_background&quot;:&quot;slideshow&quot;,&quot;background_slideshow_gallery&quot;:[],&quot;background_slideshow_loop&quot;:&quot;yes&quot;,&quot;background_slideshow_slide_duration&quot;:5000,&quot;background_slideshow_slide_transition&quot;:&quot;fade&quot;,&quot;background_slideshow_transition_duration&quot;:500}\">\n\t\t\t<div class=\"elementor-widget-wrap elementor-element-populated\">\n\t\t\t\t\t\t<div class=\"elementor-element elementor-element-daeb369 elementor-widget elementor-widget-image\" data-id=\"daeb369\" data-element_type=\"widget\" data-widget_type=\"image.default\">\n\t\t\t\t<div class=\"elementor-widget-container\">\n\t\t\t\t\t\t\t\t\t\t\t\t\t\t\t\t<a href=\"https:\/\/www.icip.cat\/es\/memoria-convivencia-y-reconciliacion\/construccion-de-paz-en-colombia\">\n\t\t\t\t\t\t\t<img decoding=\"async\" width=\"500\" height=\"340\" src=\"https:\/\/www.icip.cat\/wp-content\/uploads\/2020\/11\/colombia.jpg\" class=\"attachment-large size-large wp-image-884\" alt=\"\" srcset=\"https:\/\/www.icip.cat\/wp-content\/uploads\/2020\/11\/colombia.jpg 500w, https:\/\/www.icip.cat\/wp-content\/uploads\/2020\/11\/colombia-300x204.jpg 300w\" sizes=\"(max-width: 500px) 100vw, 500px\" \/>\t\t\t\t\t\t\t\t<\/a>\n\t\t\t\t\t\t\t\t\t\t\t\t\t\t\t<\/div>\n\t\t\t\t<\/div>\n\t\t\t\t<div class=\"elementor-element elementor-element-d756860 elementor-absolute elementor-widget elementor-widget-heading\" data-id=\"d756860\" data-element_type=\"widget\" data-settings=\"{&quot;_position&quot;:&quot;absolute&quot;}\" data-widget_type=\"heading.default\">\n\t\t\t\t<div class=\"elementor-widget-container\">\n\t\t\t\t\t<h2 class=\"elementor-heading-title elementor-size-default\"><a href=\"https:\/\/www.icip.cat\/es\/memoria-convivencia-y-reconciliacion\/construccion-de-paz-en-colombia\/\">Construcci\u00f3n de paz en Colombia<\/a><\/h2>\t\t\t\t<\/div>\n\t\t\t\t<\/div>\n\t\t\t\t\t<\/div>\n\t\t<\/div>\n\t\t\t\t<div class=\"elementor-column elementor-col-33 elementor-inner-column elementor-element elementor-element-4758264\" data-id=\"4758264\" data-element_type=\"column\" data-settings=\"{&quot;background_background&quot;:&quot;slideshow&quot;,&quot;background_slideshow_gallery&quot;:[],&quot;background_slideshow_loop&quot;:&quot;yes&quot;,&quot;background_slideshow_slide_duration&quot;:5000,&quot;background_slideshow_slide_transition&quot;:&quot;fade&quot;,&quot;background_slideshow_transition_duration&quot;:500}\">\n\t\t\t<div class=\"elementor-widget-wrap elementor-element-populated\">\n\t\t\t\t\t\t<div class=\"elementor-element elementor-element-b4f0d92 elementor-widget elementor-widget-image\" data-id=\"b4f0d92\" data-element_type=\"widget\" data-widget_type=\"image.default\">\n\t\t\t\t<div class=\"elementor-widget-container\">\n\t\t\t\t\t\t\t\t\t\t\t\t\t\t\t\t<a href=\"https:\/\/www.icip.cat\/es\/memoria-convivencia-y-reconciliacion\/experiencias-de-reconciliacion\">\n\t\t\t\t\t\t\t<img decoding=\"async\" width=\"640\" height=\"427\" src=\"https:\/\/www.icip.cat\/wp-content\/uploads\/2025\/01\/pexels-photo-3228726-1-1024x683.jpeg\" class=\"attachment-large size-large wp-image-51371\" alt=\"\" srcset=\"https:\/\/www.icip.cat\/wp-content\/uploads\/2025\/01\/pexels-photo-3228726-1-1024x683.jpeg 1024w, https:\/\/www.icip.cat\/wp-content\/uploads\/2025\/01\/pexels-photo-3228726-1-300x200.jpeg 300w, https:\/\/www.icip.cat\/wp-content\/uploads\/2025\/01\/pexels-photo-3228726-1-768x512.jpeg 768w, https:\/\/www.icip.cat\/wp-content\/uploads\/2025\/01\/pexels-photo-3228726-1-1536x1024.jpeg 1536w, https:\/\/www.icip.cat\/wp-content\/uploads\/2025\/01\/pexels-photo-3228726-1-2048x1365.jpeg 2048w\" sizes=\"(max-width: 640px) 100vw, 640px\" \/>\t\t\t\t\t\t\t\t<\/a>\n\t\t\t\t\t\t\t\t\t\t\t\t\t\t\t<\/div>\n\t\t\t\t<\/div>\n\t\t\t\t<div class=\"elementor-element elementor-element-ab21a26 elementor-absolute elementor-widget elementor-widget-heading\" data-id=\"ab21a26\" data-element_type=\"widget\" data-settings=\"{&quot;_position&quot;:&quot;absolute&quot;}\" data-widget_type=\"heading.default\">\n\t\t\t\t<div class=\"elementor-widget-container\">\n\t\t\t\t\t<h2 class=\"elementor-heading-title elementor-size-default\"><a href=\"https:\/\/www.icip.cat\/es\/memoria-convivencia-y-reconciliacion\/experiencias-de-reconciliacion\/\">Experiencias de reconciliaci\u00f3n<\/a><\/h2>\t\t\t\t<\/div>\n\t\t\t\t<\/div>\n\t\t\t\t\t<\/div>\n\t\t<\/div>\n\t\t\t\t\t<\/div>\n\t\t<\/section>\n\t\t\t\t\t<\/div>\n\t\t<\/div>\n\t\t\t\t\t<\/div>\n\t\t<\/section>\n\t\t\t\t<\/div>\n\t\t","protected":false},"excerpt":{"rendered":"<p>Memoria, convivencia y reconciliaci\u00f3n Las guerras y las dictaduras generan profundos impactos sociales, pol\u00edticos y psicol\u00f3gicos en las sociedades y en las personas que han vivido experiencias traum\u00e1ticas. Estos efectos no desaparecen autom\u00e1ticamente con la firma de acuerdos de paz o la celebraci\u00f3n de elecciones democr\u00e1ticas. Es imprescindible promover procesos que permitan reconstruir el tejido [&hellip;]<\/p>\n","protected":false},"author":4,"featured_media":0,"parent":0,"menu_order":0,"comment_status":"closed","ping_status":"closed","template":"","meta":{"_acf_changed":false,"footnotes":""},"class_list":["post-51362","page","type-page","status-publish","hentry"],"acf":[],"yoast_head":"<!-- This site is optimized with the Yoast SEO plugin v25.6 - https:\/\/yoast.com\/wordpress\/plugins\/seo\/ -->\n<title>Memoria, convivencia y reconciliaci\u00f3n - ICIP<\/title>\n<meta name=\"robots\" content=\"index, follow, max-snippet:-1, max-image-preview:large, max-video-preview:-1\" \/>\n<link rel=\"canonical\" href=\"https:\/\/www.icip.cat\/es\/memoria-convivencia-y-reconciliacion\/\" \/>\n<meta property=\"og:locale\" content=\"es_ES\" \/>\n<meta property=\"og:type\" content=\"article\" \/>\n<meta property=\"og:title\" content=\"Memoria, convivencia y reconciliaci\u00f3n - ICIP\" \/>\n<meta property=\"og:description\" content=\"Memoria, convivencia y reconciliaci\u00f3n Las guerras y las dictaduras generan profundos impactos sociales, pol\u00edticos y psicol\u00f3gicos en las sociedades y en las personas que han vivido experiencias traum\u00e1ticas. Estos efectos no desaparecen autom\u00e1ticamente con la firma de acuerdos de paz o la celebraci\u00f3n de elecciones democr\u00e1ticas. Es imprescindible promover procesos que permitan reconstruir el tejido [&hellip;]\" \/>\n<meta property=\"og:url\" content=\"https:\/\/www.icip.cat\/es\/memoria-convivencia-y-reconciliacion\/\" \/>\n<meta property=\"og:site_name\" content=\"ICIP\" \/>\n<meta property=\"article:modified_time\" content=\"2025-04-07T13:32:25+00:00\" \/>\n<meta property=\"og:image\" content=\"https:\/\/www.icip.cat\/wp-content\/uploads\/2025\/01\/Flickr-William-Hamon-Paris-Protest-2-1024x768.jpg\" \/>\n<meta name=\"twitter:card\" content=\"summary_large_image\" \/>\n<meta name=\"twitter:label1\" content=\"Tiempo de lectura\" \/>\n\t<meta name=\"twitter:data1\" content=\"2 minutos\" \/>\n<script type=\"application\/ld+json\" class=\"yoast-schema-graph\">{\"@context\":\"https:\/\/schema.org\",\"@graph\":[{\"@type\":\"WebPage\",\"@id\":\"https:\/\/www.icip.cat\/es\/memoria-convivencia-y-reconciliacion\/\",\"url\":\"https:\/\/www.icip.cat\/es\/memoria-convivencia-y-reconciliacion\/\",\"name\":\"Memoria, convivencia y reconciliaci\u00f3n - ICIP\",\"isPartOf\":{\"@id\":\"https:\/\/www.icip.cat\/ca\/#website\"},\"primaryImageOfPage\":{\"@id\":\"https:\/\/www.icip.cat\/es\/memoria-convivencia-y-reconciliacion\/#primaryimage\"},\"image\":{\"@id\":\"https:\/\/www.icip.cat\/es\/memoria-convivencia-y-reconciliacion\/#primaryimage\"},\"thumbnailUrl\":\"https:\/\/www.icip.cat\/wp-content\/uploads\/2025\/01\/Flickr-William-Hamon-Paris-Protest-2-1024x768.jpg\",\"datePublished\":\"2025-01-24T10:52:05+00:00\",\"dateModified\":\"2025-04-07T13:32:25+00:00\",\"inLanguage\":\"es\",\"potentialAction\":[{\"@type\":\"ReadAction\",\"target\":[\"https:\/\/www.icip.cat\/es\/memoria-convivencia-y-reconciliacion\/\"]}]},{\"@type\":\"ImageObject\",\"inLanguage\":\"es\",\"@id\":\"https:\/\/www.icip.cat\/es\/memoria-convivencia-y-reconciliacion\/#primaryimage\",\"url\":\"https:\/\/www.icip.cat\/wp-content\/uploads\/2025\/01\/Flickr-William-Hamon-Paris-Protest-2-1024x768.jpg\",\"contentUrl\":\"https:\/\/www.icip.cat\/wp-content\/uploads\/2025\/01\/Flickr-William-Hamon-Paris-Protest-2-1024x768.jpg\"},{\"@type\":\"WebSite\",\"@id\":\"https:\/\/www.icip.cat\/ca\/#website\",\"url\":\"https:\/\/www.icip.cat\/ca\/\",\"name\":\"ICIP\",\"description\":\"\",\"publisher\":{\"@id\":\"https:\/\/www.icip.cat\/ca\/#organization\"},\"potentialAction\":[{\"@type\":\"SearchAction\",\"target\":{\"@type\":\"EntryPoint\",\"urlTemplate\":\"https:\/\/www.icip.cat\/ca\/?s={search_term_string}\"},\"query-input\":{\"@type\":\"PropertyValueSpecification\",\"valueRequired\":true,\"valueName\":\"search_term_string\"}}],\"inLanguage\":\"es\"},{\"@type\":\"Organization\",\"@id\":\"https:\/\/www.icip.cat\/ca\/#organization\",\"name\":\"ICIP\",\"url\":\"https:\/\/www.icip.cat\/ca\/\",\"logo\":{\"@type\":\"ImageObject\",\"inLanguage\":\"es\",\"@id\":\"https:\/\/www.icip.cat\/ca\/#\/schema\/logo\/image\/\",\"url\":\"https:\/\/www.icip.cat\/wp-content\/uploads\/2021\/02\/logo-2.png\",\"contentUrl\":\"https:\/\/www.icip.cat\/wp-content\/uploads\/2021\/02\/logo-2.png\",\"width\":562,\"height\":391,\"caption\":\"ICIP\"},\"image\":{\"@id\":\"https:\/\/www.icip.cat\/ca\/#\/schema\/logo\/image\/\"}}]}<\/script>\n<!-- \/ Yoast SEO plugin. -->","yoast_head_json":{"title":"Memoria, convivencia y reconciliaci\u00f3n - ICIP","robots":{"index":"index","follow":"follow","max-snippet":"max-snippet:-1","max-image-preview":"max-image-preview:large","max-video-preview":"max-video-preview:-1"},"canonical":"https:\/\/www.icip.cat\/es\/memoria-convivencia-y-reconciliacion\/","og_locale":"es_ES","og_type":"article","og_title":"Memoria, convivencia y reconciliaci\u00f3n - ICIP","og_description":"Memoria, convivencia y reconciliaci\u00f3n Las guerras y las dictaduras generan profundos impactos sociales, pol\u00edticos y psicol\u00f3gicos en las sociedades y en las personas que han vivido experiencias traum\u00e1ticas. Estos efectos no desaparecen autom\u00e1ticamente con la firma de acuerdos de paz o la celebraci\u00f3n de elecciones democr\u00e1ticas. Es imprescindible promover procesos que permitan reconstruir el tejido [&hellip;]","og_url":"https:\/\/www.icip.cat\/es\/memoria-convivencia-y-reconciliacion\/","og_site_name":"ICIP","article_modified_time":"2025-04-07T13:32:25+00:00","og_image":[{"url":"https:\/\/www.icip.cat\/wp-content\/uploads\/2025\/01\/Flickr-William-Hamon-Paris-Protest-2-1024x768.jpg","type":"","width":"","height":""}],"twitter_card":"summary_large_image","twitter_misc":{"Tiempo de lectura":"2 minutos"},"schema":{"@context":"https:\/\/schema.org","@graph":[{"@type":"WebPage","@id":"https:\/\/www.icip.cat\/es\/memoria-convivencia-y-reconciliacion\/","url":"https:\/\/www.icip.cat\/es\/memoria-convivencia-y-reconciliacion\/","name":"Memoria, convivencia y reconciliaci\u00f3n - ICIP","isPartOf":{"@id":"https:\/\/www.icip.cat\/ca\/#website"},"primaryImageOfPage":{"@id":"https:\/\/www.icip.cat\/es\/memoria-convivencia-y-reconciliacion\/#primaryimage"},"image":{"@id":"https:\/\/www.icip.cat\/es\/memoria-convivencia-y-reconciliacion\/#primaryimage"},"thumbnailUrl":"https:\/\/www.icip.cat\/wp-content\/uploads\/2025\/01\/Flickr-William-Hamon-Paris-Protest-2-1024x768.jpg","datePublished":"2025-01-24T10:52:05+00:00","dateModified":"2025-04-07T13:32:25+00:00","inLanguage":"es","potentialAction":[{"@type":"ReadAction","target":["https:\/\/www.icip.cat\/es\/memoria-convivencia-y-reconciliacion\/"]}]},{"@type":"ImageObject","inLanguage":"es","@id":"https:\/\/www.icip.cat\/es\/memoria-convivencia-y-reconciliacion\/#primaryimage","url":"https:\/\/www.icip.cat\/wp-content\/uploads\/2025\/01\/Flickr-William-Hamon-Paris-Protest-2-1024x768.jpg","contentUrl":"https:\/\/www.icip.cat\/wp-content\/uploads\/2025\/01\/Flickr-William-Hamon-Paris-Protest-2-1024x768.jpg"},{"@type":"WebSite","@id":"https:\/\/www.icip.cat\/ca\/#website","url":"https:\/\/www.icip.cat\/ca\/","name":"ICIP","description":"","publisher":{"@id":"https:\/\/www.icip.cat\/ca\/#organization"},"potentialAction":[{"@type":"SearchAction","target":{"@type":"EntryPoint","urlTemplate":"https:\/\/www.icip.cat\/ca\/?s={search_term_string}"},"query-input":{"@type":"PropertyValueSpecification","valueRequired":true,"valueName":"search_term_string"}}],"inLanguage":"es"},{"@type":"Organization","@id":"https:\/\/www.icip.cat\/ca\/#organization","name":"ICIP","url":"https:\/\/www.icip.cat\/ca\/","logo":{"@type":"ImageObject","inLanguage":"es","@id":"https:\/\/www.icip.cat\/ca\/#\/schema\/logo\/image\/","url":"https:\/\/www.icip.cat\/wp-content\/uploads\/2021\/02\/logo-2.png","contentUrl":"https:\/\/www.icip.cat\/wp-content\/uploads\/2021\/02\/logo-2.png","width":562,"height":391,"caption":"ICIP"},"image":{"@id":"https:\/\/www.icip.cat\/ca\/#\/schema\/logo\/image\/"}}]}},"_links":{"self":[{"href":"https:\/\/www.icip.cat\/es\/wp-json\/wp\/v2\/pages\/51362","targetHints":{"allow":["GET"]}}],"collection":[{"href":"https:\/\/www.icip.cat\/es\/wp-json\/wp\/v2\/pages"}],"about":[{"href":"https:\/\/www.icip.cat\/es\/wp-json\/wp\/v2\/types\/page"}],"author":[{"embeddable":true,"href":"https:\/\/www.icip.cat\/es\/wp-json\/wp\/v2\/users\/4"}],"replies":[{"embeddable":true,"href":"https:\/\/www.icip.cat\/es\/wp-json\/wp\/v2\/comments?post=51362"}],"version-history":[{"count":35,"href":"https:\/\/www.icip.cat\/es\/wp-json\/wp\/v2\/pages\/51362\/revisions"}],"predecessor-version":[{"id":53533,"href":"https:\/\/www.icip.cat\/es\/wp-json\/wp\/v2\/pages\/51362\/revisions\/53533"}],"wp:attachment":[{"href":"https:\/\/www.icip.cat\/es\/wp-json\/wp\/v2\/media?parent=51362"}],"curies":[{"name":"wp","href":"https:\/\/api.w.org\/{rel}","templated":true}]}}