{"id":56149,"date":"2025-08-05T13:35:42","date_gmt":"2025-08-05T13:35:42","guid":{"rendered":"https:\/\/www.icip.cat\/el-nostre-enfocament\/"},"modified":"2025-08-18T09:50:06","modified_gmt":"2025-08-18T09:50:06","slug":"nuestro-enfoque","status":"publish","type":"page","link":"https:\/\/www.icip.cat\/es\/nuestro-enfoque\/","title":{"rendered":"Nuestro enfoque"},"content":{"rendered":"\t\t<div data-elementor-type=\"wp-page\" data-elementor-id=\"56149\" class=\"elementor elementor-56149 elementor-56110\" data-elementor-post-type=\"page\">\n\t\t\t\t\t\t<section class=\"elementor-section elementor-top-section elementor-element elementor-element-f7451e9 elementor-section-boxed elementor-section-height-default elementor-section-height-default\" data-id=\"f7451e9\" data-element_type=\"section\" data-settings=\"{&quot;background_background&quot;:&quot;classic&quot;}\">\n\t\t\t\t\t\t\t<div class=\"elementor-background-overlay\"><\/div>\n\t\t\t\t\t\t\t<div class=\"elementor-container elementor-column-gap-default\">\n\t\t\t\t\t<div class=\"elementor-column elementor-col-100 elementor-top-column elementor-element elementor-element-92953eb\" data-id=\"92953eb\" data-element_type=\"column\">\n\t\t\t<div class=\"elementor-widget-wrap elementor-element-populated\">\n\t\t\t\t\t\t<div class=\"elementor-element elementor-element-35056e7 elementor-widget elementor-widget-heading\" data-id=\"35056e7\" data-element_type=\"widget\" data-widget_type=\"heading.default\">\n\t\t\t\t<div class=\"elementor-widget-container\">\n\t\t\t\t\t<h1 class=\"elementor-heading-title elementor-size-default\">Nuestro enfoque<\/h1>\t\t\t\t<\/div>\n\t\t\t\t<\/div>\n\t\t\t\t\t<\/div>\n\t\t<\/div>\n\t\t\t\t\t<\/div>\n\t\t<\/section>\n\t\t\t\t<section class=\"elementor-section elementor-top-section elementor-element elementor-element-4577faa elementor-section-boxed elementor-section-height-default elementor-section-height-default\" data-id=\"4577faa\" data-element_type=\"section\">\n\t\t\t\t\t\t<div class=\"elementor-container elementor-column-gap-default\">\n\t\t\t\t\t<div class=\"elementor-column elementor-col-100 elementor-top-column elementor-element elementor-element-708e829\" data-id=\"708e829\" data-element_type=\"column\">\n\t\t\t<div class=\"elementor-widget-wrap elementor-element-populated\">\n\t\t\t\t\t\t<section class=\"elementor-section elementor-inner-section elementor-element elementor-element-13c0764 elementor-section-boxed elementor-section-height-default elementor-section-height-default\" data-id=\"13c0764\" data-element_type=\"section\">\n\t\t\t\t\t\t<div class=\"elementor-container elementor-column-gap-default\">\n\t\t\t\t\t<div class=\"elementor-column elementor-col-100 elementor-inner-column elementor-element elementor-element-94ce3be\" data-id=\"94ce3be\" data-element_type=\"column\">\n\t\t\t<div class=\"elementor-widget-wrap elementor-element-populated\">\n\t\t\t\t\t\t<div class=\"elementor-element elementor-element-1164a32 elementor-widget elementor-widget-text-editor\" data-id=\"1164a32\" data-element_type=\"widget\" data-widget_type=\"text-editor.default\">\n\t\t\t\t<div class=\"elementor-widget-container\">\n\t\t\t\t\t\t\t\t\t<p data-start=\"44\" data-end=\"296\">En el ICIP entendemos la construcci\u00f3n de paz como una tarea colectiva que requiere coherencia, compromiso y una mirada cr\u00edtica. Por eso, nuestra forma de trabajar se basa en unos principios claros que orientan tanto lo que hacemos como c\u00f3mo lo hacemos.<\/p><p data-start=\"298\" data-end=\"625\">Ponemos en el centro a las personas y colectivos que m\u00e1s sufren las injusticias, promovemos el di\u00e1logo y las alianzas entre actores diversos, y actuamos con vocaci\u00f3n transformadora, desde el cuidado y la responsabilidad p\u00fablica. Este enfoque es el hilo conductor de todas nuestras acciones, en Catalu\u00f1a y a nivel internacional.<\/p><p data-start=\"203\" data-end=\"762\">\u00a0<\/p>\t\t\t\t\t\t\t\t<\/div>\n\t\t\t\t<\/div>\n\t\t\t\t<div class=\"elementor-element elementor-element-50b8f4d elementor-widget elementor-widget-text-editor\" data-id=\"50b8f4d\" data-element_type=\"widget\" data-widget_type=\"text-editor.default\">\n\t\t\t\t<div class=\"elementor-widget-container\">\n\t\t\t\t\t\t\t\t\t<h1>Principios de la instituci\u00f3n<\/h1>\t\t\t\t\t\t\t\t<\/div>\n\t\t\t\t<\/div>\n\t\t\t\t<div class=\"elementor-element elementor-element-c7956e0 elementor-widget-divider--view-line elementor-widget elementor-widget-divider\" data-id=\"c7956e0\" data-element_type=\"widget\" data-widget_type=\"divider.default\">\n\t\t\t\t<div class=\"elementor-widget-container\">\n\t\t\t\t\t\t\t<div class=\"elementor-divider\">\n\t\t\t<span class=\"elementor-divider-separator\">\n\t\t\t\t\t\t<\/span>\n\t\t<\/div>\n\t\t\t\t\t\t<\/div>\n\t\t\t\t<\/div>\n\t\t\t\t<div class=\"elementor-element elementor-element-aca6de8 elementor-widget elementor-widget-text-editor\" data-id=\"aca6de8\" data-element_type=\"widget\" data-widget_type=\"text-editor.default\">\n\t\t\t\t<div class=\"elementor-widget-container\">\n\t\t\t\t\t\t\t\t\t<h3>1 &#8211; Ponemos a las v\u00edctimas y los colectivos minorizados en el centro<\/h3><article>Quien m\u00e1s sufre las injusticias debe poder tener protagonismo para evitar nuevas injusticias, en un marco de respeto de los derechos humanos.<\/article><article><h3>2 &#8211; Actuamos desde el cuidado en nuestras relaciones<\/h3><p>Debe haber coherencia entre los objetivos y los m\u00e9todos de trabajo. Una de las dimensiones de esta coherencia es poner en el centro el cuidado, en nuestras relaciones tanto internas como externas con los agentes con los que trabajamos.<\/p><\/article><article><h3>3 &#8211; Promovemos el di\u00e1logo entre personas y organizaciones con perspectivas diversas<\/h3><p>Apostar por el di\u00e1logo requiere lo que denominamos \u00abactitudes de CUIDADO social\u00bb: curiosidad para entender las razones de quien piensa de forma diferente; respeto por todas las personas, independientemente de sus posiciones; autocr\u00edtica, porque nadie tiene la verdad absoluta.<\/p><\/article><article><h3>4 &#8211; Actuamos por el cambio a nivel local y global<\/h3><p>Los retos de construcci\u00f3n de paz son globales, con expresiones singulares en cada contexto. Hay que ser justas y solidarias en el \u00e1mbito global, y tambi\u00e9n coherentes para transformar la propia sociedad.<\/p><\/article><article><h3>5 &#8211; Fomentamos el pensamiento cr\u00edtico, la innovaci\u00f3n y la tensi\u00f3n creativa<\/h3><p>Debemos salir de nuestro espacio de confort, plantear preguntas y establecer relaciones que pueden ser inc\u00f3modas, para encontrar nuevas perspectivas y respuestas.<\/p><\/article><article><h3>6 &#8211; Nos inspiramos en las perspectivas del feminismo, el ecologismo, el descolonialismo y la defensa de los derechos humanos<\/h3><p>Compartimos la necesidad de transformar las relaciones de poder injustas.\u00a0<\/p><\/article><article><h3>7 &#8211; Tejemos alianzas y promovemos la participaci\u00f3n con y entre actores sociales, institucionales, acad\u00e9micos y culturales<\/h3><p>La transformaci\u00f3n que queremos es inclusiva, plural y radical. Por ello, cuanto m\u00e1s amplias y diversas sean las colaboraciones, mayor poder transformador podr\u00e1n tener.<\/p><\/article><article><h3>8 &#8211; Somos un servicio p\u00fablico<\/h3><p>Tenemos un compromiso con el conjunto de la sociedad, con plena independencia de actuaci\u00f3n, y con el servicio colectivo y comunitario.\u00a0<\/p><\/article>\t\t\t\t\t\t\t\t<\/div>\n\t\t\t\t<\/div>\n\t\t\t\t<div class=\"elementor-element elementor-element-ba261f7 elementor-widget elementor-widget-spacer\" data-id=\"ba261f7\" data-element_type=\"widget\" data-widget_type=\"spacer.default\">\n\t\t\t\t<div class=\"elementor-widget-container\">\n\t\t\t\t\t\t\t<div class=\"elementor-spacer\">\n\t\t\t<div class=\"elementor-spacer-inner\"><\/div>\n\t\t<\/div>\n\t\t\t\t\t\t<\/div>\n\t\t\t\t<\/div>\n\t\t\t\t\t<\/div>\n\t\t<\/div>\n\t\t\t\t\t<\/div>\n\t\t<\/section>\n\t\t\t\t\t<\/div>\n\t\t<\/div>\n\t\t\t\t\t<\/div>\n\t\t<\/section>\n\t\t\t\t<\/div>\n\t\t","protected":false},"excerpt":{"rendered":"<p>Nuestro enfoque En el ICIP entendemos la construcci\u00f3n de paz como una tarea colectiva que requiere coherencia, compromiso y una mirada cr\u00edtica. Por eso, nuestra forma de trabajar se basa en unos principios claros que orientan tanto lo que hacemos como c\u00f3mo lo hacemos. Ponemos en el centro a las personas y colectivos que m\u00e1s [&hellip;]<\/p>\n","protected":false},"author":4,"featured_media":0,"parent":0,"menu_order":0,"comment_status":"closed","ping_status":"closed","template":"","meta":{"_acf_changed":false,"footnotes":""},"class_list":["post-56149","page","type-page","status-publish","hentry"],"acf":[],"yoast_head":"<!-- This site is optimized with the Yoast SEO plugin v25.6 - https:\/\/yoast.com\/wordpress\/plugins\/seo\/ -->\n<title>Nuestro enfoque - ICIP<\/title>\n<meta name=\"description\" content=\"Conoce el enfoque del ICIP en la construcci\u00f3n de paz: principios, compromiso y acci\u00f3n transformadora en Catalu\u00f1a y a nivel internacional.\" \/>\n<meta name=\"robots\" content=\"index, follow, max-snippet:-1, max-image-preview:large, max-video-preview:-1\" \/>\n<link rel=\"canonical\" href=\"https:\/\/www.icip.cat\/es\/nuestro-enfoque\/\" \/>\n<meta property=\"og:locale\" content=\"es_ES\" \/>\n<meta property=\"og:type\" content=\"article\" \/>\n<meta property=\"og:title\" content=\"Nuestro enfoque - ICIP\" \/>\n<meta property=\"og:description\" content=\"Conoce el enfoque del ICIP en la construcci\u00f3n de paz: principios, compromiso y acci\u00f3n transformadora en Catalu\u00f1a y a nivel internacional.\" \/>\n<meta property=\"og:url\" content=\"https:\/\/www.icip.cat\/es\/nuestro-enfoque\/\" \/>\n<meta property=\"og:site_name\" content=\"ICIP\" \/>\n<meta property=\"article:modified_time\" content=\"2025-08-18T09:50:06+00:00\" \/>\n<meta name=\"twitter:card\" content=\"summary_large_image\" \/>\n<meta name=\"twitter:label1\" content=\"Tiempo de lectura\" \/>\n\t<meta name=\"twitter:data1\" content=\"3 minutos\" \/>\n<script type=\"application\/ld+json\" class=\"yoast-schema-graph\">{\"@context\":\"https:\/\/schema.org\",\"@graph\":[{\"@type\":\"WebPage\",\"@id\":\"https:\/\/www.icip.cat\/es\/nuestro-enfoque\/\",\"url\":\"https:\/\/www.icip.cat\/es\/nuestro-enfoque\/\",\"name\":\"Nuestro enfoque - ICIP\",\"isPartOf\":{\"@id\":\"https:\/\/www.icip.cat\/ca\/#website\"},\"datePublished\":\"2025-08-05T13:35:42+00:00\",\"dateModified\":\"2025-08-18T09:50:06+00:00\",\"description\":\"Conoce el enfoque del ICIP en la construcci\u00f3n de paz: principios, compromiso y acci\u00f3n transformadora en Catalu\u00f1a y a nivel internacional.\",\"inLanguage\":\"es\",\"potentialAction\":[{\"@type\":\"ReadAction\",\"target\":[\"https:\/\/www.icip.cat\/es\/nuestro-enfoque\/\"]}]},{\"@type\":\"WebSite\",\"@id\":\"https:\/\/www.icip.cat\/ca\/#website\",\"url\":\"https:\/\/www.icip.cat\/ca\/\",\"name\":\"ICIP\",\"description\":\"\",\"publisher\":{\"@id\":\"https:\/\/www.icip.cat\/ca\/#organization\"},\"potentialAction\":[{\"@type\":\"SearchAction\",\"target\":{\"@type\":\"EntryPoint\",\"urlTemplate\":\"https:\/\/www.icip.cat\/ca\/?s={search_term_string}\"},\"query-input\":{\"@type\":\"PropertyValueSpecification\",\"valueRequired\":true,\"valueName\":\"search_term_string\"}}],\"inLanguage\":\"es\"},{\"@type\":\"Organization\",\"@id\":\"https:\/\/www.icip.cat\/ca\/#organization\",\"name\":\"ICIP\",\"url\":\"https:\/\/www.icip.cat\/ca\/\",\"logo\":{\"@type\":\"ImageObject\",\"inLanguage\":\"es\",\"@id\":\"https:\/\/www.icip.cat\/ca\/#\/schema\/logo\/image\/\",\"url\":\"https:\/\/www.icip.cat\/wp-content\/uploads\/2021\/02\/logo-2.png\",\"contentUrl\":\"https:\/\/www.icip.cat\/wp-content\/uploads\/2021\/02\/logo-2.png\",\"width\":562,\"height\":391,\"caption\":\"ICIP\"},\"image\":{\"@id\":\"https:\/\/www.icip.cat\/ca\/#\/schema\/logo\/image\/\"}}]}<\/script>\n<!-- \/ Yoast SEO plugin. -->","yoast_head_json":{"title":"Nuestro enfoque - ICIP","description":"Conoce el enfoque del ICIP en la construcci\u00f3n de paz: principios, compromiso y acci\u00f3n transformadora en Catalu\u00f1a y a nivel internacional.","robots":{"index":"index","follow":"follow","max-snippet":"max-snippet:-1","max-image-preview":"max-image-preview:large","max-video-preview":"max-video-preview:-1"},"canonical":"https:\/\/www.icip.cat\/es\/nuestro-enfoque\/","og_locale":"es_ES","og_type":"article","og_title":"Nuestro enfoque - ICIP","og_description":"Conoce el enfoque del ICIP en la construcci\u00f3n de paz: principios, compromiso y acci\u00f3n transformadora en Catalu\u00f1a y a nivel internacional.","og_url":"https:\/\/www.icip.cat\/es\/nuestro-enfoque\/","og_site_name":"ICIP","article_modified_time":"2025-08-18T09:50:06+00:00","twitter_card":"summary_large_image","twitter_misc":{"Tiempo de lectura":"3 minutos"},"schema":{"@context":"https:\/\/schema.org","@graph":[{"@type":"WebPage","@id":"https:\/\/www.icip.cat\/es\/nuestro-enfoque\/","url":"https:\/\/www.icip.cat\/es\/nuestro-enfoque\/","name":"Nuestro enfoque - ICIP","isPartOf":{"@id":"https:\/\/www.icip.cat\/ca\/#website"},"datePublished":"2025-08-05T13:35:42+00:00","dateModified":"2025-08-18T09:50:06+00:00","description":"Conoce el enfoque del ICIP en la construcci\u00f3n de paz: principios, compromiso y acci\u00f3n transformadora en Catalu\u00f1a y a nivel internacional.","inLanguage":"es","potentialAction":[{"@type":"ReadAction","target":["https:\/\/www.icip.cat\/es\/nuestro-enfoque\/"]}]},{"@type":"WebSite","@id":"https:\/\/www.icip.cat\/ca\/#website","url":"https:\/\/www.icip.cat\/ca\/","name":"ICIP","description":"","publisher":{"@id":"https:\/\/www.icip.cat\/ca\/#organization"},"potentialAction":[{"@type":"SearchAction","target":{"@type":"EntryPoint","urlTemplate":"https:\/\/www.icip.cat\/ca\/?s={search_term_string}"},"query-input":{"@type":"PropertyValueSpecification","valueRequired":true,"valueName":"search_term_string"}}],"inLanguage":"es"},{"@type":"Organization","@id":"https:\/\/www.icip.cat\/ca\/#organization","name":"ICIP","url":"https:\/\/www.icip.cat\/ca\/","logo":{"@type":"ImageObject","inLanguage":"es","@id":"https:\/\/www.icip.cat\/ca\/#\/schema\/logo\/image\/","url":"https:\/\/www.icip.cat\/wp-content\/uploads\/2021\/02\/logo-2.png","contentUrl":"https:\/\/www.icip.cat\/wp-content\/uploads\/2021\/02\/logo-2.png","width":562,"height":391,"caption":"ICIP"},"image":{"@id":"https:\/\/www.icip.cat\/ca\/#\/schema\/logo\/image\/"}}]}},"_links":{"self":[{"href":"https:\/\/www.icip.cat\/es\/wp-json\/wp\/v2\/pages\/56149","targetHints":{"allow":["GET"]}}],"collection":[{"href":"https:\/\/www.icip.cat\/es\/wp-json\/wp\/v2\/pages"}],"about":[{"href":"https:\/\/www.icip.cat\/es\/wp-json\/wp\/v2\/types\/page"}],"author":[{"embeddable":true,"href":"https:\/\/www.icip.cat\/es\/wp-json\/wp\/v2\/users\/4"}],"replies":[{"embeddable":true,"href":"https:\/\/www.icip.cat\/es\/wp-json\/wp\/v2\/comments?post=56149"}],"version-history":[{"count":7,"href":"https:\/\/www.icip.cat\/es\/wp-json\/wp\/v2\/pages\/56149\/revisions"}],"predecessor-version":[{"id":56330,"href":"https:\/\/www.icip.cat\/es\/wp-json\/wp\/v2\/pages\/56149\/revisions\/56330"}],"wp:attachment":[{"href":"https:\/\/www.icip.cat\/es\/wp-json\/wp\/v2\/media?parent=56149"}],"curies":[{"name":"wp","href":"https:\/\/api.w.org\/{rel}","templated":true}]}}