{"id":56255,"date":"2025-08-05T07:25:46","date_gmt":"2025-08-05T07:25:46","guid":{"rendered":"https:\/\/www.icip.cat\/art-cultura-i-pau\/"},"modified":"2026-02-24T08:48:12","modified_gmt":"2026-02-24T08:48:12","slug":"arte-cultura-y-paz","status":"publish","type":"page","link":"https:\/\/www.icip.cat\/es\/arte-cultura-y-paz\/","title":{"rendered":"Arte, cultura y paz"},"content":{"rendered":"\t\t<div data-elementor-type=\"wp-page\" data-elementor-id=\"56255\" class=\"elementor elementor-56255 elementor-55889\" data-elementor-post-type=\"page\">\n\t\t\t\t\t\t<section class=\"elementor-section elementor-top-section elementor-element elementor-element-098a35f elementor-section-boxed elementor-section-height-default elementor-section-height-default\" data-id=\"098a35f\" data-element_type=\"section\" data-settings=\"{&quot;background_background&quot;:&quot;classic&quot;}\">\n\t\t\t\t\t\t\t<div class=\"elementor-background-overlay\"><\/div>\n\t\t\t\t\t\t\t<div class=\"elementor-container elementor-column-gap-default\">\n\t\t\t\t\t<div class=\"elementor-column elementor-col-100 elementor-top-column elementor-element elementor-element-d4566a4\" data-id=\"d4566a4\" data-element_type=\"column\">\n\t\t\t<div class=\"elementor-widget-wrap elementor-element-populated\">\n\t\t\t\t\t\t<div class=\"elementor-element elementor-element-ea96a86 elementor-widget elementor-widget-heading\" data-id=\"ea96a86\" data-element_type=\"widget\" data-widget_type=\"heading.default\">\n\t\t\t\t<div class=\"elementor-widget-container\">\n\t\t\t\t\t<h1 class=\"elementor-heading-title elementor-size-xl\">Arte, cultura y paz<\/h1>\t\t\t\t<\/div>\n\t\t\t\t<\/div>\n\t\t\t\t\t<\/div>\n\t\t<\/div>\n\t\t\t\t\t<\/div>\n\t\t<\/section>\n\t\t\t\t<section class=\"elementor-section elementor-top-section elementor-element elementor-element-56adc83 elementor-section-boxed elementor-section-height-default elementor-section-height-default\" data-id=\"56adc83\" data-element_type=\"section\">\n\t\t\t\t\t\t<div class=\"elementor-container elementor-column-gap-default\">\n\t\t\t\t\t<div class=\"elementor-column elementor-col-100 elementor-top-column elementor-element elementor-element-98f50b6\" data-id=\"98f50b6\" data-element_type=\"column\">\n\t\t\t<div class=\"elementor-widget-wrap elementor-element-populated\">\n\t\t\t\t\t\t<div class=\"elementor-element elementor-element-d0cdc5a elementor-widget elementor-widget-spacer\" data-id=\"d0cdc5a\" data-element_type=\"widget\" data-widget_type=\"spacer.default\">\n\t\t\t\t<div class=\"elementor-widget-container\">\n\t\t\t\t\t\t\t<div class=\"elementor-spacer\">\n\t\t\t<div class=\"elementor-spacer-inner\"><\/div>\n\t\t<\/div>\n\t\t\t\t\t\t<\/div>\n\t\t\t\t<\/div>\n\t\t\t\t<section class=\"elementor-section elementor-inner-section elementor-element elementor-element-8c402a6 elementor-section-boxed elementor-section-height-default elementor-section-height-default\" data-id=\"8c402a6\" data-element_type=\"section\">\n\t\t\t\t\t\t<div class=\"elementor-container elementor-column-gap-default\">\n\t\t\t\t\t<div class=\"elementor-column elementor-col-100 elementor-inner-column elementor-element elementor-element-e778450\" data-id=\"e778450\" data-element_type=\"column\">\n\t\t\t<div class=\"elementor-widget-wrap elementor-element-populated\">\n\t\t\t\t\t\t<div class=\"elementor-element elementor-element-15b0fb5 elementor-widget elementor-widget-text-editor\" data-id=\"15b0fb5\" data-element_type=\"widget\" data-widget_type=\"text-editor.default\">\n\t\t\t\t<div class=\"elementor-widget-container\">\n\t\t\t\t\t\t\t\t\t<p data-start=\"58\" data-end=\"587\">El arte, la m\u00fasica y la cultura en general tienen un gran potencial transformador y sanador: las expresiones art\u00edsticas permiten crear espacios seguros para el di\u00e1logo y la escucha, para la gesti\u00f3n de las emociones y los traumas, y son una herramienta para mantener viva la memoria y las experiencias del pasado. A trav\u00e9s de los m\u00faltiples lenguajes del arte, de forma creativa e innovadora, podemos transformar los conflictos y construir paz. La cultura del hip-hop, como movimiento transformador, es un buen ejemplo de ello.<\/p><p data-start=\"589\" data-end=\"864\">Conscientes de este potencial, desde el ICIP colaboramos con diversos actores culturales comprometidos con la promoci\u00f3n de la paz. La alianza con teatros, museos, festivales y centros de pensamiento nos permite difundir la cultura de paz desde nuevas miradas y lenguajes.<\/p><p data-start=\"866\" data-end=\"1033\">Fruto de este compromiso, destacan las colaboraciones con el TNC, la Fundaci\u00f3n Pau Casals, el CCCB, el Festival IMPACTE!, Ruido Photo o el PEN Catal\u00e0, entre otros.<\/p>\t\t\t\t\t\t\t\t<\/div>\n\t\t\t\t<\/div>\n\t\t\t\t\t<\/div>\n\t\t<\/div>\n\t\t\t\t\t<\/div>\n\t\t<\/section>\n\t\t\t\t<section class=\"elementor-section elementor-inner-section elementor-element elementor-element-eac987b elementor-section-full_width elementor-section-height-min-height elementor-section-height-default\" data-id=\"eac987b\" data-element_type=\"section\">\n\t\t\t\t\t\t<div class=\"elementor-container elementor-column-gap-narrow\">\n\t\t\t\t\t<div class=\"elementor-column elementor-col-33 elementor-inner-column elementor-element elementor-element-a37fe47\" data-id=\"a37fe47\" data-element_type=\"column\" data-settings=\"{&quot;background_background&quot;:&quot;slideshow&quot;,&quot;background_slideshow_gallery&quot;:[],&quot;background_slideshow_loop&quot;:&quot;yes&quot;,&quot;background_slideshow_slide_duration&quot;:5000,&quot;background_slideshow_slide_transition&quot;:&quot;fade&quot;,&quot;background_slideshow_transition_duration&quot;:500}\">\n\t\t\t<div class=\"elementor-widget-wrap elementor-element-populated\">\n\t\t\t\t\t\t<div class=\"elementor-element elementor-element-d3eaed3 elementor-widget elementor-widget-image\" data-id=\"d3eaed3\" data-element_type=\"widget\" data-widget_type=\"image.default\">\n\t\t\t\t<div class=\"elementor-widget-container\">\n\t\t\t\t\t\t\t\t\t\t\t\t\t\t\t\t<a href=\"https:\/\/www.icip.cat\/es\/arte-cultura-y-paz\/jornadas-y-actividades\/\">\n\t\t\t\t\t\t\t<img fetchpriority=\"high\" decoding=\"async\" width=\"640\" height=\"807\" src=\"https:\/\/www.icip.cat\/wp-content\/uploads\/2025\/08\/7F2A5937-812x1024.jpg\" class=\"attachment-large size-large wp-image-55893\" alt=\"\" srcset=\"https:\/\/www.icip.cat\/wp-content\/uploads\/2025\/08\/7F2A5937-812x1024.jpg 812w, https:\/\/www.icip.cat\/wp-content\/uploads\/2025\/08\/7F2A5937-238x300.jpg 238w, https:\/\/www.icip.cat\/wp-content\/uploads\/2025\/08\/7F2A5937-768x969.jpg 768w, https:\/\/www.icip.cat\/wp-content\/uploads\/2025\/08\/7F2A5937-1218x1536.jpg 1218w, https:\/\/www.icip.cat\/wp-content\/uploads\/2025\/08\/7F2A5937-1624x2048.jpg 1624w, https:\/\/www.icip.cat\/wp-content\/uploads\/2025\/08\/7F2A5937-scaled.jpg 2030w\" sizes=\"(max-width: 640px) 100vw, 640px\" \/>\t\t\t\t\t\t\t\t<\/a>\n\t\t\t\t\t\t\t\t\t\t\t\t\t\t\t<\/div>\n\t\t\t\t<\/div>\n\t\t\t\t<div class=\"elementor-element elementor-element-244baaa elementor-absolute elementor-widget elementor-widget-heading\" data-id=\"244baaa\" data-element_type=\"widget\" data-settings=\"{&quot;_position&quot;:&quot;absolute&quot;}\" data-widget_type=\"heading.default\">\n\t\t\t\t<div class=\"elementor-widget-container\">\n\t\t\t\t\t<h2 class=\"elementor-heading-title elementor-size-default\"><a href=\"https:\/\/www.icip.cat\/es\/arte-cultura-y-paz\/jornadas-y-actividades\/\">Jornadas y actividades<\/a><\/h2>\t\t\t\t<\/div>\n\t\t\t\t<\/div>\n\t\t\t\t\t<\/div>\n\t\t<\/div>\n\t\t\t\t<div class=\"elementor-column elementor-col-33 elementor-inner-column elementor-element elementor-element-258429a\" data-id=\"258429a\" data-element_type=\"column\" data-settings=\"{&quot;background_background&quot;:&quot;slideshow&quot;,&quot;background_slideshow_gallery&quot;:[],&quot;background_slideshow_loop&quot;:&quot;yes&quot;,&quot;background_slideshow_slide_duration&quot;:5000,&quot;background_slideshow_slide_transition&quot;:&quot;fade&quot;,&quot;background_slideshow_transition_duration&quot;:500}\">\n\t\t\t<div class=\"elementor-widget-wrap elementor-element-populated\">\n\t\t\t\t\t\t<div class=\"elementor-element elementor-element-39a3707 elementor-widget elementor-widget-image\" data-id=\"39a3707\" data-element_type=\"widget\" data-widget_type=\"image.default\">\n\t\t\t\t<div class=\"elementor-widget-container\">\n\t\t\t\t\t\t\t\t\t\t\t\t\t\t\t\t<a href=\"https:\/\/www.icip.cat\/es\/arte-cultura-y-paz\/hip-hop-por-la-paz\/\">\n\t\t\t\t\t\t\t<img decoding=\"async\" width=\"640\" height=\"427\" src=\"https:\/\/www.icip.cat\/wp-content\/uploads\/2025\/08\/IMG_7335-1024x683.jpg\" class=\"attachment-large size-large wp-image-55899\" alt=\"\" srcset=\"https:\/\/www.icip.cat\/wp-content\/uploads\/2025\/08\/IMG_7335-1024x683.jpg 1024w, https:\/\/www.icip.cat\/wp-content\/uploads\/2025\/08\/IMG_7335-300x200.jpg 300w, https:\/\/www.icip.cat\/wp-content\/uploads\/2025\/08\/IMG_7335-768x512.jpg 768w, https:\/\/www.icip.cat\/wp-content\/uploads\/2025\/08\/IMG_7335-1536x1024.jpg 1536w, https:\/\/www.icip.cat\/wp-content\/uploads\/2025\/08\/IMG_7335-2048x1365.jpg 2048w\" sizes=\"(max-width: 640px) 100vw, 640px\" \/>\t\t\t\t\t\t\t\t<\/a>\n\t\t\t\t\t\t\t\t\t\t\t\t\t\t\t<\/div>\n\t\t\t\t<\/div>\n\t\t\t\t<div class=\"elementor-element elementor-element-5833986 elementor-absolute elementor-widget elementor-widget-heading\" data-id=\"5833986\" data-element_type=\"widget\" data-settings=\"{&quot;_position&quot;:&quot;absolute&quot;}\" data-widget_type=\"heading.default\">\n\t\t\t\t<div class=\"elementor-widget-container\">\n\t\t\t\t\t<h2 class=\"elementor-heading-title elementor-size-default\"><a href=\"https:\/\/www.icip.cat\/es\/arte-cultura-y-paz\/hip-hop-por-la-paz\/\">#HipHopPau<\/a><\/h2>\t\t\t\t<\/div>\n\t\t\t\t<\/div>\n\t\t\t\t\t<\/div>\n\t\t<\/div>\n\t\t\t\t<div class=\"elementor-column elementor-col-33 elementor-inner-column elementor-element elementor-element-8f94aab\" data-id=\"8f94aab\" data-element_type=\"column\" data-settings=\"{&quot;background_background&quot;:&quot;slideshow&quot;,&quot;background_slideshow_gallery&quot;:[],&quot;background_slideshow_loop&quot;:&quot;yes&quot;,&quot;background_slideshow_slide_duration&quot;:5000,&quot;background_slideshow_slide_transition&quot;:&quot;fade&quot;,&quot;background_slideshow_transition_duration&quot;:500}\">\n\t\t\t<div class=\"elementor-widget-wrap elementor-element-populated\">\n\t\t\t\t\t\t<div class=\"elementor-element elementor-element-7255ec2 elementor-widget elementor-widget-image\" data-id=\"7255ec2\" data-element_type=\"widget\" data-widget_type=\"image.default\">\n\t\t\t\t<div class=\"elementor-widget-container\">\n\t\t\t\t\t\t\t\t\t\t\t\t\t\t\t\t<a href=\"https:\/\/www.icip.cat\/es\/arte-cultura-y-paz\/exposiciones\/\">\n\t\t\t\t\t\t\t<img decoding=\"async\" width=\"640\" height=\"233\" src=\"https:\/\/www.icip.cat\/wp-content\/uploads\/2026\/02\/POLSXTREMS_BannerICIP_1920x700-1024x373.jpg\" class=\"attachment-large size-large wp-image-61323\" alt=\"\" srcset=\"https:\/\/www.icip.cat\/wp-content\/uploads\/2026\/02\/POLSXTREMS_BannerICIP_1920x700-1024x373.jpg 1024w, https:\/\/www.icip.cat\/wp-content\/uploads\/2026\/02\/POLSXTREMS_BannerICIP_1920x700-300x109.jpg 300w, https:\/\/www.icip.cat\/wp-content\/uploads\/2026\/02\/POLSXTREMS_BannerICIP_1920x700-768x280.jpg 768w, https:\/\/www.icip.cat\/wp-content\/uploads\/2026\/02\/POLSXTREMS_BannerICIP_1920x700-1536x560.jpg 1536w, https:\/\/www.icip.cat\/wp-content\/uploads\/2026\/02\/POLSXTREMS_BannerICIP_1920x700.jpg 1920w\" sizes=\"(max-width: 640px) 100vw, 640px\" \/>\t\t\t\t\t\t\t\t<\/a>\n\t\t\t\t\t\t\t\t\t\t\t\t\t\t\t<\/div>\n\t\t\t\t<\/div>\n\t\t\t\t<div class=\"elementor-element elementor-element-de96584 elementor-absolute elementor-widget elementor-widget-heading\" data-id=\"de96584\" data-element_type=\"widget\" data-settings=\"{&quot;_position&quot;:&quot;absolute&quot;}\" data-widget_type=\"heading.default\">\n\t\t\t\t<div class=\"elementor-widget-container\">\n\t\t\t\t\t<h2 class=\"elementor-heading-title elementor-size-default\"><a href=\"https:\/\/www.icip.cat\/es\/arte-cultura-y-paz\/exposiciones\/\">Exposiciones<\/a><\/h2>\t\t\t\t<\/div>\n\t\t\t\t<\/div>\n\t\t\t\t\t<\/div>\n\t\t<\/div>\n\t\t\t\t\t<\/div>\n\t\t<\/section>\n\t\t\t\t\t<\/div>\n\t\t<\/div>\n\t\t\t\t\t<\/div>\n\t\t<\/section>\n\t\t\t\t<section class=\"elementor-section elementor-top-section elementor-element elementor-element-6d05ad2 elementor-section-boxed elementor-section-height-default elementor-section-height-default\" data-id=\"6d05ad2\" data-element_type=\"section\">\n\t\t\t\t\t\t<div class=\"elementor-container elementor-column-gap-default\">\n\t\t\t\t\t<div class=\"elementor-column elementor-col-100 elementor-top-column elementor-element elementor-element-530eac8\" data-id=\"530eac8\" data-element_type=\"column\">\n\t\t\t<div class=\"elementor-widget-wrap\">\n\t\t\t\t\t\t\t<\/div>\n\t\t<\/div>\n\t\t\t\t\t<\/div>\n\t\t<\/section>\n\t\t\t\t<\/div>\n\t\t","protected":false},"excerpt":{"rendered":"<p>Arte, cultura y paz El arte, la m\u00fasica y la cultura en general tienen un gran potencial transformador y sanador: las expresiones art\u00edsticas permiten crear espacios seguros para el di\u00e1logo y la escucha, para la gesti\u00f3n de las emociones y los traumas, y son una herramienta para mantener viva la memoria y las experiencias del [&hellip;]<\/p>\n","protected":false},"author":4,"featured_media":0,"parent":0,"menu_order":0,"comment_status":"closed","ping_status":"closed","template":"","meta":{"_acf_changed":false,"footnotes":""},"class_list":["post-56255","page","type-page","status-publish","hentry"],"acf":[],"yoast_head":"<!-- This site is optimized with the Yoast SEO plugin v25.6 - https:\/\/yoast.com\/wordpress\/plugins\/seo\/ -->\n<title>Arte, cultura y paz - ICIP<\/title>\n<meta name=\"description\" content=\"El ICIP impulsa la cultura de paz a trav\u00e9s del arte y la m\u00fasica, con alianzas que promueven el di\u00e1logo, la memoria y la transformaci\u00f3n social.\" \/>\n<meta name=\"robots\" content=\"index, follow, max-snippet:-1, max-image-preview:large, max-video-preview:-1\" \/>\n<link rel=\"canonical\" href=\"https:\/\/www.icip.cat\/ca\/art-cultura-i-pau\/\" \/>\n<meta property=\"og:locale\" content=\"es_ES\" \/>\n<meta property=\"og:type\" content=\"article\" \/>\n<meta property=\"og:title\" content=\"Arte, cultura y paz - ICIP\" \/>\n<meta property=\"og:description\" content=\"El ICIP impulsa la cultura de paz a trav\u00e9s del arte y la m\u00fasica, con alianzas que promueven el di\u00e1logo, la memoria y la transformaci\u00f3n social.\" \/>\n<meta property=\"og:url\" content=\"https:\/\/www.icip.cat\/ca\/art-cultura-i-pau\/\" \/>\n<meta property=\"og:site_name\" content=\"ICIP\" \/>\n<meta property=\"article:modified_time\" content=\"2026-02-24T08:48:12+00:00\" \/>\n<meta property=\"og:image\" content=\"https:\/\/www.icip.cat\/wp-content\/uploads\/2025\/08\/7F2A5937-scaled.jpg\" \/>\n\t<meta property=\"og:image:width\" content=\"2030\" \/>\n\t<meta property=\"og:image:height\" content=\"2560\" \/>\n\t<meta property=\"og:image:type\" content=\"image\/jpeg\" \/>\n<meta name=\"twitter:card\" content=\"summary_large_image\" \/>\n<meta name=\"twitter:label1\" content=\"Tiempo de lectura\" \/>\n\t<meta name=\"twitter:data1\" content=\"2 minutos\" \/>\n<script type=\"application\/ld+json\" class=\"yoast-schema-graph\">{\"@context\":\"https:\/\/schema.org\",\"@graph\":[{\"@type\":\"WebPage\",\"@id\":\"https:\/\/www.icip.cat\/ca\/art-cultura-i-pau\/\",\"url\":\"https:\/\/www.icip.cat\/ca\/art-cultura-i-pau\/\",\"name\":\"Arte, cultura y paz - ICIP\",\"isPartOf\":{\"@id\":\"https:\/\/www.icip.cat\/ca\/#website\"},\"primaryImageOfPage\":{\"@id\":\"https:\/\/www.icip.cat\/ca\/art-cultura-i-pau\/#primaryimage\"},\"image\":{\"@id\":\"https:\/\/www.icip.cat\/ca\/art-cultura-i-pau\/#primaryimage\"},\"thumbnailUrl\":\"https:\/\/www.icip.cat\/wp-content\/uploads\/2025\/08\/7F2A5937-812x1024.jpg\",\"datePublished\":\"2025-08-05T07:25:46+00:00\",\"dateModified\":\"2026-02-24T08:48:12+00:00\",\"description\":\"El ICIP impulsa la cultura de paz a trav\u00e9s del arte y la m\u00fasica, con alianzas que promueven el di\u00e1logo, la memoria y la transformaci\u00f3n social.\",\"inLanguage\":\"es\",\"potentialAction\":[{\"@type\":\"ReadAction\",\"target\":[\"https:\/\/www.icip.cat\/ca\/art-cultura-i-pau\/\"]}]},{\"@type\":\"ImageObject\",\"inLanguage\":\"es\",\"@id\":\"https:\/\/www.icip.cat\/ca\/art-cultura-i-pau\/#primaryimage\",\"url\":\"https:\/\/www.icip.cat\/wp-content\/uploads\/2025\/08\/7F2A5937-812x1024.jpg\",\"contentUrl\":\"https:\/\/www.icip.cat\/wp-content\/uploads\/2025\/08\/7F2A5937-812x1024.jpg\"},{\"@type\":\"WebSite\",\"@id\":\"https:\/\/www.icip.cat\/ca\/#website\",\"url\":\"https:\/\/www.icip.cat\/ca\/\",\"name\":\"ICIP\",\"description\":\"\",\"publisher\":{\"@id\":\"https:\/\/www.icip.cat\/ca\/#organization\"},\"potentialAction\":[{\"@type\":\"SearchAction\",\"target\":{\"@type\":\"EntryPoint\",\"urlTemplate\":\"https:\/\/www.icip.cat\/ca\/?s={search_term_string}\"},\"query-input\":{\"@type\":\"PropertyValueSpecification\",\"valueRequired\":true,\"valueName\":\"search_term_string\"}}],\"inLanguage\":\"es\"},{\"@type\":\"Organization\",\"@id\":\"https:\/\/www.icip.cat\/ca\/#organization\",\"name\":\"ICIP\",\"url\":\"https:\/\/www.icip.cat\/ca\/\",\"logo\":{\"@type\":\"ImageObject\",\"inLanguage\":\"es\",\"@id\":\"https:\/\/www.icip.cat\/ca\/#\/schema\/logo\/image\/\",\"url\":\"https:\/\/www.icip.cat\/wp-content\/uploads\/2021\/02\/logo-2.png\",\"contentUrl\":\"https:\/\/www.icip.cat\/wp-content\/uploads\/2021\/02\/logo-2.png\",\"width\":562,\"height\":391,\"caption\":\"ICIP\"},\"image\":{\"@id\":\"https:\/\/www.icip.cat\/ca\/#\/schema\/logo\/image\/\"}}]}<\/script>\n<!-- \/ Yoast SEO plugin. -->","yoast_head_json":{"title":"Arte, cultura y paz - ICIP","description":"El ICIP impulsa la cultura de paz a trav\u00e9s del arte y la m\u00fasica, con alianzas que promueven el di\u00e1logo, la memoria y la transformaci\u00f3n social.","robots":{"index":"index","follow":"follow","max-snippet":"max-snippet:-1","max-image-preview":"max-image-preview:large","max-video-preview":"max-video-preview:-1"},"canonical":"https:\/\/www.icip.cat\/ca\/art-cultura-i-pau\/","og_locale":"es_ES","og_type":"article","og_title":"Arte, cultura y paz - ICIP","og_description":"El ICIP impulsa la cultura de paz a trav\u00e9s del arte y la m\u00fasica, con alianzas que promueven el di\u00e1logo, la memoria y la transformaci\u00f3n social.","og_url":"https:\/\/www.icip.cat\/ca\/art-cultura-i-pau\/","og_site_name":"ICIP","article_modified_time":"2026-02-24T08:48:12+00:00","og_image":[{"width":2030,"height":2560,"url":"https:\/\/www.icip.cat\/wp-content\/uploads\/2025\/08\/7F2A5937-scaled.jpg","type":"image\/jpeg"}],"twitter_card":"summary_large_image","twitter_misc":{"Tiempo de lectura":"2 minutos"},"schema":{"@context":"https:\/\/schema.org","@graph":[{"@type":"WebPage","@id":"https:\/\/www.icip.cat\/ca\/art-cultura-i-pau\/","url":"https:\/\/www.icip.cat\/ca\/art-cultura-i-pau\/","name":"Arte, cultura y paz - ICIP","isPartOf":{"@id":"https:\/\/www.icip.cat\/ca\/#website"},"primaryImageOfPage":{"@id":"https:\/\/www.icip.cat\/ca\/art-cultura-i-pau\/#primaryimage"},"image":{"@id":"https:\/\/www.icip.cat\/ca\/art-cultura-i-pau\/#primaryimage"},"thumbnailUrl":"https:\/\/www.icip.cat\/wp-content\/uploads\/2025\/08\/7F2A5937-812x1024.jpg","datePublished":"2025-08-05T07:25:46+00:00","dateModified":"2026-02-24T08:48:12+00:00","description":"El ICIP impulsa la cultura de paz a trav\u00e9s del arte y la m\u00fasica, con alianzas que promueven el di\u00e1logo, la memoria y la transformaci\u00f3n social.","inLanguage":"es","potentialAction":[{"@type":"ReadAction","target":["https:\/\/www.icip.cat\/ca\/art-cultura-i-pau\/"]}]},{"@type":"ImageObject","inLanguage":"es","@id":"https:\/\/www.icip.cat\/ca\/art-cultura-i-pau\/#primaryimage","url":"https:\/\/www.icip.cat\/wp-content\/uploads\/2025\/08\/7F2A5937-812x1024.jpg","contentUrl":"https:\/\/www.icip.cat\/wp-content\/uploads\/2025\/08\/7F2A5937-812x1024.jpg"},{"@type":"WebSite","@id":"https:\/\/www.icip.cat\/ca\/#website","url":"https:\/\/www.icip.cat\/ca\/","name":"ICIP","description":"","publisher":{"@id":"https:\/\/www.icip.cat\/ca\/#organization"},"potentialAction":[{"@type":"SearchAction","target":{"@type":"EntryPoint","urlTemplate":"https:\/\/www.icip.cat\/ca\/?s={search_term_string}"},"query-input":{"@type":"PropertyValueSpecification","valueRequired":true,"valueName":"search_term_string"}}],"inLanguage":"es"},{"@type":"Organization","@id":"https:\/\/www.icip.cat\/ca\/#organization","name":"ICIP","url":"https:\/\/www.icip.cat\/ca\/","logo":{"@type":"ImageObject","inLanguage":"es","@id":"https:\/\/www.icip.cat\/ca\/#\/schema\/logo\/image\/","url":"https:\/\/www.icip.cat\/wp-content\/uploads\/2021\/02\/logo-2.png","contentUrl":"https:\/\/www.icip.cat\/wp-content\/uploads\/2021\/02\/logo-2.png","width":562,"height":391,"caption":"ICIP"},"image":{"@id":"https:\/\/www.icip.cat\/ca\/#\/schema\/logo\/image\/"}}]}},"_links":{"self":[{"href":"https:\/\/www.icip.cat\/es\/wp-json\/wp\/v2\/pages\/56255","targetHints":{"allow":["GET"]}}],"collection":[{"href":"https:\/\/www.icip.cat\/es\/wp-json\/wp\/v2\/pages"}],"about":[{"href":"https:\/\/www.icip.cat\/es\/wp-json\/wp\/v2\/types\/page"}],"author":[{"embeddable":true,"href":"https:\/\/www.icip.cat\/es\/wp-json\/wp\/v2\/users\/4"}],"replies":[{"embeddable":true,"href":"https:\/\/www.icip.cat\/es\/wp-json\/wp\/v2\/comments?post=56255"}],"version-history":[{"count":10,"href":"https:\/\/www.icip.cat\/es\/wp-json\/wp\/v2\/pages\/56255\/revisions"}],"predecessor-version":[{"id":61417,"href":"https:\/\/www.icip.cat\/es\/wp-json\/wp\/v2\/pages\/56255\/revisions\/61417"}],"wp:attachment":[{"href":"https:\/\/www.icip.cat\/es\/wp-json\/wp\/v2\/media?parent=56255"}],"curies":[{"name":"wp","href":"https:\/\/api.w.org\/{rel}","templated":true}]}}