{"id":56267,"date":"2025-08-05T07:32:49","date_gmt":"2025-08-05T07:32:49","guid":{"rendered":"https:\/\/www.icip.cat\/arte-cultura-y-paz\/jornades-i-activitats\/"},"modified":"2025-08-08T09:59:08","modified_gmt":"2025-08-08T09:59:08","slug":"jornadas-y-actividades","status":"publish","type":"page","link":"https:\/\/www.icip.cat\/es\/arte-cultura-y-paz\/jornadas-y-actividades\/","title":{"rendered":"Jornadas y actividades"},"content":{"rendered":"\t\t<div data-elementor-type=\"wp-page\" data-elementor-id=\"56267\" class=\"elementor elementor-56267 elementor-55907\" data-elementor-post-type=\"page\">\n\t\t\t\t\t\t<section class=\"elementor-section elementor-top-section elementor-element elementor-element-3922a8d elementor-section-boxed elementor-section-height-default elementor-section-height-default\" data-id=\"3922a8d\" data-element_type=\"section\" data-settings=\"{&quot;background_background&quot;:&quot;classic&quot;}\">\n\t\t\t\t\t\t\t<div class=\"elementor-background-overlay\"><\/div>\n\t\t\t\t\t\t\t<div class=\"elementor-container elementor-column-gap-default\">\n\t\t\t\t\t<div class=\"elementor-column elementor-col-100 elementor-top-column elementor-element elementor-element-fb57e60\" data-id=\"fb57e60\" data-element_type=\"column\">\n\t\t\t<div class=\"elementor-widget-wrap elementor-element-populated\">\n\t\t\t\t\t\t<div class=\"elementor-element elementor-element-371b91e elementor-widget elementor-widget-heading\" data-id=\"371b91e\" data-element_type=\"widget\" data-widget_type=\"heading.default\">\n\t\t\t\t<div class=\"elementor-widget-container\">\n\t\t\t\t\t<h1 class=\"elementor-heading-title elementor-size-default\">Jornadas y actividades<\/h1>\t\t\t\t<\/div>\n\t\t\t\t<\/div>\n\t\t\t\t\t<\/div>\n\t\t<\/div>\n\t\t\t\t\t<\/div>\n\t\t<\/section>\n\t\t\t\t<section class=\"elementor-section elementor-top-section elementor-element elementor-element-c29aa89 elementor-section-boxed elementor-section-height-default elementor-section-height-default\" data-id=\"c29aa89\" data-element_type=\"section\">\n\t\t\t\t\t\t<div class=\"elementor-container elementor-column-gap-default\">\n\t\t\t\t\t<div class=\"elementor-column elementor-col-100 elementor-top-column elementor-element elementor-element-a6ca735\" data-id=\"a6ca735\" data-element_type=\"column\">\n\t\t\t<div class=\"elementor-widget-wrap elementor-element-populated\">\n\t\t\t\t\t\t<div class=\"elementor-element elementor-element-9295e30 elementor-widget elementor-widget-text-editor\" data-id=\"9295e30\" data-element_type=\"widget\" data-widget_type=\"text-editor.default\">\n\t\t\t\t<div class=\"elementor-widget-container\">\n\t\t\t\t\t\t\t\t\t<p>El ICIP organiza peri\u00f3dicamente actividades que ponen en valor el potencial del arte y la cultura para la transformaci\u00f3n positiva de los conflictos.<\/p>\t\t\t\t\t\t\t\t<\/div>\n\t\t\t\t<\/div>\n\t\t\t\t\t<\/div>\n\t\t<\/div>\n\t\t\t\t\t<\/div>\n\t\t<\/section>\n\t\t\t\t<section class=\"elementor-section elementor-top-section elementor-element elementor-element-420b670 elementor-section-boxed elementor-section-height-default elementor-section-height-default\" data-id=\"420b670\" data-element_type=\"section\">\n\t\t\t\t\t\t<div class=\"elementor-container elementor-column-gap-default\">\n\t\t\t\t\t<div class=\"elementor-column elementor-col-100 elementor-top-column elementor-element elementor-element-dd77f10\" data-id=\"dd77f10\" data-element_type=\"column\">\n\t\t\t<div class=\"elementor-widget-wrap elementor-element-populated\">\n\t\t\t\t\t\t<div class=\"elementor-element elementor-element-4ab743d elementor-widget elementor-widget-icip-relatedlisting\" data-id=\"4ab743d\" data-element_type=\"widget\" data-widget_type=\"icip-relatedlisting.default\">\n\t\t\t\t<div class=\"elementor-widget-container\">\n\t\t\t\t\t<div class=\"block-related-listing\"  data-view-type=\"list\"><div class=\"list\"><article class=\"entry\"><a href=\"https:\/\/www.icip.cat\/es\/event\/jornada-practicas-artisticas-y-cultura-de-paz\/\" class=\"link icip_event\"><div class=\"icon\"><svg height='100px' width='100px'  fill=\"#000000\" xmlns=\"http:\/\/www.w3.org\/2000\/svg\" data-name=\"Layer 1\" viewBox=\"0 0 100 100\" x=\"0px\" y=\"0px\"><title>50<\/title><path d=\"M66.81836,26.66357V20.77881H61.33984v-6h5.47852V8a3,3,0,0,1,6,0V26.66357a3,3,0,1,1-6,0Zm-12.87891,3a2.99983,2.99983,0,0,0,3-3V8a3,3,0,0,0-6,0v6.77881H45.46v6h5.47949v5.88476A2.99984,2.99984,0,0,0,53.93945,29.66357Zm-15.8789,0a2.99984,2.99984,0,0,0,3-3V8a3,3,0,0,0-6,0v6.77881H29.58008v6h5.48047v5.88476A2.99983,2.99983,0,0,0,38.06055,29.66357ZM95,72A22.9849,22.9849,0,0,1,54.58643,87H14.84961A9.86143,9.86143,0,0,1,5,77.1499V24.64014a9.86643,9.86643,0,0,1,9.84961-9.86035h4.332V8a3,3,0,0,1,6,0V26.66357a3,3,0,0,1-6,0V20.77979h-4.332A3.85924,3.85924,0,0,0,11,24.64014V36.00342H81V24.63867a3.8696,3.8696,0,0,0-3.8125-3.85986l.06445-6A9.89016,9.89016,0,0,1,87,24.63867V54.5863A22.94994,22.94994,0,0,1,95,72ZM50.83557,81A22.99691,22.99691,0,0,1,81,50.83557V42.00342H11V77.1499A3.85392,3.85392,0,0,0,14.84961,81ZM89,72A17,17,0,1,0,72,89,17.019,17.019,0,0,0,89,72ZM70.03516,74.49463l-4.10059-4.1001-4.24219,4.24219L70.03516,82.98,86.11328,66.90234l-4.24219-4.24316Z\"><\/path><\/svg><\/div><div class=\"details\"><h2 class=\"title\">Jornada: Pr\u00e1cticas art\u00edsticas y cultura de paz<\/h2><\/div><\/a><\/article><article class=\"entry\"><a href=\"https:\/\/www.icip.cat\/es\/event\/dialegs-amb-musica-art-i-pau\/\" class=\"link icip_event\"><div class=\"icon\"><svg height='100px' width='100px'  fill=\"#000000\" xmlns=\"http:\/\/www.w3.org\/2000\/svg\" data-name=\"Layer 1\" viewBox=\"0 0 100 100\" x=\"0px\" y=\"0px\"><title>50<\/title><path d=\"M66.81836,26.66357V20.77881H61.33984v-6h5.47852V8a3,3,0,0,1,6,0V26.66357a3,3,0,1,1-6,0Zm-12.87891,3a2.99983,2.99983,0,0,0,3-3V8a3,3,0,0,0-6,0v6.77881H45.46v6h5.47949v5.88476A2.99984,2.99984,0,0,0,53.93945,29.66357Zm-15.8789,0a2.99984,2.99984,0,0,0,3-3V8a3,3,0,0,0-6,0v6.77881H29.58008v6h5.48047v5.88476A2.99983,2.99983,0,0,0,38.06055,29.66357ZM95,72A22.9849,22.9849,0,0,1,54.58643,87H14.84961A9.86143,9.86143,0,0,1,5,77.1499V24.64014a9.86643,9.86643,0,0,1,9.84961-9.86035h4.332V8a3,3,0,0,1,6,0V26.66357a3,3,0,0,1-6,0V20.77979h-4.332A3.85924,3.85924,0,0,0,11,24.64014V36.00342H81V24.63867a3.8696,3.8696,0,0,0-3.8125-3.85986l.06445-6A9.89016,9.89016,0,0,1,87,24.63867V54.5863A22.94994,22.94994,0,0,1,95,72ZM50.83557,81A22.99691,22.99691,0,0,1,81,50.83557V42.00342H11V77.1499A3.85392,3.85392,0,0,0,14.84961,81ZM89,72A17,17,0,1,0,72,89,17.019,17.019,0,0,0,89,72ZM70.03516,74.49463l-4.10059-4.1001-4.24219,4.24219L70.03516,82.98,86.11328,66.90234l-4.24219-4.24316Z\"><\/path><\/svg><\/div><div class=\"details\"><h2 class=\"title\">Di\u00e1logos con m\u00fasica: Arte y Paz<\/h2><\/div><\/a><\/article><article class=\"entry\"><a href=\"https:\/\/www.icip.cat\/es\/event\/drets-culturals-per-a-la-construccio-de-pau\/\" class=\"link icip_event\"><div class=\"icon\"><svg height='100px' width='100px'  fill=\"#000000\" xmlns=\"http:\/\/www.w3.org\/2000\/svg\" data-name=\"Layer 1\" viewBox=\"0 0 100 100\" x=\"0px\" y=\"0px\"><title>50<\/title><path d=\"M66.81836,26.66357V20.77881H61.33984v-6h5.47852V8a3,3,0,0,1,6,0V26.66357a3,3,0,1,1-6,0Zm-12.87891,3a2.99983,2.99983,0,0,0,3-3V8a3,3,0,0,0-6,0v6.77881H45.46v6h5.47949v5.88476A2.99984,2.99984,0,0,0,53.93945,29.66357Zm-15.8789,0a2.99984,2.99984,0,0,0,3-3V8a3,3,0,0,0-6,0v6.77881H29.58008v6h5.48047v5.88476A2.99983,2.99983,0,0,0,38.06055,29.66357ZM95,72A22.9849,22.9849,0,0,1,54.58643,87H14.84961A9.86143,9.86143,0,0,1,5,77.1499V24.64014a9.86643,9.86643,0,0,1,9.84961-9.86035h4.332V8a3,3,0,0,1,6,0V26.66357a3,3,0,0,1-6,0V20.77979h-4.332A3.85924,3.85924,0,0,0,11,24.64014V36.00342H81V24.63867a3.8696,3.8696,0,0,0-3.8125-3.85986l.06445-6A9.89016,9.89016,0,0,1,87,24.63867V54.5863A22.94994,22.94994,0,0,1,95,72ZM50.83557,81A22.99691,22.99691,0,0,1,81,50.83557V42.00342H11V77.1499A3.85392,3.85392,0,0,0,14.84961,81ZM89,72A17,17,0,1,0,72,89,17.019,17.019,0,0,0,89,72ZM70.03516,74.49463l-4.10059-4.1001-4.24219,4.24219L70.03516,82.98,86.11328,66.90234l-4.24219-4.24316Z\"><\/path><\/svg><\/div><div class=\"details\"><h2 class=\"title\">\u00abDerechos culturales para la construcci\u00f3n de paz\u00bb<\/h2><\/div><\/a><\/article><article class=\"entry\"><a href=\"https:\/\/www.icip.cat\/es\/event\/debate-cultura-y-conflicto\/\" class=\"link icip_event\"><div class=\"icon\"><svg height='100px' width='100px'  fill=\"#000000\" xmlns=\"http:\/\/www.w3.org\/2000\/svg\" data-name=\"Layer 1\" viewBox=\"0 0 100 100\" x=\"0px\" y=\"0px\"><title>50<\/title><path d=\"M66.81836,26.66357V20.77881H61.33984v-6h5.47852V8a3,3,0,0,1,6,0V26.66357a3,3,0,1,1-6,0Zm-12.87891,3a2.99983,2.99983,0,0,0,3-3V8a3,3,0,0,0-6,0v6.77881H45.46v6h5.47949v5.88476A2.99984,2.99984,0,0,0,53.93945,29.66357Zm-15.8789,0a2.99984,2.99984,0,0,0,3-3V8a3,3,0,0,0-6,0v6.77881H29.58008v6h5.48047v5.88476A2.99983,2.99983,0,0,0,38.06055,29.66357ZM95,72A22.9849,22.9849,0,0,1,54.58643,87H14.84961A9.86143,9.86143,0,0,1,5,77.1499V24.64014a9.86643,9.86643,0,0,1,9.84961-9.86035h4.332V8a3,3,0,0,1,6,0V26.66357a3,3,0,0,1-6,0V20.77979h-4.332A3.85924,3.85924,0,0,0,11,24.64014V36.00342H81V24.63867a3.8696,3.8696,0,0,0-3.8125-3.85986l.06445-6A9.89016,9.89016,0,0,1,87,24.63867V54.5863A22.94994,22.94994,0,0,1,95,72ZM50.83557,81A22.99691,22.99691,0,0,1,81,50.83557V42.00342H11V77.1499A3.85392,3.85392,0,0,0,14.84961,81ZM89,72A17,17,0,1,0,72,89,17.019,17.019,0,0,0,89,72ZM70.03516,74.49463l-4.10059-4.1001-4.24219,4.24219L70.03516,82.98,86.11328,66.90234l-4.24219-4.24316Z\"><\/path><\/svg><\/div><div class=\"details\"><h2 class=\"title\">Debate: \u00abCultura y conflicto\u00bb<\/h2><\/div><\/a><\/article><article class=\"entry\"><a href=\"https:\/\/www.icip.cat\/es\/event\/homenaje-a-la-escritora-ucraniana-victoria-amelina\/\" class=\"link icip_event\"><div class=\"icon\"><svg height='100px' width='100px'  fill=\"#000000\" xmlns=\"http:\/\/www.w3.org\/2000\/svg\" data-name=\"Layer 1\" viewBox=\"0 0 100 100\" x=\"0px\" y=\"0px\"><title>50<\/title><path d=\"M66.81836,26.66357V20.77881H61.33984v-6h5.47852V8a3,3,0,0,1,6,0V26.66357a3,3,0,1,1-6,0Zm-12.87891,3a2.99983,2.99983,0,0,0,3-3V8a3,3,0,0,0-6,0v6.77881H45.46v6h5.47949v5.88476A2.99984,2.99984,0,0,0,53.93945,29.66357Zm-15.8789,0a2.99984,2.99984,0,0,0,3-3V8a3,3,0,0,0-6,0v6.77881H29.58008v6h5.48047v5.88476A2.99983,2.99983,0,0,0,38.06055,29.66357ZM95,72A22.9849,22.9849,0,0,1,54.58643,87H14.84961A9.86143,9.86143,0,0,1,5,77.1499V24.64014a9.86643,9.86643,0,0,1,9.84961-9.86035h4.332V8a3,3,0,0,1,6,0V26.66357a3,3,0,0,1-6,0V20.77979h-4.332A3.85924,3.85924,0,0,0,11,24.64014V36.00342H81V24.63867a3.8696,3.8696,0,0,0-3.8125-3.85986l.06445-6A9.89016,9.89016,0,0,1,87,24.63867V54.5863A22.94994,22.94994,0,0,1,95,72ZM50.83557,81A22.99691,22.99691,0,0,1,81,50.83557V42.00342H11V77.1499A3.85392,3.85392,0,0,0,14.84961,81ZM89,72A17,17,0,1,0,72,89,17.019,17.019,0,0,0,89,72ZM70.03516,74.49463l-4.10059-4.1001-4.24219,4.24219L70.03516,82.98,86.11328,66.90234l-4.24219-4.24316Z\"><\/path><\/svg><\/div><div class=\"details\"><h2 class=\"title\">Homenaje a la escritora ucraniana Victoria Am\u00e9lina<\/h2><\/div><\/a><\/article><article class=\"entry\"><a href=\"https:\/\/www.icip.cat\/es\/event\/ressona-cicle-de-tallers-descolta-i-creacio-artistica\/\" class=\"link icip_event\"><div class=\"icon\"><svg height='100px' width='100px'  fill=\"#000000\" xmlns=\"http:\/\/www.w3.org\/2000\/svg\" data-name=\"Layer 1\" viewBox=\"0 0 100 100\" x=\"0px\" y=\"0px\"><title>50<\/title><path d=\"M66.81836,26.66357V20.77881H61.33984v-6h5.47852V8a3,3,0,0,1,6,0V26.66357a3,3,0,1,1-6,0Zm-12.87891,3a2.99983,2.99983,0,0,0,3-3V8a3,3,0,0,0-6,0v6.77881H45.46v6h5.47949v5.88476A2.99984,2.99984,0,0,0,53.93945,29.66357Zm-15.8789,0a2.99984,2.99984,0,0,0,3-3V8a3,3,0,0,0-6,0v6.77881H29.58008v6h5.48047v5.88476A2.99983,2.99983,0,0,0,38.06055,29.66357ZM95,72A22.9849,22.9849,0,0,1,54.58643,87H14.84961A9.86143,9.86143,0,0,1,5,77.1499V24.64014a9.86643,9.86643,0,0,1,9.84961-9.86035h4.332V8a3,3,0,0,1,6,0V26.66357a3,3,0,0,1-6,0V20.77979h-4.332A3.85924,3.85924,0,0,0,11,24.64014V36.00342H81V24.63867a3.8696,3.8696,0,0,0-3.8125-3.85986l.06445-6A9.89016,9.89016,0,0,1,87,24.63867V54.5863A22.94994,22.94994,0,0,1,95,72ZM50.83557,81A22.99691,22.99691,0,0,1,81,50.83557V42.00342H11V77.1499A3.85392,3.85392,0,0,0,14.84961,81ZM89,72A17,17,0,1,0,72,89,17.019,17.019,0,0,0,89,72ZM70.03516,74.49463l-4.10059-4.1001-4.24219,4.24219L70.03516,82.98,86.11328,66.90234l-4.24219-4.24316Z\"><\/path><\/svg><\/div><div class=\"details\"><h2 class=\"title\">Ressona: ciclo de talleres de escucha y creaci\u00f3n art\u00edstica<\/h2><\/div><\/a><\/article><\/div><\/div>\t\t\t\t<\/div>\n\t\t\t\t<\/div>\n\t\t\t\t<div class=\"elementor-element elementor-element-2e6c093 elementor-widget elementor-widget-spacer\" data-id=\"2e6c093\" data-element_type=\"widget\" data-widget_type=\"spacer.default\">\n\t\t\t\t<div class=\"elementor-widget-container\">\n\t\t\t\t\t\t\t<div class=\"elementor-spacer\">\n\t\t\t<div class=\"elementor-spacer-inner\"><\/div>\n\t\t<\/div>\n\t\t\t\t\t\t<\/div>\n\t\t\t\t<\/div>\n\t\t\t\t\t<\/div>\n\t\t<\/div>\n\t\t\t\t\t<\/div>\n\t\t<\/section>\n\t\t\t\t<\/div>\n\t\t","protected":false},"excerpt":{"rendered":"<p>Jornadas y actividades El ICIP organiza peri\u00f3dicamente actividades que ponen en valor el potencial del arte y la cultura para la transformaci\u00f3n positiva de los conflictos. 50 Jornada: Pr\u00e1cticas art\u00edsticas y cultura de paz 50 Di\u00e1logos con m\u00fasica: Arte y Paz 50 &#8220;Derechos culturales para la construcci\u00f3n de paz&#8221; 50 Debate: &#8220;Cultura y conflicto&#8221; 50 [&hellip;]<\/p>\n","protected":false},"author":4,"featured_media":0,"parent":56255,"menu_order":0,"comment_status":"closed","ping_status":"closed","template":"","meta":{"_acf_changed":false,"footnotes":""},"class_list":["post-56267","page","type-page","status-publish","hentry"],"acf":[],"yoast_head":"<!-- This site is optimized with the Yoast SEO plugin v25.6 - https:\/\/yoast.com\/wordpress\/plugins\/seo\/ -->\n<title>Jornadas y actividades - ICIP<\/title>\n<meta name=\"description\" content=\"Jornadas y actividades del ICIP que destacan el poder del arte y la cultura para transformar conflictos y fomentar una cultura de paz.\" \/>\n<meta name=\"robots\" content=\"index, follow, max-snippet:-1, max-image-preview:large, max-video-preview:-1\" \/>\n<link rel=\"canonical\" href=\"https:\/\/www.icip.cat\/ca\/art-cultura-i-pau\/jornades-i-activitats\/\" \/>\n<meta property=\"og:locale\" content=\"es_ES\" \/>\n<meta property=\"og:type\" content=\"article\" \/>\n<meta property=\"og:title\" content=\"Jornadas y actividades - ICIP\" \/>\n<meta property=\"og:description\" content=\"Jornadas y actividades del ICIP que destacan el poder del arte y la cultura para transformar conflictos y fomentar una cultura de paz.\" \/>\n<meta property=\"og:url\" content=\"https:\/\/www.icip.cat\/ca\/art-cultura-i-pau\/jornades-i-activitats\/\" \/>\n<meta property=\"og:site_name\" content=\"ICIP\" \/>\n<meta property=\"article:modified_time\" content=\"2025-08-08T09:59:08+00:00\" \/>\n<meta name=\"twitter:card\" content=\"summary_large_image\" \/>\n<meta name=\"twitter:label1\" content=\"Tiempo de lectura\" \/>\n\t<meta name=\"twitter:data1\" content=\"1 minuto\" \/>\n<script type=\"application\/ld+json\" class=\"yoast-schema-graph\">{\"@context\":\"https:\/\/schema.org\",\"@graph\":[{\"@type\":\"WebPage\",\"@id\":\"https:\/\/www.icip.cat\/ca\/art-cultura-i-pau\/jornades-i-activitats\/\",\"url\":\"https:\/\/www.icip.cat\/ca\/art-cultura-i-pau\/jornades-i-activitats\/\",\"name\":\"Jornadas y actividades - ICIP\",\"isPartOf\":{\"@id\":\"https:\/\/www.icip.cat\/ca\/#website\"},\"datePublished\":\"2025-08-05T07:32:49+00:00\",\"dateModified\":\"2025-08-08T09:59:08+00:00\",\"description\":\"Jornadas y actividades del ICIP que destacan el poder del arte y la cultura para transformar conflictos y fomentar una cultura de paz.\",\"breadcrumb\":{\"@id\":\"https:\/\/www.icip.cat\/ca\/art-cultura-i-pau\/jornades-i-activitats\/#breadcrumb\"},\"inLanguage\":\"es\",\"potentialAction\":[{\"@type\":\"ReadAction\",\"target\":[\"https:\/\/www.icip.cat\/ca\/art-cultura-i-pau\/jornades-i-activitats\/\"]}]},{\"@type\":\"BreadcrumbList\",\"@id\":\"https:\/\/www.icip.cat\/ca\/art-cultura-i-pau\/jornades-i-activitats\/#breadcrumb\",\"itemListElement\":[{\"@type\":\"ListItem\",\"position\":1,\"name\":\"Arte, cultura y paz\",\"item\":\"https:\/\/www.icip.cat\/ca\/art-cultura-i-pau\/\"},{\"@type\":\"ListItem\",\"position\":2,\"name\":\"Jornadas y actividades\"}]},{\"@type\":\"WebSite\",\"@id\":\"https:\/\/www.icip.cat\/ca\/#website\",\"url\":\"https:\/\/www.icip.cat\/ca\/\",\"name\":\"ICIP\",\"description\":\"\",\"publisher\":{\"@id\":\"https:\/\/www.icip.cat\/ca\/#organization\"},\"potentialAction\":[{\"@type\":\"SearchAction\",\"target\":{\"@type\":\"EntryPoint\",\"urlTemplate\":\"https:\/\/www.icip.cat\/ca\/?s={search_term_string}\"},\"query-input\":{\"@type\":\"PropertyValueSpecification\",\"valueRequired\":true,\"valueName\":\"search_term_string\"}}],\"inLanguage\":\"es\"},{\"@type\":\"Organization\",\"@id\":\"https:\/\/www.icip.cat\/ca\/#organization\",\"name\":\"ICIP\",\"url\":\"https:\/\/www.icip.cat\/ca\/\",\"logo\":{\"@type\":\"ImageObject\",\"inLanguage\":\"es\",\"@id\":\"https:\/\/www.icip.cat\/ca\/#\/schema\/logo\/image\/\",\"url\":\"https:\/\/www.icip.cat\/wp-content\/uploads\/2021\/02\/logo-2.png\",\"contentUrl\":\"https:\/\/www.icip.cat\/wp-content\/uploads\/2021\/02\/logo-2.png\",\"width\":562,\"height\":391,\"caption\":\"ICIP\"},\"image\":{\"@id\":\"https:\/\/www.icip.cat\/ca\/#\/schema\/logo\/image\/\"}}]}<\/script>\n<!-- \/ Yoast SEO plugin. -->","yoast_head_json":{"title":"Jornadas y actividades - ICIP","description":"Jornadas y actividades del ICIP que destacan el poder del arte y la cultura para transformar conflictos y fomentar una cultura de paz.","robots":{"index":"index","follow":"follow","max-snippet":"max-snippet:-1","max-image-preview":"max-image-preview:large","max-video-preview":"max-video-preview:-1"},"canonical":"https:\/\/www.icip.cat\/ca\/art-cultura-i-pau\/jornades-i-activitats\/","og_locale":"es_ES","og_type":"article","og_title":"Jornadas y actividades - ICIP","og_description":"Jornadas y actividades del ICIP que destacan el poder del arte y la cultura para transformar conflictos y fomentar una cultura de paz.","og_url":"https:\/\/www.icip.cat\/ca\/art-cultura-i-pau\/jornades-i-activitats\/","og_site_name":"ICIP","article_modified_time":"2025-08-08T09:59:08+00:00","twitter_card":"summary_large_image","twitter_misc":{"Tiempo de lectura":"1 minuto"},"schema":{"@context":"https:\/\/schema.org","@graph":[{"@type":"WebPage","@id":"https:\/\/www.icip.cat\/ca\/art-cultura-i-pau\/jornades-i-activitats\/","url":"https:\/\/www.icip.cat\/ca\/art-cultura-i-pau\/jornades-i-activitats\/","name":"Jornadas y actividades - ICIP","isPartOf":{"@id":"https:\/\/www.icip.cat\/ca\/#website"},"datePublished":"2025-08-05T07:32:49+00:00","dateModified":"2025-08-08T09:59:08+00:00","description":"Jornadas y actividades del ICIP que destacan el poder del arte y la cultura para transformar conflictos y fomentar una cultura de paz.","breadcrumb":{"@id":"https:\/\/www.icip.cat\/ca\/art-cultura-i-pau\/jornades-i-activitats\/#breadcrumb"},"inLanguage":"es","potentialAction":[{"@type":"ReadAction","target":["https:\/\/www.icip.cat\/ca\/art-cultura-i-pau\/jornades-i-activitats\/"]}]},{"@type":"BreadcrumbList","@id":"https:\/\/www.icip.cat\/ca\/art-cultura-i-pau\/jornades-i-activitats\/#breadcrumb","itemListElement":[{"@type":"ListItem","position":1,"name":"Arte, cultura y paz","item":"https:\/\/www.icip.cat\/ca\/art-cultura-i-pau\/"},{"@type":"ListItem","position":2,"name":"Jornadas y actividades"}]},{"@type":"WebSite","@id":"https:\/\/www.icip.cat\/ca\/#website","url":"https:\/\/www.icip.cat\/ca\/","name":"ICIP","description":"","publisher":{"@id":"https:\/\/www.icip.cat\/ca\/#organization"},"potentialAction":[{"@type":"SearchAction","target":{"@type":"EntryPoint","urlTemplate":"https:\/\/www.icip.cat\/ca\/?s={search_term_string}"},"query-input":{"@type":"PropertyValueSpecification","valueRequired":true,"valueName":"search_term_string"}}],"inLanguage":"es"},{"@type":"Organization","@id":"https:\/\/www.icip.cat\/ca\/#organization","name":"ICIP","url":"https:\/\/www.icip.cat\/ca\/","logo":{"@type":"ImageObject","inLanguage":"es","@id":"https:\/\/www.icip.cat\/ca\/#\/schema\/logo\/image\/","url":"https:\/\/www.icip.cat\/wp-content\/uploads\/2021\/02\/logo-2.png","contentUrl":"https:\/\/www.icip.cat\/wp-content\/uploads\/2021\/02\/logo-2.png","width":562,"height":391,"caption":"ICIP"},"image":{"@id":"https:\/\/www.icip.cat\/ca\/#\/schema\/logo\/image\/"}}]}},"_links":{"self":[{"href":"https:\/\/www.icip.cat\/es\/wp-json\/wp\/v2\/pages\/56267","targetHints":{"allow":["GET"]}}],"collection":[{"href":"https:\/\/www.icip.cat\/es\/wp-json\/wp\/v2\/pages"}],"about":[{"href":"https:\/\/www.icip.cat\/es\/wp-json\/wp\/v2\/types\/page"}],"author":[{"embeddable":true,"href":"https:\/\/www.icip.cat\/es\/wp-json\/wp\/v2\/users\/4"}],"replies":[{"embeddable":true,"href":"https:\/\/www.icip.cat\/es\/wp-json\/wp\/v2\/comments?post=56267"}],"version-history":[{"count":5,"href":"https:\/\/www.icip.cat\/es\/wp-json\/wp\/v2\/pages\/56267\/revisions"}],"predecessor-version":[{"id":56290,"href":"https:\/\/www.icip.cat\/es\/wp-json\/wp\/v2\/pages\/56267\/revisions\/56290"}],"up":[{"embeddable":true,"href":"https:\/\/www.icip.cat\/es\/wp-json\/wp\/v2\/pages\/56255"}],"wp:attachment":[{"href":"https:\/\/www.icip.cat\/es\/wp-json\/wp\/v2\/media?parent=56267"}],"curies":[{"name":"wp","href":"https:\/\/api.w.org\/{rel}","templated":true}]}}