{"id":56275,"date":"2025-08-05T07:40:52","date_gmt":"2025-08-05T07:40:52","guid":{"rendered":"https:\/\/www.icip.cat\/arte-cultura-y-paz\/exposicions\/"},"modified":"2026-02-24T08:52:51","modified_gmt":"2026-02-24T08:52:51","slug":"exposiciones","status":"publish","type":"page","link":"https:\/\/www.icip.cat\/es\/arte-cultura-y-paz\/exposiciones\/","title":{"rendered":"Exposiciones"},"content":{"rendered":"\t\t<div data-elementor-type=\"wp-page\" data-elementor-id=\"56275\" class=\"elementor elementor-56275 elementor-55918\" data-elementor-post-type=\"page\">\n\t\t\t\t\t\t<section class=\"elementor-section elementor-top-section elementor-element elementor-element-3922a8d elementor-section-boxed elementor-section-height-default elementor-section-height-default\" data-id=\"3922a8d\" data-element_type=\"section\" data-settings=\"{&quot;background_background&quot;:&quot;classic&quot;}\">\n\t\t\t\t\t\t\t<div class=\"elementor-background-overlay\"><\/div>\n\t\t\t\t\t\t\t<div class=\"elementor-container elementor-column-gap-default\">\n\t\t\t\t\t<div class=\"elementor-column elementor-col-100 elementor-top-column elementor-element elementor-element-fb57e60\" data-id=\"fb57e60\" data-element_type=\"column\">\n\t\t\t<div class=\"elementor-widget-wrap elementor-element-populated\">\n\t\t\t\t\t\t<div class=\"elementor-element elementor-element-371b91e elementor-widget elementor-widget-heading\" data-id=\"371b91e\" data-element_type=\"widget\" data-widget_type=\"heading.default\">\n\t\t\t\t<div class=\"elementor-widget-container\">\n\t\t\t\t\t<h1 class=\"elementor-heading-title elementor-size-default\">Exposiciones<\/h1>\t\t\t\t<\/div>\n\t\t\t\t<\/div>\n\t\t\t\t\t<\/div>\n\t\t<\/div>\n\t\t\t\t\t<\/div>\n\t\t<\/section>\n\t\t\t\t<section class=\"elementor-section elementor-top-section elementor-element elementor-element-c29aa89 elementor-section-boxed elementor-section-height-default elementor-section-height-default\" data-id=\"c29aa89\" data-element_type=\"section\">\n\t\t\t\t\t\t\t<div class=\"elementor-background-overlay\"><\/div>\n\t\t\t\t\t\t\t<div class=\"elementor-container elementor-column-gap-default\">\n\t\t\t\t\t<div class=\"elementor-column elementor-col-100 elementor-top-column elementor-element elementor-element-a6ca735\" data-id=\"a6ca735\" data-element_type=\"column\">\n\t\t\t<div class=\"elementor-widget-wrap elementor-element-populated\">\n\t\t\t\t\t\t<div class=\"elementor-element elementor-element-9295e30 elementor-widget elementor-widget-text-editor\" data-id=\"9295e30\" data-element_type=\"widget\" data-widget_type=\"text-editor.default\">\n\t\t\t\t<div class=\"elementor-widget-container\">\n\t\t\t\t\t\t\t\t\t<article class=\"text-token-text-primary w-full focus:outline-none [--shadow-height:45px] has-data-writing-block:pointer-events-none has-data-writing-block:-mt-(--shadow-height) has-data-writing-block:pt-(--shadow-height) [&amp;:has([data-writing-block])&gt;*]:pointer-events-auto scroll-mt-(--header-height)\" dir=\"auto\" tabindex=\"-1\" data-turn-id=\"b82fe80e-7be5-46ce-9dd1-3625caeeb09b\" data-testid=\"conversation-turn-3\" data-scroll-anchor=\"false\" data-turn=\"user\"><\/article><article class=\"text-token-text-primary w-full focus:outline-none [--shadow-height:45px] has-data-writing-block:pointer-events-none has-data-writing-block:-mt-(--shadow-height) has-data-writing-block:pt-(--shadow-height) [&amp;:has([data-writing-block])&gt;*]:pointer-events-auto scroll-mt-[calc(var(--header-height)+min(200px,max(70px,20svh)))]\" dir=\"auto\" tabindex=\"-1\" data-turn-id=\"request-WEB:1f9e375c-27d5-4abb-b109-ef920da7be2c-1\" data-testid=\"conversation-turn-4\" data-scroll-anchor=\"true\" data-turn=\"assistant\"><div class=\"text-base my-auto mx-auto pb-10 [--thread-content-margin:--spacing(4)] @w-sm\/main:[--thread-content-margin:--spacing(6)] @w-lg\/main:[--thread-content-margin:--spacing(16)] px-(--thread-content-margin)\"><div class=\"[--thread-content-max-width:40rem] @w-lg\/main:[--thread-content-max-width:48rem] mx-auto max-w-(--thread-content-max-width) flex-1 group\/turn-messages focus-visible:outline-hidden relative flex w-full min-w-0 flex-col agent-turn\" tabindex=\"-1\"><div class=\"flex max-w-full flex-col grow\"><div class=\"min-h-8 text-message relative flex w-full flex-col items-end gap-2 text-start break-words whitespace-normal [.text-message+&amp;]:mt-1\" dir=\"auto\" data-message-author-role=\"assistant\" data-message-id=\"c735c018-e6d2-4759-b856-9132ce46b9fd\" data-message-model-slug=\"gpt-5-2\"><div class=\"flex w-full flex-col gap-1 empty:hidden first:pt-[1px]\"><div class=\"markdown prose dark:prose-invert w-full wrap-break-word light markdown-new-styling\"><p data-start=\"0\" data-end=\"475\">Las exposiciones son una herramienta clave del ICIP para acercar los conflictos, las violencias y los procesos de construcci\u00f3n de paz a la ciudadan\u00eda, a trav\u00e9s del poder transformador del arte, la fotograf\u00eda, la reflexi\u00f3n cr\u00edtica y los testimonios personales. Desde su creaci\u00f3n, el ICIP ha producido diversas muestras que ofrecen miradas comprometidas sobre realidades distintas en todo el mundo, con el objetivo de sensibilizar, generar empat\u00eda y promover la cultura de paz.<\/p><p data-start=\"477\" data-end=\"879\">Desde las resistencias cotidianas en Centroam\u00e9rica hasta las fronteras visibles e invisibles de Europa, pasando por la fuerza creativa de las protestas en Estambul o el di\u00e1logo valiente de las mujeres en Palestina e Israel, las exposiciones del ICIP nos invitan a reflexionar sobre las causas y las consecuencias de la violencia, as\u00ed como sobre las m\u00faltiples formas de construir convivencia y justicia.<\/p><p data-start=\"881\" data-end=\"1309\" data-is-last-node=\"\" data-is-only-node=\"\">En esta l\u00ednea, el ICIP ha impulsado recientemente <em data-start=\"931\" data-end=\"993\">PolsXtrems. Tu gimnasio para entrenar el pensamiento cr\u00edtico<\/em>, una propuesta innovadora que pone el foco en la polarizaci\u00f3n, la desinformaci\u00f3n y los discursos de odio. A trav\u00e9s de una experiencia inmersiva y participativa, la exposici\u00f3n invita a entrenar la curiosidad, cuestionar los propios sesgos y reforzar las herramientas para convivir en sociedades diversas y complejas.<\/p><\/div><\/div><\/div><\/div><\/div><\/div><\/article>\t\t\t\t\t\t\t\t<\/div>\n\t\t\t\t<\/div>\n\t\t\t\t<div class=\"elementor-element elementor-element-9441d5c elementor-widget elementor-widget-heading\" data-id=\"9441d5c\" data-element_type=\"widget\" data-widget_type=\"heading.default\">\n\t\t\t\t<div class=\"elementor-widget-container\">\n\t\t\t\t\t<h2 class=\"elementor-heading-title elementor-size-default\">Exposiciones producidas<\/h2>\t\t\t\t<\/div>\n\t\t\t\t<\/div>\n\t\t\t\t<div class=\"elementor-element elementor-element-016912b elementor-widget-divider--view-line elementor-widget elementor-widget-divider\" data-id=\"016912b\" data-element_type=\"widget\" data-widget_type=\"divider.default\">\n\t\t\t\t<div class=\"elementor-widget-container\">\n\t\t\t\t\t\t\t<div class=\"elementor-divider\">\n\t\t\t<span class=\"elementor-divider-separator\">\n\t\t\t\t\t\t<\/span>\n\t\t<\/div>\n\t\t\t\t\t\t<\/div>\n\t\t\t\t<\/div>\n\t\t\t\t\t<\/div>\n\t\t<\/div>\n\t\t\t\t\t<\/div>\n\t\t<\/section>\n\t\t\t\t<section class=\"elementor-section elementor-top-section elementor-element elementor-element-4353b99 elementor-section-boxed elementor-section-height-default elementor-section-height-default\" data-id=\"4353b99\" data-element_type=\"section\">\n\t\t\t\t\t\t<div class=\"elementor-container elementor-column-gap-default\">\n\t\t\t\t\t<div class=\"elementor-column elementor-col-100 elementor-top-column elementor-element elementor-element-d6f132f\" data-id=\"d6f132f\" data-element_type=\"column\">\n\t\t\t<div class=\"elementor-widget-wrap elementor-element-populated\">\n\t\t\t\t\t\t<div class=\"elementor-element elementor-element-28ed5ff elementor-widget elementor-widget-icip-expositionlisting\" data-id=\"28ed5ff\" data-element_type=\"widget\" data-widget_type=\"icip-expositionlisting.default\">\n\t\t\t\t<div class=\"elementor-widget-container\">\n\t\t\t\t\t<div class=\"block-exposition-listing\"><div class=\"list\"><article class='entry'><a class='link' href='https:\/\/www.icip.cat\/es\/exposition\/polsxtrems-el-teu-gimnas-per-entrenar-el-pensament-critic\/'><div class='heading'><div class='image' style='background-image: url(https:\/\/www.icip.cat\/wp-content\/uploads\/2026\/02\/POLSXTREMS_BannerICIP_1920x700.jpg);'><\/div><h2 class=\"title\"><span>PolsXtrems: Tu gimnasio para entrenar el pensamiento cr\u00edtico<\/span><\/h2><\/div><div class='details'><p>Ad\u00e9ntrate en un circuito de entrenamiento para ejercitar el pensamiento cr\u00edtico, el di\u00e1logo y el respeto por la diferencia.<\/p><\/div><\/a><\/article><article class='entry'><a class='link' href='https:\/\/www.icip.cat\/es\/exposition\/cara-a-cara-con-las-violencias\/'><div class='heading'><div class='image' style='background-image: url(https:\/\/www.icip.cat\/wp-content\/uploads\/2021\/10\/expo4.jpg);'><\/div><h2 class=\"title\"><span>Cara a cara con las violencias. Relatos de resiliencia en Centroam\u00e9rica<\/span><\/h2><\/div><div class='details'><p>Un recorrido por las m\u00faltiples caras de les violencia en Centroam\u00e9rica y las luchas para hacerles frente, <\/p><\/div><\/a><\/article><article class='entry'><a class='link' href='https:\/\/www.icip.cat\/es\/exposition\/mon-tanca\/'><div class='heading'><div class='image' style='background-image: url(https:\/\/www.icip.cat\/wp-content\/uploads\/2021\/01\/montanca.jpg_1772601938.jpg);'><\/div><h2 class=\"title\"><span>M\u00f3n-tanca<\/span><\/h2><\/div><div class='details'><p>M\u00f3n-tanca (Mundo-valla) explora maneras de subvertir la l\u00f3gica de la separaci\u00f3n y la estigmatizaci\u00f3n<\/p><\/div><\/a><\/article><article class='entry'><a class='link' href='https:\/\/www.icip.cat\/es\/exposition\/living-on-the-edge\/'><div class='heading'><div class='image' style='background-image: url(https:\/\/www.icip.cat\/wp-content\/uploads\/2021\/01\/Mitrovica.jpg_624417352.jpg);'><\/div><h2 class=\"title\"><span>Living on the Edge<\/span><\/h2><\/div><div class='details'><p>Proyecto fotoperiod\u00edstico sobre conflictos y reconciliaci\u00f3n en ciudades divididas de Europa.<\/p><\/div><\/a><\/article><article class='entry'><a class='link' href='https:\/\/www.icip.cat\/es\/exposition\/efectegezi\/'><div class='heading'><div class='image' style='background-image: url(https:\/\/www.icip.cat\/wp-content\/uploads\/2021\/01\/expoEfecteGEZI.jpg_1690408569.jpg);'><\/div><h2 class=\"title\"><span>#efecteGEZI. El poder transformador del arte<\/span><\/h2><\/div><div class='details'><p>Muestra el poder de la imaginaci\u00f3n colectiva cuando se pone al servicio de la transformaci\u00f3n social noviolenta.<\/p><\/div><\/a><\/article><article class='entry'><a class='link' href='https:\/\/www.icip.cat\/es\/exposition\/paraules-descalces-dones-fent-pau\/'><div class='heading'><div class='image' style='background-image: url(https:\/\/www.icip.cat\/wp-content\/uploads\/2021\/01\/paraules.jpg_1924831084.jpg);'><\/div><h2 class=\"title\"><span>Paraules descalces. Dones fent Pau.<\/span><\/h2><\/div><div class='details'><p>Fotograf\u00edas de trece mujeres comprometidas con la paz y los derechos humanos en Israel y Palestina<\/p><\/div><\/a><\/article><\/div><\/div>\t\t\t\t<\/div>\n\t\t\t\t<\/div>\n\t\t\t\t\t<\/div>\n\t\t<\/div>\n\t\t\t\t\t<\/div>\n\t\t<\/section>\n\t\t\t\t<\/div>\n\t\t","protected":false},"excerpt":{"rendered":"<p>Exposiciones Las exposiciones son una herramienta clave del ICIP para acercar los conflictos, las violencias y los procesos de construcci\u00f3n de paz a la ciudadan\u00eda, a trav\u00e9s del poder transformador del arte, la fotograf\u00eda, la reflexi\u00f3n cr\u00edtica y los testimonios personales. Desde su creaci\u00f3n, el ICIP ha producido diversas muestras que ofrecen miradas comprometidas sobre [&hellip;]<\/p>\n","protected":false},"author":4,"featured_media":0,"parent":56255,"menu_order":0,"comment_status":"closed","ping_status":"closed","template":"","meta":{"_acf_changed":false,"footnotes":""},"class_list":["post-56275","page","type-page","status-publish","hentry"],"acf":[],"yoast_head":"<!-- This site is optimized with the Yoast SEO plugin v25.6 - https:\/\/yoast.com\/wordpress\/plugins\/seo\/ -->\n<title>Exposiciones - ICIP<\/title>\n<meta name=\"description\" content=\"Las exposiciones del ICIP visibilizan la violencia y la resistencia a trav\u00e9s del arte y la memoria, para promover la paz desde miradas plurales.\" \/>\n<meta name=\"robots\" content=\"index, follow, max-snippet:-1, max-image-preview:large, max-video-preview:-1\" \/>\n<link rel=\"canonical\" href=\"https:\/\/www.icip.cat\/ca\/art-cultura-i-pau\/exposicions\/\" \/>\n<meta property=\"og:locale\" content=\"es_ES\" \/>\n<meta property=\"og:type\" content=\"article\" \/>\n<meta property=\"og:title\" content=\"Exposiciones - ICIP\" \/>\n<meta property=\"og:description\" content=\"Las exposiciones del ICIP visibilizan la violencia y la resistencia a trav\u00e9s del arte y la memoria, para promover la paz desde miradas plurales.\" \/>\n<meta property=\"og:url\" content=\"https:\/\/www.icip.cat\/ca\/art-cultura-i-pau\/exposicions\/\" \/>\n<meta property=\"og:site_name\" content=\"ICIP\" \/>\n<meta property=\"article:modified_time\" content=\"2026-02-24T08:52:51+00:00\" \/>\n<meta name=\"twitter:card\" content=\"summary_large_image\" \/>\n<meta name=\"twitter:label1\" content=\"Tiempo de lectura\" \/>\n\t<meta name=\"twitter:data1\" content=\"2 minutos\" \/>\n<script type=\"application\/ld+json\" class=\"yoast-schema-graph\">{\"@context\":\"https:\/\/schema.org\",\"@graph\":[{\"@type\":\"WebPage\",\"@id\":\"https:\/\/www.icip.cat\/ca\/art-cultura-i-pau\/exposicions\/\",\"url\":\"https:\/\/www.icip.cat\/ca\/art-cultura-i-pau\/exposicions\/\",\"name\":\"Exposiciones - ICIP\",\"isPartOf\":{\"@id\":\"https:\/\/www.icip.cat\/ca\/#website\"},\"datePublished\":\"2025-08-05T07:40:52+00:00\",\"dateModified\":\"2026-02-24T08:52:51+00:00\",\"description\":\"Las exposiciones del ICIP visibilizan la violencia y la resistencia a trav\u00e9s del arte y la memoria, para promover la paz desde miradas plurales.\",\"breadcrumb\":{\"@id\":\"https:\/\/www.icip.cat\/ca\/art-cultura-i-pau\/exposicions\/#breadcrumb\"},\"inLanguage\":\"es\",\"potentialAction\":[{\"@type\":\"ReadAction\",\"target\":[\"https:\/\/www.icip.cat\/ca\/art-cultura-i-pau\/exposicions\/\"]}]},{\"@type\":\"BreadcrumbList\",\"@id\":\"https:\/\/www.icip.cat\/ca\/art-cultura-i-pau\/exposicions\/#breadcrumb\",\"itemListElement\":[{\"@type\":\"ListItem\",\"position\":1,\"name\":\"Arte, cultura y paz\",\"item\":\"https:\/\/www.icip.cat\/ca\/art-cultura-i-pau\/\"},{\"@type\":\"ListItem\",\"position\":2,\"name\":\"Exposiciones\"}]},{\"@type\":\"WebSite\",\"@id\":\"https:\/\/www.icip.cat\/ca\/#website\",\"url\":\"https:\/\/www.icip.cat\/ca\/\",\"name\":\"ICIP\",\"description\":\"\",\"publisher\":{\"@id\":\"https:\/\/www.icip.cat\/ca\/#organization\"},\"potentialAction\":[{\"@type\":\"SearchAction\",\"target\":{\"@type\":\"EntryPoint\",\"urlTemplate\":\"https:\/\/www.icip.cat\/ca\/?s={search_term_string}\"},\"query-input\":{\"@type\":\"PropertyValueSpecification\",\"valueRequired\":true,\"valueName\":\"search_term_string\"}}],\"inLanguage\":\"es\"},{\"@type\":\"Organization\",\"@id\":\"https:\/\/www.icip.cat\/ca\/#organization\",\"name\":\"ICIP\",\"url\":\"https:\/\/www.icip.cat\/ca\/\",\"logo\":{\"@type\":\"ImageObject\",\"inLanguage\":\"es\",\"@id\":\"https:\/\/www.icip.cat\/ca\/#\/schema\/logo\/image\/\",\"url\":\"https:\/\/www.icip.cat\/wp-content\/uploads\/2021\/02\/logo-2.png\",\"contentUrl\":\"https:\/\/www.icip.cat\/wp-content\/uploads\/2021\/02\/logo-2.png\",\"width\":562,\"height\":391,\"caption\":\"ICIP\"},\"image\":{\"@id\":\"https:\/\/www.icip.cat\/ca\/#\/schema\/logo\/image\/\"}}]}<\/script>\n<!-- \/ Yoast SEO plugin. -->","yoast_head_json":{"title":"Exposiciones - ICIP","description":"Las exposiciones del ICIP visibilizan la violencia y la resistencia a trav\u00e9s del arte y la memoria, para promover la paz desde miradas plurales.","robots":{"index":"index","follow":"follow","max-snippet":"max-snippet:-1","max-image-preview":"max-image-preview:large","max-video-preview":"max-video-preview:-1"},"canonical":"https:\/\/www.icip.cat\/ca\/art-cultura-i-pau\/exposicions\/","og_locale":"es_ES","og_type":"article","og_title":"Exposiciones - ICIP","og_description":"Las exposiciones del ICIP visibilizan la violencia y la resistencia a trav\u00e9s del arte y la memoria, para promover la paz desde miradas plurales.","og_url":"https:\/\/www.icip.cat\/ca\/art-cultura-i-pau\/exposicions\/","og_site_name":"ICIP","article_modified_time":"2026-02-24T08:52:51+00:00","twitter_card":"summary_large_image","twitter_misc":{"Tiempo de lectura":"2 minutos"},"schema":{"@context":"https:\/\/schema.org","@graph":[{"@type":"WebPage","@id":"https:\/\/www.icip.cat\/ca\/art-cultura-i-pau\/exposicions\/","url":"https:\/\/www.icip.cat\/ca\/art-cultura-i-pau\/exposicions\/","name":"Exposiciones - ICIP","isPartOf":{"@id":"https:\/\/www.icip.cat\/ca\/#website"},"datePublished":"2025-08-05T07:40:52+00:00","dateModified":"2026-02-24T08:52:51+00:00","description":"Las exposiciones del ICIP visibilizan la violencia y la resistencia a trav\u00e9s del arte y la memoria, para promover la paz desde miradas plurales.","breadcrumb":{"@id":"https:\/\/www.icip.cat\/ca\/art-cultura-i-pau\/exposicions\/#breadcrumb"},"inLanguage":"es","potentialAction":[{"@type":"ReadAction","target":["https:\/\/www.icip.cat\/ca\/art-cultura-i-pau\/exposicions\/"]}]},{"@type":"BreadcrumbList","@id":"https:\/\/www.icip.cat\/ca\/art-cultura-i-pau\/exposicions\/#breadcrumb","itemListElement":[{"@type":"ListItem","position":1,"name":"Arte, cultura y paz","item":"https:\/\/www.icip.cat\/ca\/art-cultura-i-pau\/"},{"@type":"ListItem","position":2,"name":"Exposiciones"}]},{"@type":"WebSite","@id":"https:\/\/www.icip.cat\/ca\/#website","url":"https:\/\/www.icip.cat\/ca\/","name":"ICIP","description":"","publisher":{"@id":"https:\/\/www.icip.cat\/ca\/#organization"},"potentialAction":[{"@type":"SearchAction","target":{"@type":"EntryPoint","urlTemplate":"https:\/\/www.icip.cat\/ca\/?s={search_term_string}"},"query-input":{"@type":"PropertyValueSpecification","valueRequired":true,"valueName":"search_term_string"}}],"inLanguage":"es"},{"@type":"Organization","@id":"https:\/\/www.icip.cat\/ca\/#organization","name":"ICIP","url":"https:\/\/www.icip.cat\/ca\/","logo":{"@type":"ImageObject","inLanguage":"es","@id":"https:\/\/www.icip.cat\/ca\/#\/schema\/logo\/image\/","url":"https:\/\/www.icip.cat\/wp-content\/uploads\/2021\/02\/logo-2.png","contentUrl":"https:\/\/www.icip.cat\/wp-content\/uploads\/2021\/02\/logo-2.png","width":562,"height":391,"caption":"ICIP"},"image":{"@id":"https:\/\/www.icip.cat\/ca\/#\/schema\/logo\/image\/"}}]}},"_links":{"self":[{"href":"https:\/\/www.icip.cat\/es\/wp-json\/wp\/v2\/pages\/56275","targetHints":{"allow":["GET"]}}],"collection":[{"href":"https:\/\/www.icip.cat\/es\/wp-json\/wp\/v2\/pages"}],"about":[{"href":"https:\/\/www.icip.cat\/es\/wp-json\/wp\/v2\/types\/page"}],"author":[{"embeddable":true,"href":"https:\/\/www.icip.cat\/es\/wp-json\/wp\/v2\/users\/4"}],"replies":[{"embeddable":true,"href":"https:\/\/www.icip.cat\/es\/wp-json\/wp\/v2\/comments?post=56275"}],"version-history":[{"count":8,"href":"https:\/\/www.icip.cat\/es\/wp-json\/wp\/v2\/pages\/56275\/revisions"}],"predecessor-version":[{"id":61427,"href":"https:\/\/www.icip.cat\/es\/wp-json\/wp\/v2\/pages\/56275\/revisions\/61427"}],"up":[{"embeddable":true,"href":"https:\/\/www.icip.cat\/es\/wp-json\/wp\/v2\/pages\/56255"}],"wp:attachment":[{"href":"https:\/\/www.icip.cat\/es\/wp-json\/wp\/v2\/media?parent=56275"}],"curies":[{"name":"wp","href":"https:\/\/api.w.org\/{rel}","templated":true}]}}